{"id":12836,"date":"2024-05-10T07:00:55","date_gmt":"2024-05-10T07:00:55","guid":{"rendered":"https:\/\/hfoods.vn\/?page_id=12836"},"modified":"2024-05-12T06:49:26","modified_gmt":"2024-05-12T06:49:26","slug":"ket-noi-nong-san-viet-nam-italy","status":"publish","type":"page","link":"https:\/\/hfoods.vn\/vi\/ket-noi-nong-san-viet-nam-italy\/","title":{"rendered":"K\u1ebft n\u1ed1i n\u00f4ng s\u1ea3n Vi\u1ec7t Nam &#8211; Italy"},"content":{"rendered":"<p class=\"sapo\" style=\"text-align: justify;\"><strong>Trong ca\u0301c nga\u0300y 8-10\/5, \u0110\u1ea1i s\u1ee9 qu\u00e1n Vi\u1ec7t Nam t\u1ea1i Italy \u0111\u00e3 tham gia H\u1ed9i ch\u1ee3 n\u00f4ng s\u1ea3n Macfrut l\u00e2\u0300n th\u01b0\u0301 41 ta\u0323i Tha\u0300nh ph\u00f4\u0301 Rimini thu\u00f4\u0323c v\u00f9ng Emilia-Romagna v\u1edbi gian h\u00e0ng mang ch\u1ee7 \u0111\u1ec1 \u201cV\u01b0\u1eddn c\u00e2y tr\u00e1i Vi\u1ec7t Nam cu\u0300ng ca\u0301c loa\u0323i gia vi\u0323 va\u0300 th\u1ea3o d\u01b0\u01a1\u0323c ph\u01b0\u01a1ng \u0110\u00f4ng\u201d.\u00a0<\/strong><\/p>\n<figure id=\"attachment_12831\" aria-describedby=\"caption-attachment-12831\" style=\"width: 665px\" class=\"wp-caption aligncenter\"><img loading=\"lazy\" decoding=\"async\" class=\"wp-image-12831 size-full\" src=\"https:\/\/hfoods.vn\/wp-content\/uploads\/2024\/05\/nong-san-viet-nam-italy-1052024a.jpg\" alt=\"\" width=\"665\" height=\"499\" \/><figcaption id=\"caption-attachment-12831\" class=\"wp-caption-text\">\u0110\u1ea1i s\u1ee9 D\u01b0\u01a1ng H\u1ea3i H\u01b0ng, Pho\u0301 Chu\u0309 ti\u0323ch UBND ti\u0309nh La\u0323ng S\u01a1n \u0110oa\u0300n Thanh S\u01a1n trao \u0111\u1ed5i v\u1edbi Ch\u1ee7 t\u1ecbch H\u1ed9i ch\u1ee3 Macfrut Renzo Piraccini.<\/figcaption><\/figure>\n<p style=\"text-align: justify;\">Theo ph\u00f3ng vi\u00ean TTXVN t\u1ea1i Italy, l\u00ea\u0303 khai tr\u01b0\u01a1ng gian ha\u0300ng Vi\u00ea\u0323t Nam \u0111a\u0303 \u0111\u01b0\u01a1\u0323c t\u00f4\u0309 ch\u01b0\u0301c v\u01a1\u0301i s\u01b0\u0323 chu\u0309 tri\u0300 cu\u0309a \u0110a\u0323i s\u01b0\u0301 Vi\u1ec7t Nam t\u1ea1i Italy D\u01b0\u01a1ng Ha\u0309i H\u01b0ng cu\u0300ng s\u01b0\u0323 tham gia cu\u0309a Pho\u0301 Chu\u0309 ti\u0323ch ti\u0309nh La\u0323ng S\u01a1n, \u00f4ng \u0110oa\u0300n Thanh S\u01a1n va\u0300 la\u0303nh \u0111a\u0323o C\u00f4ng ty TNHH Ch\u1ebf bi\u1ebfn n\u00f4ng s\u1ea3n Sao Mai. \u0110\u1ea1i di\u1ec7n Italy tham gia s\u1ef1 ki\u1ec7n co\u0301 Th\u1ee7 hi\u1ebfn Rimini ba\u0300 Rosa Maria Padovano; Ph\u00f3 Ch\u1ee7 t\u1ecbch t\u1ec9nh Rimini ba\u0300 Daniela De Leonardi; va\u0300 \u0111\u1ea1i di\u1ec7n B\u1ed9 N\u00f4ng nghi\u1ec7p Italy \u00f4ng Renzo Armuzzi. Ngoa\u0300i ra, co\u0300n co\u0301 \u0111a\u0323i di\u00ea\u0323n ca\u0301c hi\u00ea\u0323p h\u00f4\u0323i quan tro\u0323ng nh\u01b0 Li\u00ean \u0111oa\u0300n gi\u01a1\u0301i chu\u0309 n\u00f4ng nghi\u00ea\u0323p qu\u00f4\u0301c gia (Confagricoltura Italia); Chu\u0309 ti\u0323ch Li\u00ean \u0111oa\u0300n gi\u01a1\u0301i chu\u0309 n\u00f4ng nghi\u00ea\u0323p cu\u0309a Romagna \u00f4ng Carlo Carli, Chu\u0309 ti\u0323ch Ph\u00f2ng Th\u01b0\u01a1ng m\u1ea1i Romagna \u00f4ng Carlo Battistini, Ph\u00f3 Ch\u1ee7 t\u1ecbch Li\u00ean \u0111oa\u0300n gi\u01a1\u0301i chu\u0309 Forli &#8211; Cesena &#8211; Romagna ba\u0300 Magali\u2019 Prati va\u0300 \u0111a\u0323i di\u1ec7n nhi\u00ea\u0300u doanh nghi\u00ea\u0323p Italy kha\u0301c.<\/p>\n<p style=\"text-align: justify;\">Ta\u0323i phi\u00ean l\u00e0m vi\u1ec7c k\u1ebft n\u1ed1i n\u00f4ng s\u1ea3n Vi\u1ec7t Nam-Italy \u0111\u01b0\u1ee3c t\u1ed5 ch\u1ee9c sau l\u1ec5 khai tr\u01b0\u01a1ng gian h\u00e0ng, \u0111\u1ea1i di\u1ec7n c\u00e1c c\u01a1 quan trung \u01b0\u01a1ng v\u00e0 \u0111\u1ecba ph\u01b0\u01a1ng Italy c\u00f9ng c\u00e1c doanh nghi\u1ec7p \u0111\u00e3 \u0111\u00e1nh gi\u00e1 cao s\u1ef1 ph\u00e1t tri\u1ec3n kinh t\u1ebf x\u00e3 h\u1ed9i v\u01b0\u1ee3t b\u1eadc c\u1ee7a Vi\u1ec7t Nam, trong \u0111\u00f3 c\u00f3 ng\u00e0nh n\u00f4ng nghi\u1ec7p.<\/p>\n<p style=\"text-align: justify;\">La\u0303nh \u0111a\u0323o chi\u0301nh quy\u00ea\u0300n ti\u0309nh Rimini hoan ngh\u00eanh s\u01b0\u0323 hi\u1ec7n di\u1ec7n cu\u0309a ca\u0301c \u0111oa\u0300n \u0111i\u0323a ph\u01b0\u01a1ng va\u0300 doanh nghi\u00ea\u0323p cu\u0309a Vi\u00ea\u0323t Nam, mong mu\u00f4\u0301n di\u0323p na\u0300y se\u0303 ta\u0323o cho ca\u0301c \u0111i\u0323a ph\u01b0\u01a1ng va\u0300 doanh nghi\u00ea\u0323p hai b\u00ean c\u01a1 h\u00f4\u0323i giao l\u01b0u va\u0300 tha\u0309o lu\u00e2\u0323n v\u00ea\u0300 ti\u00ea\u0300m n\u0103ng h\u01a1\u0323p ta\u0301c n\u00f4ng nghi\u00ea\u0323p tr\u00ean c\u01a1 s\u01a1\u0309 ca\u0301c v\u0103n ba\u0309n h\u01a1\u0323p ta\u0301c n\u00f4ng nghi\u00ea\u0323p ma\u0300 hai n\u01b0\u01a1\u0301c \u0111a\u0303 ky\u0301 k\u00ea\u0301t trong th\u01a1\u0300i gian qua cu\u0303ng nh\u01b0 d\u01b0\u0323a va\u0300o th\u00ea\u0301 ma\u0323nh v\u00ea\u0300 n\u00f4ng nghi\u00ea\u0323p c\u00f4ng ngh\u00ea\u0323 cao cu\u0309a Vu\u0300ng Emilia-Romagna va\u0300 ti\u0309nh Rimini no\u0301i ri\u00eang.<\/p>\n<figure id=\"attachment_12829\" aria-describedby=\"caption-attachment-12829\" style=\"width: 665px\" class=\"wp-caption aligncenter\"><img loading=\"lazy\" decoding=\"async\" class=\"wp-image-12829 size-full\" src=\"https:\/\/hfoods.vn\/wp-content\/uploads\/2024\/05\/nong-san-viet-nam-italy-1052024a1.jpg\" alt=\"\" width=\"665\" height=\"499\" \/><figcaption id=\"caption-attachment-12829\" class=\"wp-caption-text\">\u0110\u1ea1i s\u1ee9 D\u01b0\u01a1ng H\u1ea3i H\u01b0ng gi\u1edbi thi\u1ec7u n\u00f4ng s\u1ea3n Vi\u1ec7t Nam v\u1edbi Th\u1ee7 hi\u1ebfn Rimini Rosa Maria Padovano.<\/figcaption><\/figure>\n<p style=\"text-align: justify;\">\u0110\u01b0\u01a1\u0323c gi\u01a1\u0301i thi\u00ea\u0323u va\u0300 n\u00ea\u0301m th\u01b0\u0309 ca\u0301c loa\u0323i tra\u0301i c\u00e2y nhi\u00ea\u0323t \u0111\u01a1\u0301i \u0111\u00f4\u0323c \u0111a\u0301o t\u01b0\u0300 Vi\u00ea\u0323t Nam, \u0111\u1ea1i di\u1ec7n Li\u00ean \u0111o\u00e0n gi\u1edbi ch\u1ee7 n\u00f4ng nghi\u1ec7p Italy ba\u0300y to\u0309 mong mu\u00f4\u0301n ca\u0301c doanh nghi\u00ea\u0323p hai n\u01b0\u01a1\u0301c th\u01a1\u0300i gian t\u01a1\u0301i se\u0303 t\u0103ng c\u01b0\u01a1\u0300ng xu\u00e2\u0301t nh\u00e2\u0323p kh\u00e2\u0309u ca\u0301c m\u0103\u0323t ha\u0300ng na\u0300y t\u01b0\u0300 Vi\u00ea\u0323t Nam \u0111\u00ea\u0301n thi\u0323 tr\u01b0\u01a1\u0300ng Italy, nh\u00e2\u0301t la\u0300 ca\u0301c loa\u0323i tra\u0301i c\u00e2y Italy kh\u00f4ng tr\u1ed3ng \u0111\u01b0\u1ee3c nh\u01b0 thanh long, ch\u00f4m ch\u00f4m, chanh leo, m\u0103ng cu\u0323t\u2026<\/p>\n<p style=\"text-align: justify;\">\u00d4ng Renzo Armuzzi, \u0111a\u0323i di\u00ea\u0323n B\u1ed9 N\u00f4ng nghi\u1ec7p Italy, mong mu\u00f4\u0301n m\u01a1\u0300i ca\u0301c b\u00f4\u0323 nga\u0300nh va\u0300 doanh nghi\u00ea\u0323p Vi\u00ea\u0323t Nam \u0111\u00ea\u0301n th\u0103m ca\u0301c m\u00f4 hi\u0300nh n\u00f4ng nghi\u00ea\u0323p c\u00f4ng ngh\u00ea\u0323 cao cu\u0309a vu\u0300ng Emilia-Romagna \u0111\u00ea\u0309 trao \u0111\u00f4\u0309i ca\u0301c kha\u0309 n\u0103ng h\u01a1\u0323p ta\u0301c trong li\u0303nh v\u01b0\u0323c ch\u00ea\u0301 bi\u00ea\u0301n, l\u01b0u tr\u01b0\u0303 va\u0300 v\u00e2\u0323n chuy\u00ea\u0309n n\u00f4ng sa\u0309n. \u00a0Tham quan gian ha\u0300ng, Ch\u1ee7 t\u1ecbch Macfrut Renzo Piraccini hoan ngh\u00eanh s\u01b0\u0323 tham gia li\u00ean tu\u0323c cu\u0309a Vi\u00ea\u0323t Nam ta\u0323i h\u00f4\u0323i ch\u01a1\u0323 va\u0300 ba\u0300y to\u0309 s\u0103\u0303n sa\u0300ng h\u00f4\u0303 tr\u01a1\u0323 va\u0300 h\u01a1\u0323p ta\u0301c \u0111\u00ea\u0309 ca\u0301c \u0111i\u0323a ph\u01b0\u01a1ng va\u0300 doanh nghi\u00ea\u0323p hai b\u00ean co\u0301 nhi\u00ea\u0300u c\u01a1 h\u00f4\u0323i k\u00ea\u0301t n\u00f4\u0301i va\u0300 ti\u0300m ki\u00ea\u0301m ca\u0301c c\u01a1 h\u00f4\u0323i kinh doanh, h\u01a1\u0323p ta\u0301c chung.<\/p>\n<p style=\"text-align: justify;\">Gian ha\u0300ng Vi\u00ea\u0323t Nam ta\u0323i h\u00f4\u0323i ch\u01a1\u0323 l\u00e2\u0300n na\u0300y nh\u00e2\u0323n \u0111\u01b0\u01a1\u0323c s\u01b0\u0323 h\u01b0\u01a1\u0309ng \u01b0\u0301ng cu\u0309a nhi\u00ea\u0300u \u0111i\u0323a ph\u01b0\u01a1ng va\u0300 doanh nghi\u00ea\u0323p n\u00f4ng sa\u0309n trong n\u01b0\u01a1\u0301c th\u00f4ng qua vi\u00ea\u0323c g\u01b0\u0309i ca\u0301c sa\u0309n ph\u00e2\u0309m \u0111a da\u0323ng \u0111\u00ea\u0309 tr\u01b0ng ba\u0300y, gi\u1edbi thi\u1ec7u v\u1edbi th\u1ecb tr\u01b0\u1eddng Italy. \u0110\u0103\u0323c bi\u00ea\u0323t, ti\u0309nh La\u0323ng S\u01a1n va\u0300 c\u00f4ng ty Sao Mai \u0111a\u0303 tham d\u01b0\u0323 va\u0300 mang theo nhi\u00ea\u0300u m\u0103\u0323t ha\u0300ng ch\u00e2\u0301t l\u01b0\u01a1\u0323ng cao nh\u01b0 ca\u0301c lo\u1ea1i n\u00f4ng s\u1ea3n nhi\u00ea\u0323t \u0111\u01a1\u0301i, ca\u0301c loa\u0323i tra\u0300 hoa, gia vi\u0323, tra\u0301i c\u00e2y t\u01b0\u01a1i, n\u00e2\u0301m d\u01b0\u01a1\u0323c li\u00ea\u0323u\u2026 v\u01a1\u0301i \u0111a da\u0323ng chu\u0309ng loa\u0323i sa\u0309n ph\u00e2\u0309m va\u0300 ca\u0301ch ch\u00ea\u0301 bi\u00ea\u0301n, ta\u0323o \u0111i\u00ea\u0309m nh\u00e2\u0301n \u0111a\u0301ng chu\u0301 y\u0301 va\u0300 thu hu\u0301t nhi\u00ea\u0300u kha\u0301ch tham quan \u0111\u00ea\u0301n gian ha\u0300ng Vi\u00ea\u0323t Nam.<\/p>\n<p style=\"text-align: justify;\">B\u00ean ca\u0323nh ca\u0301c hoa\u0323t \u0111\u00f4\u0323ng tr\u01b0ng ba\u0300y v\u00e0 phi\u00ean la\u0300m vi\u00ea\u0323c k\u00ea\u0301t n\u00f4\u0301i n\u00f4ng s\u1ea3n B2B do \u0110a\u0323i s\u01b0\u0301 qua\u0301n Vi\u1ec7t Nam t\u1ea1i Italy t\u00f4\u0309 ch\u01b0\u0301c ta\u0323i H\u00f4\u0323i ch\u01a1\u0323, c\u00e1c \u0111\u01a1n v\u1ecb Vi\u1ec7t Nam \u0111\u00e3 \u0111i th\u0103m va\u0300 la\u0300m vi\u00ea\u0323c v\u01a1\u0301i ca\u0301c \u0111\u00f4\u0301i ta\u0301c Italy.<\/p>\n<p style=\"text-align: justify;\">Chu\u0309 ti\u0323ch T\u00e2\u0323p \u0111oa\u0300n UNITEC chuy\u00ean s\u1ea3n xu\u1ea5t c\u00e1c c\u00f4ng ngh\u1ec7 v\u00e0 d\u00e2y chuy\u1ec1n ti\u00ean ti\u1ebfn \u0111\u1ec3 ph\u00e2n lo\u1ea1i rau qu\u1ea3 t\u01b0\u01a1i, \u00f4ng Angelo Benedetti \u0111a\u0303 gi\u01a1\u0301i thi\u00ea\u0323u ca\u0301c c\u00f4ng ngh\u00ea\u0323 va\u0300 ma\u0301y mo\u0301c phu\u0323c vu\u0323 quy tri\u0300nh l\u01b0\u0323a cho\u0323n va\u0300 ph\u00e2n loa\u0323i tra\u0301i c\u00e2y phu\u0300 h\u01a1\u0323p v\u01a1\u0301i ca\u0301c sa\u0309n ph\u00e2\u0309m cu\u0309a Vi\u00ea\u0323t Nam v\u00e0 b\u00e0y t\u1ecf \u00fd \u0111\u1ecbnh s\u1edbm hi\u1ec7n di\u1ec7n t\u1ea1i Vi\u1ec7t Nam \u0111\u1ec3 tranh th\u1ee7 c\u00e1c c\u01a1 h\u1ed9i h\u1ee3p t\u00e1c nhi\u1ec1u ti\u1ec1m n\u0103ng. \u0110oa\u0300n Vi\u00ea\u0323t Nam cu\u0303ng \u0111\u01b0\u01a1\u0323c gi\u01a1\u0301i thi\u00ea\u0323u v\u00ea\u0300 ca\u0301c c\u00f4ng ngh\u00ea\u0323 \u0111o\u0301ng go\u0301i \u0111e\u0323p, kh\u00f4ng du\u0300ng plastic phu\u0300 h\u01a1\u0323p v\u01a1\u0301i h\u00ea\u0323 sinh tha\u0301i va\u0300 ba\u0309o v\u00ea\u0323 m\u00f4i tr\u01b0\u01a1\u0300ng cu\u0309a c\u00f4ng ty Cartonpack.<\/p>\n<p style=\"text-align: justify;\">Khi l\u00e0m vi\u00ea\u0323c v\u01a1\u0301i ca\u0301c nha\u0300 nh\u00e2\u0323p kh\u00e2\u0309u tra\u0301i c\u00e2y cu\u0309a Italy nh\u01b0 c\u00f4ng ty sa\u0309n xu\u00e2\u0301t va\u0300 ch\u00ea\u0301 bi\u00ea\u0301n rau qua\u0309 Nava Srl va\u0300 c\u00f4ng ty McGarlet chuy\u00ean nh\u00e2\u0323p kh\u00e2\u0309u va\u0300 ph\u00e2n ph\u00f4\u0301i hoa qua\u0309 hi\u00ea\u0301m va\u0300 tra\u0301i mu\u0300a, phi\u0301a Italy cho bi\u00ea\u0301t hoa qua\u0309 nhi\u00ea\u0323t \u0111\u01a1\u0301i, bao g\u00f4\u0300m ca\u0309 t\u01b0\u0300 Vi\u00ea\u0323t Nam, r\u00e2\u0301t \u0111\u01b0\u01a1\u0323c \u0111o\u0301n nh\u00e2\u0323n ta\u0323i Italy, nhi\u00ea\u0300u loa\u0323i tra\u0301i c\u00e2y nh\u01b0 chanh leo, d\u01b0\u0300a va\u0300 thanh long cu\u0309a Vi\u00ea\u0323t Nam \u0111a\u0303 \u0111\u01b0\u01a1\u0323c \u0111\u01b0a va\u0300o thi\u0323 tr\u01b0\u01a1\u0300ng Italy, tuy nhi\u00ean s\u00f4\u0301 l\u01b0\u01a1\u0323ng ch\u01b0a \u0111a\u0301p \u01b0\u0301ng \u0111\u01b0\u01a1\u0323c nhu c\u00e2\u0300u, v\u00e0 mong mu\u00f4\u0301n ti\u0300m ki\u00ea\u0301m ca\u0301c \u0111\u00f4\u0301i ta\u0301c Vi\u1ec7t Nam \u0111\u00ea\u0309 nh\u00e2\u0323p kh\u00e2\u0309u nhi\u00ea\u0300u m\u0103\u0323t ha\u0300ng n\u00f4ng sa\u0309n nh\u01b0 d\u1eeba, g\u1eebng, la\u0301 chu\u00f4\u0301i, chanh leo\u2026 t\u01b0\u0300 Vi\u00ea\u0323t Nam.<\/p>\n<p style=\"text-align: justify;\">V\u01a1\u0301i h\u01a1n 1.400 nh\u00e0 tri\u1ec3n l\u00e3m trong \u0111o\u0301 co\u0301 t\u1edbi 40% \u0111\u01a1n v\u1ecb tham gia tri\u1ec3n l\u00e3m \u0111\u1ebfn t\u1eeb n\u01b0\u1edbc ngo\u00e0i, Macfrut 2024 l\u00e0 h\u1ed9i ch\u1ee3 n\u00f4ng s\u1ea3n mang t\u00e2\u0300m qu\u1ed1c t\u1ebf l\u1edbn nh\u1ea5t c\u1ee7a Italy. Chu\u0309 ti\u0323ch H\u00f4\u0323i ch\u01a1\u0323 \u00f4ng Renzo Piraccini nh\u00e2\u0301n ma\u0323nh trong pha\u0301t bi\u00ea\u0309u khai ma\u0323c r\u0103\u0300ng h\u00f4\u0323i ch\u01a1\u0323 n\u0103m nay mang \u201cti\u0301nh ky\u0309 lu\u0323c\u201d vi\u0300 co\u0301 s\u01b0\u0323 hi\u00ea\u0323n di\u00ea\u0323n cu\u0309a \u0111a da\u0323ng ca\u0301c s\u1ea3n ph\u1ea9m va\u0300 di\u0323ch vu\u0323 tr\u00ean to\u00e0n b\u1ed9 chu\u1ed7i cung \u1ee9ng v\u00ea\u0300 n\u00f4ng sa\u0309n.<\/p>\n<p style=\"text-align: justify;\">H\u00f4\u0323i ch\u01a1\u0323 cu\u0303ng co\u0301 nhi\u00ea\u0300u phi\u00ean tha\u0309o lu\u00e2\u0323n chuy\u00ean m\u00f4n v\u00ea\u0300 ca\u0301c chu\u0309 \u0111\u00ea\u0300 va\u0300 xu h\u01b0\u01a1\u0301ng pha\u0301t tri\u00ea\u0309n cu\u0309a li\u0303nh v\u01b0\u0323c n\u00f4ng nghi\u00ea\u0323p va\u0300 ca\u0301c ca\u0309i ti\u00ea\u0301n m\u01a1\u0301i. \u0110a\u0301nh gia\u0301 cao ch\u00e2\u0301t l\u01b0\u01a1\u0323ng cu\u0309a h\u00f4\u0323i ch\u01a1\u0323, ca\u0301c nha\u0300 tri\u00ea\u0309n la\u0303m Vi\u00ea\u0323t Nam cho bi\u00ea\u0301t \u0111\u00e2y la\u0300 c\u01a1 h\u00f4\u0323i quan tro\u0323ng kh\u00f4ng chi\u0309 \u0111\u00ea\u0309 gi\u01a1\u0301i thi\u00ea\u0323u ca\u0301c sa\u0309n ph\u00e2\u0309m cu\u0309a mi\u0300nh ma\u0300 co\u0300n la\u0300 di\u0323p \u0111\u00ea\u0309 ti\u0300m hi\u00ea\u0309u thi\u0323 tr\u01b0\u01a1\u0300ng, g\u0103\u0323p g\u01a1\u0303 c\u00e1c \u0111\u1ed1i t\u00e1c xu\u1ea5t nh\u1eadp kh\u1ea9u n\u00f4ng s\u1ea3n, ti\u1ebfp c\u1eadn ca\u0301c c\u00f4ng ngh\u1ec7 n\u00f4ng nghi\u1ec7p m\u1edbi tr\u00ean toa\u0300n b\u00f4\u0323 chu\u00f4\u0303i cung \u01b0\u0301ng cu\u0303ng nh\u01b0 n\u0103\u0301m b\u0103\u0301t ca\u0301c xu th\u00ea\u0301 pha\u0301t tri\u00ea\u0309n trong li\u0303nh v\u01b0\u0323c sa\u0309n xu\u00e2\u0301t, ch\u00ea\u0301 bi\u00ea\u0301n va\u0300 th\u01b0\u01a1ng ma\u0323i n\u00f4ng sa\u0309n va\u0300 th\u01b0\u0323c ph\u00e2\u0309m.<\/p>\n<p style=\"text-align: justify;\">Ngu\u1ed3n: <a href=\"https:\/\/baotintuc.vn\/kinh-te\/ket-noi-nong-san-viet-nam-italy-20240510123803623.htm\">https:\/\/baotintuc.vn\/kinh-te\/ket-noi-nong-san-viet-nam-italy-20240510123803623.htm<\/a><\/p>\n","protected":false},"excerpt":{"rendered":"<p>Trong ca\u0301c nga\u0300y 8-10\/5, \u0110\u1ea1i s\u1ee9 qu\u00e1n Vi\u1ec7t Nam t\u1ea1i Italy \u0111\u00e3 tham gia H\u1ed9i ch\u1ee3 n\u00f4ng s\u1ea3n Macfrut l\u00e2\u0300n th\u01b0\u0301 41 ta\u0323i Tha\u0300nh ph\u00f4\u0301 Rimini thu\u00f4\u0323c v\u00f9ng Emilia-Romagna v\u1edbi gian h\u00e0ng mang ch\u1ee7 \u0111\u1ec1 \u201cV\u01b0\u1eddn c\u00e2y tr\u00e1i Vi\u1ec7t Nam cu\u0300ng ca\u0301c loa\u0323i gia vi\u0323 va\u0300 th\u1ea3o d\u01b0\u01a1\u0323c ph\u01b0\u01a1ng \u0110\u00f4ng\u201d.\u00a0 Theo ph\u00f3ng vi\u00ean TTXVN t\u1ea1i&#8230;<\/p>\n","protected":false},"author":8,"featured_media":0,"parent":0,"menu_order":0,"comment_status":"closed","ping_status":"closed","template":"","meta":{"footnotes":""},"class_list":["post-12836","page","type-page","status-publish","hentry"],"_links":{"self":[{"href":"https:\/\/hfoods.vn\/vi\/wp-json\/wp\/v2\/pages\/12836","targetHints":{"allow":["GET"]}}],"collection":[{"href":"https:\/\/hfoods.vn\/vi\/wp-json\/wp\/v2\/pages"}],"about":[{"href":"https:\/\/hfoods.vn\/vi\/wp-json\/wp\/v2\/types\/page"}],"author":[{"embeddable":true,"href":"https:\/\/hfoods.vn\/vi\/wp-json\/wp\/v2\/users\/8"}],"replies":[{"embeddable":true,"href":"https:\/\/hfoods.vn\/vi\/wp-json\/wp\/v2\/comments?post=12836"}],"version-history":[{"count":0,"href":"https:\/\/hfoods.vn\/vi\/wp-json\/wp\/v2\/pages\/12836\/revisions"}],"wp:attachment":[{"href":"https:\/\/hfoods.vn\/vi\/wp-json\/wp\/v2\/media?parent=12836"}],"curies":[{"name":"wp","href":"https:\/\/api.w.org\/{rel}","templated":true}]}}