{"id":13405,"date":"2024-07-12T07:00:46","date_gmt":"2024-07-12T07:00:46","guid":{"rendered":"https:\/\/hfoods.vn\/?page_id=13405"},"modified":"2024-07-14T12:36:38","modified_gmt":"2024-07-14T12:36:38","slug":"con-nhieu-du-dia-de-xuat-khau-hang-viet-tham-nhap-thi-truong-nguoi-hoi-giao","status":"publish","type":"page","link":"https:\/\/hfoods.vn\/vi\/con-nhieu-du-dia-de-xuat-khau-hang-viet-tham-nhap-thi-truong-nguoi-hoi-giao\/","title":{"rendered":"C\u00f2n nhi\u1ec1u d\u01b0 \u0111\u1ecba \u0111\u1ec3 xu\u1ea5t kh\u1ea9u h\u00e0ng Vi\u1ec7t th\u00e2m nh\u1eadp th\u1ecb tr\u01b0\u1eddng ng\u01b0\u1eddi H\u1ed3i gi\u00e1o"},"content":{"rendered":"<p class=\"post-desc\" style=\"text-align: justify;\"><strong><span class=\"__MB_SITE_AUTHOR\">(TBTCO) &#8211;\u00a0<\/span>Th\u1ecb tr\u01b0\u1eddng Trung \u0110\u00f4ng hi\u1ec7n c\u00f3 nhu c\u1ea7u l\u1edbn \u0111\u1ed1i v\u1edbi c\u00e1c s\u1ea3n ph\u1ea9m Halal (d\u00e0nh cho ng\u01b0\u1eddi H\u1ed3i gi\u00e1o) nh\u1ea5t l\u00e0 s\u1ea3n ph\u1ea9m n\u00f4ng s\u1ea3n. Chi ti\u00eau c\u1ee7a ng\u01b0\u1eddi H\u1ed3i gi\u00e1o cho th\u1ef1c ph\u1ea9m kho\u1ea3ng 1.400 t\u1ef7 USD. \u0110\u00e2y l\u00e0 c\u01a1 h\u1ed9i \u0111\u1ec3 doanh nghi\u1ec7p Vi\u1ec7t khai th\u00e1c m\u1ea3ng th\u1ecb tr\u01b0\u1eddng gi\u00e0u ti\u1ec1m n\u0103ng n\u00e0y.<\/strong><\/p>\n<div class=\"post-content __MASTERCMS_CONTENT\">\n<article>\n<header>\n<p style=\"text-align: justify;\"><strong>C\u01a1 h\u1ed9i l\u1edbn cho s\u1ea3n ph\u1ea9m Halal c\u1ee7a Vi\u1ec7t Nam<\/strong><\/p>\n<p class=\"normalPara\" style=\"text-align: justify;\">T\u1ea1i h\u1ed9i th\u1ea3o Ti\u1ec1m n\u0103ng th\u00fac \u0111\u1ea9y c\u00e1c s\u1ea3n ph\u1ea9m n\u00f4ng s\u1ea3n Hala v\u00e0o th\u1ecb tr\u01b0\u1eddng Trung \u0110\u00f4ng di\u1ec5n ra chi\u1ec1u ng\u00e0y 12\/7\/2024,\u00a0b\u00e0 Nguy\u1ec5n Minh Ph\u01b0\u01a1ng &#8211; Tr\u01b0\u1edfng ph\u00f2ng T\u00e2y \u00c1, ch\u00e2u Phi, V\u1ee5 Th\u1ecb tr\u01b0\u1eddng ch\u00e2u \u00c1 &#8211; ch\u00e2u Phi, B\u1ed9 C\u00f4ng th\u01b0\u01a1ng cho bi\u1ebft, \u0111\u00e2y l\u00e0 m\u1ed9t th\u1ecb tr\u01b0\u1eddng c\u00f3 ti\u1ec1m n\u0103ng to l\u1edbn cho h\u00e0ng h\u00f3a, s\u1ea3n ph\u1ea9m c\u1ee7a Vi\u1ec7t Nam.<\/p>\n<figure id=\"attachment_13400\" aria-describedby=\"caption-attachment-13400\" style=\"width: 883px\" class=\"wp-caption aligncenter\"><img loading=\"lazy\" decoding=\"async\" class=\"wp-image-13400 size-full\" src=\"https:\/\/hfoods.vn\/wp-content\/uploads\/2024\/07\/img-704220240712171526.jpg\" alt=\"\" width=\"883\" height=\"683\" \/><figcaption id=\"caption-attachment-13400\" class=\"wp-caption-text\">B\u00e0 Nguy\u1ec5n Minh Ph\u01b0\u01a1ng ph\u00e1t bi\u1ec3u t\u1ea1i s\u1ef1 ki\u1ec7n.<\/figcaption><\/figure>\n<p style=\"text-align: justify;\">Theo th\u1ed1ng k\u00ea, chi ti\u00eau c\u1ee7a ng\u01b0\u1eddi H\u1ed3i gi\u00e1o cho th\u1ef1c ph\u1ea9m h\u00e0ng n\u0103m kho\u1ea3ng 1.400 t\u1ef7 USD; t\u1ed5ng kim ng\u1ea1ch th\u01b0\u01a1ng m\u1ea1i th\u1ef1c ph\u1ea9m Halal c\u1ee7a c\u00e1c n\u01b0\u1edbc th\u00e0nh vi\u00ean OIC l\u00e0 444,7 t\u1ef7 USD.<\/p>\n<p style=\"text-align: justify;\">M\u1eb7t kh\u00e1c, ng\u00e0nh c\u00f4ng nghi\u1ec7p ch\u1ebf bi\u1ebfn th\u1ef1c ph\u1ea9m c\u1ee7a c\u00e1c n\u01b0\u1edbc Trung \u0110\u00f4ng &#8211; ch\u00e2u Phi k\u00e9m ph\u00e1t tri\u1ec3n, r\u1ea5t nhi\u1ec1u s\u1ea3n ph\u1ea9m ch\u1ebf bi\u1ebfn ph\u1ee5c v\u1ee5 nhu c\u1ea7u c\u1ee7a ng\u01b0\u1eddi d\u00e2n khu v\u1ef1c n\u00e0y ch\u1ee7 y\u1ebfu t\u1eeb ngu\u1ed3n nh\u1eadp kh\u1ea9u. Ch\u00ednh v\u00ec v\u1eady, th\u1ecb tr\u01b0\u1eddng s\u1ea3n ph\u1ea9m Halal r\u1ea5t ti\u1ec1m n\u0103ng cho doanh nghi\u1ec7p Vi\u1ec7t Nam khai th\u00e1c.<\/p>\n<p style=\"text-align: justify;\">\u00d4ng Tr\u1ea7n Tr\u1ecdng Kim &#8211; B\u00ed th\u01b0 th\u1ee9 Nh\u1ea5t, Ph\u1ee5 tr\u00e1ch Th\u01b0\u01a1ng v\u1ee5 Vi\u1ec7t Nam t\u1ea1i \u1ea2 R\u1eadp X\u00ea-\u00fat cho bi\u1ebft, do kh\u00f3 kh\u0103n trong tr\u1ed3ng tr\u1ecdt canh t\u00e1c n\u00f4ng nghi\u1ec7p n\u00ean \u1ea2 R\u1eadp X\u00ea-\u00fat c\u00f3 nhu c\u1ea7u nh\u1eadp kh\u1ea9u tr\u00ean 90% c\u00e1c lo\u1ea1i h\u00e0ng h\u00f3a nh\u01b0: g\u1ea1o, c\u00e1c lo\u1ea1i rau, c\u1ee7, qu\u1ea3 t\u01b0\u01a1i, c\u00e1c lo\u1ea1i h\u1ea1t, gia v\u1ecb; h\u00e0ng th\u1ee7y s\u1ea3n t\u01b0\u01a1i v\u00e0 \u0111\u00f3ng h\u1ed9p&#8230; C\u00e1c s\u1ea3n ph\u1ea9m kh\u00e1c trong l\u0129nh v\u1ef1c x\u00e2y d\u1ef1ng, d\u1ec7t may, ph\u1ee5 t\u00f9ng thay th\u1ebf cho c\u00e1c ph\u01b0\u01a1ng ti\u1ec7n v\u1eadn t\u1ea3i, n\u1ed9i th\u1ea5t, than c\u1ee7i, tr\u1ea7m h\u01b0\u01a1ng&#8230; c\u0169ng c\u00f3 nhu c\u1ea7u l\u1edbn.<\/p>\n<p style=\"text-align: justify;\"><strong>H\u1ed7 tr\u1ee3 doanh nghi\u1ec7p t\u1eadn d\u1ee5ng c\u01a1 h\u1ed9i th\u00e2m nh\u1eadp th\u1ecb tr\u01b0\u1eddng Halal<\/strong><\/p>\n<p style=\"text-align: justify;\">T\u1ea1i h\u1ed9i th\u1ea3o, \u1edf g\u00f3c \u0111\u1ed9 doanh nghi\u1ec7p, \u00f4ng L\u00ea Ch\u00e2u H\u1ea3i V\u0169 &#8211; Chuy\u00ean gia t\u01b0 v\u1ea5n x\u00e2y d\u1ef1ng ch\u1ea5t l\u01b0\u1ee3ng th\u1ef1c ph\u1ea9m Halal, Gi\u00e1m \u0111\u1ed1c C\u00f4ng ty CP Consultech nh\u1ea5n m\u1ea1nh, \u0111i\u1ec1u \u0111\u1ea7u ti\u00ean khi doanh nghi\u1ec7p mu\u1ed1n khai th\u00e1c th\u1ecb tr\u01b0\u1eddng s\u1ea3n ph\u1ea9m Halal \u0111\u00f3 l\u00e0 c\u1ea7n t\u00ecm hi\u1ec3u, nghi\u00ean c\u1ee9u k\u1ef9 l\u01b0\u1ee1ng v\u1ec1 \u0111\u1eb7c \u0111i\u1ec3m s\u1ea3n ph\u1ea9m Halal v\u00e0 th\u1ecb tr\u01b0\u1eddng c\u00e1c s\u1ea3n ph\u1ea9m n\u00e0y (t\u00ecm hi\u1ec3u k\u1ef9 v\u1ec1 xu h\u01b0\u1edbng th\u1ecb tr\u01b0\u1eddng, s\u1edf th\u00edch c\u1ee7a ng\u01b0\u1eddi ti\u00eau d\u00f9ng, \u0111\u1ed1i th\u1ee7 c\u1ea1nh tranh&#8230;).<\/p>\n<figure id=\"attachment_13398\" aria-describedby=\"caption-attachment-13398\" style=\"width: 883px\" class=\"wp-caption aligncenter\"><img loading=\"lazy\" decoding=\"async\" class=\"wp-image-13398 size-full\" src=\"https:\/\/hfoods.vn\/wp-content\/uploads\/2024\/07\/img-704120240712171200.jpg\" alt=\"\" width=\"883\" height=\"663\" \/><figcaption id=\"caption-attachment-13398\" class=\"wp-caption-text\">C\u00f2n nhi\u1ec1u d\u01b0 \u0111\u1ecba cho s\u1ea3n ph\u1ea9m Halal c\u1ee7a Vi\u1ec7t Nam.<\/figcaption><\/figure>\n<p style=\"text-align: justify;\">Khi x\u00e2y d\u1ef1ng k\u1ebf ho\u1ea1ch s\u1ea3n xu\u1ea5t, cung \u1ee9ng s\u1ea3n ph\u1ea9m Halal cho th\u1ecb tr\u01b0\u1eddng Trung \u0110\u00f4ng, c\u00e1c doanh nghi\u1ec7p c\u1ea7n c\u00f3 quy tr\u00ecnh s\u1ea3n xu\u1ea5t \u0111\u1ea3m b\u1ea3o c\u00e1c \u0111i\u1ec1u ki\u1ec7n, ti\u00eau chu\u1ea9n Halal. B\u00ean c\u1ea1nh \u0111\u00f3 c\u1ea7n \u0111\u1ea7u t\u01b0 x\u00e2y d\u1ef1ng chi\u1ebfn l\u01b0\u1ee3c kinh doanh, marketing b\u00e0i b\u1ea3n, ph\u00f9 h\u1ee3p v\u1edbi th\u1ecb tr\u01b0\u1eddng&#8230;<\/p>\n<p style=\"text-align: justify;\">G\u00f3p th\u00eam \u00fd ki\u1ebfn, \u0111\u1ea1i di\u1ec7n Th\u01b0\u01a1ng v\u1ee5 Vi\u1ec7t Nam t\u1ea1i \u1ea2 R\u1eadp X\u00ea-\u00fat cho hay, doanh nghi\u1ec7p n\u00ean tham gia \u0111o\u00e0n x\u00fac ti\u1ebfn th\u01b0\u01a1ng m\u1ea1i sang \u0111\u1ecba b\u00e0n mang theo h\u00e0ng m\u1eabu, h\u00e0ng d\u00f9ng th\u1eed qu\u1ea3ng b\u00e1, k\u1ebft n\u1ed1i tr\u1ef1c ti\u1ebfp, d\u00f9ng s\u1ea3m ph\u1ea9m c\u1ee7a doanh nghi\u1ec7p l\u00e0m qu\u00e0 t\u1eb7ng \u0111\u1ed1i ngo\u1ea1i.<\/p>\n<p style=\"text-align: justify;\">B\u00ean c\u1ea1nh \u0111\u00f3, xu th\u1ebf hi\u1ec7n nay, \u1ea2 R\u1eadp X\u00ea-\u00fat \u0111ang h\u01b0\u1edbng t\u1edbi cu\u1ed9c s\u1ed1ng xanh, l\u00e0nh m\u1ea1nh v\u00e0 ph\u00e1t tri\u1ec3n m\u00f4i tr\u01b0\u1eddng b\u1ec1n v\u1eefng. Nh\u1eefng s\u1ea3n ph\u1ea9m organic, th\u00e2n thi\u1ec7n v\u1edbi m\u00f4i tr\u01b0\u1eddng b\u1eaft \u0111\u1ea7u \u0111\u01b0\u1ee3c \u0111\u00e1nh gi\u00e1o cao v\u00e0 \u0111ang c\u00f3 nhu c\u1ea7u trong trong th\u1eddi gian t\u1edbi. C\u00e1c doanh nghi\u1ec7p c\u1ea7n nghi\u00ean c\u1ee9u s\u1ea3n xu\u1ea5t theo h\u01b0\u1edbng n\u00e0y \u0111\u1ec3 gia t\u0103ng gi\u00e1 tr\u1ecb xu\u1ea5t kh\u1ea9u.\/.<\/p>\n<p style=\"text-align: justify;\">Ngu\u1ed3n: <a href=\"https:\/\/thoibaotaichinhvietnam.vn\/con-nhieu-du-dia-de-xuat-khau-hang-viet-tham-nhap-thi-truong-nguoi-hoi-giao-154879.html\">https:\/\/thoibaotaichinhvietnam.vn\/con-nhieu-du-dia-de-xuat-khau-hang-viet-tham-nhap-thi-truong-nguoi-hoi-giao-154879.html<\/a><\/p>\n<\/header>\n<\/article>\n<\/div>\n","protected":false},"excerpt":{"rendered":"<p>(TBTCO) &#8211;\u00a0Th\u1ecb tr\u01b0\u1eddng Trung \u0110\u00f4ng hi\u1ec7n c\u00f3 nhu c\u1ea7u l\u1edbn \u0111\u1ed1i v\u1edbi c\u00e1c s\u1ea3n ph\u1ea9m Halal (d\u00e0nh cho ng\u01b0\u1eddi H\u1ed3i gi\u00e1o) nh\u1ea5t l\u00e0 s\u1ea3n ph\u1ea9m n\u00f4ng s\u1ea3n. Chi ti\u00eau c\u1ee7a ng\u01b0\u1eddi H\u1ed3i gi\u00e1o cho th\u1ef1c ph\u1ea9m kho\u1ea3ng 1.400 t\u1ef7 USD. \u0110\u00e2y l\u00e0 c\u01a1 h\u1ed9i \u0111\u1ec3 doanh nghi\u1ec7p Vi\u1ec7t khai th\u00e1c m\u1ea3ng th\u1ecb tr\u01b0\u1eddng gi\u00e0u ti\u1ec1m&#8230;<\/p>\n","protected":false},"author":8,"featured_media":0,"parent":0,"menu_order":0,"comment_status":"closed","ping_status":"closed","template":"","meta":{"footnotes":""},"class_list":["post-13405","page","type-page","status-publish","hentry"],"_links":{"self":[{"href":"https:\/\/hfoods.vn\/vi\/wp-json\/wp\/v2\/pages\/13405","targetHints":{"allow":["GET"]}}],"collection":[{"href":"https:\/\/hfoods.vn\/vi\/wp-json\/wp\/v2\/pages"}],"about":[{"href":"https:\/\/hfoods.vn\/vi\/wp-json\/wp\/v2\/types\/page"}],"author":[{"embeddable":true,"href":"https:\/\/hfoods.vn\/vi\/wp-json\/wp\/v2\/users\/8"}],"replies":[{"embeddable":true,"href":"https:\/\/hfoods.vn\/vi\/wp-json\/wp\/v2\/comments?post=13405"}],"version-history":[{"count":0,"href":"https:\/\/hfoods.vn\/vi\/wp-json\/wp\/v2\/pages\/13405\/revisions"}],"wp:attachment":[{"href":"https:\/\/hfoods.vn\/vi\/wp-json\/wp\/v2\/media?parent=13405"}],"curies":[{"name":"wp","href":"https:\/\/api.w.org\/{rel}","templated":true}]}}