{"id":13593,"date":"2024-08-02T13:00:49","date_gmt":"2024-08-02T13:00:49","guid":{"rendered":"https:\/\/hfoods.vn\/?page_id=13593"},"modified":"2024-08-03T17:39:38","modified_gmt":"2024-08-03T17:39:38","slug":"so-luong-canh-bao-voi-nong-san-viet-nam-tu-eu-tang-bat-thuong","status":"publish","type":"page","link":"https:\/\/hfoods.vn\/vi\/so-luong-canh-bao-voi-nong-san-viet-nam-tu-eu-tang-bat-thuong\/","title":{"rendered":"S\u1ed1 l\u01b0\u1ee3ng c\u1ea3nh b\u00e1o v\u1edbi n\u00f4ng s\u1ea3n Vi\u1ec7t Nam t\u1eeb EU t\u0103ng b\u1ea5t th\u01b0\u1eddng"},"content":{"rendered":"<p class=\"text-title\" style=\"text-align: justify;\">Theo \u0111\u1ea1i di\u1ec7n V\u0103n ph\u00f2ng SPS Vi\u1ec7t Nam, vi\u1ec7c EU t\u0103ng s\u1ed1 l\u01b0\u1ee3ng c\u1ea3nh b\u00e1o g\u00f3p ph\u1ea7n khi\u1ebfn t\u1ea7n su\u1ea5t ki\u1ec3m tra bi\u00ean gi\u1edbi c\u1ee7a n\u00f4ng s\u1ea3n t\u0103ng trong th\u1eddi gian qua.<\/p>\n<div class=\"detail-cmain\">\n<div class=\"detail-content afcbc-body\" data-role=\"content\">\n<p style=\"text-align: justify;\"><strong>\u0110\u1ec3 n\u1ec1n n\u00f4ng s\u1ea3n tho\u00e1t c\u1ea3nh e d\u00e8<\/strong><\/p>\n<p style=\"text-align: justify;\">Trong 6 th\u00e1ng \u0111\u1ea7u n\u0103m 2024, th\u00f4ng b\u00e1o thay \u0111\u1ed5i v\u00e0 d\u1ef1 th\u1ea3o c\u00e1c bi\u1ec7n ph\u00e1p v\u1ec7 sinh d\u1ecbch t\u1ec5 v\u00e0 ki\u1ec3m d\u1ecbch \u0111\u1ed9ng th\u1ef1c v\u1eadt (SPS) c\u1ee7a EU trong 6 th\u00e1ng \u0111\u1ea7u n\u0103m 2024 t\u0103ng g\u1ea7n 20%, nhi\u1ec1u nh\u1ea5t trong c\u00e1c \u0111\u1ed1i t\u00e1c th\u01b0\u01a1ng m\u1ea1i n\u00f4ng s\u1ea3n c\u1ee7a Vi\u1ec7t Nam. Ng\u01b0\u1ee3c l\u1ea1i, m\u1ed9t s\u1ed1 th\u1ecb tr\u01b0\u1eddng nh\u01b0 Trung Qu\u1ed1c g\u1ea7n nh\u01b0 kh\u00f4ng c\u00f3 th\u00f4ng b\u00e1o n\u00e0o.<\/p>\n<p style=\"text-align: justify;\">\u0110\u00e2y l\u00e0 nh\u1eefng th\u00f4ng tin \u0111\u01b0\u1ee3c \u00f4ng Ng\u00f4 Xu\u00e2n Nam &#8211; Ph\u00f3 Gi\u00e1m \u0111\u1ed1c V\u0103n ph\u00f2ng SPS Vi\u1ec7t Nam cung c\u1ea5p t\u1ea1i H\u1ed9i ngh\u1ecb &#8220;T\u0103ng c\u01b0\u1eddng th\u1ef1c thi c\u00e1c quy \u0111\u1ecbnh v\u00e0 cam k\u1ebft v\u1ec1 an to\u00e0n th\u1ef1c ph\u1ea9m v\u00e0 ki\u1ec3m d\u1ecbch \u0111\u1ed9ng, th\u1ef1c v\u1eadt trong Hi\u1ec7p \u0111\u1ecbnh EVFTA, Hi\u1ec7p \u0111\u1ecbnh RCEP v\u00e0 c\u00e1c gi\u1ea3i ph\u00e1p \u0111\u1ea3m b\u1ea3o an to\u00e0n th\u1ef1c ph\u1ea9m v\u00e0 an to\u00e0n d\u1ecbch b\u1ec7nh \u0111\u1ed9ng th\u1ef1c v\u1eadt trong th\u01b0\u01a1ng m\u1ea1i n\u00f4ng s\u1ea3n th\u1ef1c ph\u1ea9m&#8221; s\u00e1ng 2\/8.<\/p>\n<figure id=\"attachment_13586\" aria-describedby=\"caption-attachment-13586\" style=\"width: 735px\" class=\"wp-caption aligncenter\"><img loading=\"lazy\" decoding=\"async\" class=\"wp-image-13586\" src=\"https:\/\/hfoods.vn\/wp-content\/uploads\/2024\/08\/nong-san-17225854185821186719920.png\" alt=\"\" width=\"735\" height=\"486\" \/><figcaption id=\"caption-attachment-13586\" class=\"wp-caption-text\">\u00d4ng Ng\u00f4 Xu\u00e2n Nam &#8211; Ph\u00f3 Gi\u00e1m \u0111\u1ed1c V\u0103n ph\u00f2ng SPS Vi\u1ec7t Nam.<\/figcaption><\/figure>\n<p style=\"text-align: justify;\">Theo \u00f4ng Nam, t\u00ednh t\u1eeb n\u0103m 2000, c\u00e1c qu\u1ed1c gia khu v\u1ef1c ch\u00e2u \u00c1 &#8211; Th\u00e1i B\u00ecnh D\u01b0\u01a1ng c\u00f3 xu h\u01b0\u1edbng t\u0103ng th\u00f4ng b\u00e1o, t\u1eeb ch\u01b0a \u0111\u1ebfn 250 th\u00f4ng b\u00e1o (n\u0103m 2000) \u0111\u00e3 t\u0103ng l\u00ean h\u01a1n 1.100 th\u00f4ng b\u00e1o (n\u0103m 2022).<\/p>\n<p style=\"text-align: justify;\">Ngo\u00e0i ra, c\u00e1c \u0111\u1ed1i t\u00e1c ch\u00ednh v\u1ec1 th\u01b0\u01a1ng m\u1ea1i xu\u1ea5t kh\u1ea9u n\u00f4ng, l\u00e2m, th\u1ee7y s\u1ea3n v\u00e0 th\u1ef1c ph\u1ea9m c\u1ee7a Vi\u1ec7t Nam nh\u01b0 EU, Hoa K\u1ef3, Nh\u1eadt B\u1ea3n, H\u00e0n Qu\u1ed1c, Trung Qu\u1ed1c l\u00e0 n\u01a1i c\u00f3 nhi\u1ec1u th\u00f4ng b\u00e1o nh\u1ea5t, chi\u1ebfm h\u01a1n 60%.<\/p>\n<p style=\"text-align: justify;\">&#8220;\u0110i\u1ec1u \u0111\u00e1ng ng\u1ea1i l\u00e0 trong 6 th\u00e1ng \u0111\u1ea7u n\u0103m l\u00e0 s\u1ed1 l\u01b0\u1ee3ng c\u1ea3nh b\u00e1o t\u1eeb EU t\u0103ng b\u1ea5t th\u01b0\u1eddng. C\u1ee5 th\u1ec3, Vi\u1ec7t Nam nh\u1eadn 57 c\u1ea3nh b\u00e1o trong n\u1eeda n\u0103m, trong khi c\u00f9ng k\u1ef3 n\u0103m 2023 l\u00e0 31 c\u1ea3nh b\u00e1o. Trong s\u1ed1 n\u00e0y, Tp.HCM chi\u1ebfm nhi\u1ec1u nh\u1ea5t, v\u1edbi 23 c\u1ea3nh b\u00e1o&#8221;, \u00f4ng Nam n\u00f3i.<\/p>\n<p style=\"text-align: justify;\">Vi\u1ec7c EU t\u0103ng s\u1ed1 l\u01b0\u1ee3ng c\u1ea3nh b\u00e1o g\u00f3p ph\u1ea7n khi\u1ebfn t\u1ea7n su\u1ea5t ki\u1ec3m tra bi\u00ean gi\u1edbi c\u1ee7a n\u00f4ng s\u1ea3n t\u0103ng. &#8220;Xu h\u01b0\u1edbng n\u00e0y c\u00f3 th\u1ec3 t\u0103ng ti\u1ebfp n\u1ebfu ch\u00fang ta kh\u00f4ng c\u00f3 gi\u1ea3i ph\u00e1p k\u1ecbp th\u1eddi&#8221;, \u00f4ng Nam chia s\u1ebb.<\/p>\n<p style=\"text-align: justify;\">Ph\u00e2n t\u00edch nguy\u00ean nh\u00e2n v\u1ec1 s\u1ef1 t\u0103ng b\u1ea5t th\u01b0\u1eddng s\u1ed1 l\u01b0\u1ee3ng c\u1ea3nh b\u00e1o, Ph\u00f3 Gi\u00e1m \u0111\u1ed1c V\u0103n ph\u00f2ng SPS cho bi\u1ebft, c\u00f3 c\u1ea3 l\u00fd do ch\u1ee7 quan l\u1eabn kh\u00e1ch quan. V\u1ec1 ph\u00eda ch\u1ee7 quan, doanh nghi\u1ec7p xu\u1ea5t kh\u1ea9u ch\u01b0a th\u1ef1c s\u1ef1 tu\u00e2n th\u1ee7 c\u00e1c quy \u0111\u1ecbnh c\u1ee7a nh\u00e0 nh\u1eadp kh\u1ea9u v\u00ec m\u1ee9c MRL \u0111\u1ed1i v\u1edbi m\u1ed7i ho\u1ea1t ch\u1ea5t c\u1ee7a m\u1ed7i n\u01b0\u1edbc l\u00e0 kh\u00e1c nhau. Vi\u1ec7c n\u00e0y \u0111\u00f2i h\u1ecfi ph\u1ea3i c\u00f3 s\u1ef1 nghi\u00ean c\u1ee9u chuy\u00ean s\u00e2u v\u00e0 am hi\u1ec3u khoa h\u1ecdc, k\u1ef9 thu\u1eadt.<\/p>\n<p style=\"text-align: justify;\">Ngo\u00e0i ra, theo th\u00f3i quen t\u1eeb tr\u01b0\u1edbc, ng\u01b0\u1eddi s\u1ea3n xu\u1ea5t \u1edf m\u1ed9t s\u1ed1 n\u01a1i c\u00f2n ch\u01b0a c\u00f3 bi\u1ec7n ph\u00e1p, k\u1ebf ho\u1ea1ch s\u1eed d\u1ee5ng c\u00e1c lo\u1ea1i thu\u1ed1c b\u1ea3o v\u1ec7 th\u1ef1c v\u1eadt, thu\u1ed1c kh\u00e1ng sinh, ph\u00e2n b\u00f3n kh\u00f4ng \u0111\u00fang h\u01b0\u1edbng d\u1eabn.<\/p>\n<figure id=\"attachment_13584\" aria-describedby=\"caption-attachment-13584\" style=\"width: 738px\" class=\"wp-caption aligncenter\"><img loading=\"lazy\" decoding=\"async\" class=\"wp-image-13584\" src=\"https:\/\/hfoods.vn\/wp-content\/uploads\/2024\/08\/nong-san-1-17225855356631159314145.png\" alt=\"\" width=\"738\" height=\"484\" \/><figcaption id=\"caption-attachment-13584\" class=\"wp-caption-text\">T\u1ec9 l\u1ec7 gi\u00e1m s\u00e1t m\u00e3 s\u1ed1 v\u00f9ng tr\u1ed3ng, c\u01a1 s\u1edf \u0111\u00f3ng g\u00f3i v\u1edbi s\u1ea7u ri\u00eang c\u00f2n ch\u01b0a \u0111\u1ea1t.<\/figcaption><\/figure>\n<p style=\"text-align: justify;\">B\u00ean c\u1ea1nh \u0111\u00f3, \u00f4ng Nam nh\u1eadn \u0111\u1ecbnh, t\u1ec9 l\u1ec7 gi\u00e1m s\u00e1t m\u00e3 s\u1ed1 v\u00f9ng tr\u1ed3ng, c\u01a1 s\u1edf \u0111\u00f3ng g\u00f3i ch\u01b0a \u0111\u1ea1t. V\u00ed d\u1ee5 s\u1ea7u ri\u00eang ch\u1ec9 gi\u00e1m s\u00e1t 52% v\u00f9ng tr\u1ed3ng v\u00e0 47% c\u01a1 s\u1edf \u0111\u00f3ng g\u00f3i.<\/p>\n<p style=\"text-align: justify;\">&#8220;Kh\u00f4ng c\u00e1ch n\u00e0o kh\u00e1c ph\u1ea3i t\u0103ng c\u01b0\u1eddng li\u00ean k\u1ebft theo h\u01b0\u1edbng \u0111\u1ed3ng qu\u1ea3n l\u00fd an to\u00e0n th\u1ef1c ph\u1ea9m, ch\u1ea5t l\u01b0\u1ee3ng, g\u00f3p ph\u1ea7n gi\u00fap chu\u1ea9n h\u00f3a ngay t\u1eeb nguy\u00ean li\u1ec7u \u0111\u1ea7u v\u00e0o. Ch\u1ec9 khi n\u00e0o t\u1eebng kh\u00e2u l\u00e0m tr\u00f2n tr\u00e1ch nhi\u1ec7m c\u1ee7a m\u00ecnh, n\u1ec1n n\u00f4ng nghi\u1ec7p Vi\u1ec7t Nam m\u1edbi tho\u00e1t c\u1ea3nh e d\u00e8 tr\u01b0\u1edbc nh\u1eefng thay \u0111\u1ed5i c\u1ee7a th\u1ecb tr\u01b0\u1eddng nh\u1eadp kh\u1ea9u&#8221;, \u00f4ng Nam nh\u1ea5n m\u1ea1nh.<\/p>\n<p style=\"text-align: justify;\"><strong>S\u00e2n ch\u01a1i r\u1ed9ng l\u1edbn t\u1eeb c\u00e1c hi\u1ec7p \u0111\u1ecbnh th\u01b0\u01a1ng m\u1ea1i t\u1ef1 do<\/strong><\/p>\n<p style=\"text-align: justify;\">Ph\u00e1t bi\u1ec3u t\u1ea1i s\u1ef1 ki\u1ec7n, \u00f4ng L\u00ea Thanh H\u00f2a &#8211; Gi\u00e1m \u0111\u1ed1c V\u0103n ph\u00f2ng SPS Vi\u1ec7t Nam cho bi\u1ebft: &#8220;Vi\u1ec7c Vi\u1ec7t Nam tham gia v\u00e0o T\u1ed5 ch\u1ee9c Th\u01b0\u01a1ng m\u1ea1i Th\u1ebf gi\u1edbi (WTO) v\u00e0 c\u00e1c hi\u1ec7p \u0111\u1ecbnh th\u01b0\u01a1ng m\u1ea1i t\u1ef1 do nh\u01b0 EVFTA, RCEF\u2026 \u0111\u00e3 t\u1ea1o ra s\u00e2n ch\u01a1i c\u00f4ng b\u1eb1ng v\u00e0 r\u1ed9ng l\u1edbn h\u01a1n tr\u01b0\u1edbc \u0111\u00f3 v\u1edbi c\u00e1c \u0111\u1ed1i t\u00e1c l\u1edbn nh\u01b0 \u0110\u00f4ng \u00c1 v\u00e0 c\u00e1c n\u01b0\u1edbc ch\u00e2u \u00c2u&#8221;.<\/p>\n<figure id=\"attachment_13582\" aria-describedby=\"caption-attachment-13582\" style=\"width: 732px\" class=\"wp-caption aligncenter\"><img loading=\"lazy\" decoding=\"async\" class=\"wp-image-13582\" src=\"https:\/\/hfoods.vn\/wp-content\/uploads\/2024\/08\/nong-san-3-1722585599294877021586.png\" alt=\"\" width=\"732\" height=\"477\" \/><figcaption id=\"caption-attachment-13582\" class=\"wp-caption-text\">\u00d4ng L\u00ea Thanh H\u00f2a &#8211; Gi\u00e1m \u0111\u1ed1c V\u0103n ph\u00f2ng SPS Vi\u1ec7t Nam.<\/figcaption><\/figure>\n<p style=\"text-align: justify;\">\u00d4ng H\u00f2a nh\u1eadn \u0111\u1ecbnh, c\u00e1c hi\u1ec7p \u0111\u1ecbnh th\u01b0\u01a1ng m\u1ea1i t\u1ef1 do t\u1ea1o ra thu\u1eadn l\u1ee3i v\u1ec1 thu\u1ebf, \u0111\u1eb7c bi\u1ec7t l\u00e0 gi\u1ea3m d\u00f2ng thu\u1ebf v\u1ec1 0% \u0111\u1ed1i v\u1edbi n\u00f4ng s\u1ea3n t\u01b0\u01a1i v\u00e0 qua ch\u1ebf bi\u1ebfn, t\u1ea1o c\u01a1 h\u1ed9i thu\u1eadn l\u1ee3i cho doanh nghi\u1ec7p Vi\u1ec7t Nam trong th\u1eddi gian t\u1edbi, \u0111\u1eb7c bi\u1ec7t ph\u00f9 h\u1ee3p doanh nghi\u1ec7p Vi\u1ec7t Nam \u0111\u1ea7u t\u01b0 v\u00e0o n\u00f4ng s\u1ea3n th\u1ef1c ph\u1ea9m ch\u1ebf bi\u1ebfn s\u00e2u.<\/p>\n<p style=\"text-align: justify;\">\u00d4ng L\u01b0\u01a1ng Ng\u1ecdc Quang &#8211; Ph\u00f2ng H\u1ee3p t\u00e1c qu\u1ed1c t\u1ebf &amp; Truy\u1ec1n th\u00f4ng C\u1ee5c B\u1ea3o v\u1ec7 th\u1ef1c v\u1eadt (BVTV), B\u1ed9 NN&amp;PTNT cho bi\u1ebft, c\u00e1c quy \u0111\u1ecbnh SPS trong Hi\u1ec7p \u0111\u1ecbnh RCEP d\u1ef1a tr\u00ean 6 ti\u00eau ch\u00ed, g\u1ed3m: Tu\u00e2n th\u1ee7 quy \u0111\u1ecbnh qu\u1ed1c t\u1ebf, \u0111\u00e1nh gi\u00e1 r\u1ee7i ro d\u1ef1a tr\u00ean khoa h\u1ecdc, minh b\u1ea1ch, khuy\u1ebfn kh\u00edch c\u00e1c ph\u01b0\u01a1ng ph\u00e1p c\u00f4ng nh\u1eadn l\u1eabn nhau, h\u1ee3p t\u00e1c v\u00e0 \u1ee9ng d\u1ee5ng c\u00f4ng ngh\u1ec7 trong ch\u1ee9ng nh\u1eadn.<\/p>\n<p style=\"text-align: justify;\">C\u00e1c bi\u1ec7n ph\u00e1p ki\u1ec3m d\u1ecbch \u0111\u01b0\u1ee3c qu\u1ed1c gia \u0111\u01b0a ra nh\u1eb1m ng\u0103n ch\u1eb7n c\u00e1c lo\u1ea1i sinh v\u1eadt g\u00e2y h\u1ea1i nguy hi\u1ec3m ho\u1eb7c nguy v\u1ec1 an to\u00e0n th\u1ef1c ph\u1ea9m, \u0111\u1ed3ng th\u1eddi tr\u00e1nh r\u1ee7i ro t\u1ea1i c\u1ea3ng \u1edf qu\u1ed1c gia nh\u1eadp kh\u1ea9u, th\u00fac \u0111\u1ea9y t\u1ed1c \u0111\u1ed9 th\u00f4ng quan.<\/p>\n<p style=\"text-align: justify;\">&#8220;M\u1ed7i qu\u1ed1c gia c\u00f3 quy \u0111\u1ecbnh ri\u00eang v\u1ec1 ti\u00eau chu\u1ea9n an to\u00e0n v\u00e0 ki\u1ec3m d\u1ecbch th\u1ef1c v\u1eadt. Vi\u1ec7c tu\u00e2n th\u1ee7 gi\u00fap h\u00e0ng h\u00f3a xu\u1ea5t kh\u1ea9u \u0111\u01b0\u1ee3c ch\u1ea5p nh\u1eadn t\u1ea1i n\u01b0\u1edbc nh\u1eadp kh\u1ea9u, ph\u00f2ng tr\u00e1nh vi\u1ec7c b\u1ecb c\u1ea3nh b\u00e1o, ho\u1eb7c h\u1ea1n ch\u1ebf nh\u1eadp kh\u1ea9u&#8221;, \u00f4ng Quang n\u00f3i.<\/p>\n<figure id=\"attachment_13580\" aria-describedby=\"caption-attachment-13580\" style=\"width: 726px\" class=\"wp-caption aligncenter\"><img loading=\"lazy\" decoding=\"async\" class=\"wp-image-13580\" src=\"https:\/\/hfoods.vn\/wp-content\/uploads\/2024\/08\/nong-san-2-1722585599314500481958.png\" alt=\"\" width=\"726\" height=\"472\" \/><figcaption id=\"caption-attachment-13580\" class=\"wp-caption-text\">\u00d4ng L\u01b0\u01a1ng Ng\u1ecdc Quang &#8211; Ph\u00f2ng H\u1ee3p t\u00e1c qu\u1ed1c t\u1ebf &amp; Truy\u1ec1n th\u00f4ng C\u1ee5c B\u1ea3o v\u1ec7 th\u1ef1c v\u1eadt.<\/figcaption><\/figure>\n<div>\n<p class=\"\" style=\"text-align: justify;\">V\u1edbi l\u0129nh v\u1ef1c BVTV, vi\u1ec7c tu\u00e2n th\u1ee7 m\u00e3 s\u1ed1 v\u00f9ng tr\u1ed3ng v\u00e0 c\u01a1 s\u1edf \u0111\u00f3ng g\u00f3i l\u00e0 quan tr\u1ecdng nh\u1ea5t. \u0110\u00e2y l\u00e0 y\u00eau c\u1ea7u b\u1eaft bu\u1ed9c khi \u0111\u01b0a h\u00e0ng h\u00f3a xu\u1ea5t kh\u1ea9u nh\u01b0ng kh\u00f4ng b\u1eaft bu\u1ed9c v\u1edbi s\u1ea3n ph\u1ea9m n\u1ed9i ti\u00eau.<\/p>\n<p class=\"\" style=\"text-align: justify;\">Trong th\u1ecb tr\u01b0\u1eddng RCEP, s\u1ed1 l\u01b0\u1ee3ng s\u1ea3n ph\u1ea9m \u0111\u01b0\u1ee3c ph\u00e9p xu\u1ea5t kh\u1ea9u sang Trung Qu\u1ed1c l\u1edbn nh\u1ea5t, hi\u1ec7n l\u00e0 12 s\u1ea3n ph\u1ea9m, th\u00eam v\u00e0o \u0111\u00f3 l\u00e0 d\u1eeba, chanh leo v\u00e0 \u1edbt \u0111\u01b0\u1ee3c xu\u1ea5t t\u1ea1m th\u1eddi. X\u1ebfp k\u1ebf ti\u1ebfp l\u00e0 New Zealand c\u00f3 5 s\u1ea3n ph\u1ea9m. M\u1edbi nh\u1ea5t, H\u00e0n Qu\u1ed1c ch\u00ednh th\u1ee9c c\u1ea5p ph\u00e9p cho m\u1eb7t h\u00e0ng b\u01b0\u1edfi t\u01b0\u01a1i.<\/p>\n<p class=\"\" style=\"text-align: justify;\">\u00d4ng Quang nh\u1ea5n m\u1ea1nh, d\u1ef1a tr\u00ean ph\u00e2n t\u00edch d\u1ecbch h\u1ea1i, t\u1eebng n\u01b0\u1edbc nh\u1eadp kh\u1ea9u s\u1ebd \u00e1p d\u1ee5ng x\u1eed l\u00fd ki\u1ec3m d\u1ecbch th\u1ef1c v\u1eadt ri\u00eang, c\u00e1c ph\u01b0\u01a1ng ph\u00e1p ch\u00ednh g\u1ed3m h\u01a1i n\u01b0\u1edbc n\u00f3ng, x\u1eed l\u00fd l\u1ea1nh, ho\u1eb7c chi\u1ebfu x\u1ea1.<\/p>\n<p class=\"\" style=\"text-align: justify;\">Trong khi EU, d\u00f9 \u0111\u01b0\u1ee3c gi\u1ea3m thu\u1ebf quan theo EVFTA, \u0111\u1eb7c bi\u1ec7t quan t\u00e2m \u0111\u1ebfn m\u1ee9c d\u01b0 l\u01b0\u1ee3ng. N\u1ebfu m\u1ed9t thu\u1ed1c BVTV ch\u01b0a \u0111\u01b0\u1ee3c EU thi\u1ebft l\u1eadp MRL v\u00e0 kh\u00f4ng c\u00f3 trong c\u01a1 s\u1edf d\u1eef li\u1ec7u th\u00ec s\u1ebd \u0111\u01b0\u1ee3c \u00e1p d\u1ee5ng m\u1ee9c m\u1eb7c \u0111\u1ecbnh l\u00e0 0,01 mg\/kg.<\/p>\n<p class=\"\" style=\"text-align: justify;\">\u0110\u1ea1i di\u1ec7n ti\u1ebfng n\u00f3i doanh nghi\u1ec7p, \u00f4ng \u0110\u1eb7ng Ph\u00fac Nguy\u00ean &#8211; T\u1ed5ng Th\u01b0 k\u00fd Hi\u1ec7p h\u1ed9i Rau qu\u1ea3 Vi\u1ec7t Nam nh\u1eadn \u0111\u1ecbnh: &#8220;Gi\u00e1 tr\u1ecb xu\u1ea5t kh\u1ea9u rau qu\u1ea3 c\u1ee7a Vi\u1ec7t Nam sang H\u00e0n Qu\u1ed1c, Nh\u1eadt B\u1ea3n ng\u00e0y c\u00e0ng c\u00f3 xu h\u01b0\u1edbng t\u0103ng. B\u00ean c\u1ea1nh x\u00e2y d\u1ef1ng th\u01b0\u01a1ng hi\u1ec7u, v\u1ecb th\u1ebf t\u1ea1i th\u1ecb tr\u01b0\u1eddng truy\u1ec1n th\u1ed1ng Trung Qu\u1ed1c, ng\u00e0nh rau qu\u1ea3 n\u00f3i ri\u00eang v\u00e0 n\u00f4ng s\u1ea3n Vi\u1ec7t n\u00f3i chung c\u1ea7n \u0111a d\u1ea1ng h\u01a1n n\u1eefa th\u1ecb tr\u01b0\u1eddng&#8221;.<\/p>\n<p class=\"\" style=\"text-align: justify;\">\u00d4ng Nguy\u00ean cho r\u1eb1ng, Nh\u1eadt B\u1ea3n v\u00e0 H\u00e0n Qu\u1ed1c c\u00f9ng l\u00e0 th\u00e0nh vi\u00ean c\u1ee7a Hi\u1ec7p \u0111\u1ecbnh RCEP. Doanh nghi\u1ec7p xu\u1ea5t kh\u1ea9u kh\u00f4ng ch\u1ec9 h\u01b0\u1edfng l\u1ee3i t\u1eeb thu\u1ebf quan m\u00e0 c\u00f2n gi\u1ea3m chi ph\u00ed v\u1eadn chuy\u1ec3n, logistics khi xu\u1ea5t sang nh\u1eefng th\u1ecb tr\u01b0\u1eddng xa nh\u01b0 EU, Hoa K\u1ef3.<\/p>\n<p style=\"text-align: left;\">Ngu\u1ed3n: <a href=\"https:\/\/www.nguoiduatin.vn\/so-luong-canh-bao-voi-nong-san-viet-nam-tu-eu-tang-bat-thuong-204240802150337365.htm\">https:\/\/www.nguoiduatin.vn\/so-luong-canh-bao-voi-nong-san-viet-nam-tu-eu-tang-bat-thuong-204240802150337365.htm<\/a><\/p>\n<\/div>\n<\/div>\n<\/div>\n","protected":false},"excerpt":{"rendered":"<p>Theo \u0111\u1ea1i di\u1ec7n V\u0103n ph\u00f2ng SPS Vi\u1ec7t Nam, vi\u1ec7c EU t\u0103ng s\u1ed1 l\u01b0\u1ee3ng c\u1ea3nh b\u00e1o g\u00f3p ph\u1ea7n khi\u1ebfn t\u1ea7n su\u1ea5t ki\u1ec3m tra bi\u00ean gi\u1edbi c\u1ee7a n\u00f4ng s\u1ea3n t\u0103ng trong th\u1eddi gian qua. \u0110\u1ec3 n\u1ec1n n\u00f4ng s\u1ea3n tho\u00e1t c\u1ea3nh e d\u00e8 Trong 6 th\u00e1ng \u0111\u1ea7u n\u0103m 2024, th\u00f4ng b\u00e1o thay \u0111\u1ed5i v\u00e0 d\u1ef1 th\u1ea3o c\u00e1c bi\u1ec7n&#8230;<\/p>\n","protected":false},"author":8,"featured_media":0,"parent":0,"menu_order":0,"comment_status":"closed","ping_status":"closed","template":"","meta":{"footnotes":""},"class_list":["post-13593","page","type-page","status-publish","hentry"],"_links":{"self":[{"href":"https:\/\/hfoods.vn\/vi\/wp-json\/wp\/v2\/pages\/13593","targetHints":{"allow":["GET"]}}],"collection":[{"href":"https:\/\/hfoods.vn\/vi\/wp-json\/wp\/v2\/pages"}],"about":[{"href":"https:\/\/hfoods.vn\/vi\/wp-json\/wp\/v2\/types\/page"}],"author":[{"embeddable":true,"href":"https:\/\/hfoods.vn\/vi\/wp-json\/wp\/v2\/users\/8"}],"replies":[{"embeddable":true,"href":"https:\/\/hfoods.vn\/vi\/wp-json\/wp\/v2\/comments?post=13593"}],"version-history":[{"count":0,"href":"https:\/\/hfoods.vn\/vi\/wp-json\/wp\/v2\/pages\/13593\/revisions"}],"wp:attachment":[{"href":"https:\/\/hfoods.vn\/vi\/wp-json\/wp\/v2\/media?parent=13593"}],"curies":[{"name":"wp","href":"https:\/\/api.w.org\/{rel}","templated":true}]}}