{"id":13662,"date":"2024-08-11T07:00:59","date_gmt":"2024-08-11T07:00:59","guid":{"rendered":"https:\/\/hfoods.vn\/?page_id=13662"},"modified":"2024-08-18T01:49:43","modified_gmt":"2024-08-18T01:49:43","slug":"xuat-khau-nong-san-lap-lanh-nhung-tin-hieu-vui","status":"publish","type":"page","link":"https:\/\/hfoods.vn\/vi\/xuat-khau-nong-san-lap-lanh-nhung-tin-hieu-vui\/","title":{"rendered":"Xu\u1ea5t kh\u1ea9u n\u00f4ng s\u1ea3n: L\u1ea5p l\u00e1nh nh\u1eefng t\u00edn hi\u1ec7u vui"},"content":{"rendered":"<div class=\"sc-longform-header sc-longform-header-default-normal block-sc-longform-header\">\n<p class=\"sc-longform-header-text\"><strong>\u0110i qua 2 qu\u00fd c\u1ee7a n\u0103m 2024, b\u1ee9c tranh n\u00f4ng s\u1ea3n ghi nh\u1eadn nhi\u1ec1u \u0111i\u1ec3m s\u00e1ng. \u0110\u00e1ng ch\u00fa \u00fd, nhi\u1ec1u s\u1ea3n ph\u1ea9m n\u00f4ng s\u1ea3n xu\u1ea5t kh\u1ea9u \u0111\u00e3 ng\u00e0y c\u00e0ng m\u1edf r\u1ed9ng th\u1ecb tr\u01b0\u1eddng, \u0111\u01b0\u1ee3c c\u00e1c kh\u00e1ch h\u00e0ng qu\u1ed1c t\u1ebf \u01b0a chu\u1ed9ng, \u0111i\u1ec1u n\u00e0y \u0111\u01b0\u1ee3c minh ch\u1ee9ng \u1edf vi\u1ec7c t\u0103ng c\u1ea3 gi\u00e1 tr\u1ecb v\u00e0 s\u1ed1 l\u01b0\u1ee3ng \u0111\u01a1n h\u00e0ng.<\/strong><\/p>\n<\/div>\n<p style=\"text-align: justify;\">B\u00e1o c\u00e1o c\u1ee7a B\u1ed9 N\u00f4ng nghi\u1ec7p v\u00e0 Ph\u00e1t tri\u1ec3n n\u00f4ng th\u00f4n v\u1eeba c\u00f4ng b\u1ed1 cho th\u1ea5y kim ng\u1ea1ch xu\u1ea5t kh\u1ea9u n\u00f4ng, l\u00e2m, th\u1ee7y s\u1ea3n th\u00e1ng 7\/2024 \u01b0\u1edbc \u0111\u1ea1t 5,11 t\u1ef7 USD, t\u0103ng 18,2% so v\u1edbi c\u00f9ng k\u1ef3 n\u0103m 2023. Trong \u0111\u00f3, xu\u1ea5t kh\u1ea9u nh\u00f3m n\u00f4ng s\u1ea3n ch\u00ednh \u0111\u1ea1t 2,45 t\u1ef7 USD; nh\u00f3m l\u00e2m s\u1ea3n \u0111\u1ea1t 1,46 t\u1ef7 USD; nh\u00f3m th\u1ee7y s\u1ea3n \u0111\u1ea1t 880 tri\u1ec7u USD; nh\u00f3m ch\u0103n nu\u00f4i \u0111\u1ea1t 48 tri\u1ec7u USD\u2026<\/p>\n<figure id=\"attachment_13657\" aria-describedby=\"caption-attachment-13657\" style=\"width: 1920px\" class=\"wp-caption alignnone\"><img loading=\"lazy\" decoding=\"async\" class=\"wp-image-13657 size-full\" src=\"https:\/\/hfoods.vn\/wp-content\/uploads\/2024\/08\/nsang98-1.jpg\" alt=\"\" width=\"1920\" height=\"1197\" \/><figcaption id=\"caption-attachment-13657\" class=\"wp-caption-text\">Nhi\u1ec1u lo\u1ea1i tr\u00e1i c\u00e2y Vi\u1ec7t Nam \u0111\u00e3 chinh ph\u1ee5c \u0111\u01b0\u1ee3c th\u1ecb tr\u01b0\u1eddng kh\u00f3 t\u00ednh.<\/figcaption><\/figure>\n<p style=\"text-align: justify;\"><strong>Nh\u1eefng t\u00edn hi\u1ec7u kh\u1ea3 quan<\/strong><\/p>\n<p style=\"text-align: justify;\">Nhi\u1ec1u m\u1eb7t h\u00e0ng c\u00f3 gi\u00e1 tr\u1ecb xu\u1ea5t kh\u1ea9u ch\u1ee9ng ki\u1ebfn s\u1ef1 \u0111\u1ed9t ph\u00e1 \u1ea5n t\u01b0\u1ee3ng, ch\u1eb3ng h\u1ea1n nh\u01b0 c\u00e0 ph\u00ea \u0111\u1ea1t g\u1ea7n 3,6 t\u1ef7 USD, t\u0103ng 31%, g\u1ea1o \u0111\u1ea1t g\u1ea7n 3,3 t\u1ef7 USD, t\u0103ng 25%, rau qu\u1ea3 \u0111\u1ea1t h\u01a1n 3,8 t\u1ef7 USD, t\u0103ng 24,3% so v\u1edbi c\u00f9ng k\u1ef3 n\u0103m ngo\u00e1i.<\/p>\n<p style=\"text-align: justify;\">Theo nh\u1eadn \u0111\u1ecbnh c\u1ee7a T\u1ed5ng c\u1ee5c Th\u1ed1ng k\u00ea, ng\u00e0nh n\u00f4ng nghi\u1ec7p c\u00f3 kh\u1edfi \u0111\u1ea7u kh\u00e1 t\u1ed1t khi duy tr\u00ec \u0111\u01b0\u1ee3c m\u1ee9c t\u0103ng tr\u01b0\u1edfng \u1ed5n \u0111\u1ecbnh, nh\u1ea5t l\u00e0 khi s\u1ea3n xu\u1ea5t n\u00f4ng nghi\u1ec7p v\u1eeba \u0111\u01b0\u1ee3c m\u00f9a, v\u1eeba \u0111\u01b0\u1ee3c gi\u00e1. S\u1ed1 li\u1ec7u th\u1ed1ng k\u00ea cho th\u1ea5y, b\u00ecnh qu\u00e2n 6 th\u00e1ng \u0111\u1ea7u n\u0103m 2024, ch\u1ec9 s\u1ed1 gi\u00e1 b\u00e1n s\u1ea3n ph\u1ea9m n\u00f4ng nghi\u1ec7p t\u0103ng 10,29% so v\u1edbi b\u00ecnh qu\u00e2n c\u00f9ng k\u1ef3 n\u0103m 2023, trong \u0111\u00f3 ch\u1ec9 s\u1ed1 gi\u00e1 s\u1ea3n ph\u1ea9m c\u00e2y h\u00e0ng n\u0103m t\u0103ng 11,27%; c\u00e2y l\u00e2u n\u0103m t\u0103ng 22,3%.<\/p>\n<p style=\"text-align: justify;\">Gi\u1edbi chuy\u00ean gia ng\u00e0nh n\u00f4ng nghi\u1ec7p nh\u1eadn \u0111\u1ecbnh, nh\u1eefng con s\u1ed1 n\u00f3i tr\u00ean cho th\u1ea5y nh\u1eefng t\u00edn hi\u1ec7u \u0111\u00e1ng m\u1eebng c\u1ee7a ng\u00e0nh n\u00f4ng s\u1ea3n Vi\u1ec7t.<\/p>\n<p style=\"text-align: justify;\">V\u1edbi nh\u1eefng n\u1ed7 l\u1ef1c c\u1ee7a ng\u00e0nh n\u00f4ng nghi\u1ec7p, th\u1eddi gian qua, nhi\u1ec1u lo\u1ea1i tr\u00e1i c\u00e2y, n\u00f4ng s\u1ea3n \u201cmade in Vietnam\u201d \u0111\u00e3 \u0111\u1eb7t ch\u00e2n \u0111\u1ebfn nhi\u1ec1u th\u1ecb tr\u01b0\u1eddng tr\u00ean th\u1ebf gi\u1edbi. \u0110\u1eb7c bi\u1ec7t, v\u1edbi nh\u1eefng th\u1ecb tr\u01b0\u1eddng kh\u00f3 t\u00ednh nh\u01b0 EU, Hoa K\u1ef3, Nh\u1eadt B\u1ea3n&#8230; vi\u1ec7c c\u00f3 th\u1ec3 th\u00e2m nh\u1eadp v\u00e0 v\u1eefng ch\u00e2n t\u1ea1i c\u00e1c th\u1ecb tr\u01b0\u1eddng n\u00e0y cho th\u1ea5y, ch\u1ea5t l\u01b0\u1ee3ng h\u00e0ng h\u00f3a n\u00f4ng s\u1ea3n xu\u1ea5t kh\u1ea9u c\u1ee7a ch\u00fang ta ng\u00e0y c\u00e0ng \u0111\u01b0\u1ee3c n\u00e2ng cao, \u0111\u00e1p \u1ee9ng \u0111\u01b0\u1ee3c nhu c\u1ea7u c\u1ee7a ng\u01b0\u1eddi ti\u00eau d\u00f9ng th\u1ebf gi\u1edbi.<\/p>\n<p style=\"text-align: justify;\">Nhi\u1ec1u doanh nghi\u1ec7p (DN) xu\u1ea5t kh\u1ea9u b\u00e0y t\u1ecf, trong 7 th\u00e1ng \u0111\u1ea7u n\u0103m, ho\u1ea1t \u0111\u1ed9ng xu\u1ea5t kh\u1ea9u n\u00f4ng s\u1ea3n, tr\u00e1i c\u00e2y c\u1ee7a DN g\u1eb7p nhi\u1ec1u thu\u1eadn l\u1ee3i, \u0111\u01a1n h\u00e0ng t\u0103ng n\u00ean doanh thu t\u0103ng, cho th\u1ea5y nh\u1eefng d\u1ef1 c\u1ea3m vui s\u1ebd \u0111\u1ebfn v\u1edbi ho\u1ea1t \u0111\u1ed9ng n\u00f4ng s\u1ea3n xu\u1ea5t kh\u1ea9u c\u1ea3 n\u0103m 2024. \u00d4ng Nguy\u1ec5n \u0110\u00ecnh T\u00f9ng &#8211; T\u1ed5ng Gi\u00e1m \u0111\u1ed1c C\u00f4ng ty Vina T&amp;T cho hay, n\u0103m 2024, l\u1ea7n \u0111\u1ea7u c\u00f4ng ty xu\u1ea5t kh\u1ea9u xo\u00e0i An Giang \u0111i M\u1ef9, Australia, v\u00e0 c\u0169ng trong n\u0103m n\u00e0y, s\u1ea3n ph\u1ea9m s\u1ea7u ri\u00eang c\u1ee7a DN n\u00e0y c\u0169ng \u0111\u00e3 \u0111\u01b0\u1ee3c xu\u1ea5t th\u00eam m\u1ed9t s\u1ea3n l\u01b0\u1ee3ng l\u1edbn sang th\u1ecb tr\u01b0\u1eddng Trung Qu\u1ed1c. \u201c7 th\u00e1ng qua, ho\u1ea1t \u0111\u1ed9ng xu\u1ea5t kh\u1ea9u c\u00e1c m\u1eb7t h\u00e0ng n\u00f4ng s\u1ea3n r\u1ea5t thu\u1eadn l\u1ee3i, kim ng\u1ea1ch xu\u1ea5t kh\u1ea9u t\u0103ng\u201d &#8211; \u00f4ng T\u00f9ng chia s\u1ebb.<\/p>\n<p style=\"text-align: justify;\">C\u0169ng theo \u00f4ng T\u00f9ng, nh\u1edd m\u1edf r\u1ed9ng th\u1ecb tr\u01b0\u1eddng ti\u00eau th\u1ee5 li\u00ean t\u1ee5c, n\u00ean xu\u1ea5t kh\u1ea9u tr\u00e1i c\u00e2y c\u1ee7a DN t\u0103ng tr\u01b0\u1edfng kh\u00e1 \u1ea5n t\u01b0\u1ee3ng trong n\u1eeda \u0111\u1ea7u n\u0103m. Trong \u0111\u00f3, nhi\u1ec1u lo\u1ea1i tr\u00e1i c\u00e2y th\u00e2m nh\u1eadp v\u00e0o c\u00e1c th\u1ecb tr\u01b0\u1eddng m\u1edbi nh\u01b0 Trung \u0110\u00f4ng, Australia, New Zealand\u2026<\/p>\n<p style=\"text-align: justify;\">C\u00f2n theo l\u00e3nh \u0111\u1ea1o C\u00f4ng ty TNHH Tr\u00e0 Vinh Farm, v\u1edbi c\u00e1c s\u1ea3n ph\u1ea9m li\u00ean quan \u0111\u1ebfn m\u1eadt hoa d\u1eeba n\u01b0\u1edbc, trong n\u1eeda \u0111\u1ea7u n\u0103m, DN n\u00e0y ghi nh\u1eadn ho\u1ea1t \u0111\u1ed9ng xu\u1ea5t kh\u1ea9u t\u0103ng kho\u1ea3ng 200% so v\u1edbi n\u0103m 2023, t\u1eadp trung t\u1ea1i c\u00e1c th\u1ecb tr\u01b0\u1eddng \u0110\u1ee9c, H\u00e0 Lan, M\u1ef9 v\u00e0 m\u1edf r\u1ed9ng th\u00eam th\u1ecb tr\u01b0\u1eddng Australia.<\/p>\n<p style=\"text-align: justify;\">N\u00eau nguy\u00ean nh\u00e2n kim ng\u1ea1ch xu\u1ea5t kh\u1ea9u n\u00f4ng s\u1ea3n, nh\u1ea5t l\u00e0 tr\u00e1i c\u00e2y t\u0103ng m\u1ea1nh th\u1eddi gian qua, gi\u1edbi chuy\u00ean gia ng\u00e0nh n\u00f4ng nghi\u1ec7p cho hay: Hi\u1ec7n Vi\u1ec7t Nam c\u00f3 nhi\u1ec1u lo\u1ea1i tr\u00e1i c\u00e2y m\u1edbi xu\u1ea5t kh\u1ea9u v\u00e0o nhi\u1ec1u th\u1ecb tr\u01b0\u1eddng. Tr\u01b0\u1edbc \u0111\u00e2y c\u00f3 xu\u1ea5t kh\u1ea9u nh\u01b0ng ch\u01b0a \u0111\u01b0\u1ee3c ghi nh\u1eadn v\u00ec ch\u01b0a xu\u1ea5t kh\u1ea9u ch\u00ednh ng\u1ea1ch. T\u1eeb ng\u00e0y s\u1ea7u ri\u00eang xu\u1ea5t ch\u00ednh ng\u1ea1ch sang Trung Qu\u1ed1c, b\u01b0\u1edfi xu\u1ea5t sang M\u1ef9 &#8211; New Zealand, nh\u00e3n xu\u1ea5t \u0111\u01b0\u1ee3c sang Nh\u1eadt B\u1ea3n&#8230; c\u00e1c DN xu\u1ea5t kh\u1ea9u n\u00f4ng s\u1ea3n, tr\u00e1i c\u00e2y \u0111\u00e3 c\u00f3 nhi\u1ec1u c\u01a1 h\u1ed9i \u0111\u1ec3 b\u1ee9t ph\u00e1.<\/p>\n<p style=\"text-align: justify;\">Theo nh\u1eadn \u0111\u1ecbnh c\u1ee7a c\u00e1c chuy\u00ean gia trong ng\u00e0nh, \u0111\u1ec3 c\u00f3 th\u1ec3 thu v\u1ec1 nh\u1eefng \u201ctr\u00e1i ng\u1ecdt\u201d trong xu\u1ea5t kh\u1ea9u nh\u00f3m ng\u00e0nh h\u00e0ng n\u00f4ng s\u1ea3n n\u00f3i chung, ng\u00e0nh rau qu\u1ea3, tr\u00e1i c\u00e2y n\u00f3i ri\u00eang, c\u00f3 s\u1ef1 n\u1ed7 l\u1ef1c l\u1edbn c\u1ee7a nh\u00e0 qu\u1ea3n l\u00fd c\u0169ng nh\u01b0 c\u1ed9ng \u0111\u1ed3ng DN trong vi\u1ec7c \u0111\u1ea9y m\u1ea1nh \u0111\u1ea7u t\u01b0 v\u00e0o c\u00f4ng ngh\u1ec7 ch\u1ebf bi\u1ebfn, th\u00fac \u0111\u1ea9y gia t\u0103ng ch\u1ea5t l\u01b0\u1ee3ng s\u1ea3n ph\u1ea9m, t\u1eeb \u0111\u00f3 n\u00e2ng s\u1ee9c c\u1ea1nh tranh. V\u00e0 \u0111\u00e2y c\u0169ng l\u00e0 xu h\u01b0\u1edbng t\u1ea5t y\u1ebfu trong b\u1ed1i c\u1ea3nh h\u1ed9i nh\u1eadp hi\u1ec7n nay.<\/p>\n<p style=\"text-align: justify;\"><strong>\u1ea4n t\u01b0\u1ee3ng t\u1eeb s\u1ea7u ri\u00eang, g\u1ea1o, th\u1ee7y s\u1ea3n<\/strong><\/p>\n<p style=\"text-align: justify;\">M\u1ed9t trong nh\u1eefng s\u1ea3n ph\u1ea9m \u0111\u1ea1t \u0111i\u1ec3m s\u00e1ng nh\u1ea5t trong b\u1ee9c tranh n\u00f4ng s\u1ea3n xu\u1ea5t kh\u1ea9u th\u1eddi gian qua ph\u1ea3i k\u1ec3 \u0111\u1ebfn s\u1ea7u ri\u00eang. Lo\u1ea1i tr\u00e1i c\u00e2y n\u00e0y \u0111\u01b0\u1ee3c nhi\u1ec1u DN v\u00ed l\u00e0 &#8220;h\u1ed3n&#8221; c\u1ee7a tr\u00e1i c\u00e2y Vi\u1ec7t Nam v\u00ec \u0111\u01b0\u1ee3c \u01b0a chu\u1ed9ng h\u00e0ng \u0111\u1ea7u t\u1ea1i c\u00e1c th\u1ecb tr\u01b0\u1eddng nh\u1eadp kh\u1ea9u.<\/p>\n<p style=\"text-align: justify;\">Theo chia s\u1ebb c\u1ee7a nhi\u1ec1u DN, s\u1ea7u ri\u00eang \u0111\u00f4ng l\u1ea1nh xu\u1ea5t sang Trung Qu\u1ed1c lu\u00f4n \u0111\u01b0\u1ee3c gi\u00e1, th\u01b0\u1eddng cao g\u1ea5p 2,5 l\u1ea7n s\u1ea7u ri\u00eang t\u01b0\u01a1i v\u00e0 c\u00e1c DN nh\u1eadn \u0111\u01b0\u1ee3c nhi\u1ec1u \u0111\u01a1n h\u00e0ng. C\u00f3 DN m\u1ed7i th\u00e1ng xu\u1ea5t 2 container s\u1ea7u ri\u00eang \u0111\u00f4ng l\u1ea1nh.<\/p>\n<p style=\"text-align: justify;\">C\u0169ng l\u00e0 ng\u00e0nh kinh t\u1ebf m\u0169i nh\u1ecdn, chi\u1ebfm 4 &#8211; 5% GDP v\u00e0 chi\u1ebfm 9 &#8211; 10% t\u1ed5ng kim ng\u1ea1ch xu\u1ea5t kh\u1ea9u c\u1ee7a c\u1ea3 n\u01b0\u1edbc, \u0111\u1ee9ng th\u1ee9 5 v\u1ec1 gi\u00e1 tr\u1ecb xu\u1ea5t kh\u1ea9u (ch\u1ec9 sau \u0111i\u1ec7n t\u1eed, may m\u1eb7c, d\u1ea7u th\u00f4, gi\u00e0y d\u00e9p), theo Hi\u1ec7p h\u1ed9i Ch\u1ebf bi\u1ebfn v\u00e0 xu\u1ea5t kh\u1ea9u th\u1ee7y s\u1ea3n Vi\u1ec7t Nam (VASEP), 7 th\u00e1ng qua d\u00f9 r\u1ea5t kh\u00f3 kh\u0103n khi ph\u1ea3i c\u1ea1nh tranh v\u1edbi t\u00f4m Ecuador, \u1ea4n \u0110\u1ed9&#8230; song nhi\u1ec1u DN th\u1ee7y s\u1ea3n cho bi\u1ebft, kim ng\u1ea1ch, gi\u00e1 tr\u1ecb xu\u1ea5t kh\u1ea9u t\u00f4m ti\u1ebfp t\u1ee5c t\u0103ng tr\u01b0\u1edfng t\u1ed1t.<\/p>\n<p style=\"text-align: justify;\">C\u00f9ng v\u1edbi tr\u00e1i c\u00e2y, th\u1ee7y s\u1ea3n th\u00ec ng\u00e0nh g\u1ea1o xu\u1ea5t kh\u1ea9u trong 2 qu\u00fd \u0111\u1ea7u n\u0103m c\u0169ng ghi nh\u1eadn nh\u1eefng con s\u1ed1 \u201cl\u1ea5p l\u00e1nh\u201d. \u0110\u01a1n c\u1eed, l\u1ea7n \u0111\u1ea7u ti\u00ean g\u1ea1o c\u1ee7a Vi\u1ec7t Nam \u0111\u01b0\u1ee3c xu\u1ea5t kh\u1ea9u nhi\u1ec1u nh\u1ea5t sang Philippines v\u1edbi g\u1ea7n 1,94 tri\u1ec7u t\u1ea5n, tr\u1ecb gi\u00e1 h\u01a1n 1,2 t\u1ef7 USD, t\u0103ng h\u01a1n 14% v\u1ec1 l\u01b0\u1ee3ng, t\u0103ng h\u01a1n 40% v\u1ec1 tr\u1ecb gi\u00e1.<\/p>\n<p style=\"text-align: justify;\">Hi\u1ec7p h\u1ed9i L\u01b0\u01a1ng th\u1ef1c Vi\u1ec7t Nam (VFA) cho hay, gi\u00e1 xu\u1ea5t kh\u1ea9u g\u1ea1o trung b\u00ecnh c\u1ee7a Vi\u1ec7t Nam h\u01a1n 6 th\u00e1ng qua c\u00f3 m\u1ee9c cao k\u1ef7 l\u1ee5c: 636 USD\/t\u1ea5n, t\u0103ng 18% so v\u1edbi m\u1ee9c gi\u00e1 b\u00ecnh qu\u00e2n 538 USD\/t\u1ea5n c\u1ee7a 6 th\u00e1ng \u0111\u1ea7u n\u0103m 2023. Ch\u1eb3ng h\u1ea1n, c\u00f3 th\u1eddi \u0111i\u1ec3m gi\u00e1 g\u1ea1o xu\u1ea5t kh\u1ea9u c\u1ee7a Vi\u1ec7t Nam sang Brunei l\u00ean t\u1edbi 959 USD\/t\u1ea5n, sang M\u1ef9 \u0111\u1ea1t 868 USD\/t\u1ea5n, H\u00e0 Lan \u0111\u1ea1t 857 USD\/t\u1ea5n, Ukraine \u0111\u1ea1t 847 USD\/t\u1ea5n, Iraq \u0111\u1ea1t 836 USD\/t\u1ea5n, Th\u1ed5 Nh\u0129 K\u1ef3 \u0111\u1ea1t 831 USD\/t\u1ea5n&#8230;<\/p>\n<p style=\"text-align: justify;\">Theo VFA, nhu c\u1ea7u nh\u1eadp kh\u1ea9u t\u1eeb c\u00e1c kh\u00e1ch h\u00e0ng truy\u1ec1n th\u1ed1ng c\u1ee7a Vi\u1ec7t Nam nh\u01b0 Philippines, Indonesia, Trung Qu\u1ed1c, Ghana, Malaysia, Singapore&#8230; \u1edf m\u1ee9c cao v\u00e0 t\u0103ng l\u00ean. Ngo\u00e0i ra, c\u00e1c DN xu\u1ea5t kh\u1ea9u g\u1ea1o c\u0169ng \u0111ang t\u00edch c\u1ef1c m\u1edf r\u1ed9ng sang c\u00e1c th\u1ecb tr\u01b0\u1eddng m\u1edbi nh\u01b0 Trung \u0110\u00f4ng, ch\u00e2u Phi, Nam M\u1ef9, H\u00e0n Qu\u1ed1c, Nh\u1eadt B\u1ea3n&#8230;<\/p>\n<p style=\"text-align: justify;\">Nh\u01b0 v\u1eady, c\u00f3 th\u1ec3 th\u1ea5y, b\u1ee9c tranh xu\u1ea5t kh\u1ea9u n\u00f4ng, th\u1ee7y s\u1ea3n \u0111ang \u0111\u00f3n nh\u1eadn nh\u1eefng t\u00edn hi\u1ec7u t\u00edch c\u1ef1c. D\u1ef1 b\u00e1o, n\u1eeda cu\u1ed1i n\u0103m 2024, nhu c\u1ea7u ti\u00eau d\u00f9ng s\u1ebd ti\u1ebfp t\u1ee5c t\u0103ng l\u00ean, ho\u1ea1t \u0111\u1ed9ng xu\u1ea5t kh\u1ea9u s\u1ebd ti\u1ebfp t\u1ee5c b\u1eadn r\u1ed9n v\u00e0o kho\u1ea3ng th\u1eddi gian n\u00e0y.<\/p>\n<p style=\"text-align: justify;\">Do v\u1eady, c\u00e1c DN xu\u1ea5t kh\u1ea9u c\u1ea7n ph\u1ea3i n\u1ed7 l\u1ef1c ch\u1edbp \u201cth\u1eddi c\u01a1 v\u00e0ng&#8221; \u0111\u1ec3 b\u1ee9t t\u1ed1c trong th\u1eddi \u0111i\u1ec3m n\u01b0\u1edbc r\u00fat n\u00e0y. V\u00e0 \u0111\u1ec3 ch\u1edbp \u0111\u01b0\u1ee3c th\u1eddi c\u01a1, theo \u00f4ng \u0110\u1eb7ng Ph\u00fac Nguy\u00ean &#8211; T\u1ed5ng Th\u01b0 k\u00fd Hi\u1ec7p h\u1ed9i Rau qu\u1ea3 Vi\u1ec7t Nam, v\u1ea5n \u0111\u1ec1 quy\u1ebft \u0111\u1ecbnh v\u1eabn ph\u1ea3i l\u00e0 ch\u1ea5t l\u01b0\u1ee3ng, \u0111\u1ea3m b\u1ea3o ch\u1eef t\u00edn, \u0111\u00e1p \u1ee9ng c\u00e1c quy chu\u1ea9n kh\u1eaft khe, n\u00e2ng cao h\u00e0ng r\u00e0o k\u1ef9 thu\u1eadt \u0111\u1ec3 ch\u1ee7 \u0111\u1ed9ng \u0111\u00e1p \u1ee9ng t\u1ea5t c\u1ea3 c\u00e1c th\u1ecb tr\u01b0\u1eddng.<\/p>\n<p style=\"text-align: justify;\">Ngu\u1ed3n: <a href=\"https:\/\/daidoanket.vn\/xuat-khau-nong-san-lap-lanh-nhung-tin-hieu-vui-10287730.html\">https:\/\/daidoanket.vn\/xuat-khau-nong-san-lap-lanh-nhung-tin-hieu-vui-10287730.html<\/a><\/p>\n","protected":false},"excerpt":{"rendered":"<p>\u0110i qua 2 qu\u00fd c\u1ee7a n\u0103m 2024, b\u1ee9c tranh n\u00f4ng s\u1ea3n ghi nh\u1eadn nhi\u1ec1u \u0111i\u1ec3m s\u00e1ng. \u0110\u00e1ng ch\u00fa \u00fd, nhi\u1ec1u s\u1ea3n ph\u1ea9m n\u00f4ng s\u1ea3n xu\u1ea5t kh\u1ea9u \u0111\u00e3 ng\u00e0y c\u00e0ng m\u1edf r\u1ed9ng th\u1ecb tr\u01b0\u1eddng, \u0111\u01b0\u1ee3c c\u00e1c kh\u00e1ch h\u00e0ng qu\u1ed1c t\u1ebf \u01b0a chu\u1ed9ng, \u0111i\u1ec1u n\u00e0y \u0111\u01b0\u1ee3c minh ch\u1ee9ng \u1edf vi\u1ec7c t\u0103ng c\u1ea3 gi\u00e1 tr\u1ecb v\u00e0 s\u1ed1 l\u01b0\u1ee3ng&#8230;<\/p>\n","protected":false},"author":8,"featured_media":0,"parent":0,"menu_order":0,"comment_status":"closed","ping_status":"closed","template":"","meta":{"footnotes":""},"class_list":["post-13662","page","type-page","status-publish","hentry"],"_links":{"self":[{"href":"https:\/\/hfoods.vn\/vi\/wp-json\/wp\/v2\/pages\/13662","targetHints":{"allow":["GET"]}}],"collection":[{"href":"https:\/\/hfoods.vn\/vi\/wp-json\/wp\/v2\/pages"}],"about":[{"href":"https:\/\/hfoods.vn\/vi\/wp-json\/wp\/v2\/types\/page"}],"author":[{"embeddable":true,"href":"https:\/\/hfoods.vn\/vi\/wp-json\/wp\/v2\/users\/8"}],"replies":[{"embeddable":true,"href":"https:\/\/hfoods.vn\/vi\/wp-json\/wp\/v2\/comments?post=13662"}],"version-history":[{"count":0,"href":"https:\/\/hfoods.vn\/vi\/wp-json\/wp\/v2\/pages\/13662\/revisions"}],"wp:attachment":[{"href":"https:\/\/hfoods.vn\/vi\/wp-json\/wp\/v2\/media?parent=13662"}],"curies":[{"name":"wp","href":"https:\/\/api.w.org\/{rel}","templated":true}]}}