{"id":14021,"date":"2024-10-25T13:00:01","date_gmt":"2024-10-25T13:00:01","guid":{"rendered":"https:\/\/hfoods.vn\/?page_id=14021"},"modified":"2024-10-27T11:51:41","modified_gmt":"2024-10-27T11:51:41","slug":"lien-ket-viet-cau-noi-dua-hang-viet-nam-dan-tiep-can-chuoi-phan-phoi-tai-bi","status":"publish","type":"page","link":"https:\/\/hfoods.vn\/vi\/lien-ket-viet-cau-noi-dua-hang-viet-nam-dan-tiep-can-chuoi-phan-phoi-tai-bi\/","title":{"rendered":"Li\u00ean k\u1ebft Vi\u1ec7t &#8211; c\u1ea7u n\u1ed1i \u0111\u01b0a h\u00e0ng Vi\u1ec7t Nam d\u1ea7n ti\u1ebfp c\u1eadn chu\u1ed7i ph\u00e2n ph\u1ed1i t\u1ea1i B\u1ec9"},"content":{"rendered":"<p style=\"text-align: justify;\"><strong>240 s\u1ea3n ph\u1ea9m h\u00e0ng h\u00f3a Vi\u1ec7t Nam \u0111\u00e3 c\u00f3 m\u1eb7t tr\u00ean k\u1ec7 si\u00eau th\u1ecb Carrefour Brussel, V\u01b0\u01a1ng qu\u1ed1c B\u1ec9 v\u00e0 s\u1eb5n s\u00e0ng ph\u1ee5c v\u1ee5 ng\u01b0\u1eddi d\u00e2n v\u00f9ng trung t\u00e2m Brussels.<\/strong><\/p>\n<p style=\"text-align: justify;\">Ng\u00e0y 24\/10\/2024, nh\u1eefng m\u1eb7t h\u00e0ng cu\u1ed1i c\u00f9ng trong h\u01a1n 240 s\u1ea3n ph\u1ea9m n\u00f4ng s\u1ea3n th\u1ef1c ph\u1ea9m c\u1ee7a Vi\u1ec7t Nam \u0111\u00e3 \u0111\u01b0\u1ee3c tr\u01b0ng b\u00e0y \u0111\u1ea7y \u0111\u1ee7 trong di\u1ec7n t\u00edch kho\u1ea3ng 4m2 t\u1ea1i si\u00eau th\u1ecb Carrefour Brussel, V\u01b0\u01a1ng qu\u1ed1c B\u1ec9 v\u00e0 s\u1eb5n s\u00e0ng ph\u1ee5c v\u1ee5 ng\u01b0\u1eddi d\u00e2n v\u00f9ng trung t\u00e2m Brussels &#8211; khu v\u1ef1c qu\u1ea3ng tr\u01b0\u1eddng Cinquantenaire n\u1ed5i ti\u1ebfng.<\/p>\n<p style=\"text-align: justify;\">240 s\u1ea3n ph\u1ea9m\u00a0<a class=\"__MB_LINK_IN_ARTICLE\" title=\"Xem th\u00eam tin v\u1ec1 h\u00e0ng Vi\u1ec7t Nam\" href=\"https:\/\/congthuong.vn\/chu-de\/hang-viet-nam.topic\">h\u00e0ng Vi\u1ec7t Nam<\/a>\u00a0l\u1ea7n n\u00e0y v\u00e0 d\u1ef1 ki\u1ebfn ti\u1ebfp t\u1ee5c s\u1ebd \u0111\u01b0a th\u00eam 30 m\u1eb7t h\u00e0ng kh\u00e1c l\u00ean k\u1ec7 si\u00eau th\u1ecb trong t\u01b0\u01a1ng lai g\u1ea7n l\u00e0 m\u1ed9t c\u00e2u tr\u1ea3 l\u1eddi ph\u1ea7n n\u00e0o cho tr\u0103n tr\u1edf khi n\u00e0o s\u1ea3n ph\u1ea9m Vi\u1ec7t s\u1ebd chi\u1ebfm l\u0129nh khu \u0111\u1ed3 \u00c1 t\u1ea1i c\u00e1c chu\u1ed7i ph\u00e2n ph\u1ed1i c\u1ee7a h\u1ec7 th\u1ed1ng Th\u01b0\u01a1ng v\u1ee5 Vi\u1ec7t Nam t\u1ea1i ch\u00e2u \u00c2u.<\/p>\n<p style=\"text-align: justify;\">Th\u00e0nh c\u00f4ng b\u01b0\u1edbc \u0111\u1ea7u n\u00e0y ch\u00ednh l\u00e0 nh\u1edd s\u1ee9c m\u1ea1nh c\u1ee7a Li\u00ean k\u1ebft Vi\u1ec7t v\u00e0 nh\u1eefng t\u00e2m huy\u1ebft c\u0169ng nh\u01b0 t\u00ecnh c\u1ea3m ch\u00e2n th\u00e0nh d\u00e0nh cho h\u00e0ng Vi\u1ec7t.<\/p>\n<figure id=\"attachment_14017\" aria-describedby=\"caption-attachment-14017\" style=\"width: 1060px\" class=\"wp-caption alignnone\"><img loading=\"lazy\" decoding=\"async\" class=\"wp-image-14017 size-full\" src=\"https:\/\/hfoods.vn\/wp-content\/uploads\/2024\/10\/12345-3.jpg\" alt=\"\" width=\"1060\" height=\"771\" \/><figcaption id=\"caption-attachment-14017\" class=\"wp-caption-text\">H\u00e0ng Vi\u1ec7t Nam \u0111\u00e3 l\u00ean k\u1ec7 si\u00eau th\u1ecb Carrefour Brussel, V\u01b0\u01a1ng qu\u1ed1c B\u1ec9.<\/figcaption><\/figure>\n<p style=\"text-align: justify;\">Trong n\u1ed7 l\u1ef1c \u0111\u01b0a h\u00e0ng Vi\u1ec7t Nam v\u00e0o chu\u1ed7i ph\u00e2n ph\u1ed1i t\u1ea1i B\u1ec9 theo ch\u1ec9 \u0111\u1ea1o c\u1ee7a B\u1ed9 tr\u01b0\u1edfng B\u1ed9 C\u00f4ng Th\u01b0\u01a1ng v\u00e0 \u0110\u1ea1i s\u1ee9 Vi\u1ec7t Nam t\u1ea1i B\u1ec9, Th\u01b0\u01a1ng v\u1ee5 \u0111\u00e3 nh\u1eadn \u0111\u01b0\u1ee3c s\u1ef1 h\u1ed7 tr\u1ee3 r\u1ea5t nhi\u1ec7t t\u00ecnh c\u1ee7a ch\u1ecb Nguy\u1ec5n Th\u1ecb Minh Li\u00ean &#8211; Gi\u00e1m \u0111\u1ed1c C\u00f4ng ty Xu\u1ea5t nh\u1eadp kh\u1ea9u Vinamex t\u1ea1i B\u1ec9 &#8211; m\u1ed9t c\u00f4ng ty chuy\u00ean nh\u1eadp kh\u1ea9u v\u00e0 cung \u1ee9ng h\u00e0ng n\u00f4ng s\u1ea3n Vi\u1ec7t Nam t\u1ea1i B\u1ec9. V\u1edbi kh\u00e1t khao \u0111\u01b0a h\u00e0ng Vi\u1ec7t \u0111\u1ebfn B\u1ec9 nhi\u1ec1u h\u01a1n, ch\u1ecb kh\u00f4ng ng\u1ea7n ng\u1ea1i chia s\u1ebb v\u1edbi Th\u01b0\u01a1ng v\u1ee5 Vi\u1ec7t Nam t\u1ea1i B\u1ec9 nh\u1eefng \u0111\u1ecba ch\u1ec9, b\u1ea1n h\u00e0ng c\u1ee7a ch\u1ecb v\u00e0 r\u1ea5t nhi\u1ec7t t\u00ecnh k\u1ebft n\u1ed1i Th\u01b0\u01a1ng v\u1ee5 v\u1edbi c\u00e1c chu\u1ed7i si\u00eau th\u1ecb t\u1ea1i B\u1ec9.<\/p>\n<p style=\"text-align: justify;\">Nh\u1edd s\u1ef1 nhi\u1ec7t t\u00ecnh v\u00e0 ch\u00e2n th\u00e0nh,\u00a0<a class=\"__MB_LINK_IN_ARTICLE\" title=\"Xem th\u00eam tin v\u1ec1 Th\u01b0\u01a1ng v\u1ee5 Vi\u1ec7t Nam t\u1ea1i B\u1ec9 \" href=\"https:\/\/congthuong.vn\/chu-de\/thuong-vu-viet-nam.topic\">Th\u01b0\u01a1ng v\u1ee5 Vi\u1ec7t Nam t\u1ea1i B\u1ec9\u00a0<\/a>\u0111\u00e3 ti\u1ebfp c\u1eadn \u0111\u01b0\u1ee3c m\u1ed9t s\u1ed1 ch\u1ee7 si\u00eau th\u1ecb l\u1edbn nh\u01b0 Carrefour, Grand Epicie, Spar v\u00e0 b\u1eaft \u0111\u1ea7u h\u00e0nh tr\u00ecnh gi\u1edbi thi\u1ec7u n\u00f4ng s\u1ea3n th\u1ef1c ph\u1ea9m Vi\u1ec7t Nam t\u1ea1i B\u1ec9.<\/p>\n<p style=\"text-align: justify;\">Tuy nhi\u00ean, ngu\u1ed3n h\u00e0ng n\u00f4ng s\u1ea3n th\u1ef1c ph\u1ea9m c\u1ee7a Vi\u1ec7t Nam nh\u1eadp kh\u1ea9u v\u00e0o B\u1ec9 ch\u01b0a phong ph\u00fa m\u00e0 \u0111\u1ea7u v\u00e0o cho c\u00e1c si\u00eau th\u1ecb ph\u1ea3i \u1ed5n \u0111\u1ecbnh v\u00e0 \u0111a d\u1ea1ng l\u00e0 v\u1ea5n \u0111\u1ec1 Th\u01b0\u01a1ng v\u1ee5 ph\u1ea3i c\u00e2n nh\u1eafc, thuy\u1ebft ph\u1ee5c c\u00e1c nh\u00e0 nh\u1eadp kh\u1ea9u t\u1ea1i B\u1ec9 nh\u1eadp kh\u1ea9u th\u00eam h\u00e0ng Vi\u1ec7t Nam, hay t\u00ecm th\u00eam nh\u00e0 nh\u1eadp kh\u1ea9u&#8230;.<\/p>\n<p style=\"text-align: justify;\">Nh\u1eefng ch\u1ec9 \u0111\u1ea1o c\u1ee7a B\u1ed9 tr\u01b0\u1edfng Nguy\u1ec5n H\u1ed3ng Di\u00ean t\u1ea1i H\u1ed9i ngh\u1ecb Tham t\u00e1n th\u01b0\u01a1ng m\u1ea1i khu v\u1ef1c ch\u00e2u \u00c2u l\u00e0 ph\u1ea3i li\u00ean k\u1ebft \u0111\u1ec3 ph\u00e1t huy s\u1ee9c m\u1ea1nh chung, ph\u1ea3i ph\u00e1t huy vai tr\u00f2 c\u1ee7a doanh nghi\u1ec7p ng\u01b0\u1eddi Vi\u1ec7t \u1edf n\u01b0\u1edbc s\u1edf t\u1ea1i l\u00e0 ch\u00eca kh\u00f3a cho b\u00e0i to\u00e1n tr\u01b0\u1edbc m\u1eaft c\u1ee7a Th\u01b0\u01a1ng v\u1ee5.<\/p>\n<figure id=\"attachment_14015\" aria-describedby=\"caption-attachment-14015\" style=\"width: 1065px\" class=\"wp-caption alignnone\"><img loading=\"lazy\" decoding=\"async\" class=\"wp-image-14015 size-full\" src=\"https:\/\/hfoods.vn\/wp-content\/uploads\/2024\/10\/12345-2.jpg\" alt=\"\" width=\"1065\" height=\"750\" \/><figcaption id=\"caption-attachment-14015\" class=\"wp-caption-text\">Vi\u1ec7c \u0111\u01b0a h\u00e0ng v\u00e0o si\u00eau th\u1ecb Carrefour l\u00e0 th\u00e0nh c\u00f4ng b\u01b0\u1edbc \u0111\u1ea7u trong vi\u1ec7c k\u1ebft n\u1ed1i, \u0111\u01b0a h\u00e0ng Vi\u1ec7t Nam sang B\u1ec9.<\/figcaption><\/figure>\n<p style=\"text-align: justify;\">Th\u01b0\u01a1ng v\u1ee5 Vi\u1ec7t Nam t\u1ea1i B\u1ec9,\u00a0<a class=\"__MB_LINK_IN_ARTICLE\" title=\"Xem th\u00eam tin v\u1ec1 Th\u01b0\u01a1ng v\u1ee5 Vi\u1ec7t Nam t\u1ea1i H\u00e0 Lan\" href=\"https:\/\/congthuong.vn\/chu-de\/thuong-vu-viet-nam.topic\">Th\u01b0\u01a1ng v\u1ee5 Vi\u1ec7t Nam t\u1ea1i H\u00e0 Lan<\/a>, Th\u01b0\u01a1ng v\u1ee5 Vi\u1ec7t Nam t\u1ea1i Ph\u00e1p \u0111\u00e3 c\u00f9ng h\u1ed9i \u00fd th\u1ed1ng nh\u1ea5t, \u0111\u1ecba b\u00e0n B\u1ec9 th\u00edch h\u1ee3p \u0111\u01b0a h\u00e0ng c\u1ee7a Vi\u1ec7t Nam t\u1eeb H\u00e0 Lan sang v\u00e0 l\u00fac \u0111\u00f3, Th\u01b0\u01a1ng v\u1ee5 Vi\u1ec7t Nam t\u1ea1i B\u1ec9 v\u00e0 Th\u01b0\u01a1ng v\u1ee5 Vi\u1ec7t Nam t\u1ea1i H\u00e0 Lan c\u00f9ng quy\u1ebft t\u00e2m, t\u1ea1o \u0111\u1ea7u v\u00e0o, t\u1ea1o \u0111\u1ea7u ra \u0111\u1ec3 h\u00e0ng Vi\u1ec7t Nam d\u1ea7n ti\u1ebfp c\u1eadn chu\u1ed7i ph\u00e2n ph\u1ed1i c\u1ee7a B\u1ec9.<\/p>\n<p style=\"text-align: justify;\">Th\u01b0\u01a1ng v\u1ee5 H\u00e0 Lan t\u00edch c\u1ef1c t\u00ecm ki\u1ebfm doanh nghi\u1ec7p th\u00edch h\u1ee3p trong c\u1ed9ng \u0111\u1ed3ng Vi\u1ec7t v\u00ec doanh nghi\u1ec7p Vi\u1ec7t Nam t\u1ea1i ch\u00e2u \u00c2u r\u1ea5t nhi\u1ec7t t\u00ecnh v\u00e0 s\u1eb5n l\u00f2ng nh\u1eadp kh\u1ea9u, ph\u00e2n ph\u1ed1i h\u00e0ng Vi\u1ec7t Nam, h\u1ecd ch\u1ec9 c\u1ea7n \u0111\u1ea7u ra \u1ed5n \u0111\u1ecbnh l\u00e0 s\u1ebd t\u0103ng l\u01b0\u1ee3ng v\u00e0 di\u1ec7n m\u1eb7t h\u00e0ng.<\/p>\n<p style=\"text-align: justify;\">Th\u01b0\u01a1ng v\u1ee5 B\u1ec9 t\u00edch c\u1ef1c thuy\u1ebft ph\u1ee5c c\u00e1c \u0111\u1ed1i t\u00e1c c\u00e2n nh\u1eafc \u0111\u01b0a h\u00e0ng Vi\u1ec7t Nam v\u00e0o chu\u1ed7i ph\u00e2n ph\u1ed1i c\u1ee7a h\u1ecd. Phi\u00ean h\u1ecdp \u0111\u1ea7u ti\u00ean gi\u1eefa 2 si\u00eau th\u1ecb, 3 nh\u00e0 ph\u00e2n ph\u1ed1i h\u00e0ng Vi\u1ec7t, s\u1ed1 l\u01b0\u1ee3ng r\u1ea5t \u00edt nh\u01b0ng \u0111\u00e3 \u0111\u1eb7t n\u1ec1n m\u00f3ng \u0111\u1ea7u ti\u00ean cho Li\u00ean k\u1ebft Vi\u1ec7t \u0111\u01b0a h\u00e0ng v\u00e0o chu\u1ed7i si\u00eau th\u1ecb.<\/p>\n<p style=\"text-align: justify;\">Chia s\u1ebb v\u1edbi Th\u01b0\u01a1ng v\u1ee5 Vi\u1ec7t Nam t\u1ea1i B\u1ec9 s\u00e1ng ng\u00e0y 25\/10, \u00f4ng Bernard Weiss, ch\u1ee7 chu\u1ed7i si\u00eau th\u1ecb Carrefour v\u00f9ng Trung t\u00e2m Brussels cho bi\u1ebft: \u201c<em>M\u1eb7c d\u00f9 r\u1ea5t y\u00eau th\u00edch h\u00e0ng Vi\u1ec7t Nam nh\u01b0ng ch\u00fang t\u00f4i c\u0169ng ph\u1ea3i c\u1ea7n th\u1eddi gian \u0111\u1ec3 chu\u1ea9n b\u1ecb v\u00e0 r\u1ea5t vui khi b\u00e2y gi\u1edd m\u1ecdi vi\u1ec7c \u0111\u00e3 s\u1eb5n s\u00e0ng. Ch\u00fang t\u00f4i r\u1ea5t h\u00e0i l\u00f2ng v\u1edbi h\u00e0ng h\u00f3a c\u1ee7a Vi\u1ec7t Nam. Ch\u1eafc ch\u1eafn h\u00e0ng h\u00f3a Vi\u1ec7t Nam s\u1ebd th\u00e0nh c\u00f4ng<\/em>\u201d.<\/p>\n<p style=\"text-align: justify;\">\u00d4ng Ph\u1ea1m V\u0103n Hi\u1ec3n, T\u1ed5ng gi\u00e1m \u0111\u1ed1c LTP cho bi\u1ebft: \u201c<em>Vi\u1ec7c \u0111\u01b0a h\u00e0ng v\u00e0o si\u00eau th\u1ecb Carrefour l\u00e0 th\u00e0nh c\u00f4ng b\u01b0\u1edbc \u0111\u1ea7u, c\u00f4ng ty s\u1ebd n\u1ed7 l\u1ef1c \u0111\u01b0a h\u00e0ng Vi\u1ec7t Nam ph\u1ee7 c\u00e1c si\u00eau th\u1ecb t\u1ea1i B\u1ec9, H\u00e0 Lan, Luxembourg v\u1edbi s\u1ef1 h\u1ed7 tr\u1ee3 c\u1ee7a Th\u01b0\u01a1ng v\u1ee5 v\u00e0 c\u01a1 quan \u0111\u1ea1i di\u1ec7n t\u1ea1i B\u1ec9 v\u00e0 H\u00e0 Lan<\/em>\u201d.<\/p>\n<p style=\"text-align: justify;\">C\u00e2u chuy\u1ec7n v\u1ec1 t\u00ecnh c\u1ea3m ch\u00e2n th\u00e0nh d\u00e0nh cho Vi\u1ec7t Nam, s\u1ef1 li\u00ean k\u1ebft ch\u1eb7t ch\u1ebd c\u1ee7a d\u00e2n t\u1ed9c Vi\u1ec7t \u0111\u00e3 \u0111\u01b0a \u0111\u1ebfn nh\u1eefng s\u1ea3n ph\u1ea9m h\u00e0ng ng\u00e0y c\u1ee7a ng\u01b0\u1eddi Vi\u1ec7t Nam nh\u01b0 n\u01b0\u1edbc m\u1eafm, b\u00e1nh \u0111a nem, b\u00fan, mi\u1ebfn, ph\u1edf, m\u1ef3 \u0103n li\u1ec1n, n\u01b0\u1edbc d\u1eeba, b\u00e1nh k\u1eb9o, g\u1ea1o Vi\u1ec7t Nam \u0111i chinh ph\u1ee5c c\u00e1c chu\u1ed7i ph\u00e2n ph\u1ed1i&#8230;<\/p>\n<p style=\"text-align: justify;\">Ngu\u1ed3n: <a href=\"https:\/\/congthuong.vn\/lien-ket-viet-cau-noi-dua-hang-viet-nam-dan-tiep-can-chuoi-phan-phoi-tai-bi-354781.html\">https:\/\/congthuong.vn\/lien-ket-viet-cau-noi-dua-hang-viet-nam-dan-tiep-can-chuoi-phan-phoi-tai-bi-354781.html<\/a><\/p>\n","protected":false},"excerpt":{"rendered":"<p>240 s\u1ea3n ph\u1ea9m h\u00e0ng h\u00f3a Vi\u1ec7t Nam \u0111\u00e3 c\u00f3 m\u1eb7t tr\u00ean k\u1ec7 si\u00eau th\u1ecb Carrefour Brussel, V\u01b0\u01a1ng qu\u1ed1c B\u1ec9 v\u00e0 s\u1eb5n s\u00e0ng ph\u1ee5c v\u1ee5 ng\u01b0\u1eddi d\u00e2n v\u00f9ng trung t\u00e2m Brussels. Ng\u00e0y 24\/10\/2024, nh\u1eefng m\u1eb7t h\u00e0ng cu\u1ed1i c\u00f9ng trong h\u01a1n 240 s\u1ea3n ph\u1ea9m n\u00f4ng s\u1ea3n th\u1ef1c ph\u1ea9m c\u1ee7a Vi\u1ec7t Nam \u0111\u00e3 \u0111\u01b0\u1ee3c tr\u01b0ng b\u00e0y \u0111\u1ea7y \u0111\u1ee7&#8230;<\/p>\n","protected":false},"author":8,"featured_media":14017,"parent":0,"menu_order":0,"comment_status":"closed","ping_status":"closed","template":"","meta":{"footnotes":""},"class_list":["post-14021","page","type-page","status-publish","has-post-thumbnail","hentry"],"_links":{"self":[{"href":"https:\/\/hfoods.vn\/vi\/wp-json\/wp\/v2\/pages\/14021","targetHints":{"allow":["GET"]}}],"collection":[{"href":"https:\/\/hfoods.vn\/vi\/wp-json\/wp\/v2\/pages"}],"about":[{"href":"https:\/\/hfoods.vn\/vi\/wp-json\/wp\/v2\/types\/page"}],"author":[{"embeddable":true,"href":"https:\/\/hfoods.vn\/vi\/wp-json\/wp\/v2\/users\/8"}],"replies":[{"embeddable":true,"href":"https:\/\/hfoods.vn\/vi\/wp-json\/wp\/v2\/comments?post=14021"}],"version-history":[{"count":0,"href":"https:\/\/hfoods.vn\/vi\/wp-json\/wp\/v2\/pages\/14021\/revisions"}],"wp:featuredmedia":[{"embeddable":true,"href":"https:\/\/hfoods.vn\/vi\/wp-json\/wp\/v2\/media\/14017"}],"wp:attachment":[{"href":"https:\/\/hfoods.vn\/vi\/wp-json\/wp\/v2\/media?parent=14021"}],"curies":[{"name":"wp","href":"https:\/\/api.w.org\/{rel}","templated":true}]}}