{"id":14127,"date":"2024-11-01T07:00:19","date_gmt":"2024-11-01T07:00:19","guid":{"rendered":"https:\/\/hfoods.vn\/?page_id=14127"},"modified":"2024-11-10T09:18:41","modified_gmt":"2024-11-10T09:18:41","slug":"san-pham-cua-hung-hau-thu-hut-nhieu-khach-hang-quoc-te-tai-trien-lam-thuy-san-va-nghe-ca-trung-quoc-china-fisheries-seafood-expo-2024","status":"publish","type":"page","link":"https:\/\/hfoods.vn\/vi\/san-pham-cua-hung-hau-thu-hut-nhieu-khach-hang-quoc-te-tai-trien-lam-thuy-san-va-nghe-ca-trung-quoc-china-fisheries-seafood-expo-2024\/","title":{"rendered":"S\u1ea3n ph\u1ea9m c\u1ee7a H\u00f9ng H\u1eadu thu h\u00fat nhi\u1ec1u kh\u00e1ch h\u00e0ng Qu\u1ed1c t\u1ebf t\u1ea1i Tri\u1ec3n l\u00e3m Th\u1ee7y s\u1ea3n v\u00e0 Ngh\u1ec1 c\u00e1 Trung Qu\u1ed1c \u2013 China fisheries &#038; Seafood expo 2024"},"content":{"rendered":"<p style=\"text-align: justify;\">V\u1edbi mong mu\u1ed1n \u0111\u01b0a s\u1ea3n ph\u1ea9m Vi\u1ec7t Nam qu\u1ea3ng b\u00e1 \u0111\u1ebfn nhi\u1ec1u qu\u1ed1c gia h\u01a1n tr\u00ean th\u1ebf gi\u1edbi, v\u1eeba qua HungHau \u0111\u00e3 tham d\u1ef1 Tri\u1ec3n l\u00e3m qu\u1ed1c t\u1ebf Th\u1ee7y s\u1ea3n v\u00e0 Ngh\u1ec1 c\u00e1 Trung Qu\u1ed1c (China Fisheries &amp; Seafood Expo 2024) \u0111\u01b0\u1ee3c t\u1ed5 ch\u1ee9c t\u1ea1i Thanh \u0110\u1ea3o, Trung Qu\u1ed1c t\u1eeb ng\u00e0y 30\/10 \u2013 01\/11\/2024.<\/p>\n<p style=\"text-align: justify;\">\u0110\u00e2y l\u00e0 tri\u1ec3n l\u00e3m chuy\u00ean ng\u00e0nh v\u1ec1 th\u1ee7y s\u1ea3n l\u1edbn th\u1ee9 2 tr\u00ean th\u1ebf gi\u1edbi v\u00e0 l\u1edbn nh\u1ea5t t\u1ea1i Trung Qu\u1ed1c, tr\u01b0ng b\u00e0y \u0111a d\u1ea1ng c\u00e1c lo\u1ea1i s\u1ea3n ph\u1ea9m th\u1ee7y s\u1ea3n v\u00e0 h\u1ea3i s\u1ea3n t\u1eeb kh\u1eafp n\u01a1i tr\u00ean th\u1ebf gi\u1edbi, t\u1eeb c\u00e1c s\u1ea3n ph\u1ea9m t\u01b0\u01a1i s\u1ed1ng cho \u0111\u1ebfn \u0111\u00f4ng l\u1ea1nh, ch\u1ebf bi\u1ebfn s\u1eb5n v\u00e0 c\u00e1c s\u1ea3n ph\u1ea9m gi\u00e1 tr\u1ecb gia t\u0103ng kh\u00e1c.<\/p>\n<p style=\"text-align: justify;\">S\u1ef1 ki\u1ec7n n\u0103m nay quy t\u1ee5 h\u01a1n 4.000 \u0111\u01a1n v\u1ecb tri\u1ec3n l\u00e3m \u0111\u1ebfn t\u1eeb h\u01a1n 70 qu\u1ed1c gia v\u00e0 khu v\u1ef1c; v\u1edbi h\u01a1n 41.000 kh\u00e1ch tham quan chuy\u00ean ng\u00e0nh th\u1ee7y s\u1ea3n \u0111\u1ebfn t\u1eeb 88 qu\u1ed1c gia tr\u00ean th\u1ebf gi\u1edbi.<\/p>\n<p style=\"text-align: justify;\">Tham gia tri\u1ec3n l\u00e3m ch\u00ednh l\u00e0 l\u1eddi kh\u1eb3ng \u0111\u1ecbnh \u201cH\u00e0ng Vi\u1ec7t Nam ch\u1ea5t l\u01b0\u1ee3ng cao\u201d, gi\u00fap c\u00e1c s\u1ea3n ph\u1ea9m c\u1ee7a H\u00f9ng H\u1eadu v\u1edbi th\u01b0\u01a1ng hi\u1ec7u HappyFood, HappyNoodles v\u00e0 OCHAO ng\u00e0y c\u00e0ng \u0111\u01b0\u1ee3c bi\u1ebft \u0111\u1ebfn r\u1ed9ng r\u00e3i t\u1ea1i Trung Qu\u1ed1c, ti\u1ebfp c\u1eadn th\u00eam \u0111\u01b0\u1ee3c nhi\u1ec1u kh\u00e1ch h\u00e0ng qu\u1ed1c t\u1ebf n\u00f3i chung \u0111\u1ec3 c\u00f9ng h\u1ee3p t\u00e1c ph\u00e1t tri\u1ec3n v\u00e0 t\u0103ng c\u01b0\u1eddng m\u1edf r\u1ed9ng m\u1ea1ng l\u01b0\u1edbi li\u00ean k\u1ebft t\u1ea1i th\u1ecb tr\u01b0\u1eddng qu\u1ed1c t\u1ebf.<\/p>\n<p style=\"text-align: justify;\"><a href=\"https:\/\/www.facebook.com\/hashtag\/hhhsg?__eep__=6&amp;__cft__%5b0%5d=AZX_9hjP92tf_Uve0ystltGalX2ymP31p7bW2_OKLsyCyAP7flV6Cb3P3UOVMTj7uD4JMls8XwhKt1MPVXAMfRVIqbEyzauJ9Bs4nvci6dCs0-pPdjaHk25VUsk5Pl2HI_IK2FNT4rTblmj4ZtCqz-qKG6-rcC7NxSbxPp8wXZvcOA&amp;__tn__=*NK-R\">#HHHSG<\/a> <a href=\"https:\/\/www.facebook.com\/hashtag\/hhh?__eep__=6&amp;__cft__%5b0%5d=AZX_9hjP92tf_Uve0ystltGalX2ymP31p7bW2_OKLsyCyAP7flV6Cb3P3UOVMTj7uD4JMls8XwhKt1MPVXAMfRVIqbEyzauJ9Bs4nvci6dCs0-pPdjaHk25VUsk5Pl2HI_IK2FNT4rTblmj4ZtCqz-qKG6-rcC7NxSbxPp8wXZvcOA&amp;__tn__=*NK-R\">#HHH<\/a> <a href=\"https:\/\/www.facebook.com\/hashtag\/myh?__eep__=6&amp;__cft__%5b0%5d=AZX_9hjP92tf_Uve0ystltGalX2ymP31p7bW2_OKLsyCyAP7flV6Cb3P3UOVMTj7uD4JMls8XwhKt1MPVXAMfRVIqbEyzauJ9Bs4nvci6dCs0-pPdjaHk25VUsk5Pl2HI_IK2FNT4rTblmj4ZtCqz-qKG6-rcC7NxSbxPp8wXZvcOA&amp;__tn__=*NK-R\">#myH<\/a> <a href=\"https:\/\/www.facebook.com\/hashtag\/trustyourchoices?__eep__=6&amp;__cft__%5b0%5d=AZX_9hjP92tf_Uve0ystltGalX2ymP31p7bW2_OKLsyCyAP7flV6Cb3P3UOVMTj7uD4JMls8XwhKt1MPVXAMfRVIqbEyzauJ9Bs4nvci6dCs0-pPdjaHk25VUsk5Pl2HI_IK2FNT4rTblmj4ZtCqz-qKG6-rcC7NxSbxPp8wXZvcOA&amp;__tn__=*NK-R\">#trustyourchoices<\/a> <a href=\"https:\/\/www.facebook.com\/hashtag\/hhhouse?__eep__=6&amp;__cft__%5b0%5d=AZX_9hjP92tf_Uve0ystltGalX2ymP31p7bW2_OKLsyCyAP7flV6Cb3P3UOVMTj7uD4JMls8XwhKt1MPVXAMfRVIqbEyzauJ9Bs4nvci6dCs0-pPdjaHk25VUsk5Pl2HI_IK2FNT4rTblmj4ZtCqz-qKG6-rcC7NxSbxPp8wXZvcOA&amp;__tn__=*NK-R\">#HHHouse<\/a> <a href=\"https:\/\/www.facebook.com\/hashtag\/myh25?__eep__=6&amp;__cft__%5b0%5d=AZX_9hjP92tf_Uve0ystltGalX2ymP31p7bW2_OKLsyCyAP7flV6Cb3P3UOVMTj7uD4JMls8XwhKt1MPVXAMfRVIqbEyzauJ9Bs4nvci6dCs0-pPdjaHk25VUsk5Pl2HI_IK2FNT4rTblmj4ZtCqz-qKG6-rcC7NxSbxPp8wXZvcOA&amp;__tn__=*NK-R\">#myH25<\/a> <a href=\"https:\/\/www.facebook.com\/hashtag\/auroraoverrivers?__eep__=6&amp;__cft__%5b0%5d=AZX_9hjP92tf_Uve0ystltGalX2ymP31p7bW2_OKLsyCyAP7flV6Cb3P3UOVMTj7uD4JMls8XwhKt1MPVXAMfRVIqbEyzauJ9Bs4nvci6dCs0-pPdjaHk25VUsk5Pl2HI_IK2FNT4rTblmj4ZtCqz-qKG6-rcC7NxSbxPp8wXZvcOA&amp;__tn__=*NK-R\">#AuroraoverRivers<\/a> <a href=\"https:\/\/www.facebook.com\/hashtag\/hunghauagricultural?__eep__=6&amp;__cft__%5b0%5d=AZX_9hjP92tf_Uve0ystltGalX2ymP31p7bW2_OKLsyCyAP7flV6Cb3P3UOVMTj7uD4JMls8XwhKt1MPVXAMfRVIqbEyzauJ9Bs4nvci6dCs0-pPdjaHk25VUsk5Pl2HI_IK2FNT4rTblmj4ZtCqz-qKG6-rcC7NxSbxPp8wXZvcOA&amp;__tn__=*NK-R\">#HungHauAgricultural<\/a> <a href=\"https:\/\/www.facebook.com\/hashtag\/hunghaufood?__eep__=6&amp;__cft__%5b0%5d=AZX_9hjP92tf_Uve0ystltGalX2ymP31p7bW2_OKLsyCyAP7flV6Cb3P3UOVMTj7uD4JMls8XwhKt1MPVXAMfRVIqbEyzauJ9Bs4nvci6dCs0-pPdjaHk25VUsk5Pl2HI_IK2FNT4rTblmj4ZtCqz-qKG6-rcC7NxSbxPp8wXZvcOA&amp;__tn__=*NK-R\">#HungHauFood<\/a><\/p>\n<p><img loading=\"lazy\" decoding=\"async\" class=\"size-full wp-image-14108 aligncenter\" src=\"https:\/\/hfoods.vn\/wp-content\/uploads\/2024\/11\/5607DE1.jpg\" alt=\"\" width=\"2552\" height=\"1830\" \/><\/p>\n<p><img loading=\"lazy\" decoding=\"async\" class=\"size-full wp-image-14118 aligncenter\" src=\"https:\/\/hfoods.vn\/wp-content\/uploads\/2024\/11\/D3EE871.jpg\" alt=\"\" width=\"896\" height=\"1165\" srcset=\"https:\/\/hfoods.vn\/wp-content\/uploads\/2024\/11\/D3EE871.jpg 896w, https:\/\/hfoods.vn\/wp-content\/uploads\/2024\/11\/D3EE871-768x999.jpg 768w, https:\/\/hfoods.vn\/wp-content\/uploads\/2024\/11\/D3EE871-600x780.jpg 600w\" sizes=\"auto, (max-width: 896px) 100vw, 896px\" \/><\/p>\n<p><img loading=\"lazy\" decoding=\"async\" class=\"size-full wp-image-14112 aligncenter\" src=\"https:\/\/hfoods.vn\/wp-content\/uploads\/2024\/11\/5892701.jpg\" alt=\"\" width=\"958\" height=\"989\" srcset=\"https:\/\/hfoods.vn\/wp-content\/uploads\/2024\/11\/5892701.jpg 958w, https:\/\/hfoods.vn\/wp-content\/uploads\/2024\/11\/5892701-768x793.jpg 768w, https:\/\/hfoods.vn\/wp-content\/uploads\/2024\/11\/5892701-600x619.jpg 600w\" sizes=\"auto, (max-width: 958px) 100vw, 958px\" \/><\/p>\n<p><img loading=\"lazy\" decoding=\"async\" class=\"size-full wp-image-14106 aligncenter\" src=\"https:\/\/hfoods.vn\/wp-content\/uploads\/2024\/11\/861D621.jpg\" alt=\"\" width=\"1920\" height=\"2257\" srcset=\"https:\/\/hfoods.vn\/wp-content\/uploads\/2024\/11\/861D621.jpg 1920w, https:\/\/hfoods.vn\/wp-content\/uploads\/2024\/11\/861D621-768x903.jpg 768w, https:\/\/hfoods.vn\/wp-content\/uploads\/2024\/11\/861D621-1307x1536.jpg 1307w, https:\/\/hfoods.vn\/wp-content\/uploads\/2024\/11\/861D621-1742x2048.jpg 1742w, https:\/\/hfoods.vn\/wp-content\/uploads\/2024\/11\/861D621-600x705.jpg 600w\" sizes=\"auto, (max-width: 1920px) 100vw, 1920px\" \/><\/p>\n<p><img loading=\"lazy\" decoding=\"async\" class=\"size-full wp-image-14102 aligncenter\" src=\"https:\/\/hfoods.vn\/wp-content\/uploads\/2024\/11\/70D0ED1.jpg\" alt=\"\" width=\"1920\" height=\"2560\" srcset=\"https:\/\/hfoods.vn\/wp-content\/uploads\/2024\/11\/70D0ED1.jpg 1920w, https:\/\/hfoods.vn\/wp-content\/uploads\/2024\/11\/70D0ED1-768x1024.jpg 768w, https:\/\/hfoods.vn\/wp-content\/uploads\/2024\/11\/70D0ED1-1152x1536.jpg 1152w, https:\/\/hfoods.vn\/wp-content\/uploads\/2024\/11\/70D0ED1-1536x2048.jpg 1536w, https:\/\/hfoods.vn\/wp-content\/uploads\/2024\/11\/70D0ED1-600x800.jpg 600w\" sizes=\"auto, (max-width: 1920px) 100vw, 1920px\" \/><\/p>\n<p><img loading=\"lazy\" decoding=\"async\" class=\"size-full wp-image-14098 aligncenter\" src=\"https:\/\/hfoods.vn\/wp-content\/uploads\/2024\/11\/26FE4C1.jpg\" alt=\"\" width=\"1920\" height=\"2560\" srcset=\"https:\/\/hfoods.vn\/wp-content\/uploads\/2024\/11\/26FE4C1.jpg 1920w, https:\/\/hfoods.vn\/wp-content\/uploads\/2024\/11\/26FE4C1-768x1024.jpg 768w, https:\/\/hfoods.vn\/wp-content\/uploads\/2024\/11\/26FE4C1-1152x1536.jpg 1152w, https:\/\/hfoods.vn\/wp-content\/uploads\/2024\/11\/26FE4C1-1536x2048.jpg 1536w, https:\/\/hfoods.vn\/wp-content\/uploads\/2024\/11\/26FE4C1-600x800.jpg 600w\" sizes=\"auto, (max-width: 1920px) 100vw, 1920px\" \/><\/p>\n<p><img loading=\"lazy\" decoding=\"async\" class=\"size-full wp-image-14094 aligncenter\" src=\"https:\/\/hfoods.vn\/wp-content\/uploads\/2024\/11\/9A9AEC1.jpg\" alt=\"\" width=\"2560\" height=\"1920\" srcset=\"https:\/\/hfoods.vn\/wp-content\/uploads\/2024\/11\/9A9AEC1.jpg 2560w, https:\/\/hfoods.vn\/wp-content\/uploads\/2024\/11\/9A9AEC1-768x576.jpg 768w, https:\/\/hfoods.vn\/wp-content\/uploads\/2024\/11\/9A9AEC1-1536x1152.jpg 1536w, https:\/\/hfoods.vn\/wp-content\/uploads\/2024\/11\/9A9AEC1-2048x1536.jpg 2048w, https:\/\/hfoods.vn\/wp-content\/uploads\/2024\/11\/9A9AEC1-600x450.jpg 600w\" sizes=\"auto, (max-width: 2560px) 100vw, 2560px\" \/><\/p>\n<p><img loading=\"lazy\" decoding=\"async\" class=\"size-full wp-image-14090 aligncenter\" src=\"https:\/\/hfoods.vn\/wp-content\/uploads\/2024\/11\/0DC33E1.jpg\" alt=\"\" width=\"1920\" height=\"2560\" srcset=\"https:\/\/hfoods.vn\/wp-content\/uploads\/2024\/11\/0DC33E1.jpg 1920w, https:\/\/hfoods.vn\/wp-content\/uploads\/2024\/11\/0DC33E1-768x1024.jpg 768w, https:\/\/hfoods.vn\/wp-content\/uploads\/2024\/11\/0DC33E1-1152x1536.jpg 1152w, https:\/\/hfoods.vn\/wp-content\/uploads\/2024\/11\/0DC33E1-1536x2048.jpg 1536w, https:\/\/hfoods.vn\/wp-content\/uploads\/2024\/11\/0DC33E1-600x800.jpg 600w\" sizes=\"auto, (max-width: 1920px) 100vw, 1920px\" \/><\/p>\n","protected":false},"excerpt":{"rendered":"<p>V\u1edbi mong mu\u1ed1n \u0111\u01b0a s\u1ea3n ph\u1ea9m Vi\u1ec7t Nam qu\u1ea3ng b\u00e1 \u0111\u1ebfn nhi\u1ec1u qu\u1ed1c gia h\u01a1n tr\u00ean th\u1ebf gi\u1edbi, v\u1eeba qua HungHau \u0111\u00e3 tham d\u1ef1 Tri\u1ec3n l\u00e3m qu\u1ed1c t\u1ebf Th\u1ee7y s\u1ea3n v\u00e0 Ngh\u1ec1 c\u00e1 Trung Qu\u1ed1c (China Fisheries &amp; Seafood Expo 2024) \u0111\u01b0\u1ee3c t\u1ed5 ch\u1ee9c t\u1ea1i Thanh \u0110\u1ea3o, Trung Qu\u1ed1c t\u1eeb ng\u00e0y 30\/10 \u2013 01\/11\/2024. \u0110\u00e2y&#8230;<\/p>\n","protected":false},"author":8,"featured_media":14108,"parent":0,"menu_order":0,"comment_status":"closed","ping_status":"closed","template":"","meta":{"footnotes":""},"class_list":["post-14127","page","type-page","status-publish","has-post-thumbnail","hentry"],"_links":{"self":[{"href":"https:\/\/hfoods.vn\/vi\/wp-json\/wp\/v2\/pages\/14127","targetHints":{"allow":["GET"]}}],"collection":[{"href":"https:\/\/hfoods.vn\/vi\/wp-json\/wp\/v2\/pages"}],"about":[{"href":"https:\/\/hfoods.vn\/vi\/wp-json\/wp\/v2\/types\/page"}],"author":[{"embeddable":true,"href":"https:\/\/hfoods.vn\/vi\/wp-json\/wp\/v2\/users\/8"}],"replies":[{"embeddable":true,"href":"https:\/\/hfoods.vn\/vi\/wp-json\/wp\/v2\/comments?post=14127"}],"version-history":[{"count":0,"href":"https:\/\/hfoods.vn\/vi\/wp-json\/wp\/v2\/pages\/14127\/revisions"}],"wp:featuredmedia":[{"embeddable":true,"href":"https:\/\/hfoods.vn\/vi\/wp-json\/wp\/v2\/media\/14108"}],"wp:attachment":[{"href":"https:\/\/hfoods.vn\/vi\/wp-json\/wp\/v2\/media?parent=14127"}],"curies":[{"name":"wp","href":"https:\/\/api.w.org\/{rel}","templated":true}]}}