{"id":14151,"date":"2024-11-08T07:00:16","date_gmt":"2024-11-08T07:00:16","guid":{"rendered":"https:\/\/hfoods.vn\/?page_id=14151"},"modified":"2024-11-10T10:16:24","modified_gmt":"2024-11-10T10:16:24","slug":"ba-loai-nong-san-ty-usd-boi-thu-ve-don-hang-lan-gia-xuat-khau","status":"publish","type":"page","link":"https:\/\/hfoods.vn\/vi\/ba-loai-nong-san-ty-usd-boi-thu-ve-don-hang-lan-gia-xuat-khau\/","title":{"rendered":"Ba lo\u1ea1i n\u00f4ng s\u1ea3n t\u1ef7 USD b\u1ed9i thu v\u1ec1 \u0111\u01a1n h\u00e0ng l\u1eabn gi\u00e1 xu\u1ea5t kh\u1ea9u"},"content":{"rendered":"<div class=\"sapo_detail\"><strong>Ba lo\u1ea1i n\u00f4ng s\u1ea3n t\u1ef7 USD l\u00e0 c\u00e0 ph\u00ea, rau qu\u1ea3 v\u00e0 g\u1ea1o b\u1ed9i thu v\u1ec1 \u0111\u01a1n h\u00e0ng l\u1eabn gi\u00e1 xu\u1ea5t kh\u1ea9u trong 10 th\u00e1ng c\u1ee7a n\u0103m 2024, nh\u1edd \u0111\u00f3 mang v\u1ec1 kim ng\u1ea1ch xu\u1ea5t kh\u1ea9u v\u01b0\u1ee3t xa c\u1ea3 n\u0103m ngo\u00e1i.<\/strong><\/div>\n<div><\/div>\n<div>\n<figure id=\"attachment_14142\" aria-describedby=\"caption-attachment-14142\" style=\"width: 800px\" class=\"wp-caption aligncenter\"><img loading=\"lazy\" decoding=\"async\" class=\"wp-image-14142 size-full\" src=\"https:\/\/hfoods.vn\/wp-content\/uploads\/2024\/11\/Su.jpg\" alt=\"\" width=\"800\" height=\"598\" \/><figcaption id=\"caption-attachment-14142\" class=\"wp-caption-text\">Xu\u1ea5t kh\u1ea9u rau qu\u1ea3 10 th\u00e1ng n\u0103m 2024 v\u01b0\u1ee3t c\u1ea3 n\u0103m ngo\u00e1i 560 tri\u1ec7u USD, \u0111\u00f3ng g\u00f3p l\u1edbn nh\u1ea5t l\u00e0 s\u1ea7u ri\u00eang v\u1edbi g\u1ea7n 3 t\u1ef7 USD.<\/figcaption><\/figure>\n<\/div>\n<div>\n<p>Trong \u0111\u00f3, c\u00e0 ph\u00ea \u0111\u00e3 v\u01b0\u1ee3t m\u1ee9c xu\u1ea5t kh\u1ea9u c\u1ea3 n\u0103m 2023 g\u1ea7n 340 tri\u1ec7u USD, g\u1ea1o v\u01b0\u1ee3t 160 tri\u1ec7u USD, rau qu\u1ea3 v\u01b0\u1ee3t cao nh\u1ea5t, g\u1ea7n 600 tri\u1ec7u USD.<\/p>\n<p>Theo B\u1ed9 N\u00f4ng nghi\u1ec7p v\u00e0 Ph\u00e1t tri\u1ec3n n\u00f4ng th\u00f4n, t\u1ed5ng s\u1ea3n l\u01b0\u1ee3ng g\u1ea1o xu\u1ea5t kh\u1ea9u 10 th\u00e1ng qua \u0111\u1ea1t g\u1ea7n 7,8 tri\u1ec7u t\u1ea5n, gi\u00e1 tr\u1ecb g\u1ea7n 4,86 t\u1ef7 USD, t\u0103ng l\u1ea7n l\u01b0\u1ee3t 10,2% v\u00e0 23,4% so v\u1edbi c\u00f9ng k\u1ef3 n\u0103m tr\u01b0\u1edbc. Con s\u1ed1 n\u00e0y c\u0169ng v\u01b0\u1ee3t qua m\u1ee9c k\u1ef7 l\u1ee5c 4,67 t\u1ef7 USD c\u1ee7a c\u1ea3 n\u0103m 2023.<\/p>\n<p>V\u1edbi m\u1eb7t h\u00e0ng c\u00e0 ph\u00ea, xu\u1ea5t kh\u1ea9u \u0111\u1ea1t 1,2 tri\u1ec7u t\u1ea5n, thu v\u1ec1 4,57 t\u1ef7 USD. Tuy s\u1ea3n l\u01b0\u1ee3ng c\u00e0 ph\u00ea xu\u1ea5t kh\u1ea9u gi\u1ea3m 10,8% so v\u1edbi c\u00f9ng k\u1ef3 n\u0103m ngo\u00e1i, nh\u01b0ng gi\u00e1 tr\u1ecb l\u1ea1i t\u0103ng m\u1ea1nh h\u01a1n 40%.<\/p>\n<p>Xu\u1ea5t kh\u1ea9u rau qu\u1ea3 10 th\u00e1ng c\u00f3 s\u1ef1 v\u01b0\u1ee3t tr\u1ed9i cao nh\u1ea5t so v\u1edbi th\u1ef1c hi\u1ec7n c\u1ee7a n\u0103m ngo\u00e1i, mang v\u1ec1 6,16 t\u1ef7 USD, t\u0103ng th\u00eam 560 tri\u1ec7u USD.<\/p>\n<figure id=\"attachment_14144\" aria-describedby=\"caption-attachment-14144\" style=\"width: 962px\" class=\"wp-caption aligncenter\"><img loading=\"lazy\" decoding=\"async\" class=\"wp-image-14144 size-full\" src=\"https:\/\/hfoods.vn\/wp-content\/uploads\/2024\/11\/Kim-ngach-xuat-khau-TV.jpg\" alt=\"\" width=\"962\" height=\"482\" \/><figcaption id=\"caption-attachment-14144\" class=\"wp-caption-text\">Kim ng\u1ea1ch xu\u1ea5t kh\u1ea9u g\u1ea1o, c\u00e0 ph\u00ea rau qu\u1ea3 10 th\u00e1ng v\u00e0 n\u0103m ngo\u00e1i.<\/figcaption><\/figure>\n<p>Nguy\u00ean nh\u00e2n khi\u1ebfn c\u00e1c n\u00f4ng s\u1ea3n n\u00e0y thu v\u1ec1 tr\u1ecb gi\u00e1 cao l\u00e0 do gi\u00e1 xu\u1ea5t kh\u1ea9u c\u1ea3i thi\u1ec7n m\u1ea1nh. Trong \u0111\u00f3, gi\u00e1 c\u00e0 ph\u00ea xu\u1ea5t kh\u1ea9u b\u00ecnh qu\u00e2n 10 th\u00e1ng qua \u01b0\u1edbc \u0111\u1ea1t 3.981 USD\/t\u1ea5n, t\u0103ng 57% so v\u1edbi c\u00f9ng k\u1ef3 n\u0103m ngo\u00e1i. Nhi\u1ec1u th\u1ecb tr\u01b0\u1eddng \u0111\u1ec1u t\u0103ng mua c\u00e0 ph\u00ea Vi\u1ec7t, nh\u01b0\u00a0 Philippines v\u00e0 Malaysia c\u00f3 c\u00f9ng m\u1ee9c t\u0103ng g\u1ea5p 2,2 l\u1ea7n so v\u1edbi n\u0103m 2023.<\/p>\n<p>K\u1ecbch b\u1ea3n g\u1ea7n nh\u01b0 ch\u1eafc ch\u1eafn, xu\u1ea5t kh\u1ea9u c\u00e0 ph\u00ea trong n\u0103m nay s\u1ebd c\u00e1n m\u1ed1c 5-5,1 t\u1ef7 USD.<\/p>\n<p>Ng\u00e0nh rau qu\u1ea3 c\u0169ng \u0111ang tr\u00ean \u0111\u00e0 t\u0103ng t\u1ed1c xu\u1ea5t kh\u1ea9u m\u1ea1nh m\u1ebd k\u00e9o d\u00e0i li\u00ean ti\u1ebfp 2 n\u0103m nay.\u00a0\u00a0S\u1ea7u ri\u00eang ti\u1ebfp t\u1ee5c l\u00e0 m\u1eb7t h\u00e0ng \u0111\u00f3ng g\u00f3p l\u1edbn nh\u1ea5t, mang v\u1ec1 h\u01a1n 3 t\u1ef7 USD trong 10 th\u00e1ng, chi\u1ebfm g\u1ea7n 50% t\u1ed5ng kim ng\u1ea1ch xu\u1ea5t kh\u1ea9u. C\u00e1c s\u1ea3n ph\u1ea9m kh\u00e1c nh\u01b0 chu\u1ed1i, xo\u00e0i, thanh long v\u00e0 s\u1ea3n ph\u1ea9m ch\u1ebf bi\u1ebfn c\u0169ng g\u00f3p ph\u1ea7n quan tr\u1ecdng.<\/p>\n<p>Trung Qu\u1ed1c v\u1eabn l\u00e0 th\u1ecb tr\u01b0\u1eddng l\u1edbn nh\u1ea5t nh\u1eadp kh\u1ea9u rau qu\u1ea3 Vi\u1ec7t Nam v\u1edbi 4,5 t\u1ef7 USD, t\u0103ng 38% so v\u1edbi c\u00f9ng k\u1ef3 2023. C\u00e1c th\u1ecb tr\u01b0\u1eddng nh\u01b0 Th\u00e1i Lan, M\u1ef9, H\u00e0n Qu\u1ed1c v\u00e0 Nh\u1eadt B\u1ea3n c\u0169ng ghi nh\u1eadn m\u1ee9c t\u0103ng tr\u01b0\u1edfng m\u1ea1nh v\u1edbi m\u1ee9c \u1edf hai con s\u1ed1.<\/p>\n<p>Hi\u1ec7p h\u1ed9i Rau qu\u1ea3 Vi\u1ec7t Nam (Vnfruit) nh\u1eadn \u0111\u1ecbnh xu\u1ea5t kh\u1ea9u rau qu\u1ea3 n\u0103m nay c\u00f3 th\u1ec3 \u0111\u1ea1t 7,2-7,5 t\u1ef7 USD.<\/p>\n<p>Gi\u00e1 g\u1ea1o xu\u1ea5t kh\u1ea9u b\u00ecnh qu\u00e2n 10 th\u00e1ng n\u0103m 2024 ti\u1ebfp t\u1ee5c duy tr\u00ec m\u1ee9c cao so v\u1edbi c\u00f9ng k\u1ef3, \u0111\u1ea1t 626,2 USD\/t\u1ea5n, t\u0103ng 12%.\u00a0V\u1edbi t\u1ed1c \u0111\u1ed9 xu\u1ea5t kh\u1ea9u 10 th\u00e1ng qua v\u00e0 kh\u1ea3 n\u0103ng s\u1ea3n xu\u1ea5t trong n\u01b0\u1edbc th\u00ec xu\u1ea5t kh\u1ea9u g\u1ea1o s\u1ebd \u0111\u1ea1t tr\u00ean 8 tri\u1ec7u t\u1ea5n.<\/p>\n<p>2 th\u00e1ng c\u00f2n l\u1ea1i c\u1ee7a n\u0103m 2024, xu\u1ea5t kh\u1ea9u g\u1ea1o v\u1eabn thu\u1eadn l\u1ee3i nh\u1edd gi\u00e1 t\u1ed1t v\u00e0 nhu c\u1ea7u nh\u1eadp kh\u1ea9u t\u0103ng t\u1eeb m\u1ed9t s\u1ed1 th\u1ecb tr\u01b0\u1eddng l\u1edbn nh\u01b0\u00a0Philippines, Indonesia&#8230; D\u1ef1 b\u00e1o ng\u00e0nh g\u1ea1o c\u00f3 th\u1ec3 \u0111\u1ea1t doanh s\u1ed1 xu\u1ea5t kh\u1ea9u h\u01a1n 5 t\u1ef7 USD trong n\u0103m nay.<\/p>\n<p>Nh\u01b0 v\u1eady, 3 nh\u00f3m n\u00f4ng s\u1ea3n t\u1ef7 USD n\u00e0y c\u00f3 th\u1ec3 \u0111\u1ea1t doanh thu 17,8 &#8211; 18,3 t\u1ef7 USD, \u0111\u00f3ng g\u00f3p l\u1edbn v\u00e0o t\u1ed5ng kim ng\u1ea1ch xu\u1ea5t kh\u1ea9u kho\u1ea3ng 60 t\u1ef7 USD c\u1ee7a to\u00e0n ng\u00e0nh n\u00f4ng nghi\u1ec7p.<\/p>\n<p>Ngu\u1ed3n: <a href=\"https:\/\/baodautu.vn\/ba-loai-nong-san-ty-usd-boi-thu-ve-don-hang-lan-gia-xuat-khau-d229550.html\">https:\/\/baodautu.vn\/ba-loai-nong-san-ty-usd-boi-thu-ve-don-hang-lan-gia-xuat-khau-d229550.html<\/a><\/p>\n<\/div>\n","protected":false},"excerpt":{"rendered":"<p>Ba lo\u1ea1i n\u00f4ng s\u1ea3n t\u1ef7 USD l\u00e0 c\u00e0 ph\u00ea, rau qu\u1ea3 v\u00e0 g\u1ea1o b\u1ed9i thu v\u1ec1 \u0111\u01a1n h\u00e0ng l\u1eabn gi\u00e1 xu\u1ea5t kh\u1ea9u trong 10 th\u00e1ng c\u1ee7a n\u0103m 2024, nh\u1edd \u0111\u00f3 mang v\u1ec1 kim ng\u1ea1ch xu\u1ea5t kh\u1ea9u v\u01b0\u1ee3t xa c\u1ea3 n\u0103m ngo\u00e1i. Trong \u0111\u00f3, c\u00e0 ph\u00ea \u0111\u00e3 v\u01b0\u1ee3t m\u1ee9c xu\u1ea5t kh\u1ea9u c\u1ea3 n\u0103m 2023 g\u1ea7n 340&#8230;<\/p>\n","protected":false},"author":8,"featured_media":0,"parent":0,"menu_order":0,"comment_status":"closed","ping_status":"closed","template":"","meta":{"footnotes":""},"class_list":["post-14151","page","type-page","status-publish","hentry"],"_links":{"self":[{"href":"https:\/\/hfoods.vn\/vi\/wp-json\/wp\/v2\/pages\/14151","targetHints":{"allow":["GET"]}}],"collection":[{"href":"https:\/\/hfoods.vn\/vi\/wp-json\/wp\/v2\/pages"}],"about":[{"href":"https:\/\/hfoods.vn\/vi\/wp-json\/wp\/v2\/types\/page"}],"author":[{"embeddable":true,"href":"https:\/\/hfoods.vn\/vi\/wp-json\/wp\/v2\/users\/8"}],"replies":[{"embeddable":true,"href":"https:\/\/hfoods.vn\/vi\/wp-json\/wp\/v2\/comments?post=14151"}],"version-history":[{"count":0,"href":"https:\/\/hfoods.vn\/vi\/wp-json\/wp\/v2\/pages\/14151\/revisions"}],"wp:attachment":[{"href":"https:\/\/hfoods.vn\/vi\/wp-json\/wp\/v2\/media?parent=14151"}],"curies":[{"name":"wp","href":"https:\/\/api.w.org\/{rel}","templated":true}]}}