{"id":14292,"date":"2024-11-28T07:00:16","date_gmt":"2024-11-28T07:00:16","guid":{"rendered":"https:\/\/hfoods.vn\/?page_id=14292"},"modified":"2024-12-01T09:28:41","modified_gmt":"2024-12-01T09:28:41","slug":"chuong-trinh-tu-hao-nong-san-viet-nam-thu-hut-32-tinh-thanh-tham-gia","status":"publish","type":"page","link":"https:\/\/hfoods.vn\/vi\/chuong-trinh-tu-hao-nong-san-viet-nam-thu-hut-32-tinh-thanh-tham-gia\/","title":{"rendered":"Ch\u01b0\u01a1ng tr\u00ecnh &#8220;T\u1ef1 h\u00e0o n\u00f4ng s\u1ea3n Vi\u1ec7t Nam&#8221; thu h\u00fat 32 t\u1ec9nh th\u00e0nh tham gia"},"content":{"rendered":"<p class=\"detail__summary\" style=\"text-align: justify;\"><strong>Kinhtedothi &#8211; T\u1ed1i 28\/11, Trung t\u00e2m X\u00fac ti\u1ebfn \u0110\u1ea7u t\u01b0, Th\u01b0\u01a1ng m\u1ea1i, Du l\u1ecbch H\u00e0 N\u1ed9i (HPA) ph\u1ed1i h\u1ee3p v\u1edbi UBND qu\u1eadn Long Bi\u00ean khai m\u1ea1c Ch\u01b0\u01a1ng tr\u00ecnh &#8220;T\u1ef1 h\u00e0o n\u00f4ng s\u1ea3n Vi\u1ec7t Nam&#8221;.<\/strong><\/p>\n<p style=\"text-align: justify;\">V\u1edbi quy m\u00f4 kho\u1ea3ng 120 gian h\u00e0ng, ch\u01b0\u01a1ng tr\u00ecnh \u0111\u00e3 thu h\u00fat 150 doanh nghi\u1ec7p, h\u1ee3p t\u00e1c x\u00e3, ch\u1ee7 th\u1ec3 OCOP c\u1ee7a 32 t\u1ec9nh\/th\u00e0nh, \u0111\u1ecba ph\u01b0\u01a1ng nh\u01b0 L\u00e2m \u0110\u1ed3ng, Ngh\u1ec7 An, Cao B\u1eb1ng, H\u01b0ng Y\u00ean, H\u00e0 Giang, B\u1eafc Ninh, Ninh B\u00ecnh, Y\u00ean B\u00e1i, Qu\u1ea3ng Nam, Thanh H\u00f3a, Th\u00e1i B\u00ecnh, Nam \u0110\u1ecbnh, H\u1ea3i Ph\u00f2ng, Qu\u1ea3ng Tr\u1ecb, \u0110i\u1ec7n Bi\u00ean, Ti\u1ec1n Giang, H\u00f2a B\u00ecnh, B\u1eafc Giang, B\u1eafc K\u1ea1n, Kon Tum, Ph\u00fa Th\u1ecd, L\u1ea1ng S\u01a1n, S\u01a1n La, L\u00e0o Cai, Th\u00e1i Nguy\u00ean, \u0110\u00e0 N\u1eb5ng, Qu\u1ea3ng Ninh, B\u00ecnh \u0110\u1ecbnh, Th\u1eeba Thi\u00ean Hu\u1ebf, Qu\u1ea3ng Ng\u00e3i&#8230; tham gia.<\/p>\n<p style=\"text-align: justify;\">Trong th\u1eddi gian di\u1ec5n ra ch\u01b0\u01a1ng tr\u00ecnh, c\u00e1c doanh nghi\u1ec7p gi\u1edbi thi\u1ec7u, qu\u1ea3ng b\u00e1 1.500 d\u00f2ng \u0111\u1eb7c s\u1ea3n v\u00f9ng mi\u1ec1n nh\u01b0 n\u00f4ng s\u1ea3n, th\u1ef1c ph\u1ea9m, \u0111\u1ed3 u\u1ed1ng, n\u01b0\u1edbc m\u1eafm, tr\u00e0, rau c\u1ee7, hoa qu\u1ea3 t\u01b0\u01a1i, s\u1ea5y kh\u00f4, m\u1eadt ong, s\u1ea3n ph\u1ea9m th\u1ee7 c\u00f4ng m\u1ef9 ngh\u1ec7, s\u1ea3n ph\u1ea9m OCOP\u2026 t\u1edbi ng\u01b0\u1eddi d\u00e2n Th\u1ee7 \u0111\u00f4 v\u00e0 du kh\u00e1ch.<\/p>\n<figure id=\"attachment_14288\" aria-describedby=\"caption-attachment-14288\" style=\"width: 959px\" class=\"wp-caption alignnone\"><img loading=\"lazy\" decoding=\"async\" class=\"wp-image-14288 size-full\" src=\"https:\/\/hfoods.vn\/wp-content\/uploads\/2024\/12\/zxcds.jpg\" alt=\"\" width=\"959\" height=\"431\" srcset=\"https:\/\/hfoods.vn\/wp-content\/uploads\/2024\/12\/zxcds.jpg 959w, https:\/\/hfoods.vn\/wp-content\/uploads\/2024\/12\/zxcds-768x345.jpg 768w, https:\/\/hfoods.vn\/wp-content\/uploads\/2024\/12\/zxcds-600x270.jpg 600w\" sizes=\"auto, (max-width: 959px) 100vw, 959px\" \/><figcaption id=\"caption-attachment-14288\" class=\"wp-caption-text\">C\u00e1c \u0111\u1ea1i bi\u1ec3u c\u1eaft b\u0103ng khai m\u1ea1c Ch\u01b0\u01a1ng tr\u00ecnh &#8220;T\u1ef1 h\u00e0o n\u00f4ng s\u1ea3n Vi\u1ec7t Nam&#8221;.<\/figcaption><\/figure>\n<p style=\"text-align: justify;\">Li\u00ean minh H\u1ee3p t\u00e1c x\u00e3 TP H\u00e0 N\u1ed9i t\u1ed5 ch\u1ee9c kh\u00f4ng gian Phi\u00ean ch\u1ee3 cu\u1ed1i tu\u1ea7n qu\u1ea3ng b\u00e1 s\u1ea3n ph\u1ea9m OCOP, n\u00f4ng s\u1ea3n v\u00e0 l\u00e0ng ngh\u1ec1 truy\u1ec1n th\u1ed1ng H\u00e0 N\u1ed9i. T\u01b0\u01a1ng t\u1ef1, nh\u1eb1m g\u00f3p ph\u1ea7n l\u00e0m phong ph\u00fa th\u00eam tr\u1ea3i nghi\u1ec7m mua s\u1eafm cho kh\u00e1ch tham quan t\u1ec9nh H\u00f2a B\u00ecnh t\u1ed5 ch\u1ee9 khu gian h\u00e0ng gi\u1edbi thi\u1ec7u, qu\u1ea3ng b\u00e1 n\u00f4ng s\u1ea3n, s\u1ea3n ph\u1ea9m OCOP c\u1ee7a t\u1ec9nh H\u00f2a B\u00ecnh.<\/p>\n<p style=\"text-align: justify;\">B\u00ean l\u1ec1 h\u1ed9i ch\u1ee3 ngo\u00e0i c\u00e1c ho\u1ea1t \u0111\u1ed9ng tr\u01b0ng b\u00e0y, gi\u1edbi thi\u1ec7u v\u00e0 b\u00e1n s\u1ea3n ph\u1ea7m c\u00f2n c\u00f3 c\u00e1c ho\u1ea1t \u0111\u1ed9ng qu\u1ea3ng b\u00e1, k\u1ebft n\u1ed1i, d\u00f9ng th\u1eed s\u1ea3n ph\u1ea9m, ho\u1ea1t \u0111\u1ed9ng tr\u00ecnh di\u1ec5n v\u0103n h\u00f3a qu\u1ea7n ch\u00fang v\u00e0 ch\u1ebf bi\u1ebfn d\u00f9ng th\u1eed s\u1ea3n ph\u1ea9m t\u1ea1i ch\u1ed7&#8230;<\/p>\n<p style=\"text-align: justify;\">Gi\u00e1m \u0111\u1ed1c C\u00f4ng ty TNHH \u0110\u1ea7u t\u01b0 Xu\u1ea5t nh\u1eadp kh\u1ea9u Qu\u1ed1c t\u1ebf V\u1ea1n Long Nguy\u1ec5n Xu\u00e2n Th\u00e0nh chia s\u1ebb, \u0111\u01a1n v\u1ecb mang \u0111\u1ebfn ch\u01b0\u01a1ng tr\u00ecnh nhi\u1ec1u s\u1ea3n ph\u1ea9m \u0111\u1eb7c s\u1ea3n c\u1ee7a H\u00e0 Giang, trong \u0111\u00f3 c\u00f3 tr\u00e0 Shan Tuy\u1ebft c\u1ed5 th\u1ee5 \u0111\u1ea1t ti\u00eau ch\u00ed OCOP 4 sao. \u0110\u00e2y l\u00e0 c\u01a1 h\u1ed9i \u0111\u1ec3 doanh nghi\u1ec7p gi\u1edbi thi\u1ec7u s\u1ea3n ph\u1ea9m tr\u00e0 Shan Tuy\u1ebft \u0111\u1ebfn ng\u01b0\u1eddi ti\u00eau d\u00f9ng Th\u1ee7 \u0111\u00f4, \u0111\u1ed3ng th\u1eddi ti\u1ebfp c\u1eadn h\u1ec7 th\u1ed1ng b\u00e1n l\u1ebb hi\u1ec7n \u0111\u1ea1i \u0111\u1ec3 ti\u00eau th\u1ee5 s\u1ea3n ph\u1ea9m.<\/p>\n<figure id=\"attachment_14286\" aria-describedby=\"caption-attachment-14286\" style=\"width: 957px\" class=\"wp-caption alignnone\"><img loading=\"lazy\" decoding=\"async\" class=\"wp-image-14286 size-full\" src=\"https:\/\/hfoods.vn\/wp-content\/uploads\/2024\/12\/thgfhgm.jpg\" alt=\"\" width=\"957\" height=\"498\" srcset=\"https:\/\/hfoods.vn\/wp-content\/uploads\/2024\/12\/thgfhgm.jpg 957w, https:\/\/hfoods.vn\/wp-content\/uploads\/2024\/12\/thgfhgm-768x400.jpg 768w, https:\/\/hfoods.vn\/wp-content\/uploads\/2024\/12\/thgfhgm-600x312.jpg 600w\" sizes=\"auto, (max-width: 957px) 100vw, 957px\" \/><figcaption id=\"caption-attachment-14286\" class=\"wp-caption-text\">Doanh nghi\u1ec7p t\u1ec9nh H\u01b0ng Y\u00ean gi\u1edbi thi\u1ec7u \u0111\u1ebfn ng\u01b0\u1eddi ti\u00eau d\u00f9ng Th\u1ee7 \u0111\u00f4 s\u1ea3n ph\u1ea9m long nh\u00e3n.<\/figcaption><\/figure>\n<p style=\"text-align: justify;\">&#8220;Ch\u00fang t\u00f4i r\u1ea5t mong mu\u1ed1n c\u00f3 nhi\u1ec1u h\u01a1n nh\u1eefng ch\u01b0\u01a1ng tr\u00ecnh n\u00f4ng s\u1ea3n \u0111\u1ec3 doanh nghi\u1ec7p t\u1ec9nh H\u00e0 Giang \u0111\u01b0a s\u1ea3n ph\u1ea9m \u0111\u1eb7c s\u1ea3n ti\u1ebfp c\u1eadn th\u1ecb tr\u01b0\u1eddng H\u00e0 N\u1ed9i\u201d &#8211; \u00f4ng Nguy\u1ec5n Xu\u00e2n Th\u00e0nh n\u00eau r\u00f5. T\u01b0\u01a1ng t\u1ef1, Gi\u00e1m \u0111\u1ed1c C\u00f4ng ty CP \u1ee9ng d\u1ee5ng v\u00e0 Gi\u1ea3i ph\u00e1p \u0111a ph\u01b0\u01a1ng to\u00e0n c\u1ea7u Nguy\u1ec5n Th\u1ecb L\u1ee5a cho bi\u1ebft, hi\u1ec7n doanh nghi\u1ec7p qu\u1ea3n tr\u1ecb trang th\u01b0\u01a1ng m\u1ea1i \u0111i\u1ec7n t\u1eed GBAMart. Th\u00f4ng qua ch\u01b0\u01a1ng tr\u00ecnh n\u00e0y, doanh nghi\u1ec7p c\u00f3 th\u00eam c\u01a1 h\u1ed9i k\u1ebft n\u1ed1i, \u0111\u01b0a n\u00f4ng s\u1ea3n s\u1ea1ch, s\u1ea3n ph\u1ea9m OCOP l\u00ean trang th\u01b0\u01a1ng m\u1ea1i \u0111i\u1ec7n t\u1eed ti\u00eau th\u1ee5.<\/p>\n<p style=\"text-align: justify;\">Ph\u00e1t bi\u1ec3u t\u1ea1i l\u1ec5 khai m\u1ea1c, Ph\u00f3 Gi\u00e1m \u0111\u1ed1c HPA B\u00f9i Duy Quang cho bi\u1ebft, Ch\u01b0\u01a1ng tr\u00ecnh &#8220;T\u1ef1 h\u00e0o n\u00f4ng s\u1ea3n Vi\u1ec7t Nam&#8221; l\u00e0 s\u1ef1 ki\u1ec7n x\u00fac ti\u1ebfn n\u00f4ng nghi\u1ec7p qua \u0111\u00f3 \u0111\u1ea9y m\u1ea1nh ho\u1ea1t \u0111\u1ed9ng qu\u1ea3ng b\u00e1, x\u00fac ti\u1ebfn t\u00ecm \u0111\u1ea7u ra cho c\u00e1c s\u1ea3n ph\u1ea9m n\u00f4ng s\u1ea3n, s\u1ea3n ph\u1ea9m OCOP, s\u1ea3n ph\u1ea9m n\u00f4ng nghi\u1ec7p, n\u00f4ng th\u00f4n ti\u00eau bi\u1ec3u c\u1ee7a H\u00e0 N\u1ed9i v\u00e0 c\u00e1c t\u1ec9nh, th\u00e0nh ph\u1ed1.<\/p>\n<figure id=\"attachment_14280\" aria-describedby=\"caption-attachment-14280\" style=\"width: 960px\" class=\"wp-caption alignnone\"><img loading=\"lazy\" decoding=\"async\" class=\"wp-image-14280 size-full\" src=\"https:\/\/hfoods.vn\/wp-content\/uploads\/2024\/12\/28012c2802-ec0b-49a2-bdb9-2fb4bb8fe92a.jpg\" alt=\"\" width=\"960\" height=\"494\" srcset=\"https:\/\/hfoods.vn\/wp-content\/uploads\/2024\/12\/28012c2802-ec0b-49a2-bdb9-2fb4bb8fe92a.jpg 960w, https:\/\/hfoods.vn\/wp-content\/uploads\/2024\/12\/28012c2802-ec0b-49a2-bdb9-2fb4bb8fe92a-768x395.jpg 768w, https:\/\/hfoods.vn\/wp-content\/uploads\/2024\/12\/28012c2802-ec0b-49a2-bdb9-2fb4bb8fe92a-600x309.jpg 600w\" sizes=\"auto, (max-width: 960px) 100vw, 960px\" \/><figcaption id=\"caption-attachment-14280\" class=\"wp-caption-text\">Ng\u01b0\u1eddi ti\u00eau d\u00f9ng ti\u1ebfp c\u1eadn s\u1ea3n ph\u1ea9m m\u1eadt ong t\u1ec9nh H\u00f2a B\u00ecnh gi\u1edbi thi\u1ec7u t\u1ea1i s\u1ef1 ki\u1ec7n.<\/figcaption><\/figure>\n<p style=\"text-align: justify;\">\u0110\u1ed3ng th\u1eddi g\u00f3p ph\u1ea7n k\u00edch c\u1ea7u ph\u00e1t tri\u1ec3n s\u1ea3n xu\u1ea5t n\u00f4ng nghi\u1ec7p, n\u00f4ng th\u00f4n, k\u1ebft n\u1ed1i ti\u00eau th\u1ee5 s\u1ea3n ph\u1ea9m n\u00f4ng s\u1ea3n, OCOP c\u1ee7a TP H\u00e0 N\u1ed9i v\u00e0 c\u00e1c t\u1ec9nh, th\u00e0nh \u0111\u1ebfn ng\u01b0\u1eddi ti\u00eau d\u00f9ng Th\u1ee7 \u0111\u00f4, \u0111\u1ed3ng th\u1eddi k\u1ebft n\u1ed1i gi\u1eefa c\u00e1c nh\u00e0 s\u1ea3n xu\u1ea5t c\u1ee7a c\u00e1c t\u1ec9nh, th\u00e0nh ph\u1ed1 v\u1edbi c\u00e1c k\u00eanh ph\u00e2n ph\u1ed1i tr\u00ean \u0111\u1ecba b\u00e0n H\u00e0 N\u1ed9i.<\/p>\n<p style=\"text-align: justify;\">\u201cQua \u0111\u00f3 t\u1ea1o \u0111i\u1ec3m nh\u1ea5n k\u00edch c\u1ea7u mua s\u1eafm an to\u00e0n trong d\u1ecbp cu\u1ed1i n\u0103m, g\u00f3p ph\u1ea7n th\u1ef1c hi\u1ec7n c\u00f3 hi\u1ec7u qu\u1ea3 cu\u1ed9c v\u1eadn \u0111\u1ed9ng \u201cNg\u01b0\u1eddi Vi\u1ec7t Nam \u01b0u ti\u00ean d\u00f9ng h\u00e0ng Vi\u1ec7t Nam\u201d- \u00f4ng Quang nh\u1ea5n m\u1ea1nh.<\/p>\n<p style=\"text-align: justify;\">Ch\u01b0\u01a1ng tr\u00ecnh di\u1ec5n ra t\u1eeb nay \u0111\u1ebfn h\u1ebft ng\u00e0y 1\/12.<\/p>\n<p style=\"text-align: justify;\">Ngu\u1ed3n: <a href=\"https:\/\/kinhtedothi.vn\/chuong-trinh-tu-hao-nong-san-viet-nam-thu-hut-32-tinh-thanh-tham-gia.html\">https:\/\/kinhtedothi.vn\/chuong-trinh-tu-hao-nong-san-viet-nam-thu-hut-32-tinh-thanh-tham-gia.html<\/a><\/p>\n","protected":false},"excerpt":{"rendered":"<p>Kinhtedothi &#8211; T\u1ed1i 28\/11, Trung t\u00e2m X\u00fac ti\u1ebfn \u0110\u1ea7u t\u01b0, Th\u01b0\u01a1ng m\u1ea1i, Du l\u1ecbch H\u00e0 N\u1ed9i (HPA) ph\u1ed1i h\u1ee3p v\u1edbi UBND qu\u1eadn Long Bi\u00ean khai m\u1ea1c Ch\u01b0\u01a1ng tr\u00ecnh &#8220;T\u1ef1 h\u00e0o n\u00f4ng s\u1ea3n Vi\u1ec7t Nam&#8221;. V\u1edbi quy m\u00f4 kho\u1ea3ng 120 gian h\u00e0ng, ch\u01b0\u01a1ng tr\u00ecnh \u0111\u00e3 thu h\u00fat 150 doanh nghi\u1ec7p, h\u1ee3p t\u00e1c x\u00e3, ch\u1ee7 th\u1ec3 OCOP&#8230;<\/p>\n","protected":false},"author":8,"featured_media":14288,"parent":0,"menu_order":0,"comment_status":"closed","ping_status":"closed","template":"","meta":{"footnotes":""},"class_list":["post-14292","page","type-page","status-publish","has-post-thumbnail","hentry"],"_links":{"self":[{"href":"https:\/\/hfoods.vn\/vi\/wp-json\/wp\/v2\/pages\/14292","targetHints":{"allow":["GET"]}}],"collection":[{"href":"https:\/\/hfoods.vn\/vi\/wp-json\/wp\/v2\/pages"}],"about":[{"href":"https:\/\/hfoods.vn\/vi\/wp-json\/wp\/v2\/types\/page"}],"author":[{"embeddable":true,"href":"https:\/\/hfoods.vn\/vi\/wp-json\/wp\/v2\/users\/8"}],"replies":[{"embeddable":true,"href":"https:\/\/hfoods.vn\/vi\/wp-json\/wp\/v2\/comments?post=14292"}],"version-history":[{"count":0,"href":"https:\/\/hfoods.vn\/vi\/wp-json\/wp\/v2\/pages\/14292\/revisions"}],"wp:featuredmedia":[{"embeddable":true,"href":"https:\/\/hfoods.vn\/vi\/wp-json\/wp\/v2\/media\/14288"}],"wp:attachment":[{"href":"https:\/\/hfoods.vn\/vi\/wp-json\/wp\/v2\/media?parent=14292"}],"curies":[{"name":"wp","href":"https:\/\/api.w.org\/{rel}","templated":true}]}}