{"id":14301,"date":"2024-11-29T07:00:44","date_gmt":"2024-11-29T07:00:44","guid":{"rendered":"https:\/\/hfoods.vn\/?page_id=14301"},"modified":"2024-12-01T09:54:00","modified_gmt":"2024-12-01T09:54:00","slug":"rau-qua-viet-nam-da-co-cho-dung-tren-thi-truong-quoc-te","status":"publish","type":"page","link":"https:\/\/hfoods.vn\/vi\/rau-qua-viet-nam-da-co-cho-dung-tren-thi-truong-quoc-te\/","title":{"rendered":"Rau qu\u1ea3 Vi\u1ec7t Nam \u0111\u00e3 c\u00f3 ch\u1ed7 \u0111\u1ee9ng tr\u00ean th\u1ecb tr\u01b0\u1eddng qu\u1ed1c t\u1ebf"},"content":{"rendered":"<p style=\"text-align: justify;\"><strong>N\u0103m 2024 s\u1eafp k\u1ebft th\u00fac, trong \u0111\u00f3 rau qu\u1ea3 n\u1ed5i l\u00ean l\u00e0 \u0111i\u1ec3m s\u00e1ng trong b\u1ee9c tranh xu\u1ea5t kh\u1ea9u (XK) n\u00f4ng s\u1ea3n, v\u1edbi kim ng\u1ea1ch l\u1ea7n \u0111\u1ea7u ti\u00ean c\u00f3 th\u1ec3 \u0111\u1ea1t t\u1edbi tr\u00ean 7,2 t\u1ef7 USD.<\/strong><\/p>\n<p style=\"text-align: justify;\">Chia s\u1ebb v\u1edbi PV B\u00e1o CAND chi\u1ec1u 28\/11, \u00f4ng \u0110\u1eb7ng Ph\u00fac Nguy\u00ean &#8211; T\u1ed5ng th\u01b0 k\u00fd Hi\u1ec7p h\u1ed9i Rau qu\u1ea3 Vi\u1ec7t Nam (VINAFRUIT) cho bi\u1ebft, t\u00ednh s\u01a1 b\u1ed9 \u0111\u1ebfn h\u1ebft th\u00e1ng 11\/2024, kim ng\u1ea1ch rau qu\u1ea3 d\u1ef1 ki\u1ebfn \u0111\u1ea1t 6,6 t\u1ef7 USD (t\u0103ng 27% so v\u1edbi c\u00f9ng k\u1ef3 v\u00e0 cao h\u01a1n 900 tri\u1ec7u USD so v\u1edbi c\u1ea3 n\u0103m 2023); th\u00e1ng 12 d\u1ef1 ki\u1ebfn kim ng\u1ea1ch \u0111\u1ea1t 500-600 tri\u1ec7u USD.<\/p>\n<figure id=\"attachment_14297\" aria-describedby=\"caption-attachment-14297\" style=\"width: 800px\" class=\"wp-caption aligncenter\"><img loading=\"lazy\" decoding=\"async\" class=\"wp-image-14297 size-full\" src=\"https:\/\/hfoods.vn\/wp-content\/uploads\/2024\/12\/z6078060781017_8f446165802588ab1-1732833761188.jpg\" alt=\"\" width=\"800\" height=\"600\" srcset=\"https:\/\/hfoods.vn\/wp-content\/uploads\/2024\/12\/z6078060781017_8f446165802588ab1-1732833761188.jpg 800w, https:\/\/hfoods.vn\/wp-content\/uploads\/2024\/12\/z6078060781017_8f446165802588ab1-1732833761188-768x576.jpg 768w, https:\/\/hfoods.vn\/wp-content\/uploads\/2024\/12\/z6078060781017_8f446165802588ab1-1732833761188-600x450.jpg 600w\" sizes=\"auto, (max-width: 800px) 100vw, 800px\" \/><figcaption id=\"caption-attachment-14297\" class=\"wp-caption-text\">Xu\u1ea5t kh\u1ea9u rau qu\u1ea3 c\u1ee7a Vi\u1ec7t Nam l\u00e0 \u0111i\u1ec3m s\u00e1ng trong n\u0103m 2024.<\/figcaption><\/figure>\n<p style=\"text-align: justify;\">L\u00fd gi\u1ea3i v\u1ec1 th\u00e1ng 12 ch\u1ec9 \u01b0\u1edbc \u0111\u1ea1t con s\u1ed1 nh\u01b0 v\u1eady, \u00f4ng Nguy\u00ean cho hay, s\u1ea7u ri\u00eang c\u1ee7a Vi\u1ec7t Nam th\u00e1ng 12 tr\u00e1i v\u1ee5 n\u00ean \u00edt h\u00e0ng, kim ng\u1ea1ch s\u1ebd kh\u00f4ng cao, nh\u01b0ng vi\u1ec7c rau qu\u1ea3 \u0111\u1ea1t kim ng\u1ea1ch k\u1ef7 l\u1ee5c n\u00e0y ph\u1ea7n l\u1edbn l\u00e0 nh\u1edd XK s\u1ea7u ri\u00eang. T\u00ednh \u0111\u1ebfn th\u00e1ng 11, XK s\u1ea7u ri\u00eang chi\u1ebfm kho\u1ea3ng 45% t\u1ed5ng kim ng\u1ea1ch XK rau qu\u1ea3 c\u1ee7a c\u1ea3 n\u01b0\u1edbc, v\u1edbi gi\u00e1 tr\u1ecb 3,1 t\u1ef7 USD, t\u0103ng h\u01a1n 45% so v\u1edbi c\u00f9ng k\u1ef3 n\u0103m ngo\u00e1i. N\u0103m nay, kim ng\u1ea1ch XK s\u1ea7u ri\u00eang c\u00f3 th\u1ec3 \u0111\u1ea1t t\u1edbi 3,2 t\u1ef7 USD tr\u01b0\u1edbc khi k\u1ebft th\u00fac n\u0103m, kh\u1eb3ng \u0111\u1ecbnh v\u1ecb th\u1ebf c\u1ee7a lo\u1ea1i tr\u00e1i c\u00e2y n\u00e0y tr\u00ean th\u1ecb tr\u01b0\u1eddng to\u00e0n c\u1ea7u.<\/p>\n<p style=\"text-align: justify;\">Theo \u00f4ng Nguy\u00ean, rau qu\u1ea3 hi\u1ec7n nay ti\u00eau th\u1ee5 ch\u00ednh \u1edf th\u1ecb tr\u01b0\u1eddng khu v\u1ef1c \u0110\u00f4ng B\u1eafc \u00c1 (H\u00e0n Qu\u1ed1c, Nh\u1eadt B\u1ea3n, Trung Qu\u1ed1c, H\u1ed3ng K\u00f4ng, \u0110\u00e0i Loan\u2026), trong \u0111\u00f3 Trung Qu\u1ed1c l\u00e0 th\u1ecb tr\u01b0\u1eddng ch\u00ednh. Th\u1ecb tr\u01b0\u1eddng \u0110\u00f4ng B\u1eafc \u00c1 chi\u1ebfm t\u1edbi 77-80% kim ng\u1ea1ch c\u1ee7a ng\u00e0nh rau qu\u1ea3 v\u00e0 \u0111\u00e2y l\u00e0 khu v\u1ef1c r\u1ea5t quan tr\u1ecdng c\u1ee7a ng\u00e0nh rau qu\u1ea3 Vi\u1ec7t Nam.<\/p>\n<p style=\"text-align: justify;\">C\u00f9ng v\u1edbi \u0111\u00f3, Th\u1ed1ng k\u00ea t\u1eeb T\u1ed5ng c\u1ee5c H\u1ea3i quan cho th\u1ea5y, t\u00ednh \u0111\u1ebfn h\u1ebft th\u00e1ng 10\/2024, kim ng\u1ea1ch XK rau qu\u1ea3 sang th\u1ecb tr\u01b0\u1eddng M\u1ef9 \u01b0\u1edbc \u0111\u1ea1t g\u1ea7n 287 tri\u1ec7u USD, t\u0103ng m\u1ea1nh 35% so v\u1edbi c\u00f9ng k\u1ef3 n\u0103m ngo\u00e1i, ch\u1ec9 sau Trung Qu\u1ed1c. Nhi\u1ec1u s\u1ea3n ph\u1ea9m tr\u00e1i c\u00e2y, rau c\u1ee7 c\u1ee7a Vi\u1ec7t Nam ng\u00e0y c\u00e0ng \u0111\u01b0\u1ee3c \u01b0a chu\u1ed9ng t\u1ea1i th\u1ecb tr\u01b0\u1eddng n\u00e0y nh\u01b0 d\u1eeba t\u01b0\u01a1i, b\u01b0\u1edfi, thanh long, chanh leo&#8230; Ngo\u00e0i ra, kim ng\u1ea1ch XK rau qu\u1ea3 c\u1ee7a Vi\u1ec7t Nam sang c\u00e1c th\u1ecb tr\u01b0\u1eddng l\u1edbn kh\u00e1c nh\u01b0: H\u00e0n Qu\u1ed1c, Th\u00e1i Lan, Nh\u1eadt B\u1ea3n, Australia, C\u00e1c Ti\u1ec3u v\u01b0\u01a1ng qu\u1ed1c \u1ea2-r\u1eadp Th\u1ed1ng nh\u1ea5t\u2026 \u0111\u1ec1u ghi nh\u1eadn s\u1ef1 t\u0103ng tr\u01b0\u1edfng kh\u1ea3 quan. \u0110\u01a1n c\u1eed, v\u1edbi th\u1ecb tr\u01b0\u1eddng Australia, trong th\u00e1ng 10, h\u01a1n 1,5 t\u1ea5n chanh leo \u0111\u1ea7u ti\u00ean \u0111\u00e3 \u0111\u01b0\u1ee3c XK sang th\u1ecb tr\u01b0\u1eddng n\u00e0y, m\u1edf ra c\u01a1 h\u1ed9i l\u1edbn cho ng\u00e0nh h\u00e0ng rau qu\u1ea3 Vi\u1ec7t Nam v\u00e0o th\u1ecb tr\u01b0\u1eddng \u0111\u01b0\u1ee3c \u0111\u00e1nh gi\u00e1 l\u00e0 kh\u00f3 t\u00ednh nh\u1ea5t th\u1ebf gi\u1edbi.\u00a0 Theo \u00f4ng Phan Qu\u1ed1c Nam, Gi\u00e1m \u0111\u1ed1c kinh doanh C\u00f4ng ty C\u1ed5 ph\u1ea7n xu\u1ea5t nh\u1eadp kh\u1ea9u th\u01b0\u01a1ng m\u1ea1i Blue Ocean (Blue Ocean JSC), \u0111\u1ec3 tr\u00e1i chanh leo t\u01b0\u01a1i \u0111\u01b0\u1ee3c XK sang Australia, ph\u1ea3i x\u00e2y d\u1ef1ng \u0111\u01b0\u1ee3c v\u00f9ng tr\u1ed3ng, m\u00e3 s\u1ed1 v\u00f9ng tr\u1ed3ng, m\u00e3 s\u1ed1 c\u01a1 s\u1edf \u0111\u00f3ng g\u00f3i do C\u1ee5c B\u1ea3o v\u1ec7 th\u1ef1c v\u1eadt ph\u00ea duy\u1ec7t v\u00e0 c\u00f3 s\u1ef1 ki\u1ec3m tra, gi\u00e1m s\u00e1t ph\u00eda \u0111\u1ed1i t\u00e1c. \u0110\u1ed3ng th\u1eddi, kh\u00e2u s\u1ea3n xu\u1ea5t ph\u1ea3i b\u1ea3o \u0111\u1ea3m quy tr\u00ecnh, quy chu\u1ea9n, tu\u00e2n th\u1ee7 c\u00e1c y\u00eau c\u1ea7u v\u1ec1 an ninh sinh h\u1ecdc.<\/p>\n<p style=\"text-align: justify;\">T\u00edn hi\u1ec7u t\u1ed1t t\u1eeb th\u1ecb tr\u01b0\u1eddng nh\u1eadp kh\u1ea9u, \u0111\u01a1n h\u00e0ng ng\u00e0y c\u00e0ng \u0111\u01b0\u1ee3c m\u1edf r\u1ed9ng \u0111i\u1ec1u \u0111\u00f3 cho th\u1ea5y c\u00e1c s\u1ea3n ph\u1ea9m rau qu\u1ea3 c\u1ee7a Vi\u1ec7t Nam \u0111\u00e3 c\u00f3 ch\u1ed7 \u0111\u1ee9ng v\u00e0 kh\u1eb3ng \u0111\u1ecbnh v\u1ecb th\u1ebf tr\u00ean th\u1ecb tr\u01b0\u1eddng qu\u1ed1c t\u1ebf. \u0110\u1ec3 c\u00f3 \u0111\u01b0\u1ee3c k\u1ebft qu\u1ea3 n\u00e0y, \u00f4ng Nguy\u00ean cho r\u1eb1ng, ng\u01b0\u1eddi n\u00f4ng d\u00e2n Vi\u1ec7t ti\u1ebfp c\u1eadn v\u1edbi chuy\u1ec3n \u0111\u1ed5i s\u1ed1 nhanh v\u00e0 c\u1ea7u th\u1ecb, \u0111\u01b0\u1ee3c s\u1ef1 h\u1ed7 tr\u1ee3 c\u1ee7a c\u00e1c c\u01a1 quan ch\u1ee9c n\u0103ng trong vi\u1ec7c h\u1ed7 tr\u1ee3 tr\u1ed3ng tr\u1ecdt, tu\u00e2n th\u1ee7 c\u00e1c quy \u0111\u1ecbnh, \u0111\u00e1p \u1ee9ng c\u00e1c y\u00eau c\u1ea7u c\u1ee7a th\u1ecb tr\u01b0\u1eddng nh\u1eadp kh\u1ea9u n\u00ean ch\u1ea5t l\u01b0\u1ee3ng s\u1ea3n ph\u1ea9m \u0111\u01b0\u1ee3c \u0111\u1ea3m b\u1ea3o; c\u00f9ng v\u1edbi \u0111\u00f3, s\u1ef1 ph\u1ed1i h\u1ee3p gi\u1eefa ng\u01b0\u1eddi n\u00f4ng d\u00e2n v\u00e0 doanh nghi\u1ec7p c\u0169ng chuy\u00ean nghi\u1ec7p h\u01a1n t\u1ea1o ra nh\u1eefng v\u00f9ng tr\u1ed3ng ch\u1ea5t l\u01b0\u1ee3ng. \u00d4ng Nguy\u00ean c\u00f2n cho r\u1eb1ng, v\u1edbi \u0111\u00e0 t\u0103ng nh\u01b0 hi\u1ec7n nay, n\u0103m 2025, kim ng\u1ea1ch XK rau qu\u1ea3 c\u00f3 th\u1ec3 k\u1ef3 v\u1ecdng \u0111\u1ea1t 8 t\u1ef7 USD. C\u01a1 h\u1ed9i l\u00e0 r\u1ea5t l\u1edbn, song \u00f4ng Nguy\u00ean khuy\u1ebfn c\u00e1o ng\u01b0\u1eddi d\u00e2n, b\u00ean c\u1ea1nh vi\u1ec7c n\u00e2ng cao s\u1ea3n l\u01b0\u1ee3ng c\u0169ng ph\u1ea3i gi\u1eef v\u1eefng \u0111\u01b0\u1ee3c ch\u1ea5t l\u01b0\u1ee3ng. \u201cN\u1ebfu c\u00f3 ch\u1ea5t l\u01b0\u1ee3ng th\u00ec ch\u00fang ta kh\u00f4ng s\u1ee3 kh\u00f4ng c\u00f3 ch\u1ed7 b\u00e1n h\u00e0ng\u201d, \u00f4ng Nguy\u00ean n\u00f3i.<\/p>\n<p style=\"text-align: justify;\">\u0110\u1ec3 kh\u1eb3ng \u0111\u1ecbnh v\u1ecb th\u1ebf v\u00e0 ti\u1ebfp t\u1ee5c ph\u00e1t tri\u1ec3n th\u1ecb tr\u01b0\u1eddng xu\u1ea5t kh\u1ea9u, c\u00e1c chuy\u00ean gia cho r\u1eb1ng, Vi\u1ec7t Nam c\u1ea7n t\u1eadp trung x\u00e2y d\u1ef1ng v\u00e0 qu\u1ea3n l\u00fd t\u1ed1t v\u00f9ng tr\u1ed3ng \u0111\u1ec3 t\u1ea1o n\u00ean nh\u1eefng v\u00f9ng nguy\u00ean li\u1ec7u \u0111\u1ea1t ti\u00eau chu\u1ea9n XK b\u1ec1n v\u1eefng v\u00e0 ki\u1ec3m so\u00e1t thu ho\u1ea1ch. \u0110\u1ed3ng th\u1eddi c\u1eadp nh\u1eadt nh\u1eefng y\u00eau c\u1ea7u k\u0129 thu\u1eadt t\u1eeb nh\u00e0 nh\u1eadp kh\u1ea9u s\u1ebd gi\u00fap rau qu\u1ea3 Vi\u1ec7t Nam th\u00e2m nh\u1eadp \u0111\u01b0\u1ee3c v\u00e0o c\u00e1c th\u1ecb tr\u01b0\u1eddng l\u1edbn, m\u1edf r\u1ed9ng th\u1ecb tr\u01b0\u1eddng XK.<\/p>\n<p style=\"text-align: justify;\">Ngu\u1ed3n: <a href=\"https:\/\/cand.com.vn\/kinh-te\/rau-qua-viet-nam-da-co-cho-dung-tren-thi-truong-quoc-te-i751751\/\">https:\/\/cand.com.vn\/kinh-te\/rau-qua-viet-nam-da-co-cho-dung-tren-thi-truong-quoc-te-i751751\/<\/a><\/p>\n","protected":false},"excerpt":{"rendered":"<p>N\u0103m 2024 s\u1eafp k\u1ebft th\u00fac, trong \u0111\u00f3 rau qu\u1ea3 n\u1ed5i l\u00ean l\u00e0 \u0111i\u1ec3m s\u00e1ng trong b\u1ee9c tranh xu\u1ea5t kh\u1ea9u (XK) n\u00f4ng s\u1ea3n, v\u1edbi kim ng\u1ea1ch l\u1ea7n \u0111\u1ea7u ti\u00ean c\u00f3 th\u1ec3 \u0111\u1ea1t t\u1edbi tr\u00ean 7,2 t\u1ef7 USD. Chia s\u1ebb v\u1edbi PV B\u00e1o CAND chi\u1ec1u 28\/11, \u00f4ng \u0110\u1eb7ng Ph\u00fac Nguy\u00ean &#8211; T\u1ed5ng th\u01b0 k\u00fd Hi\u1ec7p h\u1ed9i Rau&#8230;<\/p>\n","protected":false},"author":8,"featured_media":14297,"parent":0,"menu_order":0,"comment_status":"closed","ping_status":"closed","template":"","meta":{"footnotes":""},"class_list":["post-14301","page","type-page","status-publish","has-post-thumbnail","hentry"],"_links":{"self":[{"href":"https:\/\/hfoods.vn\/vi\/wp-json\/wp\/v2\/pages\/14301","targetHints":{"allow":["GET"]}}],"collection":[{"href":"https:\/\/hfoods.vn\/vi\/wp-json\/wp\/v2\/pages"}],"about":[{"href":"https:\/\/hfoods.vn\/vi\/wp-json\/wp\/v2\/types\/page"}],"author":[{"embeddable":true,"href":"https:\/\/hfoods.vn\/vi\/wp-json\/wp\/v2\/users\/8"}],"replies":[{"embeddable":true,"href":"https:\/\/hfoods.vn\/vi\/wp-json\/wp\/v2\/comments?post=14301"}],"version-history":[{"count":0,"href":"https:\/\/hfoods.vn\/vi\/wp-json\/wp\/v2\/pages\/14301\/revisions"}],"wp:featuredmedia":[{"embeddable":true,"href":"https:\/\/hfoods.vn\/vi\/wp-json\/wp\/v2\/media\/14297"}],"wp:attachment":[{"href":"https:\/\/hfoods.vn\/vi\/wp-json\/wp\/v2\/media?parent=14301"}],"curies":[{"name":"wp","href":"https:\/\/api.w.org\/{rel}","templated":true}]}}