{"id":14311,"date":"2024-12-01T07:00:07","date_gmt":"2024-12-01T07:00:07","guid":{"rendered":"https:\/\/hfoods.vn\/?page_id=14311"},"modified":"2024-12-01T10:54:38","modified_gmt":"2024-12-01T10:54:38","slug":"cac-nuoc-dong-nam-a-day-manh-xuat-khau-nong-san-sang-trung-quoc","status":"publish","type":"page","link":"https:\/\/hfoods.vn\/vi\/cac-nuoc-dong-nam-a-day-manh-xuat-khau-nong-san-sang-trung-quoc\/","title":{"rendered":"C\u00e1c n\u01b0\u1edbc \u0110\u00f4ng Nam \u00c1 \u0111\u1ea9y m\u1ea1nh xu\u1ea5t kh\u1ea9u n\u00f4ng s\u1ea3n sang Trung Qu\u1ed1c"},"content":{"rendered":"<p class=\"detail__summary\" style=\"text-align: justify;\"><strong>Kinhtedothi &#8211; C\u00e1c qu\u1ed1c gia \u0110\u00f4ng Nam \u00c1 \u0111\u00e3 v\u00e0 \u0111ang tri\u1ec3n khai nhi\u1ec1u ch\u00ednh s\u00e1ch nh\u1eb1m th\u00fac \u0111\u1ea9y xu\u1ea5t kh\u1ea9u g\u1ea1o v\u00e0 h\u00e0ng n\u00f4ng s\u1ea3n sang Trung Qu\u1ed1c, m\u1ed9t trong nh\u1eefng th\u1ecb tr\u01b0\u1eddng ti\u00eau th\u1ee5 n\u00f4ng s\u1ea3n h\u00e0ng \u0111\u1ea7u th\u1ebf gi\u1edbi.<\/strong><\/p>\n<p style=\"text-align: justify;\">\u0110\u1ec3 duy tr\u00ec v\u00e0 ph\u00e1t tri\u1ec3n xu\u1ea5t kh\u1ea9u v\u00e0o th\u1ecb tr\u01b0\u1eddng h\u01a1n 1 t\u1ef7 d\u00e2n, khu v\u1ef1c n\u00e0y c\u1ea7n ti\u1ebfp t\u1ee5c \u0111\u1ea7u t\u01b0 v\u00e0o \u0111\u1ed5i m\u1edbi c\u00f4ng ngh\u1ec7, ph\u00e1t tri\u1ec3n b\u1ec1n v\u1eefng v\u00e0 x\u00e2y d\u1ef1ng th\u01b0\u01a1ng hi\u1ec7u cho n\u00f4ng s\u1ea3n.<\/p>\n<p style=\"text-align: justify;\"><strong>K\u00fd k\u1ebft c\u00e1c Hi\u1ec7p \u0111\u1ecbnh Th\u01b0\u01a1ng m\u1ea1i t\u1ef1 do (FTA)<\/strong><\/p>\n<p style=\"text-align: justify;\">FTA \u0111\u00f3ng vai tr\u00f2 quan tr\u1ecdng trong vi\u1ec7c gi\u1ea3m thu\u1ebf quan v\u00e0 lo\u1ea1i b\u1ecf c\u00e1c r\u00e0o c\u1ea3n th\u01b0\u01a1ng m\u1ea1i, gi\u00fap th\u00fac \u0111\u1ea9y t\u0103ng tr\u01b0\u1edfng xu\u1ea5t kh\u1ea9u v\u00e0 m\u1edf r\u1ed9ng th\u1ecb tr\u01b0\u1eddng. \u0110\u1ed1i v\u1edbi c\u00e1c qu\u1ed1c gia ASEAN, \u0111\u00e2y l\u00e0 y\u1ebfu t\u1ed1 c\u1ed1t l\u00f5i \u0111\u1ec3 th\u00e2m nh\u1eadp th\u1ecb tr\u01b0\u1eddng Trung Qu\u1ed1c &#8211; m\u1ed9t trong nh\u1eefng \u0111i\u1ec3m \u0111\u1ebfn l\u1edbn nh\u1ea5t c\u1ee7a n\u00f4ng s\u1ea3n khu v\u1ef1c.<\/p>\n<p style=\"text-align: justify;\">Th\u00e1i Lan, v\u1edbi th\u1ebf m\u1ea1nh xu\u1ea5t kh\u1ea9u n\u00f4ng s\u1ea3n, \u0111\u00e3 t\u1eadn d\u1ee5ng hi\u1ec7u qu\u1ea3 Hi\u1ec7p \u0111\u1ecbnh Th\u01b0\u01a1ng m\u1ea1i H\u00e0ng h\u00f3a ASEAN &#8211; Trung Qu\u1ed1c (ACFTA). Hi\u1ec7p \u0111\u1ecbnh n\u00e0y gi\u00fap gi\u1ea3m thu\u1ebf su\u1ea5t \u0111\u1ed1i v\u1edbi c\u00e1c m\u1eb7t h\u00e0ng chi\u1ebfn l\u01b0\u1ee3c nh\u01b0 g\u1ea1o, s\u1ea7u ri\u00eang, nh\u00e3n v\u00e0 c\u00e1c lo\u1ea1i tr\u00e1i c\u00e2y nhi\u1ec7t \u0111\u1edbi kh\u00e1c.<\/p>\n<p style=\"text-align: justify;\">Nh\u1edd v\u1eady, Th\u00e1i Lan \u0111\u00e3 chi\u1ebfm l\u0129nh v\u1ecb tr\u00ed h\u00e0ng \u0111\u1ea7u trong xu\u1ea5t kh\u1ea9u n\u00f4ng s\u1ea3n sang Trung Qu\u1ed1c. Kh\u00f4ng ch\u1ec9 d\u1eebng l\u1ea1i \u1edf tr\u00e1i c\u00e2y, c\u00e1c m\u1eb7t h\u00e0ng nh\u01b0 cao su v\u00e0 \u0111\u01b0\u1eddng c\u0169ng \u0111\u01b0\u1ee3c h\u01b0\u1edfng l\u1ee3i t\u1eeb ACFTA, g\u00f3p ph\u1ea7n \u0111\u00e1ng k\u1ec3 v\u00e0o vi\u1ec7c gia t\u0103ng kim ng\u1ea1ch xu\u1ea5t kh\u1ea9u n\u00f4ng s\u1ea3n.<\/p>\n<p style=\"text-align: justify;\">Ti\u1ebfn s\u0129 Thanaporn Charoensuk, chuy\u00ean gia th\u01b0\u01a1ng m\u1ea1i qu\u1ed1c t\u1ebf, nh\u1eadn \u0111\u1ecbnh: \u201cTh\u00e1i Lan \u0111\u00e3 t\u1eadn d\u1ee5ng ACFTA \u0111\u1ec3 kh\u00f4ng ch\u1ec9 th\u00fac \u0111\u1ea9y xu\u1ea5t kh\u1ea9u m\u00e0 c\u00f2n t\u0103ng gi\u00e1 tr\u1ecb cho chu\u1ed7i cung \u1ee9ng n\u00f4ng nghi\u1ec7p. \u0110i\u1ec1u n\u00e0y c\u0169ng g\u00f3p ph\u1ea7n t\u1ea1o l\u1ee3i th\u1ebf c\u1ea1nh tranh cho c\u00e1c s\u1ea3n ph\u1ea9m n\u00f4ng nghi\u1ec7p c\u1ee7a qu\u1ed1c gia\u201d.<\/p>\n<figure id=\"attachment_14306\" aria-describedby=\"caption-attachment-14306\" style=\"width: 960px\" class=\"wp-caption aligncenter\"><img loading=\"lazy\" decoding=\"async\" class=\"wp-image-14306 size-full\" src=\"https:\/\/hfoods.vn\/wp-content\/uploads\/2024\/12\/static.kinhtedothi.vn-w960-images-upload-2024-11-29-_che-bien-so-che-hoa-qua-xuat-khau-sang-thi-truong-trung-quoc-anh-danh-lam.jpg\" alt=\"\" width=\"960\" height=\"640\" srcset=\"https:\/\/hfoods.vn\/wp-content\/uploads\/2024\/12\/static.kinhtedothi.vn-w960-images-upload-2024-11-29-_che-bien-so-che-hoa-qua-xuat-khau-sang-thi-truong-trung-quoc-anh-danh-lam.jpg 960w, https:\/\/hfoods.vn\/wp-content\/uploads\/2024\/12\/static.kinhtedothi.vn-w960-images-upload-2024-11-29-_che-bien-so-che-hoa-qua-xuat-khau-sang-thi-truong-trung-quoc-anh-danh-lam-768x512.jpg 768w, https:\/\/hfoods.vn\/wp-content\/uploads\/2024\/12\/static.kinhtedothi.vn-w960-images-upload-2024-11-29-_che-bien-so-che-hoa-qua-xuat-khau-sang-thi-truong-trung-quoc-anh-danh-lam-600x400.jpg 600w\" sizes=\"auto, (max-width: 960px) 100vw, 960px\" \/><figcaption id=\"caption-attachment-14306\" class=\"wp-caption-text\">S\u01a1 ch\u1ebf hoa qu\u1ea3 xu\u1ea5t kh\u1ea9u sang th\u1ecb tr\u01b0\u1eddng Trung Qu\u1ed1c.<\/figcaption><\/figure>\n<p style=\"text-align: justify;\">Indonesia \u0111\u00e3 k\u00fd k\u1ebft v\u00e0 th\u1ef1c thi ACFTA \u0111\u1ec3 th\u00fac \u0111\u1ea9y xu\u1ea5t kh\u1ea9u c\u00e1c m\u1eb7t h\u00e0ng chi\u1ebfn l\u01b0\u1ee3c nh\u01b0 d\u1ea7u c\u1ecd, c\u00e0 ph\u00ea v\u00e0 gia v\u1ecb. D\u1ea7u c\u1ecd c\u1ee7a qu\u1ed1c gia n\u00e0y kh\u00f4ng ch\u1ec9 \u0111\u00e1p \u1ee9ng nhu c\u1ea7u ti\u00eau d\u00f9ng kh\u1ed5ng l\u1ed3 t\u1ea1i Trung Qu\u1ed1c m\u00e0 c\u00f2n tr\u1edf th\u00e0nh nguy\u00ean li\u1ec7u quan tr\u1ecdng trong chu\u1ed7i cung \u1ee9ng c\u00f4ng nghi\u1ec7p th\u1ef1c ph\u1ea9m t\u1ea1i \u0111\u00e2y. Vi\u1ec7c th\u1ef1c hi\u1ec7n c\u00e1c FTA c\u0169ng gi\u00fap t\u0103ng c\u01b0\u1eddng v\u1ecb th\u1ebf c\u1ee7a Indonesia tr\u00ean th\u1ecb tr\u01b0\u1eddng n\u00f4ng s\u1ea3n to\u00e0n c\u1ea7u.<\/p>\n<p style=\"text-align: justify;\">Malaysia c\u0169ng \u0111\u00e3 t\u1eadn d\u1ee5ng c\u00e1c hi\u1ec7p \u0111\u1ecbnh th\u01b0\u01a1ng m\u1ea1i \u0111\u1ec3 \u0111\u1ea9y m\u1ea1nh xu\u1ea5t kh\u1ea9u n\u00f4ng s\u1ea3n, \u0111\u1eb7c bi\u1ec7t l\u00e0 s\u1ea7u ri\u00eang t\u01b0\u01a1i v\u00e0 d\u1ea7u c\u1ecd. N\u0103m 2023, Malaysia k\u00fd k\u1ebft nhi\u1ec1u th\u1ecfa thu\u1eadn th\u01b0\u01a1ng m\u1ea1i quan tr\u1ecdng, gi\u00fap m\u1edf r\u1ed9ng th\u1ecb ph\u1ea7n d\u1ea7u c\u1ecd t\u1ea1i Trung Qu\u1ed1c &#8211; m\u1ed9t trong nh\u1eefng th\u1ecb tr\u01b0\u1eddng ti\u00eau th\u1ee5 l\u1edbn nh\u1ea5t th\u1ebf gi\u1edbi. Vi\u1ec7c k\u00fd k\u1ebft c\u00e1c FTA kh\u00f4ng ch\u1ec9 gi\u1ea3m thu\u1ebf su\u1ea5t m\u00e0 c\u00f2n c\u1ea3i thi\u1ec7n c\u00e1c \u0111i\u1ec1u ki\u1ec7n ki\u1ec3m d\u1ecbch, gi\u00fap n\u00f4ng s\u1ea3n Malaysia d\u1ec5 d\u00e0ng ti\u1ebfp c\u1eadn h\u01a1n v\u1edbi th\u1ecb tr\u01b0\u1eddng Trung Qu\u1ed1c.<\/p>\n<p style=\"text-align: justify;\"><strong>\u0110\u00e0m ph\u00e1n v\u00e0 k\u00fd k\u1ebft Ngh\u1ecb \u0111\u1ecbnh th\u01b0 v\u1ec1 ki\u1ec3m d\u1ecbch th\u1ef1c v\u1eadt<\/strong><\/p>\n<p style=\"text-align: justify;\">\u0110\u1ec3 ti\u1ebfp c\u1eadn th\u1ecb tr\u01b0\u1eddng Trung Qu\u1ed1c, n\u00f4ng s\u1ea3n c\u1ee7a \u0110\u00f4ng Nam \u00c1 ph\u1ea3i \u0111\u00e1p \u1ee9ng c\u00e1c ti\u00eau chu\u1ea9n ki\u1ec3m d\u1ecbch th\u1ef1c v\u1eadt nghi\u00eam ng\u1eb7t. Ngh\u1ecb \u0111\u1ecbnh th\u01b0 gi\u1eefa c\u00e1c n\u01b0\u1edbc trong khu v\u1ef1c v\u00e0 n\u1ec1n kinh t\u1ebf s\u1ed1 l\u1edbn th\u1ee9 ba th\u1ebf gi\u1edbi \u0111\u00e3 t\u1ea1o ra khung ph\u00e1p l\u00fd r\u00f5 r\u00e0ng, gi\u00fap m\u1edf c\u1eeda th\u1ecb tr\u01b0\u1eddng cho nhi\u1ec1u lo\u1ea1i s\u1ea3n ph\u1ea9m.<\/p>\n<p style=\"text-align: justify;\">Th\u00e1i Lan v\u00e0 Trung Qu\u1ed1c c\u0169ng \u0111\u00e3 k\u00fd nhi\u1ec1u ngh\u1ecb \u0111\u1ecbnh v\u1ec1 ki\u1ec3m d\u1ecbch th\u1ef1c v\u1eadt, cho ph\u00e9p c\u00e1c s\u1ea3n ph\u1ea9m nh\u01b0 s\u1ea7u ri\u00eang v\u00e0 nh\u00e3n xu\u1ea5t kh\u1ea9u ch\u00ednh ng\u1ea1ch. Ch\u00ednh ph\u1ee7 Bangkok \u0111\u00e3 h\u1ee3p t\u00e1c ch\u1eb7t ch\u1ebd v\u1edbi c\u00e1c c\u01a1 quan ki\u1ec3m d\u1ecbch Trung Qu\u1ed1c \u0111\u1ec3 b\u1ea3o \u0111\u1ea3m quy tr\u00ecnh nhanh ch\u00f3ng v\u00e0 minh b\u1ea1ch.<\/p>\n<p style=\"text-align: justify;\">Theo chuy\u00ean gia n\u00f4ng nghi\u1ec7p Ti\u1ebfn s\u0129 Chanathip Rattanachot t\u1eeb \u0110\u1ea1i h\u1ecdc Kasetsart, Th\u00e1i Lan, vi\u1ec7c k\u00fd k\u1ebft c\u00e1c ngh\u1ecb \u0111\u1ecbnh th\u01b0 ki\u1ec3m \u0111\u1ecbnh th\u1ef1c v\u1eadt kh\u00f4ng ch\u1ec9 t\u1ea1o \u0111i\u1ec1u ki\u1ec7n \u0111\u1ec3 c\u00e1c s\u1ea3n ph\u1ea9m n\u00f4ng s\u1ea3n ti\u1ebfp c\u1eadn th\u1ecb tr\u01b0\u1eddng Trung Qu\u1ed1c m\u00e0 c\u00f2n gi\u00fap c\u1ea3i thi\u1ec7n ch\u1ea5t l\u01b0\u1ee3ng s\u1ea3n ph\u1ea9m.<\/p>\n<p style=\"text-align: justify;\">&#8220;C\u00e1c ti\u00eau chu\u1ea9n ki\u1ec3m tra th\u1ef1c ph\u1ea9m c\u1ee7a Trung Qu\u1ed1c r\u1ea5t nghi\u00eam ng\u1eb7t, t\u1eeb kh\u00e2u l\u1ef1a ch\u1ecdn t\u01b0\u01a1ng t\u1ef1, canh t\u00e1c \u0111\u1ebfn x\u1eed l\u00fd sau thu ho\u1ea1ch. \u0110i\u1ec1u n\u00e0y th\u00fac gi\u1ee5c c\u00e1c nh\u00e0 s\u1ea3n xu\u1ea5t \u1edf Th\u00e1i Lan \u00e1p d\u1ee5ng c\u00f4ng ngh\u1ec7 hi\u1ec7n \u0111\u1ea1i v\u00e0 quy tr\u00ecnh s\u1ea3n xu\u1ea5t s\u1ea3n ph\u1ea9m hi\u1ec7n \u0111\u1ea1i \u0111\u1ed1i v\u1edbi s\u1ea3n ph\u1ea9m&#8221; &#8211; \u00f4ng cho bi\u1ebft.<\/p>\n<p style=\"text-align: justify;\">Malaysia t\u1eadp trung v\u00e0o s\u1ea7u ri\u00eang v\u00e0 d\u1ea7u c\u1ecd, hai s\u1ea3n ph\u1ea9m chi\u1ebfn l\u01b0\u1ee3c c\u00f3 ti\u1ec1m n\u0103ng l\u1edbn t\u1ea1i Trung Qu\u1ed1c. Vi\u1ec7c \u0111\u00e0m ph\u00e1n c\u00e1c ti\u00eau chu\u1ea9n ki\u1ec3m d\u1ecbch v\u00e0 ch\u1ea5t l\u01b0\u1ee3ng gi\u00fap s\u1ea3n ph\u1ea9m Malaysia d\u1ec5 d\u00e0ng ti\u1ebfp c\u1eadn th\u1ecb tr\u01b0\u1eddng n\u00e0y h\u01a1n.<\/p>\n<p style=\"text-align: justify;\"><strong>N\u00e2ng cao ch\u1ea5t l\u01b0\u1ee3ng s\u1ea3n ph\u1ea9m v\u00e0 \u0111\u00e1p \u1ee9ng ti\u00eau chu\u1ea9n an to\u00e0n th\u1ef1c ph\u1ea9m<\/strong><\/p>\n<p style=\"text-align: justify;\">Ch\u1ea5t l\u01b0\u1ee3ng v\u00e0 an to\u00e0n th\u1ef1c ph\u1ea9m l\u00e0 y\u1ebfu t\u1ed1 quan tr\u1ecdng \u0111\u1ec3 duy tr\u00ec v\u00e0 m\u1edf r\u1ed9ng th\u1ecb ph\u1ea7n t\u1ea1i Trung Qu\u1ed1c. C\u00e1c qu\u1ed1c gia \u0110\u00f4ng Nam \u00c1 \u0111\u00e3 \u0111\u1ea7u t\u01b0 m\u1ea1nh m\u1ebd v\u00e0o n\u00e2ng cao ch\u1ea5t l\u01b0\u1ee3ng s\u1ea3n ph\u1ea9m \u0111\u1ec3 \u0111\u00e1p \u1ee9ng c\u00e1c y\u00eau c\u1ea7u kh\u1eaft khe c\u1ee7a th\u1ecb tr\u01b0\u1eddng.<\/p>\n<p style=\"text-align: justify;\">Malaysia \u0111\u00e3 \u0111\u1ea7u t\u01b0 v\u00e0o chu\u1ed7i cung \u1ee9ng s\u1ea7u ri\u00eang, t\u1eeb kh\u00e2u tr\u1ed3ng tr\u1ecdt, thu ho\u1ea1ch \u0111\u1ebfn b\u1ea3o qu\u1ea3n v\u00e0 v\u1eadn chuy\u1ec3n. Nh\u1eefng c\u1ea3i ti\u1ebfn n\u00e0y gi\u00fap n\u00e2ng cao t\u00ednh c\u1ea1nh tranh c\u1ee7a s\u1ea7u ri\u00eang Malaysia tr\u00ean th\u1ecb tr\u01b0\u1eddng Trung Qu\u1ed1c, n\u01a1i ng\u01b0\u1eddi ti\u00eau d\u00f9ng ng\u00e0y c\u00e0ng quan t\u00e2m \u0111\u1ebfn ch\u1ea5t l\u01b0\u1ee3ng v\u00e0 an to\u00e0n th\u1ef1c ph\u1ea9m.<br \/>\nIndonesia t\u1eadp trung v\u00e0o s\u1ea3n xu\u1ea5t b\u1ec1n v\u1eefng, \u0111\u1eb7c bi\u1ec7t l\u00e0 d\u1ea7u c\u1ecd.<\/p>\n<p style=\"text-align: justify;\">Nhi\u1ec1u DN \u0111\u00e3 \u00e1p d\u1ee5ng c\u00e1c ti\u00eau chu\u1ea9n ch\u1ee9ng nh\u1eadn qu\u1ed1c t\u1ebf nh\u01b0 RSPO (Roundtable on Sustainable Palm Oil) \u0111\u1ec3 \u0111\u00e1p \u1ee9ng nhu c\u1ea7u c\u1ee7a th\u1ecb tr\u01b0\u1eddng Trung Qu\u1ed1c v\u00e0 th\u1ebf gi\u1edbi.<\/p>\n<p style=\"text-align: justify;\">Theo chuy\u00ean gia, Ti\u1ebfn s\u0129 Aditya Kusuma c\u1ee7a \u0110\u1ea1i h\u1ecdc Gadjah Mada: \u201cVi\u1ec7c tu\u00e2n th\u1ee7 c\u00e1c ti\u00eau chu\u1ea9n qu\u1ed1c t\u1ebf nh\u01b0 RSPO kh\u00f4ng ch\u1ec9 gi\u00fap c\u00e1c DN Indonesia th\u00e2m nh\u1eadp s\u00e2u h\u01a1n v\u00e0o th\u1ecb tr\u01b0\u1eddng Trung Qu\u1ed1c m\u00e0 c\u00f2n t\u1ea1o d\u1ef1ng h\u00ecnh \u1ea3nh t\u00edch c\u1ef1c c\u1ee7a ng\u00e0nh d\u1ea7u c\u1ecd \u0111\u1ed1i v\u1edbi ng\u01b0\u1eddi ti\u00eau d\u00f9ng to\u00e0n c\u1ea7u\u201d.<\/p>\n<p style=\"text-align: justify;\">Th\u00e1i Lan \u0111\u00e3 tri\u1ec3n khai ch\u01b0\u01a1ng tr\u00ecnh GAP (Good Agricultural Practices) \u0111\u1ec3 c\u1ea3i thi\u1ec7n ch\u1ea5t l\u01b0\u1ee3ng s\u1ea3n ph\u1ea9m v\u00e0 t\u0103ng c\u01b0\u1eddng xu\u1ea5t kh\u1ea9u g\u1ea1o, tr\u00e1i c\u00e2y v\u00e0 c\u00e1c s\u1ea3n ph\u1ea9m n\u00f4ng s\u1ea3n kh\u00e1c. \u0110\u00e2y l\u00e0 y\u1ebfu t\u1ed1 quan tr\u1ecdng gi\u00fap n\u00f4ng s\u1ea3n n\u01b0\u1edbc n\u00e0y duy tr\u00ec s\u1ee9c c\u1ea1nh tranh t\u1ea1i Trung Qu\u1ed1c.<\/p>\n<p style=\"text-align: justify;\"><strong>Ph\u00e1t tri\u1ec3n h\u1ea1 t\u1ea7ng logistics v\u00e0 c\u1ea3i thi\u1ec7n th\u1ee7 t\u1ee5c h\u1ea3i quan<\/strong><\/p>\n<p style=\"text-align: justify;\">M\u1ed9t trong nh\u1eefng r\u00e0o c\u1ea3n l\u1edbn \u0111\u1ed1i v\u1edbi xu\u1ea5t kh\u1ea9u n\u00f4ng s\u1ea3n l\u00e0 chi ph\u00ed v\u00e0 th\u1eddi gian v\u1eadn chuy\u1ec3n. \u0110\u1ec3 gi\u1ea3i quy\u1ebft v\u1ea5n \u0111\u1ec1 n\u00e0y, c\u00e1c n\u01b0\u1edbc \u0110\u00f4ng Nam \u00c1 \u0111\u00e3 \u0111\u1ea7u t\u01b0 m\u1ea1nh v\u00e0o h\u1ea1 t\u1ea7ng logistics v\u00e0 c\u1ea3i thi\u1ec7n th\u1ee7 t\u1ee5c h\u1ea3i quan.<\/p>\n<p style=\"text-align: justify;\">Singapore v\u1edbi h\u1ec7 th\u1ed1ng c\u1ea3ng bi\u1ec3n v\u00e0 d\u1ecbch v\u1ee5 logistics ti\u00ean ti\u1ebfn, \u0111\u00f3ng vai tr\u00f2 trung t\u00e2m trung chuy\u1ec3n n\u00f4ng s\u1ea3n t\u1eeb \u0110\u00f4ng Nam \u00c1 sang Trung Qu\u1ed1c. C\u00e1c d\u1ecbch v\u1ee5 nh\u01b0 b\u1ea3o qu\u1ea3n l\u1ea1nh v\u00e0 qu\u1ea3n l\u00fd chu\u1ed7i cung \u1ee9ng gi\u00fap s\u1ea3n ph\u1ea9m duy tr\u00ec ch\u1ea5t l\u01b0\u1ee3ng trong qu\u00e1 tr\u00ecnh v\u1eadn chuy\u1ec3n.<\/p>\n<p style=\"text-align: justify;\">Malaysia v\u00e0 Indonesia c\u0169ng \u0111\u00e3 c\u1ea3i thi\u1ec7n h\u1ea1 t\u1ea7ng giao th\u00f4ng v\u00e0 logistics, \u0111\u1eb7c bi\u1ec7t l\u00e0 c\u00e1c c\u1ea3ng bi\u1ec3n ch\u00ednh nh\u01b0 Port Klang (Malaysia) v\u00e0 Tanjung Priok (Indonesia). Nh\u1eefng c\u1ea3i ti\u1ebfn n\u00e0y gi\u00fap gi\u1ea3m chi ph\u00ed v\u1eadn chuy\u1ec3n v\u00e0 r\u00fat ng\u1eafn th\u1eddi gian giao h\u00e0ng.<\/p>\n<p style=\"text-align: justify;\"><strong>H\u1ed7 tr\u1ee3 doanh nghi\u1ec7p tham gia h\u1ed9i ch\u1ee3 v\u00e0 tri\u1ec3n l\u00e3m qu\u1ed1c t\u1ebf<\/strong><\/p>\n<p style=\"text-align: justify;\">C\u00e1c qu\u1ed1c gia \u0110\u00f4ng Nam \u00c1 \u0111\u00e3 t\u00edch c\u1ef1c t\u1ed5 ch\u1ee9c v\u00e0 tham gia c\u00e1c h\u1ed9i ch\u1ee3 th\u01b0\u01a1ng m\u1ea1i, tri\u1ec3n l\u00e3m qu\u1ed1c t\u1ebf t\u1ea1i Trung Qu\u1ed1c \u0111\u1ec3 qu\u1ea3ng b\u00e1 s\u1ea3n ph\u1ea9m v\u00e0 t\u00ecm ki\u1ebfm \u0111\u1ed1i t\u00e1c kinh doanh.<\/p>\n<p style=\"text-align: justify;\">Indonesia th\u01b0\u1eddng xuy\u00ean t\u1ed5 ch\u1ee9c c\u00e1c s\u1ef1 ki\u1ec7n x\u00fac ti\u1ebfn th\u01b0\u01a1ng m\u1ea1i t\u1ea1i Trung Qu\u1ed1c, gi\u1edbi thi\u1ec7u c\u00e1c s\u1ea3n ph\u1ea9m ch\u1ee7 l\u1ef1c nh\u01b0 c\u00e0 ph\u00ea, d\u1ea7u c\u1ecd v\u00e0 gia v\u1ecb. \u0110\u00e2y l\u00e0 c\u01a1 h\u1ed9i \u0111\u1ec3 c\u00e1c DN x\u00e2y d\u1ef1ng quan h\u1ec7 \u0111\u1ed1i t\u00e1c v\u00e0 m\u1edf r\u1ed9ng th\u1ecb tr\u01b0\u1eddng.<\/p>\n<p style=\"text-align: justify;\">Th\u00e1i Lan t\u1ed5 ch\u1ee9c c\u00e1c chi\u1ebfn d\u1ecbch qu\u1ea3ng b\u00e1 tr\u00e1i c\u00e2y nhi\u1ec7t \u0111\u1edbi nh\u01b0 s\u1ea7u ri\u00eang v\u00e0 nh\u00e3n t\u1ea1i c\u00e1c TP l\u1edbn c\u1ee7a Trung Qu\u1ed1c. Nh\u1eefng s\u1ef1 ki\u1ec7n n\u00e0y kh\u00f4ng ch\u1ec9 thu h\u00fat ng\u01b0\u1eddi ti\u00eau d\u00f9ng m\u00e0 c\u00f2n n\u00e2ng cao nh\u1eadn th\u1ee9c v\u1ec1 th\u01b0\u01a1ng hi\u1ec7u qu\u1ed1c gia.<br \/>\nSingapore tham gia v\u00e0o c\u00e1c s\u1ef1 ki\u1ec7n th\u01b0\u01a1ng m\u1ea1i qu\u1ed1c t\u1ebf, kh\u00f4ng ch\u1ec9 \u0111\u1ec3 qu\u1ea3ng b\u00e1 s\u1ea3n ph\u1ea9m m\u00e0 c\u00f2n cung c\u1ea5p c\u00e1c d\u1ecbch v\u1ee5 li\u00ean quan nh\u01b0 logistics v\u00e0 t\u00e0i ch\u00ednh, h\u1ed7 tr\u1ee3 xu\u1ea5t kh\u1ea9u n\u00f4ng s\u1ea3n c\u1ee7a khu v\u1ef1c \u0110\u00f4ng Nam \u00c1.<\/p>\n<p style=\"text-align: justify;\">Ngu\u1ed3n: <a href=\"https:\/\/kinhtedothi.vn\/cac-nuoc-dong-nam-a-day-manh-xuat-khau-nong-san-sang-trung-quoc.html\">https:\/\/kinhtedothi.vn\/cac-nuoc-dong-nam-a-day-manh-xuat-khau-nong-san-sang-trung-quoc.html<\/a><\/p>\n","protected":false},"excerpt":{"rendered":"<p>Kinhtedothi &#8211; C\u00e1c qu\u1ed1c gia \u0110\u00f4ng Nam \u00c1 \u0111\u00e3 v\u00e0 \u0111ang tri\u1ec3n khai nhi\u1ec1u ch\u00ednh s\u00e1ch nh\u1eb1m th\u00fac \u0111\u1ea9y xu\u1ea5t kh\u1ea9u g\u1ea1o v\u00e0 h\u00e0ng n\u00f4ng s\u1ea3n sang Trung Qu\u1ed1c, m\u1ed9t trong nh\u1eefng th\u1ecb tr\u01b0\u1eddng ti\u00eau th\u1ee5 n\u00f4ng s\u1ea3n h\u00e0ng \u0111\u1ea7u th\u1ebf gi\u1edbi. \u0110\u1ec3 duy tr\u00ec v\u00e0 ph\u00e1t tri\u1ec3n xu\u1ea5t kh\u1ea9u v\u00e0o th\u1ecb tr\u01b0\u1eddng h\u01a1n 1&#8230;<\/p>\n","protected":false},"author":8,"featured_media":14306,"parent":0,"menu_order":0,"comment_status":"closed","ping_status":"closed","template":"","meta":{"footnotes":""},"class_list":["post-14311","page","type-page","status-publish","has-post-thumbnail","hentry"],"_links":{"self":[{"href":"https:\/\/hfoods.vn\/vi\/wp-json\/wp\/v2\/pages\/14311","targetHints":{"allow":["GET"]}}],"collection":[{"href":"https:\/\/hfoods.vn\/vi\/wp-json\/wp\/v2\/pages"}],"about":[{"href":"https:\/\/hfoods.vn\/vi\/wp-json\/wp\/v2\/types\/page"}],"author":[{"embeddable":true,"href":"https:\/\/hfoods.vn\/vi\/wp-json\/wp\/v2\/users\/8"}],"replies":[{"embeddable":true,"href":"https:\/\/hfoods.vn\/vi\/wp-json\/wp\/v2\/comments?post=14311"}],"version-history":[{"count":0,"href":"https:\/\/hfoods.vn\/vi\/wp-json\/wp\/v2\/pages\/14311\/revisions"}],"wp:featuredmedia":[{"embeddable":true,"href":"https:\/\/hfoods.vn\/vi\/wp-json\/wp\/v2\/media\/14306"}],"wp:attachment":[{"href":"https:\/\/hfoods.vn\/vi\/wp-json\/wp\/v2\/media?parent=14311"}],"curies":[{"name":"wp","href":"https:\/\/api.w.org\/{rel}","templated":true}]}}