{"id":14418,"date":"2024-12-19T07:00:09","date_gmt":"2024-12-19T07:00:09","guid":{"rendered":"https:\/\/hfoods.vn\/?page_id=14418"},"modified":"2024-12-22T05:05:29","modified_gmt":"2024-12-22T05:05:29","slug":"xuat-khau-nong-san-lap-nhieu-ky-luc-moi","status":"publish","type":"page","link":"https:\/\/hfoods.vn\/vi\/xuat-khau-nong-san-lap-nhieu-ky-luc-moi\/","title":{"rendered":"Xu\u1ea5t kh\u1ea9u n\u00f4ng s\u1ea3n l\u1eadp nhi\u1ec1u k\u1ef7 l\u1ee5c m\u1edbi"},"content":{"rendered":"<p style=\"text-align: justify;\"><strong>N\u0103m 2024, t\u1ed5ng kim ng\u1ea1ch xu\u1ea5t kh\u1ea9u n\u00f4ng l\u00e2m th\u1ee7y s\u1ea3n \u01b0\u1edbc \u0111\u1ea1t m\u1ee9c cao k\u1ef7 l\u1ee5c 62,4 t\u1ef7 USD, t\u0103ng 18,5% so v\u1edbi n\u0103m 2023, xu\u1ea5t si\u00eau ti\u1ebfp t\u1ee5c \u0111\u1ea1t m\u1ee9c k\u1ef7 l\u1ee5c m\u1edbi 18,6 t\u1ef7 USD, t\u0103ng 53,1%.<\/strong><\/p>\n<figure id=\"attachment_14412\" aria-describedby=\"caption-attachment-14412\" style=\"width: 1024px\" class=\"wp-caption aligncenter\"><img loading=\"lazy\" decoding=\"async\" class=\"wp-image-14412 size-full\" src=\"https:\/\/hfoods.vn\/wp-content\/uploads\/2024\/12\/toa-dam-20241219121033.jpg\" alt=\"\" width=\"1024\" height=\"569\" srcset=\"https:\/\/hfoods.vn\/wp-content\/uploads\/2024\/12\/toa-dam-20241219121033.jpg 1024w, https:\/\/hfoods.vn\/wp-content\/uploads\/2024\/12\/toa-dam-20241219121033-768x427.jpg 768w, https:\/\/hfoods.vn\/wp-content\/uploads\/2024\/12\/toa-dam-20241219121033-600x333.jpg 600w\" sizes=\"auto, (max-width: 1024px) 100vw, 1024px\" \/><figcaption id=\"caption-attachment-14412\" class=\"wp-caption-text\">Quang c\u1ea3nh t\u1ecda \u0111\u00e0m.<\/figcaption><\/figure>\n<p style=\"text-align: justify;\">S\u00e1ng 19\/12,\u00a0<a href=\"https:\/\/bnews.vn\/tag\/bo-nong-nghiep-va-phat-trien-nong-thon\/306690\/1.html\" target=\"_blank\" rel=\"noopener\">B\u1ed9 N\u00f4ng nghi\u1ec7p<\/a>\u00a0v\u00e0 Ph\u00e1t tri\u1ec3n n\u00f4ng th\u00f4n ph\u1ed1i h\u1ee3p v\u1edbi B\u00e1o N\u00f4ng th\u00f4n Ng\u00e0y nay\/D\u00e2n Vi\u1ec7t t\u1ed5 ch\u1ee9c t\u1ecda \u0111\u00e0m tr\u1ef1c tuy\u1ebfn v\u1edbi ch\u1ee7 \u0111\u1ec1: Xu\u1ea5t kh\u1ea9u n\u00f4ng s\u1ea3n n\u0103m 2024 &#8211; K\u1ef7 l\u1ee5c m\u1edbi, v\u1ecb th\u1ebf m\u1edbi.<\/p>\n<p style=\"text-align: justify;\">N\u0103m 2024, ng\u00e0nh n\u00f4ng nghi\u1ec7p th\u1ef1c hi\u1ec7n k\u1ebf ho\u1ea1ch trong \u0111i\u1ec1u ki\u1ec7n c\u00f3 nh\u1eefng thu\u1eadn l\u1ee3i v\u00e0 kh\u00f3 kh\u0103n, th\u00e1ch th\u1ee9c \u0111an xen; trong \u0111\u00f3 c\u00f3 y\u1ebfu t\u1ed1 t\u00e1c \u0111\u1ed9ng m\u1ea1nh c\u1ee7a bi\u1ebfn \u0111\u1ed9ng th\u1ecb tr\u01b0\u1eddng, c\u1ee7a th\u1eddi ti\u1ebft n\u1eafng n\u00f3ng gay g\u1eaft, h\u1ea1n h\u00e1n, m\u01b0a b\u00e3o t\u1ea1i c\u00e1c \u0111\u1ecba ph\u01b0\u01a1ng v\u00f9ng T\u00e2y Nguy\u00ean, mi\u1ec1n Trung, x\u00e2m nh\u1eadp m\u1eb7n t\u1ea1i c\u00e1c t\u1ec9nh, th\u00e0nh ph\u1ed1 ph\u00eda Nam; \u0111\u1eb7c bi\u1ec7t l\u00e0 c\u01a1n b\u00e3o s\u1ed1 3 (Yagi) \u0111\u00e3 g\u00e2y g\u00e2y thi\u1ec7t h\u1ea1i n\u1eb7ng n\u1ec1 cho s\u1ea3n xu\u1ea5t n\u00f4ng nghi\u1ec7p c\u00e1c t\u1ec9nh ph\u00eda B\u1eafc. Ng\u00e0nh n\u00f4ng nghi\u1ec7p \u0111\u00e3 v\u01b0\u1ee3t qua kh\u00f3 kh\u0103n, th\u00e1ch th\u1ee9c \u0111\u1ec3 \u0111\u1ea9y m\u1ea1nh s\u1ea3n xu\u1ea5t ph\u00e1t tri\u1ec3n c\u1ea3 v\u1ec1 quy m\u00f4 v\u00e0 tr\u00ecnh \u0111\u1ed9 s\u1ea3n xu\u1ea5t.<\/p>\n<p style=\"text-align: justify;\">\n<p style=\"text-align: justify;\">N\u00f4ng nghi\u1ec7p Vi\u1ec7t Nam v\u1eeba b\u1ea3o \u0111\u1ea3m v\u1eefng ch\u1eafc an ninh l\u01b0\u01a1ng th\u1ef1c qu\u1ed1c gia, v\u1eeba h\u1ed9i nh\u1eadp qu\u1ed1c t\u1ebf m\u1ea1nh m\u1ebd v\u00e0 s\u00e2u r\u1ed9ng; nhi\u1ec1u m\u1eb7t h\u00e0ng n\u00f4ng s\u1ea3n th\u1ebf m\u1ea1nh, ch\u1ee7 l\u1ef1c ti\u1ebfp t\u1ee5c \u0111\u01b0\u1ee3c m\u1edf r\u1ed9ng th\u1ecb tr\u01b0\u1eddng. Xu\u1ea5t kh\u1ea9u n\u00f4ng s\u1ea3n Vi\u1ec7t Nam \u0111\u00e3 \u0111\u1ea1t nhi\u1ec1u k\u1ef7 l\u1ee5c m\u1edbi.<\/p>\n<p style=\"text-align: justify;\">\n<p style=\"text-align: justify;\">N\u0103m 2024, t\u1ed5ng kim ng\u1ea1ch xu\u1ea5t kh\u1ea9u n\u00f4ng l\u00e2m th\u1ee7y s\u1ea3n \u01b0\u1edbc \u0111\u1ea1t m\u1ee9c cao k\u1ef7 l\u1ee5c 62,4 t\u1ef7 USD, t\u0103ng 18,5% so v\u1edbi n\u0103m 2023, xu\u1ea5t si\u00eau ti\u1ebfp t\u1ee5c \u0111\u1ea1t m\u1ee9c k\u1ef7 l\u1ee5c m\u1edbi 18,6 t\u1ef7 USD, t\u0103ng 53,1%. Trong s\u1ed1 \u0111\u00f3, xu\u1ea5t kh\u1ea9u n\u00f4ng s\u1ea3n ch\u00ednh g\u1ea7n 33 t\u1ef7 USD, t\u0103ng 23,1%; ch\u0103n nu\u00f4i 525 tri\u1ec7u USD, t\u0103ng 4,8%; l\u00e2m s\u1ea3n ch\u00ednh 17,2 t\u1ef7 USD, t\u0103ng 18,9%; th\u1ee7y s\u1ea3n 9,9 t\u1ef7 USD, t\u0103ng 10,3%. C\u00f3 7 h\u00e0ng\/nh\u00f3m m\u1eb7t h\u00e0ng xu\u1ea5t kh\u1ea9u tr\u00ean 3 t\u1ef7 USD (t\u0103ng 1 s\u1ea3n ph\u1ea9m so v\u1edbi n\u0103m 2023).<\/p>\n<p style=\"text-align: justify;\">\n<p style=\"text-align: justify;\">V\u1edbi th\u00e0nh t\u00edch tr\u00ean, \u00f4ng Nguy\u1ec5n Quang Hi\u1ebfu, Ph\u00f3 C\u1ee5c tr\u01b0\u1edfng C\u1ee5c B\u1ea3o v\u1ec7 th\u1ef1c v\u1eadt \u0111\u00e1nh gi\u00e1, \u0111\u00e2y l\u00e0 nh\u1eefng con s\u1ed1 r\u1ea5t \u1ea5n t\u01b0\u1ee3ng, ph\u1ea3n \u00e1nh c\u1ea3 qu\u00e1 tr\u00ecnh s\u1ea3n xu\u1ea5t, m\u1edf c\u1eeda, chinh ph\u1ee5c th\u1ecb tr\u01b0\u1eddng ch\u1ee9 kh\u00f4ng ch\u1ec9 trong m\u1ed9t v\u00e0i n\u0103m. \u0110\u1ec3 c\u00f3 \u0111\u01b0\u1ee3c k\u1ebft qu\u1ea3 n\u00e0y, ngo\u00e0i \u0111\u00f3ng g\u00f3p c\u1ee7a c\u00e1c s\u1ea3n ph\u1ea9m m\u1edbi m\u1edf th\u1ecb tr\u01b0\u1eddng c\u00f2n l\u00e0 s\u1ef1 kh\u1eb3ng \u0111\u1ecbnh v\u1ec1 s\u1ef1 \u0111\u00e1p \u1ee9ng t\u1ed1t th\u1ecb tr\u01b0\u1eddng nh\u1eadp kh\u1ea9u c\u1ee7a n\u00f4ng s\u1ea3n Vi\u1ec7t Nam. B\u00ean c\u1ea1nh \u0111\u00f3 l\u00e0 nh\u1eadn th\u1ef1c c\u1ee7a \u0111\u01a1n v\u1ecb xu\u1ea5t kh\u1ea9u khi tu\u00e2n th\u1ee7 c\u00e1c quy \u0111\u1ecbnh trong vi\u1ec7c tu\u00e2n th\u1ee7, \u0111\u01b0a s\u1ea3n ph\u1ea9m ra th\u1ecb tr\u01b0\u1eddng.<\/p>\n<figure id=\"attachment_14414\" aria-describedby=\"caption-attachment-14414\" style=\"width: 1024px\" class=\"wp-caption aligncenter\"><img loading=\"lazy\" decoding=\"async\" class=\"wp-image-14414 size-full\" src=\"https:\/\/hfoods.vn\/wp-content\/uploads\/2024\/12\/121618-xuat-khau-nong-lam-thuy-san-ve-dich-som-1.jpg\" alt=\"\" width=\"1024\" height=\"687\" srcset=\"https:\/\/hfoods.vn\/wp-content\/uploads\/2024\/12\/121618-xuat-khau-nong-lam-thuy-san-ve-dich-som-1.jpg 1024w, https:\/\/hfoods.vn\/wp-content\/uploads\/2024\/12\/121618-xuat-khau-nong-lam-thuy-san-ve-dich-som-1-768x515.jpg 768w, https:\/\/hfoods.vn\/wp-content\/uploads\/2024\/12\/121618-xuat-khau-nong-lam-thuy-san-ve-dich-som-1-600x403.jpg 600w\" sizes=\"auto, (max-width: 1024px) 100vw, 1024px\" \/><figcaption id=\"caption-attachment-14414\" class=\"wp-caption-text\">G\u1ed7, s\u1ea3n ph\u1ea9m l\u00e0 m\u1ed9t trong 7 nh\u00f3m s\u1ea3n ph\u1ea9m n\u00f4ng, l\u00e2m, th\u1ee7y s\u1ea3n c\u00f3 gi\u00e1 tr\u1ecb xu\u1ea5t kh\u1ea9u h\u01a1n 1 t\u1ef7 USD.<\/figcaption><\/figure>\n<p style=\"text-align: justify;\">\u0110\u00f3ng g\u00f3p quan tr\u1ecdng cho t\u0103ng tr\u01b0\u1edfng, gi\u00e1 tr\u1ecb xu\u1ea5t kh\u1ea9u l\u00e0 nh\u00f3m n\u00f4ng s\u1ea3n, \u00f4ng Nguy\u1ec5n Qu\u1ed1c M\u1ea1nh, Ph\u00f3 C\u1ee5c tr\u01b0\u1edfng C\u1ee5c Tr\u1ed3ng tr\u1ecdt cho bi\u1ebft, ngay t\u1eeb \u0111\u1ea7u n\u0103m, ng\u00e0nh x\u00e1c \u0111\u1ecbnh s\u1ebd ph\u1ea3i \u1ee9ng ph\u00f3 v\u1edbi thi\u00ean tai. Ng\u00e0nh ch\u1ec9 \u0111\u1ea1o c\u00e1c \u0111\u1ecba ph\u01b0\u01a1ng chu\u1ea9n b\u1ecb \u0111i\u1ec1u ki\u1ec7n t\u1ed1t nh\u1ea5t \u1ee9ng ph\u00f3 v\u1edbi \u0111i\u1ec1u ki\u1ec7n b\u1ea5t thu\u1eadn. \u0110\u1ea7u n\u0103m l\u00e0 h\u1ea1n h\u00e1n, x\u00e2m nh\u1eadp m\u1eb7n \u1edf \u0110\u1ed3ng b\u1eb1ng s\u00f4ng C\u1eedu Long v\u00e0 T\u00e2y Nguy\u00ean kh\u00e1 ngay ng\u1eaft, nh\u01b0ng v\u1edbi s\u1ef1 ch\u1ee7 \u0111\u1ed9ng, thi\u1ec7t h\u1ea1i do thi\u00ean tai kh\u00f4ng nhi\u1ec1u.<\/p>\n<p style=\"text-align: justify;\">\n<p style=\"text-align: justify;\">Ri\u00eang b\u00e3o s\u1ed1 3 \u0111\u00e3 g\u00e2y thi\u1ec7t h\u1ea1i l\u1edbn \u0111\u1ebfn s\u1ea3n xu\u1ea5t n\u00f4ng nghi\u1ec7p ph\u00eda B\u1eafc. Nh\u01b0ng vi\u1ec7c kh\u00f4i ph\u1ee5c s\u1ea3n xu\u1ea5t sau b\u00e3o \u0111\u00e3 \u0111\u01b0\u1ee3c tri\u1ec3n khai kh\u00e1 t\u1ed1t. Ng\u00e0nh c\u00f9ng c\u00e1c \u0111\u1ecba ph\u01b0\u01a1ng b\u1eaft tay ngay t\u1eeb \u0111\u1ea7u \u0111\u1ec3 gi\u1ea3m thi\u1ec3u thi\u1ec7t h\u1ea1i, s\u1ea3n xu\u1ea5t s\u1edbm v\u1ee5 \u0110\u00f4ng nh\u1eb1m \u0111\u1ea3m b\u1ea3o \u0111\u1ee7 l\u01b0\u01a1ng th\u1ef1c, th\u1ef1c ph\u1ea9m c\u0169ng nh\u01b0 xu\u1ea5t kh\u1ea9u. T\u0103ng tr\u01b0\u1edfng, gi\u00e1 tr\u1ecb xu\u1ea5t kh\u1ea9u ng\u00e0nh n\u00f4ng nghi\u1ec7p kh\u00f4ng ph\u1ea3i l\u00e0 s\u1ef1 t\u0103ng tr\u01b0\u1edfng ng\u1eabu nhi\u00ean, m\u00e0 l\u00e0 s\u1ef1 ch\u1ee7 \u0111\u1ed9ng, linh ho\u1ea1t trong \u1ee9ng ph\u00f3, \u00f4ng Nguy\u1ec5n Qu\u1ed1c M\u1ea1nh cho bi\u1ebft.<\/p>\n<p style=\"text-align: justify;\">\n<p style=\"text-align: justify;\">V\u1edbi th\u00e0nh qu\u1ea3 h\u00f4m nay, \u00f4ng Nguy\u1ec5n Qu\u1ed1c M\u1ea1nh c\u0169ng chia s\u1ebb, nhi\u1ec1u ng\u00e0nh h\u00e0ng \u0111\u00e3 c\u00f3 s\u1ef1 chu\u1ea9n b\u1ecb, h\u01b0\u1edbng \u0111i c\u1ea3 ch\u1ee5c n\u0103m tr\u01b0\u1edbc. V\u1edbi tr\u00e1i c\u00e2y, n\u0103m 2024, ng\u00e0nh \u0111\u00e3 c\u00f3 k\u1ebf ho\u1ea1ch s\u1ea3n xu\u1ea5t r\u1ea3i v\u1ee5 v\u1edbi nhi\u1ec1u lo\u1ea1i c\u00e2y \u0103n qu\u1ea3 ch\u00ednh nh\u01b0: thanh long, xo\u00e0i, ch\u00f4m ch\u00f4m, s\u1ea7u ri\u00eang\u2026 Nh\u1edd \u0111\u00f3, nay Vi\u1ec7t Nam c\u00f3 tr\u00e1i c\u00e2y xu\u1ea5t kh\u1ea9u quanh n\u0103m, \u0111i\u1ec3n h\u00ecnh nh\u01b0 s\u1ea7u ri\u00eang. Hay ch\u01b0\u01a1ng tr\u00ecnh t\u00e1i canh c\u00e2y c\u00e0 ph\u00ea \u0111\u00e3 gi\u00fap \u0111\u01b0a n\u0103ng su\u1ea5t t\u1eeb 2,2 t\u1ea5n\/ha l\u00ean 2,8 t\u1ea5n\/ha hi\u1ec7n nay.<\/p>\n<p style=\"text-align: justify;\">\n<p style=\"text-align: justify;\">Ri\u00eang v\u1ec1 l\u00faa g\u1ea1o, n\u0103m nay, Vi\u1ec7t Nam c\u00f3 th\u1ec3 xu\u1ea5t kh\u1ea9u kho\u1ea3ng 9 tri\u1ec7u t\u1ea5n. L\u00faa g\u1ea1o Vi\u1ec7t Nam \u0111\u00e3 c\u00f3 s\u1ef1 chuy\u1ec3n \u0111\u1ed5i hi\u1ec7u qu\u1ea3 sang l\u00faa ch\u1ea5t l\u01b0\u1ee3ng cao. Tr\u01b0\u1edbc \u0111\u00e2y, gi\u00e1 g\u1ea1o Vi\u1ec7t Nam xu\u1ea5t kh\u1ea9u lu\u00f4n \u1edf m\u1ee9c th\u1ea5p v\u00e0 th\u1ea5p Th\u00e1i Lan. Nh\u01b0ng n\u0103m nay, gi\u00e1 g\u1ea1o xu\u1ea5t kh\u1ea9u trung b\u00ecnh c\u1ee7a Vi\u1ec7t Nam \u0111\u00e3 v\u01b0\u1ee3t c\u1ea3 Th\u00e1i Lan.<\/p>\n<figure id=\"attachment_14408\" aria-describedby=\"caption-attachment-14408\" style=\"width: 800px\" class=\"wp-caption aligncenter\"><img loading=\"lazy\" decoding=\"async\" class=\"wp-image-14408 size-full\" src=\"https:\/\/hfoods.vn\/wp-content\/uploads\/2024\/12\/sau-rieng.jpg\" alt=\"\" width=\"800\" height=\"532\" srcset=\"https:\/\/hfoods.vn\/wp-content\/uploads\/2024\/12\/sau-rieng.jpg 800w, https:\/\/hfoods.vn\/wp-content\/uploads\/2024\/12\/sau-rieng-768x511.jpg 768w, https:\/\/hfoods.vn\/wp-content\/uploads\/2024\/12\/sau-rieng-600x399.jpg 600w\" sizes=\"auto, (max-width: 800px) 100vw, 800px\" \/><figcaption id=\"caption-attachment-14408\" class=\"wp-caption-text\">7 nh\u00f3m th\u1ee7y s\u1ea3n n\u00f4ng, l\u00e2m, th\u1ee7y s\u1ea3n c\u00f3 gi\u00e1 tr\u1ecb xu\u1ea5t kh\u1ea9u h\u01a1n 1 t\u1ef7 USD l\u00e0: g\u1ed7, s\u1ea3n ph\u1ea9m g\u1ed7, s\u1ea3n ph\u1ea9m rau qu\u1ea3, s\u1ea3n ph\u1ea9m c\u00e0 ph\u00ea, s\u1ea3n ph\u1ea9m g\u1ea1o, s\u1ea3n ph\u1ea9m t\u00f4m, s\u1ea3n ph\u1ea9m c\u00e1 tra v\u00e0 h\u1ea1t \u0111i\u1ec1u.<\/figcaption><\/figure>\n<p style=\"text-align: justify;\">V\u1edbi th\u1ee7y s\u1ea3n, \u00f4ng Nguy\u1ec5n Ho\u00e0i Nam, Ph\u00f3 T\u1ed5ng th\u01b0 k\u00fd Hi\u1ec7p h\u1ed9i Ch\u1ebf bi\u1ebfn v\u00e0 Xu\u1ea5t kh\u1ea9u th\u1ee7y s\u1ea3n Vi\u1ec7t Nam chia s\u1ebb, \u0111\u1ea1t \u0111\u01b0\u1ee3c gi\u00e1 tr\u1ecb xu\u1ea5t kh\u1ea9u 10 t\u1ef7 USD c\u00f3 s\u1ef1 \u0111\u00f3ng g\u00f3p l\u1edbn c\u1ee7a m\u1eb7t h\u00e0ng t\u00f4m khi mang v\u1ec1 4 t\u1ef7 USD, t\u0103ng g\u1ea7n 17% so v\u1edbi n\u0103m 2023. Ti\u1ebfp \u0111\u00f3 l\u00e0 Vi\u1ec7t Nam \u0111\u00e3 t\u1eadn d\u1ee5ng t\u1ed1t h\u1ea1n h\u1ea1n ng\u1ea1ch \u0111\u1ec3 xu\u1ea5t kh\u1ea9u c\u00e1 ng\u1eeb sang EU.<\/p>\n<p style=\"text-align: justify;\">\n<p style=\"text-align: justify;\">Nh\u00ecn l\u1ea1i sau 20 n\u0103m ng\u00e0nh thu\u1ef7 s\u1ea3n h\u1ed9i nh\u1eadp, \u00f4ng Nguy\u1ec5n Ho\u00e0i Nam cho bi\u1ebft, c\u00f3 s\u1ef1 thay \u0111\u1ed5i \u0111\u00e1ng k\u1ec3, ngo\u00e0i vi\u1ec7c ph\u1ea3i \u0111\u1ea3m b\u1ea3o an to\u00e0n th\u1ef1c ph\u1ea9m, \u0111\u1ec3 \u0111\u01b0a th\u1ee7y s\u1ea3n sang th\u1ecb tr\u01b0\u1eddng l\u1edbn nay ph\u1ea3i c\u00f3 nh\u1eefng ch\u1ee9ng nh\u1eadn t\u1ef1 nguy\u1ec7n, ch\u1ee9ng nh\u1eadn b\u1ec1n v\u1eefng, \u0111\u00f3 l\u00e0 tr\u00e1ch nhi\u1ec7m v\u1edbi m\u00f4i tr\u01b0\u1eddng, x\u00e3 h\u1ed9i. C\u00e1c y\u00eau c\u1ea7u n\u00e0y l\u00e0 c\u1ee7a h\u1ea7u h\u1ebft ng\u01b0\u1eddi mua h\u00e0ng, gi\u1edbi b\u00e1n l\u1ebb.<\/p>\n<p style=\"text-align: justify;\">\n<p style=\"text-align: justify;\">\u00d4ng Nguy\u1ec5n Ho\u00e0i Nam c\u0169ng nh\u1eadn \u0111\u1ecbnh, tri\u1ec3n v\u1ecdng n\u0103m 2025 c\u1ee7a xu\u1ea5t kh\u1ea9u th\u1ee7y s\u1ea3n r\u1ea5t kh\u1ea3 quan, v\u1edbi t\u0103ng t\u01b0\u1edfng s\u1ebd t\u1eeb 10-15%. Ti\u1ec1n \u0111\u1ec1 cho t\u0103ng tr\u01b0\u1edfng \u0111\u00f3 l\u00e0 c\u00e1c t\u00edn hi\u1ec7u t\u1ed1t t\u1eeb th\u1ecb tr\u01b0\u1eddng, ch\u00ednh s\u00e1ch t\u00edn d\u1ee5ng \u01b0u \u0111\u00e3i cho th\u1ee7y s\u1ea3n v\u00e0 l\u00e2m s\u1ea3n. \u0110\u00e2y l\u00e0 c\u01a1 h\u1ed9i cho doanh nghi\u1ec7p chu\u1ea9n b\u1ecb k\u1ebf ho\u1ea1ch s\u1ea3n xu\u1ea5t, xu\u1ea5t kh\u1ea9u trong n\u0103m t\u1edbi.<\/p>\n<p style=\"text-align: justify;\">\n<p style=\"text-align: justify;\">D\u00f9 \u0111\u1ea1t \u0111\u01b0\u1ee3c nhi\u1ec1u k\u1ebft qu\u1ea3 t\u00edch c\u1ef1c trong xu\u1ea5t kh\u1ea9u n\u00f4ng l\u00e2m th\u1ee7y s\u1ea3n nh\u01b0ng Ng\u00f4 Xu\u00e2n Nam, Ph\u00f3 Gi\u00e1m \u0111\u1ed1c V\u0103n ph\u00f2ng SPS Vi\u1ec7t Nam c\u0169ng cho bi\u1ebft, n\u0103m 2024, c\u00e1c th\u1ecb tr\u01b0\u1eddng nh\u1eadp kh\u1ea9u c\u0169ng li\u00ean t\u1ee5c c\u00f3 nh\u1eefng th\u00f4ng b\u00e1o thay \u0111\u1ed5i c\u00e1c quy \u0111\u1ecbnh v\u1ec1 an to\u00e0n th\u1ef1c ph\u1ea9m. Vi\u1ec7t Nam mu\u1ed1n xu\u1ea5t kh\u1ea9u cao kh\u00f4ng ch\u1ec9 d\u1ef1a v\u00e0o s\u1ed1 l\u01b0\u1ee3ng, m\u00e0 l\u00e0 ch\u1ea5t l\u01b0\u1ee3ng s\u1ea3n ph\u1ea9m. Th\u1ecb tr\u01b0\u1eddng li\u00ean t\u1ee5c thay \u0111\u1ed5i quy \u0111\u1ecbnh nh\u01b0ng n\u00f4ng s\u1ea3n Vi\u1ec7t Nam \u0111\u00e3 v\u00e0o cu\u1ed9c k\u1ecbp th\u1eddi. H\u1ea7u h\u1ebft c\u00e1c doanh nghi\u1ec7p, n\u00f4ng d\u00e2n \u0111\u1ec1u \u0111\u00e1p \u1ee9ng t\u1ed1t. C\u1ea7n ti\u1ebfp t\u1ee5c tuy\u00ean truy\u1ec1n, v\u1eadn \u0111\u1ed9ng ng\u01b0\u1eddi s\u1ea3n xu\u1ea5t thay \u0111\u1ed5i \u0111\u1ec3 \u0111\u00e1p \u1ee9ng \u0111\u01b0\u1ee3c c\u00e1c quy \u0111\u1ecbnh trong s\u1ea3n xu\u1ea5t, xu\u1ea5t kh\u1ea9u.<\/p>\n<p style=\"text-align: justify;\">\n<p style=\"text-align: justify;\">&#8220;N\u00f4ng nghi\u1ec7p Vi\u1ec7t Nam \u0111\u00e3 c\u1ed1 g\u1eafng v\u1ec1 s\u1ea3n l\u01b0\u1ee3ng nh\u01b0ng kh\u00f4ng th\u1ec3 b\u1ecf qu\u00ean ch\u1ea5t l\u01b0\u1ee3ng. Hai v\u1ea5n \u0111\u1ec1 n\u00e0y ph\u1ea3i lu\u00f4n song song v\u1edbi nhau. N\u1ebfu ch\u00fang ta c\u1ee9 m\u1ea3i m\u00ea t\u0103ng tr\u01b0\u1edfng, kh\u00f4ng c\u1ea9n th\u1eadn l\u1ea1i r\u01a1i v\u00e0o b\u1eaby ch\u1ea1y theo s\u1ea3n l\u01b0\u1ee3ng&#8221;, \u00f4ng Ng\u00f4 Xu\u00e2n Nam nh\u1ea5n m\u1ea1nh.<\/p>\n<p style=\"text-align: justify;\">\n<p style=\"text-align: justify;\">\u00d4ng Nguy\u1ec5n Quang Hi\u1ebfu k\u1ef3 v\u1ecdng, rau qu\u1ea3 ti\u1ebfp t\u1ee5c c\u00f3 s\u1ef1 t\u0103ng tr\u01b0\u1edfng trong c\u00e1c n\u0103m t\u1edbi. Nh\u01b0ng n\u0103m 2025, c\u1ea7n c\u1ee7ng c\u1ed1 v\u1ecb tr\u00ed, th\u1ecb tr\u01b0\u1eddng m\u00e0 k\u1ebft qu\u1ea3 m\u1edf c\u1eeda th\u1ecb tr\u01b0\u1eddng \u0111\u00e3 mang l\u1ea1i. \u0110\u00f3 l\u00e0 li\u00ean k\u1ebft s\u1ea3n xu\u1ea5t, t\u01b0\u01a1ng t\u00e1c trong chu\u1ed7i gi\u00e1 tr\u1ecb ng\u00e0nh h\u00e0ng. C\u1ee5c B\u1ea3o v\u1ec7 th\u1ef1c v\u1eadt h\u1ed7 tr\u1ee3 n\u00f4ng d\u00e2n \u0111\u1ec3 tu\u00e2n th\u1ee7 t\u1ed1t c\u00e1c y\u00eau c\u1ea7u c\u1ee7a th\u1ecb tr\u01b0\u1eddng nh\u1eadp kh\u1ea9u. S\u1ef1 tu\u00e2n th\u1ee7, ch\u1ea5t l\u01b0\u1ee3ng l\u00e0 l\u1ee3i th\u1ebf c\u1ea1nh tranh cho n\u00f4ng s\u1ea3n Vi\u1ec7t Nam.<\/p>\n<p style=\"text-align: justify;\">Ngu\u1ed3n: <a href=\"https:\/\/bnews.vn\/xuat-khau-nong-san-lap-nhieu-ky-luc-moi\/357327.html\">https:\/\/bnews.vn\/xuat-khau-nong-san-lap-nhieu-ky-luc-moi\/357327.html<\/a><\/p>\n","protected":false},"excerpt":{"rendered":"<p>N\u0103m 2024, t\u1ed5ng kim ng\u1ea1ch xu\u1ea5t kh\u1ea9u n\u00f4ng l\u00e2m th\u1ee7y s\u1ea3n \u01b0\u1edbc \u0111\u1ea1t m\u1ee9c cao k\u1ef7 l\u1ee5c 62,4 t\u1ef7 USD, t\u0103ng 18,5% so v\u1edbi n\u0103m 2023, xu\u1ea5t si\u00eau ti\u1ebfp t\u1ee5c \u0111\u1ea1t m\u1ee9c k\u1ef7 l\u1ee5c m\u1edbi 18,6 t\u1ef7 USD, t\u0103ng 53,1%. S\u00e1ng 19\/12,\u00a0B\u1ed9 N\u00f4ng nghi\u1ec7p\u00a0v\u00e0 Ph\u00e1t tri\u1ec3n n\u00f4ng th\u00f4n ph\u1ed1i h\u1ee3p v\u1edbi B\u00e1o N\u00f4ng th\u00f4n Ng\u00e0y&#8230;<\/p>\n","protected":false},"author":8,"featured_media":14408,"parent":0,"menu_order":0,"comment_status":"closed","ping_status":"closed","template":"","meta":{"footnotes":""},"class_list":["post-14418","page","type-page","status-publish","has-post-thumbnail","hentry"],"_links":{"self":[{"href":"https:\/\/hfoods.vn\/vi\/wp-json\/wp\/v2\/pages\/14418","targetHints":{"allow":["GET"]}}],"collection":[{"href":"https:\/\/hfoods.vn\/vi\/wp-json\/wp\/v2\/pages"}],"about":[{"href":"https:\/\/hfoods.vn\/vi\/wp-json\/wp\/v2\/types\/page"}],"author":[{"embeddable":true,"href":"https:\/\/hfoods.vn\/vi\/wp-json\/wp\/v2\/users\/8"}],"replies":[{"embeddable":true,"href":"https:\/\/hfoods.vn\/vi\/wp-json\/wp\/v2\/comments?post=14418"}],"version-history":[{"count":0,"href":"https:\/\/hfoods.vn\/vi\/wp-json\/wp\/v2\/pages\/14418\/revisions"}],"wp:featuredmedia":[{"embeddable":true,"href":"https:\/\/hfoods.vn\/vi\/wp-json\/wp\/v2\/media\/14408"}],"wp:attachment":[{"href":"https:\/\/hfoods.vn\/vi\/wp-json\/wp\/v2\/media?parent=14418"}],"curies":[{"name":"wp","href":"https:\/\/api.w.org\/{rel}","templated":true}]}}