{"id":14430,"date":"2024-12-19T13:00:54","date_gmt":"2024-12-19T13:00:54","guid":{"rendered":"https:\/\/hfoods.vn\/?page_id=14430"},"modified":"2024-12-22T05:34:39","modified_gmt":"2024-12-22T05:34:39","slug":"nong-san-tim-duoc-dat-song-tren-cac-cho-mang","status":"publish","type":"page","link":"https:\/\/hfoods.vn\/vi\/nong-san-tim-duoc-dat-song-tren-cac-cho-mang\/","title":{"rendered":"N\u00f4ng s\u1ea3n t\u00ecm \u0111\u01b0\u1ee3c &#8216;\u0111\u1ea5t s\u1ed1ng&#8217; tr\u00ean c\u00e1c &#8216;ch\u1ee3 m\u1ea1ng&#8217;"},"content":{"rendered":"<p class=\"detail-sapo fs-17 font-bitter fw-600 text-gray-44 mb-20\" style=\"text-align: justify;\"><strong>(CLO) Nh\u1eb1m h\u1ed7 tr\u1ee3 h\u1ecd mang n\u00f4ng s\u1ea3n c\u1ee7a m\u00ecnh l\u00ean s\u00e0n th\u01b0\u01a1ng m\u1ea1i \u0111i\u1ec7n t\u1eed, tr\u01b0\u1edbc \u0111\u00f3, c\u00e1c B\u1ed9, ng\u00e0nh, \u0111\u1ecba ph\u01b0\u01a1ng c\u0169ng \u0111\u00e3 t\u1ed5 ch\u1ee9c t\u1eadp hu\u1ea5n k\u1ef9 n\u0103ng kinh doanh tr\u00ean n\u1ec1n t\u1ea3ng s\u1ed1, ph\u00e1t tri\u1ec3n th\u01b0\u01a1ng hi\u1ec7u, x\u00e2y d\u1ef1ng h\u00ecnh \u1ea3nh cho c\u00e1c doanh nghi\u1ec7p, h\u1ee3p t\u00e1c x\u00e3 (HTX), n\u00f4ng d\u00e2n.<\/strong><\/p>\n<div class=\"content-detail\">\n<p style=\"text-align: justify;\"><strong>L\u00e0m quen v\u1edbi xu h\u01b0\u1edbng ti\u00eau d\u00f9ng th\u00f4ng qua n\u1ec1n t\u1ea3ng tr\u1ef1c tuy\u1ebfn<\/strong><\/p>\n<p style=\"text-align: justify;\">V\u1eeba qua, th\u00f4ng qua c\u00e1c n\u1ec1n t\u1ea3ng m\u1ea1ng x\u00e3 h\u1ed9i v\u00e0 c\u00e1c s\u00e0n th\u01b0\u01a1ng m\u1ea1i \u0111i\u1ec7n t\u1eed tr\u1ef1c tuy\u1ebfn, nhi\u1ec1u \u0111\u1ecba ph\u01b0\u01a1ng \u0111\u00e3 \u0111\u1ea9y m\u1ea1nh vi\u1ec7c qu\u1ea3ng b\u00e1 c\u00e1c s\u1ea3n ph\u1ea9m c\u00f3 th\u1ebf m\u1ea1nh.<\/p>\n<p style=\"text-align: justify;\">\u0110\u01a1n c\u1eed, v\u00e0o \u0111\u1ea7u th\u00e1ng 12\/2024, trong Ch\u01b0\u01a1ng tr\u00ecnh Ng\u00e0y h\u1ed9i qu\u1ea3ng b\u00e1 s\u1ea3n ph\u1ea9m \u0110\u00e0 N\u1eb5ng &#8211; 2024, S\u1edf C\u00f4ng Th\u01b0\u01a1ng TP. \u0110\u00e0 N\u1eb5ng ph\u1ed1i h\u1ee3p v\u1edbi Hi\u1ec7p h\u1ed9i Th\u01b0\u01a1ng m\u1ea1i \u0111i\u1ec7n t\u1eed Vi\u1ec7t Nam v\u00e0 Trung t\u00e2m Th\u01b0\u01a1ng m\u1ea1i Vincom Ng\u00f4 Quy\u1ec1n \u0110\u00e0 N\u1eb5ng t\u1ed5 ch\u1ee9c s\u1ebd t\u1ed5 ch\u1ee9c livestream b\u00e1n h\u00e0ng.<\/p>\n<figure id=\"attachment_14425\" aria-describedby=\"caption-attachment-14425\" style=\"width: 954px\" class=\"wp-caption aligncenter\"><img loading=\"lazy\" decoding=\"async\" class=\"wp-image-14425 size-full\" src=\"https:\/\/hfoods.vn\/wp-content\/uploads\/2024\/12\/ocop-livetream-1-1698204485903289898644-2055.jpg\" alt=\"\" width=\"954\" height=\"636\" srcset=\"https:\/\/hfoods.vn\/wp-content\/uploads\/2024\/12\/ocop-livetream-1-1698204485903289898644-2055.jpg 954w, https:\/\/hfoods.vn\/wp-content\/uploads\/2024\/12\/ocop-livetream-1-1698204485903289898644-2055-768x512.jpg 768w, https:\/\/hfoods.vn\/wp-content\/uploads\/2024\/12\/ocop-livetream-1-1698204485903289898644-2055-600x400.jpg 600w\" sizes=\"auto, (max-width: 954px) 100vw, 954px\" \/><figcaption id=\"caption-attachment-14425\" class=\"wp-caption-text\">Th\u00f4ng qua c\u00e1c n\u1ec1n t\u1ea3ng m\u1ea1ng x\u00e3 h\u1ed9i v\u00e0 c\u00e1c s\u00e0n th\u01b0\u01a1ng m\u1ea1i \u0111i\u1ec7n t\u1eed tr\u1ef1c tuy\u1ebfn, nhi\u1ec1u \u0111\u1ecba ph\u01b0\u01a1ng \u0111\u00e3 \u0111\u1ea9y m\u1ea1nh vi\u1ec7c qu\u1ea3ng b\u00e1 c\u00e1c s\u1ea3n ph\u1ea9m c\u00f3 th\u1ebf m\u1ea1nh.<\/figcaption><\/figure>\n<p style=\"text-align: justify;\">Ch\u01b0\u01a1ng tr\u00ecnh thu h\u00fat s\u1ef1 tham gia c\u1ee7a 26 doanh nghi\u1ec7p, HTX, h\u1ed9 kinh doanh tr\u00ean \u0111\u1ecba b\u00e0n Th\u00e0nh ph\u1ed1 tr\u01b0ng b\u00e0y, gi\u1edbi thi\u1ec7u, qu\u1ea3ng b\u00e1, x\u00fac ti\u1ebfn th\u01b0\u01a1ng m\u1ea1i v\u00e0 ti\u00eau th\u1ee5 s\u1ea3n ph\u1ea9m \u0111\u1ea1t ch\u1ee9ng nh\u1eadn l\u00e0 s\u1ea3n ph\u1ea9m OCOP, s\u1ea3n ph\u1ea9m c\u00f4ng nghi\u1ec7p n\u00f4ng th\u00f4n ti\u00eau bi\u1ec3u, s\u1ea3n ph\u1ea9m \u0111\u1eb7c tr\u01b0ng, s\u1ea3n ph\u1ea9m qu\u00e0 t\u1eb7ng l\u01b0u ni\u1ec7m, s\u1ea3n ph\u1ea9m l\u00e0ng ngh\u1ec1, s\u1ea3n ph\u1ea9m kh\u1edfi nghi\u1ec7p,\u2026 c\u1ee7a TP. \u0110\u00e0 N\u1eb5ng.<\/p>\n<p style=\"text-align: justify;\">B\u00ean c\u1ea1nh \u0111\u00f3, Ch\u01b0\u01a1ng tr\u00ecnh c\u00f2n t\u1ed5 ch\u1ee9c livestream tr\u00ean n\u1ec1n t\u1ea3ng TikTok do c\u00e1c nh\u00e0 s\u00e1ng t\u1ea1o n\u1ed9i dung c\u1ee7a n\u1ec1n t\u1ea3ng TikTok ph\u1ed1i h\u1ee3p v\u1edbi doanh nghi\u1ec7p c\u00f9ng th\u1ef1c hi\u1ec7n \u0111\u1ec3 gi\u1edbi thi\u1ec7u, qu\u1ea3ng b\u00e1 v\u00e0 b\u00e1n tr\u1ef1c tuy\u1ebfn c\u00e1c s\u1ea3n ph\u1ea9m cho kh\u00e1ch h\u00e0ng.<\/p>\n<p style=\"text-align: justify;\">C\u00f2n t\u1ea1i Y\u00ean B\u00e1i, c\u0169ng trong th\u1eddi gian n\u00e0y, Ch\u01b0\u01a1ng tr\u00ecnh \u201cNg\u00e0y mua s\u1eafm tr\u1ef1c tuy\u1ebfn v\u00e0 tr\u01b0ng b\u00e0y gi\u1edbi thi\u1ec7u s\u1ea3n ph\u1ea9m OCOP th\u00fac \u0111\u1ea9y ph\u00e1t tri\u1ec3n kinh t\u1ebf s\u1ed1 n\u0103m 2024\u201d do S\u1edf C\u00f4ng Th\u01b0\u01a1ng Y\u00ean B\u00e1i s\u1ebd t\u1ed5 ch\u1ee9c v\u1edbi s\u1ef1 tham gia c\u1ee7a 30 doanh nghi\u1ec7p kinh doanh c\u00e1c s\u1ea3n ph\u1ea9m n\u00f4ng s\u1ea3n, th\u1ee7y s\u1ea3n tr\u00ean \u0111\u1ecba b\u00e0n t\u1ec9nh v\u00e0 8 TikToker \u0111\u1ebfn t\u1eeb huy\u1ec7n V\u0103n Ch\u1ea5n, th\u1ecb x\u00e3 Ngh\u0129a L\u1ed9, th\u00e0nh ph\u1ed1 Y\u00ean B\u00e1i v\u00e0 t\u1ec9nh \u0110i\u1ec7n Bi\u00ean.<\/p>\n<p style=\"text-align: justify;\">C\u00e1c TikToker livestream 4 phi\u00ean b\u00e1n c\u00e1c m\u1eb7t h\u00e0ng c\u1ee7a c\u00e1c doanh nghi\u1ec7p tham gia Ch\u01b0\u01a1ng tr\u00ecnh.<\/p>\n<p style=\"text-align: justify;\">Trong b\u1ed1i c\u1ea3nh to\u00e0n c\u1ea7u h\u00f3a, th\u01b0\u01a1ng m\u1ea1i \u0111i\u1ec7n t\u1eed kh\u00f4ng ch\u1ec9 \u0111\u01a1n thu\u1ea7n l\u00e0 m\u1ed9t xu th\u1ebf m\u00e0 \u0111\u00e3 tr\u1edf th\u00e0nh \u0111\u1ed9ng l\u1ef1c t\u0103ng tr\u01b0\u1edfng m\u1ea1nh m\u1ebd. T\u1ea1i Y\u00ean B\u00e1i, t\u1ef7 tr\u1ecdng th\u01b0\u01a1ng m\u1ea1i \u0111i\u1ec7n t\u1eed trong t\u1ed5ng m\u1ee9c b\u00e1n l\u1ebb t\u0103ng t\u1eeb 8,48% n\u0103m 2022 l\u00ean 9,3% n\u0103m 2023. Qua \u0111\u00f3, ph\u1ea3n \u00e1nh s\u1ef1 thay \u0111\u1ed5i trong th\u00f3i quen ti\u00eau d\u00f9ng, kh\u1ea3 n\u0103ng \u1ee9ng d\u1ee5ng c\u00f4ng ngh\u1ec7 c\u1ee7a ng\u01b0\u1eddi d\u00e2n v\u00e0 doanh nghi\u1ec7p. Theo s\u1ed1 li\u1ec7u k\u1ebft qu\u1ea3 r\u00e0 so\u00e1t, t\u1eeb n\u0103m 2021 \u0111\u1ebfn nay, Y\u00ean B\u00e1i c\u00f3 547 t\u1ed5 ch\u1ee9c, c\u00e1 nh\u00e2n giao d\u1ecbch 60,542 t\u1ef7 \u0111\u1ed3ng tr\u00ean c\u00e1c s\u00e0n th\u01b0\u01a1ng m\u1ea1i \u0111i\u1ec7n t\u1eed.<\/p>\n<p style=\"text-align: justify;\">Ch\u01b0\u01a1ng tr\u00ecnh l\u00e0 ho\u1ea1t \u0111\u1ed9ng \u00fd ngh\u0129a v\u1edbi ho\u1ea1t \u0111\u1ed9ng livestream b\u00e1n h\u00e0ng tr\u1ef1c tuy\u1ebfn nh\u1eb1m gi\u00fap c\u00e1c doanh nghi\u1ec7p v\u00e0 ng\u01b0\u1eddi ti\u00eau d\u00f9ng t\u00ecm hi\u1ec3u, ti\u1ebfp c\u1eadn, l\u00e0m quen v\u1edbi xu h\u01b0\u1edbng ti\u00eau d\u00f9ng th\u00f4ng qua n\u1ec1n t\u1ea3ng tr\u1ef1c tuy\u1ebfn. \u0110\u1ed3ng th\u1eddi, ti\u1ebfp t\u1ee5c x\u00e2y d\u1ef1ng, ph\u00e1t tri\u1ec3n th\u01b0\u01a1ng hi\u1ec7u c\u00e1c s\u1ea3n ph\u1ea9m OCOP, c\u00f4ng nghi\u1ec7p n\u00f4ng th\u00f4n ti\u00eau bi\u1ec3u c\u1ee7a t\u1ec9nh Y\u00ean B\u00e1i, t\u1eebng b\u01b0\u1edbc kh\u1eb3ng \u0111\u1ecbnh th\u01b0\u01a1ng hi\u1ec7u h\u00e0ng Vi\u1ec7t tr\u00ean c\u00e1c k\u00eanh th\u01b0\u01a1ng m\u1ea1i \u0111i\u1ec7n t\u1eed, n\u00e2ng cao n\u0103ng l\u1ef1c c\u1ea1nh tranh v\u1edbi c\u00e1c s\u1ea3n ph\u1ea9m kh\u00e1c tr\u00ean th\u1ecb tr\u01b0\u1eddng.<\/p>\n<p style=\"text-align: justify;\">C\u00f3 th\u1ec3 th\u1ea5y, kho\u1ea3ng 2 n\u0103m tr\u1edf l\u1ea1i \u0111\u00e2y, vi\u1ec7c ti\u00eau th\u1ee5 n\u00f4ng s\u1ea3n qua s\u00e0n th\u01b0\u01a1ng m\u1ea1i \u0111i\u1ec7n t\u1eed \u0111\u00e3 tr\u1edf th\u00e0nh h\u01b0\u1edbng \u0111i t\u1ea5t y\u1ebfu gi\u00fap n\u00f4ng d\u00e2n m\u1edf r\u1ed9ng th\u1ecb tr\u01b0\u1eddng, n\u00e2ng cao gi\u00e1 tr\u1ecb s\u1ea3n ph\u1ea9m v\u00e0 gi\u1ea3m b\u1edbt s\u1ef1 ph\u1ee5 thu\u1ed9c v\u00e0o c\u00e1c k\u00eanh ph\u00e2n ph\u1ed1i truy\u1ec1n th\u1ed1ng. Theo \u0111\u00f3, c\u00e1c doanh nghi\u1ec7p s\u1ea3n xu\u1ea5t, kinh doanh n\u00f4ng, l\u00e2m, th\u1ee7y s\u1ea3n \u0111\u00e3 tri\u1ec3n khai, \u1ee9ng d\u1ee5ng marketing s\u1ed1 \u0111\u1ec3 qu\u1ea3ng b\u00e1 s\u1ea3n ph\u1ea9m, x\u00e2y d\u1ef1ng th\u01b0\u01a1ng hi\u1ec7u th\u00f4ng qua c\u00e1c trang m\u1ea1ng x\u00e3 h\u1ed9i, website v\u00e0 \u1ee9ng d\u1ee5ng di \u0111\u1ed9ng, gi\u00fap t\u0103ng c\u01b0\u1eddng nh\u1eadn di\u1ec7n, thu h\u00fat kh\u00e1ch h\u00e0ng t\u1eeb c\u00e1c th\u1ecb tr\u01b0\u1eddng trong v\u00e0 ngo\u00e0i n\u01b0\u1edbc.<\/p>\n<p style=\"text-align: justify;\">Nh\u1eb1m h\u1ed7 tr\u1ee3 n\u00f4ng s\u1ea3n Vi\u1ec7t, v\u00e0o ng\u00e0y 12\/12\/2024, t\u1ea1i H\u00e0 N\u1ed9i, T\u1ed5ng c\u00f4ng ty B\u01b0u \u0111i\u1ec7n Vi\u1ec7t Nam (Vietnam Post) c\u0169ng s\u1ebd c\u00f4ng b\u1ed1 ra m\u1eaft s\u00e0n Th\u01b0\u01a1ng m\u1ea1i \u0111i\u1ec7n t\u1eed nongsan.buudien.vn, n\u1ec1n t\u1ea3ng th\u01b0\u01a1ng m\u1ea1i \u0111i\u1ec7n t\u1eed chuy\u00ean bi\u1ec7t v\u1ec1 n\u00f4ng s\u1ea3n ch\u1ea5t l\u01b0\u1ee3ng cao \u0111\u1ea7u ti\u00ean t\u1ea1i Vi\u1ec7t Nam do Vietnam Post l\u00e0m ch\u1ee7 v\u1ec1 c\u00f4ng ngh\u1ec7 v\u00e0 v\u1eadn h\u00e0nh.<\/p>\n<p style=\"text-align: justify;\">\u00d4ng Tr\u1ea7n Minh Tu\u1ea5n, V\u1ee5 tr\u01b0\u1edfng V\u1ee5 Kinh t\u1ebf s\u1ed1 v\u00e0 X\u00e3 h\u1ed9i s\u1ed1 (B\u1ed9 Th\u00f4ng tin v\u00e0 Truy\u1ec1n th\u00f4ng) nh\u1ea5n m\u1ea1nh: Trong b\u1ed1i c\u1ea3nh chuy\u1ec3n \u0111\u1ed5i s\u1ed1 to\u00e0n c\u1ea7u, ng\u00e0nh n\u00f4ng nghi\u1ec7p \u0111ang \u0111\u1ed1i m\u1eb7t v\u1edbi nhi\u1ec1u th\u00e1ch th\u1ee9c nh\u01b0ng \u0111\u1ed3ng th\u1eddi m\u1edf ra c\u01a1 h\u1ed9i l\u1edbn \u0111\u1ec3 b\u1ee9t ph\u00e1. Vi\u1ec7c x\u00e2y d\u1ef1ng m\u1ed9t s\u00e0n th\u01b0\u01a1ng m\u1ea1i \u0111i\u1ec7n t\u1eed d\u00e0nh ri\u00eang cho n\u00f4ng s\u1ea3n l\u00e0 gi\u1ea3i ph\u00e1p thi\u1ebft th\u1ef1c \u0111\u1ec3 ph\u00e1t tri\u1ec3n n\u00f4ng nghi\u1ec7p s\u1ed1 m\u00e0 c\u00f2n mang l\u1ea1i gi\u00e1 tr\u1ecb thi\u1ebft th\u1ef1c.<\/p>\n<div class=\"e\">\n<div id=\"M788064ScriptRootC1283254\"><\/div>\n<\/div>\n<p style=\"text-align: justify;\">Tr\u01b0\u1edbc h\u1ebft, s\u00e0n th\u01b0\u01a1ng m\u1ea1i \u0111i\u1ec7n t\u1eed d\u00e0nh ri\u00eang cho n\u00f4ng s\u1ea3n h\u01b0\u1edbng t\u1edbi ti\u00eau th\u1ee5 n\u00f4ng s\u1ea3n b\u1ec1n v\u1eefng, k\u1ebft n\u1ed1i tr\u1ef1c ti\u1ebfp gi\u1eefa ng\u01b0\u1eddi s\u1ea3n xu\u1ea5t v\u00e0 ng\u01b0\u1eddi ti\u00eau d\u00f9ng, g\u00f3p ph\u1ea7n gi\u1ea3m thi\u1ec3u r\u1ee7i ro \u00f9n \u1ee9 s\u1ea3n ph\u1ea9m.<\/p>\n<p style=\"text-align: justify;\">\u0110\u1ed3ng th\u1eddi, th\u00f4ng qua vi\u1ec7c truy xu\u1ea5t ngu\u1ed3n g\u1ed1c v\u00e0 \u0111\u1ea3m b\u1ea3o ch\u1ea5t l\u01b0\u1ee3ng, n\u00f4ng s\u1ea3n Vi\u1ec7t Nam c\u00f3 th\u1ec3 n\u00e2ng cao gi\u00e1 tr\u1ecb s\u1ea3n ph\u1ea9m, ti\u1ebfp c\u1eadn v\u00e0 x\u00e2y d\u1ef1ng ni\u1ec1m tin kh\u00f4ng ch\u1ec9 th\u1ecb tr\u01b0\u1eddng trong n\u01b0\u1edbc m\u00e0 c\u00f2n v\u01b0\u01a1n ra tr\u00ean th\u1ecb tr\u01b0\u1eddng qu\u1ed1c t\u1ebf. \u0110\u1eb7c bi\u1ec7t, s\u00e0n giao d\u1ecbch n\u00e0y h\u1ed7 tr\u1ee3 ng\u01b0\u1eddi n\u00f4ng d\u00e2n ti\u1ebfp c\u1eadn c\u00f4ng c\u1ee5 s\u1ed1, n\u00e2ng cao thu nh\u1eadp, c\u1ea3i thi\u1ec7n \u0111\u1eddi s\u1ed1ng.<\/p>\n<p style=\"text-align: justify;\">S\u00e0n th\u01b0\u01a1ng m\u1ea1i \u0111i\u1ec7n t\u1eed n\u00e0y kh\u00f4ng ch\u1ec9 l\u00e0 m\u1ed9t n\u1ec1n t\u1ea3ng giao d\u1ecbch, m\u00e0 c\u00f2 nhn l\u00e0 m\u1ed9t h\u1ec7 th\u1ed1ng \u201cc\u1eeda h\u00e0ng tr\u1ef1c tuy\u1ebfn\u201d v\u1edbi m\u1ea1ng l\u01b0\u1edbi r\u1ed9ng kh\u1eafp tr\u00ean c\u1ea3 n\u01b0\u1edbc. Theo t\u00ednh to\u00e1n, m\u1ed7i \u0111i\u1ec3m b\u00e1n h\u00e0ng c\u00f3 b\u00e1n k\u00ednh ph\u1ee5c v\u1ee5 b\u00ecnh qu\u00e2n 2,67 km v\u00e0 \u0111\u00e1p \u1ee9ng nhu c\u1ea7u c\u1ee7a trung b\u00ecnh 6.259 ng\u01b0\u1eddi.<\/p>\n<p style=\"text-align: justify;\">\u0110\u00e2y l\u00e0 n\u1ec1n t\u1ea3ng t\u1ea1o n\u00ean h\u1ec7 th\u1ed1ng giao d\u1ecbch n\u00f4ng s\u1ea3n l\u1edbn nh\u1ea5t, nhanh nh\u1ea5t v\u00e0 g\u1ea7n g\u0169i nh\u1ea5t v\u1edbi ng\u01b0\u1eddi d\u00e2n tr\u00ean c\u1ea3 n\u01b0\u1edbc. Kh\u00f4ng d\u1eebng l\u1ea1i \u1edf th\u1ecb tr\u01b0\u1eddng trong n\u01b0\u1edbc, s\u00e0n th\u01b0\u01a1ng m\u1ea1i \u0111i\u1ec7n t\u1eed n\u00e0y s\u1ebd t\u1eebng b\u01b0\u1edbc m\u1edf r\u1ed9ng sang c\u00e1c th\u1ecb tr\u01b0\u1eddng qu\u1ed1c t\u1ebf nh\u01b0 Trung Qu\u1ed1c, H\u00e0n Qu\u1ed1c, Nh\u1eadt B\u1ea3n v\u00e0 nhi\u1ec1u qu\u1ed1c gia kh\u00e1c.<\/p>\n<p style=\"text-align: justify;\"><strong>N\u00f4ng s\u1ea3n t\u00ecm \u0111\u01b0\u1ee3c \u201c\u0111\u1ea5t s\u1ed1ng\u201d tr\u00ean c\u00e1c \u201cch\u1ee3 m\u1ea1ng\u201d<\/strong><\/p>\n<p style=\"text-align: justify;\">Nh\u0103\u0300m h\u00f4\u0303 tr\u01a1\u0323 ho\u0323 mang n\u00f4ng sa\u0309n cu\u0309a mi\u0300nh l\u00ean sa\u0300n th\u01b0\u01a1ng m\u1ea1i \u0111i\u1ec7n t\u1eed, tr\u01b0\u1edbc \u0111\u00f3, c\u00e1c B\u1ed9, ng\u00e0nh, \u0111\u1ecba ph\u01b0\u01a1ng c\u0169ng \u0111a\u0303 t\u00f4\u0309 ch\u01b0\u0301c t\u1eadp hu\u1ea5n k\u1ef9 n\u0103ng kinh doanh tr\u00ean n\u1ec1n t\u1ea3ng s\u1ed1, ph\u00e1t tri\u1ec3n th\u01b0\u01a1ng hi\u1ec7u, x\u00e2y d\u1ef1ng h\u00ecnh \u1ea3nh cho c\u00e1c doanh nghi\u1ec7p, h\u1ee3p t\u00e1c x\u00e3 (HTX), n\u00f4ng d\u00e2n.<\/p>\n<p style=\"text-align: justify;\">\u0110a\u0323i di\u00ea\u0323n TikTok Vi\u00ea\u0323t Nam Nguy\u1ec5n L\u00e2m Thanh cho hay, trong n\u0103m 2023, s\u00e1ng ki\u1ebfn &#8220;Ch\u1ee3 phi\u00ean OCOP&#8221; n\u1eb1m trong khu\u00f4n kh\u1ed5 h\u1ee3p t\u00e1c gi\u1eefa Trung t\u00e2m X\u00fac ti\u1ebfn th\u01b0\u01a1ng m\u1ea1i n\u00f4ng nghi\u1ec7p (B\u00f4\u0323 N\u00f4ng nghi\u00ea\u0323p va\u0300 Pha\u0301t tri\u00ea\u0309n n\u00f4ng th\u00f4n) v\u00e0 TikTok Vi\u1ec7t Nam \u0111\u00e3 th\u00e0nh c\u00f4ng mang s\u1ea3n ph\u1ea9m OCOP, c\u00f9ng n\u00f4ng, \u0111\u1eb7c s\u1ea3n \u0111\u1ecba ph\u01b0\u01a1ng qu\u1ea3ng b\u00e1 \u0111\u1ebfn \u0111\u00f4ng \u0111\u1ea3o c\u1ed9ng \u0111\u1ed3ng tr\u00ean t\u00ednh n\u0103ng th\u01b0\u01a1ng m\u1ea1i \u0111i\u1ec7n t\u1eed TikTok Shop.<\/p>\n<figure id=\"attachment_14423\" aria-describedby=\"caption-attachment-14423\" style=\"width: 725px\" class=\"wp-caption aligncenter\"><img loading=\"lazy\" decoding=\"async\" class=\"wp-image-14423\" src=\"https:\/\/hfoods.vn\/wp-content\/uploads\/2024\/12\/san-pham-ocop-cua-hung-yen-2682023-2056.jpg\" alt=\"\" width=\"725\" height=\"483\" srcset=\"https:\/\/hfoods.vn\/wp-content\/uploads\/2024\/12\/san-pham-ocop-cua-hung-yen-2682023-2056.jpg 665w, https:\/\/hfoods.vn\/wp-content\/uploads\/2024\/12\/san-pham-ocop-cua-hung-yen-2682023-2056-600x400.jpg 600w\" sizes=\"auto, (max-width: 725px) 100vw, 725px\" \/><figcaption id=\"caption-attachment-14423\" class=\"wp-caption-text\">Nh\u0103\u0300m h\u00f4\u0303 tr\u01a1\u0323 ho\u0323 mang n\u00f4ng sa\u0309n cu\u0309a mi\u0300nh l\u00ean sa\u0300n th\u01b0\u01a1ng m\u1ea1i \u0111i\u1ec7n t\u1eed, tr\u01b0\u1edbc \u0111\u00f3, c\u00e1c B\u1ed9, ng\u00e0nh, \u0111\u1ecba ph\u01b0\u01a1ng c\u0169ng \u0111a\u0303 t\u00f4\u0309 ch\u01b0\u0301c t\u1eadp hu\u1ea5n k\u1ef9 n\u0103ng kinh doanh tr\u00ean n\u1ec1n t\u1ea3ng s\u1ed1.<\/figcaption><\/figure>\n<p style=\"text-align: justify;\">Sau m\u1ed9t n\u0103m tri\u1ec3n khai, &#8220;Ch\u1ee3 phi\u00ean OCOP&#8221; \u0111\u00e3 t\u1ea1o \u0111\u01b0\u1ee3c hi\u1ec7u \u1ee9ng t\u00edch c\u1ef1c, lan t\u1ecfa m\u1ea1nh m\u1ebd gi\u00e1 tr\u1ecb ch\u01b0\u01a1ng tr\u00ecnh OCOP cho ng\u01b0\u1eddi d\u00f9ng m\u1ea1ng x\u00e3 h\u1ed9i, nh\u01b0: hashtag #OCOP \u0111\u1ea1t 1,4 t\u1ef7 l\u01b0\u1ee3t xem, h\u01a1n 800 phi\u00ean livestream &#8220;Ch\u1ee3 phi\u00ean OCOP&#8221; \u0111\u01b0\u1ee3c t\u1ed5 ch\u1ee9c, v\u1edbi doanh s\u1ed1 \u0111\u1ea1t h\u01a1n 100 t\u1ef7 \u0111\u1ed3ng, h\u1ed7 tr\u1ee3 cho h\u01a1n 3.000 ch\u1ee7 th\u1ec3 OCOP tr\u00ean c\u1ea3 n\u01b0\u1edbc l\u00e0m quen v\u1edbi kinh doanh tr\u1ef1c tuy\u1ebfn.<\/p>\n<p style=\"text-align: justify;\">Ti\u00ea\u0301p n\u00f4\u0301i tha\u0300nh c\u00f4ng \u0111o\u0301, n\u0103m 2024, TikTok ph\u00f4\u0301i h\u01a1\u0323p v\u01a1\u0301i C\u1ee5c X\u00fac ti\u1ebfn th\u01b0\u01a1ng m\u1ea1i (B\u1ed9 C\u00f4ng Th\u01b0\u01a1ng) h\u1ed7 tr\u1ee3 c\u00e1c doanh nghi\u1ec7p, HTX sa\u0309n xu\u00e2\u0301t ha\u0300ng Vi\u00ea\u0323t Nam, ca\u0301c chu\u0309 th\u00ea\u0309 OCOP ta\u0323i ca\u0301c ti\u0309nh v\u00ea\u0300 ky\u0303 n\u0103ng s\u00f4\u0301, qua\u0309ng ca\u0301o tr\u01b0\u0323c tuy\u00ea\u0301n\u2026 nh\u0103\u0300m mang nh\u1eefng sa\u0309n ph\u00e2\u0309m \u0111\u0103\u0323c tr\u01b0ng cu\u0309a t\u01b0\u0300ng \u0111i\u0323a ph\u01b0\u01a1ng ti\u00ea\u0301p c\u00e2\u0323n v\u01a1\u0301i \u0111\u00f4ng \u0111a\u0309o ng\u01b0\u01a1\u0300i ti\u00eau du\u0300ng trong ca\u0309 n\u01b0\u01a1\u0301c. D\u01b0\u0323 ki\u00ea\u0301n trong n\u0103m 2024, TikTok se\u0303 \u0111a\u0300o ta\u0323o cho khoa\u0309ng 5.000 doanh nghi\u1ec7p, HTX va\u0300 h\u00f4\u0323 kinh doanh th\u00f4ng qua ch\u01b0\u01a1ng tri\u0300nh h\u01a1\u0323p ta\u0301c na\u0300y.<\/p>\n<p style=\"text-align: justify;\">C\u0169ng trong khu\u00f4n kh\u00f4\u0309 ch\u01b0\u01a1ng tri\u0300nh h\u01a1\u0323p ta\u0301c na\u0300y, m\u01a1\u0301i \u0111\u00e2y, TikTok \u0111\u00e3 t\u1ed5 ch\u1ee9c \u0111\u00e0o t\u1ea1o cho c\u00e1c doanh nghi\u1ec7p, HTX s\u1ea3n xu\u1ea5t, kinh doanh c\u1ee7a 5 t\u1ec9nh T\u00e2y Nguy\u00ean hi\u1ec3u v\u00e0 n\u1eafm v\u1ec1 c\u00e1c k\u1ef9 n\u0103ng s\u1ed1 \u0111\u1ec3 qu\u1ea3ng b\u00e1, gi\u1edbi thi\u1ec7u s\u1ea3n ph\u1ea9m tr\u00ean s\u00e0n TM\u0110T. \u0110\u1ed3ng th\u1eddi, t\u1ed5 ch\u1ee9c m\u1ed9t phi\u00ean livestream co\u0301 s\u01b0\u0323 h\u00f4\u0303 tr\u01a1\u0323 cu\u0309a ca\u0301c TikToker n\u00f4\u0309i ti\u00ea\u0301ng ta\u0323i \u0111i\u0323a ph\u01b0\u01a1ng (nh\u01b0 ch\u1ee7 c\u00e1c k\u00eanh Hana Ban M\u00ea, Chuy\u00ea\u0323n cu\u0309a \u0110\u01b0\u0301c\u2026) \u0111\u1ec3 c\u00e1c doanh nghi\u1ec7p, HTX c\u00f3 tr\u1ea3i nghi\u1ec7m th\u1ef1c t\u1ebf v\u00ea\u0300 b\u00e1n h\u00e0ng tr\u00ean TikTok.<\/p>\n<p style=\"text-align: justify;\">Phi\u00ean livestream co\u0301 26 sa\u0309n ph\u00e2\u0309m \u0111\u0103\u0323c tr\u01b0ng cu\u0309a vu\u0300ng T\u00e2y Nguy\u00ean tham gia, \u0111\u01b0\u01a1\u0323c h\u00f4\u0303 tr\u01a1\u0323 gia\u0309m gia\u0301 t\u01b0\u0300 5 \u2013 70% nh\u0103\u0300m giu\u0301p doanh nghi\u1ec7p, HTX co\u0301 th\u00eam kinh nghi\u00ea\u0323m; \u0111\u00f4\u0300ng th\u01a1\u0300i gi\u00fap ng\u01b0\u01a1\u0300i mua ha\u0300ng co\u0301 th\u00ea\u0309 tra\u0309i nghi\u00ea\u0323m v\u00ea\u0300 sa\u0309n ph\u00e2\u0309m \u0111\u0103\u0323c tr\u01b0ng cu\u0309a T\u00e2y Nguy\u00ean v\u01a1\u0301i gia\u0301 \u01b0u \u0111a\u0303i. \u0110\u1ed3ng th\u1eddi, giu\u0301p ca\u0301c doanh nghi\u1ec7p, HTX, chu\u0309 th\u00ea\u0309 OCOP tha\u0300nh tha\u0323o nh\u1eefng c\u00f4ng cu\u0323, t\u01b0\u0323 v\u1eadn ha\u0300nh \u0111\u01b0\u01a1\u0323c h\u00ea\u0323 th\u00f4\u0301ng va\u0300 \u0111\u01b0a ha\u0300ng ho\u0301a l\u00ean tr\u00ean ti\u0301nh n\u0103ng TikTok Shop, ca\u0301ch livestream ba\u0301n ha\u0300ng\u2026<\/p>\n<p style=\"text-align: justify;\">C\u00e1c \u0111\u01a1n v\u1ecb nghi\u00ean c\u1ee9u th\u1ecb tr\u01b0\u1eddng d\u1ef1 b\u00e1o, th\u1ecb tr\u01b0\u1eddng th\u01b0\u01a1ng m\u1ea1i \u0111i\u1ec7n t\u1eed Vi\u1ec7t Nam ti\u1ebfp t\u1ee5c t\u0103ng tr\u01b0\u1edfng cao, l\u00e0 c\u01a1 h\u1ed9i l\u1edbn cho c\u00e1c doanh nghi\u1ec7p n\u00f4ng s\u1ea3n, nh\u1ea5t l\u00e0 nh\u1eefng doanh nghi\u1ec7p c\u00f3 quy m\u00f4 nh\u1ecf v\u00e0 v\u1eeba. Th\u1ef1c t\u1ebf nh\u1eefng n\u0103m tr\u1edf l\u1ea1i \u0111\u00e2y, l\u00e0n s\u00f3ng \u0111\u01b0a h\u00e0ng n\u00f4ng s\u1ea3n, s\u1ea3n ph\u1ea9m OCOP l\u00ean s\u00e0n th\u01b0\u01a1ng m\u1ea1i \u0111i\u1ec7n t\u1eed \u0111\u01b0\u1ee3c c\u00e1c doanh nghi\u1ec7p v\u00e0 \u0111\u1ecba ph\u01b0\u01a1ng tr\u00ean c\u1ea3 n\u01b0\u1edbc tri\u1ec3n khai kh\u00e1 r\u1ea7m r\u1ed9. K\u1ebft qu\u1ea3 b\u01b0\u1edbc \u0111\u1ea7u cho th\u1ea5y, nhi\u1ec1u n\u00f4ng s\u1ea3n nh\u01b0 v\u1ea3i thi\u1ec1u B\u1eafc Giang, xo\u00e0i c\u00e1t H\u00f2a L\u1ed9c (\u0110\u1ed3ng Th\u00e1p), b\u01b0\u1edfi T\u00e2n Tri\u1ec1u (\u0110\u1ed3ng Nai)\u2026 \u0111\u00e3 t\u00ecm \u0111\u01b0\u1ee3c \u201c\u0111\u1ea5t s\u1ed1ng\u201d tr\u00ean c\u00e1c \u201cch\u1ee3 m\u1ea1ng\u201d.<\/p>\n<p style=\"text-align: justify;\">Ngu\u1ed3n: <a href=\"https:\/\/www.congluan.vn\/nong-san-tim-duoc-dat-song-tren-cac-cho-mang-post326522.html\">https:\/\/www.congluan.vn\/nong-san-tim-duoc-dat-song-tren-cac-cho-mang-post326522.html<\/a><\/p>\n<figure class=\"expNoEdit center\"><\/figure>\n<\/div>\n","protected":false},"excerpt":{"rendered":"<p>(CLO) Nh\u1eb1m h\u1ed7 tr\u1ee3 h\u1ecd mang n\u00f4ng s\u1ea3n c\u1ee7a m\u00ecnh l\u00ean s\u00e0n th\u01b0\u01a1ng m\u1ea1i \u0111i\u1ec7n t\u1eed, tr\u01b0\u1edbc \u0111\u00f3, c\u00e1c B\u1ed9, ng\u00e0nh, \u0111\u1ecba ph\u01b0\u01a1ng c\u0169ng \u0111\u00e3 t\u1ed5 ch\u1ee9c t\u1eadp hu\u1ea5n k\u1ef9 n\u0103ng kinh doanh tr\u00ean n\u1ec1n t\u1ea3ng s\u1ed1, ph\u00e1t tri\u1ec3n th\u01b0\u01a1ng hi\u1ec7u, x\u00e2y d\u1ef1ng h\u00ecnh \u1ea3nh cho c\u00e1c doanh nghi\u1ec7p, h\u1ee3p t\u00e1c x\u00e3 (HTX), n\u00f4ng d\u00e2n&#8230;.<\/p>\n","protected":false},"author":8,"featured_media":14425,"parent":0,"menu_order":0,"comment_status":"closed","ping_status":"closed","template":"","meta":{"footnotes":""},"class_list":["post-14430","page","type-page","status-publish","has-post-thumbnail","hentry"],"_links":{"self":[{"href":"https:\/\/hfoods.vn\/vi\/wp-json\/wp\/v2\/pages\/14430","targetHints":{"allow":["GET"]}}],"collection":[{"href":"https:\/\/hfoods.vn\/vi\/wp-json\/wp\/v2\/pages"}],"about":[{"href":"https:\/\/hfoods.vn\/vi\/wp-json\/wp\/v2\/types\/page"}],"author":[{"embeddable":true,"href":"https:\/\/hfoods.vn\/vi\/wp-json\/wp\/v2\/users\/8"}],"replies":[{"embeddable":true,"href":"https:\/\/hfoods.vn\/vi\/wp-json\/wp\/v2\/comments?post=14430"}],"version-history":[{"count":0,"href":"https:\/\/hfoods.vn\/vi\/wp-json\/wp\/v2\/pages\/14430\/revisions"}],"wp:featuredmedia":[{"embeddable":true,"href":"https:\/\/hfoods.vn\/vi\/wp-json\/wp\/v2\/media\/14425"}],"wp:attachment":[{"href":"https:\/\/hfoods.vn\/vi\/wp-json\/wp\/v2\/media?parent=14430"}],"curies":[{"name":"wp","href":"https:\/\/api.w.org\/{rel}","templated":true}]}}