{"id":14440,"date":"2024-12-20T13:00:30","date_gmt":"2024-12-20T13:00:30","guid":{"rendered":"https:\/\/hfoods.vn\/?page_id=14440"},"modified":"2024-12-22T05:55:13","modified_gmt":"2024-12-22T05:55:13","slug":"dak-lak-xuat-khau-nhieu-mat-hang-nong-san-sang-cac-thi-truong-lon","status":"publish","type":"page","link":"https:\/\/hfoods.vn\/vi\/dak-lak-xuat-khau-nhieu-mat-hang-nong-san-sang-cac-thi-truong-lon\/","title":{"rendered":"\u0110\u1eafk L\u1eafk xu\u1ea5t kh\u1ea9u nhi\u1ec1u m\u1eb7t h\u00e0ng n\u00f4ng s\u1ea3n sang c\u00e1c th\u1ecb tr\u01b0\u1eddng l\u1edbn"},"content":{"rendered":"<p style=\"text-align: justify;\"><strong>N\u0103m 2024, ho\u1ea1t \u0111\u1ed9ng xu\u1ea5t kh\u1ea9u c\u1ee7a \u0110\u1eafk L\u1eafk ti\u1ebfp t\u1ee5c l\u00e0 \u0111i\u1ec3m s\u00e1ng trong b\u1ee9c tranh kinh t\u1ebf c\u1ee7a t\u1ec9nh.<\/strong><\/p>\n<figure id=\"attachment_14435\" aria-describedby=\"caption-attachment-14435\" style=\"width: 1024px\" class=\"wp-caption aligncenter\"><img loading=\"lazy\" decoding=\"async\" class=\"wp-image-14435 size-full\" src=\"https:\/\/hfoods.vn\/wp-content\/uploads\/2024\/12\/072521-dak-lak-xuat-khau-chinh-ngach-chuyen-hang-sau-rieng-dau-tien-sang-trung-quoc.jpg\" alt=\"\" width=\"1024\" height=\"683\" srcset=\"https:\/\/hfoods.vn\/wp-content\/uploads\/2024\/12\/072521-dak-lak-xuat-khau-chinh-ngach-chuyen-hang-sau-rieng-dau-tien-sang-trung-quoc.jpg 1024w, https:\/\/hfoods.vn\/wp-content\/uploads\/2024\/12\/072521-dak-lak-xuat-khau-chinh-ngach-chuyen-hang-sau-rieng-dau-tien-sang-trung-quoc-768x512.jpg 768w, https:\/\/hfoods.vn\/wp-content\/uploads\/2024\/12\/072521-dak-lak-xuat-khau-chinh-ngach-chuyen-hang-sau-rieng-dau-tien-sang-trung-quoc-600x400.jpg 600w\" sizes=\"auto, (max-width: 1024px) 100vw, 1024px\" \/><figcaption id=\"caption-attachment-14435\" class=\"wp-caption-text\">Doanh nghi\u1ec7p thu mua s\u1ea7u ri\u00eang \u0111\u1ee7 ti\u00eau chu\u1ea9n xu\u1ea5t kh\u1ea9u sang Trung Qu\u1ed1c.<\/figcaption><\/figure>\n<p style=\"text-align: justify;\">Nh\u1eefng l\u00f4 h\u00e0ng xu\u1ea5t kh\u1ea9u n\u00f4ng s\u1ea3n cu\u1ed1i n\u0103m v\u1eabn \u0111ang ti\u1ebfp t\u1ee5c g\u00f3p ph\u1ea7n t\u1ea1o n\u00ean ni\u1ec1m vui cho m\u00f9a Xu\u00e2n m\u1edbi. Kim ng\u1ea1ch xu\u1ea5t kh\u1ea9u c\u1ee7a \u0110\u1eafk L\u1eafk t\u0103ng tr\u01b0\u1edfng \u1ea5n t\u01b0\u1ee3ng, \u01b0\u1edbc \u0111\u1ea1t 1,675 t\u1ef7 USD, b\u1eb1ng 104,7% k\u1ebf ho\u1ea1ch n\u0103m, t\u0103ng 10,47% so v\u1edbi n\u0103m tr\u01b0\u1edbc.<\/p>\n<p style=\"text-align: justify;\">\n<p style=\"text-align: justify;\">Trong kh\u00f4ng kh\u00ed t\u1ea5t t\u1ea3, b\u1eadn r\u1ed9n c\u1ee7a nh\u1eefng ng\u00e0y cu\u1ed1i n\u0103m, H\u1ee3p t\u00e1c x\u00e3 s\u1ea3n xu\u1ea5t Th\u01b0\u01a1ng m\u1ea1i, D\u1ecbch v\u1ee5 N\u00f4ng nghi\u1ec7p macca Ea H\u2019leo, huy\u1ec7n Ea H\u2019leo, t\u1ec9nh \u0110\u1eafk L\u1eafk \u0111\u00e3 t\u1ed5 ch\u1ee9c l\u1ec5 xu\u1ea5t kh\u1ea9u ch\u00ednh ng\u1ea1ch l\u00f4 s\u1ea3n ph\u1ea9m h\u1ea1t macca th\u01b0\u01a1ng hi\u1ec7u &#8220;Macca Ea H\u2019leo&#8221; \u0111\u1ea7u ti\u00ean sang th\u1ecb tr\u01b0\u1eddng H\u00e0n Qu\u1ed1c.<\/p>\n<p style=\"text-align: justify;\">\n<p style=\"text-align: justify;\">L\u00f4 h\u00e0ng c\u00f3 tr\u1ecdng l\u01b0\u1ee3ng 35 t\u1ea5n, \u0111\u00e3 tr\u1ea3i qua nhi\u1ec1u b\u01b0\u1edbc ki\u1ec3m tra nghi\u00eam ng\u1eb7t c\u1ee7a c\u01a1 quan chuy\u00ean m\u00f4n, b\u1ea3o \u0111\u1ea3m an to\u00e0n v\u1ec7 sinh th\u1ef1c ph\u1ea9m v\u00e0 quy c\u00e1ch \u0111\u00f3ng g\u00f3i, truy xu\u1ea5t ngu\u1ed3n g\u1ed1c\u2026 d\u1ef1 ki\u1ebfn s\u1ebd \u0111\u01b0\u1ee3c ti\u00eau th\u1ee5 t\u1ea1i c\u00e1c chu\u1ed7i si\u00eau th\u1ecb l\u1edbn t\u1ea1i H\u00e0n Qu\u1ed1c.<\/p>\n<p style=\"text-align: justify;\">\n<p style=\"text-align: justify;\">\n<p style=\"text-align: justify;\">Gi\u00e1m \u0111\u1ed1c H\u1ee3p t\u00e1c x\u00e3 s\u1ea3n xu\u1ea5t Th\u01b0\u01a1ng m\u1ea1i, D\u1ecbch v\u1ee5 N\u00f4ng nghi\u1ec7p macca Ea H\u2019leo Nguy\u1ec5n V\u0103n B\u00ecnh cho bi\u1ebft, th\u01b0\u01a1ng hi\u1ec7u \u201cMacca Ea H\u2019leo\u201d \u0111\u01b0\u1ee3c x\u00e2y d\u1ef1ng b\u1eb1ng 3 tr\u1ee5 c\u1ed9t ch\u00ednh l\u00e0 t\u00ecnh c\u1ea3m, nh\u00e3n hi\u1ec7u v\u00e0 ch\u1ea5t l\u01b0\u1ee3ng. Vi\u1ec7c ph\u00e1t tri\u1ec3n th\u01b0\u01a1ng hi\u1ec7u v\u00e0 xu\u1ea5t kh\u1ea9u h\u1ea1t macca l\u00e0 h\u01b0\u1edbng \u0111i \u0111\u00fang \u0111\u1eafn c\u1ee7a h\u1ee3p t\u00e1c x\u00e3 v\u1edbi ti\u1ec1m n\u0103ng th\u1ecb tr\u01b0\u1eddng \u0111ang r\u1ed9ng m\u1edf.<\/p>\n<p style=\"text-align: justify;\">\n<p style=\"text-align: justify;\">\u0110\u1ec3 k\u00fd k\u1ebft \u0111\u01b0\u1ee3c h\u1ee3p \u0111\u1ed3ng xu\u1ea5t kh\u1ea9u ch\u00ednh ng\u1ea1ch h\u1ea1t macca sang th\u1ecb tr\u01b0\u1eddng H\u00e0n Qu\u1ed1c, h\u1ee3p t\u00e1c x\u00e3 \u0111\u00e3 chu\u1ea9n ch\u1ec9 t\u1ea5t c\u1ea3 c\u00e1c kh\u00e2u ch\u0103m s\u00f3c, thu h\u00e1i, ch\u1ebf bi\u1ebfn theo quy tr\u00ecnh chu\u1ea9n, c\u00f3 ngu\u1ed3n g\u1ed1c r\u00f5 r\u00e0ng, \u0111\u1ea3m b\u1ea3o v\u1ec7 sinh an to\u00e0n th\u1ef1c ph\u1ea9m, ch\u1ee9ng nh\u1eadn xu\u1ea5t x\u1ee9 h\u00e0ng h\u00f3a, h\u00f3a \u0111\u01a1n ch\u1ee9ng t\u1eeb \u0111\u1ea7y \u0111\u1ee7, c\u00e1c th\u00f4ng s\u1ed1 k\u1ef9 thu\u1eadt \u0111\u00f2i h\u1ecfi c\u00f3 t\u00ednh ch\u00ednh x\u00e1c cao.<\/p>\n<p style=\"text-align: justify;\">\n<p style=\"text-align: justify;\">Tr\u01b0\u1edbc \u0111\u00f3, ng\u00e0y 1\/12, t\u1ea1i th\u00e0nh ph\u1ed1 Bu\u00f4n Ma Thu\u1ed9t, C\u00f4ng ty TNHH Th\u01b0\u01a1ng m\u1ea1i D\u1ecbch v\u1ee5 n\u00f4ng tr\u1ea1i EDE (MISS EDE) t\u1ed5 ch\u1ee9c L\u1ec5 xu\u1ea5t kh\u1ea9u container c\u00e0 ph\u00ea rang xay th\u00e0nh ph\u1ea9m \u0111\u1ea7u ti\u00ean v\u1edbi k\u00edch th\u01b0\u1edbc 20 feet, g\u1ed3m 18.000 g\u00f3i c\u00e0 ph\u00ea rang xay th\u00e0nh ph\u1ea9m c\u1ee7a th\u01b0\u01a1ng hi\u1ec7u MISS EDE \u0111\u1ebfn th\u1ecb tr\u01b0\u1eddng Hoa K\u1ef3. C\u00e0 ph\u00ea \u0111\u01b0\u1ee3c s\u01a1 ch\u1ebf theo quy tr\u00ecnh l\u00ean men \u0111\u1ea1t chu\u1ea9n FDA Hoa K\u1ef3.<\/p>\n<p style=\"text-align: justify;\">\n<p style=\"text-align: justify;\">\u00d4ng Ho\u00e0ng Danh H\u1eefu, Nh\u00e0 s\u00e1ng l\u1eadp th\u01b0\u01a1ng hi\u1ec7u, Gi\u00e1m \u0111\u1ed1c \u0111i\u1ec1u h\u00e0nh MISS EDE chia s\u1ebb, s\u1ef1 ki\u1ec7n l\u00e0 b\u01b0\u1edbc ngo\u1eb7t quan tr\u1ecdng c\u1ee7a \u0111\u01a1n v\u1ecb, cho th\u1ea5y s\u1ea3n ph\u1ea9m c\u1ee7a doanh nghi\u1ec7p c\u00f3 th\u1ec3 \u0111\u00e1p \u1ee9ng \u0111\u01b0\u1ee3c nh\u1eefng ti\u00eau chu\u1ea9n cao nh\u1ea5t c\u1ee7a th\u1ecb tr\u01b0\u1eddng Hoa K\u1ef3 &#8211; m\u1ed9t th\u1ecb tr\u01b0\u1eddng r\u1ea5t kh\u00f3 t\u00ednh. \u0110\u1ec3 thuy\u1ebft ph\u1ee5c \u0111\u01b0\u1ee3c \u0111\u1ed1i t\u00e1c Hoa K\u1ef3 nh\u1eadp kh\u1ea9u, MISS EDE ph\u1ea3i \u0111\u00e1p \u1ee9ng t\u1ea5t c\u1ea3 c\u00e1c ti\u00eau chu\u1ea9n v\u1ec1 an to\u00e0n v\u1ec7 sinh th\u1ef1c ph\u1ea9m c\u1ee7a n\u01b0\u1edbc s\u1edf t\u1ea1i.<\/p>\n<p style=\"text-align: justify;\">\n<p style=\"text-align: justify;\">B\u00ean c\u1ea1nh \u0111\u00f3, doanh nghi\u1ec7p c\u0169ng ti\u00ean phong trong vi\u1ec7c t\u00ecm ki\u1ebfm v\u00e0 nh\u1eadp mua c\u00e1c s\u1ea3n ph\u1ea9m c\u00e0 ph\u00ea \u0111\u1ebfn t\u1eeb v\u00f9ng canh t\u00e1c b\u1ec1n v\u1eefng. C\u1ee5 th\u1ec3, nguy\u00ean li\u1ec7u c\u00e0 ph\u00ea \u0111\u01b0\u1ee3c tr\u1ed3ng t\u1ea1i v\u00f9ng canh t\u00e1c b\u1ec1n v\u1eefng kh\u00f4ng x\u00e2m l\u1ea5n r\u1eebng t\u1ef1 nhi\u00ean, \u0111\u1ea1t ch\u1ee9ng nh\u1eadn EUDR v\u00e0 \u0111\u01b0\u1ee3c qu\u1ea3n l\u00fd b\u1edfi Simexco DakLak.<\/p>\n<p style=\"text-align: justify;\">\n<p style=\"text-align: justify;\">C\u00f3 th\u1ec3 n\u00f3i, n\u0103m 2024, c\u00e1c doanh nghi\u1ec7p, h\u1ee3p t\u00e1c x\u00e3 t\u1ea1i t\u1ec9nh \u0110\u1eafk L\u1eafk \u0111\u00e3 ti\u1ebfp t\u1ee5c n\u00e2ng cao ch\u1ea5t l\u01b0\u1ee3ng s\u1ea3n ph\u1ea9m, \u0111\u01b0a ra nhi\u1ec1u s\u1ea3n ph\u1ea9m m\u1eabu m\u00e3 m\u1edbi; \u0111\u1ed3ng th\u1eddi ch\u1ee7 \u0111\u1ed9ng t\u00ecm ki\u1ebfm, m\u1edf r\u1ed9ng th\u1ecb tr\u01b0\u1eddng xu\u1ea5t kh\u1ea9u v\u00e0 t\u1eadn d\u1ee5ng t\u1ed1t c\u00e1c c\u01a1 ch\u1ebf, ch\u00ednh s\u00e1ch, nh\u1ea5t l\u00e0 t\u1eeb c\u00e1c hi\u1ec7p \u0111\u1ecbnh th\u01b0\u01a1ng m\u1ea1i t\u1ef1 do m\u00e0 Vi\u1ec7t Nam \u0111\u00e3 k\u00fd k\u1ebft \u0111\u1ec3 \u0111\u1ea9y m\u1ea1nh xu\u1ea5t kh\u1ea9u.<\/p>\n<p style=\"text-align: justify;\">\n<p style=\"text-align: justify;\">Gi\u00e1 c\u00e1c m\u1eb7t h\u00e0ng n\u00f4ng s\u1ea3n nh\u01b0 c\u00e0 ph\u00ea, h\u1ed3 ti\u00eau, s\u1ea7u ri\u00eang\u2026 t\u0103ng cao, \u0111\u00f3ng g\u00f3p \u0111\u00e1ng k\u1ec3 v\u00e0o kim ng\u1ea1ch xu\u1ea5t kh\u1ea9u c\u1ee7a t\u1ec9nh. Ngo\u00e0i ra, s\u1ef1 xu\u1ea5t hi\u1ec7n c\u1ee7a c\u00e1c doanh nghi\u1ec7p m\u1edbi, m\u1eb7t h\u00e0ng m\u1edbi tham gia xu\u1ea5t kh\u1ea9u ch\u00ednh ng\u1ea1ch c\u0169ng l\u00e0 nh\u1eefng k\u1ebft qu\u1ea3 n\u1ed5i b\u1eadt trong ho\u1ea1t \u0111\u1ed9ng xu\u1ea5t kh\u1ea9u c\u1ee7a t\u1ec9nh.<\/p>\n<p style=\"text-align: justify;\">\n<p style=\"text-align: justify;\">Theo Ph\u00f3 Ch\u1ee7 t\u1ecbch UBND huy\u1ec7n Kr\u00f4ng P\u1eafc Ng\u00f4 Th\u1ecb Minh Trinh, to\u00e0n huy\u1ec7n c\u00f3 8.113 ha s\u1ea7u ri\u00eang, di\u1ec7n t\u00edch cho s\u1ea3n ph\u1ea9m l\u00e0 4.037 ha, t\u1ed5ng s\u1ea3n l\u01b0\u1ee3ng thu ho\u1ea1ch n\u0103m 2024 \u01b0\u1edbc 92.016 t\u1ea5n. Xu\u1ea5t kh\u1ea9u n\u00f4ng s\u1ea3n c\u1ee7a huy\u1ec7n n\u0103m 2024 \u0111\u1ea1t k\u1ebft qu\u1ea3 cao, s\u1ea7u ri\u00eang c\u1ee7a huy\u1ec7n \u0111\u00e3 \u0111\u01b0\u1ee3c xu\u1ea5t kh\u1ea9u sang th\u1ecb tr\u01b0\u1eddng Trung Qu\u1ed1c v\u00e0 nhi\u1ec1u th\u1ecb tr\u01b0\u1eddng kh\u00e1c.<\/p>\n<p style=\"text-align: justify;\">\n<p style=\"text-align: justify;\">B\u00ean c\u1ea1nh \u0111\u00f3, n\u0103m 2024, huy\u1ec7n Kr\u00f4ng P\u1eafc l\u00e0 \u0111\u1ecba ph\u01b0\u01a1ng \u0111\u1ea7u ti\u00ean c\u1ee7a t\u1ec9nh c\u00f3 l\u00f4 h\u00e0ng y\u1ebfn s\u00e0o xu\u1ea5t kh\u1ea9u ch\u00ednh ng\u1ea1ch qua th\u1ecb tr\u01b0\u1eddng Trung Qu\u1ed1c. Tr\u00ean c\u01a1 s\u1edf \u0111\u1ea1t \u0111\u01b0\u1ee3c, huy\u1ec7n ti\u1ebfp t\u1ee5c ch\u1ec9 \u0111\u1ea1o \u0111\u1ec3 vi\u1ec7c xu\u1ea5t kh\u1ea9u c\u00e1c s\u1ea3n ph\u1ea9m ch\u1ee7 l\u1ef1c th\u1eadt s\u1ef1 b\u1ec1n v\u1eefng v\u00e0 ph\u00e1t tri\u1ec3n, \u0111\u1ea3m b\u1ea3o ch\u1ea5t l\u01b0\u1ee3ng \u0111\u1ebfn t\u1eadn tay ng\u01b0\u1eddi ti\u00eau d\u00f9ng.<\/p>\n<p style=\"text-align: justify;\">\n<p style=\"text-align: justify;\">\u00d4ng L\u00ea \u0110\u1ee9c Huy &#8211; Ch\u1ee7 t\u1ecbch H\u0110TV C\u00f4ng ty TNHH M\u1ed9t th\u00e0nh vi\u00ean Xu\u1ea5t nh\u1eadp kh\u1ea9u 2\/9 \u0110\u1eafk L\u1eafk (Simexco DakLak)\u00a0cho bi\u1ebft, v\u1ec1 xu\u1ea5t kh\u1ea9u, n\u0103m 2024, \u0111\u01a1n v\u1ecb \u0111\u1ea1t doanh s\u1ed1 350 tri\u1ec7u USD; trong \u0111\u00f3 xu\u1ea5t kh\u1ea9u c\u00e0 ph\u00ea \u0111\u1ea1t 250 tri\u1ec7u USD, xu\u1ea5t kh\u1ea9u h\u1ed3 ti\u00eau \u0111\u1ea1t 100 tri\u1ec7u USD. N\u0103m 2025, Simexco Daklak \u0111\u1eb7t m\u1ee5c ti\u00eau doanh s\u1ed1 xu\u1ea5t kh\u1ea9u \u0111\u1ea1t 500 tri\u1ec7u USD.<\/p>\n<p style=\"text-align: justify;\">\n<p style=\"text-align: justify;\">Vi\u1ec7c doanh nghi\u1ec7p, h\u1ee3p t\u00e1c x\u00e3 ch\u00fa tr\u1ecdng x\u00e2y d\u1ef1ng th\u01b0\u01a1ng hi\u1ec7u, n\u00e2ng cao ch\u1ea5t l\u01b0\u1ee3ng \u0111\u00e3 g\u00f3p ph\u1ea7n \u0111\u00e1ng k\u1ec3 trong vi\u1ec7c t\u0103ng tr\u01b0\u1edfng kim ng\u1ea1ch xu\u1ea5t kh\u1ea9u. Th\u1eddi gian t\u1edbi, doanh nghi\u1ec7p ti\u1ebfp t\u1ee5c song h\u00e0nh, li\u00ean k\u1ebft v\u1edbi b\u00e0 con n\u00f4ng d\u00e2n \u0111\u1ec3 kh\u1eb3ng \u0111\u1ecbnh ch\u1ea5t l\u01b0\u1ee3ng, th\u01b0\u01a1ng hi\u1ec7u, gia t\u0103ng s\u1ea3n l\u01b0\u1ee3ng, \u0111\u1ea3m b\u1ea3o gi\u00e1 tr\u1ecb xu\u1ea5t kh\u1ea9u b\u1ec1n v\u1eefng v\u00e0 l\u00e2u d\u00e0i.<\/p>\n<p style=\"text-align: justify;\">\n<p style=\"text-align: justify;\">Trong b\u1ed1i c\u1ea3nh gi\u00e1 c\u1ea3 n\u00f4ng s\u1ea3n \u0111\u1ec1u t\u0103ng cao, \u0111\u1eb7c bi\u1ec7t gi\u00e1 c\u00e0 ph\u00ea v\u00e0 h\u1ed3 ti\u00eau li\u00ean t\u1ee5c thi\u1ebft l\u1eadp \u0111\u1ec9nh gi\u00e1 m\u1edbi, c\u00e1c doanh nghi\u1ec7p xu\u1ea5t kh\u1ea9u t\u1ea1i \u0110\u1eafk L\u1eafk \u0111ang n\u1ed7 l\u1ef1c kh\u1eafc ph\u1ee5c kh\u00f3 kh\u0103n, c\u00f3 k\u1ebf ho\u1ea1ch d\u1ef1 tr\u1eef nguy\u00ean li\u1ec7u, k\u1ebf ho\u1ea1ch \u0111\u1ed5i m\u1edbi c\u1ea3i ti\u1ebfn c\u00f4ng ngh\u1ec7; \u0111\u1ed3ng th\u1eddi linh ho\u1ea1t \u1ee9ng ph\u00f3, t\u00ecm gi\u1ea3i ph\u00e1p cung \u1ee9ng ngu\u1ed3n v\u1ed1n \u0111\u1ec3 \u1ed5n \u0111\u1ecbnh s\u1ea3n xu\u1ea5t, kinh doanh.<\/p>\n<p style=\"text-align: justify;\">\n<p style=\"text-align: justify;\">T\u1eeb kinh nghi\u1ec7m n\u0103m 2024 v\u00e0 uy t\u00edn th\u01b0\u01a1ng hi\u1ec7u, nhi\u1ec1u doanh nghi\u1ec7p \u0111\u00e3 nh\u1eadn \u0111\u01a1n h\u00e0ng m\u1edbi c\u1ee7a n\u0103m 2025 v\u00e0 hi\u1ec7n kh\u00f4ng \u0111\u1ee7 s\u1ea3n l\u01b0\u1ee3ng \u0111\u1ec3 \u0111\u00e1p \u1ee9ng nhu c\u1ea7u nh\u1eadp kh\u1ea9u c\u1ee7a \u0111\u1ed1i t\u00e1c.<\/p>\n<p style=\"text-align: justify;\">\n<p style=\"text-align: justify;\">B\u00e0 L\u00ea Th\u1ecb M\u1ef9 H\u1ea1nh, T\u1ed5ng gi\u00e1m \u0111\u1ed1c C\u00f4ng ty c\u1ed5 ph\u1ea7n Banana Brothers Farm cho hay, doanh nghi\u1ec7p hi\u1ec7n c\u00f3 tr\u00ean 100 ha chu\u1ed1i \u0111\u01b0\u1ee3c tr\u1ed3ng b\u1eb1ng ph\u01b0\u01a1ng ph\u00e1p c\u1ea5y m\u00f4 c\u00f4ng ngh\u1ec7 cao, thi\u1ebft k\u1ebf theo \u00f4 b\u00e0n c\u1edd t\u1ea1i huy\u1ec7n M\u2019Dr\u1eafk. N\u0103m 2024, doanh nghi\u1ec7p \u0111\u00e3 xu\u1ea5t kh\u1ea9u 10.000 t\u1ea5n chu\u1ed1i qua th\u1ecb tr\u01b0\u1eddng Trung Qu\u1ed1c, M\u00f4ng C\u1ed5, H\u00e0n Qu\u1ed1c v\u1edbi gi\u00e1 c\u1ea3 \u1ed5n \u0111\u1ecbnh h\u01a1n so v\u1edbi c\u00e1c n\u0103m tr\u01b0\u1edbc. Nhi\u1ec1u \u0111\u1ed1i t\u00e1c mu\u1ed1n k\u00fd h\u1ee3p \u0111\u1ed3ng mua b\u00e1n d\u00e0i h\u1ea1n song hi\u1ec7n t\u1ea1i, s\u1ea3n l\u01b0\u1ee3ng chu\u1ed1i c\u1ee7a doanh nghi\u1ec7p kh\u00f4ng \u0111\u1ee7 cung \u1ee9ng.<\/p>\n<p style=\"text-align: justify;\">\n<p style=\"text-align: justify;\">\u201c\u0110\u1ec3 xu\u1ea5t kh\u1ea9u b\u1ec1n v\u1eefng, c\u1ea7n duy tr\u00ec ch\u1ea5t l\u01b0\u1ee3ng, \u0111\u1ea3m b\u1ea3o ch\u1ea5t l\u01b0\u1ee3ng c\u1ee7a s\u1ea3n ph\u1ea9m \u0111\u1ebfn t\u1eadn tay ng\u01b0\u1eddi ti\u00eau d\u00f9ng, t\u1eeb \u0111\u00f3 t\u1ea1o uy t\u00edn, th\u01b0\u01a1ng hi\u1ec7u s\u1ea3n ph\u1ea9m v\u00e0 c\u00f3 nh\u1eefng kh\u00e1ch h\u00e0ng l\u1edbn, l\u00e2u d\u00e0i. N\u0103m 2024, doanh nghi\u1ec7p vinh d\u1ef1 nh\u1eadn gi\u1ea3i th\u01b0\u1edfng Sao V\u00e0ng \u0111\u1ea5t Vi\u1ec7t, g\u00f3p ph\u1ea7n c\u1ee7ng c\u1ed1 uy t\u00edn v\u00e0 th\u01b0\u01a1ng hi\u1ec7u c\u1ee7a doanh nghi\u1ec7p. N\u0103m 2025, doanh nghi\u1ec7p d\u1ef1 \u0111\u1ecbnh m\u1edf r\u1ed9ng th\u00eam di\u1ec7n t\u00edch s\u1ea3n xu\u1ea5t \u0111\u1ec3 ti\u1ebfp t\u1ee5c m\u1edf r\u1ed9ng th\u1ecb tr\u01b0\u1eddng xu\u1ea5t kh\u1ea9u\u201d &#8211; b\u00e0 L\u00ea Th\u1ecb M\u1ef9 H\u1ea1nh chia s\u1ebb.<\/p>\n<p style=\"text-align: justify;\">\n<p style=\"text-align: justify;\">\u0110\u1ebfn nay, c\u00e1c s\u1ea3n ph\u1ea9m n\u00f4ng s\u1ea3n ch\u1ebf bi\u1ebfn c\u1ee7a \u0110\u1eafk L\u1eafk \u0111\u00e3 v\u01b0\u01a1n \u0111\u1ebfn h\u01a1n 70 qu\u1ed1c gia v\u00e0 c\u00e1c v\u00f9ng tr\u00ean th\u1ebf gi\u1edbi. T\u1ec9nh c\u00f3 nhi\u1ec1u m\u1eb7t h\u00e0ng n\u00f4ng s\u1ea3n c\u00f3 gi\u00e1 tr\u1ecb xu\u1ea5t kh\u1ea9u, c\u00f3 n\u0103ng l\u1ef1c c\u1ea1nh tranh t\u1ed1t tr\u00ean th\u1ecb tr\u01b0\u1eddng th\u1ebf gi\u1edbi. Th\u1eddi gian qua, ng\u00e0nh c\u00f4ng th\u01b0\u01a1ng t\u1ec9nh \u0110\u1eafk L\u1eafk \u0111\u00e3 \u0111\u1ea9y m\u1ea1nh t\u1ed5 ch\u1ee9c c\u00e1c ho\u1ea1t \u0111\u1ed9ng x\u00fac ti\u1ebfn th\u01b0\u01a1ng m\u1ea1i, k\u1ebft n\u1ed1i giao th\u01b0\u01a1ng, \u0111\u1ed3ng h\u00e0nh v\u00e0 h\u1ed7 tr\u1ee3 doanh nghi\u1ec7p trong vi\u1ec7c qu\u1ea3ng b\u00e1, \u0111\u01b0a s\u1ea3n ph\u1ea9m v\u01b0\u01a1n ra th\u1ecb tr\u01b0\u1eddng th\u1ebf gi\u1edbi.<\/p>\n<p style=\"text-align: justify;\">\n<p style=\"text-align: justify;\">\u00d4ng L\u01b0u V\u0103n Kh\u00f4i &#8211; Gi\u00e1m \u0111\u1ed1c S\u1edf C\u00f4ng Th\u01b0\u01a1ng \u0110\u1eafk L\u1eafk cho bi\u1ebft, ph\u00e1t huy nh\u1eefng k\u1ebft qu\u1ea3 \u0111\u1ea1t \u0111\u01b0\u1ee3c, n\u0103m 2025, t\u1ec9nh ph\u1ea5n \u0111\u1ea5u kim ng\u1ea1ch xu\u1ea5t kh\u1ea9u \u0111\u1ea1t 1,7 t\u1ef7 USD. \u0110\u1ec3 gia t\u0103ng kim ng\u1ea1ch xu\u1ea5t kh\u1ea9u, \u0110\u1eafk L\u1eafk ti\u1ebfp t\u1ee5c t\u1ea1o thu\u1eadn l\u1ee3i v\u1ec1 c\u01a1 ch\u1ebf, ch\u00ednh s\u00e1ch nh\u1eb1m h\u1ed7 tr\u1ee3 cho doanh nghi\u1ec7p v\u00e0 h\u1ee3p t\u00e1c x\u00e3 \u0111\u1ea7u t\u01b0 t\u1ed1t h\u01a1n v\u1ec1 c\u00f4ng ngh\u1ec7, v\u1ed1n v\u00e0 x\u00fac ti\u1ebfn, qu\u1ea3ng b\u00e1 s\u1ea3n ph\u1ea9m, ch\u1ee7 \u0111\u1ed9ng \u0111\u1ed5i m\u1edbi c\u00f4ng ngh\u1ec7.<\/p>\n<p style=\"text-align: justify;\">\n<p style=\"text-align: justify;\">\u0110\u1ed3ng th\u1eddi, ng\u00e0nh ti\u1ebfp t\u1ee5c khuy\u1ebfn kh\u00edch doanh nghi\u1ec7p, h\u1ee3p t\u00e1c x\u00e3 \u0111\u1ea7u t\u01b0 v\u00e0o ch\u1ebf bi\u1ebfn s\u00e2u, t\u1ea1o ra gi\u00e1 tr\u1ecb gia t\u0103ng cho s\u1ea3n ph\u1ea9m, n\u1ed7 l\u1ef1c \u0111\u01b0a ra nhi\u1ec1u s\u1ea3n ph\u1ea9m m\u1eabu m\u00e3 m\u1edbi, t\u00ecm ki\u1ebfm th\u00eam nhi\u1ec1u th\u1ecb tr\u01b0\u1eddng xu\u1ea5t kh\u1ea9u.<\/p>\n<p style=\"text-align: justify;\">Ngu\u1ed3n: <a href=\"https:\/\/bnews.vn\/dak-lak-xuat-khau-nhieu-mat-hang-nong-san-sang-cac-thi-truong-lon\/357456.html\">https:\/\/bnews.vn\/dak-lak-xuat-khau-nhieu-mat-hang-nong-san-sang-cac-thi-truong-lon\/357456.html<\/a><\/p>\n","protected":false},"excerpt":{"rendered":"<p>N\u0103m 2024, ho\u1ea1t \u0111\u1ed9ng xu\u1ea5t kh\u1ea9u c\u1ee7a \u0110\u1eafk L\u1eafk ti\u1ebfp t\u1ee5c l\u00e0 \u0111i\u1ec3m s\u00e1ng trong b\u1ee9c tranh kinh t\u1ebf c\u1ee7a t\u1ec9nh. Nh\u1eefng l\u00f4 h\u00e0ng xu\u1ea5t kh\u1ea9u n\u00f4ng s\u1ea3n cu\u1ed1i n\u0103m v\u1eabn \u0111ang ti\u1ebfp t\u1ee5c g\u00f3p ph\u1ea7n t\u1ea1o n\u00ean ni\u1ec1m vui cho m\u00f9a Xu\u00e2n m\u1edbi. Kim ng\u1ea1ch xu\u1ea5t kh\u1ea9u c\u1ee7a \u0110\u1eafk L\u1eafk t\u0103ng tr\u01b0\u1edfng \u1ea5n t\u01b0\u1ee3ng,&#8230;<\/p>\n","protected":false},"author":8,"featured_media":14435,"parent":0,"menu_order":0,"comment_status":"closed","ping_status":"closed","template":"","meta":{"footnotes":""},"class_list":["post-14440","page","type-page","status-publish","has-post-thumbnail","hentry"],"_links":{"self":[{"href":"https:\/\/hfoods.vn\/vi\/wp-json\/wp\/v2\/pages\/14440","targetHints":{"allow":["GET"]}}],"collection":[{"href":"https:\/\/hfoods.vn\/vi\/wp-json\/wp\/v2\/pages"}],"about":[{"href":"https:\/\/hfoods.vn\/vi\/wp-json\/wp\/v2\/types\/page"}],"author":[{"embeddable":true,"href":"https:\/\/hfoods.vn\/vi\/wp-json\/wp\/v2\/users\/8"}],"replies":[{"embeddable":true,"href":"https:\/\/hfoods.vn\/vi\/wp-json\/wp\/v2\/comments?post=14440"}],"version-history":[{"count":0,"href":"https:\/\/hfoods.vn\/vi\/wp-json\/wp\/v2\/pages\/14440\/revisions"}],"wp:featuredmedia":[{"embeddable":true,"href":"https:\/\/hfoods.vn\/vi\/wp-json\/wp\/v2\/media\/14435"}],"wp:attachment":[{"href":"https:\/\/hfoods.vn\/vi\/wp-json\/wp\/v2\/media?parent=14440"}],"curies":[{"name":"wp","href":"https:\/\/api.w.org\/{rel}","templated":true}]}}