{"id":14455,"date":"2024-12-26T07:00:48","date_gmt":"2024-12-26T07:00:48","guid":{"rendered":"https:\/\/hfoods.vn\/?page_id=14455"},"modified":"2024-12-29T02:45:46","modified_gmt":"2024-12-29T02:45:46","slug":"xuat-sieu-nong-lam-thuy-san-dat-ky-luc-gan-18-ty-usd","status":"publish","type":"page","link":"https:\/\/hfoods.vn\/vi\/xuat-sieu-nong-lam-thuy-san-dat-ky-luc-gan-18-ty-usd\/","title":{"rendered":"Xu\u1ea5t si\u00eau n\u00f4ng l\u00e2m th\u1ee7y s\u1ea3n \u0111\u1ea1t k\u1ef7 l\u1ee5c g\u1ea7n 18 t\u1ef7 USD"},"content":{"rendered":"<p class=\"sapo\" style=\"text-align: justify;\"><strong>B\u1ed9 N\u00f4ng nghi\u1ec7p v\u00e0 Ph\u00e1t tri\u1ec3n n\u00f4ng th\u00f4n cho bi\u1ebft: N\u0103m 2024, t\u1ed5ng kim ng\u1ea1ch xu\u1ea5t kh\u1ea9u n\u00f4ng l\u00e2m th\u1ee7y\u00a0s\u1ea3n \u0111\u1ea1t m\u1ee9c cao k\u1ef7 l\u1ee5c 62,5 t\u1ef7 USD, t\u0103ng 18,7% so v\u1edbi n\u0103m 2023.<\/strong><\/p>\n<figure id=\"attachment_14446\" aria-describedby=\"caption-attachment-14446\" style=\"width: 745px\" class=\"wp-caption aligncenter\"><img loading=\"lazy\" decoding=\"async\" class=\"wp-image-14446 \" src=\"https:\/\/hfoods.vn\/wp-content\/uploads\/2024\/12\/xuat-khau-261224.jpg\" alt=\"\" width=\"745\" height=\"511\" srcset=\"https:\/\/hfoods.vn\/wp-content\/uploads\/2024\/12\/xuat-khau-261224.jpg 665w, https:\/\/hfoods.vn\/wp-content\/uploads\/2024\/12\/xuat-khau-261224-600x411.jpg 600w\" sizes=\"auto, (max-width: 745px) 100vw, 745px\" \/><figcaption id=\"caption-attachment-14446\" class=\"wp-caption-text\">Ch\u1ebf bi\u1ebfn s\u1ea3n ph\u1ea9m xo\u00e0i xu\u1ea5t kh\u1ea9u sang th\u1ecb tr\u01b0\u1eddng M\u1ef9, ch\u00e2u \u00c2u, H\u00e0n Qu\u1ed1c, Nh\u1eadt B\u1ea3n \u1edf nh\u00e0 m\u00e1y t\u1ea1i Vi\u1ec7t Nam.<\/figcaption><\/figure>\n<p style=\"text-align: justify;\">Gi\u00e1 tr\u1ecb xu\u1ea5t si\u00eau n\u00f4ng l\u00e2m th\u1ee7y s\u1ea3n ti\u1ebfp t\u1ee5c \u0111\u1ea1t m\u1ee9c k\u1ef7 l\u1ee5c m\u1edbi 17,9 t\u1ef7 USD, t\u0103ng 46,8%. Trong s\u1ed1 \u0111\u00f3, xu\u1ea5t kh\u1ea9u n\u00f4ng s\u1ea3n ch\u00ednh \u0111\u1ea1t 32,8 t\u1ef7 USD, t\u0103ng 22,4%; ch\u0103n nu\u00f4i 533,6 tri\u1ec7u USD, t\u0103ng 6,5%; l\u00e2m s\u1ea3n ch\u00ednh 17,28 t\u1ef7 USD, t\u0103ng 19,4%; th\u1ee7y s\u1ea3n 10,07 t\u1ef7 USD, t\u0103ng 12,2%.<\/p>\n<p style=\"text-align: justify;\">C\u00f3 7 h\u00e0ng\/nh\u00f3m m\u1eb7t h\u00e0ng xu\u1ea5t kh\u1ea9u tr\u00ean 3 t\u1ef7 USD (t\u0103ng 1 s\u1ea3n ph\u1ea9m so v\u1edbi n\u0103m 2023). \u0110\u00f3 l\u00e0, g\u1ed7 v\u00e0 s\u1ea3n ph\u1ea9m g\u1ed7 16,2 t\u1ef7 USD (t\u0103ng 20,3%); rau qu\u1ea3 7,12 t\u1ef7 USD (t\u0103ng 27,1%); g\u1ea1o 5,75 t\u1ef7 USD (t\u0103ng 23% v\u1edbi l\u01b0\u1ee3ng xu\u1ea5t kh\u1ea9u l\u00e0 9,18 tri\u1ec7u t\u1ea5n, t\u0103ng 12,9%); c\u00e0 ph\u00ea 5,48 t\u1ef7 USD (t\u0103ng 29,1% v\u1edbi l\u01b0\u1ee3ng 1,32 tri\u1ec7u t\u1ea5n, gi\u1ea3m 18,8%).<\/p>\n<p style=\"text-align: justify;\">C\u00f3 \u0111\u01b0\u1ee3c k\u1ebft qu\u1ea3 tr\u00ean, Th\u1ee9 tr\u01b0\u1edfng B\u1ed9 N\u00f4ng nghi\u1ec7p v\u00e0 Ph\u00e1t tri\u1ec3n n\u00f4ng th\u00f4n Ph\u00f9ng \u0110\u1ee9c Ti\u1ebfn chia s\u1ebb, c\u01a1 c\u1ea5u kinh t\u1ebf ng\u00e0nh, c\u01a1 c\u1ea5u s\u1ea3n xu\u1ea5t n\u00f4ng nghi\u1ec7p ti\u1ebfp t\u1ee5c chuy\u1ec3n d\u1ecbch, \u0111i\u1ec1u ch\u1ec9nh ph\u00f9 h\u1ee3p, t\u00edch h\u1ee3p \u0111a gi\u00e1 tr\u1ecb, hi\u1ec7u qu\u1ea3 h\u01a1n g\u1eafn v\u1edbi th\u1ecb tr\u01b0\u1eddng, t\u0103ng t\u1ef7 tr\u1ecdng c\u00e1c ti\u1ec3u ng\u00e0nh, s\u1ea3n ph\u1ea9m c\u00f3 l\u1ee3i th\u1ebf c\u1ea1nh tranh v\u00e0 gi\u00e1 tr\u1ecb cao.<\/p>\n<p style=\"text-align: justify;\">B\u1ed9 N\u00f4ng nghi\u1ec7p v\u00e0 Ph\u00e1t tri\u1ec3n n\u00f4ng th\u00f4n \u0111\u00e3 ph\u00ea duy\u1ec7t, tri\u1ec3n khai c\u00e1c \u0110\u1ec1 \u00e1n th\u00fac \u0111\u1ea9y xu\u1ea5t kh\u1ea9u n\u00f4ng l\u00e2m th\u1ee7y s\u1ea3n sang c\u00e1c th\u1ecb tr\u01b0\u1eddng l\u1edbn (Hoa K\u1ef3, Trung Qu\u1ed1c, Nh\u1eadt B\u1ea3n, EU) t\u1eeb n\u0103m 2023, k\u1ebft h\u1ee3p tri\u1ec3n khai c\u00e1c gi\u1ea3i ph\u00e1p m\u1edf c\u1eeda th\u1ecb tr\u01b0\u1eddng m\u1edbi c\u00f2n nhi\u1ec1u ti\u1ec1m n\u0103ng v\u00e0 \u0111\u00e0m ph\u00e1n, k\u00fd k\u1ebft c\u00e1c \u0111\u01a1n h\u00e0ng m\u1edbi trong n\u0103m 2024 \u0111\u00e3 c\u00f3 hi\u1ec7u qu\u1ea3.<\/p>\n<p style=\"text-align: justify;\">B\u1ed9 N\u00f4ng nghi\u1ec7p v\u00e0 Ph\u00e1t tri\u1ec3n n\u00f4ng th\u00f4n th\u1ef1c hi\u1ec7n c\u00e1c c\u01a1 ch\u1ebf, ch\u00ednh s\u00e1ch \u0111\u1ed1i v\u1edbi c\u00f4ng t\u00e1c x\u00fac ti\u1ebfn th\u01b0\u01a1ng m\u1ea1i, \u0111\u00e0m ph\u00e1n m\u1edf c\u1eeda, ph\u00e1t tri\u1ec3n th\u1ecb tr\u01b0\u1eddng th\u00fac \u0111\u1ea9y xu\u1ea5t kh\u1ea9u n\u00f4ng l\u00e2m th\u1ee7y s\u1ea3n; ch\u1ee7 \u0111\u1ed9ng x\u1eed l\u00fd c\u00e1c s\u1ef1 c\u1ed1 m\u1ea5t an to\u00e0n th\u1ef1c ph\u1ea9m, c\u00e1c tr\u01b0\u1eddng h\u1ee3p l\u00f4 h\u00e0ng b\u1ecb c\u1ea3nh b\u00e1o t\u1ea1i th\u1ecb tr\u01b0\u1eddng nh\u1eadp kh\u1ea9u. B\u1ed9 ph\u1ed1i h\u1ee3p v\u1edbi \u0110\u1ea1i s\u1ee9 qu\u00e1n, Tham t\u00e1n Th\u01b0\u01a1ng m\u1ea1i, gia t\u0103ng vai tr\u00f2 c\u1ee7a Tham t\u00e1n N\u00f4ng nghi\u1ec7p Vi\u1ec7t Nam t\u1ea1i c\u00e1c n\u01b0\u1edbc x\u00e2y d\u1ef1ng c\u00e1c k\u00eanh trao \u0111\u1ed5i, cung c\u1ea5p th\u00f4ng tin th\u1ecb tr\u01b0\u1eddng, t\u0103ng c\u01b0\u1eddng x\u00fac ti\u1ebfn, qu\u1ea3ng b\u00e1 \u0111\u1ed1i v\u1edbi c\u00e1c s\u1ea3n ph\u1ea9m \u0111\u00e3 \u0111\u01b0\u1ee3c m\u1edf c\u1eeda, xu\u1ea5t kh\u1ea9u ch\u00ednh ng\u1ea1ch.<\/p>\n<p style=\"text-align: justify;\">C\u00f9ng v\u1edbi c\u00e1c th\u1ecb tr\u01b0\u1eddng truy\u1ec1n th\u1ed1ng nh\u01b0: Trung Qu\u1ed1c, Hoa K\u1ef3, EU, Nh\u1eadt\u2026 ngay t\u1eeb \u0111\u1ea7u n\u0103m, B\u1ed9 N\u00f4ng nghi\u1ec7p v\u00e0 Ph\u00e1t tri\u1ec3n n\u00f4ng th\u00f4n \u0111\u00e3 quan t\u00e2m v\u00e0 t\u1eadp trung khai th\u00e1c c\u00e1c th\u1ecb tr\u01b0\u1eddng c\u00f2n nhi\u1ec1u ti\u1ec1m n\u0103ng nh\u01b0: th\u1ecb tr\u01b0\u1eddng th\u1ef1c ph\u1ea9m Halal, Trung \u0110\u00f4ng, ch\u00e2u Phi&#8230;<\/p>\n<p style=\"text-align: justify;\">B\u00ean c\u1ea1nh \u0111\u00f3, B\u1ed9 N\u00f4ng nghi\u1ec7p v\u00e0 Ph\u00e1t tri\u1ec3n n\u00f4ng th\u00f4n \u0111\u00e3 \u0111\u1ea9y m\u1ea1nh \u1ee9ng d\u1ee5ng c\u00f4ng ngh\u1ec7 th\u00f4ng tin trong vi\u1ec7c thu th\u1eadp th\u00f4ng tin, d\u1ef1 b\u00e1o t\u00ecnh h\u00ecnh th\u1ecb tr\u01b0\u1eddng n\u00f4ng s\u1ea3n; ch\u1ec9 \u0111\u1ea1o, h\u01b0\u1edbng d\u1eabn c\u1ea5p m\u00e3 s\u1ed1 v\u00f9ng tr\u1ed3ng, v\u00f9ng nu\u00f4i v\u00e0 truy xu\u1ea5t ngu\u1ed3n g\u1ed1c n\u00f4ng l\u00e2m th\u1ee7y s\u1ea3n ph\u1ee5c v\u1ee5 xu\u1ea5t kh\u1ea9u. C\u00e1c \u0111\u01a1n v\u1ecb ch\u1ee9c n\u0103ng t\u0103ng c\u01b0\u1eddng nghi\u00ean c\u1ee9u, d\u1ef1 b\u00e1o v\u00e0 th\u00f4ng tin th\u1ecb tr\u01b0\u1eddng \u0111\u1ec3 k\u1ecbp th\u1eddi \u0111\u1ecbnh h\u01b0\u1edbng t\u1ed5 ch\u1ee9c s\u1ea3n xu\u1ea5t, ti\u00eau th\u1ee5 n\u00f4ng s\u1ea3n; th\u1ef1c hi\u1ec7n c\u00e1c bi\u1ec7n ph\u00e1p ph\u00f2ng v\u1ec7 th\u01b0\u01a1ng m\u1ea1i, c\u00e1c r\u00e0o c\u1ea3n k\u1ef9 thu\u1eadt ph\u00f9 h\u1ee3p v\u1edbi cam k\u1ebft qu\u1ed1c t\u1ebf, \u0111\u00e0m ph\u00e1n v\u00e0 k\u00fd k\u1ebft c\u00e1c th\u1ecfa thu\u1eadn c\u00f4ng nh\u1eadn l\u1eabn nhau.<\/p>\n<p style=\"text-align: justify;\">\u0110\u1eb7c bi\u1ec7t l\u00e0 h\u1ed7 tr\u1ee3 doanh nghi\u1ec7p v\u1ec1 gi\u1ea3i quy\u1ebft tranh ch\u1ea5p th\u01b0\u01a1ng m\u1ea1i, gi\u1ea3m thi\u1ec3u r\u1ee7i ro trong h\u1ed9i nh\u1eadp qu\u1ed1c t\u1ebf; t\u1eadn d\u1ee5ng l\u1ee3i th\u1ebf t\u1eeb c\u00e1c hi\u1ec7p \u0111\u1ecbnh th\u01b0\u01a1ng m\u1ea1i t\u1ef1 do (FTA) \u0111\u1ec3 m\u1edf r\u1ed9ng th\u1ecb tr\u01b0\u1eddng, th\u00fac \u0111\u1ea9y t\u0103ng tr\u01b0\u1edfng xu\u1ea5t kh\u1ea9u.<\/p>\n<p style=\"text-align: justify;\">Source: <a href=\"https:\/\/baotintuc.vn\/kinh-te\/xuat-sieu-nong-lam-thuy-san-dat-ky-luc-gan-18-ty-usd-20241226153113842.htm\">https:\/\/baotintuc.vn\/kinh-te\/xuat-sieu-nong-lam-thuy-san-dat-ky-luc-gan-18-ty-usd-20241226153113842.htm<\/a><\/p>\n","protected":false},"excerpt":{"rendered":"<p>B\u1ed9 N\u00f4ng nghi\u1ec7p v\u00e0 Ph\u00e1t tri\u1ec3n n\u00f4ng th\u00f4n cho bi\u1ebft: N\u0103m 2024, t\u1ed5ng kim ng\u1ea1ch xu\u1ea5t kh\u1ea9u n\u00f4ng l\u00e2m th\u1ee7y\u00a0s\u1ea3n \u0111\u1ea1t m\u1ee9c cao k\u1ef7 l\u1ee5c 62,5 t\u1ef7 USD, t\u0103ng 18,7% so v\u1edbi n\u0103m 2023. Gi\u00e1 tr\u1ecb xu\u1ea5t si\u00eau n\u00f4ng l\u00e2m th\u1ee7y s\u1ea3n ti\u1ebfp t\u1ee5c \u0111\u1ea1t m\u1ee9c k\u1ef7 l\u1ee5c m\u1edbi 17,9 t\u1ef7 USD, t\u0103ng 46,8%. Trong&#8230;<\/p>\n","protected":false},"author":8,"featured_media":14446,"parent":0,"menu_order":0,"comment_status":"closed","ping_status":"closed","template":"","meta":{"footnotes":""},"class_list":["post-14455","page","type-page","status-publish","has-post-thumbnail","hentry"],"_links":{"self":[{"href":"https:\/\/hfoods.vn\/vi\/wp-json\/wp\/v2\/pages\/14455","targetHints":{"allow":["GET"]}}],"collection":[{"href":"https:\/\/hfoods.vn\/vi\/wp-json\/wp\/v2\/pages"}],"about":[{"href":"https:\/\/hfoods.vn\/vi\/wp-json\/wp\/v2\/types\/page"}],"author":[{"embeddable":true,"href":"https:\/\/hfoods.vn\/vi\/wp-json\/wp\/v2\/users\/8"}],"replies":[{"embeddable":true,"href":"https:\/\/hfoods.vn\/vi\/wp-json\/wp\/v2\/comments?post=14455"}],"version-history":[{"count":0,"href":"https:\/\/hfoods.vn\/vi\/wp-json\/wp\/v2\/pages\/14455\/revisions"}],"wp:featuredmedia":[{"embeddable":true,"href":"https:\/\/hfoods.vn\/vi\/wp-json\/wp\/v2\/media\/14446"}],"wp:attachment":[{"href":"https:\/\/hfoods.vn\/vi\/wp-json\/wp\/v2\/media?parent=14455"}],"curies":[{"name":"wp","href":"https:\/\/api.w.org\/{rel}","templated":true}]}}