{"id":14466,"date":"2024-12-27T07:00:11","date_gmt":"2024-12-27T07:00:11","guid":{"rendered":"https:\/\/hfoods.vn\/?page_id=14466"},"modified":"2024-12-29T04:09:08","modified_gmt":"2024-12-29T04:09:08","slug":"xuat-khau-nong-san-dat-ky-luc-moi-mang-ve-625-ty-usd","status":"publish","type":"page","link":"https:\/\/hfoods.vn\/vi\/xuat-khau-nong-san-dat-ky-luc-moi-mang-ve-625-ty-usd\/","title":{"rendered":"Xu\u1ea5t kh\u1ea9u n\u00f4ng s\u1ea3n \u0111\u1ea1t k\u1ef7 l\u1ee5c m\u1edbi, mang v\u1ec1 62,5 t\u1ef7 USD"},"content":{"rendered":"<p style=\"text-align: justify;\"><strong>ANTD.VN &#8211; T\u1ed5ng kim ng\u1ea1ch xu\u1ea5t kh\u1ea9u n\u00f4ng l\u00e2m thu\u1ef7 s\u1ea3n n\u0103m 2024 \u0111\u1ea1t m\u1ee9c cao k\u1ef7 l\u1ee5c 62,5 t\u1ef7 USD, t\u0103ng 18,7% so v\u1edbi n\u0103m 2023; xu\u1ea5t si\u00eau ti\u1ebfp t\u1ee5c \u0111\u1ea1t m\u1ee9c k\u1ef7 l\u1ee5c m\u1edbi 17,9 t\u1ef7 USD , t\u0103ng 46,8% .<\/strong><\/p>\n<p style=\"text-align: justify;\">B\u00e1o c\u00e1o v\u1ec1 ho\u1ea1t \u0111\u1ed9ng s\u1ea3n xu\u1ea5t n\u0103m 2024, \u00f4ng Ph\u00f9ng \u0110\u1ee9c Ti\u1ebfn, Th\u1ee9 tr\u01b0\u1edfng B\u1ed9 NN&amp;PTNT th\u00f4ng tin, n\u0103m 2024 gi\u00e1 tr\u1ecb s\u1ea3n xu\u1ea5t to\u00e0n ng\u00e0nh \u0111\u1ea1t m\u1ee9c t\u0103ng tr\u01b0\u1edfng \u01b0\u1edbc \u0111\u1ea1t 3,3% , t\u1ef7 l\u1ec7 che ph\u1ee7 r\u1eebng \u0111\u1ea1t 42,02%; t\u1ef7 l\u1ec7 s\u1ed1 x\u00e3 \u0111\u1ea1t chu\u1ea9n n\u00f4ng th\u00f4n m\u1edbi \u0111\u1ea1t 78,7% ; t\u1ef7 l\u1ec7 h\u1ed9 d\u00e2n n\u00f4ng th\u00f4n \u0111\u01b0\u1ee3c s\u1eed d\u1ee5ng n\u01b0\u1edbc s\u1ea1ch h\u1ee3p quy chu\u1ea9n \u0111\u1ea1t 58%. T\u1ed5ng kim ng\u1ea1ch xu\u1ea5t kh\u1ea9u n\u00f4ng l\u00e2m thu\u1ef7 s\u1ea3n \u0111\u1ea1t m\u1ee9c cao k\u1ef7 l\u1ee5c 62,5 t\u1ef7 USD, t\u0103ng 18,7% so v\u1edbi n\u0103m 2023; xu\u1ea5t si\u00eau ti\u1ebfp t\u1ee5c \u0111\u1ea1t m\u1ee9c k\u1ef7 l\u1ee5c m\u1edbi 17,9 t\u1ef7 USD , t\u0103ng 46,8% .<\/p>\n<p style=\"text-align: justify;\">Trong \u0111\u00f3, xu\u1ea5t kh\u1ea9u n\u00f4ng s\u1ea3n ch\u00ednh 32,8 t\u1ef7 USD, t\u0103ng 22,4%; ch\u0103n nu\u00f4i 533,6 tri\u1ec7u USD, t\u0103ng 6,5%; l\u00e2m s\u1ea3n ch\u00ednh 17,28 t\u1ef7 USD, t\u0103ng 19,4%; th\u1ee7y s\u1ea3n 10,07 t\u1ef7 USD, t\u0103ng 12,2%. C\u00f3 7 h\u00e0ng\/nh\u00f3m m\u1eb7t h\u00e0ng xu\u1ea5t kh\u1ea9u tr\u00ean 3 t\u1ef7 USD (t\u0103ng 1 s\u1ea3n ph\u1ea9m so v\u1edbi n\u0103m 2023).<\/p>\n<figure id=\"attachment_14462\" aria-describedby=\"caption-attachment-14462\" style=\"width: 734px\" class=\"wp-caption aligncenter\"><img loading=\"lazy\" decoding=\"async\" class=\"wp-image-14462 \" src=\"https:\/\/hfoods.vn\/wp-content\/uploads\/2024\/12\/antd-tong-ket-nn-5355-426.jpg\" alt=\"\" width=\"734\" height=\"488\" \/><figcaption id=\"caption-attachment-14462\" class=\"wp-caption-text\">Th\u1ee7 t\u01b0\u1edbng Ch\u00ednh ph\u1ee7 Ph\u1ea1m Minh Ch\u00ednh t\u1ea1i H\u1ed9i ngh\u1ecb t\u1ed5ng k\u1ebft B\u1ed9 NN&amp;PTNT chi\u1ec1u 27\/12.<\/figcaption><\/figure>\n<p style=\"text-align: justify;\">L\u00e3nh \u0111\u1ea1o B\u1ed9 NN&amp;PTNT cho hay, n\u0103m 2024, ng\u00e0nh th\u1ef1c hi\u1ec7n k\u1ebf ho\u1ea1ch trong \u0111i\u1ec1u ki\u1ec7n c\u00f3 nh\u1eefng thu\u1eadn l\u1ee3i v\u00e0 kh\u00f3 kh\u0103n, th\u00e1ch th\u1ee9c \u0111an xen; trong \u0111\u00f3, c\u00f3 y\u1ebfu t\u1ed1 t\u00e1c \u0111\u1ed9ng m\u1ea1nh c\u1ee7a bi\u1ebfn \u0111\u1ed9ng th\u1ecb tr\u01b0\u1eddng, c\u1ee7a th\u1eddi ti\u1ebft n\u1eafng n\u00f3ng gay g\u1eaft, h\u1ea1n h\u00e1n, m\u01b0a b\u00e3o t\u1ea1i c\u00e1c \u0111\u1ecba ph\u01b0\u01a1ng v\u00f9ng T\u00e2y Nguy\u00ean, mi\u1ec1n Trung, x\u00e2m nh\u1eadp m\u1eb7n t\u1ea1i c\u00e1c t\u1ec9nh, th\u00e0nh ph\u1ed1 ph\u00eda Nam; \u0111\u1eb7c bi\u1ec7t l\u00e0 c\u01a1n b\u00e3o s\u1ed1 3 (Yagi) \u0111\u00e3 g\u00e2y thi\u1ec7t h\u1ea1i n\u1eb7ng n\u1ec1 cho s\u1ea3n xu\u1ea5t n\u00f4ng nghi\u1ec7p c\u00e1c t\u1ec9nh ph\u00eda B\u1eafc.<\/p>\n<p style=\"text-align: justify;\">D\u00f9 v\u1eady, ng\u00e0nh NN&amp;PTNT v\u1edbi quy\u1ebft t\u00e2m cao, n\u1ed7 l\u1ef1c l\u1edbn, th\u1ef1c hi\u1ec7n \u0111\u1ed3ng b\u1ed9, linh ho\u1ea1t, s\u00e1ng t\u1ea1o c\u00e1c gi\u1ea3i ph\u00e1p tr\u01b0\u1edbc nh\u1eefng kh\u00f3 kh\u0103n, th\u00e1ch th\u1ee9c t\u1eeb c\u00e1c \u201ct\u00ecnh hu\u1ed1ng b\u1ea5t th\u01b0\u1eddng\u201d \u0111\u1ec3 \u0111\u1ea1t \u0111\u01b0\u1ee3c k\u1ebft qu\u1ea3 tr\u00ean.<\/p>\n<p style=\"text-align: justify;\">C\u1ee5 th\u1ec3 nh\u01b0, s\u1ea3n l\u01b0\u1ee3ng l\u00faa c\u1ea3 n\u0103m \u0111\u1ea1t g\u1ea7n 43,7 tri\u1ec7u t\u1ea5n , t\u0103ng 0,4%; n\u0103ng su\u1ea5t \u0111\u1ea1t 61,4 t\u1ea1\/ha, t\u0103ng 0,3 t\u1ea1\/ha (t\u0103ng 0,5%), \u0111\u00e1p \u1ee9ng \u0111\u1ee7 nhu c\u1ea7u ti\u00eau th\u1ee5 trong n\u01b0\u1edbc, ch\u1ebf bi\u1ebfn, l\u00e0m th\u1ee9c \u0103n ch\u0103n nu\u00f4i v\u00e0 xu\u1ea5t kh\u1ea9u g\u1ea1o kho\u1ea3ng 9 tri\u1ec7u t\u1ea5n.<\/p>\n<figure id=\"attachment_14460\" aria-describedby=\"caption-attachment-14460\" style=\"width: 733px\" class=\"wp-caption aligncenter\"><img loading=\"lazy\" decoding=\"async\" class=\"wp-image-14460\" src=\"https:\/\/hfoods.vn\/wp-content\/uploads\/2024\/12\/antd-sau-rieng-2792-2109.jpg\" alt=\"\" width=\"733\" height=\"479\" srcset=\"https:\/\/hfoods.vn\/wp-content\/uploads\/2024\/12\/antd-sau-rieng-2792-2109.jpg 646w, https:\/\/hfoods.vn\/wp-content\/uploads\/2024\/12\/antd-sau-rieng-2792-2109-600x392.jpg 600w\" sizes=\"auto, (max-width: 733px) 100vw, 733px\" \/><figcaption id=\"caption-attachment-14460\" class=\"wp-caption-text\">Xu\u1ea5t kh\u1ea9u n\u00f4ng s\u1ea3n n\u0103m 2024 \u0111\u1ea1t k\u1ef7 l\u1ee5c 62,5 t\u1ef7 USD.<\/figcaption><\/figure>\n<p style=\"text-align: justify;\">C\u00e2y c\u00f4ng nghi\u1ec7p, c\u00e2y \u0103n qu\u1ea3 ch\u1ee7 l\u1ef1c, nh\u01b0: S\u1ea7u ri\u00eang \u0111\u1ea1t 1,45 tri\u1ec7u t\u1ea5n, t\u0103ng 21,2%; Thanh long \u0111\u1ea1t1,35 tri\u1ec7u t\u1ea5n, t\u0103ng 13,3%; Cao su \u0111\u1ea1t g\u1ea7n 1,37 tri\u1ec7u t\u1ea5n, t\u0103ng 7,5%; C\u00e0 ph\u00ea \u0111\u1ea1t 1,95 tri\u1ec7u t\u1ea5n, gi\u1ea3m 0,3 %; \u0110i\u1ec1u \u0111\u1ea1t 340,1 ngh\u00ecn t\u1ea5n, gi\u1ea3m 2,2%.<\/p>\n<p style=\"text-align: justify;\">Ch\u0103n nu\u00f4i s\u1ea3n l\u01b0\u1ee3ng th\u1ecbt h\u01a1i c\u00e1c lo\u1ea1i \u01b0\u1edbc \u0111\u1ea1t 8,1 tri\u1ec7u t\u1ea5n, t\u0103ng 3,5% so v\u1edbi n\u0103m 2023; trong \u0111\u00f3 th\u1ecbt l\u1ee3n h\u01a1i 5 tri\u1ec7u t\u1ea5n, t\u0103ng 3,7%; th\u1ecbt gia c\u1ea7m h\u01a1i 2,4 tri\u1ec7u t\u1ea5n, t\u0103ng 3,8%;<\/p>\n<p style=\"text-align: justify;\">Th\u1ee7y s\u1ea3n s\u1ea3n xu\u1ea5t th\u1ee7y s\u1ea3n ph\u00e1t tri\u1ec3n \u1ed5n \u0111\u1ecbnh nh\u1edd th\u1eddi ti\u1ebft thu\u1eadn l\u1ee3i cho c\u1ea3 nu\u00f4i tr\u1ed3ng v\u00e0 khai th\u00e1c. T\u1ed5ng s\u1ea3n l\u01b0\u1ee3ng th\u1ee7y s\u1ea3n \u01b0\u1edbc \u0111\u1ea1t 9,6 tri\u1ec7u t\u1ea5n, t\u0103ng 2,4%; trong \u0111\u00f3 khai th\u00e1c 3,86 tri\u1ec7u t\u1ea5n, t\u0103ng 0,6% v\u00e0 nu\u00f4i tr\u1ed3ng 5,75 tri\u1ec7u t\u1ea5n, t\u0103ng 3,7%&#8230;<\/p>\n<p style=\"text-align: justify;\">N\u0103m 2025 ng\u00e0nh n\u00f4ng nghi\u1ec7p \u0111\u1eb7t ch\u1ec9 ti\u00eau t\u1ed1c \u0111\u1ed9 t\u0103ng tr\u01b0\u1edfng GDP t\u1eeb 3,3 &#8211; 3,4%; T\u1ed5ng kim ng\u1ea1ch xu\u1ea5t kh\u1ea9u n\u00f4ng l\u00e2m th\u1ee7y s\u1ea3n 64 &#8211; 65 t\u1ef7 USD.<\/p>\n<p style=\"text-align: justify;\">Ngu\u1ed3n: <a href=\"https:\/\/www.anninhthudo.vn\/xuat-khau-nong-san-dat-ky-luc-moi-mang-ve-625-ty-usd-post599632.antd\">https:\/\/www.anninhthudo.vn\/xuat-khau-nong-san-dat-ky-luc-moi-mang-ve-625-ty-usd-post599632.antd<\/a><\/p>\n","protected":false},"excerpt":{"rendered":"<p>ANTD.VN &#8211; T\u1ed5ng kim ng\u1ea1ch xu\u1ea5t kh\u1ea9u n\u00f4ng l\u00e2m thu\u1ef7 s\u1ea3n n\u0103m 2024 \u0111\u1ea1t m\u1ee9c cao k\u1ef7 l\u1ee5c 62,5 t\u1ef7 USD, t\u0103ng 18,7% so v\u1edbi n\u0103m 2023; xu\u1ea5t si\u00eau ti\u1ebfp t\u1ee5c \u0111\u1ea1t m\u1ee9c k\u1ef7 l\u1ee5c m\u1edbi 17,9 t\u1ef7 USD , t\u0103ng 46,8% . B\u00e1o c\u00e1o v\u1ec1 ho\u1ea1t \u0111\u1ed9ng s\u1ea3n xu\u1ea5t n\u0103m 2024, \u00f4ng Ph\u00f9ng \u0110\u1ee9c&#8230;<\/p>\n","protected":false},"author":8,"featured_media":14460,"parent":0,"menu_order":0,"comment_status":"closed","ping_status":"closed","template":"","meta":{"footnotes":""},"class_list":["post-14466","page","type-page","status-publish","has-post-thumbnail","hentry"],"_links":{"self":[{"href":"https:\/\/hfoods.vn\/vi\/wp-json\/wp\/v2\/pages\/14466","targetHints":{"allow":["GET"]}}],"collection":[{"href":"https:\/\/hfoods.vn\/vi\/wp-json\/wp\/v2\/pages"}],"about":[{"href":"https:\/\/hfoods.vn\/vi\/wp-json\/wp\/v2\/types\/page"}],"author":[{"embeddable":true,"href":"https:\/\/hfoods.vn\/vi\/wp-json\/wp\/v2\/users\/8"}],"replies":[{"embeddable":true,"href":"https:\/\/hfoods.vn\/vi\/wp-json\/wp\/v2\/comments?post=14466"}],"version-history":[{"count":0,"href":"https:\/\/hfoods.vn\/vi\/wp-json\/wp\/v2\/pages\/14466\/revisions"}],"wp:featuredmedia":[{"embeddable":true,"href":"https:\/\/hfoods.vn\/vi\/wp-json\/wp\/v2\/media\/14460"}],"wp:attachment":[{"href":"https:\/\/hfoods.vn\/vi\/wp-json\/wp\/v2\/media?parent=14466"}],"curies":[{"name":"wp","href":"https:\/\/api.w.org\/{rel}","templated":true}]}}