{"id":14553,"date":"2025-01-09T07:00:13","date_gmt":"2025-01-09T07:00:13","guid":{"rendered":"https:\/\/hfoods.vn\/?page_id=14553"},"modified":"2025-01-11T13:44:44","modified_gmt":"2025-01-11T13:44:44","slug":"nong-san-co-tiem-nang-lon-nhat-xuat-khau-sang-ba-lan","status":"publish","type":"page","link":"https:\/\/hfoods.vn\/vi\/nong-san-co-tiem-nang-lon-nhat-xuat-khau-sang-ba-lan\/","title":{"rendered":"N\u00f4ng s\u1ea3n c\u00f3 ti\u1ec1m n\u0103ng l\u1edbn nh\u1ea5t xu\u1ea5t kh\u1ea9u sang Ba Lan"},"content":{"rendered":"<p style=\"text-align: justify;\"><strong>Ba Lan l\u00e0 &#8220;c\u1eeda ng\u00f5&#8221; chi\u1ebfn l\u01b0\u1ee3c gi\u00fap k\u1ebft n\u1ed1i c\u00e1c doanh nghi\u1ec7p Vi\u1ec7t Nam v\u1edbi th\u1ecb tr\u01b0\u1eddng ph\u01b0\u01a1ng T\u00e2y v\u00e0 \u0110\u00f4ng \u00c2u. Vi\u1ec7c ti\u1ebfp c\u1eadn th\u1ecb tr\u01b0\u1eddng Ba Lan kh\u00f4ng ch\u1ec9 mang l\u1ea1i c\u01a1 h\u1ed9i kinh doanh t\u1ea1i qu\u1ed1c gia n\u00e0y m\u00e0 c\u00f2n m\u1edf r\u1ed9ng con \u0111\u01b0\u1eddng \u0111\u1ebfn khu v\u1ef1c EU v\u1edbi h\u01a1n 500 tri\u1ec7u d\u00e2n.<\/strong><\/p>\n<p style=\"text-align: justify;\">Chi\u1ec1u nay (9\/1), trong khu\u00f4n kh\u1ed5\u00a0<a href=\"https:\/\/doanhnhansaigon.vn\/ron-rang-ngay-hoi-giao-thuong-cua-doanh-nghiep-long-an-va-cac-tinh-thanh-dip-xuan-2025-315547.html\" target=\"_blank\" rel=\"nofollow noopener\">ch\u01b0\u01a1ng tr\u00ecnh k\u1ebft n\u1ed1i giao th\u01b0\u01a1ng 9th Monthly B2B l\u1ea7n th\u1ee9 22<\/a>\u00a0t\u1ea1i t\u1ec9nh Long An \u0111\u00e3 di\u1ec5n ra phi\u00ean giao th\u01b0\u01a1ng tr\u1ef1c tuy\u1ebfn, quy t\u1ee5 h\u01a1n 200 doanh nh\u00e2n trong n\u01b0\u1edbc v\u00e0 doanh nh\u00e2n ki\u1ec1u b\u00e0o \u0111ang sinh s\u1ed1ng v\u00e0 l\u00e0m vi\u1ec7c t\u1ea1i Ba Lan.<\/p>\n<p style=\"text-align: justify;\"><b>Th\u1ecb tr\u01b0\u1eddng c\u00f2n nhi\u1ec1u d\u01b0 \u0111\u1ecba ph\u00e1t tri\u1ec3n<\/b><\/p>\n<p style=\"text-align: justify;\">Vi\u1ec7t Nam v\u00e0 Ba Lan t\u1eeb l\u00e2u \u0111\u00e3 duy tr\u00ec m\u1ed1i quan h\u1ec7 kinh t\u1ebf chi\u1ebfn l\u01b0\u1ee3c, n\u01a1i c\u1ea3 hai qu\u1ed1c gia \u0111\u00f3ng vai tr\u00f2 c\u1eeda ng\u00f5 quan tr\u1ecdng cho nhau. Vi\u1ec7t Nam, v\u1edbi v\u1ecb tr\u00ed chi\u1ebfn l\u01b0\u1ee3c t\u1ea1i \u0110\u00f4ng Nam \u00c1 v\u00e0 l\u00e0 trung t\u00e2m s\u1ea3n xu\u1ea5t to\u00e0n c\u1ea7u, l\u00e0 c\u1ea7u n\u1ed1i \u0111\u1ec3 c\u00e1c doanh nghi\u1ec7p (DN) Ba Lan ti\u1ebfp c\u1eadn th\u1ecb tr\u01b0\u1eddng ASEAN v\u1edbi h\u01a1n 650 tri\u1ec7u d\u00e2n. Ng\u01b0\u1ee3c l\u1ea1i, Ba Lan l\u00e0 c\u1eeda ng\u00f5 \u0111\u1ec3 h\u00e0ng h\u00f3a Vi\u1ec7t Nam th\u00e2m nh\u1eadp v\u00e0o th\u1ecb tr\u01b0\u1eddng\u00a0<a href=\"https:\/\/doanhnhansaigon.vn\/hiep-hoi-doanh-nghiep-chau-au-sau-mot-nam-tang-truong-va-dau-tu-chien-luoc-trong-quan-he-kinh-te-viet-duc-314985.html\" target=\"_blank\" rel=\"nofollow noopener\">EU r\u1ed9ng l\u1edbn<\/a>, v\u1edbi g\u1ea7n 500 tri\u1ec7u ng\u01b0\u1eddi ti\u00eau d\u00f9ng v\u00e0 s\u1ee9c mua cao.<\/p>\n<p style=\"text-align: justify;\">Theo \u00f4ng Tr\u1ea7n Tr\u1ecdng H\u00f9ng &#8211; Ch\u1ee7 t\u1ecbch H\u1ed9i Doanh nghi\u1ec7p Vi\u1ec7t Nam t\u1ea1i Ba Lan, s\u1ef1 b\u1ed5 tr\u1ee3 gi\u1eefa hai n\u1ec1n kinh t\u1ebf l\u00e0 minh ch\u1ee9ng cho ti\u1ec1m n\u0103ng h\u1ee3p t\u00e1c l\u00e2u d\u00e0i. Vi\u1ec7t Nam xu\u1ea5t kh\u1ea9u c\u00e1c s\u1ea3n ph\u1ea9m nh\u01b0 d\u1ec7t may, n\u00f4ng s\u1ea3n, th\u1ee7y s\u1ea3n, v\u00e0 th\u1ef1c ph\u1ea9m ch\u1ebf bi\u1ebfn, trong khi Ba Lan cung c\u1ea5p d\u01b0\u1ee3c ph\u1ea9m, c\u00f4ng ngh\u1ec7 v\u00e0 th\u1ef1c ph\u1ea9m ch\u1ebf bi\u1ebfn ch\u1ea5t l\u01b0\u1ee3ng cao.<\/p>\n<p style=\"text-align: justify;\">B\u00ean c\u1ea1nh \u0111\u00f3, Hi\u1ec7p \u0111\u1ecbnh Th\u01b0\u01a1ng m\u1ea1i T\u1ef1 do Vi\u1ec7t Nam &#8211; EU (EVFTA) \u0111\u00e3 t\u1ea1o ra c\u01a1 h\u1ed9i l\u1edbn th\u00fac \u0111\u1ea9y quan h\u1ec7 th\u01b0\u01a1ng m\u1ea1i gi\u1eefa Vi\u1ec7t Nam v\u00e0 EU. EVFTA kh\u00f4ng ch\u1ec9 gi\u1ea3m thi\u1ec3u c\u00e1c r\u00e0o c\u1ea3n thu\u1ebf quan m\u00e0 c\u00f2n gi\u00fap t\u0103ng c\u01b0\u1eddng l\u01b0u th\u00f4ng h\u00e0ng h\u00f3a v\u00e0 \u0111\u1ea7u t\u01b0 song ph\u01b0\u01a1ng.<\/p>\n<figure id=\"attachment_14546\" aria-describedby=\"caption-attachment-14546\" style=\"width: 1920px\" class=\"wp-caption alignnone\"><img loading=\"lazy\" decoding=\"async\" class=\"wp-image-14546 size-full\" src=\"https:\/\/hfoods.vn\/wp-content\/uploads\/2025\/01\/5j0a4272.jpg\" alt=\"\" width=\"1920\" height=\"1280\" \/><figcaption id=\"caption-attachment-14546\" class=\"wp-caption-text\">Ch\u01b0\u01a1ng tr\u00ecnh quy t\u1ee5 h\u01a1n 200 doanh nh\u00e2n trong n\u01b0\u1edbc v\u00e0 doanh nh\u00e2n ki\u1ec1u b\u00e0o \u0111ang sinh s\u1ed1ng v\u00e0 l\u00e0m vi\u1ec7c t\u1ea1i Ba Lan.<\/figcaption><\/figure>\n<p style=\"text-align: justify;\">\u00d4ng Ho\u00e0ng M\u1ea1nh Hu\u00ea &#8211; Ch\u1ee7 t\u1ecbch danh d\u1ef1 Li\u00ean hi\u1ec7p c\u00e1c H\u1ed9i Doanh nh\u00e2n Vi\u1ec7t Nam \u1edf ch\u00e2u \u00c2u cho bi\u1ebft, m\u1ed9t trong nh\u1eefng \u0111i\u1ec3m s\u00e1ng trong quan h\u1ec7 th\u01b0\u01a1ng m\u1ea1i gi\u1eefa hai n\u01b0\u1edbc l\u00e0 khu trung t\u00e2m th\u01b0\u01a1ng m\u1ea1i W\u00f3lka Kosowska. \u0110\u00e2y kh\u00f4ng ch\u1ec9 l\u00e0 trung t\u00e2m giao th\u01b0\u01a1ng l\u1edbn nh\u1ea5t c\u1ee7a ng\u01b0\u1eddi Vi\u1ec7t t\u1ea1i Ba Lan m\u00e0 c\u00f2n l\u00e0 n\u01a1i t\u1eadp trung c\u00e1c ho\u1ea1t \u0111\u1ed9ng kinh doanh \u0111a d\u1ea1ng v\u00e0 hi\u1ec7u qu\u1ea3. V\u1edbi di\u1ec7n t\u00edch h\u01a1n 300.000 m\u00b2, W\u00f3lka Kosowska \u0111\u00e3 tr\u1edf th\u00e0nh c\u01a1 s\u1edf logistics quan tr\u1ecdng, n\u01a1i h\u00e0ng h\u00f3a Vi\u1ec7t Nam kh\u00f4ng ch\u1ec9 ph\u1ee5c v\u1ee5 th\u1ecb tr\u01b0\u1eddng Ba Lan m\u00e0 c\u00f2n m\u1edf r\u1ed9ng ra to\u00e0n b\u1ed9 khu v\u1ef1c EU.<\/p>\n<p style=\"text-align: justify;\">&#8220;\u0110i\u1ec3m \u0111\u1eb7c bi\u1ec7t l\u00e0 vai tr\u00f2 c\u1ee7a c\u1ed9ng \u0111\u1ed3ng ng\u01b0\u1eddi Vi\u1ec7t t\u1ea1i W\u00f3lka Kosowska. H\u1ecd kh\u00f4ng ch\u1ec9 l\u00e0 nh\u1eefng nh\u00e0 kinh doanh n\u0103ng \u0111\u1ed9ng m\u00e0 c\u00f2n \u0111\u00f3ng vai tr\u00f2 quan tr\u1ecdng trong vi\u1ec7c k\u1ebft n\u1ed1i h\u00e0ng h\u00f3a Vi\u1ec7t Nam v\u1edbi ng\u01b0\u1eddi ti\u00eau d\u00f9ng ch\u00e2u \u00c2u&#8221;, \u00f4ng Hu\u00ea n\u00f3i.<\/p>\n<p style=\"text-align: justify;\">Tuy nhi\u00ean, theo \u00f4ng Hu\u00ea, l\u1ee3i th\u1ebf l\u00e0 v\u1eady nh\u01b0ng d\u01b0 \u0111\u1ecba \u0111\u1ec3 h\u1ee3p t\u00e1c c\u00f2n r\u1ea5t nhi\u1ec1u, ch\u01b0a \u0111\u01b0\u1ee3c t\u1eadn d\u1ee5ng tri\u1ec7t \u0111\u1ec3. \u0110\u01a1n c\u1eed, t\u1ea1i W\u00f3lka Kosowska, 80 &#8211; 85% ng\u01b0\u1eddi Vi\u1ec7t ch\u01b0a b\u00e1n h\u00e0ng Vi\u1ec7t \u1edf ch\u00ednh trung t\u00e2m c\u1ee7a ng\u01b0\u1eddi Vi\u1ec7t m\u00e0 l\u00e0 nh\u1eadp h\u00e0ng c\u1ee7a c\u00e1c qu\u1ed1c gia kh\u00e1c. &#8220;\u0110\u00e2y l\u00e0 m\u1ed9t \u0111i\u1ec1u \u0111\u00e1ng suy ngh\u0129&#8230;&#8221;, \u00f4ng Hu\u00ea chia s\u1ebb.<\/p>\n<figure id=\"attachment_14544\" aria-describedby=\"caption-attachment-14544\" style=\"width: 1920px\" class=\"wp-caption alignnone\"><img loading=\"lazy\" decoding=\"async\" class=\"wp-image-14544 size-full\" src=\"https:\/\/hfoods.vn\/wp-content\/uploads\/2025\/01\/5j0a4333.jpg\" alt=\"\" width=\"1920\" height=\"1280\" \/><figcaption id=\"caption-attachment-14544\" class=\"wp-caption-text\">Tham t\u00e1n Th\u01b0\u01a1ng m\u1ea1i Th\u01b0\u01a1ng v\u1ee5 Vi\u1ec7t Nam t\u1ea1i Ba Lan Nguy\u1ec5n S\u01a1n, cho r\u1eb1ng, v\u1edbi nhi\u1ec1u l\u1ee3i th\u1ebf h\u1ee3p t\u00e1c nh\u01b0ng th\u1ecb tr\u01b0\u1eddng Ba Lan v\u1eabn c\u00f2n r\u1ea5t nhi\u1ec1u ti\u1ec1m n\u0103ng ch\u01b0a \u0111\u01b0\u1ee3c khai th\u00e1c.<\/figcaption><\/figure>\n<p style=\"text-align: justify;\">C\u00f9ng quan \u0111i\u1ec3m, Tham t\u00e1n Th\u01b0\u01a1ng m\u1ea1i Th\u01b0\u01a1ng v\u1ee5 Vi\u1ec7t Nam t\u1ea1i Ba Lan Nguy\u1ec5n S\u01a1n, cho r\u1eb1ng, v\u1edbi nhi\u1ec1u l\u1ee3i th\u1ebf h\u1ee3p t\u00e1c nh\u01b0ng th\u1ecb tr\u01b0\u1eddng Ba Lan v\u1eabn c\u00f2n r\u1ea5t nhi\u1ec1u ti\u1ec1m n\u0103ng ch\u01b0a \u0111\u01b0\u1ee3c khai th\u00e1c. M\u1ed9t s\u1ed1 DN t\u1ea1i Vi\u1ec7t Nam c\u00f3 th\u1ec3 ch\u01b0a ti\u1ebfp c\u1eadn th\u1ecb tr\u01b0\u1eddng n\u00e0y do kho\u1ea3ng c\u00e1ch \u0111\u1ecba l\u00fd ho\u1eb7c nh\u1eefng bi\u1ebfn \u0111\u1ed9ng ch\u00ednh tr\u1ecb t\u1ea1i c\u00e1c khu v\u1ef1c l\u00e2n c\u1eadn trong th\u1eddi gian v\u1eeba qua.<\/p>\n<p style=\"text-align: justify;\">&#8220;Nh\u01b0ng d\u1ef1 b\u00e1o trong th\u1eddi gian t\u1edbi, c\u01a1 h\u1ed9i s\u1ebd m\u1edf r\u1ed9ng h\u01a1n, \u0111\u1eb7c bi\u1ec7t khi nh\u1eefng b\u1ea5t \u1ed5n ch\u00ednh tr\u1ecb \u1edf c\u00e1c khu v\u1ef1c l\u00e2n c\u1eadn \u0111\u01b0\u1ee3c gi\u1ea3i quy\u1ebft, h\u1ee9a h\u1eb9n s\u1ebd mang l\u1ea1i nh\u1eefng bi\u1ebfn \u0111\u1ed9ng l\u1edbn, mang t\u00ednh c\u01a1 h\u1ed9i trong ho\u1ea1t \u0111\u1ed9ng th\u01b0\u01a1ng m\u1ea1i t\u1ea1i Ba Lan&#8221;, \u00f4ng Nguy\u1ec5n S\u01a1n n\u00f3i.<\/p>\n<p style=\"text-align: justify;\"><b>H\u01b0\u1edbng \u0111i cho doanh nghi\u1ec7p Vi\u1ec7t<\/b><\/p>\n<p style=\"text-align: justify;\">\u00d4ng Ho\u00e0ng M\u1ea1nh Hu\u00ea cho r\u1eb1ng, \u0111\u1ec3 th\u00e2m nh\u1eadp th\u1ecb tr\u01b0\u1eddng Ba Lan, DN c\u1ea7n nghi\u00ean c\u1ee9u k\u1ef9 l\u01b0\u1ee1ng xem s\u1ea3n ph\u1ea9m c\u1ee7a m\u00ecnh c\u00f3 \u0111\u00e1p \u1ee9ng \u0111\u01b0\u1ee3c th\u1ecb hi\u1ebfu v\u00e0 nhu c\u1ea7u t\u1ea1i \u0111\u00e2y hay kh\u00f4ng, c\u1ea7n hi\u1ec3u r\u00f5 nhu c\u1ea7u, th\u00f3i quen ti\u00eau d\u00f9ng v\u00e0 c\u00e1c xu h\u01b0\u1edbng n\u1ed5i b\u1eadt t\u1ea1i Ba Lan. Ch\u00ednh s\u1ef1 ph\u00f9 h\u1ee3p n\u00e0y s\u1ebd t\u1ea1o n\u00ean l\u1ee3i th\u1ebf c\u1ea1nh tranh quan tr\u1ecdng.<\/p>\n<p style=\"text-align: justify;\">Theo \u00f4ng Nguy\u1ec5n S\u01a1n, v\u1edbi m\u1ed9t th\u1ecb tr\u01b0\u1eddng c\u00f3 nhi\u1ec1u ti\u00eau chu\u1ea9n kh\u1eaft khe nh\u01b0 EU n\u00f3i chung, Ba Lan n\u00f3i ri\u00eang, ch\u1ea5t l\u01b0\u1ee3ng s\u1ea3n ph\u1ea9m l\u00e0 y\u1ebfu t\u1ed1 quy\u1ebft \u0111\u1ecbnh s\u1ef1 th\u00e0nh c\u00f4ng. C\u00e1c ch\u1ee9ng nh\u1eadn ki\u1ec3m \u0111\u1ecbnh v\u1ec1 an to\u00e0n th\u1ef1c ph\u1ea9m, b\u1ea3o v\u1ec7 m\u00f4i tr\u01b0\u1eddng\u2026 c\u1ea7n \u0111\u01b0\u1ee3c ch\u00fa tr\u1ecdng.<\/p>\n<p style=\"text-align: justify;\">Chung quan \u0111i\u1ec3m, \u00f4ng Ho\u00e0ng Xu\u00e2n B\u00ecnh &#8211; Tr\u01b0\u1edfng ban t\u01b0 v\u1ea5n Li\u00ean hi\u1ec7p c\u00e1c H\u1ed9i Doanh nh\u00e2n Vi\u1ec7t Nam \u1edf ch\u00e2u \u00c2u cho r\u1eb1ng, n\u00f4ng s\u1ea3n l\u00e0 m\u1ed9t trong nh\u1eefng m\u1eb7t h\u00e0ng c\u00f3 ti\u1ec1m n\u0103ng l\u1edbn nh\u1ea5t khi xu\u1ea5t kh\u1ea9u sang Ba Lan. Tuy nhi\u00ean, n\u00f4ng s\u1ea3n Vi\u1ec7t Nam, c\u1ee5 th\u1ec3 l\u00e0 c\u1ee7a c\u00e1c t\u1ec9nh v\u00f9ng \u0110\u1ed3ng b\u1eb1ng s\u00f4ng C\u1eedu Long v\u1eabn c\u00f2n nhi\u1ec1u h\u1ea1n ch\u1ebf trong kh\u00e2u thu ho\u1ea1ch v\u00e0 x\u1eed l\u00fd sau thu ho\u1ea1ch, ch\u01b0a \u0111\u01b0\u1ee3c th\u1ef1c hi\u1ec7n tri\u1ec7t \u0111\u1ec3, d\u1eabn \u0111\u1ebfn vi\u1ec7c s\u01a1 ch\u1ebf v\u00e0 b\u1ea3o qu\u1ea3n ch\u01b0a \u0111\u1ea1t ch\u1ea5t l\u01b0\u1ee3ng cao.<\/p>\n<p style=\"text-align: justify;\">&#8220;Ch\u01b0a k\u1ec3, s\u1ea3n ph\u1ea9m Vi\u1ec7t Nam c\u00f2n thi\u1ebfu c\u00e1c th\u01b0\u01a1ng hi\u1ec7u ri\u00eang, ph\u1ea7n l\u1edbn v\u1eabn d\u1eebng l\u1ea1i \u1edf gia c\u00f4ng v\u00e0 xu\u1ea5t kh\u1ea9u th\u00f4, ch\u01b0a t\u1ea1o \u0111\u01b0\u1ee3c d\u1ea5u \u1ea5n m\u1ea1nh m\u1ebd tr\u00ean th\u1ecb tr\u01b0\u1eddng qu\u1ed1c t\u1ebf. \u0110\u00e2y l\u00e0 \u0111i\u1ec1u c\u1ea7n ph\u1ea3i c\u1ea5p b\u00e1ch c\u1ea3i thi\u1ec7n trong th\u1eddi gian t\u1edbi&#8221;, \u00f4ng B\u00ecnh n\u00f3i.<\/p>\n<figure id=\"attachment_14542\" aria-describedby=\"caption-attachment-14542\" style=\"width: 1920px\" class=\"wp-caption alignnone\"><img loading=\"lazy\" decoding=\"async\" class=\"wp-image-14542 size-full\" src=\"https:\/\/hfoods.vn\/wp-content\/uploads\/2025\/01\/5j0a4318.jpg\" alt=\"\" width=\"1920\" height=\"1280\" \/><figcaption id=\"caption-attachment-14542\" class=\"wp-caption-text\">Phi\u00ean k\u1ebft n\u1ed1i tr\u1ef1c tuy\u1ebfn trong khu\u00f4n kh\u1ed5 Ch\u01b0\u01a1ng tr\u00ecnh 9th Monthly B2B l\u1ea7n th\u1ee9 22 t\u1ea1i Long An.<\/figcaption><\/figure>\n<p style=\"text-align: justify;\">DN c\u0169ng c\u1ea7n x\u00e1c \u0111\u1ecbnh c\u00e1c k\u00eanh ph\u00e2n ph\u1ed1i ph\u00f9 h\u1ee3p v\u1edbi s\u1ea3n ph\u1ea9m c\u1ee7a m\u00ecnh. Ngo\u00e0i c\u00e1c k\u00eanh ph\u00e2n ph\u1ed1i truy\u1ec1n th\u1ed1ng v\u1eabn c\u00f2n nhi\u1ec1u d\u01b0 \u0111\u1ecba nh\u01b0 ch\u1ee3 truy\u1ec1n th\u1ed1ng, c\u00e1c si\u00eau th\u1ecb ch\u00e2u \u00c1&#8230;, c\u00e1c n\u1ec1n t\u1ea3ng tr\u1ef1c tuy\u1ebfn nh\u01b0 Allegro, Amazon v\u00e0 c\u00e1c s\u00e0n th\u01b0\u01a1ng m\u1ea1i \u0111i\u1ec7n t\u1eed \u0111\u1ed9c l\u1eadp c\u0169ng \u0111ang n\u1ed5i l\u00ean nh\u01b0 m\u1ed9t k\u00eanh ph\u00e2n ph\u1ed1i \u0111\u1ea7y ti\u1ec1m n\u0103ng. Tuy nhi\u00ean, \u0111\u1ec3 ti\u1ebfp c\u1eadn, DN c\u1ea7n th\u00edch \u1ee9ng v\u1edbi c\u00f4ng ngh\u1ec7 hi\u1ec7n \u0111\u1ea1i, t\u0103ng c\u01b0\u1eddng \u1ee9ng d\u1ee5ng c\u00e1c n\u1ec1n t\u1ea3ng thanh to\u00e1n \u0111i\u1ec7n t\u1eed xuy\u00ean bi\u00ean gi\u1edbi \u0111\u1ec3 ph\u00f9 h\u1ee3p v\u1edbi nhu c\u1ea7u c\u1ee7a c\u00e1c \u0111\u1ed1i t\u00e1c.<\/p>\n<figure id=\"attachment_14540\" aria-describedby=\"caption-attachment-14540\" style=\"width: 1920px\" class=\"wp-caption alignnone\"><img loading=\"lazy\" decoding=\"async\" class=\"wp-image-14540 size-full\" src=\"https:\/\/hfoods.vn\/wp-content\/uploads\/2025\/01\/5j0a4361.jpg\" alt=\"\" width=\"1920\" height=\"1280\" \/><figcaption id=\"caption-attachment-14540\" class=\"wp-caption-text\">\u00d4ng Tr\u1ea7n Tr\u1ecdng H\u00f9ng cho r\u1eb1ng, c\u1ea7n th\u00fac \u0111\u1ea9y c\u00e1c ho\u1ea1t \u0111\u1ed9ng k\u1ebft n\u1ed1i giao th\u01b0\u01a1ng thi\u1ebft th\u1ef1c v\u00e0 hi\u1ec7u qu\u1ea3, t\u1eadp trung khai th\u00e1c ti\u1ec1m n\u0103ng c\u1ee7a nh\u00f3m \u0111\u1ed1i t\u01b0\u1ee3ng ng\u01b0\u1eddi Vi\u1ec7t tr\u1ebb t\u1ea1i Ba Lan.<\/figcaption><\/figure>\n<p style=\"text-align: justify;\">Ngo\u00e0i ra, \u00f4ng Tr\u1ea7n Tr\u1ecdng H\u00f9ng cho r\u1eb1ng th\u1ebf h\u1ec7 tr\u1ebb ng\u01b0\u1eddi Vi\u1ec7t t\u1ea1i Ba Lan, v\u1edbi n\u1ec1n t\u1ea3ng h\u1ecdc v\u1ea5n v\u1eefng ch\u1eafc, s\u1ef1 am hi\u1ec3u ng\u00f4n ng\u1eef v\u00e0 v\u0103n h\u00f3a b\u1ea3n \u0111\u1ecba, s\u1ebd l\u00e0 l\u1ef1c l\u01b0\u1ee3ng then ch\u1ed1t trong vi\u1ec7c \u0111\u1ed5i m\u1edbi m\u00f4 h\u00ecnh kinh doanh. H\u1ecd c\u00f3 th\u1ec3 \u0111\u00f3ng\u00a0<a href=\"https:\/\/doanhnhansaigon.vn\/chuong-trinh-9th-monthly-b2b-se-to-chuc-lan-dau-tien-tai-long-an-voi-nhieu-diem-moi-315466.html\" target=\"_blank\" rel=\"nofollow noopener\">vai tr\u00f2 c\u1ea7u n\u1ed1i<\/a>\u00a0quan tr\u1ecdng gi\u1eefa DN Vi\u1ec7t Nam v\u00e0 th\u1ecb tr\u01b0\u1eddng Ba Lan, t\u1eeb kh\u00e2u ph\u00e1t tri\u1ec3n s\u1ea3n ph\u1ea9m \u0111\u1ebfn x\u00e2y d\u1ef1ng th\u01b0\u01a1ng hi\u1ec7u. Do \u0111\u00f3, vi\u1ec7c th\u00fac \u0111\u1ea9y c\u00e1c ho\u1ea1t \u0111\u1ed9ng k\u1ebft n\u1ed1i giao th\u01b0\u01a1ng thi\u1ebft th\u1ef1c v\u00e0 hi\u1ec7u qu\u1ea3, t\u1eadp trung khai th\u00e1c ti\u1ec1m n\u0103ng c\u1ee7a nh\u00f3m \u0111\u1ed1i t\u01b0\u1ee3ng n\u00e0y, l\u00e0 \u0111i\u1ec1u c\u1ea7n \u01b0u ti\u00ean trong th\u1eddi gian t\u1edbi.<\/p>\n<p style=\"text-align: justify;\"><b>\u00d4ng Hu\u1ef3nh V\u0103n S\u01a1n &#8211; Ph\u00f3 Ch\u1ee7 t\u1ecbch UBND t\u1ec9nh Long An<\/b>V\u1edbi t\u1ed1c \u0111\u1ed9 t\u0103ng tr\u01b0\u1edfng GRDP \u0111\u1ea1t 8,3%, \u0111\u1ee9ng th\u1ee9 3 v\u00f9ng \u0110\u1ed3ng b\u1eb1ng s\u00f4ng C\u1eedu Long, Long An \u0111\u00e3 ch\u1ee9ng minh s\u1ee9c m\u1ea1nh kinh t\u1ebf c\u1ee7a m\u00ecnh, \u0111\u1eb7c bi\u1ec7t trong l\u0129nh v\u1ef1c n\u00f4ng s\u1ea3n v\u1edbi s\u1ea3n l\u01b0\u1ee3ng l\u00faa \u0111\u1ea1t 3 tri\u1ec7u t\u1ea5n, trong \u0111\u00f3 72% l\u00e0 l\u00faa ch\u1ea5t l\u01b0\u1ee3ng cao; c\u00f9ng v\u1edbi c\u00e1c lo\u1ea1i n\u00f4ng s\u1ea3n \u0111a d\u1ea1ng kh\u00e1c.Trong b\u1ed1i c\u1ea3nh th\u1ebf gi\u1edbi \u0111ang thay \u0111\u1ed5i, s\u1ef1 chuy\u1ec3n d\u1ecbch d\u00f2ng v\u1ed1n \u0111\u1ea7u t\u01b0 c\u00f9ng v\u1edbi y\u00eau c\u1ea7u ph\u00e1t tri\u1ec3n xanh v\u00e0 b\u1ec1n v\u1eefng m\u1edf ra c\u01a1 h\u1ed9i l\u1edbn cho c\u00e1c DN t\u1ea1i Long An, \u0111\u1eb7c bi\u1ec7t trong vi\u1ec7c k\u1ebft n\u1ed1i v\u1edbi th\u1ecb tr\u01b0\u1eddng qu\u1ed1c t\u1ebf nh\u01b0 Ba Lan. Ch\u01b0\u01a1ng tr\u00ecnh 9th Monthly B2B h\u00f4m nay \u0111\u00e1nh d\u1ea5u b\u01b0\u1edbc ti\u1ebfn quan tr\u1ecdng trong chi\u1ebfn l\u01b0\u1ee3c k\u1ebft n\u1ed1i to\u00e0n c\u1ea7u, gi\u00fap DN Long An ti\u1ebfp c\u1eadn g\u1ea7n h\u01a1n v\u1edbi th\u1ecb tr\u01b0\u1eddng Ba Lan, khai th\u00e1c ti\u1ec1m n\u0103ng h\u1ee3p t\u00e1c kh\u00f4ng ch\u1ec9 trong s\u1ea3n ph\u1ea9m n\u00f4ng s\u1ea3n v\u00e0 c\u00e1c l\u0129nh v\u1ef1c kh\u00e1c.<\/p>\n<figure id=\"attachment_14538\" aria-describedby=\"caption-attachment-14538\" style=\"width: 1248px\" class=\"wp-caption alignnone\"><img loading=\"lazy\" decoding=\"async\" class=\"wp-image-14538 size-full\" src=\"https:\/\/hfoods.vn\/wp-content\/uploads\/2025\/01\/anh-man-hinh-2025-01-09-luc-16.08.42.png\" alt=\"\" width=\"1248\" height=\"1190\" \/><figcaption id=\"caption-attachment-14538\" class=\"wp-caption-text\">Ph\u00f3 Ch\u1ee7 t\u1ecbch UBND t\u1ec9nh Long An Hu\u1ef3nh V\u0103n S\u01a1n.<\/figcaption><\/figure>\n<p style=\"text-align: justify;\"><b>\u00d4ng Peter H\u1ed3ng &#8211; Ch\u1ee7 t\u1ecbch Hi\u1ec7p h\u1ed9i Doanh nh\u00e2n Vi\u1ec7t Nam \u1edf n\u01b0\u1edbc ngo\u00e0i:<\/b>Long An kh\u00f4ng ch\u1ec9 l\u00e0 c\u1eeda ng\u00f5 chi\u1ebfn l\u01b0\u1ee3c k\u1ebft n\u1ed1i TP.HCM v\u1edbi \u0110\u1ed3ng b\u1eb1ng s\u00f4ng C\u1eedu Long, m\u00e0 c\u00f2n l\u00e0 \u0111\u1ecba ph\u01b0\u01a1ng s\u1edf h\u1eefu ti\u1ec1m n\u0103ng v\u01b0\u1ee3t tr\u1ed9i \u0111\u1ec3 v\u01b0\u01a1n xa ra th\u1ecb tr\u01b0\u1eddng qu\u1ed1c t\u1ebf. V\u1ecb tr\u00ed \u0111\u1ecba l\u00fd \u0111\u1eafc \u0111\u1ecba gi\u00fap Long An tr\u1edf th\u00e0nh trung t\u00e2m giao th\u01b0\u01a1ng quan tr\u1ecdng, t\u1ea1o \u0111\u1ed9ng l\u1ef1c m\u1ea1nh m\u1ebd cho s\u1ef1 ph\u00e1t tri\u1ec3n kinh t\u1ebf c\u1ee7a c\u1ea3 khu v\u1ef1c.Trong th\u1eddi gian t\u1edbi, Long An c\u1ea7n ch\u1ee7 \u0111\u1ed9ng th\u00fac \u0111\u1ea9y h\u1ee3p t\u00e1c gi\u1eefa c\u00e1c DN \u0111\u1ecba ph\u01b0\u01a1ng v\u00e0 c\u00e1c v\u00f9ng l\u00e2n c\u1eadn, \u0111\u1ed3ng th\u1eddi m\u1edf r\u1ed9ng k\u1ebft n\u1ed1i v\u1edbi th\u1ecb tr\u01b0\u1eddng qu\u1ed1c t\u1ebf. \u0110\u1ecba ph\u01b0\u01a1ng kh\u00f4ng n\u00ean ch\u1ec9 d\u1eebng l\u1ea1i \u1edf kh\u00e2u s\u1ea3n xu\u1ea5t, m\u00e0 c\u1ea7n x\u00e2y d\u1ef1ng chi\u1ebfn l\u01b0\u1ee3c r\u00f5 r\u00e0ng \u0111\u1ec3 ph\u00e1t tri\u1ec3n th\u01b0\u01a1ng hi\u1ec7u ri\u00eang. \u0110\u00e2y l\u00e0 b\u01b0\u1edbc \u0111i c\u1ea7n thi\u1ebft \u0111\u1ec3 th\u00e2m nh\u1eadp s\u00e2u h\u01a1n v\u00e0o c\u00e1c th\u1ecb tr\u01b0\u1eddng ti\u1ec1m n\u0103ng, \u0111\u1ed3ng th\u1eddi n\u00e2ng cao gi\u00e1 tr\u1ecb v\u00e0 v\u1ecb th\u1ebf c\u1ee7a th\u01b0\u01a1ng hi\u1ec7u Vi\u1ec7t tr\u00ean tr\u01b0\u1eddng qu\u1ed1c t\u1ebf.\u0110\u1ec3 hi\u1ec7n th\u1ef1c h\u00f3a m\u1ee5c ti\u00eau n\u00e0y, s\u1ef1 \u0111o\u00e0n k\u1ebft gi\u1eefa c\u00e1c b\u00ean li\u00ean quan, t\u1eeb ch\u00ednh quy\u1ec1n, DN, th\u00f4ng qua c\u00e1c Hi\u1ec7p h\u1ed9i, h\u1ed9i, c\u00e2u l\u1ea1c b\u1ed9&#8230; s\u1ebd l\u00e0 y\u1ebfu t\u1ed1 then ch\u1ed1t.<\/p>\n<figure id=\"attachment_14548\" aria-describedby=\"caption-attachment-14548\" style=\"width: 736px\" class=\"wp-caption aligncenter\"><img loading=\"lazy\" decoding=\"async\" class=\"wp-image-14548\" src=\"https:\/\/hfoods.vn\/wp-content\/uploads\/2025\/01\/anh-man-hinh-2025-01-09-luc-16.32.30.png\" alt=\"\" width=\"736\" height=\"959\" \/><figcaption id=\"caption-attachment-14548\" class=\"wp-caption-text\">\u00d4ng Peter H\u1ed3ng.<\/figcaption><\/figure>\n<p style=\"text-align: justify;\"><b>T\u1ea1p ch\u00ed\u00a0<i>Doanh Nh\u00e2n S\u00e0i G\u00f2n<\/i>\u00a0k\u00fd k\u1ebft MoU v\u1edbi H\u1ed9i Doanh nh\u00e2n Tr\u1ebb 3 t\u1ec9nh th\u00e0nh:<\/b>Nh\u1eb1m t\u0103ng c\u01b0\u1eddng h\u1ee3p t\u00e1c truy\u1ec1n th\u00f4ng, k\u1ebft n\u1ed1i kinh doanh v\u00e0 x\u00fac ti\u1ebfn th\u01b0\u01a1ng m\u1ea1i, th\u00fac \u0111\u1ea9y xu\u1ea5t kh\u1ea9u cho DN c\u00e1c t\u1ec9nh th\u00e0nh, T\u1ea1p ch\u00ed\u00a0<i>Doanh Nh\u00e2n S\u00e0i G\u00f2n<\/i>\u00a0k\u00fd k\u1ebft th\u1ecfa thu\u1eadn h\u1ee3p t\u00e1c tham gia ch\u01b0\u01a1ng tr\u00ecnh 9th Monthly B2B v\u1edbi c\u00e1c H\u1ed9i Doanh nh\u00e2n Tr\u1ebb 3 t\u1ec9nh: V\u0129nh Long, B\u00ecnh D\u01b0\u01a1ng, C\u00e0 Mau.<\/p>\n<figure id=\"attachment_14536\" aria-describedby=\"caption-attachment-14536\" style=\"width: 1920px\" class=\"wp-caption alignnone\"><img loading=\"lazy\" decoding=\"async\" class=\"wp-image-14536 size-full\" src=\"https:\/\/hfoods.vn\/wp-content\/uploads\/2025\/01\/5j0a4478.jpg\" alt=\"\" width=\"1920\" height=\"1280\" \/><figcaption id=\"caption-attachment-14536\" class=\"wp-caption-text\">K\u00fd k\u1ebft MoU v\u1edbi H\u1ed9i Doanh nh\u00e2n Tr\u1ebb C\u00e0 Mau.<\/figcaption><\/figure>\n<figure id=\"attachment_14534\" aria-describedby=\"caption-attachment-14534\" style=\"width: 1920px\" class=\"wp-caption alignnone\"><img loading=\"lazy\" decoding=\"async\" class=\"wp-image-14534 size-full\" src=\"https:\/\/hfoods.vn\/wp-content\/uploads\/2025\/01\/5j0a4471.jpg\" alt=\"\" width=\"1920\" height=\"1280\" \/><figcaption id=\"caption-attachment-14534\" class=\"wp-caption-text\">K\u00fd k\u1ebft MoU v\u1edbi H\u1ed9i Doanh nh\u00e2n Tr\u1ebb B\u00ecnh D\u01b0\u01a1ng.<\/figcaption><\/figure>\n<figure id=\"attachment_14532\" aria-describedby=\"caption-attachment-14532\" style=\"width: 1920px\" class=\"wp-caption alignnone\"><img loading=\"lazy\" decoding=\"async\" class=\"wp-image-14532 size-full\" src=\"https:\/\/hfoods.vn\/wp-content\/uploads\/2025\/01\/5j0a4456.jpg\" alt=\"\" width=\"1920\" height=\"1280\" \/><figcaption id=\"caption-attachment-14532\" class=\"wp-caption-text\">K\u00fd k\u1ebft MoU v\u1edbi H\u1ed9i Doanh nh\u00e2n Tr\u1ebb V\u0129nh Long.<\/figcaption><\/figure>\n<p style=\"text-align: justify;\">Ngu\u1ed3n: <a href=\"https:\/\/doanhnhansaigon.vn\/nong-san-co-tiem-nang-lon-nhat-xuat-khau-sang-ba-lan-315555.html\">https:\/\/doanhnhansaigon.vn\/nong-san-co-tiem-nang-lon-nhat-xuat-khau-sang-ba-lan-315555.html<\/a><\/p>\n","protected":false},"excerpt":{"rendered":"<p>Ba Lan l\u00e0 &#8220;c\u1eeda ng\u00f5&#8221; chi\u1ebfn l\u01b0\u1ee3c gi\u00fap k\u1ebft n\u1ed1i c\u00e1c doanh nghi\u1ec7p Vi\u1ec7t Nam v\u1edbi th\u1ecb tr\u01b0\u1eddng ph\u01b0\u01a1ng T\u00e2y v\u00e0 \u0110\u00f4ng \u00c2u. Vi\u1ec7c ti\u1ebfp c\u1eadn th\u1ecb tr\u01b0\u1eddng Ba Lan kh\u00f4ng ch\u1ec9 mang l\u1ea1i c\u01a1 h\u1ed9i kinh doanh t\u1ea1i qu\u1ed1c gia n\u00e0y m\u00e0 c\u00f2n m\u1edf r\u1ed9ng con \u0111\u01b0\u1eddng \u0111\u1ebfn khu v\u1ef1c EU v\u1edbi h\u01a1n 500&#8230;<\/p>\n","protected":false},"author":8,"featured_media":14532,"parent":0,"menu_order":0,"comment_status":"closed","ping_status":"closed","template":"","meta":{"footnotes":""},"class_list":["post-14553","page","type-page","status-publish","has-post-thumbnail","hentry"],"_links":{"self":[{"href":"https:\/\/hfoods.vn\/vi\/wp-json\/wp\/v2\/pages\/14553","targetHints":{"allow":["GET"]}}],"collection":[{"href":"https:\/\/hfoods.vn\/vi\/wp-json\/wp\/v2\/pages"}],"about":[{"href":"https:\/\/hfoods.vn\/vi\/wp-json\/wp\/v2\/types\/page"}],"author":[{"embeddable":true,"href":"https:\/\/hfoods.vn\/vi\/wp-json\/wp\/v2\/users\/8"}],"replies":[{"embeddable":true,"href":"https:\/\/hfoods.vn\/vi\/wp-json\/wp\/v2\/comments?post=14553"}],"version-history":[{"count":0,"href":"https:\/\/hfoods.vn\/vi\/wp-json\/wp\/v2\/pages\/14553\/revisions"}],"wp:featuredmedia":[{"embeddable":true,"href":"https:\/\/hfoods.vn\/vi\/wp-json\/wp\/v2\/media\/14532"}],"wp:attachment":[{"href":"https:\/\/hfoods.vn\/vi\/wp-json\/wp\/v2\/media?parent=14553"}],"curies":[{"name":"wp","href":"https:\/\/api.w.org\/{rel}","templated":true}]}}