{"id":14708,"date":"2025-02-15T07:00:30","date_gmt":"2025-02-15T07:00:30","guid":{"rendered":"https:\/\/hfoods.vn\/?page_id=14708"},"modified":"2025-02-16T07:44:55","modified_gmt":"2025-02-16T07:44:55","slug":"xuc-tien-xuat-khau-rau-qua-viet-vao-thi-truong-eu","status":"publish","type":"page","link":"https:\/\/hfoods.vn\/vi\/xuc-tien-xuat-khau-rau-qua-viet-vao-thi-truong-eu\/","title":{"rendered":"X\u00fac ti\u1ebfn xu\u1ea5t kh\u1ea9u rau, qu\u1ea3 Vi\u1ec7t v\u00e0o th\u1ecb tr\u01b0\u1eddng EU"},"content":{"rendered":"<p style=\"text-align: justify;\"><strong>Th\u00e0nh c\u00f4ng c\u1ee7a c\u00e1c ho\u1ea1t \u0111\u1ed9ng x\u00fac ti\u1ebfn th\u01b0\u01a1ng m\u1ea1i s\u1ebd th\u00fac \u0111\u1ea9y c\u01a1 h\u1ed9i ti\u1ebfp c\u1eadn th\u1ecb tr\u01b0\u1eddng EU cho n\u00f4ng s\u1ea3n, rau, qu\u1ea3 Vi\u1ec7t Nam.<\/strong><\/p>\n<p style=\"text-align: justify;\"><b>Nhi\u1ec1u tri\u1ec3n v\u1ecdng cho rau, qu\u1ea3 Vi\u1ec7t<\/b><\/p>\n<p style=\"text-align: justify;\">Nh\u1eefng n\u0103m g\u1ea7n \u0111\u00e2y, Vi\u1ec7t Nam \u0111ang n\u1ed5i l\u00ean nh\u01b0 m\u1ed9t qu\u1ed1c gia c\u00f3 ti\u1ec1m n\u0103ng l\u1edbn trong l\u0129nh v\u1ef1c s\u1ea3n xu\u1ea5t v\u00e0\u00a0<a class=\"__MB_LINK_IN_ARTICLE\" title=\"Xem th\u00eam tin v\u1ec1 xu\u1ea5t kh\u1ea9u n\u00f4ng s\u1ea3n\" href=\"https:\/\/congthuong.vn\/chu-de\/xuat-khau-trai-cay.topic\">xu\u1ea5t kh\u1ea9u\u00a0<\/a>n\u00f4ng s\u1ea3n, rau, qu\u1ea3 nh\u1edd v\u00e0o c\u00e1c \u0111i\u1ec1u ki\u1ec7n thu\u1eadn l\u1ee3i v\u1ec1 kh\u00ed h\u1eadu v\u00e0 th\u1ed5 nh\u01b0\u1ee1ng. Trong \u0111\u00f3, c\u00e1c \u0111\u1ecba ph\u01b0\u01a1ng tr\u00ean c\u1ea3 n\u01b0\u1edbc \u0111\u00e3 m\u1edf r\u1ed9ng di\u1ec7n t\u00edch tr\u1ed3ng tr\u1ecdt gi\u00fap Vi\u1ec7t Nam tr\u1edf th\u00e0nh m\u1ed9t trong nh\u1eefng qu\u1ed1c gia c\u00f3 s\u1ea3n l\u01b0\u1ee3ng rau, qu\u1ea3 l\u1edbn nh\u1ea5t khu v\u1ef1c ASEAN v\u1edbi s\u1ea3n l\u01b0\u1ee3ng \u0111\u1ea1t kho\u1ea3ng tr\u00ean 30 tri\u1ec7u t\u1ea5n m\u1ed7i n\u0103m. \u0110i\u1ec1u n\u00e0y kh\u00f4ng ch\u1ec9 \u0111\u00e1p \u1ee9ng nhu c\u1ea7u ti\u00eau d\u00f9ng trong n\u01b0\u1edbc m\u00e0 c\u00f2n t\u1ea1o ra m\u1ed9t ngu\u1ed3n cung \u0111\u00e1ng k\u1ec3 cho th\u1ecb tr\u01b0\u1eddng xu\u1ea5t kh\u1ea9u.<\/p>\n<p style=\"text-align: justify;\">Th\u00f4ng tin v\u1ec1 nh\u1eefng c\u01a1 h\u1ed9i cho n\u00f4ng s\u1ea3n, rau c\u1ee7 Vi\u1ec7t Nam \u1edf th\u1ecb tr\u01b0\u1eddng n\u01b0\u1edbc ngo\u00e0i, \u00f4ng Nguy\u1ec5n Thanh B\u00ecnh &#8211; Ch\u1ee7 t\u1ecbch Hi\u1ec7p h\u1ed9i Rau qu\u1ea3 Vi\u1ec7t Nam &#8211; cho bi\u1ebft, rau, qu\u1ea3 l\u00e0 ng\u00e0nh h\u00e0ng th\u1ebf m\u1ea1nh c\u1ee7a Vi\u1ec7t Nam. Hi\u1ec7n, rau qu\u1ea3 c\u1ee7a n\u01b0\u1edbc ta \u0111\u00e3 c\u00f3 m\u1eb7t tr\u00ean h\u01a1n 60 th\u1ecb tr\u01b0\u1eddng tr\u00ean th\u1ebf gi\u1edbi.<\/p>\n<p style=\"text-align: justify;\">Trong nh\u1eefng n\u0103m g\u1ea7n \u0111\u00e2y, Vi\u1ec7t Nam \u0111\u00e3 th\u00e0nh c\u00f4ng trong vi\u1ec7c \u0111\u00e0m ph\u00e1n \u0111\u1ec3 m\u1edf c\u1eeda th\u1ecb tr\u01b0\u1eddng cho 19 lo\u1ea1i n\u00f4ng s\u1ea3n c\u00f3 ngu\u1ed3n g\u1ed1c th\u1ef1c v\u1eadt v\u00e0 tr\u00e1i c\u00e2y t\u01b0\u01a1i sang nhi\u1ec1u qu\u1ed1c gia nh\u01b0 Trung Qu\u1ed1c, Hoa K\u1ef3, H\u00e0n Qu\u1ed1c, Nh\u1eadt B\u1ea3n, \u00dac, EU.<\/p>\n<figure id=\"attachment_14704\" aria-describedby=\"caption-attachment-14704\" style=\"width: 1064px\" class=\"wp-caption aligncenter\"><img loading=\"lazy\" decoding=\"async\" class=\"wp-image-14704 size-full\" src=\"https:\/\/hfoods.vn\/wp-content\/uploads\/2025\/02\/Hoi-cho-Fruit-Logistica-2025-tai-Berlin-Duc-giup-cac-doanh-nghiep-nganh-hang-rau-qua-cua-Viet-Nam-co-co-hoi-tiep-can-thi-truong-chau-Au-va-quoc-te-mo-rong-mang-luoi-phan-phoi.-Anh-Vinafruit.jpg\" alt=\"\" width=\"1064\" height=\"763\" srcset=\"https:\/\/hfoods.vn\/wp-content\/uploads\/2025\/02\/Hoi-cho-Fruit-Logistica-2025-tai-Berlin-Duc-giup-cac-doanh-nghiep-nganh-hang-rau-qua-cua-Viet-Nam-co-co-hoi-tiep-can-thi-truong-chau-Au-va-quoc-te-mo-rong-mang-luoi-phan-phoi.-Anh-Vinafruit.jpg 1064w, https:\/\/hfoods.vn\/wp-content\/uploads\/2025\/02\/Hoi-cho-Fruit-Logistica-2025-tai-Berlin-Duc-giup-cac-doanh-nghiep-nganh-hang-rau-qua-cua-Viet-Nam-co-co-hoi-tiep-can-thi-truong-chau-Au-va-quoc-te-mo-rong-mang-luoi-phan-phoi.-Anh-Vinafruit-768x551.jpg 768w, https:\/\/hfoods.vn\/wp-content\/uploads\/2025\/02\/Hoi-cho-Fruit-Logistica-2025-tai-Berlin-Duc-giup-cac-doanh-nghiep-nganh-hang-rau-qua-cua-Viet-Nam-co-co-hoi-tiep-can-thi-truong-chau-Au-va-quoc-te-mo-rong-mang-luoi-phan-phoi.-Anh-Vinafruit-600x430.jpg 600w\" sizes=\"auto, (max-width: 1064px) 100vw, 1064px\" \/><figcaption id=\"caption-attachment-14704\" class=\"wp-caption-text\">H\u1ed9i ch\u1ee3 Fruit Logistica 2025 t\u1ea1i Berlin, \u0110\u1ee9c gi\u00fap c\u00e1c doanh nghi\u1ec7p ng\u00e0nh h\u00e0ng rau qu\u1ea3 c\u1ee7a Vi\u1ec7t Nam c\u00f3 c\u01a1 h\u1ed9i ti\u1ebfp c\u1eadn th\u1ecb tr\u01b0\u1eddng ch\u00e2u \u00c2u v\u00e0 qu\u1ed1c t\u1ebf, m\u1edf r\u1ed9ng m\u1ea1ng l\u01b0\u1edbi ph\u00e2n ph\u1ed1i.<\/figcaption><\/figure>\n<p style=\"text-align: justify;\">\u0110\u00e1ng ch\u00fa \u00fd, s\u1ef1 th\u00e0nh c\u00f4ng c\u1ee7a c\u00e1c ho\u1ea1t \u0111\u1ed9ng\u00a0<a class=\"__MB_LINK_IN_ARTICLE\" title=\"Xem th\u00eam tin v\u1ec1  x\u00fac ti\u1ebfn th\u01b0\u01a1ng m\u1ea1i\" href=\"https:\/\/congthuong.vn\/chu-de\/cuc-xuc-tien-thuong-mai.topic\">x\u00fac ti\u1ebfn th\u01b0\u01a1ng m\u1ea1i<\/a>\u00a0\u0111\u00e3 m\u1edf ra nh\u1eefng c\u01a1 h\u1ed9i m\u1edbi cho rau qu\u1ea3 Vi\u1ec7t Nam. C\u00e1c ho\u1ea1t \u0111\u1ed9ng x\u00fac ti\u1ebfn th\u01b0\u01a1ng m\u1ea1i, \u0111\u00e0m ph\u00e1n m\u1edf c\u1eeda xu\u1ea5t kh\u1ea9u ch\u00ednh ng\u1ea1ch cho rau, qu\u1ea3 sang c\u00e1c th\u1ecb tr\u01b0\u1eddng qu\u1ed1c t\u1ebf \u0111\u01b0\u1ee3c c\u00e1c c\u1ea5p, c\u00e1c ng\u00e0nh, hi\u1ec7p h\u1ed9i ng\u00e0nh h\u00e0ng quan t\u00e2m \u0111\u1ea9y m\u1ea1nh. Rau qu\u1ea3 Vi\u1ec7t Nam hi\u1ec7n \u0111\u01b0\u1ee3c xu\u1ea5t kh\u1ea9u v\u1edbi gi\u00e1 cao v\u00e0o nhi\u1ec1u th\u1ecb tr\u01b0\u1eddng kh\u00f3 t\u00ednh nh\u1edd v\u00e0o c\u00f4ng t\u00e1c c\u1ea3i ti\u1ebfn ch\u1ea5t l\u01b0\u1ee3ng, b\u1ea3o qu\u1ea3n v\u00e0 ch\u1ebf bi\u1ebfn s\u1ea3n ph\u1ea9m. \u0110i\u1ec1u n\u00e0y kh\u00f4ng ch\u1ec9 gi\u00fap \u0111a d\u1ea1ng h\u00f3a c\u00e1c s\u1ea3n ph\u1ea9m ch\u1ebf bi\u1ebfn m\u00e0 c\u00f2n mang l\u1ea1i gi\u00e1 tr\u1ecb gia t\u0103ng cao h\u01a1n, \u0111\u00f3ng g\u00f3p t\u00edch c\u1ef1c v\u00e0o n\u1ec1n kinh t\u1ebf qu\u1ed1c gia v\u00e0 c\u1ea3i thi\u1ec7n \u0111\u1eddi s\u1ed1ng c\u1ee7a ng\u01b0\u1eddi n\u00f4ng d\u00e2n.<\/p>\n<p style=\"text-align: justify;\">\u0110\u01a1n c\u1eed, v\u1eeba qua, trong khu\u00f4n kh\u1ed5 Ch\u01b0\u01a1ng tr\u00ecnh c\u1ea5p qu\u1ed1c gia v\u1ec1 X\u00fac ti\u1ebfn th\u01b0\u01a1ng m\u1ea1i \u0111\u01b0\u1ee3c B\u1ed9 tr\u01b0\u1edfng B\u1ed9 C\u00f4ng Th\u01b0\u01a1ng ph\u00ea duy\u1ec7t t\u1ea1i quy\u1ebft \u0111\u1ecbnh 3663\/Q\u0110\/BCT ng\u00e0y 30\/12\/2024, Hi\u1ec7p h\u1ed9i Rau qu\u1ea3 Vi\u1ec7t Nam (Vinafruit) \u0111\u00e3 t\u1ed5 ch\u1ee9c H\u1ed9i ch\u1ee3 Fruit Logistica 2025 t\u1ea1i Berlin, \u0110\u1ee9c t\u1eeb ng\u00e0y 5 \u0111\u1ebfn 07\/2\/2025. \u0110\u00e2y l\u00e0 m\u1ed9t trong nh\u1eefng s\u1ef1 ki\u1ec7n l\u1edbn nh\u1ea5t th\u1ebf gi\u1edbi h\u00e0ng n\u0103m, thu h\u00fat h\u00e0ng ngh\u00ecn doanh nghi\u1ec7p, nh\u00e0 cung c\u1ea5p, nh\u00e0 ph\u00e2n ph\u1ed1i v\u00e0 chuy\u00ean gia t\u1eeb kh\u1eafp n\u01a1i tr\u00ean th\u1ebf gi\u1edbi v\u1edbi m\u1ee5c ti\u00eau th\u00fac \u0111\u1ea9y giao th\u01b0\u01a1ng, h\u1ee3p t\u00e1c v\u00e0 gi\u1edbi thi\u1ec7u c\u00e1c s\u1ea3n ph\u1ea9m, c\u00f4ng ngh\u1ec7 m\u1edbi trong ng\u00e0nh rau, qu\u1ea3.<\/p>\n<p style=\"text-align: justify;\">\u0110\u00e2y l\u00e0 n\u0103m th\u1ee9 5 gian h\u00e0ng qu\u1ed1c gia &#8211; \u201cFruit of Vi\u1ec7t Nam\u201d tham gia H\u1ed9i ch\u1ee3 Fruit Logistica v\u1edbi c\u00e1c doanh nghi\u1ec7p trong l\u0129nh v\u1ef1c s\u1ea3n xu\u1ea5t v\u00e0 ch\u1ebf bi\u1ebfn rau, qu\u1ea3 xu\u1ea5t kh\u1ea9u nh\u01b0 C\u00f4ng ty TNHH Vina T&amp;T, AntFarm, Viet Tropical Fruit, Golden Bee, Ph\u01b0\u1edbc H\u1ef7 JSC, \u00c1nh D\u01b0\u01a1ng Sao, Cao Nguy\u00ean M\u1ed9c Ch\u00e2u, Comex Farm, Tropical Fruit&#8230; C\u00e1c doanh nghi\u1ec7p Vi\u1ec7t Nam tham gia v\u1edbi c\u00e1c gian h\u00e0ng tr\u01b0ng b\u00e0y s\u1ea3n ph\u1ea9m \u0111\u1eb7c tr\u01b0ng nh\u01b0 xo\u00e0i, thanh long, s\u1ea7u ri\u00eang, m\u00edt, d\u1eeba t\u01b0\u01a1i, b\u01b0\u1edfi da xanh, chanh d\u00e2y, chanh, ch\u00f4m ch\u00f4m\u2026 \u0111\u00e3 c\u00f3 c\u00e1c bu\u1ed5i gi\u1edbi thi\u1ec7u s\u1ea3n ph\u1ea9m, k\u00fd k\u1ebft h\u1ee3p \u0111\u1ed3ng ghi nh\u1edb v\u00e0 g\u1eb7p g\u1ee1 \u0111\u1ed1i t\u00e1c qu\u1ed1c t\u1ebf&#8230;<\/p>\n<p style=\"text-align: justify;\"><strong>C\u01a1 h\u1ed9i ti\u1ebfp c\u1eadn c\u00e1c th\u1ecb tr\u01b0\u1eddng ti\u1ec1m n\u0103ng<\/strong><\/p>\n<p style=\"text-align: justify;\">Theo Hi\u1ec7p h\u1ed9i Rau qu\u1ea3 Vi\u1ec7t Nam, s\u1ed1 l\u01b0\u1ee3ng rau qu\u1ea3 \u0111\u01b0\u1ee3c xu\u1ea5t kh\u1ea9u ch\u00ednh ng\u1ea1ch c\u1ee7a Vi\u1ec7t Nam ng\u00e0y c\u00e0ng t\u0103ng. \u00d0\u1eb7c bi\u1ec7t, v\u1edbi vi\u1ec7c Vi\u1ec7t Nam k\u00fd k\u1ebft v\u1edbi c\u00e1c qu\u1ed1c gia v\u00e0 \u0111\u1ed1i t\u00e1c tr\u00ean th\u1ebf gi\u1edbi c\u00e1c Hi\u1ec7p \u0111\u1ecbnh th\u01b0\u01a1ng m\u1ea1i t\u1ef1 do th\u1ebf h\u1ec7 m\u1edbi (FTA), ng\u00e0nh rau qu\u1ea3 n\u01b0\u1edbc ta c\u00f3 nhi\u1ec1u c\u01a1 h\u1ed9i ti\u1ebfp c\u1eadn nh\u1eefng th\u1ecb tr\u01b0\u1eddng ti\u1ec1m n\u0103ng. \u0110i\u1ec1u n\u00e0y c\u0169ng th\u00fac \u0111\u1ea9y c\u00e1c ho\u1ea1t \u0111\u1ed9ng x\u00fac ti\u1ebfn th\u01b0\u01a1ng m\u1ea1i, \u0111\u00e0m ph\u00e1n m\u1edf c\u1eeda xu\u1ea5t kh\u1ea9u ch\u00ednh ng\u1ea1ch cho rau, qu\u1ea3 sang c\u00e1c th\u1ecb tr\u01b0\u1eddng qu\u1ed1c t\u1ebf th\u00eam ph\u1ea7n s\u00f4i \u0111\u1ed9ng h\u01a1n.<\/p>\n<figure id=\"attachment_14702\" aria-describedby=\"caption-attachment-14702\" style=\"width: 1065px\" class=\"wp-caption aligncenter\"><img loading=\"lazy\" decoding=\"async\" class=\"wp-image-14702 size-full\" src=\"https:\/\/hfoods.vn\/wp-content\/uploads\/2025\/02\/gian-hang-tai-Viet-Nam.jpg\" alt=\"\" width=\"1065\" height=\"752\" srcset=\"https:\/\/hfoods.vn\/wp-content\/uploads\/2025\/02\/gian-hang-tai-Viet-Nam.jpg 1065w, https:\/\/hfoods.vn\/wp-content\/uploads\/2025\/02\/gian-hang-tai-Viet-Nam-768x542.jpg 768w, https:\/\/hfoods.vn\/wp-content\/uploads\/2025\/02\/gian-hang-tai-Viet-Nam-600x424.jpg 600w\" sizes=\"auto, (max-width: 1065px) 100vw, 1065px\" \/><figcaption id=\"caption-attachment-14702\" class=\"wp-caption-text\">Gian h\u00e0ng c\u1ee7a Vi\u1ec7t Nam t\u1ea1i h\u1ed9i ch\u1ee3.<\/figcaption><\/figure>\n<p style=\"text-align: justify;\">\u0110\u1eb7c bi\u1ec7t, theo \u0111\u1ea1i di\u1ec7n Ban t\u1ed5 ch\u1ee9c H\u1ed9i ch\u1ee3 Fruit Logistica, vi\u1ec7c duy tr\u00ec s\u1ef1 hi\u1ec7n di\u1ec7n c\u1ee7a khu gian h\u00e0ng Vi\u1ec7t Nam t\u1ea1i Berlin &#8211; \u0110\u1ee9c th\u01b0\u1eddng ni\u00ean c\u00f3 \u00fd ngh\u0129a t\u00edch c\u1ef1c, t\u00e1c \u0111\u1ed9ng lan t\u1ecfa \u0111\u1ed1i v\u1edbi s\u1ea3n ph\u1ea9m n\u00f4ng nghi\u1ec7p Vi\u1ec7t Nam n\u00f3i chung v\u00e0 s\u1ea3n ph\u1ea9m rau, qu\u1ea3 n\u00f3i ri\u00eang v\u00ec \u0111\u00e2y l\u00e0 m\u1ed9t trong nh\u1eefng h\u1ed9i ch\u1ee3 th\u01b0\u01a1ng m\u1ea1i qu\u1ed1c t\u1ebf v\u1ec1 rau, qu\u1ea3 t\u01b0\u01a1i l\u1edbn nh\u1ea5t th\u1ebf gi\u1edbi \u0111\u01b0\u1ee3c t\u1ed5 ch\u1ee9c tr\u00ean \u0111\u1ea5t ch\u00e2u \u00c2u.<\/p>\n<p style=\"text-align: justify;\"><span>\u00d4ng Hu\u1ef3nh C\u1ea3nh &#8211; Ch\u1ee7 t\u1ecbch Hi\u1ec7p h\u1ed9i Thanh long B\u00ecnh Thu\u1eadn &#8211; ng\u01b0\u1eddi tr\u1ef1c ti\u1ebfp tham gia tri\u1ec3n l\u00e3m Fruit Logistica Berlin 2025 cho bi\u1ebft, t<\/span>h\u00f4ng qua h\u1ed9i ch\u1ee3, c\u00e1c doanh nghi\u1ec7p Vi\u1ec7t Nam n\u00f3i chung v\u00e0 Hi\u1ec7p h\u1ed9i Thanh long B\u00ecnh Thu\u1eadn n\u00f3i ri\u00eang c\u00f3 th\u00eam nhi\u1ec1u c\u01a1 h\u1ed9i t\u00ecm ki\u1ebfm kh\u00e1ch h\u00e0ng m\u1edbi, c\u1ee7ng c\u1ed1 m\u1ed1i quan h\u1ec7 v\u1edbi kh\u00e1ch h\u00e0ng t\u1ea1i ch\u00e2u \u00c2u. T\u1eeb \u0111\u00f3, g\u00f3p ph\u1ea7n gi\u00fap ng\u00e0nh rau qu\u1ea3 Vi\u1ec7t Nam, trong \u0111\u00f3, c\u00f3 thanh long B\u00ecnh Thu\u1eadn ph\u00e1t tri\u1ec3n h\u01a1n n\u1eefa t\u1ea1i th\u1ecb tr\u01b0\u1eddng &#8220;kh\u00f3 t\u00ednh&#8221; n\u00e0y.<\/p>\n<figure id=\"attachment_14700\" aria-describedby=\"caption-attachment-14700\" style=\"width: 1064px\" class=\"wp-caption aligncenter\"><img loading=\"lazy\" decoding=\"async\" class=\"wp-image-14700 size-full\" src=\"https:\/\/hfoods.vn\/wp-content\/uploads\/2025\/02\/Thanh-long-Binh-Thuan-tai-Fruit-Logistica-Berlin-2025..jpg\" alt=\"\" width=\"1064\" height=\"769\" srcset=\"https:\/\/hfoods.vn\/wp-content\/uploads\/2025\/02\/Thanh-long-Binh-Thuan-tai-Fruit-Logistica-Berlin-2025..jpg 1064w, https:\/\/hfoods.vn\/wp-content\/uploads\/2025\/02\/Thanh-long-Binh-Thuan-tai-Fruit-Logistica-Berlin-2025.-768x555.jpg 768w, https:\/\/hfoods.vn\/wp-content\/uploads\/2025\/02\/Thanh-long-Binh-Thuan-tai-Fruit-Logistica-Berlin-2025.-600x434.jpg 600w\" sizes=\"auto, (max-width: 1064px) 100vw, 1064px\" \/><figcaption id=\"caption-attachment-14700\" class=\"wp-caption-text\">Thanh long B\u00ecnh Thu\u1eadn t\u1ea1i Fruit Logistica Berlin 2025.<\/figcaption><\/figure>\n<p style=\"text-align: justify;\">Nh\u1eb1m th\u00fac \u0111\u1ea9y rau, qu\u1ea3 Vi\u1ec7t ti\u1ebfp c\u1eadn l\u00e2u d\u00e0i t\u1ea1i th\u1ecb tr\u01b0\u1eddng n\u00e0y, \u0111\u1ea1i di\u1ec7n Th\u01b0\u01a1ng v\u1ee5 Vi\u1ec7t Nam t\u1ea1i \u0110\u1ee9c cam k\u1ebft s\u1ebd t\u1ea1o m\u1ecdi \u0111i\u1ec1u ki\u1ec7n h\u1ed7 tr\u1ee3 c\u00e1c doanh nghi\u1ec7p Vi\u1ec7t Nam k\u1ebft n\u1ed1i v\u1edbi \u0111\u1ed1i t\u00e1c t\u1ea1i \u0111\u1ecba b\u00e0n, \u0111\u1ea9y m\u1ea1nh xu\u1ea5t kh\u1ea9u hoa qu\u1ea3 c\u1ee7a Vi\u1ec7t Nam v\u00e0o th\u1ecb tr\u01b0\u1eddng \u0110\u1ee9c n\u00f3i ri\u00eang v\u00e0 EU n\u00f3i chung, t\u1eadn d\u1ee5ng c\u00e1c l\u1ee3i th\u1ebf thu\u1ebf quan m\u00e0 Hi\u1ec7p \u0111\u1ecbnh EVFTA mang l\u1ea1i cho ng\u00e0nh rau, qu\u1ea3 Vi\u1ec7t Nam.<\/p>\n<p style=\"text-align: justify;\">Trong th\u1eddi gian t\u1edbi, B\u1ed9 C\u00f4ng Th\u01b0\u01a1ng c\u0169ng s\u1ebd ph\u1ed1i h\u1ee3p v\u1edbi c\u00e1c c\u01a1 quan ch\u1ee9c n\u0103ng ti\u1ebfp t\u1ee5c quan t\u00e2m ho\u00e0n thi\u1ec7n c\u00e1c c\u01a1 ch\u1ebf, ch\u00ednh s\u00e1ch \u0111\u1ec3 t\u1ea1o \u0111i\u1ec1u ki\u1ec7n cho ng\u00e0nh rau, qu\u1ea3 ph\u00e1t tri\u1ec3n m\u1ea1nh h\u01a1n. Trong \u0111\u00f3, \u0111\u1ea9y m\u1ea1nh x\u00fac ti\u1ebfn th\u01b0\u01a1ng m\u1ea1i, t\u1ed5 ch\u1ee9c c\u00e1c h\u1ed9i ch\u1ee3, tri\u1ec3n l\u00e3m \u0111\u1ec3 m\u1eb7t h\u00e0ng n\u00f4ng s\u1ea3n, rau, qu\u1ea3 c\u1ee7a Vi\u1ec7t Nam \u0111\u01b0\u1ee3c xu\u1ea5t kh\u1ea9u ch\u00ednh ng\u1ea1ch v\u00e0o c\u00e1c th\u1ecb tr\u01b0\u1eddng l\u1edbn truy\u1ec1n th\u1ed1ng v\u00e0 th\u00fac \u0111\u1ea9y m\u1edf r\u1ed9ng th\u00eam th\u1ecb tr\u01b0\u1eddng m\u1edbi.<\/p>\n<p style=\"text-align: justify;\">Ngu\u1ed3n: <a href=\"https:\/\/congthuong.vn\/xuc-tien-xuat-khau-rau-qua-viet-vao-thi-truong-eu-373859.html\">https:\/\/congthuong.vn\/xuc-tien-xuat-khau-rau-qua-viet-vao-thi-truong-eu-373859.html<\/a><\/p>\n","protected":false},"excerpt":{"rendered":"<p>Th\u00e0nh c\u00f4ng c\u1ee7a c\u00e1c ho\u1ea1t \u0111\u1ed9ng x\u00fac ti\u1ebfn th\u01b0\u01a1ng m\u1ea1i s\u1ebd th\u00fac \u0111\u1ea9y c\u01a1 h\u1ed9i ti\u1ebfp c\u1eadn th\u1ecb tr\u01b0\u1eddng EU cho n\u00f4ng s\u1ea3n, rau, qu\u1ea3 Vi\u1ec7t Nam. Nhi\u1ec1u tri\u1ec3n v\u1ecdng cho rau, qu\u1ea3 Vi\u1ec7t Nh\u1eefng n\u0103m g\u1ea7n \u0111\u00e2y, Vi\u1ec7t Nam \u0111ang n\u1ed5i l\u00ean nh\u01b0 m\u1ed9t qu\u1ed1c gia c\u00f3 ti\u1ec1m n\u0103ng l\u1edbn trong l\u0129nh v\u1ef1c s\u1ea3n&#8230;<\/p>\n","protected":false},"author":8,"featured_media":14700,"parent":0,"menu_order":0,"comment_status":"closed","ping_status":"closed","template":"","meta":{"footnotes":""},"class_list":["post-14708","page","type-page","status-publish","has-post-thumbnail","hentry"],"_links":{"self":[{"href":"https:\/\/hfoods.vn\/vi\/wp-json\/wp\/v2\/pages\/14708","targetHints":{"allow":["GET"]}}],"collection":[{"href":"https:\/\/hfoods.vn\/vi\/wp-json\/wp\/v2\/pages"}],"about":[{"href":"https:\/\/hfoods.vn\/vi\/wp-json\/wp\/v2\/types\/page"}],"author":[{"embeddable":true,"href":"https:\/\/hfoods.vn\/vi\/wp-json\/wp\/v2\/users\/8"}],"replies":[{"embeddable":true,"href":"https:\/\/hfoods.vn\/vi\/wp-json\/wp\/v2\/comments?post=14708"}],"version-history":[{"count":0,"href":"https:\/\/hfoods.vn\/vi\/wp-json\/wp\/v2\/pages\/14708\/revisions"}],"wp:featuredmedia":[{"embeddable":true,"href":"https:\/\/hfoods.vn\/vi\/wp-json\/wp\/v2\/media\/14700"}],"wp:attachment":[{"href":"https:\/\/hfoods.vn\/vi\/wp-json\/wp\/v2\/media?parent=14708"}],"curies":[{"name":"wp","href":"https:\/\/api.w.org\/{rel}","templated":true}]}}