{"id":5454,"date":"2018-07-02T07:20:13","date_gmt":"2018-07-02T07:20:13","guid":{"rendered":"https:\/\/foods.hunghau.vn\/about\/"},"modified":"2026-04-08T11:24:19","modified_gmt":"2026-04-08T04:24:19","slug":"gioi-thieu","status":"publish","type":"page","link":"https:\/\/hfoods.vn\/vi\/gioi-thieu\/","title":{"rendered":"Gi\u1edbi thi\u1ec7u"},"content":{"rendered":"<div class=\"row\"  id=\"row-816292660\">\n\n\t<div id=\"col-887180896\" class=\"col medium-6 small-12 large-6\"  >\n\t\t\t\t<div class=\"col-inner\"  >\n\t\t\t\n\t\t\t\n\t<div class=\"img has-hover x md-x lg-x y md-y lg-y\" id=\"image_173683326\">\n\t\t\t\t\t\t<div data-animate=\"fadeInLeft\">\t\t<div class=\"img-inner dark\" >\n\t\t\t<img loading=\"lazy\" decoding=\"async\" width=\"800\" height=\"507\" src=\"https:\/\/hfoods.vn\/wp-content\/uploads\/2018\/07\/left-about.png\" class=\"attachment-large size-large\" alt=\"\" \/>\t\t\t\t\t\t\n\t\t\t\t\t<\/div>\n\t\t<\/div>\t\t\t\t\t\t\n<style>\n#image_173683326 {\n  width: 100%;\n}\n<\/style>\n\t<\/div>\n\t\n<div class=\"slider-wrapper relative\" id=\"slider-123082691\" >\n    <div class=\"slider slider-nav-circle slider-nav-large slider-nav-light slider-style-normal\"\n        data-flickity-options='{\n            \"cellAlign\": \"center\",\n            \"imagesLoaded\": true,\n            \"lazyLoad\": 1,\n            \"freeScroll\": false,\n            \"wrapAround\": true,\n            \"autoPlay\": 6000,\n            \"pauseAutoPlayOnHover\" : true,\n            \"prevNextButtons\": true,\n            \"contain\" : true,\n            \"adaptiveHeight\" : true,\n            \"dragThreshold\" : 10,\n            \"percentPosition\": true,\n            \"pageDots\": true,\n            \"rightToLeft\": false,\n            \"draggable\": true,\n            \"selectedAttraction\": 0.1,\n            \"parallax\" : 0,\n            \"friction\": 0.6        }'\n        >\n        \n\t<div class=\"img has-hover x md-x lg-x y md-y lg-y\" id=\"image_551839010\">\n\t\t\t\t\t\t\t\t<div class=\"img-inner dark\" >\n\t\t\t<img loading=\"lazy\" decoding=\"async\" width=\"2084\" height=\"1460\" src=\"https:\/\/hfoods.vn\/wp-content\/uploads\/2026\/04\/1.jpg\" class=\"attachment-large size-large\" alt=\"\" \/>\t\t\t\t\t\t\n\t\t\t\t\t<\/div>\n\t\t\t\t\t\t\t\t\n<style>\n#image_551839010 {\n  width: 100%;\n}\n<\/style>\n\t<\/div>\n\t\n\t<div class=\"img has-hover x md-x lg-x y md-y lg-y\" id=\"image_35025189\">\n\t\t\t\t\t\t\t\t<div class=\"img-inner dark\" >\n\t\t\t<img loading=\"lazy\" decoding=\"async\" width=\"2084\" height=\"1459\" src=\"https:\/\/hfoods.vn\/wp-content\/uploads\/2026\/04\/2.jpg\" class=\"attachment-large size-large\" alt=\"\" \/>\t\t\t\t\t\t\n\t\t\t\t\t<\/div>\n\t\t\t\t\t\t\t\t\n<style>\n#image_35025189 {\n  width: 100%;\n}\n<\/style>\n\t<\/div>\n\t\n\t<div class=\"img has-hover x md-x lg-x y md-y lg-y\" id=\"image_988963397\">\n\t\t\t\t\t\t\t\t<div class=\"img-inner dark\" >\n\t\t\t<img loading=\"lazy\" decoding=\"async\" width=\"2084\" height=\"1459\" src=\"https:\/\/hfoods.vn\/wp-content\/uploads\/2026\/04\/3.jpg\" class=\"attachment-large size-large\" alt=\"\" \/>\t\t\t\t\t\t\n\t\t\t\t\t<\/div>\n\t\t\t\t\t\t\t\t\n<style>\n#image_988963397 {\n  width: 100%;\n}\n<\/style>\n\t<\/div>\n\t\n\t<div class=\"img has-hover x md-x lg-x y md-y lg-y\" id=\"image_1451100382\">\n\t\t\t\t\t\t\t\t<div class=\"img-inner dark\" >\n\t\t\t<img loading=\"lazy\" decoding=\"async\" width=\"1000\" height=\"700\" src=\"https:\/\/hfoods.vn\/wp-content\/uploads\/2026\/04\/4-1.png\" class=\"attachment-large size-large\" alt=\"\" \/>\t\t\t\t\t\t\n\t\t\t\t\t<\/div>\n\t\t\t\t\t\t\t\t\n<style>\n#image_1451100382 {\n  width: 100%;\n}\n<\/style>\n\t<\/div>\n\t\n\t<div class=\"img has-hover x md-x lg-x y md-y lg-y\" id=\"image_1010490569\">\n\t\t\t\t\t\t\t\t<div class=\"img-inner dark\" >\n\t\t\t<img loading=\"lazy\" decoding=\"async\" width=\"1000\" height=\"700\" src=\"https:\/\/hfoods.vn\/wp-content\/uploads\/2026\/04\/5-1.png\" class=\"attachment-large size-large\" alt=\"\" \/>\t\t\t\t\t\t\n\t\t\t\t\t<\/div>\n\t\t\t\t\t\t\t\t\n<style>\n#image_1010490569 {\n  width: 100%;\n}\n<\/style>\n\t<\/div>\n\t\n\t<div class=\"img has-hover x md-x lg-x y md-y lg-y\" id=\"image_2088953740\">\n\t\t\t\t\t\t\t\t<div class=\"img-inner dark\" >\n\t\t\t<img loading=\"lazy\" decoding=\"async\" width=\"1000\" height=\"700\" src=\"https:\/\/hfoods.vn\/wp-content\/uploads\/2026\/04\/6-1.png\" class=\"attachment-large size-large\" alt=\"\" \/>\t\t\t\t\t\t\n\t\t\t\t\t<\/div>\n\t\t\t\t\t\t\t\t\n<style>\n#image_2088953740 {\n  width: 100%;\n}\n<\/style>\n\t<\/div>\n\t\n\t<div class=\"img has-hover x md-x lg-x y md-y lg-y\" id=\"image_1496246869\">\n\t\t\t\t\t\t\t\t<div class=\"img-inner dark\" >\n\t\t\t<img loading=\"lazy\" decoding=\"async\" width=\"1000\" height=\"700\" src=\"https:\/\/hfoods.vn\/wp-content\/uploads\/2026\/04\/7.png\" class=\"attachment-large size-large\" alt=\"\" \/>\t\t\t\t\t\t\n\t\t\t\t\t<\/div>\n\t\t\t\t\t\t\t\t\n<style>\n#image_1496246869 {\n  width: 100%;\n}\n<\/style>\n\t<\/div>\n\t\n     <\/div>\n\n     <div class=\"loading-spin dark large centered\"><\/div>\n\n\t<\/div>\n\n\n\t\t<\/div>\n\t\t\t\t\t<\/div>\n\n\t\n\n\t<div id=\"col-1456666658\" class=\"col medium-6 small-12 large-6\"  data-animate=\"fadeInRight\">\n\t\t\t\t<div class=\"col-inner\"  >\n\t\t\t\n\t\t\t\n<div class=\"container section-title-container\" ><h3 class=\"section-title section-title-normal\"><b><\/b><span class=\"section-title-main\" >Hung Hau Foods<\/span><b><\/b><\/h3><\/div>\n<p style=\"color: #000;\"><strong>GI\u1edaI THI\u1ec6U<\/strong><\/p>\n<p style=\"text-align: justify; color: #000;\">L\u00e0 th\u00e0nh vi\u00ean c\u1ee7a <a href=\"http:\/\/hunghau.vn\/\"><strong><em>HungHau Holdings<\/em><\/strong><\/a> (HHH), v\u1edbi \u0111\u1ed9i ng\u0169 nh\u00e2n s\u1ef1 tr\u00ean 40 n\u0103m kinh nghi\u1ec7m, l\u00e0 m\u1ed9t trong nh\u1eefng c\u00f4ng ty h\u00e0ng \u0111\u1ea7u Vi\u1ec7t Nam tham gia s\u1ea3n xu\u1ea5t, ch\u1ebf bi\u1ebfn v\u00e0 xu\u1ea5t kh\u1ea9u c\u00e1c s\u1ea3n ph\u1ea9m rau v\u00e0 tr\u00e1i c\u00e2y d\u01b0\u1edbi d\u1ea1ng t\u01b0\u01a1i, \u0111\u00f4ng l\u1ea1nh, s\u1ea5y kh\u00f4, h\u1ea5p, chi\u00ean c\u00e1c s\u1ea3n ph\u1ea9m; tr\u00e1i c\u00e2y nguy\u00ean ch\u1ea5t \u0111\u00f4ng l\u1ea1nh v\u00e0 c\u00e1c lo\u1ea1i m\u00ec kh\u00e1c nhau c\u00f3 gi\u00e1 tr\u1ecb dinh d\u01b0\u1ee1ng cao, c\u00f9ng v\u1edbi c\u00e1c m\u00f3n \u0103n nh\u1eb9 c\u00f4ng nghi\u1ec7p.<\/p>\n<p style=\"text-align: justify; color: #000;\">S\u1ea3n ph\u1ea9m m\u00ec \u0103n li\u1ec1n c\u1ee7a <a href=\"https:\/\/foods.hunghau.vn\/\"><strong><em>HungHau Foods<\/em><\/strong><\/a>\u00a0hi\u1ec7n \u0111ang c\u00f3 m\u1eb7t t\u1ea1i th\u1ecb tr\u01b0\u1eddng trong n\u01b0\u1edbc, ph\u00e2n ph\u1ed1i r\u1ed9ng kh\u1eafp kh\u1eafp c\u00e1c t\u1ec9nh th\u00e0nh c\u1ee7a Vi\u1ec7t Nam th\u00f4ng qua c\u00e1c nh\u00e0 ph\u00e2n ph\u1ed1i, \u0111\u1ea1i l\u00fd v\u00e0 si\u00eau th\u1ecb nh\u01b0 Metro, Lotte Mart, Co.op Mart, Vinmart, Big C\u2026<\/p>\n<p style=\"color: #000;\"><strong>T\u1ea6M NH\u00ccN<\/strong><\/p>\n<p style=\"text-align: justify; color: #000;\">V\u1edbi nguy\u00ean t\u1eafc c\u01a1 b\u1ea3n \u0111\u1ec3 ph\u00e1t tri\u1ec3n trong t\u01b0\u01a1ng lai, \u0111\u00f3 l\u00e0 ph\u1ea3i mang l\u1ea1i \u0111\u1eddi s\u1ed1ng \u1ed5n \u0111\u1ecbnh, an l\u1ea1c cho t\u1ea5t c\u1ea3 c\u00e1c th\u00e0nh vi\u00ean c\u1ee7a m\u00ecnh, t\u1ea1o ngu\u1ed3n kh\u00edch l\u1ec7 \u0111\u1ec3 t\u1ea5t c\u1ea3 c\u00e1c th\u00e0nh vi\u00ean c\u00f9ng c\u1ed1ng hi\u1ebfn, \u0111\u00f3ng g\u00f3p v\u00e0 chia s\u1ebb th\u00e0nh qu\u1ea3 d\u1ef1a tr\u00ean nguy\u00ean t\u1eafc h\u00e0i h\u00f2a, c\u00f4ng b\u1eb1ng. B\u00ean c\u1ea1nh vi\u1ec7c ph\u00e1t tri\u1ec3n kinh doanh, C\u00f4ng ty C\u1ed5 Ph\u1ea7n Th\u1ef1c ph\u1ea9m H\u00f9ng H\u1eadu c\u0169ng kh\u00f4ng ng\u1eebng quan t\u00e2m \u0111\u1ebfn c\u1ed9ng \u0111\u1ed3ng, th\u1ec3 hi\u1ec7n tr\u00e1ch nhi\u1ec7m x\u00e3 h\u1ed9i c\u1ee7a Doanh nghi\u1ec7p, g\u00f3p ph\u1ea7n n\u00e2ng cao \u0111\u1eddi s\u1ed1ng an sinh x\u00e3 h\u1ed9i. C\u00f4ng ty lu\u00f4n ph\u1ea5n \u0111\u1ea5u x\u00e2y d\u1ef1ng chu\u1ed7i gi\u00e1 tr\u1ecb Vi\u1ec7t cho ng\u01b0\u1eddi Vi\u1ec7t qua nh\u1eefng s\u1ea3n ph\u1ea9m th\u1ef1c ph\u1ea9m ch\u1ea5t l\u01b0\u1ee3ng cao \u0111\u01b0\u1ee3c ph\u00e2n ph\u1ed1i r\u1ed9ng kh\u1eafp to\u00e0n qu\u1ed1c.<\/p>\n<p style=\"color: #000;\"><strong>S\u1ee8 M\u1ec6NH<\/strong><\/p>\n<p style=\"text-align: justify; color: #000;\">C\u00f4ng ty C\u1ed5 Ph\u1ea7n Th\u1ef1c ph\u1ea9m H\u00f9ng H\u1eadu (HungHau Foods) k\u1ebft n\u1ed1i v\u1edbi c\u1ed9ng \u0111\u1ed3ng, v\u1edbi kh\u00e1ch h\u00e0ng, v\u1edbi c\u00e1c \u0111\u1ed1i t\u00e1c b\u1eb1ng uy t\u00edn, b\u1eb1ng ch\u1ea5t l\u01b0\u1ee3ng th\u1ef1c ph\u1ea9m \u0111em l\u1ea1i ngu\u1ed3n n\u0103ng l\u01b0\u1ee3ng d\u1ed3i d\u00e0o. L\u1ea5y l\u1ee3i \u00edch c\u1ee7a ng\u01b0\u1eddi ti\u00eau d\u00f9ng l\u00e0m kim ch\u1ec9 nam \u0111\u1ec3 t\u1ea1o n\u00ean c\u00e1c gi\u00e1 tr\u1ecb c\u1ed1t l\u00f5i s\u1ee9c m\u1ea1nh v\u00e0 ph\u01b0\u01a1ng ch\u00e2m ho\u1ea1t \u0111\u1ed9ng c\u1ee7a t\u1eebng th\u01b0\u01a1ng hi\u1ec7u mang t\u00ean Th\u1ef1c ph\u1ea9m H\u00f9ng H\u1eadu tr\u00ean su\u1ed1t ch\u1eb7ng \u0111\u01b0\u1eddng ph\u00e1t tri\u1ec3n.<\/p>\n\t\t<\/div>\n\t\t\t\t\t<\/div>\n\n\t\n<\/div>\n","protected":false},"excerpt":{"rendered":"","protected":false},"author":1,"featured_media":0,"parent":0,"menu_order":0,"comment_status":"closed","ping_status":"closed","template":"","meta":{"footnotes":""},"class_list":["post-5454","page","type-page","status-publish","hentry"],"_links":{"self":[{"href":"https:\/\/hfoods.vn\/vi\/wp-json\/wp\/v2\/pages\/5454","targetHints":{"allow":["GET"]}}],"collection":[{"href":"https:\/\/hfoods.vn\/vi\/wp-json\/wp\/v2\/pages"}],"about":[{"href":"https:\/\/hfoods.vn\/vi\/wp-json\/wp\/v2\/types\/page"}],"author":[{"embeddable":true,"href":"https:\/\/hfoods.vn\/vi\/wp-json\/wp\/v2\/users\/1"}],"replies":[{"embeddable":true,"href":"https:\/\/hfoods.vn\/vi\/wp-json\/wp\/v2\/comments?post=5454"}],"version-history":[{"count":5,"href":"https:\/\/hfoods.vn\/vi\/wp-json\/wp\/v2\/pages\/5454\/revisions"}],"predecessor-version":[{"id":24926,"href":"https:\/\/hfoods.vn\/vi\/wp-json\/wp\/v2\/pages\/5454\/revisions\/24926"}],"wp:attachment":[{"href":"https:\/\/hfoods.vn\/vi\/wp-json\/wp\/v2\/media?parent=5454"}],"curies":[{"name":"wp","href":"https:\/\/api.w.org\/{rel}","templated":true}]}}