{"id":5458,"date":"2018-07-02T07:21:19","date_gmt":"2018-07-02T07:21:19","guid":{"rendered":"https:\/\/foods.hunghau.vn\/contact-us\/"},"modified":"2026-04-04T19:23:16","modified_gmt":"2026-04-04T12:23:16","slug":"lien-he","status":"publish","type":"page","link":"https:\/\/hfoods.vn\/vi\/lien-he\/","title":{"rendered":"Li\u00ean h\u1ec7"},"content":{"rendered":"<div class=\"row row-collapse row-full-width row-dashed\"  id=\"row-813791114\">\n\n\t<div id=\"col-1584820737\" class=\"col medium-4 large-4\"  >\n\t\t\t\t<div class=\"col-inner\"  >\n\t\t\t\n\t\t\t\n<p style=\"color: #000;\"><span style=\"font-size: 110%;\"><strong>\u0110\u1ecaA CH\u1ec8<\/strong><\/span><\/p>\n<p style=\"color: #000;\">S\u1ed1 86 T\u1ec9nh L\u1ed9 2, X\u00e3 C\u1ee7 Chi, Th\u00e0nh ph\u1ed1 H\u1ed3 Ch\u00ed Minh, Vi\u1ec7t Nam.<\/p>\n\t\t<\/div>\n\t\t\t\t\t<\/div>\n\n\t\n\n\t<div id=\"col-689943103\" class=\"col medium-4 large-4\"  >\n\t\t\t\t<div class=\"col-inner\"  >\n\t\t\t\n\t\t\t\n<p style=\"color: #000;\"><span style=\"font-size: 110%;\"><strong>V\u0102N PH\u00d2NG<\/strong><\/span><\/p>\n<p style=\"color: #000;\">\u0110\u1ecba ch\u1ec9: 642 \u00c2u C\u01a1, Ph\u01b0\u1eddng B\u1ea3y Hi\u1ec1n, Th\u00e0nh ph\u1ed1 H\u1ed3 Ch\u00ed Minh, Vi\u1ec7t Nam.<\/p>\n<p style=\"color: #000;\"><span style=\"font-weight: 400;\">Email: <\/span><a href=\"mailto:sales@hunghau.vn\"><span style=\"font-weight: 400;\">sales@hunghau.vn<\/span><\/a><br \/>\n<span style=\"font-weight: 400;\">Hotline: (+84)79 721 3333\u00a0<\/span><\/p>\n<p style=\"color: #000;\"><span style=\"font-weight: 400;\">Email:\u00a0 <\/span><a href=\"mailto:Anna@hunghau.vn\"><span style=\"font-weight: 400;\">Hana@hunghau.vn<\/span><\/a><span style=\"font-weight: 400;\">\u00a0<\/span><br \/>\n<span style=\"font-weight: 400;\">Hotline: (+84) 79 721 3333<\/span><\/p>\n<p style=\"color: #000;\"><span style=\"font-weight: 400;\">Email: <\/span><a href=\"mailto:yenn@hunghau.vn\"><span style=\"font-weight: 400;\">yenn@hunghau.vn<\/span><\/a><span style=\"font-weight: 400;\">\u00a0<\/span><br \/>\n<span style=\"font-weight: 400;\">Hotline: (+84)78 520 3333<\/span><\/p>\n<a href=\"https:\/\/maps.app.goo.gl\/v4sY8QUGHqk5qDir5\" target=\"_blank\" class=\"button primary lowercase\" rel=\"noopener\"  >\n\t\t<span>Xem b\u1ea3n \u0111\u1ed3<\/span>\n\t<i class=\"icon-map-pin-fill\" aria-hidden=\"true\" ><\/i><\/a>\n\n\t\t<\/div>\n\t\t\t\t\t<\/div>\n\n\t\n\n\t<div id=\"col-2036192615\" class=\"col medium-4 large-4\"  >\n\t\t\t\t<div class=\"col-inner\"  >\n\t\t\t\n\t\t\t\n<p style=\"color: #000;\"><span style=\"font-size: 110%;\"><strong>NH\u00c0 M\u00c1Y<\/strong><\/span><\/p>\n<p style=\"color: #000;\"><span style=\"color: #000000;\">1. C\u00f4ng Ty TNHH Rau qu\u1ea3 H\u00f9ng H\u1eadu: 45D\/TB QL54, \u1ea5p T\u00e2n B\u00ecnh, x\u00e3 Lai Vung, t\u1ec9nh \u0110\u1ed3ng Th\u00e1p, Vi\u1ec7t Nam.<\/span><\/p>\n<a href=\"https:\/\/maps.app.goo.gl\/Y5gaJVwk6G4s7nFH6\" target=\"_blank\" class=\"button primary lowercase\" rel=\"noopener\"  >\n\t\t<span>Xem b\u1ea3n \u0111\u1ed3<\/span>\n\t<i class=\"icon-map-pin-fill\" aria-hidden=\"true\" ><\/i><\/a>\n\n<p style=\"color: #000;\"><span style=\"color: #000000;\">2. C\u00f4ng Ty TNHH Nha M\u00e2n: Khu C, KCN Sa \u0110\u00e9c, Ph\u01b0\u1eddng Sa \u0110\u00e9c, T\u1ec9nh \u0110\u1ed3ng Th\u00e1p, Vi\u1ec7t Nam.<\/span><\/p>\n<a href=\"https:\/\/maps.app.goo.gl\/SMvhbcDwupSLVeP58\" target=\"_blank\" class=\"button primary lowercase\" rel=\"noopener\"  >\n\t\t<span>Xem b\u1ea3n \u0111\u1ed3<\/span>\n\t<i class=\"icon-map-pin-fill\" aria-hidden=\"true\" ><\/i><\/a>\n\n<p style=\"color: #000;\"><span style=\"color: #000000;\">3. C\u00f4ng Ty TNHH Th\u1ef1c ph\u1ea9m Ochao: L\u00f4 C3-1, \u0110\u01b0\u1eddng D2-N7, Khu c\u00f4ng nghi\u1ec7p T\u00e2n Ph\u00fa Trung, X\u00e3 C\u1ee7 Chi, Th\u00e0nh ph\u1ed1 H\u1ed3 Ch\u00ed Minh, Vi\u1ec7t Nam.<\/span><\/p>\n<a href=\"https:\/\/maps.app.goo.gl\/JbHvFWivRUrZhi3W8\" target=\"_blank\" class=\"button primary lowercase\" rel=\"noopener\"  >\n\t\t<span>Xem b\u1ea3n \u0111\u1ed3<\/span>\n\t<i class=\"icon-map-pin-fill\" aria-hidden=\"true\" ><\/i><\/a>\n\n\t\t<\/div>\n\t\t\t\t\t<\/div>\n\n\t\n<\/div>\n","protected":false},"excerpt":{"rendered":"","protected":false},"author":1,"featured_media":0,"parent":0,"menu_order":0,"comment_status":"closed","ping_status":"closed","template":"","meta":{"footnotes":""},"class_list":["post-5458","page","type-page","status-publish","hentry"],"_links":{"self":[{"href":"https:\/\/hfoods.vn\/vi\/wp-json\/wp\/v2\/pages\/5458","targetHints":{"allow":["GET"]}}],"collection":[{"href":"https:\/\/hfoods.vn\/vi\/wp-json\/wp\/v2\/pages"}],"about":[{"href":"https:\/\/hfoods.vn\/vi\/wp-json\/wp\/v2\/types\/page"}],"author":[{"embeddable":true,"href":"https:\/\/hfoods.vn\/vi\/wp-json\/wp\/v2\/users\/1"}],"replies":[{"embeddable":true,"href":"https:\/\/hfoods.vn\/vi\/wp-json\/wp\/v2\/comments?post=5458"}],"version-history":[{"count":12,"href":"https:\/\/hfoods.vn\/vi\/wp-json\/wp\/v2\/pages\/5458\/revisions"}],"predecessor-version":[{"id":24837,"href":"https:\/\/hfoods.vn\/vi\/wp-json\/wp\/v2\/pages\/5458\/revisions\/24837"}],"wp:attachment":[{"href":"https:\/\/hfoods.vn\/vi\/wp-json\/wp\/v2\/media?parent=5458"}],"curies":[{"name":"wp","href":"https:\/\/api.w.org\/{rel}","templated":true}]}}