{"id":5461,"date":"2018-07-02T07:21:06","date_gmt":"2018-07-02T07:21:06","guid":{"rendered":"https:\/\/foods.hunghau.vn\/factory\/"},"modified":"2025-03-19T02:26:37","modified_gmt":"2025-03-19T02:26:37","slug":"nha-may","status":"publish","type":"page","link":"https:\/\/hfoods.vn\/vi\/nha-may\/","title":{"rendered":"Nh\u00e0 m\u00e1y"},"content":{"rendered":"<p><img loading=\"lazy\" decoding=\"async\" class=\"aligncenter size-full wp-image-5594\" src=\"https:\/\/foods.hunghau.vn\/wp-content\/uploads\/2018\/08\/qua-dia-cau-en.jpg\" alt=\"\" width=\"842\" height=\"595\" srcset=\"https:\/\/hfoods.vn\/wp-content\/uploads\/2018\/08\/qua-dia-cau-en.jpg 842w, https:\/\/hfoods.vn\/wp-content\/uploads\/2018\/08\/qua-dia-cau-en-768x543.jpg 768w, https:\/\/hfoods.vn\/wp-content\/uploads\/2018\/08\/qua-dia-cau-en-600x424.jpg 600w\" sizes=\"auto, (max-width: 842px) 100vw, 842px\" \/><\/p>\n\n\t<section class=\"section\" id=\"section_1453796260\">\n\t\t<div class=\"section-bg fill\" >\n\t\t\t\t\t\t\t\t\t\n\t\t\t\n\n\t\t<\/div>\n\n\t\t\n\n\t\t<div class=\"section-content relative\">\n\t\t\t\n<div class=\"row\"  id=\"row-229060228\">\n\n\t<div id=\"col-1619844730\" class=\"col medium-6 small-12 large-6\"  >\n\t\t\t\t<div class=\"col-inner\"  >\n\t\t\t\n\t\t\t\n<div class=\"container section-title-container\" ><h3 class=\"section-title section-title-normal\"><b aria-hidden=\"true\"><\/b><span class=\"section-title-main\" >C\u00f4ng ty TNHH Rau qu\u1ea3 H\u00f9ng H\u1eadu<\/span><b aria-hidden=\"true\"><\/b><\/h3><\/div>\n<p><img loading=\"lazy\" decoding=\"async\" class=\"alignnone size-full wp-image-11420\" src=\"https:\/\/hfoods.vn\/wp-content\/uploads\/2023\/12\/dongthap.png\" alt=\"\" width=\"1000\" height=\"359\" \/><\/p>\n<p>\u0110\u1ecba ch\u1ec9: 45D \/ TB, Qu\u1ed1c l\u1ed9 54, \u1ea4p T\u00e2n B\u00ecnh, X\u00e3 T\u00e2n Th\u00e0nh, Huy\u1ec7n Lai Vung, T\u1ec9nh \u0110\u1ed3ng Th\u00e1p, Vi\u1ec7t Nam.<\/p>\n\t\t<\/div>\n\t\t\t\t\t<\/div>\n\n\t\n\n\t<div id=\"col-465987036\" class=\"col medium-6 small-12 large-6\"  >\n\t\t\t\t<div class=\"col-inner\"  >\n\t\t\t\n\t\t\t\n<div class=\"container section-title-container\" ><h3 class=\"section-title section-title-normal\"><b aria-hidden=\"true\"><\/b><span class=\"section-title-main\" >C\u00f4ng Ty TNHH Nha M\u00e2n<\/span><b aria-hidden=\"true\"><\/b><\/h3><\/div>\n<p><img loading=\"lazy\" decoding=\"async\" class=\"alignnone wp-image-11434 size-full\" src=\"https:\/\/hfoods.vn\/wp-content\/uploads\/2023\/12\/Untitled-1fsdgdf-01-01.jpg\" alt=\"\" width=\"2084\" height=\"748\" srcset=\"https:\/\/hfoods.vn\/wp-content\/uploads\/2023\/12\/Untitled-1fsdgdf-01-01.jpg 2084w, https:\/\/hfoods.vn\/wp-content\/uploads\/2023\/12\/Untitled-1fsdgdf-01-01-768x276.jpg 768w, https:\/\/hfoods.vn\/wp-content\/uploads\/2023\/12\/Untitled-1fsdgdf-01-01-1536x551.jpg 1536w, https:\/\/hfoods.vn\/wp-content\/uploads\/2023\/12\/Untitled-1fsdgdf-01-01-2048x735.jpg 2048w, https:\/\/hfoods.vn\/wp-content\/uploads\/2023\/12\/Untitled-1fsdgdf-01-01-600x215.jpg 600w\" sizes=\"auto, (max-width: 2084px) 100vw, 2084px\" \/><\/p>\n<p>\u0110\u1ecba ch\u1ec9: Khu C, Khu c\u00f4ng nghi\u1ec7p Sa \u0110\u00e9c, Ph\u01b0\u1eddng T\u00e2n Quy \u0110\u00f4ng, Th\u1ecb x\u00e3 Sa \u0110\u00e9c, T\u1ec9nh \u0110\u1ed3ng Th\u00e1p, Vi\u1ec7t Nam.<\/p>\n\t\t<\/div>\n\t\t\t\t\t<\/div>\n\n\t\n<\/div>\n\t\t<\/div>\n\n\t\t\n<style>\n#section_1453796260 {\n  padding-top: 30px;\n  padding-bottom: 30px;\n}\n<\/style>\n\t<\/section>\n\t\n","protected":false},"excerpt":{"rendered":"","protected":false},"author":1,"featured_media":0,"parent":0,"menu_order":0,"comment_status":"closed","ping_status":"closed","template":"page-blank.php","meta":{"footnotes":""},"class_list":["post-5461","page","type-page","status-publish","hentry"],"_links":{"self":[{"href":"https:\/\/hfoods.vn\/vi\/wp-json\/wp\/v2\/pages\/5461","targetHints":{"allow":["GET"]}}],"collection":[{"href":"https:\/\/hfoods.vn\/vi\/wp-json\/wp\/v2\/pages"}],"about":[{"href":"https:\/\/hfoods.vn\/vi\/wp-json\/wp\/v2\/types\/page"}],"author":[{"embeddable":true,"href":"https:\/\/hfoods.vn\/vi\/wp-json\/wp\/v2\/users\/1"}],"replies":[{"embeddable":true,"href":"https:\/\/hfoods.vn\/vi\/wp-json\/wp\/v2\/comments?post=5461"}],"version-history":[{"count":0,"href":"https:\/\/hfoods.vn\/vi\/wp-json\/wp\/v2\/pages\/5461\/revisions"}],"wp:attachment":[{"href":"https:\/\/hfoods.vn\/vi\/wp-json\/wp\/v2\/media?parent=5461"}],"curies":[{"name":"wp","href":"https:\/\/api.w.org\/{rel}","templated":true}]}}