{"id":14905,"date":"2025-07-20T04:01:59","date_gmt":"2025-07-19T21:01:59","guid":{"rendered":"https:\/\/hfoods.vn\/?post_type=product&#038;p=14905"},"modified":"2026-04-01T16:22:28","modified_gmt":"2026-04-01T09:22:28","slug":"khom-thom-dua-dong-lanh","status":"publish","type":"product","link":"https:\/\/hfoods.vn\/vi\/san-pham\/khom-thom-dua-dong-lanh\/","title":{"rendered":"Th\u01a1m \u0110\u00f4ng L\u1ea1nh"},"content":{"rendered":"<h2><span style=\"font-family: arial, helvetica, sans-serif; color: #000000;\"><span style=\"color: #000000;\">TH\u01a0M \u0110\u00d4NG L\u1ea0NH HUNGHAU FOODS <\/span><\/span><\/h2>\n<p><span style=\"font-weight: 400; color: #000000; font-family: arial, helvetica, sans-serif;\">Th\u01a1m \u0111\u00f4ng l\u1ea1nh c\u1ee7a C\u00f4ng ty C\u1ed5 ph\u1ea7n Th\u1ef1c ph\u1ea9m H\u00f9ng H\u1eadu (HungHau Foods), \u0111\u01b0\u1ee3c tuy\u1ec3n ch\u1ecdn t\u1eeb nh\u1eefng tr\u00e1i th\u01a1m \u0111\u00f4ng l\u1ea1nh \u0111\u1ea1t chu\u1ea9n t\u1ea1i c\u00e1c v\u00f9ng tr\u1ed3ng thu\u1ed9c t\u1ec9nh An Giang (Vi\u1ec7t Nam). S\u1ea3n ph\u1ea9m \u0111\u01b0\u1ee3c c\u1ea5p \u0111\u00f4ng b\u1eb1ng c\u00f4ng ngh\u1ec7 IQF hi\u1ec7n \u0111\u1ea1i, \u0111\u1ea3m b\u1ea3o gi\u1eef \u0111\u01b0\u1ee3c h\u01b0\u01a1ng v\u1ecb, m\u00e0u s\u1eafc v\u00e0 ch\u1ea5t l\u01b0\u1ee3ng t\u1ef1 nhi\u00ean.<\/span><\/p>\n<p><span style=\"font-weight: 400; color: #000000; font-family: arial, helvetica, sans-serif;\">HungHau Foods s\u1edf h\u1eefu n\u0103ng l\u1ef1c cung \u1ee9ng nh\u1eefng qu\u1ea3 th\u01a1m \u0111\u00f4ng l\u1ea1nh l\u00ean \u0111\u1ebfn 2000 t\u1ea5n th\u00e0nh ph\u1ea9m m\u1ed7i n\u0103m. S\u1ea3n ph\u1ea9m &amp; nh\u00e0 m\u00e1y ch\u1ebf bi\u1ebfn c\u1ee7a HungHau Foods \u0111\u1ea1t c\u00e1c ch\u1ee9ng nh\u1eadn, ti\u00eau chu\u1ea9n qu\u1ed1c t\u1ebf, bao g\u1ed3m g\u1ed3m:,BRCGS, HACCP, ISO 22000, FDA, KV, HALAL v\u00e0 SMETA.<\/span><\/p>\n<h2><span style=\"color: #000000; font-family: arial, helvetica, sans-serif;\">\u0110\u1eb6C \u0110I\u1ec2M N\u1ed4I B\u1eacT\u00a0<\/span><\/h2>\n<ul>\n<li style=\"font-weight: 400;\" aria-level=\"1\"><span style=\"font-weight: 400; color: #000000; font-family: arial, helvetica, sans-serif;\">H\u00ecnh d\u1ea1ng: Qu\u1ea3 th\u01a1m tr\u00f2n ho\u1eb7c h\u01a1i d\u00e0i c\u00f3 h\u00ecnh tr\u1ee5, b\u1ec1 m\u1eb7t c\u00f3 c\u00e1c \u201cm\u1eaft\u201d l\u00e0 v\u1ebft l\u00f5m nh\u1ecf, \u0111\u1ed3ng \u0111\u1ec1u.<\/span><\/li>\n<li style=\"font-weight: 400;\" aria-level=\"1\"><span style=\"font-weight: 400; color: #000000; font-family: arial, helvetica, sans-serif;\">Ph\u00e2n lo\u1ea1i: Bao g\u1ed3m c\u00e1c gi\u1ed1ng ph\u1ed5 bi\u1ebfn nh\u01b0 th\u01a1m\u00a0 MD2 v\u00e0 th\u01a1m N\u1eef ho\u00e0ng.<\/span><\/li>\n<li style=\"font-weight: 400;\" aria-level=\"1\"><span style=\"font-weight: 400; color: #000000; font-family: arial, helvetica, sans-serif;\">M\u00e0u s\u1eafc: Ph\u1ea7n th\u1ecbt b\u00ean trong m\u00e0u v\u00e0ng t\u01b0\u01a1i h\u1ea5p d\u1eabn, gi\u1eef m\u00e0u t\u1ef1 nhi\u00ean sau c\u1ea5p \u0111\u00f4ng.<\/span><\/li>\n<li style=\"font-weight: 400;\" aria-level=\"1\"><span style=\"font-weight: 400; color: #000000; font-family: arial, helvetica, sans-serif;\">H\u01b0\u01a1ng v\u1ecb: Th\u01a1m n\u1ed3ng \u0111\u1eb7c tr\u01b0ng, v\u1ecb ng\u1ecdt thanh k\u1ebft h\u1ee3p chua nh\u1eb9, ph\u00f9 h\u1ee3p cho \u0111\u1ed3 u\u1ed1ng, tr\u00e1ng mi\u1ec7ng v\u00e0 ch\u1ebf bi\u1ebfn c\u00f4ng nghi\u1ec7p.<\/span><\/li>\n<li style=\"font-weight: 400;\" aria-level=\"1\"><span style=\"font-weight: 400; color: #000000; font-family: arial, helvetica, sans-serif;\">C\u00f4ng ngh\u1ec7 c\u1ea5p \u0111\u00f4ng: \u0110\u01b0\u1ee3c x\u1eed l\u00fd theo c\u00f4ng ngh\u1ec7 IQF (Individual Quick Freezing) c\u1ea5p \u0111\u00f4ng nhanh t\u1eebng c\u00e1 th\u1ec3 s\u1ea3n ph\u1ea9m.<\/span><\/li>\n<li style=\"font-weight: 400;\" aria-level=\"1\"><span style=\"color: #000000; font-family: arial, helvetica, sans-serif;\">D\u1ea1ng cung c\u1ea5p<b>:<\/b> <span style=\"font-weight: 400;\">\u00a0C\u1eaft que, c\u1eaft dices, c\u1eaft qu\u1ea1t, puree&#8230;<\/span><\/span><\/li>\n<\/ul>\n<h2><span style=\"color: #000000; font-family: arial, helvetica, sans-serif;\">TH\u00d4NG TIN K\u1ef8 THU\u1eacT:<\/span><\/h2>\n<table>\n<tbody>\n<tr style=\"height: 21px;\">\n<td style=\"height: 21px;\"><span style=\"font-weight: 400; color: #000000; font-family: arial, helvetica, sans-serif;\">Lo\u1ea1i h\u00e0ng (Style)<\/span><\/td>\n<td style=\"height: 21px;\"><span style=\"font-weight: 400; color: #000000; font-family: arial, helvetica, sans-serif;\">\u0110\u00f4ng L\u1ea1nh<\/span><\/td>\n<\/tr>\n<tr style=\"height: 21px;\">\n<td style=\"height: 21px;\"><span style=\"font-weight: 400; color: #000000; font-family: arial, helvetica, sans-serif;\">M\u00e0u s\u1eafc (Color)<\/span><\/td>\n<td style=\"height: 21px;\"><span style=\"font-weight: 400; color: #000000; font-family: arial, helvetica, sans-serif;\">V\u00e0ng t\u01b0\u01a1i<\/span><\/td>\n<\/tr>\n<tr style=\"height: 21px;\">\n<td style=\"height: 21px;\"><span style=\"font-weight: 400; color: #000000; font-family: arial, helvetica, sans-serif;\">K\u00edch th\u01b0\u1edbc (size)<\/span><\/td>\n<td style=\"height: 21px;\"><span style=\"font-weight: 400; color: #000000; font-family: arial, helvetica, sans-serif;\">C\u1eaft que, c\u1eaft dices, c\u1eaft qu\u1ea1t, puree<\/span><\/td>\n<\/tr>\n<tr style=\"height: 21px;\">\n<td style=\"height: 21px;\"><span style=\"font-weight: 400; color: #000000; font-family: arial, helvetica, sans-serif;\">Qu\u00e1 tr\u00ecnh \u0111\u00f4ng l\u1ea1nh (Freezing Process):<\/span><\/td>\n<td style=\"height: 21px;\"><span style=\"font-weight: 400; color: #000000; font-family: arial, helvetica, sans-serif;\">S\u1eed d\u1ee5ng c\u00f4ng ngh\u1ec7 c\u1ea5p \u0111\u00f4ng nhanh IQF (Individual Quick Freezing) \u2013 c\u1ea5p \u0111\u00f4ng t\u1eebng c\u00e1 th\u1ec3.<\/span><\/td>\n<\/tr>\n<tr style=\"height: 21px;\">\n<td style=\"height: 21px;\"><span style=\"font-weight: 400; color: #000000; font-family: arial, helvetica, sans-serif;\">Tr\u1ecdng l\u01b0\u1ee3ng PA (Weight\/PA)<\/span><\/td>\n<td style=\"height: 21px;\"><span style=\"font-weight: 400; color: #000000; font-family: arial, helvetica, sans-serif;\">T\u00f9y theo y\u00eau c\u1ea7u kh\u00e1ch h\u00e0ng<\/span><\/td>\n<\/tr>\n<tr style=\"height: 21px;\">\n<td style=\"height: 21px;\"><span style=\"font-weight: 400; color: #000000; font-family: arial, helvetica, sans-serif;\">Tr\u1ecdng l\u01b0\u1ee3ng\/ctn (Weight\/ctn):<\/span><\/td>\n<td style=\"height: 21px;\"><span style=\"font-weight: 400; color: #000000; font-family: arial, helvetica, sans-serif;\">T\u00f9y theo y\u00eau c\u1ea7u kh\u00e1ch h\u00e0ng<\/span><\/td>\n<\/tr>\n<tr style=\"height: 21px;\">\n<td style=\"height: 21px;\"><span style=\"font-weight: 400; color: #000000; font-family: arial, helvetica, sans-serif;\">Nhi\u1ec7t \u0111\u1ed9 l\u01b0u tr\u1eef (Storage):<\/span><\/td>\n<td style=\"height: 21px;\"><span style=\"font-weight: 400; color: #000000; font-family: arial, helvetica, sans-serif;\">-18\u2103<\/span><\/td>\n<\/tr>\n<tr style=\"height: 21px;\">\n<td style=\"height: 21px;\"><span style=\"font-weight: 400; color: #000000; font-family: arial, helvetica, sans-serif;\">Ngu\u1ed3n g\u1ed1c (origin):\u00a0<\/span><\/td>\n<td style=\"height: 21px;\"><span style=\"font-weight: 400; color: #000000; font-family: arial, helvetica, sans-serif;\">Vi\u1ec7t Nam<\/span><\/td>\n<\/tr>\n<tr style=\"height: 21px;\">\n<td style=\"height: 21px;\"><span style=\"font-weight: 400; color: #000000; font-family: arial, helvetica, sans-serif;\">Ph\u01b0\u01a1ng th\u1ee9c v\u1eadn chuy\u1ec3n (Method of delivery)<\/span><\/td>\n<td style=\"height: 21px;\"><span style=\"font-weight: 400; color: #000000; font-family: arial, helvetica, sans-serif;\">\u0110\u01b0\u1eddng bi\u1ec3n ho\u1eb7c \u0111\u01b0\u1eddng h\u00e0ng kh\u00f4ng.\u00a0<\/span><\/td>\n<\/tr>\n<tr style=\"height: 21px;\">\n<td style=\"height: 21px;\"><span style=\"font-weight: 400; color: #000000; font-family: arial, helvetica, sans-serif;\">\u0110\u00f3ng g\u00f3i (packaging)<\/span><\/td>\n<td style=\"height: 21px;\"><span style=\"font-weight: 400; color: #000000; font-family: arial, helvetica, sans-serif;\">10kg \/ 1 t\u00fai ho\u1eb7c t\u00f9y theo y\u00eau c\u1ea7u kh\u00e1ch h\u00e0ng<\/span><\/td>\n<\/tr>\n<tr style=\"height: 21px;\">\n<td style=\"height: 21px;\"><span style=\"font-weight: 400; color: #000000; font-family: arial, helvetica, sans-serif;\">Theo m\u00f9a (season)<\/span><\/td>\n<td style=\"height: 21px;\"><span style=\"font-weight: 400; color: #000000; font-family: arial, helvetica, sans-serif;\">T\u1eeb th\u00e1ng 3 \u0111\u1ebfn th\u00e1ng 7<\/span><\/td>\n<\/tr>\n<tr style=\"height: 21.2604px;\">\n<td style=\"height: 21.2604px;\"><span style=\"font-weight: 400; color: #000000; font-family: arial, helvetica, sans-serif;\">H\u1ea1n s\u1eed d\u1ee5ng (Shelf life)<\/span><\/td>\n<td style=\"height: 21.2604px;\"><span style=\"font-weight: 400; color: #000000; font-family: arial, helvetica, sans-serif;\">\u00a024 th\u00e1ng<\/span><\/td>\n<\/tr>\n<\/tbody>\n<\/table>\n<h2><span style=\"color: #000000;\">H\u00ccNH \u1ea2NH S\u1ea2N PH\u1ea8M<\/span><\/h2>\n<figure id=\"attachment_14926\" aria-describedby=\"caption-attachment-14926\" style=\"width: 830px\" class=\"wp-caption aligncenter\"><img loading=\"lazy\" decoding=\"async\" class=\" wp-image-14926\" src=\"https:\/\/hfoods.vn\/wp-content\/uploads\/2025\/03\/HHF_Trai-Cay-Dong-Lanh_Khom-que-scaled.jpg\" alt=\"khom_dong_lanh\" width=\"830\" height=\"830\" \/><figcaption id=\"caption-attachment-14926\" class=\"wp-caption-text\"><span style=\"font-family: arial, helvetica, sans-serif; color: #000000;\">kh\u00f3m c\u1eaft xi\u00ean khoe \u0111\u00f4ng l\u1ea1nh HungHau Foods HungHau Foods<\/span><\/figcaption><\/figure>\n<figure id=\"attachment_14954\" aria-describedby=\"caption-attachment-14954\" style=\"width: 2560px\" class=\"wp-caption alignnone\"><img loading=\"lazy\" decoding=\"async\" class=\"wp-image-14954 size-full\" src=\"https:\/\/hfoods.vn\/wp-content\/uploads\/2025\/03\/HHF_Trai-Cay-Dong-Lanh_Khom-quat-2-scaled.jpg\" alt=\"khom_dong_lanh\" width=\"2560\" height=\"2560\" \/><figcaption id=\"caption-attachment-14954\" class=\"wp-caption-text\"><center><span style=\"color: #000000; font-family: arial, helvetica, sans-serif;\">Kh\u00f3m c\u1eaft dice 1\/8 HungHau Foods<\/span><center><\/center><\/center><\/figcaption><\/figure>\n<p>&nbsp;<\/p>\n<figure id=\"attachment_14924\" aria-describedby=\"caption-attachment-14924\" style=\"width: 491px\" class=\"wp-caption aligncenter\"><img loading=\"lazy\" decoding=\"async\" class=\"wp-image-14924\" src=\"https:\/\/hfoods.vn\/wp-content\/uploads\/2025\/03\/HHF_Trai-Cay-Dong-Lanh_khom-16-scaled.jpg\" alt=\"khom_dong_lanh\" width=\"491\" height=\"276\" \/><figcaption id=\"caption-attachment-14924\" class=\"wp-caption-text\"><center><span style=\"color: #000000; font-family: arial, helvetica, sans-serif;\">Kh\u00f3m c\u1eaft dice 1\/16 HungHau Foods<\/span><center><\/center><\/center><\/figcaption><\/figure>\n<p><span style=\"color: #000000; font-family: arial, helvetica, sans-serif;\"><b>TH\u00c0NH PH\u1ea6N DINH D\u01af\u1ee0NG<\/b><\/span><\/p>\n<ul>\n<li style=\"font-weight: 400;\" aria-level=\"1\"><span style=\"font-weight: 400; color: #000000; font-family: arial, helvetica, sans-serif;\"><strong>N\u0103ng l\u01b0\u1ee3ng &amp; Carbohydrate<\/strong>: Kho\u1ea3ng 50 kcal\/100\u202fg, ch\u1ee7 y\u1ebfu t\u1eeb 13\u201315\u202fg carbohydrate, cung c\u1ea5p n\u0103ng l\u01b0\u1ee3ng nhanh v\u00e0 d\u1ec5 h\u1ea5p thu.<\/span><\/li>\n<li style=\"font-weight: 400;\" aria-level=\"1\"><span style=\"font-weight: 400; color: #000000; font-family: arial, helvetica, sans-serif;\"><strong>Ch\u1ea5t x\u01a1:<\/strong> 1,4\u20131,7\u202fg\/100\u202fg, h\u1ed7 tr\u1ee3 ti\u00eau h\u00f3a, gi\u1ea3m t\u00e1o b\u00f3n v\u00e0 t\u0103ng c\u1ea3m gi\u00e1c no.<\/span><\/li>\n<li style=\"font-weight: 400;\" aria-level=\"1\"><span style=\"font-weight: 400; color: #000000; font-family: arial, helvetica, sans-serif;\"><strong>Vitamin C:<\/strong> Kho\u1ea3ng 47\u201350\u202fmg\/100\u202fg, gi\u00fap t\u0103ng c\u01b0\u1eddng h\u1ec7 mi\u1ec5n d\u1ecbch, ch\u1ed1ng oxy h\u00f3a v\u00e0 h\u1ed7 tr\u1ee3 s\u1ea3n xu\u1ea5t collagen.<\/span><\/li>\n<li style=\"font-weight: 400;\" aria-level=\"1\"><span style=\"font-weight: 400; color: #000000; font-family: arial, helvetica, sans-serif;\"><strong>Kho\u00e1ng ch\u1ea5t:<\/strong> Ch\u1ee9a kali, mangan, magie, canxi, s\u1eaft\u2026 h\u1ed7 tr\u1ee3 ch\u1ee9c n\u0103ng tim m\u1ea1ch, x\u01b0\u01a1ng kh\u1edbp v\u00e0 trao \u0111\u1ed5i ch\u1ea5t.<\/span><\/li>\n<\/ul>\n<p><span style=\"color: #000000; font-family: arial, helvetica, sans-serif;\"><b>\u1ee8NG D\u1ee4NG D\u1ee8A \u0110\u00d4NG L\u1ea0NH<\/b><\/span><\/p>\n<ul>\n<li><span style=\"color: #000000; font-family: arial, helvetica, sans-serif;\"><span style=\"font-weight: 400;\">.<\/span><b>Ng\u00e0nh \u0111\u1ed3 u\u1ed1ng:<\/b><span style=\"font-weight: 400;\"> D\u1ee9a \u0111\u00f4ng l\u1ea1nh \u0111\u01b0\u1ee3c s\u1eed d\u1ee5ng l\u00e0m nguy\u00ean li\u1ec7u cho n\u01b0\u1edbc \u00e9p, sinh t\u1ed1, cocktail, smoothies, yogurt u\u1ed1ng v\u00e0 c\u00e1c d\u00f2ng \u0111\u1ed3 u\u1ed1ng pha ch\u1ebf, gi\u1eef m\u00e0u s\u1eafc t\u1ef1 nhi\u00ean v\u00e0 h\u01b0\u01a1ng v\u1ecb \u1ed5n \u0111\u1ecbnh.<\/span><\/span><\/li>\n<li><span style=\"color: #000000; font-family: arial, helvetica, sans-serif;\"><b> Th\u1ef1c ph\u1ea9m ch\u1ebf bi\u1ebfn:<\/b><span style=\"font-weight: 400;\"> Doanh nghi\u1ec7p s\u1eed d\u1ee5ng d\u1ee9a \u0111\u1ec3 s\u1ea3n xu\u1ea5t kem, sorbet, th\u1ea1ch, m\u1ee9t, nh\u00e2n b\u00e1nh, topping v\u00e0 c\u00e1c m\u00f3n tr\u00e1ng mi\u1ec7ng l\u1ea1nh, ph\u00f9 h\u1ee3p d\u00e2y chuy\u1ec1n c\u00f4ng nghi\u1ec7p v\u00e0 s\u1ea3n l\u01b0\u1ee3ng l\u1edbn.<\/span><\/span><\/li>\n<li><span style=\"color: #000000; font-family: arial, helvetica, sans-serif;\"><b> Kh\u00e1ch s\u1ea1n \u2013 Nh\u00e0 h\u00e0ng \u2013 Caf\u00e9:<\/b><span style=\"font-weight: 400;\"> D\u1ee9a \u0111\u00f4ng l\u1ea1nh\/puree d\u00f9ng trong pha ch\u1ebf, ch\u1ebf bi\u1ebfn m\u00f3n tr\u00e1ng mi\u1ec7ng, trang tr\u00ed m\u00f3n \u0103n, buffet, catering v\u00e0 c\u00e1c m\u00f3n \u0111\u1eb7c s\u1ea3n theo m\u00f9a.<\/span><\/span><\/li>\n<li><span style=\"color: #000000; font-family: arial, helvetica, sans-serif;\"><b> OEM \u2013 Nh\u00e3n hi\u1ec7u ri\u00eang:<\/b><span style=\"font-weight: 400;\"> Cung c\u1ea5p d\u1ee9a d\u1ea1ng IQF cho doanh nghi\u1ec7p l\u00e0m nh\u00e3n hi\u1ec7u ri\u00eang (OEM\/Private Label), \u0111\u00e1p \u1ee9ng y\u00eau c\u1ea7u v\u1ec1 ch\u1ea5t l\u01b0\u1ee3ng, quy c\u00e1ch \u0111\u00f3ng g\u00f3i v\u00e0 ti\u00eau chu\u1ea9n xu\u1ea5t kh\u1ea9u.<\/span><\/span><\/li>\n<\/ul>\n<p><span style=\"color: #000000; font-family: arial, helvetica, sans-serif;\"><strong><em data-start=\"181\" data-end=\"272\">Note: Ngo\u00e0i c\u00e1c s\u1ea3n ph\u1ea9m kh\u00e1c, HungHau Foods hi\u1ec7n c\u00f3 GACC cho d\u00f2ng c\u00f9i kh\u00f3m r\u1eafc \u0111\u01b0\u1eddng<\/em>.<\/strong><\/span><\/p>\n<h3><span style=\"color: #000000; font-family: arial, helvetica, sans-serif;\">TH\u00d4NG TIN LI\u00caN H\u1ec6:<\/span><\/h3>\n<p><span style=\"color: #000000; font-family: arial, helvetica, sans-serif;\">Email:\u00a0<span style=\"color: #0000ff;\"><a style=\"color: #0000ff;\" href=\"mailto:sales@hunghau.vn\">sales@hunghau.vn<\/a><\/span><\/span><br \/>\n<span style=\"color: #000000; font-family: arial, helvetica, sans-serif;\">Hotline: (+84)79 721 3333\u00a0<\/span><\/p>\n<p><span style=\"color: #000000; font-family: arial, helvetica, sans-serif;\">Email:\u00a0\u00a0<span style=\"color: #0000ff;\"><a style=\"color: #0000ff;\" href=\"mailto:Anna@hunghau.vn\">hana@hunghau.vn<\/a>\u00a0<\/span><\/span><br \/>\n<span style=\"color: #000000; font-family: arial, helvetica, sans-serif;\">Hotline: (+84)79 721 3333\u00a0<\/span><\/p>\n<p><span style=\"color: #000000; font-family: arial, helvetica, sans-serif;\">Email:\u00a0<span style=\"color: #0000ff;\"><a style=\"color: #0000ff;\" href=\"mailto:yenn@hunghau.vn\">yenn@hunghau.vn<\/a>\u00a0<\/span><\/span><br \/>\n<span style=\"color: #000000; font-family: arial, helvetica, sans-serif;\">Hotline: (+84)78 520 3333<\/span><\/p>\n<p><span style=\"font-weight: 400; color: #000000;\">LinkedIn<span style=\"color: #1755ad;\">:<\/span><\/span><span style=\"color: #1755ad;\"><a style=\"color: #1755ad;\" href=\"https:\/\/lnkd.in\/g_KkBKHf\"><span style=\"font-weight: 400;\"> https:\/\/lnkd.in\/g_KkBKHf<\/span><\/a><\/span><\/p>\n<p><span style=\"color: #000000; font-family: arial, helvetica, sans-serif;\"><b>C\u00f4ng ty C\u1ed5 ph\u1ea7n Th\u1ef1c ph\u1ea9m H\u00f9ng H\u1eadu (HungHau Foods)<\/b><\/span><\/p>\n<p><span style=\"font-family: arial, helvetica, sans-serif;\"><strong><span style=\"color: #000000;\">\u0110\u1ecba ch\u1ec9: 642 \u00c2u C\u01a1, Ph\u01b0\u1eddng B\u1ea3y Hi\u1ec1n, Th\u00e0nh Ph\u1ed1 H\u1ed3 Ch\u00ed Minh<\/span><\/strong><\/span><\/p>\n<p><span style=\"color: #000000; font-family: arial, helvetica, sans-serif;\"><b>Nh\u00e0 xu\u1ea5t kh\u1ea9u n\u00f4ng s\u1ea3n &#8211; Nh\u00e0 cung \u1ee9ng tr\u00e1i c\u00e2y &amp; rau c\u1ee7 \u0111\u00f4ng l\u1ea1nh t\u1ea1i Vi\u1ec7t Nam.<\/b><\/span><\/p>\n","protected":false},"excerpt":{"rendered":"<div>\n<table style=\"width: 403.031px;\">\n<tbody>\n<tr>\n<td style=\"width: 101px;\"><span style=\"color: #1755ad;\"><strong>Lo\u1ea1i<\/strong><\/span><\/td>\n<td style=\"width: 287.031px;\"><span style=\"font-family: arial, helvetica, sans-serif; color: #000000;\">Kh\u00f3m c\u1eaft que, c\u1eaft dices, r\u1ebb qu\u1ea1t, puree..<\/span><\/td>\n<\/tr>\n<tr>\n<td style=\"width: 101px;\"><span style=\"color: #1755ad;\"><strong>M\u00f9a v\u1ee5 ch\u00ednh<\/strong><\/span><\/td>\n<td style=\"width: 287.031px;\"><span style=\"font-family: arial, helvetica, sans-serif; color: #000000;\">Th\u00e1ng 3-4-5-6-7<\/span><\/td>\n<\/tr>\n<tr>\n<td style=\"width: 101px;\"><span style=\"color: #1755ad;\"><strong>Quy c\u00e1ch<\/strong><\/span><\/td>\n<td style=\"width: 287.031px;\"><span style=\"color: #000000;\">10kg\/t\u00fai ho\u1eb7c theo y\u00eau c\u1ea7u kh\u00e1ch h\u00e0ng\u00a0<\/span><\/td>\n<\/tr>\n<tr>\n<td style=\"width: 101px;\"><span style=\"color: #1755ad;\"><strong>\u0110i\u1ec1u ki\u1ec7n<\/strong><\/span><\/td>\n<td style=\"width: 287.031px;\"><span style=\"color: #000000;\">-18 \u0111\u1ed9<\/span><\/td>\n<\/tr>\n<tr>\n<td style=\"width: 101px;\"><span style=\"color: #1755ad;\"><b>C\u00f4ng su\u1ea5t<\/b><\/span><\/td>\n<td style=\"width: 287.031px;\"><span style=\"color: #000000;\">2,000 t\u1ea5n h\u1eb1ng n\u0103m<\/span><\/td>\n<\/tr>\n<tr>\n<td style=\"width: 101px;\"><span style=\"color: #1755ad;\"><b>Th\u1eddi h\u1ea1n s\u1eed d\u1ee5ng<\/b><\/span><\/td>\n<td style=\"width: 287.031px;\"><span style=\"color: #000000;\">24 th\u00e1ng<\/span><\/td>\n<\/tr>\n<\/tbody>\n<\/table>\n<\/div>\n<div>\n<div><\/div>\n<\/div>\n","protected":false},"featured_media":14922,"comment_status":"closed","ping_status":"closed","template":"","meta":[],"product_brand":[],"product_cat":[99],"product_tag":[],"class_list":{"0":"post-14905","1":"product","2":"type-product","3":"status-publish","4":"has-post-thumbnail","6":"product_cat-rau-cu-qua-dong-lanh","8":"first","9":"instock","10":"shipping-taxable","11":"product-type-simple"},"_links":{"self":[{"href":"https:\/\/hfoods.vn\/vi\/wp-json\/wp\/v2\/product\/14905","targetHints":{"allow":["GET"]}}],"collection":[{"href":"https:\/\/hfoods.vn\/vi\/wp-json\/wp\/v2\/product"}],"about":[{"href":"https:\/\/hfoods.vn\/vi\/wp-json\/wp\/v2\/types\/product"}],"replies":[{"embeddable":true,"href":"https:\/\/hfoods.vn\/vi\/wp-json\/wp\/v2\/comments?post=14905"}],"wp:featuredmedia":[{"embeddable":true,"href":"https:\/\/hfoods.vn\/vi\/wp-json\/wp\/v2\/media\/14922"}],"wp:attachment":[{"href":"https:\/\/hfoods.vn\/vi\/wp-json\/wp\/v2\/media?parent=14905"}],"wp:term":[{"taxonomy":"product_brand","embeddable":true,"href":"https:\/\/hfoods.vn\/vi\/wp-json\/wp\/v2\/product_brand?post=14905"},{"taxonomy":"product_cat","embeddable":true,"href":"https:\/\/hfoods.vn\/vi\/wp-json\/wp\/v2\/product_cat?post=14905"},{"taxonomy":"product_tag","embeddable":true,"href":"https:\/\/hfoods.vn\/vi\/wp-json\/wp\/v2\/product_tag?post=14905"}],"curies":[{"name":"wp","href":"https:\/\/api.w.org\/{rel}","templated":true}]}}