{"id":15070,"date":"2025-07-24T04:42:44","date_gmt":"2025-07-23T21:42:44","guid":{"rendered":"https:\/\/hfoods.vn\/?post_type=product&#038;p=15070"},"modified":"2026-04-01T16:08:36","modified_gmt":"2026-04-01T09:08:36","slug":"xoai-dong-lanh-2","status":"publish","type":"product","link":"https:\/\/hfoods.vn\/vi\/san-pham\/xoai-dong-lanh-2\/","title":{"rendered":"Xo\u00e0i C\u00e1t Chu \u0110\u00f4ng L\u1ea1nh"},"content":{"rendered":"<h2 data-start=\"87\" data-end=\"107\"><span style=\"color: #000000;\">XO\u00c0I C\u00c1T CHU IQF<\/span><\/h2>\n<p data-start=\"109\" data-end=\"481\"><span style=\"color: #000000;\">Xo\u00e0i C\u00e1t Chu IQF c\u1ee7a C\u00f4ng ty C\u1ed5 ph\u1ea7n Th\u1ef1c ph\u1ea9m H\u00f9ng H\u1eadu (HungHau Foods) \u0111\u01b0\u1ee3c tuy\u1ec3n ch\u1ecdn k\u1ef9 l\u01b0\u1ee1ng t\u1eeb nh\u1eefng tr\u00e1i xo\u00e0i ch\u1ea5t l\u01b0\u1ee3ng cao, tr\u1ed3ng t\u1ea1i c\u00e1c v\u00f9ng nguy\u00ean li\u1ec7u \u0111\u1ea1t chu\u1ea9n \u1edf \u0110\u1ed3ng Th\u00e1p v\u00e0 An Giang, Vi\u1ec7t Nam. S\u1ea3n ph\u1ea9m \u0111\u01b0\u1ee3c ch\u1ebf bi\u1ebfn b\u1eb1ng c\u00f4ng ngh\u1ec7 c\u1ea5p \u0111\u00f4ng nhanh ri\u00eang l\u1ebb IQF (Individual Quick Freezing), gi\u00fap gi\u1eef tr\u1ecdn h\u01b0\u01a1ng v\u1ecb t\u1ef1 nhi\u00ean, m\u00e0u s\u1eafc v\u00e0 ch\u1ea5t l\u01b0\u1ee3ng c\u1ee7a tr\u00e1i xo\u00e0i.<\/span><\/p>\n<p data-start=\"483\" data-end=\"694\"><span style=\"color: #000000;\">HungHau Foods c\u00f3 n\u0103ng l\u1ef1c cung \u1ee9ng l\u00ean \u0111\u1ebfn 10.000 t\u1ea5n xo\u00e0i C\u00e1t Chu IQF m\u1ed7i n\u0103m. S\u1ea3n ph\u1ea9m v\u00e0 nh\u00e0 m\u00e1y s\u1ea3n xu\u1ea5t \u0111\u1ec1u \u0111\u1ea1t c\u00e1c ch\u1ee9ng nh\u1eadn ti\u00eau chu\u1ea9n qu\u1ed1c t\u1ebf nh\u01b0: GACC, BRCGS, HACCP, ISO 22000, FDA, KV, HALAL v\u00e0 SMETA.<\/span><\/p>\n<h2 data-start=\"701\" data-end=\"722\"><span style=\"color: #000000;\">\u0110\u1eb6C \u0110I\u1ec2M N\u1ed4I B\u1eacT:<\/span><\/h2>\n<ul data-start=\"724\" data-end=\"1166\">\n<li data-section-id=\"2hv2uq\" data-start=\"724\" data-end=\"758\"><span style=\"color: #000000;\"><strong data-start=\"726\" data-end=\"742\">Tr\u1ecdng l\u01b0\u1ee3ng:<\/strong> 250\u2013350g\/tr\u00e1i<\/span><\/li>\n<li data-section-id=\"3kdcwi\" data-start=\"759\" data-end=\"822\"><span style=\"color: #000000;\"><strong data-start=\"761\" data-end=\"768\">V\u1ecf:<\/strong> M\u1ecfng, khi ch\u00edn c\u00f3 m\u00e0u v\u00e0ng t\u01b0\u01a1i, b\u1ec1 m\u1eb7t m\u1ecbn v\u00e0 b\u00f3ng<\/span><\/li>\n<li data-section-id=\"n19itc\" data-start=\"823\" data-end=\"883\"><span style=\"color: #000000;\"><strong data-start=\"825\" data-end=\"834\">Th\u1ecbt:<\/strong> M\u00e0u v\u00e0ng cam, ch\u1eafc, gi\u00f2n nh\u1eb9, g\u1ea7n nh\u01b0 kh\u00f4ng x\u01a1<\/span><\/li>\n<li data-section-id=\"15l4v76\" data-start=\"884\" data-end=\"960\"><span style=\"color: #000000;\"><strong data-start=\"886\" data-end=\"899\">H\u01b0\u01a1ng v\u1ecb:<\/strong> Khi c\u00f2n xanh c\u00f3 v\u1ecb chua nh\u1eb9; khi ch\u00edn ng\u1ecdt thanh, t\u01b0\u01a1i m\u00e1t<\/span><\/li>\n<li data-section-id=\"owcsnw\" data-start=\"961\" data-end=\"1074\"><span style=\"color: #000000;\"><strong data-start=\"963\" data-end=\"986\">C\u00f4ng ngh\u1ec7 c\u1ea5p \u0111\u00f4ng:<\/strong> \u1ee8ng d\u1ee5ng c\u00f4ng ngh\u1ec7 IQF (c\u1ea5p \u0111\u00f4ng nhanh ri\u00eang l\u1ebb), gi\u00fap c\u1ea5p \u0111\u00f4ng t\u1eebng mi\u1ebfng ri\u00eang bi\u1ec7t<\/span><\/li>\n<li data-section-id=\"1mdi3i5\" data-start=\"1075\" data-end=\"1166\"><span style=\"color: #000000;\"><strong data-start=\"1077\" data-end=\"1095\">D\u1ea1ng s\u1ea3n ph\u1ea9m:<\/strong> M\u00e1 xo\u00e0i, que xo\u00e0i, xo\u00e0i c\u1eaft h\u1ea1t l\u1ef1u, puree xo\u00e0i v\u00e0 nhi\u1ec1u d\u1ea1ng kh\u00e1c<\/span><\/li>\n<\/ul>\n<h2><span style=\"color: #000000;\">TH\u00d4NG TIN K\u1ef8 THU\u1eacT<\/span><\/h2>\n<table class=\"w-fit min-w-(--thread-content-width)\" data-start=\"80\" data-end=\"781\">\n<thead data-start=\"80\" data-end=\"123\">\n<tr data-start=\"80\" data-end=\"123\">\n<th class=\"\" data-start=\"80\" data-end=\"106\" data-col-size=\"sm\"><span style=\"color: #000000;\"><strong data-start=\"82\" data-end=\"94\">Ti\u00eau ch\u00ed<\/strong><\/span><\/th>\n<th class=\"\" data-start=\"106\" data-end=\"123\" data-col-size=\"sm\"><span style=\"color: #000000;\"><strong data-start=\"108\" data-end=\"121\">Th\u00f4ng tin<\/strong><\/span><\/th>\n<\/tr>\n<\/thead>\n<tbody data-start=\"166\" data-end=\"781\">\n<tr data-start=\"166\" data-end=\"204\">\n<td data-start=\"166\" data-end=\"191\" data-col-size=\"sm\"><span style=\"color: #000000;\"><strong data-start=\"168\" data-end=\"185\">D\u1ea1ng s\u1ea3n ph\u1ea9m<\/strong><\/span><\/td>\n<td data-col-size=\"sm\" data-start=\"191\" data-end=\"204\"><span style=\"color: #000000;\">\u0110\u00f4ng l\u1ea1nh<\/span><\/td>\n<\/tr>\n<tr data-start=\"205\" data-end=\"238\">\n<td data-start=\"205\" data-end=\"230\" data-col-size=\"sm\"><span style=\"color: #000000;\"><strong data-start=\"207\" data-end=\"218\">M\u00e0u s\u1eafc<\/strong><\/span><\/td>\n<td data-col-size=\"sm\" data-start=\"230\" data-end=\"238\"><span style=\"color: #000000;\">V\u00e0ng<\/span><\/td>\n<\/tr>\n<tr data-start=\"239\" data-end=\"304\">\n<td data-start=\"239\" data-end=\"264\" data-col-size=\"sm\"><span style=\"color: #000000;\"><strong data-start=\"241\" data-end=\"254\">H\u00ecnh d\u1ea1ng<\/strong><\/span><\/td>\n<td data-col-size=\"sm\" data-start=\"264\" data-end=\"304\"><span style=\"color: #000000;\">M\u00e1 xo\u00e0i, thanh, h\u1ea1t l\u1ef1u, kh\u1ed1i, puree<\/span><\/td>\n<\/tr>\n<tr data-start=\"305\" data-end=\"363\">\n<td data-start=\"305\" data-end=\"330\" data-col-size=\"sm\"><span style=\"color: #000000;\"><strong data-start=\"307\" data-end=\"329\">C\u00f4ng ngh\u1ec7 c\u1ea5p \u0111\u00f4ng<\/strong><\/span><\/td>\n<td data-col-size=\"sm\" data-start=\"330\" data-end=\"363\"><span style=\"color: #000000;\">IQF (C\u1ea5p \u0111\u00f4ng nhanh ri\u00eang l\u1ebb)<\/span><\/td>\n<\/tr>\n<tr data-start=\"364\" data-end=\"416\">\n<td data-start=\"364\" data-end=\"389\" data-col-size=\"sm\"><span style=\"color: #000000;\"><strong data-start=\"366\" data-end=\"383\">Kh\u1ed1i l\u01b0\u1ee3ng\/PA<\/strong><\/span><\/td>\n<td data-col-size=\"sm\" data-start=\"389\" data-end=\"416\"><span style=\"color: #000000;\">Theo y\u00eau c\u1ea7u kh\u00e1ch h\u00e0ng<\/span><\/td>\n<\/tr>\n<tr data-start=\"417\" data-end=\"469\">\n<td data-start=\"417\" data-end=\"442\" data-col-size=\"sm\"><span style=\"color: #000000;\"><strong data-start=\"419\" data-end=\"439\">Kh\u1ed1i l\u01b0\u1ee3ng\/th\u00f9ng<\/strong><\/span><\/td>\n<td data-col-size=\"sm\" data-start=\"442\" data-end=\"469\"><span style=\"color: #000000;\">Theo y\u00eau c\u1ea7u kh\u00e1ch h\u00e0ng<\/span><\/td>\n<\/tr>\n<tr data-start=\"470\" data-end=\"503\">\n<td data-start=\"470\" data-end=\"495\" data-col-size=\"sm\"><span style=\"color: #000000;\"><strong data-start=\"472\" data-end=\"484\">B\u1ea3o qu\u1ea3n<\/strong><\/span><\/td>\n<td data-col-size=\"sm\" data-start=\"495\" data-end=\"503\"><span style=\"color: #000000;\">-18\u2103<\/span><\/td>\n<\/tr>\n<tr data-start=\"504\" data-end=\"541\">\n<td data-start=\"504\" data-end=\"529\" data-col-size=\"sm\"><span style=\"color: #000000;\"><strong data-start=\"506\" data-end=\"517\">Xu\u1ea5t x\u1ee9<\/strong><\/span><\/td>\n<td data-col-size=\"sm\" data-start=\"529\" data-end=\"541\"><span style=\"color: #000000;\">Vi\u1ec7t Nam<\/span><\/td>\n<\/tr>\n<tr data-start=\"542\" data-end=\"606\">\n<td data-start=\"542\" data-end=\"570\" data-col-size=\"sm\"><span style=\"color: #000000;\"><strong data-start=\"544\" data-end=\"569\">Ph\u01b0\u01a1ng th\u1ee9c giao h\u00e0ng<\/strong><\/span><\/td>\n<td data-col-size=\"sm\" data-start=\"570\" data-end=\"606\"><span style=\"color: #000000;\">\u0110\u01b0\u1eddng bi\u1ec3n ho\u1eb7c \u0111\u01b0\u1eddng h\u00e0ng kh\u00f4ng<\/span><\/td>\n<\/tr>\n<tr data-start=\"607\" data-end=\"673\">\n<td data-start=\"607\" data-end=\"632\" data-col-size=\"sm\"><span style=\"color: #000000;\"><strong data-start=\"609\" data-end=\"621\">\u0110\u00f3ng g\u00f3i<\/strong><\/span><\/td>\n<td data-col-size=\"sm\" data-start=\"632\" data-end=\"673\"><span style=\"color: #000000;\">10kg\/t\u00fai ho\u1eb7c theo y\u00eau c\u1ea7u kh\u00e1ch h\u00e0ng<\/span><\/td>\n<\/tr>\n<tr data-start=\"674\" data-end=\"743\">\n<td data-start=\"674\" data-end=\"699\" data-col-size=\"sm\"><span style=\"color: #000000;\"><strong data-start=\"676\" data-end=\"686\">M\u00f9a v\u1ee5<\/strong><\/span><\/td>\n<td data-col-size=\"sm\" data-start=\"699\" data-end=\"743\"><span style=\"color: #000000;\">Th\u00e1ng 2 \u2013 th\u00e1ng 6 v\u00e0 th\u00e1ng 10 \u2013 th\u00e1ng 12<\/span><\/td>\n<\/tr>\n<tr data-start=\"744\" data-end=\"781\">\n<td data-start=\"744\" data-end=\"769\" data-col-size=\"sm\"><span style=\"color: #000000;\"><strong data-start=\"746\" data-end=\"761\">H\u1ea1n s\u1eed d\u1ee5ng<\/strong><\/span><\/td>\n<td data-col-size=\"sm\" data-start=\"769\" data-end=\"781\"><span style=\"color: #000000;\">24 th\u00e1ng<\/span><\/td>\n<\/tr>\n<\/tbody>\n<\/table>\n<p>&nbsp;<\/p>\n<h3><span style=\"color: #000000; font-family: arial, helvetica, sans-serif;\">TH\u00d4NG TIN LI\u00caN H\u1ec6\u00a0<\/span><\/h3>\n<p><span style=\"color: #000000; font-family: arial, helvetica, sans-serif;\">Email:\u00a0<span style=\"color: #0000ff;\"><a style=\"color: #0000ff;\" href=\"mailto:sales@hunghau.vn\">sales@hunghau.vn<\/a><\/span><\/span><br \/>\n<span style=\"color: #000000; font-family: arial, helvetica, sans-serif;\">Hotline: (+84)79 721 3333\u00a0<\/span><\/p>\n<p><span style=\"color: #000000; font-family: arial, helvetica, sans-serif;\">Email:\u00a0\u00a0<span style=\"color: #0000ff;\"><a style=\"color: #0000ff;\" href=\"mailto:Anna@hunghau.vn\">hana@hunghau.vn<\/a>\u00a0<\/span><\/span><br \/>\n<span style=\"color: #000000; font-family: arial, helvetica, sans-serif;\">Hotline: (+84)79 721 3333\u00a0<\/span><\/p>\n<p><span style=\"color: #000000; font-family: arial, helvetica, sans-serif;\">Email:\u00a0<span style=\"color: #0000ff;\"><a style=\"color: #0000ff;\" href=\"mailto:yenn@hunghau.vn\">yenn@hunghau.vn<\/a>\u00a0<\/span><\/span><br \/>\n<span style=\"color: #000000; font-family: arial, helvetica, sans-serif;\">Hotline: (+84)78 520 3333<\/span><\/p>\n<p><span style=\"font-weight: 400; color: #000000;\">LinkedIn<span style=\"color: #1755ad;\">:<\/span><\/span><span style=\"color: #1755ad;\"><a style=\"color: #1755ad;\" href=\"https:\/\/lnkd.in\/g_KkBKHf\"><span style=\"font-weight: 400;\"> https:\/\/lnkd.in\/g_KkBKHf<\/span><\/a><\/span><\/p>\n<h2><span style=\"color: #000000;\">H\u00ccNH \u1ea2NH S\u1ea2N PH\u1ea8M<\/span><\/h2>\n<figure id=\"attachment_22580\" aria-describedby=\"caption-attachment-22580\" style=\"width: 1000px\" class=\"wp-caption aligncenter\"><img loading=\"lazy\" decoding=\"async\" class=\"size-full wp-image-22580\" src=\"https:\/\/hfoods.vn\/wp-content\/uploads\/2025\/06\/HHF_Hang-Dong_Xoai-chu-dice-1.jpg\" alt=\"IQF Cat Chu Mango cut dices HungHau Foods\" width=\"1000\" height=\"1000\" srcset=\"https:\/\/hfoods.vn\/wp-content\/uploads\/2025\/06\/HHF_Hang-Dong_Xoai-chu-dice-1.jpg 1000w, https:\/\/hfoods.vn\/wp-content\/uploads\/2025\/06\/HHF_Hang-Dong_Xoai-chu-dice-1-768x768.jpg 768w, https:\/\/hfoods.vn\/wp-content\/uploads\/2025\/06\/HHF_Hang-Dong_Xoai-chu-dice-1-45x45.jpg 45w, https:\/\/hfoods.vn\/wp-content\/uploads\/2025\/06\/HHF_Hang-Dong_Xoai-chu-dice-1-100x100.jpg 100w\" sizes=\"auto, (max-width: 1000px) 100vw, 1000px\" \/><figcaption id=\"caption-attachment-22580\" class=\"wp-caption-text\"><\/span> <center><span style=\"color: #000000;\">Xo\u00e0i C\u00e1t Chu c\u1eaft dices HungHau Foods<\/span><center><\/center><\/center><\/figcaption><\/figure>\n<div class=\"flex max-w-full flex-col grow\">\n<div class=\"min-h-8 text-message relative flex w-full flex-col items-end gap-2 text-start break-words whitespace-normal [.text-message+&amp;]:mt-1\" dir=\"auto\" data-message-author-role=\"assistant\" data-message-id=\"c1049b4a-6d31-48ba-ac8b-ac0941d5f7b0\" data-message-model-slug=\"gpt-5-2\">\n<div class=\"flex w-full flex-col gap-1 empty:hidden first:pt-[1px]\">\n<div class=\"markdown prose dark:prose-invert w-full break-words light markdown-new-styling\">\n<figure id=\"attachment_22582\" aria-describedby=\"caption-attachment-22582\" style=\"width: 1000px\" class=\"wp-caption aligncenter\"><img loading=\"lazy\" decoding=\"async\" class=\"size-full wp-image-22582\" src=\"https:\/\/hfoods.vn\/wp-content\/uploads\/2025\/06\/HHF_Hang-Dong_Xoai-chu-que-1.jpg\" alt=\"IQF Cat Chu Mango cut sticks HungHau Foods\" width=\"1000\" height=\"1000\" srcset=\"https:\/\/hfoods.vn\/wp-content\/uploads\/2025\/06\/HHF_Hang-Dong_Xoai-chu-que-1.jpg 1000w, https:\/\/hfoods.vn\/wp-content\/uploads\/2025\/06\/HHF_Hang-Dong_Xoai-chu-que-1-768x768.jpg 768w, https:\/\/hfoods.vn\/wp-content\/uploads\/2025\/06\/HHF_Hang-Dong_Xoai-chu-que-1-45x45.jpg 45w, https:\/\/hfoods.vn\/wp-content\/uploads\/2025\/06\/HHF_Hang-Dong_Xoai-chu-que-1-100x100.jpg 100w\" sizes=\"auto, (max-width: 1000px) 100vw, 1000px\" \/><figcaption id=\"caption-attachment-22582\" class=\"wp-caption-text\"><\/span> <center><span style=\"color: #000000;\">IXo\u00e0i C\u00e1t Chu c\u1eaft sticks HungHau Foods<\/span><center><\/center><\/center><\/figcaption><\/figure>\n<h3 data-section-id=\"1ygp5fw\" data-start=\"86\" data-end=\"112\"><span style=\"color: #000000;\" role=\"text\">GI\u00c1 TR\u1eca DINH D\u01af\u1ee0NG<\/span><\/h3>\n<ul data-start=\"246\" data-end=\"920\">\n<li data-section-id=\"x3jqxj\" data-start=\"246\" data-end=\"442\"><span style=\"color: #000000;\"><strong data-start=\"248\" data-end=\"262\">Vitamin C:<\/strong> Xo\u00e0i C\u00e1t Chu l\u00e0 ngu\u1ed3n cung c\u1ea5p vitamin C d\u1ed3i d\u00e0o, gi\u00fap t\u0103ng c\u01b0\u1eddng h\u1ec7 mi\u1ec5n d\u1ecbch v\u00e0 n\u00e2ng cao s\u1ee9c \u0111\u1ec1 kh\u00e1ng. \u0110\u1ed3ng th\u1eddi, vitamin C c\u00f2n h\u1ed7 tr\u1ee3 s\u1ea3n sinh collagen, t\u1ed1t cho l\u00e0n da v\u00e0 kh\u1edbp.<\/span><\/li>\n<li data-section-id=\"1n23rzu\" data-start=\"444\" data-end=\"608\"><span style=\"color: #000000;\"><strong data-start=\"446\" data-end=\"462\">Carotenoids:<\/strong> Ch\u1ee9a h\u00e0m l\u01b0\u1ee3ng carotenoids \u0111\u00e1ng k\u1ec3, gi\u00fap duy tr\u00ec s\u1ee9c kh\u1ecfe m\u1eaft v\u00e0 da, \u0111\u1ed3ng th\u1eddi h\u1ed7 tr\u1ee3 h\u1ec7 mi\u1ec5n d\u1ecbch, \u0111\u1eb7c bi\u1ec7t c\u00f3 l\u1ee3i cho tr\u1ebb em v\u00e0 ng\u01b0\u1eddi l\u1edbn tu\u1ed5i.<\/span><\/li>\n<li data-section-id=\"1ts1qzt\" data-start=\"610\" data-end=\"755\"><span style=\"color: #000000;\"><strong data-start=\"612\" data-end=\"624\">Ch\u1ea5t x\u01a1:<\/strong> H\u00e0m l\u01b0\u1ee3ng ch\u1ea5t x\u01a1 gi\u00fap h\u1ed7 tr\u1ee3 ti\u00eau h\u00f3a, t\u1ea1o c\u1ea3m gi\u00e1c no l\u00e2u v\u00e0 g\u00f3p ph\u1ea7n \u0111i\u1ec1u h\u00f2a cholesterol trong m\u00e1u, t\u1ed1t cho s\u1ee9c kh\u1ecfe tim m\u1ea1ch.<\/span><\/li>\n<li data-section-id=\"7v4wkr\" data-start=\"757\" data-end=\"920\"><span style=\"color: #000000;\"><strong data-start=\"759\" data-end=\"768\">Kali:<\/strong> Xo\u00e0i C\u00e1t Chu cung c\u1ea5p kali \u2013 m\u1ed9t kho\u00e1ng ch\u1ea5t thi\u1ebft y\u1ebfu gi\u00fap ki\u1ec3m so\u00e1t huy\u1ebft \u00e1p, c\u1ea3i thi\u1ec7n s\u1ee9c kh\u1ecfe tim m\u1ea1ch v\u00e0 duy tr\u00ec c\u00e2n b\u1eb1ng \u0111i\u1ec7n gi\u1ea3i trong c\u01a1 th\u1ec3.<\/span><\/li>\n<\/ul>\n<h3 data-section-id=\"1olqc64\" data-start=\"927\" data-end=\"960\"><span style=\"color: #000000;\" role=\"text\">\u1ee8NG D\u1ee4NG C\u1ee6A XO\u00c0I C\u00c1T CHU<\/span><\/h3>\n<ul data-start=\"962\" data-end=\"1597\">\n<li data-section-id=\"16lt7r1\" data-start=\"962\" data-end=\"1141\"><span style=\"color: #000000;\"><strong data-start=\"964\" data-end=\"976\">\u0110\u1ed3 u\u1ed1ng:<\/strong> Xo\u00e0i C\u00e1t Chu \u0111\u00f4ng l\u1ea1nh \u0111\u01b0\u1ee3c s\u1eed d\u1ee5ng \u0111\u1ec3 s\u1ea3n xu\u1ea5t n\u01b0\u1edbc \u00e9p, sinh t\u1ed1, tr\u00e0 xo\u00e0i v\u00e0 c\u00e1c lo\u1ea1i \u0111\u1ed3 u\u1ed1ng pha tr\u1ed9n nh\u1edd m\u00e0u s\u1eafc b\u1eaft m\u1eaft v\u00e0 h\u01b0\u01a1ng v\u1ecb chua ng\u1ecdt t\u1ef1 nhi\u00ean c\u00e2n b\u1eb1ng.<\/span><\/li>\n<li data-section-id=\"rlcjm1\" data-start=\"1143\" data-end=\"1304\"><span style=\"color: #000000;\"><strong data-start=\"1145\" data-end=\"1168\">Th\u1ef1c ph\u1ea9m ch\u1ebf bi\u1ebfn:<\/strong> L\u00e0 nguy\u00ean li\u1ec7u l\u00fd t\u01b0\u1edfng cho m\u1ee9t xo\u00e0i, puree, s\u1ed1t xo\u00e0i, kem, s\u1eefa chua v\u00e0 c\u00e1c s\u1ea3n ph\u1ea9m tr\u00e1ng mi\u1ec7ng, \u0111\u1ea3m b\u1ea3o ch\u1ea5t l\u01b0\u1ee3ng \u1ed5n \u0111\u1ecbnh quanh n\u0103m.<\/span><\/li>\n<li data-section-id=\"1q3xy3l\" data-start=\"1306\" data-end=\"1428\"><span style=\"color: #000000;\"><strong data-start=\"1308\" data-end=\"1331\">B\u00e1nh &amp; tr\u00e1ng mi\u1ec7ng:<\/strong> Ph\u00f9 h\u1ee3p l\u00e0m nh\u00e2n b\u00e1nh, topping, th\u1ea1ch, pudding v\u00e0 c\u00e1c s\u1ea3n ph\u1ea9m bakery nh\u1edd k\u1ebft c\u1ea5u ch\u1eafc v\u00e0 \u00edt x\u01a1.<\/span><\/li>\n<li data-section-id=\"bvcy30\" data-start=\"1430\" data-end=\"1597\"><span style=\"color: #000000;\"><strong data-start=\"1432\" data-end=\"1464\">Nguy\u00ean li\u1ec7u OEM &amp; xu\u1ea5t kh\u1ea9u:<\/strong> \u0110a d\u1ea1ng quy c\u00e1ch \u0111\u00f3ng g\u00f3i, thu\u1eadn ti\u1ec7n cho c\u00e1c nh\u00e0 m\u00e1y ch\u1ebf bi\u1ebfn th\u1ef1c ph\u1ea9m v\u00e0 \u0111\u00e1p \u1ee9ng c\u00e1c ti\u00eau chu\u1ea9n qu\u1ed1c t\u1ebf cho th\u1ecb tr\u01b0\u1eddng xu\u1ea5t kh\u1ea9u.<\/span><\/li>\n<\/ul>\n<h3><span style=\"color: #000000;\">TH\u00d4NG TIN LI\u00caN H\u1ec6:<\/span><\/h3>\n<p><span style=\"color: #000000; font-family: arial, helvetica, sans-serif;\">Email:\u00a0<span style=\"color: #0000ff;\"><a style=\"color: #0000ff;\" href=\"mailto:sales@hunghau.vn\">sales@hunghau.vn<\/a><\/span><\/span><br \/>\n<span style=\"color: #000000; font-family: arial, helvetica, sans-serif;\">Hotline: (+84)79 721 3333\u00a0<\/span><\/p>\n<p><span style=\"color: #000000; font-family: arial, helvetica, sans-serif;\">Email:\u00a0\u00a0<span style=\"color: #0000ff;\"><a style=\"color: #0000ff;\" href=\"mailto:Anna@hunghau.vn\">hana@hunghau.vn<\/a>\u00a0<\/span><\/span><br \/>\n<span style=\"color: #000000; font-family: arial, helvetica, sans-serif;\">Hotline: (+84)79 721 3333\u00a0<\/span><\/p>\n<p><span style=\"color: #000000; font-family: arial, helvetica, sans-serif;\">Email:\u00a0<span style=\"color: #0000ff;\"><a style=\"color: #0000ff;\" href=\"mailto:yenn@hunghau.vn\">yenn@hunghau.vn<\/a>\u00a0<\/span><\/span><br \/>\n<span style=\"color: #000000; font-family: arial, helvetica, sans-serif;\">Hotline: (+84)78 520 3333<\/span><\/p>\n<p><span style=\"font-weight: 400; color: #000000;\">LinkedIn<span style=\"color: #1755ad;\">:<\/span><\/span><span style=\"color: #1755ad;\"><a style=\"color: #1755ad;\" href=\"https:\/\/lnkd.in\/g_KkBKHf\"><span style=\"font-weight: 400;\"> https:\/\/lnkd.in\/g_KkBKHf<\/span><\/a><\/span><\/p>\n<p><span style=\"color: #000000;\"><b>C\u00f4ng ty C\u1ed5 ph\u1ea7n Th\u1ef1c ph\u1ea9m H\u00f9ng H\u1eadu (HungHau Foods)<\/b><\/span><\/p>\n<p><span style=\"color: #000000;\"><strong>\u0110\u1ecba ch\u1ec9: 642 \u00c2u C\u01a1, Ph\u01b0\u1eddng B\u1ea3y Hi\u1ec1n, Th\u00e0nh Ph\u1ed1 H\u1ed3 Ch\u00ed Minh<\/strong><\/span><\/p>\n<p><span style=\"color: #000000;\"><b>Nh\u00e0 xu\u1ea5t kh\u1ea9u n\u00f4ng s\u1ea3n \u2013 Nh\u00e0 cung \u1ee9ng tr\u00e1i c\u00e2y &amp; rau c\u1ee7 \u0111\u00f4ng l\u1ea1nh t\u1ea1i Vi\u1ec7t Nam.<\/b><\/span><\/p>\n<\/div>\n<\/div>\n<\/div>\n<\/div>\n","protected":false},"excerpt":{"rendered":"<div>\n<table style=\"width: 365.364px;\">\n<tbody>\n<tr style=\"height: 21px;\">\n<td style=\"height: 21px; width: 128px;\"><span style=\"color: #1755ad;\"><strong>Lo\u1ea1i<\/strong><\/span><\/td>\n<td style=\"height: 21px; width: 224.364px;\"><span style=\"color: #000000;\">15-25mm, c\u1eaft dice, c\u1eaft m\u00e1, c\u1eaft que\u2026ho\u1eb7c theo y\u00eau c\u1ea7u kh\u00e1ch h\u00e0ng.<\/span><\/td>\n<\/tr>\n<tr style=\"height: 21px;\">\n<td style=\"height: 21px; width: 128px;\"><span style=\"color: #1755ad;\"><strong>M\u00f9a v\u1ee5 ch\u00ednh<\/strong><\/span><\/td>\n<td style=\"height: 21px; width: 224.364px;\"><span style=\"color: #000000;\">Th\u00e1ng 02-03-04-05-06 &amp; th\u00e1ng 10&#8211;11- 12<\/span><\/td>\n<\/tr>\n<tr style=\"height: 21px;\">\n<td style=\"height: 21px; width: 128px;\"><span style=\"color: #1755ad;\"><strong>Quy c\u00e1ch<\/strong><\/span><\/td>\n<td style=\"height: 21px; width: 224.364px;\"><span style=\"color: #000000;\">10kg\/t\u00fai ho\u1eb7c t\u00f9y theo y\u00eau c\u1ea7u kh\u00e1ch h\u00e0ng<\/span><\/td>\n<\/tr>\n<tr style=\"height: 21px;\">\n<td style=\"height: 21px; width: 128px;\"><span style=\"color: #1755ad;\"><strong>\u0110i\u1ec1u ki\u1ec7n<\/strong><\/span><\/td>\n<td style=\"height: 21px; width: 224.364px;\"><span style=\"color: #000000;\">-18 \u0111\u1ed9<\/span><\/td>\n<\/tr>\n<tr style=\"height: 21.4962px;\">\n<td style=\"height: 21.4962px; width: 128px;\"><span style=\"color: #1755ad;\"><b>C\u00f4ng su\u1ea5t<\/b><\/span><\/td>\n<td style=\"height: 21.4962px; width: 224.364px;\"><span style=\"color: #000000;\">10.000 t\u1ea5n h\u00e0ng n\u0103m<\/span><\/td>\n<\/tr>\n<tr style=\"height: 21.4962px;\">\n<td style=\"height: 21.4962px; width: 128px;\"><span style=\"color: #1755ad;\"><b>Th\u1eddi h\u1ea1n s\u1eed d\u1ee5ng<\/b><\/span><\/td>\n<td style=\"height: 21.4962px; width: 224.364px;\"><span style=\"color: #000000;\">24 th\u00e1ng<\/span><\/td>\n<\/tr>\n<\/tbody>\n<\/table>\n<\/div>\n","protected":false},"featured_media":21591,"comment_status":"closed","ping_status":"closed","template":"","meta":[],"product_brand":[],"product_cat":[99],"product_tag":[],"class_list":{"0":"post-15070","1":"product","2":"type-product","3":"status-publish","4":"has-post-thumbnail","6":"product_cat-rau-cu-qua-dong-lanh","8":"first","9":"instock","10":"shipping-taxable","11":"product-type-simple"},"_links":{"self":[{"href":"https:\/\/hfoods.vn\/vi\/wp-json\/wp\/v2\/product\/15070","targetHints":{"allow":["GET"]}}],"collection":[{"href":"https:\/\/hfoods.vn\/vi\/wp-json\/wp\/v2\/product"}],"about":[{"href":"https:\/\/hfoods.vn\/vi\/wp-json\/wp\/v2\/types\/product"}],"replies":[{"embeddable":true,"href":"https:\/\/hfoods.vn\/vi\/wp-json\/wp\/v2\/comments?post=15070"}],"wp:featuredmedia":[{"embeddable":true,"href":"https:\/\/hfoods.vn\/vi\/wp-json\/wp\/v2\/media\/21591"}],"wp:attachment":[{"href":"https:\/\/hfoods.vn\/vi\/wp-json\/wp\/v2\/media?parent=15070"}],"wp:term":[{"taxonomy":"product_brand","embeddable":true,"href":"https:\/\/hfoods.vn\/vi\/wp-json\/wp\/v2\/product_brand?post=15070"},{"taxonomy":"product_cat","embeddable":true,"href":"https:\/\/hfoods.vn\/vi\/wp-json\/wp\/v2\/product_cat?post=15070"},{"taxonomy":"product_tag","embeddable":true,"href":"https:\/\/hfoods.vn\/vi\/wp-json\/wp\/v2\/product_tag?post=15070"}],"curies":[{"name":"wp","href":"https:\/\/api.w.org\/{rel}","templated":true}]}}