{"id":15072,"date":"2025-07-24T03:39:00","date_gmt":"2025-07-23T20:39:00","guid":{"rendered":"https:\/\/hfoods.vn\/?post_type=product&#038;p=15072"},"modified":"2026-04-01T16:10:39","modified_gmt":"2026-04-01T09:10:39","slug":"thanh-long-ruot%c2%b7-do-dong-lanh","status":"publish","type":"product","link":"https:\/\/hfoods.vn\/vi\/san-pham\/thanh-long-ruot%c2%b7-do-dong-lanh\/","title":{"rendered":"Thanh Long Ru\u1ed9t \u0110\u1ecf \u0110\u00f4ng L\u1ea1nh"},"content":{"rendered":"<h2><span style=\"color: #000000;\">THANH LONG RU\u1ed8T \u0110\u1ece \u0110\u00d4NG L\u1ea0NH\u00a0<\/span><\/h2>\n<p><span style=\"font-weight: 400; color: #000000; font-family: arial, helvetica, sans-serif;\">Thanh long ru\u1ed9t \u0111\u1ecf \u0111\u00f4ng l\u1ea1nh c\u1ee7a C\u00f4ng ty C\u1ed5 ph\u1ea7n Th\u1ef1c ph\u1ea9m H\u00f9ng H\u1eadu (HungHau Foods), \u0111\u01b0\u1ee3c tuy\u1ec3n ch\u1ecdn t\u1eeb nh\u1eefng qu\u1ea3 thanh long \u0111\u1ea1t chu\u1ea9n t\u1ea1i c\u00e1c v\u00f9ng tr\u1ed3ng thu\u1ed9c t\u1ec9nh L\u00e2m \u0110\u1ed3ng v\u00e0 Long An (Vi\u1ec7t Nam). S\u1ea3n ph\u1ea9m \u0111\u01b0\u1ee3c c\u1ea5p \u0111\u00f4ng b\u1eb1ng c\u00f4ng ngh\u1ec7 IQF hi\u1ec7n \u0111\u1ea1i, \u0111\u1ea3m b\u1ea3o gi\u1eef \u0111\u01b0\u1ee3c h\u01b0\u01a1ng v\u1ecb, m\u00e0u s\u1eafc v\u00e0 ch\u1ea5t l\u01b0\u1ee3ng t\u1ef1 nhi\u00ean.<\/span><\/p>\n<p><span style=\"font-weight: 400; color: #000000; font-family: arial, helvetica, sans-serif;\">HungHau Foods s\u1edf h\u1eefu n\u0103ng l\u1ef1c cung \u1ee9ng thanh long \u0111\u00f4ng l\u1ea1nh l\u00ean \u0111\u1ebfn 2.000 t\u1ea5n th\u00e0nh ph\u1ea9m m\u1ed7i n\u0103m. S\u1ea3n ph\u1ea9m &amp; nh\u00e0 m\u00e1y ch\u1ebf bi\u1ebfn c\u1ee7a HungHau Foods \u0111\u1ea1t c\u00e1c ch\u1ee9ng nh\u1eadn, ti\u00eau chu\u1ea9n qu\u1ed1c t\u1ebf, bao g\u1ed3m g\u1ed3m:\u00a0 BRCGS, HACCP, ISO 22000, FDA, KV, HALAL v\u00e0 SMETA.<\/span><\/p>\n<h2><span style=\"color: #000000;\">\u0110\u1eb6C \u0110I\u1ec2M N\u1ed4I B\u1eacT\u00a0<\/span><\/h2>\n<ul>\n<li><span style=\"color: #000000;\"><span style=\"font-weight: 400;\">Th\u1ecbt qu\u1ea3: <\/span><span style=\"font-weight: 400;\">ru\u1ed9t b\u00ean trong \u0111\u1ecf \u0111\u1eadm, h\u1ea1t \u0111en, nh\u1ecf nh\u01b0 h\u1ea1t m\u00e8.<\/span><\/span><\/li>\n<li><span style=\"color: #000000;\"><span style=\"font-weight: 400;\">H\u01b0\u01a1ng v\u1ecb: <\/span><span style=\"font-weight: 400;\">v\u1ecb ng\u1ecdt d\u1ecbu, c\u00f3 m\u00f9i th\u01a1m nh\u1eb9.<\/span><\/span><\/li>\n<li><span style=\"font-weight: 400; color: #000000;\">C\u00f4ng ngh\u1ec7 c\u1ea5p \u0111\u00f4ng: \u0110\u01b0\u1ee3c x\u1eed l\u00fd theo c\u00f4ng ngh\u1ec7 IQF (Individual Quick Freezing) c\u1ea5p \u0111\u00f4ng nhanh t\u1eebng c\u00e1 th\u1ec3 s\u1ea3n ph\u1ea9m.<\/span><\/li>\n<li><span style=\"color: #000000;\">D\u1ea1ng cung c\u1ea5p:<span style=\"font-weight: 400;\"> c\u1eaft m\u00e1 thanh long, c\u1eaft que, c\u1eaft dices, chunk, puree\u2026<\/span><\/span><\/li>\n<\/ul>\n<h2><span style=\"color: #000000;\">TH\u00d4NG TIN K\u1ef8 THU\u1eacT:<\/span><\/h2>\n<table style=\"width: 903.469px;\">\n<tbody>\n<tr>\n<td style=\"width: 294px;\"><span style=\"font-weight: 400; color: #000000;\">Lo\u1ea1i h\u00e0ng (Style)<\/span><\/td>\n<td style=\"width: 593.469px;\"><span style=\"font-weight: 400; color: #000000;\">\u0110\u00f4ng L\u1ea1nh<\/span><\/td>\n<\/tr>\n<tr>\n<td style=\"width: 294px;\"><span style=\"font-weight: 400; color: #000000;\">M\u00e0u s\u1eafc (Color)<\/span><\/td>\n<td style=\"width: 593.469px;\"><span style=\"font-weight: 400; color: #000000;\">\u0110\u1ecf<\/span><\/td>\n<\/tr>\n<tr>\n<td style=\"width: 294px;\"><span style=\"font-weight: 400; color: #000000;\">K\u00edch th\u01b0\u1edbc (size)<\/span><\/td>\n<td style=\"width: 593.469px;\"><span style=\"font-weight: 400; color: #000000;\">c\u1eaft m\u00e1 thanh long, c\u1eaft que, c\u1eaft dices, c\u1eaft chunk, puree\u2026<\/span><\/td>\n<\/tr>\n<tr>\n<td style=\"width: 294px;\"><span style=\"font-weight: 400; color: #000000;\">Qu\u00e1 tr\u00ecnh \u0111\u00f4ng l\u1ea1nh (Freezing Process):<\/span><\/td>\n<td style=\"width: 593.469px;\"><span style=\"font-weight: 400; color: #000000;\">S\u1eed d\u1ee5ng c\u00f4ng ngh\u1ec7 c\u1ea5p \u0111\u00f4ng nhanh IQF (Individual Quick Freezing) \u2013 c\u1ea5p \u0111\u00f4ng t\u1eebng c\u00e1 th\u1ec3.<\/span><\/td>\n<\/tr>\n<tr>\n<td style=\"width: 294px;\"><span style=\"font-weight: 400; color: #000000;\">Tr\u1ecdng l\u01b0\u1ee3ng PA (Weight\/PA)<\/span><\/td>\n<td style=\"width: 593.469px;\"><span style=\"font-weight: 400; color: #000000;\">T\u00f9y theo y\u00eau c\u1ea7u kh\u00e1ch h\u00e0ng<\/span><\/td>\n<\/tr>\n<tr>\n<td style=\"width: 294px;\"><span style=\"font-weight: 400; color: #000000;\">Tr\u1ecdng l\u01b0\u1ee3ng\/ctn (Weight\/ctn):<\/span><\/td>\n<td style=\"width: 593.469px;\"><span style=\"font-weight: 400; color: #000000;\">T\u00f9y theo y\u00eau c\u1ea7u kh\u00e1ch h\u00e0ng<\/span><\/td>\n<\/tr>\n<tr>\n<td style=\"width: 294px;\"><span style=\"font-weight: 400; color: #000000;\">Nhi\u1ec7t \u0111\u1ed9 l\u01b0u tr\u1eef (Storage):<\/span><\/td>\n<td style=\"width: 593.469px;\"><span style=\"font-weight: 400; color: #000000;\">-18\u2103<\/span><\/td>\n<\/tr>\n<tr>\n<td style=\"width: 294px;\"><span style=\"font-weight: 400; color: #000000;\">Ngu\u1ed3n g\u1ed1c (origin):\u00a0<\/span><\/td>\n<td style=\"width: 593.469px;\"><span style=\"font-weight: 400; color: #000000;\">Vi\u1ec7t Nam<\/span><\/td>\n<\/tr>\n<tr>\n<td style=\"width: 294px;\"><span style=\"font-weight: 400; color: #000000;\">Ph\u01b0\u01a1ng th\u1ee9c v\u1eadn chuy\u1ec3n (Method of delivery)<\/span><\/td>\n<td style=\"width: 593.469px;\"><span style=\"font-weight: 400; color: #000000;\">\u0110\u01b0\u1eddng bi\u1ec3n ho\u1eb7c \u0111\u01b0\u1eddng h\u00e0ng kh\u00f4ng.\u00a0<\/span><\/td>\n<\/tr>\n<tr>\n<td style=\"width: 294px;\"><span style=\"font-weight: 400; color: #000000;\">\u0110\u00f3ng g\u00f3i (packaging)<\/span><\/td>\n<td style=\"width: 593.469px;\"><span style=\"font-weight: 400; color: #000000;\">10kg \/ 1 t\u00fai ho\u1eb7c t\u00f9y theo y\u00eau c\u1ea7u kh\u00e1ch h\u00e0ng<\/span><\/td>\n<\/tr>\n<tr>\n<td style=\"width: 294px;\"><span style=\"font-weight: 400; color: #000000;\">Theo m\u00f9a (season)<\/span><\/td>\n<td style=\"width: 593.469px;\"><span style=\"font-weight: 400; color: #000000;\">T\u1eeb th\u00e1ng 5 \u0111\u1ebfn th\u00e1ng 11<\/span><\/td>\n<\/tr>\n<tr>\n<td style=\"width: 294px;\"><span style=\"font-weight: 400; color: #000000;\">H\u1ea1n s\u1eed d\u1ee5ng (Shelf life)<\/span><\/td>\n<td style=\"width: 593.469px;\"><span style=\"font-weight: 400; color: #000000;\">\u00a024 th\u00e1ng<\/span><\/td>\n<\/tr>\n<\/tbody>\n<\/table>\n<h2><span style=\"color: #000000;\">H\u00ccNH \u1ea2NH S\u1ea2N PH\u1ea8M<\/span><\/h2>\n<figure id=\"attachment_22304\" aria-describedby=\"caption-attachment-22304\" style=\"width: 1000px\" class=\"wp-caption aligncenter\"><img loading=\"lazy\" decoding=\"async\" class=\"size-full wp-image-22304\" src=\"https:\/\/hfoods.vn\/wp-content\/uploads\/2025\/07\/HHF_Hang-Dong_thanh-long-do-12.jpg\" alt=\"Thanh long c\u1eaft m\u1ed9t n\u1eeda\" width=\"1000\" height=\"1000\" srcset=\"https:\/\/hfoods.vn\/wp-content\/uploads\/2025\/07\/HHF_Hang-Dong_thanh-long-do-12.jpg 1000w, https:\/\/hfoods.vn\/wp-content\/uploads\/2025\/07\/HHF_Hang-Dong_thanh-long-do-12-768x768.jpg 768w, https:\/\/hfoods.vn\/wp-content\/uploads\/2025\/07\/HHF_Hang-Dong_thanh-long-do-12-45x45.jpg 45w, https:\/\/hfoods.vn\/wp-content\/uploads\/2025\/07\/HHF_Hang-Dong_thanh-long-do-12-100x100.jpg 100w\" sizes=\"auto, (max-width: 1000px) 100vw, 1000px\" \/><figcaption id=\"caption-attachment-22304\" class=\"wp-caption-text\"><center>Thanh long c\u1eaft m\u00e1 thanh long\u00a0 HungHau Foods<center><\/center><\/center><\/figcaption><\/figure>\n<figure id=\"attachment_15075\" aria-describedby=\"caption-attachment-15075\" style=\"width: 2560px\" class=\"wp-caption alignnone\"><img loading=\"lazy\" decoding=\"async\" class=\"wp-image-15075 size-full\" src=\"https:\/\/hfoods.vn\/wp-content\/uploads\/2025\/03\/HHF_Trai-Cay-Dong-Lanh_Thanh-long-do_1-scaled.jpg\" alt=\"thanh long \u0111\u1ecf \u0111\u00f4ng l\u1ea1nh \" width=\"2560\" height=\"2560\" \/><figcaption id=\"caption-attachment-15075\" class=\"wp-caption-text\"><center><span style=\"color: #000000;\">Thanh long \u0111\u00f4ng l\u1ea1nh c\u1eaft xi\u00ean que HungHau Foods<\/span><\/center><\/figcaption><\/figure>\n<figure id=\"attachment_22302\" aria-describedby=\"caption-attachment-22302\" style=\"width: 1000px\" class=\"wp-caption aligncenter\"><img loading=\"lazy\" decoding=\"async\" class=\"size-full wp-image-22302\" src=\"https:\/\/hfoods.vn\/wp-content\/uploads\/2025\/07\/HHF_Hang-Dong_Thanh-long-do_2.jpg\" alt=\"Thanh long c\u1eaft dices\" width=\"1000\" height=\"1000\" srcset=\"https:\/\/hfoods.vn\/wp-content\/uploads\/2025\/07\/HHF_Hang-Dong_Thanh-long-do_2.jpg 1000w, https:\/\/hfoods.vn\/wp-content\/uploads\/2025\/07\/HHF_Hang-Dong_Thanh-long-do_2-768x768.jpg 768w, https:\/\/hfoods.vn\/wp-content\/uploads\/2025\/07\/HHF_Hang-Dong_Thanh-long-do_2-45x45.jpg 45w, https:\/\/hfoods.vn\/wp-content\/uploads\/2025\/07\/HHF_Hang-Dong_Thanh-long-do_2-100x100.jpg 100w\" sizes=\"auto, (max-width: 1000px) 100vw, 1000px\" \/><figcaption id=\"caption-attachment-22302\" class=\"wp-caption-text\"><center>Thanh long c\u1eaft dices HungHau Foods<center><\/center><\/center><\/figcaption><\/figure>\n<h3><span style=\"color: #000000;\">TH\u00c0NH PH\u1ea6N DINH D\u01af\u1ee0NG<\/span><\/h3>\n<ul>\n<li><span style=\"color: #000000;\"><b> Vitamin C: <\/b><span style=\"font-weight: 400;\">Thanh long ru\u1ed9t \u0111\u1ecf ch\u1ee9a h\u00e0m l\u01b0\u1ee3ng vitamin C t\u1ef1 nhi\u00ean gi\u00fap t\u0103ng c\u01b0\u1eddng mi\u1ec5n d\u1ecbch, h\u1ed7 tr\u1ee3 ch\u1ed1ng oxy h\u00f3a v\u00e0 b\u1ea3o v\u1ec7 t\u1ebf b\u00e0o kh\u1ecfi t\u00e1c h\u1ea1i c\u1ee7a g\u1ed1c t\u1ef1 do.<\/span><\/span><\/li>\n<li><span style=\"color: #000000;\"><b> Ch\u1ea5t x\u01a1: <\/b><span style=\"font-weight: 400;\">H\u00e0m l\u01b0\u1ee3ng ch\u1ea5t x\u01a1 d\u1ed3i d\u00e0o gi\u00fap c\u1ea3i thi\u1ec7n h\u1ec7 ti\u00eau h\u00f3a, gi\u1ea3m t\u00e1o b\u00f3n v\u00e0 h\u1ed7 tr\u1ee3 ki\u1ec3m so\u00e1t \u0111\u01b0\u1eddng huy\u1ebft, ph\u00f9 h\u1ee3p cho ch\u1ebf \u0111\u1ed9 \u0103n l\u00e0nh m\u1ea1nh.<\/span><\/span><\/li>\n<li><span style=\"color: #000000;\"><b> Ch\u1ea5t ch\u1ed1ng oxy h\u00f3a (Betalains): <\/b><span style=\"font-weight: 400;\">M\u00e0u \u0111\u1ecf \u0111\u1eb7c tr\u01b0ng c\u1ee7a thanh long \u0111\u1ebfn t\u1eeb c\u00e1c s\u1eafc t\u1ed1 ch\u1ed1ng oxy h\u00f3a m\u1ea1nh nh\u01b0 betalains , g\u00f3p ph\u1ea7n gi\u1ea3m vi\u00eam v\u00e0 h\u1ed7 tr\u1ee3 s\u1ee9c kh\u1ecfe tim m\u1ea1ch.<\/span><\/span><\/li>\n<li><span style=\"color: #000000;\"><b> Kho\u00e1ng ch\u1ea5t (S\u1eaft, Magie, Canxi): <\/b><span style=\"font-weight: 400;\">Thanh long ru\u1ed9t \u0111\u1ecf b\u1ed5 sung nhi\u1ec1u kho\u00e1ng ch\u1ea5t thi\u1ebft y\u1ebfu gi\u00fap t\u0103ng c\u01b0\u1eddng n\u0103ng l\u01b0\u1ee3ng, h\u1ed7 tr\u1ee3 x\u01b0\u01a1ng ch\u1eafc kh\u1ecfe v\u00e0 c\u1ea3i thi\u1ec7n ch\u1ee9c n\u0103ng c\u01a1 \u2013 th\u1ea7n kinh.<\/span><\/span><\/li>\n<\/ul>\n<h3><span style=\"color: #000000;\">\u1ee8NG D\u1ee4NG THANH LONG RU\u1ed8T \u0110\u1ece<\/span><\/h3>\n<ul>\n<li><span style=\"color: #000000;\"><b> Nguy\u00ean li\u1ec7u cho ng\u00e0nh \u0111\u1ed3 u\u1ed1ng: <\/b><span style=\"font-weight: 400;\">Thanh long ru\u1ed9t \u0111\u1ecf \u0111\u01b0\u1ee3c s\u1eed d\u1ee5ng l\u00e0m nguy\u00ean li\u1ec7u cho c\u00e1c nh\u00e0 m\u00e1y s\u1ea3n xu\u1ea5t n\u01b0\u1edbc \u00e9p, smoothie, yogurt u\u1ed1ng, n\u01b0\u1edbc gi\u1ea3i kh\u00e1t ph\u1ed1i tr\u1ed9n\u2026 nh\u1edd m\u00e0u s\u1eafc t\u1ef1 nhi\u00ean, v\u1ecb thanh nh\u1eb9 v\u00e0 \u0111\u1ed9 \u1ed5n \u0111\u1ecbnh cao trong ch\u1ebf bi\u1ebfn.<\/span><\/span><\/li>\n<li><span style=\"color: #000000;\"><b> S\u1ea3n xu\u1ea5t th\u1ef1c ph\u1ea9m ch\u1ebf bi\u1ebfn: <\/b><span style=\"font-weight: 400;\">C\u00e1c doanh nghi\u1ec7p th\u1ef1c ph\u1ea9m d\u00f9ng thanh long ru\u1ed9t \u0111\u1ecf \u0111\u1ec3 s\u1ea3n xu\u1ea5t kem, sorbet, th\u1ea1ch, m\u1ee9t, nh\u00e2n b\u00e1nh, topping v\u00e0 c\u00e1c d\u00f2ng tr\u00e1ng mi\u1ec7ng l\u1ea1nh.\u00a0<\/span><\/span><\/li>\n<li><span style=\"color: #000000;\"><b> Kh\u00e1ch s\u1ea1n \u2013 Nh\u00e0 h\u00e0ng \u2013 Caf\u00e9: <\/b><span style=\"font-weight: 400;\">Thanh long \u0111\u00f4ng l\u1ea1nh ho\u1eb7c d\u1ea1ng puree \u0111\u01b0\u1ee3c c\u00e1c chu\u1ed7i F&amp;B s\u1eed d\u1ee5ng trong pha ch\u1ebf th\u1ee9c u\u1ed1ng, l\u00e0m m\u00f3n tr\u00e1ng mi\u1ec7ng, salad tr\u00e1i c\u00e2y v\u00e0 trang tr\u00ed m\u00f3n \u0103n, \u0111\u1ea3m b\u1ea3o h\u01b0\u01a1ng v\u1ecb t\u01b0\u01a1i t\u1ef1 nhi\u00ean quanh n\u0103m.<\/span><\/span><\/li>\n<li><span style=\"color: #000000;\"><b> OEM \u2013 S\u1ea3n xu\u1ea5t nh\u00e3n hi\u1ec7u ri\u00eang: <\/b><span style=\"font-weight: 400;\">Thanh long ru\u1ed9t \u0111\u1ecf c\u00f3 th\u1ec3 cung c\u1ea5p theo d\u1ea1ng IQF \u0111\u1ec3 doanh nghi\u1ec7p ph\u00e1t tri\u1ec3n nh\u00e3n hi\u1ec7u ri\u00eang (OEM\/Private Label), \u0111\u00e1p \u1ee9ng y\u00eau c\u1ea7u v\u1ec1 quy c\u00e1ch \u0111\u00f3ng g\u00f3i, ti\u00eau chu\u1ea9n ch\u1ea5t l\u01b0\u1ee3ng v\u00e0 th\u1ecb tr\u01b0\u1eddng xu\u1ea5t kh\u1ea9u.<\/span><\/span><\/li>\n<\/ul>\n<h3><span style=\"color: #000000; font-family: arial, helvetica, sans-serif;\">TH\u00d4NG TIN LI\u00caN H\u1ec6:<\/span><\/h3>\n<p><span style=\"color: #000000; font-family: arial, helvetica, sans-serif;\">Email:\u00a0<span style=\"color: #1755ad;\"><a style=\"color: #1755ad;\" href=\"mailto:sales@hunghau.vn\">sales@hunghau.vn<\/a><\/span><\/span><br \/>\n<span style=\"color: #000000; font-family: arial, helvetica, sans-serif;\">Hotline: (+84)79 721 3333\u00a0<\/span><\/p>\n<p><span style=\"color: #000000; font-family: arial, helvetica, sans-serif;\">Email:\u00a0 <span style=\"color: #1755ad;\"><a style=\"color: #1755ad;\" href=\"mailto:Anna@hunghau.vn\">hana@hunghau.vn<\/a>\u00a0<\/span><\/span><br \/>\n<span style=\"color: #000000; font-family: arial, helvetica, sans-serif;\">Hotline: (+84)79 721 3333\u00a0<\/span><\/p>\n<p><span style=\"color: #000000; font-family: arial, helvetica, sans-serif;\">Email:\u00a0<span style=\"color: #1755ad;\"><a style=\"color: #1755ad;\" href=\"mailto:yenn@hunghau.vn\">yenn@hunghau.vn<\/a>\u00a0<\/span><\/span><br \/>\n<span style=\"color: #000000; font-family: arial, helvetica, sans-serif;\">Hotline: (+84)78 520 3333<\/span><\/p>\n<p><span style=\"font-weight: 400; color: #000000;\">LinkedIn<span style=\"color: #1755ad;\">:<\/span><\/span><span style=\"color: #1755ad;\"><a style=\"color: #1755ad;\" href=\"https:\/\/lnkd.in\/g_KkBKHf\"><span style=\"font-weight: 400;\"> https:\/\/lnkd.in\/g_KkBKHf<\/span><\/a><\/span><\/p>\n<p><span style=\"color: #000000; font-family: arial, helvetica, sans-serif;\"><b>C\u00f4ng ty C\u1ed5 ph\u1ea7n Th\u1ef1c ph\u1ea9m H\u00f9ng H\u1eadu (HungHau Foods)<\/b><\/span><\/p>\n<p><span style=\"font-family: arial, helvetica, sans-serif;\"><strong><span style=\"color: #000000;\">\u0110\u1ecba ch\u1ec9: 642 \u00c2u C\u01a1, Ph\u01b0\u1eddng B\u1ea3y Hi\u1ec1n, Th\u00e0nh Ph\u1ed1 H\u1ed3 Ch\u00ed Minh<\/span><\/strong><\/span><\/p>\n<p><span style=\"color: #000000; font-family: arial, helvetica, sans-serif;\"><b>Nh\u00e0 xu\u1ea5t kh\u1ea9u n\u00f4ng s\u1ea3n &#8211; Nh\u00e0 cung \u1ee9ng tr\u00e1i c\u00e2y &amp; rau c\u1ee7 \u0111\u00f4ng l\u1ea1nh t\u1ea1i Vi\u1ec7t Nam.<\/b><\/span><\/p>\n","protected":false},"excerpt":{"rendered":"<div>\n<table style=\"width: 398px;\">\n<tbody>\n<tr>\n<td style=\"width: 123px;\"><span style=\"color: #1755ad;\"><strong>Lo\u1ea1i<\/strong><\/span><\/td>\n<td style=\"width: 261px;\"><span style=\"color: #000000;\"><span style=\"font-family: arial, helvetica, sans-serif;\"> 15-25mm, c\u1eaft dice, c\u1eaft m\u00e1, c\u1eaft que, c\u1eaft chunks \u2026ho\u1eb7c theo y\u00eau c\u1ea7u kh\u00e1ch h\u00e0ng<\/span>.<\/span><\/td>\n<\/tr>\n<tr>\n<td style=\"width: 123px;\"><span style=\"color: #1755ad;\"><strong>M\u00f9a v\u1ee5 ch\u00ednh<\/strong><\/span><\/td>\n<td style=\"width: 261px;\"><span style=\"font-family: arial, helvetica, sans-serif; color: #000000;\">Th\u00e1ng 5- 6-7-8-9-10<\/span><\/td>\n<\/tr>\n<tr>\n<td style=\"width: 123px;\"><span style=\"color: #1755ad;\"><strong>Quy c\u00e1ch<\/strong><\/span><\/td>\n<td style=\"width: 261px;\"><span style=\"color: #000000;\">10kg\/t\u00fai ho\u1eb7c theo y\u00eau c\u1ea7u kh\u00e1ch h\u00e0ng<\/span><\/td>\n<\/tr>\n<tr>\n<td style=\"width: 123px;\"><span style=\"color: #1755ad;\"><strong>\u0110i\u1ec1u ki\u1ec7n<\/strong><\/span><\/td>\n<td style=\"width: 261px;\"><span style=\"color: #000000;\">-18 \u0111\u1ed9<\/span><\/td>\n<\/tr>\n<tr>\n<td style=\"width: 123px;\"><span style=\"color: #1755ad;\"><b>C\u00f4ng su\u1ea5t<\/b><\/span><\/td>\n<td style=\"width: 261px;\"><span style=\"color: #000000;\">2,000 t\u1ea5n h\u00e0ng n\u0103m<\/span><\/td>\n<\/tr>\n<tr>\n<td style=\"width: 123px;\"><span style=\"color: #1755ad;\"><b>Th\u1eddi h\u1ea1n s\u1eed d\u1ee5ng<\/b><\/span><\/td>\n<td style=\"width: 261px;\"><span style=\"color: #000000;\">24 th\u00e1ng<\/span><\/td>\n<\/tr>\n<\/tbody>\n<\/table>\n<\/div>\n","protected":false},"featured_media":15809,"comment_status":"closed","ping_status":"closed","template":"","meta":[],"product_brand":[],"product_cat":[99],"product_tag":[],"class_list":{"0":"post-15072","1":"product","2":"type-product","3":"status-publish","4":"has-post-thumbnail","6":"product_cat-rau-cu-qua-dong-lanh","8":"first","9":"instock","10":"shipping-taxable","11":"product-type-simple"},"_links":{"self":[{"href":"https:\/\/hfoods.vn\/vi\/wp-json\/wp\/v2\/product\/15072","targetHints":{"allow":["GET"]}}],"collection":[{"href":"https:\/\/hfoods.vn\/vi\/wp-json\/wp\/v2\/product"}],"about":[{"href":"https:\/\/hfoods.vn\/vi\/wp-json\/wp\/v2\/types\/product"}],"replies":[{"embeddable":true,"href":"https:\/\/hfoods.vn\/vi\/wp-json\/wp\/v2\/comments?post=15072"}],"wp:featuredmedia":[{"embeddable":true,"href":"https:\/\/hfoods.vn\/vi\/wp-json\/wp\/v2\/media\/15809"}],"wp:attachment":[{"href":"https:\/\/hfoods.vn\/vi\/wp-json\/wp\/v2\/media?parent=15072"}],"wp:term":[{"taxonomy":"product_brand","embeddable":true,"href":"https:\/\/hfoods.vn\/vi\/wp-json\/wp\/v2\/product_brand?post=15072"},{"taxonomy":"product_cat","embeddable":true,"href":"https:\/\/hfoods.vn\/vi\/wp-json\/wp\/v2\/product_cat?post=15072"},{"taxonomy":"product_tag","embeddable":true,"href":"https:\/\/hfoods.vn\/vi\/wp-json\/wp\/v2\/product_tag?post=15072"}],"curies":[{"name":"wp","href":"https:\/\/api.w.org\/{rel}","templated":true}]}}