{"id":15098,"date":"2025-04-22T06:59:36","date_gmt":"2025-04-22T06:59:36","guid":{"rendered":"https:\/\/hfoods.vn\/?post_type=product&#038;p=15098"},"modified":"2026-04-01T16:46:55","modified_gmt":"2026-04-01T09:46:55","slug":"chuoi-dong-lanh-3","status":"publish","type":"product","link":"https:\/\/hfoods.vn\/vi\/san-pham\/chuoi-dong-lanh-3\/","title":{"rendered":"Chu\u1ed1i \u0110\u00f4ng L\u1ea1nh"},"content":{"rendered":"<div>\n<h2><span style=\"color: #000000; font-family: arial, helvetica, sans-serif;\">CHU\u1ed0I \u0110\u00d4NG L\u1ea0NH\u00a0<\/span><\/h2>\n<p><span style=\"font-weight: 400; color: #000000; font-family: arial, helvetica, sans-serif;\">Chu\u1ed1i \u0111\u00f4ng l\u1ea1nh c\u1ee7a C\u00f4ng ty C\u1ed5 ph\u1ea7n Th\u1ef1c ph\u1ea9m H\u00f9ng H\u1eadu (HungHau Foods), \u0111\u01b0\u1ee3c tuy\u1ec3n ch\u1ecdn t\u1eeb nh\u1eefng tr\u00e1i chu\u1ed1i \u0111\u1ea1t chu\u1ea9n t\u1ea1i c\u00e1c v\u00f9ng tr\u1ed3ng thu\u1ed9c t\u1ec9nh \u0110\u1ed3ng Nai (Vi\u1ec7t Nam). S\u1ea3n ph\u1ea9m \u0111\u01b0\u1ee3c c\u1ea5p \u0111\u00f4ng b\u1eb1ng c\u00f4ng ngh\u1ec7 IQF hi\u1ec7n \u0111\u1ea1i, \u0111\u1ea3m b\u1ea3o gi\u1eef \u0111\u01b0\u1ee3c h\u01b0\u01a1ng v\u1ecb, m\u00e0u s\u1eafc v\u00e0 ch\u1ea5t l\u01b0\u1ee3ng t\u1ef1 nhi\u00ean.<\/span><\/p>\n<p><span style=\"font-weight: 400; color: #000000; font-family: arial, helvetica, sans-serif;\">HungHau Foods s\u1edf h\u1eefu n\u0103ng l\u1ef1c cung \u1ee9ng chu\u1ed1i \u0111\u00f4ng l\u1ea1nh l\u00ean \u0111\u1ebfn 2.000 t\u1ea5n th\u00e0nh ph\u1ea9m m\u1ed7i n\u0103m. S\u1ea3n ph\u1ea9m &amp; nh\u00e0 m\u00e1y ch\u1ebf bi\u1ebfn c\u1ee7a HungHau Foods \u0111\u1ea1t c\u00e1c ch\u1ee9ng nh\u1eadn, ti\u00eau chu\u1ea9n qu\u1ed1c t\u1ebf, bao g\u1ed3m g\u1ed3m: BRCGS, HACCP, ISO 22000, FDA, KV, HALAL v\u00e0 SMETA.<\/span><\/p>\n<\/div>\n<div>\n<h2><span style=\"font-family: arial, helvetica, sans-serif; color: #000000;\">\u0110\u1eb6C \u0110I\u1ec2M N\u1ed4I B\u1eacT<\/span><\/h2>\n<ul>\n<li style=\"font-weight: 400;\" aria-level=\"1\"><span style=\"font-family: arial, helvetica, sans-serif; color: #000000;\">V\u1ecf chu\u1ed1i:<span style=\"font-weight: 400;\"> V\u1ecf chu\u1ed1i gi\u00e0\u00a0 c\u00f3 m\u00e0u xanh \u0111\u1eadm v\u00e0 chuy\u1ec3n sang v\u00e0ng t\u01b0\u01a1i khi ch\u00edn, m\u1ecfng v\u00e0 m\u1ec1m.\u00a0<\/span><\/span><\/li>\n<li style=\"font-weight: 400;\" aria-level=\"1\"><span style=\"font-family: arial, helvetica, sans-serif; color: #000000;\">K\u00edch th\u01b0\u1edbc: <span style=\"font-weight: 400;\">10-15cm 1 qu\u1ea3<\/span><\/span><\/li>\n<li style=\"font-weight: 400;\" aria-level=\"1\"><span style=\"font-family: arial, helvetica, sans-serif; color: #000000;\">Th\u1ecbt chu\u1ed1i:<span style=\"font-weight: 400;\"> Th\u1ecbt chu\u1ed1i m\u00e0u v\u00e0ng ng\u00e0, v\u00e0 c\u00f3 v\u1ecb ng\u1ecdt thanh.\u00a0<\/span><\/span><\/li>\n<li style=\"font-weight: 400;\" aria-level=\"1\"><span style=\"font-family: arial, helvetica, sans-serif; color: #000000;\">M\u00f9i h\u01b0\u01a1ng:<span style=\"font-weight: 400;\"> Chu\u1ed1i gi\u00e0 h\u01b0\u01a1ng n\u1ed5i b\u1eadt v\u1edbi m\u00f9i th\u01a1m \u0111\u1eb7c tr\u01b0ng.<\/span><\/span><\/li>\n<li style=\"font-weight: 400;\" aria-level=\"1\"><span style=\"font-family: arial, helvetica, sans-serif; color: #000000;\">C\u00f4ng ngh\u1ec7 c\u1ea5p \u0111\u00f4ng: <span style=\"font-weight: 400;\">\u0110\u01b0\u1ee3c x\u1eed l\u00fd theo c\u00f4ng ngh\u1ec7 IQF (Individual Quick Freezing) c\u1ea5p \u0111\u00f4ng nhanh t\u1eebng c\u00e1 th\u1ec3 s\u1ea3n ph\u1ea9m.<\/span><\/span><\/li>\n<li style=\"font-weight: 400;\" aria-level=\"1\"><span style=\"font-family: arial, helvetica, sans-serif; color: #000000;\">D\u1ea1ng cung c\u1ea5p: \u00a0<span style=\"font-weight: 400;\">Nguy\u00ean qu\u1ea3, n\u1eeda tr\u00e1i, c\u1eaft l\u00e1t, puree<\/span><\/span><\/li>\n<\/ul>\n<h2><span style=\"font-family: arial, helvetica, sans-serif; color: #000000;\">TH\u00d4NG TIN K\u1ef8 THU\u1eacT:<\/span><\/h2>\n<table>\n<tbody>\n<tr style=\"height: 50px;\">\n<td style=\"height: 50px;\"><span style=\"font-weight: 400; font-family: arial, helvetica, sans-serif; color: #000000;\">Ph\u00e2n lo\u1ea1i<\/span><\/td>\n<td style=\"height: 50px;\"><span style=\"font-weight: 400; font-family: arial, helvetica, sans-serif; color: #000000;\">Chu\u1ed1i Cavendish<\/span><\/td>\n<\/tr>\n<tr style=\"height: 50px;\">\n<td style=\"height: 50px;\"><span style=\"font-weight: 400; font-family: arial, helvetica, sans-serif; color: #000000;\">Lo\u1ea1i h\u00e0ng (Style)<\/span><\/td>\n<td style=\"height: 50px;\"><span style=\"font-weight: 400; font-family: arial, helvetica, sans-serif; color: #000000;\">\u0110\u00f4ng L\u1ea1nh<\/span><\/td>\n<\/tr>\n<tr style=\"height: 50px;\">\n<td style=\"height: 50px;\"><span style=\"font-weight: 400; font-family: arial, helvetica, sans-serif; color: #000000;\">M\u00e0u s\u1eafc (Color)<\/span><\/td>\n<td style=\"height: 50px;\"><span style=\"font-weight: 400; font-family: arial, helvetica, sans-serif; color: #000000;\">V\u00e0ng<\/span><\/td>\n<\/tr>\n<tr style=\"height: 50px;\">\n<td style=\"height: 50px;\"><span style=\"font-weight: 400; font-family: arial, helvetica, sans-serif; color: #000000;\">K\u00edch th\u01b0\u1edbc (size)<\/span><\/td>\n<td style=\"height: 50px;\"><span style=\"font-weight: 400; font-family: arial, helvetica, sans-serif; color: #000000;\">Nguy\u00ean qu\u1ea3, c\u1eaft 1 n\u1eeda, c\u1eaft l\u00e1t,puree<\/span><\/td>\n<\/tr>\n<tr style=\"height: 50px;\">\n<td style=\"height: 50px;\"><span style=\"font-weight: 400; font-family: arial, helvetica, sans-serif; color: #000000;\">Qu\u00e1 tr\u00ecnh \u0111\u00f4ng l\u1ea1nh (Freezing Process):<\/span><\/td>\n<td style=\"height: 50px;\"><span style=\"font-weight: 400; font-family: arial, helvetica, sans-serif; color: #000000;\">S\u1eed d\u1ee5ng c\u00f4ng ngh\u1ec7 c\u1ea5p \u0111\u00f4ng nhanh IQF (Individual Quick Freezing) \u2013 c\u1ea5p \u0111\u00f4ng t\u1eebng c\u00e1 th\u1ec3.<\/span><\/td>\n<\/tr>\n<tr style=\"height: 50px;\">\n<td style=\"height: 50px;\"><span style=\"font-weight: 400; font-family: arial, helvetica, sans-serif; color: #000000;\">Tr\u1ecdng l\u01b0\u1ee3ng PA (Weight\/PA)<\/span><\/td>\n<td style=\"height: 50px;\"><span style=\"font-weight: 400; font-family: arial, helvetica, sans-serif; color: #000000;\">T\u00f9y theo y\u00eau c\u1ea7u kh\u00e1ch h\u00e0ng<\/span><\/td>\n<\/tr>\n<tr style=\"height: 50px;\">\n<td style=\"height: 50px;\"><span style=\"font-weight: 400; font-family: arial, helvetica, sans-serif; color: #000000;\">Tr\u1ecdng l\u01b0\u1ee3ng\/ctn (Weight\/ctn):<\/span><\/td>\n<td style=\"height: 50px;\"><span style=\"font-weight: 400; font-family: arial, helvetica, sans-serif; color: #000000;\">T\u00f9y theo y\u00eau c\u1ea7u kh\u00e1ch h\u00e0ng<\/span><\/td>\n<\/tr>\n<tr style=\"height: 50px;\">\n<td style=\"height: 50px;\"><span style=\"font-weight: 400; font-family: arial, helvetica, sans-serif; color: #000000;\">Nhi\u1ec7t \u0111\u1ed9 l\u01b0u tr\u1eef (Storage):<\/span><\/td>\n<td style=\"height: 50px;\"><span style=\"font-weight: 400; font-family: arial, helvetica, sans-serif; color: #000000;\">-18\u2103<\/span><\/td>\n<\/tr>\n<tr style=\"height: 50.3281px;\">\n<td style=\"height: 50.3281px;\"><span style=\"font-weight: 400; font-family: arial, helvetica, sans-serif; color: #000000;\">Ngu\u1ed3n g\u1ed1c (origin):\u00a0<\/span><\/td>\n<td style=\"height: 50.3281px;\"><span style=\"font-weight: 400; font-family: arial, helvetica, sans-serif; color: #000000;\">Vi\u1ec7t Nam<\/span><\/td>\n<\/tr>\n<tr style=\"height: 50px;\">\n<td style=\"height: 50px;\"><span style=\"font-weight: 400; font-family: arial, helvetica, sans-serif; color: #000000;\">Ph\u01b0\u01a1ng th\u1ee9c v\u1eadn chuy\u1ec3n (Method of delivery)<\/span><\/td>\n<td style=\"height: 50px;\"><span style=\"font-weight: 400; font-family: arial, helvetica, sans-serif; color: #000000;\">\u0110\u01b0\u1eddng bi\u1ec3n ho\u1eb7c \u0111\u01b0\u1eddng h\u00e0ng kh\u00f4ng.\u00a0<\/span><\/td>\n<\/tr>\n<tr style=\"height: 50px;\">\n<td style=\"height: 50px;\"><span style=\"font-weight: 400; font-family: arial, helvetica, sans-serif; color: #000000;\">\u0110\u00f3ng g\u00f3i (packaging)<\/span><\/td>\n<td style=\"height: 50px;\"><span style=\"font-weight: 400; font-family: arial, helvetica, sans-serif; color: #000000;\">10kg \/ 1 t\u00fai ho\u1eb7c t\u00f9y theo y\u00eau c\u1ea7u kh\u00e1ch h\u00e0ng<\/span><\/td>\n<\/tr>\n<tr style=\"height: 86px;\">\n<td style=\"height: 86px;\"><span style=\"font-weight: 400; font-family: arial, helvetica, sans-serif; color: #000000;\">Theo m\u00f9a (season)<\/span><\/td>\n<td style=\"height: 86px;\"><span style=\"font-weight: 400; font-family: arial, helvetica, sans-serif; color: #000000;\">T\u1eeb th\u00e1ng 11 \u0111\u1ebfn th\u00e1ng 3<\/span><\/td>\n<\/tr>\n<tr style=\"height: 86px;\">\n<td style=\"height: 86px;\"><span style=\"font-weight: 400; font-family: arial, helvetica, sans-serif; color: #000000;\">H\u1ea1n s\u1eed d\u1ee5ng (Shelf life)<\/span><\/td>\n<td style=\"height: 86px;\"><span style=\"font-weight: 400; font-family: arial, helvetica, sans-serif; color: #000000;\">24 th\u00e1ng<\/span><\/td>\n<\/tr>\n<\/tbody>\n<\/table>\n<h3><span style=\"font-family: arial, helvetica, sans-serif;\">H\u00ccNH \u1ea2NH S\u1ea2N PH\u1ea8M<\/span><\/h3>\n<figure id=\"attachment_22317\" aria-describedby=\"caption-attachment-22317\" style=\"width: 1000px\" class=\"wp-caption aligncenter\"><img loading=\"lazy\" decoding=\"async\" class=\"size-full wp-image-22317\" src=\"https:\/\/hfoods.vn\/wp-content\/uploads\/2025\/04\/HHF_Hang-Dong_chuoi-dice-1-2.jpg\" alt=\"Chu\u1ed1i \u0111\u00f4ng l\u1ea1nh c\u1eaft \u0111\u00f4i\" width=\"1000\" height=\"1000\" srcset=\"https:\/\/hfoods.vn\/wp-content\/uploads\/2025\/04\/HHF_Hang-Dong_chuoi-dice-1-2.jpg 1000w, https:\/\/hfoods.vn\/wp-content\/uploads\/2025\/04\/HHF_Hang-Dong_chuoi-dice-1-2-768x768.jpg 768w, https:\/\/hfoods.vn\/wp-content\/uploads\/2025\/04\/HHF_Hang-Dong_chuoi-dice-1-2-45x45.jpg 45w, https:\/\/hfoods.vn\/wp-content\/uploads\/2025\/04\/HHF_Hang-Dong_chuoi-dice-1-2-100x100.jpg 100w\" sizes=\"auto, (max-width: 1000px) 100vw, 1000px\" \/><figcaption id=\"caption-attachment-22317\" class=\"wp-caption-text\"><center><span style=\"font-family: arial, helvetica, sans-serif;\">Chu\u1ed1i \u0111\u00f4ng l\u1ea1nh c\u1eaft \u0111\u00f4i<\/span><center><\/center><\/center><\/figcaption><\/figure>\n<figure id=\"attachment_22319\" aria-describedby=\"caption-attachment-22319\" style=\"width: 1000px\" class=\"wp-caption aligncenter\"><img loading=\"lazy\" decoding=\"async\" class=\"size-full wp-image-22319\" src=\"https:\/\/hfoods.vn\/wp-content\/uploads\/2025\/04\/HHF_Hang-Dong_chuoi-dice.jpg\" alt=\"Chu\u1ed1i \u0111\u00f4ng l\u1ea1nh c\u1eaft dices\" width=\"1000\" height=\"1000\" srcset=\"https:\/\/hfoods.vn\/wp-content\/uploads\/2025\/04\/HHF_Hang-Dong_chuoi-dice.jpg 1000w, https:\/\/hfoods.vn\/wp-content\/uploads\/2025\/04\/HHF_Hang-Dong_chuoi-dice-768x768.jpg 768w, https:\/\/hfoods.vn\/wp-content\/uploads\/2025\/04\/HHF_Hang-Dong_chuoi-dice-45x45.jpg 45w, https:\/\/hfoods.vn\/wp-content\/uploads\/2025\/04\/HHF_Hang-Dong_chuoi-dice-100x100.jpg 100w\" sizes=\"auto, (max-width: 1000px) 100vw, 1000px\" \/><figcaption id=\"caption-attachment-22319\" class=\"wp-caption-text\"><center><span style=\"font-family: arial, helvetica, sans-serif;\">Chu\u1ed1i \u0111\u00f4ng l\u1ea1nh c\u1eaft dices<\/span><center><\/center><\/center><\/figcaption><\/figure>\n<figure id=\"attachment_22321\" aria-describedby=\"caption-attachment-22321\" style=\"width: 1000px\" class=\"wp-caption aligncenter\"><img loading=\"lazy\" decoding=\"async\" class=\"size-full wp-image-22321\" src=\"https:\/\/hfoods.vn\/wp-content\/uploads\/2025\/04\/HHF_Hang-Dong_chuoi-nguyen-trai-1.jpg\" alt=\"Chu\u1ed1i \u0111\u00f4ng l\u1ea1nh nguy\u00ean qu\u1ea3\" width=\"1000\" height=\"1000\" srcset=\"https:\/\/hfoods.vn\/wp-content\/uploads\/2025\/04\/HHF_Hang-Dong_chuoi-nguyen-trai-1.jpg 1000w, https:\/\/hfoods.vn\/wp-content\/uploads\/2025\/04\/HHF_Hang-Dong_chuoi-nguyen-trai-1-768x768.jpg 768w, https:\/\/hfoods.vn\/wp-content\/uploads\/2025\/04\/HHF_Hang-Dong_chuoi-nguyen-trai-1-45x45.jpg 45w, https:\/\/hfoods.vn\/wp-content\/uploads\/2025\/04\/HHF_Hang-Dong_chuoi-nguyen-trai-1-100x100.jpg 100w\" sizes=\"auto, (max-width: 1000px) 100vw, 1000px\" \/><figcaption id=\"caption-attachment-22321\" class=\"wp-caption-text\"><center><span style=\"font-family: arial, helvetica, sans-serif;\">Chu\u1ed1i \u0111\u00f4ng l\u1ea1nh nguy\u00ean qu\u1ea3<\/span><center><\/center><\/center><\/figcaption><\/figure>\n<h3><span style=\"font-family: arial, helvetica, sans-serif; color: #000000;\">TH\u00c0NH PH\u1ea6N DINH D\u01af\u1ee0NG<\/span><\/h3>\n<ul>\n<li><span style=\"font-family: arial, helvetica, sans-serif; color: #000000;\"><b>N\u0103ng l\u01b0\u1ee3ng &amp; Carbohydrate:<\/b><span style=\"font-weight: 400;\"> Kho\u1ea3ng 89 kcal\/100\u202fg, ch\u1ee7 y\u1ebfu t\u1eeb carbohydrate t\u1ef1 nhi\u00ean (glucose, fructose, sucrose), cung c\u1ea5p n\u0103ng l\u01b0\u1ee3ng nhanh v\u00e0 d\u1ec5 h\u1ea5p thu.<\/span><\/span><\/li>\n<li><span style=\"font-family: arial, helvetica, sans-serif; color: #000000;\"><b>Ch\u1ea5t x\u01a1:<\/b><span style=\"font-weight: 400;\"> 2,6\u202fg\/100\u202fg, h\u1ed7 tr\u1ee3 ti\u00eau h\u00f3a, ng\u0103n ng\u1eeba t\u00e1o b\u00f3n v\u00e0 duy tr\u00ec c\u1ea3m gi\u00e1c no l\u00e2u.<\/span><\/span><\/li>\n<li><span style=\"font-family: arial, helvetica, sans-serif; color: #000000;\"><b>Vitamin:<\/b><span style=\"font-weight: 400;\"> Ch\u1ee9a vitamin C, B6 v\u00e0 c\u00e1c vitamin nh\u00f3m B, gi\u00fap t\u0103ng c\u01b0\u1eddng mi\u1ec5n d\u1ecbch, h\u1ed7 tr\u1ee3 trao \u0111\u1ed5i ch\u1ea5t v\u00e0 h\u1ec7 th\u1ea7n kinh.<\/span><span style=\"font-weight: 400;\"><br \/>\n<\/span><b>Kho\u00e1ng ch\u1ea5t:<\/b><span style=\"font-weight: 400;\"> Bao g\u1ed3m kali, magie, mangan, ph\u1ed1t pho v\u00e0 canxi, h\u1ed7 tr\u1ee3 tim m\u1ea1ch, x\u01b0\u01a1ng kh\u1edbp v\u00e0 c\u00e2n b\u1eb1ng \u0111i\u1ec7n gi\u1ea3i.<\/span><\/span><\/li>\n<\/ul>\n<h3><span style=\"font-family: arial, helvetica, sans-serif; color: #000000;\">\u1ee8NG D\u1ee4NG CHU\u1ed0I \u0110\u00d4NG L\u1ea0NH<\/span><\/h3>\n<ol>\n<li><span style=\"font-family: arial, helvetica, sans-serif; color: #000000;\"><b> Ng\u00e0nh \u0111\u1ed3 u\u1ed1ng:<\/b><span style=\"font-weight: 400;\"> Chu\u1ed1i \u0111\u00f4ng l\u1ea1nh \u0111\u01b0\u1ee3c s\u1eed d\u1ee5ng l\u00e0m nguy\u00ean li\u1ec7u cho sinh t\u1ed1, smoothies, yogurt, v\u00e0 c\u00e1c lo\u1ea1i \u0111\u1ed3 u\u1ed1ng pha ch\u1ebf, gi\u1eef h\u01b0\u01a1ng v\u1ecb t\u1ef1 nhi\u00ean v\u00e0 \u0111\u1ed9 ng\u1ecdt d\u1ecbu \u1ed5n \u0111\u1ecbnh.<\/span><\/span><\/li>\n<li><span style=\"font-family: arial, helvetica, sans-serif; color: #000000;\"><b> Th\u1ef1c ph\u1ea9m ch\u1ebf bi\u1ebfn:<\/b><span style=\"font-weight: 400;\"> D\u00f9ng trong s\u1ea3n xu\u1ea5t kem, sorbet, b\u00e1nh, pudding, topping v\u00e0 c\u00e1c m\u00f3n tr\u00e1ng mi\u1ec7ng l\u1ea1nh, ph\u00f9 h\u1ee3p d\u00e2y chuy\u1ec1n c\u00f4ng nghi\u1ec7p v\u00e0 s\u1ea3n l\u01b0\u1ee3ng l\u1edbn.<\/span><\/span><\/li>\n<li><span style=\"font-family: arial, helvetica, sans-serif; color: #000000;\"><b> Kh\u00e1ch s\u1ea1n \u2013 Nh\u00e0 h\u00e0ng \u2013 Caf\u00e9:<\/b><span style=\"font-weight: 400;\"> Chu\u1ed1i \u0111\u00f4ng l\u1ea1nh\/puree ph\u1ee5c v\u1ee5 pha ch\u1ebf \u0111\u1ed3 u\u1ed1ng, ch\u1ebf bi\u1ebfn m\u00f3n tr\u00e1ng mi\u1ec7ng, trang tr\u00ed m\u00f3n \u0103n buffet, catering v\u00e0 m\u00f3n \u0111\u1eb7c s\u1ea3n theo m\u00f9a.<\/span><\/span><\/li>\n<li><span style=\"font-family: arial, helvetica, sans-serif;\"><span style=\"color: #000000;\"><b> OEM \u2013 Nh\u00e3n hi\u1ec7u ri\u00eang:<\/b><\/span><span style=\"font-weight: 400;\"><span style=\"color: #000000;\"> Cung c\u1ea5p c\u00e1c d\u1ea1ng IQF cho doanh nghi\u1ec7p s\u1ea3n xu\u1ea5t nh\u00e3n hi\u1ec7u ri\u00eang (OEM\/Private Label), \u0111\u00e1p \u1ee9ng c\u00e1c y\u00eau c\u1ea7u v\u1ec1 ch\u1ea5t l\u01b0\u1ee3ng, \u0111\u00f3ng g\u00f3i v\u00e0 ti\u00eau chu\u1ea9n xu\u1ea5t kh\u1ea9u<\/span>.<\/span><\/span><\/li>\n<\/ol>\n<h3><span style=\"font-family: arial, helvetica, sans-serif;\">TH\u00d4NG TIN LI\u00caN H\u1ec6<\/span><\/h3>\n<p><span style=\"color: #000000; font-family: arial, helvetica, sans-serif;\">Email:\u00a0<span style=\"color: #1755ad;\"><a style=\"color: #1755ad;\" href=\"mailto:sales@hunghau.vn\">sales@hunghau.vn<\/a><\/span><\/span><br \/>\n<span style=\"color: #000000; font-family: arial, helvetica, sans-serif;\">Hotline: (+84)79 721 3333\u00a0<\/span><\/p>\n<p><span style=\"color: #000000; font-family: arial, helvetica, sans-serif;\">Email:\u00a0 <span style=\"color: #1755ad;\"><a style=\"color: #1755ad;\" href=\"mailto:Anna@hunghau.vn\">hana@hunghau.vn<\/a>\u00a0<\/span><\/span><br \/>\n<span style=\"color: #000000; font-family: arial, helvetica, sans-serif;\">Hotline: (+84)79 721 3333\u00a0<\/span><\/p>\n<p><span style=\"color: #000000; font-family: arial, helvetica, sans-serif;\">Email:\u00a0<span style=\"color: #1755ad;\"><a style=\"color: #1755ad;\" href=\"mailto:yenn@hunghau.vn\">yenn@hunghau.vn<\/a>\u00a0<\/span><\/span><br \/>\n<span style=\"color: #000000; font-family: arial, helvetica, sans-serif;\">Hotline: (+84)78 520 3333<\/span><\/p>\n<p><span style=\"font-weight: 400; color: #000000;\">LinkedIn<span style=\"color: #1755ad;\">:<\/span><\/span><span style=\"color: #1755ad;\"><a style=\"color: #1755ad;\" href=\"https:\/\/lnkd.in\/g_KkBKHf\"><span style=\"font-weight: 400;\"> https:\/\/lnkd.in\/g_KkBKHf<\/span><\/a><\/span><\/p>\n<p><span style=\"color: #000000; font-family: arial, helvetica, sans-serif;\"><b>C\u00f4ng ty C\u1ed5 ph\u1ea7n Th\u1ef1c ph\u1ea9m H\u00f9ng H\u1eadu (HungHau Foods)<\/b><\/span><\/p>\n<p><span style=\"font-family: arial, helvetica, sans-serif;\"><strong><span style=\"color: #000000;\">\u0110\u1ecba ch\u1ec9: 642 \u00c2u C\u01a1, Ph\u01b0\u1eddng B\u1ea3y Hi\u1ec1n, Th\u00e0nh Ph\u1ed1 H\u1ed3 Ch\u00ed Minh<\/span><\/strong><\/span><\/p>\n<p><span style=\"color: #000000; font-family: arial, helvetica, sans-serif;\"><b>Nh\u00e0 xu\u1ea5t kh\u1ea9u n\u00f4ng s\u1ea3n &#8211; Nh\u00e0 cung \u1ee9ng tr\u00e1i c\u00e2y &amp; rau c\u1ee7 \u0111\u00f4ng l\u1ea1nh t\u1ea1i Vi\u1ec7t Nam.<\/b><\/span><\/p>\n<\/div>\n","protected":false},"excerpt":{"rendered":"<div>\n<table style=\"width: 359.369px;\">\n<tbody>\n<tr>\n<td style=\"width: 123px;\"><span style=\"color: #1755ad;\"><strong>Lo\u1ea1i<\/strong><\/span><\/td>\n<td style=\"width: 223.369px;\"><span style=\"font-family: arial, helvetica, sans-serif; color: #000000;\">Nguy\u00ean qu\u1ea3, c\u1eaft l\u00e1t, c\u1eaft \u0111\u00f4i, \u2026ho\u1eb7c theo y\u00eau c\u1ea7u kh\u00e1ch h\u00e0ng.<\/span><\/td>\n<\/tr>\n<tr>\n<td style=\"width: 123px;\"><span style=\"color: #1755ad;\"><strong>M\u00f9a v\u1ee5 ch\u00ednh<\/strong><\/span><\/td>\n<td style=\"width: 223.369px;\"><span style=\"font-family: arial, helvetica, sans-serif; color: #000000;\">Th\u00e1ng 11-12-1-2-3<\/span><\/td>\n<\/tr>\n<tr>\n<td style=\"width: 123px;\"><span style=\"color: #1755ad;\"><strong>Quy c\u00e1ch<\/strong><\/span><\/td>\n<td style=\"width: 223.369px;\"><span style=\"color: #000000;\">10kg\/t\u00fai ho\u1eb7c t\u00f9y theo y\u00eau c\u1ea7u kh\u00e1ch h\u00e0ng<\/span><\/td>\n<\/tr>\n<tr>\n<td style=\"width: 123px;\"><span style=\"color: #1755ad;\"><strong>\u0110i\u1ec1u ki\u1ec7n<\/strong><\/span><\/td>\n<td style=\"width: 223.369px;\"><span style=\"color: #000000;\">-18 \u0111\u1ed9<\/span><\/td>\n<\/tr>\n<tr>\n<td style=\"width: 123px;\"><span style=\"color: #1755ad;\"><b>C\u00f4ng su\u1ea5t<\/b><\/span><\/td>\n<td style=\"width: 223.369px;\"><span style=\"color: #000000;\">2,000 t\u1ea5n 1 n\u0103m<\/span><\/td>\n<\/tr>\n<tr>\n<td style=\"width: 123px;\"><span style=\"color: #1755ad;\"><b>Th\u1eddi h\u1ea1n s\u1eed d\u1ee5ng<\/b><\/span><\/td>\n<td style=\"width: 223.369px;\"><span style=\"color: #000000;\">24 th\u00e1ng<\/span><\/td>\n<\/tr>\n<\/tbody>\n<\/table>\n<\/div>\n","protected":false},"featured_media":15163,"comment_status":"closed","ping_status":"closed","template":"","meta":[],"product_brand":[],"product_cat":[99],"product_tag":[],"class_list":{"0":"post-15098","1":"product","2":"type-product","3":"status-publish","4":"has-post-thumbnail","6":"product_cat-rau-cu-qua-dong-lanh","8":"first","9":"instock","10":"shipping-taxable","11":"product-type-simple"},"_links":{"self":[{"href":"https:\/\/hfoods.vn\/vi\/wp-json\/wp\/v2\/product\/15098","targetHints":{"allow":["GET"]}}],"collection":[{"href":"https:\/\/hfoods.vn\/vi\/wp-json\/wp\/v2\/product"}],"about":[{"href":"https:\/\/hfoods.vn\/vi\/wp-json\/wp\/v2\/types\/product"}],"replies":[{"embeddable":true,"href":"https:\/\/hfoods.vn\/vi\/wp-json\/wp\/v2\/comments?post=15098"}],"wp:featuredmedia":[{"embeddable":true,"href":"https:\/\/hfoods.vn\/vi\/wp-json\/wp\/v2\/media\/15163"}],"wp:attachment":[{"href":"https:\/\/hfoods.vn\/vi\/wp-json\/wp\/v2\/media?parent=15098"}],"wp:term":[{"taxonomy":"product_brand","embeddable":true,"href":"https:\/\/hfoods.vn\/vi\/wp-json\/wp\/v2\/product_brand?post=15098"},{"taxonomy":"product_cat","embeddable":true,"href":"https:\/\/hfoods.vn\/vi\/wp-json\/wp\/v2\/product_cat?post=15098"},{"taxonomy":"product_tag","embeddable":true,"href":"https:\/\/hfoods.vn\/vi\/wp-json\/wp\/v2\/product_tag?post=15098"}],"curies":[{"name":"wp","href":"https:\/\/api.w.org\/{rel}","templated":true}]}}