{"id":15629,"date":"2025-04-02T10:15:33","date_gmt":"2025-04-02T10:15:33","guid":{"rendered":"https:\/\/hfoods.vn\/?post_type=product&#038;p=15629"},"modified":"2026-04-02T18:00:30","modified_gmt":"2026-04-02T11:00:30","slug":"du-du-dong-lanh-2","status":"publish","type":"product","link":"https:\/\/hfoods.vn\/vi\/san-pham\/du-du-dong-lanh-2\/","title":{"rendered":"\u0110u \u0110\u1ee7 \u0110\u00f4ng L\u1ea1nh"},"content":{"rendered":"<h2><span style=\"color: #000000;\">\u0110U \u0110\u1ee6 \u0110\u00d4NG L\u1ea0NH\u00a0<\/span><\/h2>\n<p><span style=\"color: #000000;\"><span style=\"font-weight: 400;\">\u0110u \u0110\u1ee7 \u0111\u00f4ng l\u1ea1nh<\/span><span style=\"font-weight: 400;\"> c\u1ee7a C\u00f4ng ty C\u1ed5 ph\u1ea7n Th\u1ef1c ph\u1ea9m H\u00f9ng H\u1eadu (HungHau Foods), \u0111\u01b0\u1ee3c tuy\u1ec3n ch\u1ecdn t\u1eeb nh\u1eefng tr\u00e1i \u0111u \u0111\u1ee7 \u0111\u1ea1t chu\u1ea9n t\u1ea1i c\u00e1c v\u00f9ng tr\u1ed3ng thu\u1ed9c \u0110\u1ed3ng B\u1eb1ng S\u00f4ng C\u1eedu Long (Vi\u1ec7t Nam). S\u1ea3n ph\u1ea9m \u0111\u01b0\u1ee3c c\u1ea5p \u0111\u00f4ng b\u1eb1ng c\u00f4ng ngh\u1ec7 IQF hi\u1ec7n \u0111\u1ea1i, \u0111\u1ea3m b\u1ea3o gi\u1eef \u0111\u01b0\u1ee3c h\u01b0\u01a1ng v\u1ecb, m\u00e0u s\u1eafc v\u00e0 ch\u1ea5t l\u01b0\u1ee3ng t\u1ef1 nhi\u00ean. <\/span><span style=\"font-weight: 400;\">\u00a0\u0110u \u0111\u1ee7 \u0111\u00f4ng l\u1ea1nh \u0111\u01b0\u1ee3c ki\u1ec3m so\u00e1t ch\u1eb7t ch\u1ebd y\u1ebfu t\u1ed1 bi\u1ebfn \u0111\u1ed5i gene (Non-GMO controlled), \u0111\u1ea3m b\u1ea3o an to\u00e0n v\u00e0 ph\u00f9 h\u1ee3p v\u1edbi c\u00e1c ti\u00eau chu\u1ea9n xu\u1ea5t kh\u1ea9u qu\u1ed1c t\u1ebf.\u00a0<\/span><\/span><\/p>\n<p><span style=\"font-weight: 400; color: #000000;\">HungHau Foods s\u1edf h\u1eefu n\u0103ng l\u1ef1c cung \u1ee9ng \u0111u \u0111\u1ee7 \u0111\u00f4ng l\u1ea1nh l\u00ean \u0111\u1ebfn 500 t\u1ea5n th\u00e0nh ph\u1ea9m m\u1ed7i n\u0103m. S\u1ea3n ph\u1ea9m &amp; nh\u00e0 m\u00e1y ch\u1ebf bi\u1ebfn c\u1ee7a HungHau Foods \u0111\u1ea1t c\u00e1c ch\u1ee9ng nh\u1eadn, ti\u00eau chu\u1ea9n qu\u1ed1c t\u1ebf, bao g\u1ed3m g\u1ed3m: BRCGS, HACCP, ISO 22000, FDA, KV, HALAL v\u00e0 SMETA.\u00a0<\/span><\/p>\n<h2><span style=\"color: #000000;\">\u0110\u1eb6C \u0110I\u1ec2M N\u1ed4I B\u1eacT<\/span><\/h2>\n<ul>\n<li style=\"font-weight: 400;\" aria-level=\"1\"><span style=\"color: #000000;\"><span style=\"color: #000000;\"><b>H\u00ecnh d\u1ea1ng &amp; tr\u1ecdng l\u01b0\u1ee3ng:<\/b><span style=\"font-weight: 400;\"> Qu\u1ea3 v\u1eeba, h\u00ecnh b\u1ea7u d\u00e0i, 500\u2013800g\/qu\u1ea3.<\/span><\/span><\/span><\/li>\n<li style=\"font-weight: 400;\" aria-level=\"1\"><span style=\"color: #000000;\"><span style=\"color: #000000;\"><b>Th\u1ecbt qu\u1ea3:<\/b><span style=\"font-weight: 400;\"> M\u00e0u cam \u0111\u1eadm, gi\u1eef tr\u1ecdn h\u01b0\u01a1ng v\u1ecb t\u01b0\u01a1i, gi\u00f2n.<\/span><\/span><\/span><\/li>\n<li style=\"font-weight: 400;\" aria-level=\"1\"><span style=\"color: #000000;\"><span style=\"color: #000000;\"><b>H\u01b0\u01a1ng v\u1ecb:<\/b><span style=\"font-weight: 400;\"> Ng\u1ecdt t\u1ef1 nhi\u00ean, th\u01a1m nh\u1eb9.<\/span><\/span><\/span><\/li>\n<li style=\"font-weight: 400;\" aria-level=\"1\"><span style=\"color: #000000;\"><span style=\"color: #000000;\"><b>Ph\u00e2n lo\u1ea1i:<\/b><span style=\"font-weight: 400;\"> C\u1eaft l\u00e1t, c\u1eaft dices, puree<\/span><\/span><\/span><\/li>\n<li style=\"font-weight: 400;\" aria-level=\"1\"><span style=\"color: #000000;\"><b>C\u00f4ng ngh\u1ec7:<\/b><span style=\"font-weight: 400;\"> IQF, c\u1ea5p \u0111\u00f4ng nhanh t\u1eebng c\u00e1 th\u1ec3, b\u1ea3o to\u00e0n ch\u1ea5t l\u01b0\u1ee3ng v\u00e0 dinh d\u01b0\u1ee1ng.<\/span><\/span><\/li>\n<\/ul>\n<h2><span style=\"color: #000000;\">TH\u00d4NG TIN K\u1ef8 THU\u1eacT:<\/span><\/h2>\n<table>\n<tbody>\n<tr style=\"height: 50px;\">\n<td style=\"height: 50px;\"><span style=\"font-weight: 400; color: #000000;\">Lo\u1ea1i h\u00e0ng (Style)<\/span><\/td>\n<td style=\"height: 50px;\"><span style=\"font-weight: 400; color: #000000;\">\u0110\u00f4ng L\u1ea1nh<\/span><\/td>\n<\/tr>\n<tr style=\"height: 50px;\">\n<td style=\"height: 50px;\"><span style=\"font-weight: 400; color: #000000;\">M\u00e0u s\u1eafc (Color)<\/span><\/td>\n<td style=\"height: 50px;\"><span style=\"font-weight: 400; color: #000000;\">Cam v\u00e0ng<\/span><\/td>\n<\/tr>\n<tr style=\"height: 50px;\">\n<td style=\"height: 50px;\"><span style=\"font-weight: 400; color: #000000;\">K\u00edch th\u01b0\u1edbc (size)<\/span><\/td>\n<td style=\"height: 50px;\"><span style=\"font-weight: 400; color: #000000;\">C\u1eaft l\u00e1t, c\u1eaft dices, puree<\/span><\/td>\n<\/tr>\n<tr style=\"height: 50px;\">\n<td style=\"height: 50px;\"><span style=\"font-weight: 400; color: #000000;\">Qu\u00e1 tr\u00ecnh \u0111\u00f4ng l\u1ea1nh (Freezing Process):<\/span><\/td>\n<td style=\"height: 50px;\"><span style=\"font-weight: 400; color: #000000;\">S\u1eed d\u1ee5ng c\u00f4ng ngh\u1ec7 c\u1ea5p \u0111\u00f4ng nhanh IQF (Individual Quick Freezing) \u2013 c\u1ea5p \u0111\u00f4ng t\u1eebng c\u00e1 th\u1ec3.<\/span><\/td>\n<\/tr>\n<tr style=\"height: 50px;\">\n<td style=\"height: 50px;\"><span style=\"font-weight: 400; color: #000000;\">Tr\u1ecdng l\u01b0\u1ee3ng PA (Weight\/PA)<\/span><\/td>\n<td style=\"height: 50px;\"><span style=\"font-weight: 400; color: #000000;\">T\u00f9y theo y\u00eau c\u1ea7u kh\u00e1ch h\u00e0ng<\/span><\/td>\n<\/tr>\n<tr style=\"height: 50px;\">\n<td style=\"height: 50px;\"><span style=\"font-weight: 400; color: #000000;\">Tr\u1ecdng l\u01b0\u1ee3ng\/ctn (Weight\/ctn):<\/span><\/td>\n<td style=\"height: 50px;\"><span style=\"font-weight: 400; color: #000000;\">T\u00f9y theo y\u00eau c\u1ea7u kh\u00e1ch h\u00e0ng<\/span><\/td>\n<\/tr>\n<tr style=\"height: 50px;\">\n<td style=\"height: 50px;\"><span style=\"font-weight: 400; color: #000000;\">Nhi\u1ec7t \u0111\u1ed9 l\u01b0u tr\u1eef (Storage):<\/span><\/td>\n<td style=\"height: 50px;\"><span style=\"font-weight: 400; color: #000000;\">-18\u2103<\/span><\/td>\n<\/tr>\n<tr style=\"height: 50px;\">\n<td style=\"height: 50px;\"><span style=\"font-weight: 400; color: #000000;\">Ngu\u1ed3n g\u1ed1c (origin):\u00a0<\/span><\/td>\n<td style=\"height: 50px;\"><span style=\"font-weight: 400; color: #000000;\">Vi\u1ec7t Nam<\/span><\/td>\n<\/tr>\n<tr style=\"height: 50px;\">\n<td style=\"height: 50px;\"><span style=\"font-weight: 400; color: #000000;\">Ph\u01b0\u01a1ng th\u1ee9c v\u1eadn chuy\u1ec3n (Method of delivery)<\/span><\/td>\n<td style=\"height: 50px;\"><span style=\"font-weight: 400; color: #000000;\">\u0110\u01b0\u1eddng bi\u1ec3n ho\u1eb7c \u0111\u01b0\u1eddng h\u00e0ng kh\u00f4ng.\u00a0<\/span><\/td>\n<\/tr>\n<tr style=\"height: 50px;\">\n<td style=\"height: 50px;\"><span style=\"font-weight: 400; color: #000000;\">\u0110\u00f3ng g\u00f3i (packaging)<\/span><\/td>\n<td style=\"height: 50px;\"><span style=\"font-weight: 400; color: #000000;\">10kg \/ 1 th\u00f9ng ho\u1eb7c t\u00f9y theo y\u00eau c\u1ea7u kh\u00e1ch h\u00e0ng<\/span><\/td>\n<\/tr>\n<tr style=\"height: 86px;\">\n<td style=\"height: 86px;\"><span style=\"font-weight: 400; color: #000000;\">Theo m\u00f9a (season)<\/span><\/p>\n<p><span style=\"font-weight: 400; color: #000000;\">H\u1ea1n s\u1eed d\u1ee5ng (Shelf life)<\/span><\/td>\n<td style=\"height: 86px;\"><span style=\"font-weight: 400; color: #000000;\">T\u1eeb th\u00e1ng 11 \u0111\u1ebfn th\u00e1ng 2<\/span><\/p>\n<p><span style=\"font-weight: 400; color: #000000;\">24 th\u00e1ng\u00a0<\/span><\/td>\n<\/tr>\n<\/tbody>\n<\/table>\n<div><\/div>\n<h2><span style=\"color: #000000;\">TH\u00d4NG TIN LI\u00caN H\u1ec6\u00a0<\/span><\/h2>\n<p><span style=\"color: #000000; font-family: arial, helvetica, sans-serif;\">Email:\u00a0<span style=\"color: #1755ad;\"><a style=\"color: #1755ad;\" href=\"mailto:sales@hunghau.vn\">sales@hunghau.vn<\/a><\/span><\/span><br \/>\n<span style=\"color: #000000; font-family: arial, helvetica, sans-serif;\">Hotline: (+84)79 721 3333\u00a0<\/span><\/p>\n<p><span style=\"color: #000000; font-family: arial, helvetica, sans-serif;\"><span style=\"font-weight: 400;\">Email:\u00a0 <\/span><span style=\"font-weight: 400; color: #333399;\">Hana@hunghau.vn <\/span><span style=\"font-weight: 400;\"><br \/>\n<\/span><span style=\"font-weight: 400;\">Hotline: (+84)79 721 3333\u00a0<\/span><\/span><\/p>\n<p><span style=\"color: #000000; font-family: arial, helvetica, sans-serif;\">Email:\u00a0<span style=\"color: #1755ad;\"><a style=\"color: #1755ad;\" href=\"mailto:yenn@hunghau.vn\">yenn@hunghau.vn<\/a>\u00a0<\/span><\/span><br \/>\n<span style=\"color: #000000; font-family: arial, helvetica, sans-serif;\">Hotline: (+84)78 520 3333<\/span><\/p>\n<p><span style=\"font-weight: 400; color: #000000;\">LinkedIn<span style=\"color: #1755ad;\">:<\/span><\/span><span style=\"color: #1755ad;\"><a style=\"color: #1755ad;\" href=\"https:\/\/lnkd.in\/g_KkBKHf\"><span style=\"font-weight: 400;\"> https:\/\/lnkd.in\/g_KkBKHf<\/span><\/a><\/span><\/p>\n<h2>H\u00ccNH \u1ea2NH S\u1ea2N PH\u1ea8M<\/h2>\n<figure id=\"attachment_22644\" aria-describedby=\"caption-attachment-22644\" style=\"width: 2560px\" class=\"wp-caption aligncenter\"><img loading=\"lazy\" decoding=\"async\" class=\"size-full wp-image-22644\" src=\"https:\/\/hfoods.vn\/wp-content\/uploads\/2025\/04\/HHF_-03034-2-1-scaled.jpg\" alt=\"\u0110u \u0111\u1ee7 c\u1eaft dices \u0111\u00f4ng l\u1ea1nh HungHau Foods\" width=\"2560\" height=\"2560\" srcset=\"https:\/\/hfoods.vn\/wp-content\/uploads\/2025\/04\/HHF_-03034-2-1-scaled.jpg 2560w, https:\/\/hfoods.vn\/wp-content\/uploads\/2025\/04\/HHF_-03034-2-1-768x768.jpg 768w, https:\/\/hfoods.vn\/wp-content\/uploads\/2025\/04\/HHF_-03034-2-1-1536x1536.jpg 1536w, https:\/\/hfoods.vn\/wp-content\/uploads\/2025\/04\/HHF_-03034-2-1-2048x2048.jpg 2048w, https:\/\/hfoods.vn\/wp-content\/uploads\/2025\/04\/HHF_-03034-2-1-45x45.jpg 45w, https:\/\/hfoods.vn\/wp-content\/uploads\/2025\/04\/HHF_-03034-2-1-100x100.jpg 100w\" sizes=\"auto, (max-width: 2560px) 100vw, 2560px\" \/><figcaption id=\"caption-attachment-22644\" class=\"wp-caption-text\"><center>\u0110u \u0111\u1ee7 c\u1eaft dices \u0111\u00f4ng l\u1ea1nh HungHau Foods<center><\/center><\/center><\/figcaption><\/figure>\n<figure id=\"attachment_22646\" aria-describedby=\"caption-attachment-22646\" style=\"width: 2560px\" class=\"wp-caption aligncenter\"><img loading=\"lazy\" decoding=\"async\" class=\"size-full wp-image-22646\" src=\"https:\/\/hfoods.vn\/wp-content\/uploads\/2025\/04\/HHF_-03053-1-scaled.jpg\" alt=\"\u0110u \u0111\u1ee7 c\u1eaft l\u00e1t \u0111\u00f4ng l\u1ea1nh HungHau Foods\" width=\"2560\" height=\"2560\" srcset=\"https:\/\/hfoods.vn\/wp-content\/uploads\/2025\/04\/HHF_-03053-1-scaled.jpg 2560w, https:\/\/hfoods.vn\/wp-content\/uploads\/2025\/04\/HHF_-03053-1-768x768.jpg 768w, https:\/\/hfoods.vn\/wp-content\/uploads\/2025\/04\/HHF_-03053-1-1536x1536.jpg 1536w, https:\/\/hfoods.vn\/wp-content\/uploads\/2025\/04\/HHF_-03053-1-2048x2048.jpg 2048w, https:\/\/hfoods.vn\/wp-content\/uploads\/2025\/04\/HHF_-03053-1-45x45.jpg 45w, https:\/\/hfoods.vn\/wp-content\/uploads\/2025\/04\/HHF_-03053-1-100x100.jpg 100w\" sizes=\"auto, (max-width: 2560px) 100vw, 2560px\" \/><figcaption id=\"caption-attachment-22646\" class=\"wp-caption-text\"><center>\u0110u \u0111\u1ee7 c\u1eaft dices \u0111\u00f4ng l\u1ea1nh HungHau Foods<center><\/center><\/center><\/figcaption><\/figure>\n<h2><span style=\"color: #000000;\">TH\u00c0NH PH\u1ea6N DINH D\u01af\u1ee0NG<\/span><\/h2>\n<ul>\n<li style=\"font-weight: 400;\" aria-level=\"1\"><span style=\"color: #000000;\"><span style=\"color: #000000;\"><span style=\"font-weight: 400;\"><strong>N\u0103ng l\u01b0\u1ee3ng:<\/strong> Gi\u00fap b\u1ed5 sung n\u0103ng l\u01b0\u1ee3ng nh\u1eb9.\u00a0<\/span><\/span><\/span><\/li>\n<li style=\"font-weight: 400;\" aria-level=\"1\"><span style=\"color: #000000;\"><span style=\"color: #000000;\"><span style=\"font-weight: 400;\"><strong>Carbohydrate &amp; ch\u1ea5t x\u01a1:<\/strong> Ch\u1ee9a \u0111\u01b0\u1eddng t\u1ef1 nhi\u00ean v\u00e0 ch\u1ea5t x\u01a1, h\u1ed7 tr\u1ee3 ti\u00eau h\u00f3a v\u00e0 t\u1ea1o c\u1ea3m gi\u00e1c no.<\/span><\/span><\/span><\/li>\n<li style=\"font-weight: 400;\" aria-level=\"1\"><span style=\"color: #000000;\"><span style=\"color: #000000;\"><span style=\"font-weight: 400;\"><strong>Vitamin:<\/strong> Gi\u00e0u vitamin C v\u00e0 carotenoids, gi\u00fap t\u0103ng c\u01b0\u1eddng mi\u1ec5n d\u1ecbch, b\u1ea3o v\u1ec7 m\u1eaft v\u00e0 l\u00e0n da.<\/span><\/span><\/span><\/li>\n<li style=\"font-weight: 400;\" aria-level=\"1\"><span style=\"font-weight: 400; color: #000000;\"><strong>Kho\u00e1ng ch\u1ea5t:<\/strong> Ch\u1ee9a kali, magie, canxi, h\u1ed7 tr\u1ee3 ch\u1ee9c n\u0103ng tim m\u1ea1ch v\u00e0 th\u1ea7n kinh.<\/span><\/li>\n<\/ul>\n<h2><span style=\"color: #000000;\">\u1ee8NG D\u1ee4NG \u0110U \u0110\u1ee6 \u0110\u00d4NG L\u1ea0NH\u00a0<\/span><\/h2>\n<ul>\n<li style=\"font-weight: 400;\" aria-level=\"1\"><span style=\"font-weight: 400; color: #000000;\"><strong>Ng\u00e0nh \u0111\u1ed3 u\u1ed1ng<\/strong>: Nguy\u00ean li\u1ec7u cho n\u01b0\u1edbc \u00e9p, sinh t\u1ed1, smoothies, yogurt u\u1ed1ng, \u0111\u1ea3m b\u1ea3o h\u01b0\u01a1ng v\u1ecb v\u00e0 m\u00e0u s\u1eafc t\u1ef1 nhi\u00ean.<\/span><\/li>\n<li style=\"font-weight: 400;\" aria-level=\"1\"><span style=\"font-weight: 400; color: #000000;\"><strong>S\u1ea3n xu\u1ea5t th\u1ef1c ph\u1ea9m ch\u1ebf bi\u1ebfn:<\/strong> D\u00f9ng l\u00e0m kem, sorbet, th\u1ea1ch, m\u1ee9t, nh\u00e2n b\u00e1nh, topping, ph\u00f9 h\u1ee3p d\u00e2y chuy\u1ec1n c\u00f4ng nghi\u1ec7p v\u00e0 s\u1ea3n l\u01b0\u1ee3ng l\u1edbn.<\/span><\/li>\n<li style=\"font-weight: 400;\" aria-level=\"1\"><span style=\"font-weight: 400; color: #000000;\"><strong>Kh\u00e1ch s\u1ea1n \u2013 Nh\u00e0 h\u00e0ng \u2013 Caf\u00e9:<\/strong> Ph\u1ee5c v\u1ee5 pha ch\u1ebf \u0111\u1ed3 u\u1ed1ng, ch\u1ebf bi\u1ebfn m\u00f3n tr\u00e1ng mi\u1ec7ng, trang tr\u00ed m\u00f3n \u0103n v\u00e0 c\u00e1c m\u00f3n \u0111\u1eb7c s\u1ea3n theo m\u00f9a.<\/span><\/li>\n<li style=\"font-weight: 400;\" aria-level=\"1\"><span style=\"font-weight: 400; color: #000000;\"><strong>OEM \u2013 Nh\u00e3n hi\u1ec7u ri\u00eang:<\/strong> Cung c\u1ea5p theo d\u1ea1ng IQF, c\u1eaft l\u00e1t, c\u1eaft dices, puree, \u0111\u00e1p \u1ee9ng c\u00e1c y\u00eau c\u1ea7u v\u1ec1 \u0111\u00f3ng g\u00f3i, ch\u1ea5t l\u01b0\u1ee3ng v\u00e0 ti\u00eau chu\u1ea9n xu\u1ea5t kh\u1ea9u.<\/span><\/li>\n<\/ul>\n<h3><span style=\"color: #000000; font-family: arial, helvetica, sans-serif;\">TH\u00d4NG TIN LI\u00caN H\u1ec6:<\/span><\/h3>\n<p><span style=\"color: #000000; font-family: arial, helvetica, sans-serif;\">Email:\u00a0<span style=\"color: #1755ad;\"><a style=\"color: #1755ad;\" href=\"mailto:sales@hunghau.vn\">sales@hunghau.vn<\/a><\/span><\/span><br \/>\n<span style=\"color: #000000; font-family: arial, helvetica, sans-serif;\">Hotline: (+84)79 721 3333\u00a0<\/span><\/p>\n<p><span style=\"color: #000000; font-family: arial, helvetica, sans-serif;\"><span style=\"font-weight: 400;\">Email:\u00a0 <\/span><span style=\"font-weight: 400; color: #333399;\">Hana@hunghau.vn <\/span><span style=\"font-weight: 400;\"><br \/>\n<\/span><span style=\"font-weight: 400;\">Hotline: (+84)79 721 3333\u00a0<\/span><\/span><\/p>\n<p><span style=\"color: #000000; font-family: arial, helvetica, sans-serif;\">Email:\u00a0<span style=\"color: #1755ad;\"><a style=\"color: #1755ad;\" href=\"mailto:yenn@hunghau.vn\">yenn@hunghau.vn<\/a>\u00a0<\/span><\/span><br \/>\n<span style=\"color: #000000; font-family: arial, helvetica, sans-serif;\">Hotline: (+84)78 520 3333<\/span><\/p>\n<p><span style=\"font-weight: 400; color: #000000;\">LinkedIn<span style=\"color: #1755ad;\">:<\/span><\/span><span style=\"color: #1755ad;\"><a style=\"color: #1755ad;\" href=\"https:\/\/lnkd.in\/g_KkBKHf\"><span style=\"font-weight: 400;\"> https:\/\/lnkd.in\/g_KkBKHf<\/span><\/a><\/span><\/p>\n<p><span style=\"color: #000000; font-family: arial, helvetica, sans-serif;\"><b>C\u00f4ng ty C\u1ed5 ph\u1ea7n Th\u1ef1c ph\u1ea9m H\u00f9ng H\u1eadu (HungHau Foods)<\/b><\/span><\/p>\n<p><span style=\"font-family: arial, helvetica, sans-serif;\"><strong><span style=\"color: #000000;\">\u0110\u1ecba ch\u1ec9: 642 \u00c2u C\u01a1, Ph\u01b0\u1eddng B\u1ea3y Hi\u1ec1n, Th\u00e0nh Ph\u1ed1 H\u1ed3 Ch\u00ed Minh<\/span><\/strong><\/span><\/p>\n<p><span style=\"color: #000000; font-family: arial, helvetica, sans-serif;\"><b>Nh\u00e0 xu\u1ea5t kh\u1ea9u n\u00f4ng s\u1ea3n &#8211; Nh\u00e0 cung \u1ee9ng tr\u00e1i c\u00e2y &amp; rau c\u1ee7 \u0111\u00f4ng l\u1ea1nh t\u1ea1i Vi\u1ec7t Nam.<\/b><\/span><\/p>\n","protected":false},"excerpt":{"rendered":"<div class=\"ewa-rteLine\">\n<table style=\"width: 374px;\">\n<tbody>\n<tr>\n<td style=\"width: 123px;\"><span style=\"color: #1755ad;\"><strong>Lo\u1ea1i<\/strong><\/span><\/td>\n<td style=\"width: 237px;\"><span style=\"color: #000000;\">c\u1eaft dice, c\u1eaft l\u00e1t, puree\u2026ho\u1eb7c theo y\u00eau c\u1ea7u kh\u00e1ch h\u00e0ng.<\/span><\/td>\n<\/tr>\n<tr>\n<td style=\"width: 123px;\"><span style=\"color: #1755ad;\"><strong>M\u00f9a v\u1ee5 ch\u00ednh<\/strong><\/span><\/td>\n<td style=\"width: 237px;\"><span style=\"color: #000000;\">Th\u00e1ng 11-12-1-2<\/span><\/td>\n<\/tr>\n<tr>\n<td style=\"width: 123px;\"><span style=\"color: #1755ad;\"><strong>Quy c\u00e1ch<\/strong><\/span><\/td>\n<td style=\"width: 237px;\"><span style=\"color: #000000;\">10kg\/t\u00fai ho\u1eb7c theo y\u00eau c\u1ea7u kh\u00e1ch h\u00e0ng<\/span><\/td>\n<\/tr>\n<tr>\n<td style=\"width: 123px;\"><span style=\"color: #1755ad;\"><strong>\u0110i\u1ec1u ki\u1ec7n<\/strong><\/span><\/td>\n<td style=\"width: 237px;\"><span style=\"color: #000000;\">-18 \u0111\u1ed9<\/span><\/td>\n<\/tr>\n<tr>\n<td style=\"width: 123px;\"><span style=\"color: #1755ad;\"><b>C\u00f4ng su\u1ea5t<\/b><\/span><\/td>\n<td style=\"width: 237px;\"><span style=\"color: #000000;\">500 t\u1ea5n 1 n\u0103m<\/span><\/td>\n<\/tr>\n<tr>\n<td style=\"width: 123px;\"><span style=\"color: #1755ad;\"><b>Th\u1eddi h\u1ea1n s\u1eed d\u1ee5ng<\/b><\/span><\/td>\n<td style=\"width: 237px;\"><span style=\"color: #000000;\">24 th\u00e1ng<\/span><\/td>\n<\/tr>\n<\/tbody>\n<\/table>\n<\/div>\n","protected":false},"featured_media":22640,"comment_status":"closed","ping_status":"closed","template":"","meta":[],"product_brand":[],"product_cat":[99],"product_tag":[],"class_list":{"0":"post-15629","1":"product","2":"type-product","3":"status-publish","4":"has-post-thumbnail","6":"product_cat-rau-cu-qua-dong-lanh","8":"first","9":"instock","10":"shipping-taxable","11":"product-type-simple"},"_links":{"self":[{"href":"https:\/\/hfoods.vn\/vi\/wp-json\/wp\/v2\/product\/15629","targetHints":{"allow":["GET"]}}],"collection":[{"href":"https:\/\/hfoods.vn\/vi\/wp-json\/wp\/v2\/product"}],"about":[{"href":"https:\/\/hfoods.vn\/vi\/wp-json\/wp\/v2\/types\/product"}],"replies":[{"embeddable":true,"href":"https:\/\/hfoods.vn\/vi\/wp-json\/wp\/v2\/comments?post=15629"}],"wp:featuredmedia":[{"embeddable":true,"href":"https:\/\/hfoods.vn\/vi\/wp-json\/wp\/v2\/media\/22640"}],"wp:attachment":[{"href":"https:\/\/hfoods.vn\/vi\/wp-json\/wp\/v2\/media?parent=15629"}],"wp:term":[{"taxonomy":"product_brand","embeddable":true,"href":"https:\/\/hfoods.vn\/vi\/wp-json\/wp\/v2\/product_brand?post=15629"},{"taxonomy":"product_cat","embeddable":true,"href":"https:\/\/hfoods.vn\/vi\/wp-json\/wp\/v2\/product_cat?post=15629"},{"taxonomy":"product_tag","embeddable":true,"href":"https:\/\/hfoods.vn\/vi\/wp-json\/wp\/v2\/product_tag?post=15629"}],"curies":[{"name":"wp","href":"https:\/\/api.w.org\/{rel}","templated":true}]}}