{"id":15641,"date":"2025-07-30T02:29:25","date_gmt":"2025-07-29T19:29:25","guid":{"rendered":"https:\/\/hfoods.vn\/?post_type=product&#038;p=15641"},"modified":"2026-04-01T15:17:52","modified_gmt":"2026-04-01T08:17:52","slug":"xoai-keo-dong-lanh","status":"publish","type":"product","link":"https:\/\/hfoods.vn\/vi\/san-pham\/xoai-keo-dong-lanh\/","title":{"rendered":"Xo\u00e0i Keo \u0110\u00f4ng L\u1ea1nh"},"content":{"rendered":"<h2><span style=\"color: #000000;\">XO\u00c0I KEO \u0110\u00d4NG L\u1ea0NH\u00a0<\/span><\/h2>\n<p><span style=\"font-weight: 400; color: #000000; font-family: arial, helvetica, sans-serif;\">Nh\u1eefng tr\u00e1i xo\u00e0i keo \u0111\u00f4ng l\u1ea1nh c\u1ee7a C\u00f4ng ty C\u1ed5 ph\u1ea7n Th\u1ef1c ph\u1ea9m H\u00f9ng H\u1eadu (HungHau Foods), \u0111\u01b0\u1ee3c tuy\u1ec3n ch\u1ecdn t\u1eeb nh\u1eefng tr\u00e1i xo\u00e0i \u0111\u1ea1t chu\u1ea9n t\u1ea1i c\u00e1c v\u00f9ng tr\u1ed3ng thu\u1ed9c t\u1ec9nh \u0110\u1ed3ng Th\u00e1p v\u00e0 An Giang (Vi\u1ec7t Nam). S\u1ea3n ph\u1ea9m \u0111\u01b0\u1ee3c c\u1ea5p \u0111\u00f4ng b\u1eb1ng c\u00f4ng ngh\u1ec7 IQF hi\u1ec7n \u0111\u1ea1i, \u0111\u1ea3m b\u1ea3o gi\u1eef \u0111\u01b0\u1ee3c h\u01b0\u01a1ng v\u1ecb, m\u00e0u s\u1eafc v\u00e0 ch\u1ea5t l\u01b0\u1ee3ng t\u1ef1 nhi\u00ean.<\/span><\/p>\n<p><span style=\"font-weight: 400; color: #000000; font-family: arial, helvetica, sans-serif;\">HungHau Foods s\u1edf h\u1eefu n\u0103ng l\u1ef1c cung \u1ee9ng xo\u00e0i keo \u0111\u00f4ng l\u1ea1nh l\u00ean \u0111\u1ebfn 10.000 t\u1ea5n th\u00e0nh ph\u1ea9m m\u1ed7i n\u0103m. S\u1ea3n ph\u1ea9m &amp; nh\u00e0 m\u00e1y ch\u1ebf bi\u1ebfn c\u1ee7a HungHau Foods \u0111\u1ea1t c\u00e1c ch\u1ee9ng nh\u1eadn, ti\u00eau chu\u1ea9n qu\u1ed1c t\u1ebf, bao g\u1ed3m g\u1ed3m: BRCGS, HACCP, ISO 22000, FDA, KV, HALAL v\u00e0 SMETA.<\/span><\/p>\n<h2><span style=\"color: #000000;\">\u0110\u1eb6C \u0110I\u1ec2M N\u1ed4I B\u1eacT:<\/span><\/h2>\n<ul>\n<li><span style=\"font-weight: 400; color: #000000;\">Tr\u1ecdng l\u01b0\u1ee3ng: T\u1eeb 400\u2013600g\/tr\u00e1i<\/span><\/li>\n<li><span style=\"font-weight: 400; color: #000000;\">V\u1ecf qu\u1ea3: M\u00e0u xanh khi c\u00f2n non v\u00e0 ch\u00edn c\u00f3 th\u1ec3 ng\u1ea3 sang v\u00e0ng nh\u1ea1t, v\u1ecf d\u00e0y.<\/span><\/li>\n<li><span style=\"font-weight: 400; color: #000000;\">Th\u1ecbt qu\u1ea3: M\u00e0u v\u00e0ng nh\u1ea1t, \u0111\u1eb7c ru\u1ed9t, \u00edt x\u01a1, gi\u00f2n, khi ch\u00edn c\u00f3 v\u1ecb ng\u1ecdt nh\u1eb9 v\u00e0 th\u01a1m m\u00e1t. Th\u01b0\u1eddng \u0111\u01b0\u1ee3c \u0103n c\u1ea3 khi xanh l\u1eabn ch\u00edn.<\/span><\/li>\n<li><span style=\"font-weight: 400; color: #000000;\">H\u01b0\u01a1ng v\u1ecb: V\u1ecb chua nh\u1eb9, ng\u1ecdt d\u1ecbu, gi\u00f2n khi \u0103n s\u1ed1ng. \u0102n ch\u00edn m\u1ec1m, kh\u00f4ng qu\u00e1 b\u01a1, ng\u1ecdt<\/span><\/li>\n<li aria-level=\"1\"><span style=\"color: #000000;\"><span style=\"font-weight: 400;\">C\u00f4ng ngh\u1ec7 c\u1ea5p \u0111\u00f4ng: <\/span><span style=\"font-weight: 400;\">\u0110\u01b0\u1ee3c x\u1eed l\u00fd theo c\u00f4ng ngh\u1ec7 IQF (Individual Quick Freezing) c\u1ea5p \u0111\u00f4ng nhanh t\u1eebng c\u00e1 th\u1ec3 s\u1ea3n ph\u1ea9m.<\/span><\/span><\/li>\n<li aria-level=\"1\"><span style=\"color: #000000;\">D\u1ea1ng cung c\u1ea5p:<span style=\"font-weight: 400;\">\u00a0 c\u1eaft n\u00e1 xo\u00e0i, c\u1eaft que, c\u1eaft dices, puree\u2026<\/span><\/span><\/li>\n<\/ul>\n<h2><span style=\"color: #000000;\">TH\u00d4NG TIN K\u1ef8 THU\u1eacT:<\/span><\/h2>\n<table>\n<tbody>\n<tr>\n<td><span style=\"font-weight: 400; color: #000000;\">Lo\u1ea1i h\u00e0ng (Style)<\/span><\/td>\n<td><span style=\"font-weight: 400; color: #000000;\">\u0110\u00f4ng L\u1ea1nh<\/span><\/td>\n<\/tr>\n<tr>\n<td><span style=\"font-weight: 400; color: #000000;\">M\u00e0u s\u1eafc (Color)<\/span><\/td>\n<td><span style=\"font-weight: 400; color: #000000;\">V\u00e0ng<\/span><\/td>\n<\/tr>\n<tr>\n<td><span style=\"font-weight: 400; color: #000000;\">K\u00edch th\u01b0\u1edbc (size)<\/span><\/td>\n<td><span style=\"font-weight: 400; color: #000000;\">c\u1eaft m\u00e1 xo\u00e0i, c\u1eaft que, c\u1eaft dices, puree\u2026<\/span><\/td>\n<\/tr>\n<tr>\n<td><span style=\"font-weight: 400; color: #000000;\">Qu\u00e1 tr\u00ecnh \u0111\u00f4ng l\u1ea1nh (Freezing Process):<\/span><\/td>\n<td><span style=\"font-weight: 400; color: #000000;\">S\u1eed d\u1ee5ng c\u00f4ng ngh\u1ec7 c\u1ea5p \u0111\u00f4ng nhanh IQF (Individual Quick Freezing) \u2013 c\u1ea5p \u0111\u00f4ng t\u1eebng c\u00e1 th\u1ec3.<\/span><\/td>\n<\/tr>\n<tr>\n<td><span style=\"font-weight: 400; color: #000000;\">Tr\u1ecdng l\u01b0\u1ee3ng PA (Weight\/PA)<\/span><\/td>\n<td><span style=\"font-weight: 400; color: #000000;\">T\u00f9y theo y\u00eau c\u1ea7u kh\u00e1ch h\u00e0ng<\/span><\/td>\n<\/tr>\n<tr>\n<td><span style=\"font-weight: 400; color: #000000;\">Tr\u1ecdng l\u01b0\u1ee3ng\/ctn (Weight\/ctn):<\/span><\/td>\n<td><span style=\"font-weight: 400; color: #000000;\">T\u00f9y theo y\u00eau c\u1ea7u kh\u00e1ch h\u00e0ng<\/span><\/td>\n<\/tr>\n<tr>\n<td><span style=\"font-weight: 400; color: #000000;\">Nhi\u1ec7t \u0111\u1ed9 l\u01b0u tr\u1eef (Storage):<\/span><\/td>\n<td><span style=\"font-weight: 400; color: #000000;\">-18\u2103<\/span><\/td>\n<\/tr>\n<tr>\n<td><span style=\"font-weight: 400; color: #000000;\">Ngu\u1ed3n g\u1ed1c (origin):\u00a0<\/span><\/td>\n<td><span style=\"font-weight: 400; color: #000000;\">Vi\u1ec7t Nam<\/span><\/td>\n<\/tr>\n<tr>\n<td><span style=\"font-weight: 400; color: #000000;\">Ph\u01b0\u01a1ng th\u1ee9c v\u1eadn chuy\u1ec3n (Method of delivery)<\/span><\/td>\n<td><span style=\"font-weight: 400; color: #000000;\">\u0110\u01b0\u1eddng bi\u1ec3n ho\u1eb7c \u0111\u01b0\u1eddng h\u00e0ng kh\u00f4ng.\u00a0<\/span><\/td>\n<\/tr>\n<tr>\n<td><span style=\"font-weight: 400; color: #000000;\">\u0110\u00f3ng g\u00f3i (packaging)<\/span><\/td>\n<td><span style=\"font-weight: 400; color: #000000;\">10kg \/ 1 t\u00fai ho\u1eb7c t\u00f9y theo y\u00eau c\u1ea7u kh\u00e1ch h\u00e0ng<\/span><\/td>\n<\/tr>\n<tr>\n<td><span style=\"font-weight: 400; color: #000000;\">Theo m\u00f9a (season)<\/span><\/td>\n<td><span style=\"font-weight: 400; color: #000000;\">T\u1eeb th\u00e1ng 2 \u0111\u1ebfn 6 v\u00e0 th\u00e1ng 10 \u0111\u1ebfn 12<\/span><\/td>\n<\/tr>\n<tr>\n<td><span style=\"font-weight: 400; color: #000000;\">H\u1ea1n s\u1eed d\u1ee5ng (Shelf life)<\/span><\/td>\n<td><span style=\"font-weight: 400; color: #000000;\">\u00a024 th\u00e1ng<\/span><\/td>\n<\/tr>\n<\/tbody>\n<\/table>\n<h3><span style=\"color: #000000; font-family: arial, helvetica, sans-serif;\">TH\u00d4NG TIN LI\u00caN H\u1ec6:<\/span><\/h3>\n<p><span style=\"color: #000000; font-family: arial, helvetica, sans-serif;\">Email:\u00a0<span style=\"color: #1755ad;\"><a style=\"color: #1755ad;\" href=\"mailto:sales@hunghau.vn\">sales@hunghau.vn<\/a><\/span><\/span><br \/>\n<span style=\"color: #000000; font-family: arial, helvetica, sans-serif;\">Hotline: (+84)79 721 3333\u00a0<\/span><\/p>\n<p><span style=\"color: #000000; font-family: arial, helvetica, sans-serif;\">Email:\u00a0 <span style=\"color: #1755ad;\"><a style=\"color: #1755ad;\" href=\"mailto:Anna@hunghau.vn\">hana@hunghau.vn<\/a>\u00a0<\/span><\/span><br \/>\n<span style=\"color: #000000; font-family: arial, helvetica, sans-serif;\">Hotline: (+84)79 721 3333\u00a0<\/span><\/p>\n<p><span style=\"color: #000000; font-family: arial, helvetica, sans-serif;\">Email:\u00a0<span style=\"color: #1755ad;\"><a style=\"color: #1755ad;\" href=\"mailto:yenn@hunghau.vn\">yenn@hunghau.vn<\/a>\u00a0<\/span><\/span><br \/>\n<span style=\"color: #000000; font-family: arial, helvetica, sans-serif;\">Hotline: (+84)78 520 3333<\/span><\/p>\n<h2><span style=\"color: #000000;\">H\u00ccNH \u1ea2NH S\u1ea2N PH\u1ea8M<\/span><\/h2>\n<figure id=\"attachment_15667\" aria-describedby=\"caption-attachment-15667\" style=\"width: 2500px\" class=\"wp-caption alignnone\"><img loading=\"lazy\" decoding=\"async\" class=\"wp-image-15667 size-full\" src=\"https:\/\/hfoods.vn\/wp-content\/uploads\/2025\/04\/HHF_Hang-Dong_Xoai-keo-dice_2-1.jpg\" alt=\"xo\u00e0i keo \u0111\u00f4ng l\u1ea1nh\" width=\"2500\" height=\"1408\" \/><figcaption id=\"caption-attachment-15667\" class=\"wp-caption-text\"><center>Xo\u00e0i keo \u0111\u00f4ng l\u1ea1nh c\u1eaft 15-20mm HungHau Foods<center><\/center><\/center><\/figcaption><\/figure>\n<figure id=\"attachment_15669\" aria-describedby=\"caption-attachment-15669\" style=\"width: 2500px\" class=\"wp-caption alignnone\"><img loading=\"lazy\" decoding=\"async\" class=\"wp-image-15669 size-full\" src=\"https:\/\/hfoods.vn\/wp-content\/uploads\/2025\/04\/HHF_Hang-Dong_Xoai-keo-que-2.jpg\" alt=\"xo\u00e0i keo \u0111\u00f4ng l\u1ea1nh\" width=\"2500\" height=\"2500\" \/><figcaption id=\"caption-attachment-15669\" class=\"wp-caption-text\"><center>Xo\u00e0i keo \u0111\u00f4ng l\u1ea1nh c\u1eaft que HungHau Foods<center><\/center><\/center><\/figcaption><\/figure>\n<h3><span style=\"color: #000000;\">TH\u00c0NH PH\u1ea6N DINH D\u01af\u1ee0NG<\/span><\/h3>\n<p><span style=\"font-weight: 400; color: #000000;\">Xo\u00e0i keo kh\u00f4ng ch\u1ec9 ngon m\u00e0 c\u00f2n r\u1ea5t gi\u00e0u dinh d\u01b0\u1ee1ng. D\u01b0\u1edbi \u0111\u00e2y l\u00e0 m\u1ed9t s\u1ed1 gi\u00e1 tr\u1ecb dinh d\u01b0\u1ee1ng quan tr\u1ecdng c\u00f3 trong 100g xo\u00e0i keo:<\/span><\/p>\n<ul>\n<li><span style=\"color: #000000;\"><b> Vitamin C: <\/b><span style=\"font-weight: 400;\">Xo\u00e0i keo l\u00e0 m\u1ed9t ngu\u1ed3n cung c\u1ea5p vitamin C d\u1ed3i d\u00e0o, gi\u00fap t\u0103ng c\u01b0\u1eddng h\u1ec7 mi\u1ec5n d\u1ecbch v\u00e0 c\u1ea3i thi\u1ec7n s\u1ee9c \u0111\u1ec1 kh\u00e1ng cho c\u01a1 th\u1ec3. Vitamin C c\u00f2n h\u1ed7 tr\u1ee3 s\u1ef1 s\u1ea3n xu\u1ea5t collagen, t\u1ed1t cho l\u00e0n da v\u00e0 x\u01b0\u01a1ng kh\u1edbp.<\/span><\/span><\/li>\n<li><span style=\"color: #000000;\"><b> Carotenoids: <\/b><span style=\"font-weight: 400;\">Ch\u1ee9a m\u1ed9t l\u01b0\u1ee3ng carotenoids \u0111\u00e1ng k\u1ec3, xo\u00e0i keo gi\u00fap duy tr\u00ec s\u1ee9c kh\u1ecfe m\u1eaft, l\u00e0n da v\u00e0 h\u1ed7 tr\u1ee3 h\u1ec7 th\u1ed1ng mi\u1ec5n d\u1ecbch, \u0111\u1eb7c bi\u1ec7t c\u00f3 l\u1ee3i cho tr\u1ebb nh\u1ecf v\u00e0 ng\u01b0\u1eddi cao tu\u1ed5i.<\/span><\/span><\/li>\n<li><span style=\"color: #000000;\"><b> Ch\u1ea5t X\u01a1: <\/b><span style=\"font-weight: 400;\">Ch\u1ea5t x\u01a1 trong xo\u00e0i keo gi\u00fap h\u1ed7 tr\u1ee3 h\u1ec7 ti\u00eau h\u00f3a, duy tr\u00ec c\u1ea3m gi\u00e1c no l\u00e2u v\u00e0 ki\u1ec3m so\u00e1t m\u1ee9c cholesterol trong m\u00e1u, t\u1eeb \u0111\u00f3 gi\u00fap ph\u00f2ng ng\u1eeba b\u1ec7nh tim m\u1ea1ch.<\/span><\/span><\/li>\n<li><span style=\"color: #000000;\"><b> Kali:<\/b><span style=\"font-weight: 400;\">Xo\u00e0i keo ch\u1ee9a kali, m\u1ed9t kho\u00e1ng ch\u1ea5t quan tr\u1ecdng gi\u00fap ki\u1ec3m so\u00e1t huy\u1ebft \u00e1p v\u00e0 c\u1ea3i thi\u1ec7n s\u1ee9c kh\u1ecfe tim m\u1ea1ch. Kali c\u0169ng gi\u00fap duy tr\u00ec s\u1ef1 c\u00e2n b\u1eb1ng n\u01b0\u1edbc trong c\u01a1 th\u1ec3.<\/span><\/span><\/li>\n<\/ul>\n<h3><span style=\"color: #000000;\">\u1ee8NG D\u1ee4NG XO\u00c0I KEO \u0110\u00d4NG L\u1ea0NH <\/span><\/h3>\n<ul>\n<li><span style=\"color: #000000;\"><b> \u0110\u1ed3 u\u1ed1ng:\u00a0 <\/b><span style=\"font-weight: 400;\">Xo\u00e0i Keo \u0111\u00f4ng l\u1ea1nh \u0111\u01b0\u1ee3c d\u00f9ng cho s\u1ea3n xu\u1ea5t n\u01b0\u1edbc \u00e9p, sinh t\u1ed1, tr\u00e0 xo\u00e0i v\u00e0 c\u00e1c d\u00f2ng \u0111\u1ed3 u\u1ed1ng pha ch\u1ebf nh\u1edd gi\u1eef \u0111\u01b0\u1ee3c m\u00e0u \u0111\u1eb9p v\u00e0 v\u1ecb chua ng\u1ecdt t\u1ef1 nhi\u00ean.<\/span><\/span><\/li>\n<li><span style=\"color: #000000;\"><b> Th\u1ef1c ph\u1ea9m ch\u1ebf bi\u1ebfn: <\/b><span style=\"font-weight: 400;\">L\u00e0 nguy\u00ean li\u1ec7u cho m\u1ee9t xo\u00e0i, puree, s\u1ed1t xo\u00e0i, kem, yogurt v\u00e0 c\u00e1c s\u1ea3n ph\u1ea9m tr\u00e1ng mi\u1ec7ng, \u0111\u1ea3m b\u1ea3o ch\u1ea5t l\u01b0\u1ee3ng \u1ed5n \u0111\u1ecbnh quanh n\u0103m.<\/span><\/span><\/li>\n<li><span style=\"color: #000000;\"><b> B\u00e1nh k\u1eb9o &amp; tr\u00e1ng mi\u1ec7ng: <\/b><span style=\"font-weight: 400;\">Th\u00edch h\u1ee3p l\u00e0m nh\u00e2n b\u00e1nh, topping, th\u1ea1ch, pudding v\u00e0 c\u00e1c s\u1ea3n ph\u1ea9m bakery nh\u1edd ph\u1ea7n th\u1ecbt xo\u00e0i ch\u1eafc v\u00e0 \u00edt x\u01a1.<\/span><\/span><\/li>\n<li><span style=\"color: #000000;\"><b> Nguy\u00ean li\u1ec7u cho OEM &amp; xu\u1ea5t kh\u1ea9u: <\/b><span style=\"font-weight: 400;\">\u0110\u00f3ng g\u00f3i d\u1ea1ng bulk 1\u201310kg, thu\u1eadn ti\u1ec7n cho c\u00e1c nh\u00e0 m\u00e1y ch\u1ebf bi\u1ebfn, \u0111\u1ea3m b\u1ea3o ti\u00eau chu\u1ea9n qu\u1ed1c t\u1ebf cho th\u1ecb tr\u01b0\u1eddng xu\u1ea5t kh\u1ea9u.<\/span><\/span><\/li>\n<\/ul>\n<h3><span style=\"color: #000000; font-family: arial, helvetica, sans-serif;\">TH\u00d4NG TIN LI\u00caN H\u1ec6:<\/span><\/h3>\n<p><span style=\"color: #000000; font-family: arial, helvetica, sans-serif;\">Email:\u00a0<span style=\"color: #1755ad;\"><a style=\"color: #1755ad;\" href=\"mailto:sales@hunghau.vn\">sales@hunghau.vn<\/a><\/span><\/span><br \/>\n<span style=\"color: #000000; font-family: arial, helvetica, sans-serif;\">Hotline: (+84)79 721 3333\u00a0<\/span><\/p>\n<p><span style=\"color: #000000; font-family: arial, helvetica, sans-serif;\">Email:\u00a0 <span style=\"color: #1755ad;\"><a style=\"color: #1755ad;\" href=\"mailto:Anna@hunghau.vn\">hana@hunghau.vn<\/a>\u00a0<\/span><\/span><br \/>\n<span style=\"color: #000000; font-family: arial, helvetica, sans-serif;\">Hotline: (+84)79 721 3333\u00a0<\/span><\/p>\n<p><span style=\"color: #000000; font-family: arial, helvetica, sans-serif;\">Email:\u00a0<span style=\"color: #1755ad;\"><a style=\"color: #1755ad;\" href=\"mailto:yenn@hunghau.vn\">yenn@hunghau.vn<\/a>\u00a0<\/span><\/span><br \/>\n<span style=\"color: #000000; font-family: arial, helvetica, sans-serif;\">Hotline: (+84)78 520 3333<\/span><\/p>\n<p><span style=\"font-weight: 400; color: #000000;\">LinkedIn<span style=\"color: #1755ad;\">:<\/span><\/span><span style=\"color: #1755ad;\"><a style=\"color: #1755ad;\" href=\"https:\/\/lnkd.in\/g_KkBKHf\"><span style=\"font-weight: 400;\"> https:\/\/lnkd.in\/g_KkBKHf<\/span><\/a><\/span><\/p>\n<p><span style=\"color: #000000; font-family: arial, helvetica, sans-serif;\"><b>C\u00f4ng ty C\u1ed5 ph\u1ea7n Th\u1ef1c ph\u1ea9m H\u00f9ng H\u1eadu (HungHau Foods)<\/b><\/span><\/p>\n<p><span style=\"font-family: arial, helvetica, sans-serif;\"><strong><span style=\"color: #000000;\">\u0110\u1ecba ch\u1ec9: 642 \u00c2u C\u01a1, Ph\u01b0\u1eddng B\u1ea3y Hi\u1ec1n, Th\u00e0nh Ph\u1ed1 H\u1ed3 Ch\u00ed Minh<\/span><\/strong><\/span><\/p>\n<p><span style=\"color: #000000; font-family: arial, helvetica, sans-serif;\"><b>Nh\u00e0 xu\u1ea5t kh\u1ea9u n\u00f4ng s\u1ea3n &#8211; Nh\u00e0 cung \u1ee9ng tr\u00e1i c\u00e2y &amp; rau c\u1ee7 \u0111\u00f4ng l\u1ea1nh t\u1ea1i Vi\u1ec7t Nam.<\/b><\/span><\/p>\n","protected":false},"excerpt":{"rendered":"<div>\n<table style=\"width: 365.364px;\">\n<tbody>\n<tr style=\"height: 21px;\">\n<td style=\"height: 21px; width: 128px;\"><span style=\"color: #1755ad;\"><strong>Lo\u1ea1i<\/strong><\/span><\/td>\n<td style=\"height: 21px; width: 224.364px;\"><span style=\"color: #000000;\">15-25mm, c\u1eaft dice, c\u1eaft m\u00e1, c\u1eaft que\u2026ho\u1eb7c theo y\u00eau c\u1ea7u kh\u00e1ch h\u00e0ng.<\/span><\/td>\n<\/tr>\n<tr style=\"height: 21px;\">\n<td style=\"height: 21px; width: 128px;\"><span style=\"color: #1755ad;\"><strong>M\u00f9a v\u1ee5 ch\u00ednh<\/strong><\/span><\/td>\n<td style=\"height: 21px; width: 224.364px;\"><span style=\"color: #000000;\">Th\u00e1ng 02-03-04-05-06 &amp; th\u00e1ng 10&#8211;11- 12<\/span><\/td>\n<\/tr>\n<tr style=\"height: 21px;\">\n<td style=\"height: 21px; width: 128px;\"><span style=\"color: #1755ad;\"><strong>Quy c\u00e1ch<\/strong><\/span><\/td>\n<td style=\"height: 21px; width: 224.364px;\"><span style=\"color: #000000;\">10kg\/t\u00fai ho\u1eb7c t\u00f9y theo y\u00eau c\u1ea7u kh\u00e1ch h\u00e0ng<\/span><\/td>\n<\/tr>\n<tr style=\"height: 21px;\">\n<td style=\"height: 21px; width: 128px;\"><span style=\"color: #1755ad;\"><strong>\u0110i\u1ec1u ki\u1ec7n<\/strong><\/span><\/td>\n<td style=\"height: 21px; width: 224.364px;\"><span style=\"color: #000000;\">-18 \u0111\u1ed9<\/span><\/td>\n<\/tr>\n<tr style=\"height: 21.4962px;\">\n<td style=\"height: 21.4962px; width: 128px;\"><span style=\"color: #1755ad;\"><b>C\u00f4ng su\u1ea5t<\/b><\/span><\/td>\n<td style=\"height: 21.4962px; width: 224.364px;\"><span style=\"color: #000000;\">10.000 t\u1ea5n h\u00e0ng n\u0103m<\/span><\/td>\n<\/tr>\n<tr style=\"height: 21.4962px;\">\n<td style=\"height: 21.4962px; width: 128px;\"><span style=\"color: #1755ad;\"><b>Th\u1eddi h\u1ea1n s\u1eed d\u1ee5ng<\/b><\/span><\/td>\n<td style=\"height: 21.4962px; width: 224.364px;\"><span style=\"color: #000000;\">24 th\u00e1ng<\/span><\/td>\n<\/tr>\n<\/tbody>\n<\/table>\n<\/div>\n","protected":false},"featured_media":21593,"comment_status":"closed","ping_status":"closed","template":"","meta":[],"product_brand":[],"product_cat":[99],"product_tag":[],"class_list":{"0":"post-15641","1":"product","2":"type-product","3":"status-publish","4":"has-post-thumbnail","6":"product_cat-rau-cu-qua-dong-lanh","8":"first","9":"instock","10":"shipping-taxable","11":"product-type-simple"},"_links":{"self":[{"href":"https:\/\/hfoods.vn\/vi\/wp-json\/wp\/v2\/product\/15641","targetHints":{"allow":["GET"]}}],"collection":[{"href":"https:\/\/hfoods.vn\/vi\/wp-json\/wp\/v2\/product"}],"about":[{"href":"https:\/\/hfoods.vn\/vi\/wp-json\/wp\/v2\/types\/product"}],"replies":[{"embeddable":true,"href":"https:\/\/hfoods.vn\/vi\/wp-json\/wp\/v2\/comments?post=15641"}],"wp:featuredmedia":[{"embeddable":true,"href":"https:\/\/hfoods.vn\/vi\/wp-json\/wp\/v2\/media\/21593"}],"wp:attachment":[{"href":"https:\/\/hfoods.vn\/vi\/wp-json\/wp\/v2\/media?parent=15641"}],"wp:term":[{"taxonomy":"product_brand","embeddable":true,"href":"https:\/\/hfoods.vn\/vi\/wp-json\/wp\/v2\/product_brand?post=15641"},{"taxonomy":"product_cat","embeddable":true,"href":"https:\/\/hfoods.vn\/vi\/wp-json\/wp\/v2\/product_cat?post=15641"},{"taxonomy":"product_tag","embeddable":true,"href":"https:\/\/hfoods.vn\/vi\/wp-json\/wp\/v2\/product_tag?post=15641"}],"curies":[{"name":"wp","href":"https:\/\/api.w.org\/{rel}","templated":true}]}}