{"id":15689,"date":"2025-07-22T03:33:18","date_gmt":"2025-07-21T20:33:18","guid":{"rendered":"https:\/\/hfoods.vn\/?post_type=product&#038;p=15689"},"modified":"2026-04-01T16:15:22","modified_gmt":"2026-04-01T09:15:22","slug":"thanh-long-ruot-trang","status":"publish","type":"product","link":"https:\/\/hfoods.vn\/vi\/san-pham\/thanh-long-ruot-trang\/","title":{"rendered":"Thanh Long Ru\u1ed9t Tr\u1eafng \u0110\u00f4ng L\u1ea1nh"},"content":{"rendered":"<h2><span style=\"font-family: arial, helvetica, sans-serif; color: #000000;\">THANH LONG RU\u1ed8T TR\u1eaeNG \u0110\u00d4NG L\u1ea0NH\u00a0<\/span><\/h2>\n<p><span style=\"font-weight: 400; color: #000000; font-family: arial, helvetica, sans-serif;\">Thanh long ru\u1ed9t tr\u1eafng \u0111\u00f4ng l\u1ea1nh c\u1ee7a C\u00f4ng ty C\u1ed5 ph\u1ea7n Th\u1ef1c ph\u1ea9m H\u00f9ng H\u1eadu (HungHau Foods), \u0111\u01b0\u1ee3c tuy\u1ec3n ch\u1ecdn t\u1eeb nh\u1eefng qu\u1ea3 thanh long \u0111\u1ea1t chu\u1ea9n t\u1ea1i c\u00e1c v\u00f9ng tr\u1ed3ng thu\u1ed9c t\u1ec9nh L\u00e2m \u0110\u1ed3ng v\u00e0 Long An (Vi\u1ec7t Nam). S\u1ea3n ph\u1ea9m \u0111\u01b0\u1ee3c c\u1ea5p \u0111\u00f4ng b\u1eb1ng c\u00f4ng ngh\u1ec7 IQF hi\u1ec7n \u0111\u1ea1i, \u0111\u1ea3m b\u1ea3o gi\u1eef \u0111\u01b0\u1ee3c h\u01b0\u01a1ng v\u1ecb, m\u00e0u s\u1eafc v\u00e0 ch\u1ea5t l\u01b0\u1ee3ng t\u1ef1 nhi\u00ean.<\/span><\/p>\n<p><span style=\"font-weight: 400; color: #000000; font-family: arial, helvetica, sans-serif;\">HungHau Foods s\u1edf h\u1eefu n\u0103ng l\u1ef1c cung \u1ee9ng thanh long \u0111\u00f4ng l\u1ea1nh l\u00ean \u0111\u1ebfn 2.000 t\u1ea5n th\u00e0nh ph\u1ea9m m\u1ed7i n\u0103m. S\u1ea3n ph\u1ea9m &amp; nh\u00e0 m\u00e1y ch\u1ebf bi\u1ebfn c\u1ee7a HungHau Foods \u0111\u1ea1t c\u00e1c ch\u1ee9ng nh\u1eadn, ti\u00eau chu\u1ea9n qu\u1ed1c t\u1ebf, bao g\u1ed3m g\u1ed3m: BRCGS, HACCP, ISO 22000, FDA, KV, HALAL v\u00e0 SMETA.<\/span><\/p>\n<h2><span style=\"font-family: arial, helvetica, sans-serif; color: #000000;\">\u0110\u1eb6C \u0110I\u1ec2M N\u1ed4I B\u1eacT\u00a0<\/span><\/h2>\n<ul>\n<li><span style=\"font-family: arial, helvetica, sans-serif; color: #000000;\"><span style=\"font-weight: 400;\">Th\u1ecbt qu\u1ea3: <\/span><span style=\"font-weight: 400;\">ru\u1ed9t b\u00ean trong m\u00e0u tr\u1eafng, h\u1ea1t \u0111en nh\u1ecf nh\u01b0 h\u1ea1t m\u00e8.<\/span><\/span><\/li>\n<li><span style=\"font-family: arial, helvetica, sans-serif; color: #000000;\"><span style=\"font-weight: 400;\">H\u01b0\u01a1ng v\u1ecb: <\/span><span style=\"font-weight: 400;\">v\u1ecb ng\u1ecdt d\u1ecbu, c\u00f3 m\u00f9i th\u01a1m nh\u1eb9.<\/span><\/span><\/li>\n<li><span style=\"font-weight: 400; font-family: arial, helvetica, sans-serif; color: #000000;\">C\u00f4ng ngh\u1ec7 c\u1ea5p \u0111\u00f4ng: \u0110\u01b0\u1ee3c x\u1eed l\u00fd theo c\u00f4ng ngh\u1ec7 IQF (Individual Quick Freezing) c\u1ea5p \u0111\u00f4ng nhanh t\u1eebng c\u00e1 th\u1ec3 s\u1ea3n ph\u1ea9m.<\/span><\/li>\n<li><span style=\"font-family: arial, helvetica, sans-serif; color: #000000;\">D\u1ea1ng cung c\u1ea5p<b>:<\/b><span style=\"font-weight: 400;\"> c\u1eaft m\u00e1 thanh long, c\u1eaft que, c\u1eaft dices, c\u1eaft chunk, puree\u2026<\/span><\/span><\/li>\n<\/ul>\n<h2><span style=\"font-family: arial, helvetica, sans-serif; color: #000000;\">TH\u00d4NG TIN K\u1ef8 THU\u1eacT:<\/span><\/h2>\n<table>\n<tbody>\n<tr>\n<td><span style=\"font-weight: 400; font-family: arial, helvetica, sans-serif; color: #000000;\">Lo\u1ea1i h\u00e0ng (Style)<\/span><\/td>\n<td><span style=\"font-weight: 400; font-family: arial, helvetica, sans-serif; color: #000000;\">\u0110\u00f4ng L\u1ea1nh<\/span><\/td>\n<\/tr>\n<tr>\n<td><span style=\"font-weight: 400; font-family: arial, helvetica, sans-serif; color: #000000;\">M\u00e0u s\u1eafc (Color)<\/span><\/td>\n<td><span style=\"font-weight: 400; font-family: arial, helvetica, sans-serif; color: #000000;\">Tr\u1eafng<\/span><\/td>\n<\/tr>\n<tr>\n<td><span style=\"font-weight: 400; font-family: arial, helvetica, sans-serif; color: #000000;\">K\u00edch th\u01b0\u1edbc (size)<\/span><\/td>\n<td><span style=\"font-weight: 400; font-family: arial, helvetica, sans-serif; color: #000000;\">c\u1eaft m\u00e1 thanh long, c\u1eaft que, c\u1eaft dices, c\u1eaft chunk, c\u1eaft l\u00e1t, puree\u2026<\/span><\/td>\n<\/tr>\n<tr>\n<td><span style=\"font-weight: 400; font-family: arial, helvetica, sans-serif; color: #000000;\">Qu\u00e1 tr\u00ecnh \u0111\u00f4ng l\u1ea1nh (Freezing Process):<\/span><\/td>\n<td><span style=\"font-weight: 400; font-family: arial, helvetica, sans-serif; color: #000000;\">S\u1eed d\u1ee5ng c\u00f4ng ngh\u1ec7 c\u1ea5p \u0111\u00f4ng nhanh IQF (Individual Quick Freezing) \u2013 c\u1ea5p \u0111\u00f4ng t\u1eebng c\u00e1 th\u1ec3.<\/span><\/td>\n<\/tr>\n<tr>\n<td><span style=\"font-weight: 400; font-family: arial, helvetica, sans-serif; color: #000000;\">Tr\u1ecdng l\u01b0\u1ee3ng PA (Weight\/PA)<\/span><\/td>\n<td><span style=\"font-weight: 400; font-family: arial, helvetica, sans-serif; color: #000000;\">T\u00f9y theo y\u00eau c\u1ea7u kh\u00e1ch h\u00e0ng<\/span><\/td>\n<\/tr>\n<tr>\n<td><span style=\"font-weight: 400; font-family: arial, helvetica, sans-serif; color: #000000;\">Tr\u1ecdng l\u01b0\u1ee3ng\/ctn (Weight\/ctn):<\/span><\/td>\n<td><span style=\"font-weight: 400; font-family: arial, helvetica, sans-serif; color: #000000;\">T\u00f9y theo y\u00eau c\u1ea7u kh\u00e1ch h\u00e0ng<\/span><\/td>\n<\/tr>\n<tr>\n<td><span style=\"font-weight: 400; font-family: arial, helvetica, sans-serif; color: #000000;\">Nhi\u1ec7t \u0111\u1ed9 l\u01b0u tr\u1eef (Storage):<\/span><\/td>\n<td><span style=\"font-weight: 400; font-family: arial, helvetica, sans-serif; color: #000000;\">-18\u2103<\/span><\/td>\n<\/tr>\n<tr>\n<td><span style=\"font-weight: 400; font-family: arial, helvetica, sans-serif; color: #000000;\">Ngu\u1ed3n g\u1ed1c (origin):\u00a0<\/span><\/td>\n<td><span style=\"font-weight: 400; font-family: arial, helvetica, sans-serif; color: #000000;\">Vi\u1ec7t Nam<\/span><\/td>\n<\/tr>\n<tr>\n<td><span style=\"font-weight: 400; font-family: arial, helvetica, sans-serif; color: #000000;\">Ph\u01b0\u01a1ng th\u1ee9c v\u1eadn chuy\u1ec3n (Method of delivery)<\/span><\/td>\n<td><span style=\"font-weight: 400; font-family: arial, helvetica, sans-serif; color: #000000;\">\u0110\u01b0\u1eddng bi\u1ec3n ho\u1eb7c \u0111\u01b0\u1eddng h\u00e0ng kh\u00f4ng.\u00a0<\/span><\/td>\n<\/tr>\n<tr>\n<td><span style=\"font-weight: 400; font-family: arial, helvetica, sans-serif; color: #000000;\">\u0110\u00f3ng g\u00f3i (packaging)<\/span><\/td>\n<td><span style=\"font-weight: 400; font-family: arial, helvetica, sans-serif; color: #000000;\">10kg \/ 1 t\u00fai ho\u1eb7c t\u00f9y theo y\u00eau c\u1ea7u kh\u00e1ch h\u00e0ng<\/span><\/td>\n<\/tr>\n<tr>\n<td><span style=\"font-weight: 400; font-family: arial, helvetica, sans-serif; color: #000000;\">Theo m\u00f9a (season)<\/span><\/td>\n<td><span style=\"font-weight: 400; font-family: arial, helvetica, sans-serif; color: #000000;\">T\u1eeb th\u00e1ng 5 \u0111\u1ebfn th\u00e1ng 10<\/span><\/td>\n<\/tr>\n<tr>\n<td><span style=\"font-weight: 400; font-family: arial, helvetica, sans-serif; color: #000000;\">H\u1ea1n s\u1eed d\u1ee5ng (Shelf life)<\/span><\/td>\n<td><span style=\"font-weight: 400; font-family: arial, helvetica, sans-serif; color: #000000;\">24 th\u00e1ng<\/span><\/td>\n<\/tr>\n<\/tbody>\n<\/table>\n<h3>H\u00ccNH \u1ea2NH S\u1ea2N PH\u1ea8M<\/h3>\n<figure id=\"attachment_22306\" aria-describedby=\"caption-attachment-22306\" style=\"width: 1000px\" class=\"wp-caption aligncenter\"><img loading=\"lazy\" decoding=\"async\" class=\"size-full wp-image-22306\" src=\"https:\/\/hfoods.vn\/wp-content\/uploads\/2025\/07\/HHF_Hang-Dong_thanh-long-trang-dice-15.jpg\" alt=\"Thanh long \u0111\u00f4ng l\u1ea1nh c\u1eaft dices\" width=\"1000\" height=\"1000\" srcset=\"https:\/\/hfoods.vn\/wp-content\/uploads\/2025\/07\/HHF_Hang-Dong_thanh-long-trang-dice-15.jpg 1000w, https:\/\/hfoods.vn\/wp-content\/uploads\/2025\/07\/HHF_Hang-Dong_thanh-long-trang-dice-15-768x768.jpg 768w, https:\/\/hfoods.vn\/wp-content\/uploads\/2025\/07\/HHF_Hang-Dong_thanh-long-trang-dice-15-45x45.jpg 45w, https:\/\/hfoods.vn\/wp-content\/uploads\/2025\/07\/HHF_Hang-Dong_thanh-long-trang-dice-15-100x100.jpg 100w\" sizes=\"auto, (max-width: 1000px) 100vw, 1000px\" \/><figcaption id=\"caption-attachment-22306\" class=\"wp-caption-text\"><center>Thanh long \u0111\u00f4ng l\u1ea1nh c\u1eaft dices HungHau Foods<center><\/center><\/center><\/figcaption><\/figure>\n<figure id=\"attachment_22308\" aria-describedby=\"caption-attachment-22308\" style=\"width: 1000px\" class=\"wp-caption aligncenter\"><img loading=\"lazy\" decoding=\"async\" class=\"size-full wp-image-22308\" src=\"https:\/\/hfoods.vn\/wp-content\/uploads\/2025\/07\/HHF_Hang-Dong_thanh-long-trang-que.jpg\" alt=\"Thanh long c\u1eaft que \u0111\u00f4ng l\u1ea1nh\" width=\"1000\" height=\"1000\" srcset=\"https:\/\/hfoods.vn\/wp-content\/uploads\/2025\/07\/HHF_Hang-Dong_thanh-long-trang-que.jpg 1000w, https:\/\/hfoods.vn\/wp-content\/uploads\/2025\/07\/HHF_Hang-Dong_thanh-long-trang-que-768x768.jpg 768w, https:\/\/hfoods.vn\/wp-content\/uploads\/2025\/07\/HHF_Hang-Dong_thanh-long-trang-que-45x45.jpg 45w, https:\/\/hfoods.vn\/wp-content\/uploads\/2025\/07\/HHF_Hang-Dong_thanh-long-trang-que-100x100.jpg 100w\" sizes=\"auto, (max-width: 1000px) 100vw, 1000px\" \/><figcaption id=\"caption-attachment-22308\" class=\"wp-caption-text\"><center>Thanh long c\u1eaft que \u0111\u00f4ng l\u1ea1nh HungHau Foods<center><\/center><\/center><\/figcaption><\/figure>\n<h3><\/h3>\n<figure id=\"attachment_22310\" aria-describedby=\"caption-attachment-22310\" style=\"width: 1000px\" class=\"wp-caption aligncenter\"><img loading=\"lazy\" decoding=\"async\" class=\"size-full wp-image-22310\" src=\"https:\/\/hfoods.vn\/wp-content\/uploads\/2025\/07\/HHF_Hang-Dong_thanh-long-trang-12.jpg\" alt=\"Thanh long c\u1eaft m\u00e1 \u0111\u00f4ng l\u1ea1nh \" width=\"1000\" height=\"1000\" srcset=\"https:\/\/hfoods.vn\/wp-content\/uploads\/2025\/07\/HHF_Hang-Dong_thanh-long-trang-12.jpg 1000w, https:\/\/hfoods.vn\/wp-content\/uploads\/2025\/07\/HHF_Hang-Dong_thanh-long-trang-12-768x768.jpg 768w, https:\/\/hfoods.vn\/wp-content\/uploads\/2025\/07\/HHF_Hang-Dong_thanh-long-trang-12-45x45.jpg 45w, https:\/\/hfoods.vn\/wp-content\/uploads\/2025\/07\/HHF_Hang-Dong_thanh-long-trang-12-100x100.jpg 100w\" sizes=\"auto, (max-width: 1000px) 100vw, 1000px\" \/><figcaption id=\"caption-attachment-22310\" class=\"wp-caption-text\"><center>Thanh long c\u1eaft m\u00e1 \u0111\u00f4ng l\u1ea1nh HungHau Foods<center><\/center><\/center><\/figcaption><\/figure>\n<h3><span style=\"font-family: arial, helvetica, sans-serif; color: #000000;\">TH\u00c0NH PH\u1ea6N DINH D\u01af\u1ee0NG<\/span><\/h3>\n<ul>\n<li><span style=\"font-family: arial, helvetica, sans-serif; color: #000000;\"><b>N\u0103ng l\u01b0\u1ee3ng &amp; Carbohydrate: <\/b><span style=\"font-weight: 400;\">Thanh long ru\u1ed9t tr\u1eafng ch\u1ee9a l\u01b0\u1ee3ng calo th\u1ea5p nh\u01b0ng gi\u00e0u carbohydrate t\u1ef1 nhi\u00ean, gi\u00fap cung c\u1ea5p n\u0103ng l\u01b0\u1ee3ng nh\u1eb9 nh\u00e0ng m\u00e0 kh\u00f4ng g\u00e2y t\u0103ng c\u00e2n.<\/span><\/span><\/li>\n<li><span style=\"font-family: arial, helvetica, sans-serif; color: #000000;\"><b>Ch\u1ea5t x\u01a1: <\/b><span style=\"font-weight: 400;\">H\u00e0m l\u01b0\u1ee3ng ch\u1ea5t x\u01a1 h\u00f2a tan d\u1ed3i d\u00e0o h\u1ed7 tr\u1ee3 h\u1ec7 ti\u00eau h\u00f3a, gi\u00fap nhu\u1eadn tr\u00e0ng, \u1ed5n \u0111\u1ecbnh \u0111\u01b0\u1eddng huy\u1ebft v\u00e0 t\u1ea1o c\u1ea3m gi\u00e1c no l\u00e2u.<\/span><\/span><\/li>\n<li><span style=\"font-family: arial, helvetica, sans-serif; color: #000000;\"><b>Vitamin C &amp; Vitamin nh\u00f3m B: <\/b><span style=\"font-weight: 400;\">Cung c\u1ea5p l\u01b0\u1ee3ng vitamin C t\u1ef1 nhi\u00ean gi\u00fap t\u0103ng c\u01b0\u1eddng mi\u1ec5n d\u1ecbch, ch\u1ed1ng oxy h\u00f3a v\u00e0 h\u1ed7 tr\u1ee3 s\u1ee9c kh\u1ecfe da; c\u00f9ng c\u00e1c vitamin B (B1, B2, B3) gi\u00fap chuy\u1ec3n h\u00f3a n\u0103ng l\u01b0\u1ee3ng hi\u1ec7u qu\u1ea3.<\/span><\/span><\/li>\n<li><span style=\"font-family: arial, helvetica, sans-serif; color: #000000;\"><b>Kho\u00e1ng ch\u1ea5t (S\u1eaft, Canxi, Magie): <\/b><span style=\"font-weight: 400;\">Ch\u1ee9a c\u00e1c kho\u00e1ng ch\u1ea5t thi\u1ebft y\u1ebfu gi\u00fap h\u1ed7 tr\u1ee3 x\u01b0\u01a1ng kh\u1edbp, tu\u1ea7n ho\u00e0n m\u00e1u, gi\u1ea3m m\u1ec7t m\u1ecfi v\u00e0 duy tr\u00ec ho\u1ea1t \u0111\u1ed9ng c\u01a1 b\u1eafp \u1ed5n \u0111\u1ecbnh.<\/span><\/span><\/li>\n<\/ul>\n<h3><span style=\"font-family: arial, helvetica, sans-serif; color: #000000;\">\u1ee8NG D\u1ee4NG THANH LONG RU\u1ed8T TR\u1eaeNG<\/span><\/h3>\n<ul>\n<li><span style=\"font-family: arial, helvetica, sans-serif; color: #000000;\"><b>Ng\u00e0nh \u0111\u1ed3 u\u1ed1ng:<\/b><span style=\"font-weight: 400;\"> Nguy\u00ean li\u1ec7u cho n\u01b0\u1edbc \u00e9p, sinh t\u1ed1, yogurt u\u1ed1ng, v\u00e0 c\u00e1c lo\u1ea1i \u0111\u1ed3 u\u1ed1ng pha ch\u1ebf, \u0111\u1ea3m b\u1ea3o m\u00e0u s\u1eafc v\u00e0 h\u01b0\u01a1ng v\u1ecb \u1ed5n \u0111\u1ecbnh.<\/span><span style=\"font-weight: 400;\"><br \/>\n<\/span><\/span><\/li>\n<li><span style=\"font-family: arial, helvetica, sans-serif; color: #000000;\"><b>S\u1ea3n xu\u1ea5t th\u1ef1c ph\u1ea9m ch\u1ebf bi\u1ebfn:<\/b><span style=\"font-weight: 400;\"> D\u00f9ng l\u00e0m kem, sorbet, th\u1ea1ch, m\u1ee9t, nh\u00e2n b\u00e1nh, topping \u2013 ph\u00f9 h\u1ee3p d\u00e2y chuy\u1ec1n c\u00f4ng nghi\u1ec7p v\u00e0 s\u1ea3n l\u01b0\u1ee3ng l\u1edbn.<\/span><span style=\"font-weight: 400;\"><br \/>\n<\/span><\/span><\/li>\n<li><span style=\"font-family: arial, helvetica, sans-serif; color: #000000;\"><b>Kh\u00e1ch s\u1ea1n \u2013 Nh\u00e0 h\u00e0ng \u2013 Caf\u00e9:<\/b><span style=\"font-weight: 400;\"> Ph\u1ee5c v\u1ee5 pha ch\u1ebf, ch\u1ebf bi\u1ebfn m\u00f3n tr\u00e1ng mi\u1ec7ng, trang tr\u00ed m\u00f3n \u0103n v\u00e0 c\u00e1c m\u00f3n \u0111\u1eb7c s\u1ea3n theo m\u00f9a.<\/span><span style=\"font-weight: 400;\"><br \/>\n<\/span><\/span><\/li>\n<li><span style=\"font-family: arial, helvetica, sans-serif; color: #000000;\"><b>OEM \u2013 Nh\u00e3n hi\u1ec7u ri\u00eang:<\/b><span style=\"font-weight: 400;\"> Cung c\u1ea5p theo d\u1ea1ng IQF\u00a0 \u0111\u00e1p \u1ee9ng y\u00eau c\u1ea7u \u0111\u00f3ng g\u00f3i, ch\u1ea5t l\u01b0\u1ee3ng v\u00e0 ti\u00eau chu\u1ea9n xu\u1ea5t kh\u1ea9u.<\/span><\/span><\/li>\n<\/ul>\n<h3><span style=\"color: #000000; font-family: arial, helvetica, sans-serif;\">TH\u00d4NG TIN LI\u00caN H\u1ec6:<\/span><\/h3>\n<p><span style=\"color: #000000; font-family: arial, helvetica, sans-serif;\">Email:\u00a0<span style=\"color: #0000ff;\"><a style=\"color: #0000ff;\" href=\"mailto:sales@hunghau.vn\">sales@hunghau.vn<\/a><\/span><\/span><br \/>\n<span style=\"color: #000000; font-family: arial, helvetica, sans-serif;\">Hotline: (+84)79 721 3333\u00a0<\/span><\/p>\n<p><span style=\"color: #000000; font-family: arial, helvetica, sans-serif;\">Email:\u00a0\u00a0<span style=\"color: #0000ff;\"><a style=\"color: #0000ff;\" href=\"mailto:Anna@hunghau.vn\">hana@hunghau.vn<\/a>\u00a0<\/span><\/span><br \/>\n<span style=\"color: #000000; font-family: arial, helvetica, sans-serif;\">Hotline: (+84)79 721 3333\u00a0<\/span><\/p>\n<p><span style=\"color: #000000; font-family: arial, helvetica, sans-serif;\">Email:\u00a0<span style=\"color: #0000ff;\"><a style=\"color: #0000ff;\" href=\"mailto:yenn@hunghau.vn\">yenn@hunghau.vn<\/a>\u00a0<\/span><\/span><br \/>\n<span style=\"color: #000000; font-family: arial, helvetica, sans-serif;\">Hotline: (+84)78 520 3333<\/span><\/p>\n<p><span style=\"font-weight: 400; color: #000000;\">LinkedIn<span style=\"color: #1755ad;\">:<\/span><\/span><span style=\"color: #1755ad;\"><a style=\"color: #1755ad;\" href=\"https:\/\/lnkd.in\/g_KkBKHf\"><span style=\"font-weight: 400;\"> https:\/\/lnkd.in\/g_KkBKHf<\/span><\/a><\/span><\/p>\n<p><span style=\"color: #000000; font-family: arial, helvetica, sans-serif;\"><b>C\u00f4ng ty C\u1ed5 ph\u1ea7n Th\u1ef1c ph\u1ea9m H\u00f9ng H\u1eadu (HungHau Foods)<\/b><\/span><\/p>\n<p><span style=\"font-family: arial, helvetica, sans-serif;\"><strong><span style=\"color: #000000;\">\u0110\u1ecba ch\u1ec9: 642 \u00c2u C\u01a1, Ph\u01b0\u1eddng B\u1ea3y Hi\u1ec1n, Th\u00e0nh Ph\u1ed1 H\u1ed3 Ch\u00ed Minh<\/span><\/strong><\/span><\/p>\n<p><span style=\"color: #000000; font-family: arial, helvetica, sans-serif;\"><b>Nh\u00e0 xu\u1ea5t kh\u1ea9u n\u00f4ng s\u1ea3n &#8211; Nh\u00e0 cung \u1ee9ng tr\u00e1i c\u00e2y &amp; rau c\u1ee7 \u0111\u00f4ng l\u1ea1nh t\u1ea1i Vi\u1ec7t Nam.<\/b><\/span><\/p>\n","protected":false},"excerpt":{"rendered":"<div>\n<table style=\"width: 363.375px;\">\n<tbody>\n<tr style=\"height: 21px;\">\n<td style=\"height: 21px; width: 128px;\"><span style=\"color: #1755ad;\"><strong>Lo\u1ea1i<\/strong><\/span><\/td>\n<td style=\"height: 21px; width: 222.375px;\"><span style=\"font-family: arial, helvetica, sans-serif; color: #000000;\">15-25mm, c\u1eaft dice, c\u1eaft chunk, c\u1eaft m\u00e1, c\u1eaft l\u00e1t, c\u1eaft que\u2026ho\u1eb7c theo y\u00eau c\u1ea7u kh\u00e1ch h\u00e0ng.<\/span><\/td>\n<\/tr>\n<tr style=\"height: 21px;\">\n<td style=\"height: 21px; width: 128px;\"><span style=\"color: #1755ad;\"><strong>M\u00f9a v\u1ee5 ch\u00ednh<\/strong><\/span><\/td>\n<td style=\"height: 21px; width: 222.375px;\"><span style=\"font-family: arial, helvetica, sans-serif; color: #000000;\">Th\u00e1ng 5-6-7-8-9-10<\/span><\/td>\n<\/tr>\n<tr style=\"height: 21px;\">\n<td style=\"height: 21px; width: 128px;\"><span style=\"color: #1755ad;\"><strong>Quy c\u00e1ch<\/strong><\/span><\/td>\n<td style=\"height: 21px; width: 222.375px;\"><span style=\"color: #000000;\">10kg\/t\u00fai ho\u1eb7c theo y\u00eau c\u1ea7u kh\u00e1ch h\u00e0ng<\/span><\/td>\n<\/tr>\n<tr style=\"height: 21px;\">\n<td style=\"height: 21px; width: 128px;\"><span style=\"color: #1755ad;\"><strong>\u0110i\u1ec1u ki\u1ec7n<\/strong><\/span><\/td>\n<td style=\"height: 21px; width: 222.375px;\"><span style=\"color: #000000;\">-18 \u0111\u1ed9<\/span><\/td>\n<\/tr>\n<tr style=\"height: 21.4962px;\">\n<td style=\"height: 21.4962px; width: 128px;\"><span style=\"color: #1755ad;\"><b>C\u00f4ng su\u1ea5t<\/b><\/span><\/td>\n<td style=\"height: 21.4962px; width: 222.375px;\"><span style=\"color: #000000;\">2,000 t\u1ea5n h\u00e0ng n\u0103m<\/span><\/td>\n<\/tr>\n<tr style=\"height: 21.4962px;\">\n<td style=\"height: 21.4962px; width: 128px;\"><span style=\"color: #1755ad;\"><b>Th\u1eddi h\u1ea1n s\u1eed d\u1ee5ng<\/b><\/span><\/td>\n<td style=\"height: 21.4962px; width: 222.375px;\"><span style=\"color: #000000;\">24 th\u00e1ng<\/span><\/td>\n<\/tr>\n<\/tbody>\n<\/table>\n<\/div>\n","protected":false},"featured_media":21619,"comment_status":"closed","ping_status":"closed","template":"","meta":[],"product_brand":[],"product_cat":[99],"product_tag":[],"class_list":{"0":"post-15689","1":"product","2":"type-product","3":"status-publish","4":"has-post-thumbnail","6":"product_cat-rau-cu-qua-dong-lanh","8":"first","9":"instock","10":"shipping-taxable","11":"product-type-simple"},"_links":{"self":[{"href":"https:\/\/hfoods.vn\/vi\/wp-json\/wp\/v2\/product\/15689","targetHints":{"allow":["GET"]}}],"collection":[{"href":"https:\/\/hfoods.vn\/vi\/wp-json\/wp\/v2\/product"}],"about":[{"href":"https:\/\/hfoods.vn\/vi\/wp-json\/wp\/v2\/types\/product"}],"replies":[{"embeddable":true,"href":"https:\/\/hfoods.vn\/vi\/wp-json\/wp\/v2\/comments?post=15689"}],"wp:featuredmedia":[{"embeddable":true,"href":"https:\/\/hfoods.vn\/vi\/wp-json\/wp\/v2\/media\/21619"}],"wp:attachment":[{"href":"https:\/\/hfoods.vn\/vi\/wp-json\/wp\/v2\/media?parent=15689"}],"wp:term":[{"taxonomy":"product_brand","embeddable":true,"href":"https:\/\/hfoods.vn\/vi\/wp-json\/wp\/v2\/product_brand?post=15689"},{"taxonomy":"product_cat","embeddable":true,"href":"https:\/\/hfoods.vn\/vi\/wp-json\/wp\/v2\/product_cat?post=15689"},{"taxonomy":"product_tag","embeddable":true,"href":"https:\/\/hfoods.vn\/vi\/wp-json\/wp\/v2\/product_tag?post=15689"}],"curies":[{"name":"wp","href":"https:\/\/api.w.org\/{rel}","templated":true}]}}