{"id":15704,"date":"2025-04-04T04:51:04","date_gmt":"2025-04-04T04:51:04","guid":{"rendered":"https:\/\/hfoods.vn\/?post_type=product&#038;p=15704"},"modified":"2026-04-02T18:01:10","modified_gmt":"2026-04-02T11:01:10","slug":"15704","status":"publish","type":"product","link":"https:\/\/hfoods.vn\/vi\/san-pham\/15704\/","title":{"rendered":"Khoai M\u00f4n \u0110\u00f4ng L\u1ea1nh"},"content":{"rendered":"<div class=\"ewa-rteLine\">\n<h2><span style=\"color: #000000; font-family: arial, helvetica, sans-serif;\">KHOAI M\u00d4N \u0110\u00d4NG L\u1ea0NH\u00a0<\/span><\/h2>\n<p><span style=\"color: #000000; font-family: arial, helvetica, sans-serif;\">Khoai m\u00f4n \u0111\u00f4ng l\u1ea1nh c\u1ee7a C\u00f4ng ty C\u1ed5 ph\u1ea7n Th\u1ef1c ph\u1ea9m H\u00f9ng H\u1eadu (HungHau Foods), \u0111\u01b0\u1ee3c tuy\u1ec3n ch\u1ecdn t\u1eeb nh\u1eefng c\u1ee7 khoai m\u00f4n \u0111\u1ea1t chu\u1ea9n t\u1ea1i c\u00e1c v\u00f9ng tr\u1ed3ng thu\u1ed9c t\u1ec9nh An Giang v\u00e0 \u0110\u1ed3ng Th\u00e1p (Vi\u1ec7t Nam). S\u1ea3n ph\u1ea9m \u0111\u01b0\u1ee3c c\u1ea5p \u0111\u00f4ng b\u1eb1ng c\u00f4ng ngh\u1ec7 IQF hi\u1ec7n \u0111\u1ea1i, \u0111\u1ea3m b\u1ea3o gi\u1eef \u0111\u01b0\u1ee3c h\u01b0\u01a1ng v\u1ecb, m\u00e0u s\u1eafc v\u00e0 ch\u1ea5t l\u01b0\u1ee3ng t\u1ef1 nhi\u00ean.<\/span><\/p>\n<p><span style=\"color: #000000; font-family: arial, helvetica, sans-serif;\">HungHau Foods s\u1edf h\u1eefu n\u0103ng l\u1ef1c cung \u1ee9ng khoai m\u00f4n l\u00ean \u0111\u1ebfn 500 t\u1ea5n th\u00e0nh ph\u1ea9m m\u1ed7i n\u0103m. S\u1ea3n ph\u1ea9m &amp; nh\u00e0 m\u00e1y ch\u1ebf bi\u1ebfn c\u1ee7a HungHau Foods \u0111\u1ea1t c\u00e1c ch\u1ee9ng nh\u1eadn, ti\u00eau chu\u1ea9n qu\u1ed1c t\u1ebf, bao\u00a0 g\u1ed3m: BRCGS, HACCP, ISO 22000, FDA, KV, HALAL v\u00e0 SMETA.<\/span><\/p>\n<h2><span style=\"color: #000000; font-family: arial, helvetica, sans-serif;\">\u0110\u1eb6C \u0110I\u1ec2M N\u1ed4I B\u1eacT<\/span><\/h2>\n<ul>\n<li data-start=\"152\" data-end=\"260\">\n<p data-start=\"256\" data-end=\"347\"><span style=\"color: #000000; font-family: arial, helvetica, sans-serif;\">V\u1ecf c\u1ee7: V\u1ecf ngo\u00e0i m\u00e0u n\u00e2u x\u00e1m, c\u00f3 c\u00e1c l\u1edbp v\u00e2n \u0111\u1eb7c tr\u01b0ng c\u1ee7a khoai m\u00f4n; v\u1ecf m\u1ecfng, d\u1ec5 g\u1ecdt.<\/span><\/p>\n<\/li>\n<li data-start=\"152\" data-end=\"260\">\n<p data-start=\"256\" data-end=\"347\"><span style=\"color: #000000; font-family: arial, helvetica, sans-serif;\">Th\u1ecbt c\u1ee7: Ru\u1ed9t m\u00e0u tr\u1eafng ng\u00e0 ho\u1eb7c t\u00edm nh\u1ea1t (t\u00f9y gi\u1ed1ng), c\u00f3 v\u00e2n t\u00edm li ti.\u00a0<\/span><\/p>\n<\/li>\n<li data-start=\"152\" data-end=\"260\">\n<p data-start=\"256\" data-end=\"347\"><span style=\"color: #000000; font-family: arial, helvetica, sans-serif;\">H\u01b0\u01a1ng v\u1ecb: V\u1ecb th\u01a1m b\u00f9i t\u1ef1 nhi\u00ean, b\u00e9o nh\u1eb9.<\/span><\/p>\n<\/li>\n<li data-start=\"152\" data-end=\"260\">\n<p data-start=\"256\" data-end=\"347\"><span style=\"color: #000000; font-family: arial, helvetica, sans-serif;\">C\u00f4ng ngh\u1ec7 c\u1ea5p \u0111\u00f4ng: S\u1ea3n xu\u1ea5t theo c\u00f4ng ngh\u1ec7 IQF \u2013 c\u1ea5p \u0111\u00f4ng nhanh t\u1eebng kh\u1ed1i, gi\u00fap gi\u1eef nguy\u00ean c\u1ea5u tr\u00fac, m\u00e0u s\u1eafc v\u00e0 h\u01b0\u01a1ng v\u1ecb t\u1ef1 nhi\u00ean<\/span><\/p>\n<\/li>\n<li data-start=\"152\" data-end=\"260\"><span style=\"color: #000000; font-family: arial, helvetica, sans-serif;\">D\u1ea1ng cung c\u1ea5p: Nguy\u00ean qu\u1ea3, n\u1eeda c\u1ee7 c\u1eaft 1\/4, chunk, dices<\/span><\/li>\n<\/ul>\n<h2><span style=\"color: #000000; font-family: arial, helvetica, sans-serif;\">TH\u00d4NG TIN K\u1ef8 THU\u1eacT<\/span><\/h2>\n<div class=\"table-wrapper\">\n<table>\n<tbody>\n<tr style=\"height: 21px;\">\n<td style=\"height: 21px;\"><span style=\"color: #000000; font-family: arial, helvetica, sans-serif;\">Lo\u1ea1i h\u00e0ng (Style)<\/span><\/td>\n<td style=\"height: 21px;\"><span style=\"color: #000000; font-family: arial, helvetica, sans-serif;\">\u0110\u00f4ng L\u1ea1nh<\/span><\/td>\n<\/tr>\n<tr style=\"height: 21px;\">\n<td style=\"height: 21px;\"><span style=\"color: #000000; font-family: arial, helvetica, sans-serif;\">M\u00e0u s\u1eafc (Color)<\/span><\/td>\n<td style=\"height: 21px;\"><span style=\"color: #000000; font-family: arial, helvetica, sans-serif;\">Tr\u1eafng t\u00edm\u00a0<\/span><\/td>\n<\/tr>\n<tr style=\"height: 21px;\">\n<td style=\"height: 21px;\"><span style=\"color: #000000; font-family: arial, helvetica, sans-serif;\">K\u00edch th\u01b0\u1edbc (size)<\/span><\/td>\n<td style=\"height: 21px;\"><span style=\"color: #000000; font-family: arial, helvetica, sans-serif;\">Nguy\u00ean qu\u1ea3, c\u1eaft 1\/4, 1\/8, n\u1eeda c\u1ee7<\/span><\/td>\n<\/tr>\n<tr style=\"height: 21px;\">\n<td style=\"height: 21px;\"><span style=\"color: #000000; font-family: arial, helvetica, sans-serif;\">Qu\u00e1 tr\u00ecnh \u0111\u00f4ng l\u1ea1nh (Freezing Process):<\/span><\/td>\n<td style=\"height: 21px;\"><span style=\"color: #000000; font-family: arial, helvetica, sans-serif;\">S\u1eed d\u1ee5ng c\u00f4ng ngh\u1ec7 c\u1ea5p \u0111\u00f4ng nhanh IQF (Individual Quick Freezing) \u2013 c\u1ea5p \u0111\u00f4ng t\u1eebng c\u00e1 th\u1ec3.<\/span><\/td>\n<\/tr>\n<tr style=\"height: 21px;\">\n<td style=\"height: 21px;\"><span style=\"color: #000000; font-family: arial, helvetica, sans-serif;\">Tr\u1ecdng l\u01b0\u1ee3ng PA (Weight\/PA)<\/span><\/td>\n<td style=\"height: 21px;\"><span style=\"color: #000000; font-family: arial, helvetica, sans-serif;\">T\u00f9y theo y\u00eau c\u1ea7u kh\u00e1ch h\u00e0ng<\/span><\/td>\n<\/tr>\n<tr style=\"height: 21px;\">\n<td style=\"height: 21px;\"><span style=\"color: #000000; font-family: arial, helvetica, sans-serif;\">Tr\u1ecdng l\u01b0\u1ee3ng\/ctn (Weight\/ctn):<\/span><\/td>\n<td style=\"height: 21px;\"><span style=\"color: #000000; font-family: arial, helvetica, sans-serif;\">T\u00f9y theo y\u00eau c\u1ea7u kh\u00e1ch h\u00e0ng<\/span><\/td>\n<\/tr>\n<tr style=\"height: 21px;\">\n<td style=\"height: 21px;\"><span style=\"color: #000000; font-family: arial, helvetica, sans-serif;\">Nhi\u1ec7t \u0111\u1ed9 l\u01b0u tr\u1eef (Storage):<\/span><\/td>\n<td style=\"height: 21px;\"><span style=\"color: #000000; font-family: arial, helvetica, sans-serif;\">-18\u2103<\/span><\/td>\n<\/tr>\n<tr style=\"height: 21px;\">\n<td style=\"height: 21px;\"><span style=\"color: #000000; font-family: arial, helvetica, sans-serif;\">Ngu\u1ed3n g\u1ed1c (origin):\u00a0<\/span><\/td>\n<td style=\"height: 21px;\"><span style=\"color: #000000; font-family: arial, helvetica, sans-serif;\">Vi\u1ec7t Nam<\/span><\/td>\n<\/tr>\n<tr style=\"height: 21.9844px;\">\n<td style=\"height: 21.9844px;\"><span style=\"color: #000000; font-family: arial, helvetica, sans-serif;\">Ph\u01b0\u01a1ng th\u1ee9c v\u1eadn chuy\u1ec3n (Method of delivery)<\/span><\/td>\n<td style=\"height: 21.9844px;\"><span style=\"color: #000000; font-family: arial, helvetica, sans-serif;\">\u0110\u01b0\u1eddng bi\u1ec3n ho\u1eb7c \u0111\u01b0\u1eddng h\u00e0ng kh\u00f4ng.\u00a0<\/span><\/td>\n<\/tr>\n<tr style=\"height: 21px;\">\n<td style=\"height: 21px;\"><span style=\"color: #000000; font-family: arial, helvetica, sans-serif;\">\u0110\u00f3ng g\u00f3i (packaging)<\/span><\/td>\n<td style=\"height: 21px;\"><span style=\"color: #000000; font-family: arial, helvetica, sans-serif;\">10kg \/ 1 th\u00f9ng ho\u1eb7c t\u00f9y theo y\u00eau c\u1ea7u kh\u00e1ch h\u00e0ng<\/span><\/td>\n<\/tr>\n<tr style=\"height: 21px;\">\n<td style=\"height: 21px;\"><span style=\"color: #000000; font-family: arial, helvetica, sans-serif;\">Theo m\u00f9a (season)<\/span><\/td>\n<td style=\"height: 21px;\"><span style=\"color: #000000; font-family: arial, helvetica, sans-serif;\">T\u1eeb th\u00e1ng 4 &#8211; th\u00e1ng 6<\/span><\/td>\n<\/tr>\n<tr style=\"height: 21px;\">\n<td style=\"height: 21px;\"><span style=\"color: #000000; font-family: arial, helvetica, sans-serif;\">H\u1ea1n s\u1eed d\u1ee5ng (Shelf life)<\/span><\/td>\n<td style=\"height: 21px;\"><span style=\"color: #000000; font-family: arial, helvetica, sans-serif;\">\u00a024 th\u00e1ng<\/span><\/td>\n<\/tr>\n<\/tbody>\n<\/table>\n<h2><span style=\"color: #000000; font-family: arial, helvetica, sans-serif;\">TH\u00d4NG TIN LI\u00caN H\u1ec6:<\/span><\/h2>\n<p><span style=\"color: #000000; font-family: arial, helvetica, sans-serif;\">Email:\u00a0<span style=\"color: #0000ff;\"><a style=\"color: #0000ff;\" href=\"mailto:sales@hunghau.vn\">sales@hunghau.vn<\/a><\/span><\/span><br \/>\n<span style=\"color: #000000; font-family: arial, helvetica, sans-serif;\">Hotline: (+84)79 721 3333\u00a0<\/span><\/p>\n<p><span style=\"color: #000000; font-family: arial, helvetica, sans-serif;\"><span style=\"font-weight: 400;\">Email:\u00a0 <\/span><span style=\"font-weight: 400; color: #333399;\">Hana@hunghau.vn <\/span><span style=\"font-weight: 400;\"><br \/>\n<\/span><span style=\"font-weight: 400;\">Hotline: (+84)79 721 3333\u00a0<\/span><\/span><\/p>\n<p><span style=\"color: #000000; font-family: arial, helvetica, sans-serif;\">Email:\u00a0<span style=\"color: #0000ff;\"><a style=\"color: #0000ff;\" href=\"mailto:yenn@hunghau.vn\">yenn@hunghau.vn<\/a>\u00a0<\/span><\/span><br \/>\n<span style=\"color: #000000; font-family: arial, helvetica, sans-serif;\">Hotline: (+84)78 520 3333<\/span><\/p>\n<p><span style=\"font-weight: 400; color: #000000;\">LinkedIn<span style=\"color: #1755ad;\">:<\/span><\/span><span style=\"color: #1755ad;\"><a style=\"color: #1755ad;\" href=\"https:\/\/lnkd.in\/g_KkBKHf\"><span style=\"font-weight: 400;\"> https:\/\/lnkd.in\/g_KkBKHf<\/span><\/a><\/span><\/p>\n<h2><span style=\"color: #000000; font-family: arial, helvetica, sans-serif;\">H\u00ccNH \u1ea2NH S\u1ea2N PH\u1ea8M<\/span><\/h2>\n<\/div>\n<\/div>\n<div>\n<figure id=\"attachment_15699\" aria-describedby=\"caption-attachment-15699\" style=\"width: 2500px\" class=\"wp-caption alignnone\"><img loading=\"lazy\" decoding=\"async\" class=\"wp-image-15699 size-full\" src=\"https:\/\/hfoods.vn\/wp-content\/uploads\/2017\/08\/HC-Anuga-2025_Khoai-mon-1-4.jpg\" alt=\"Khoai m\u00f4n \u0111\u00f4ng l\u1ea1nh \" width=\"2500\" height=\"2500\" \/><figcaption id=\"caption-attachment-15699\" class=\"wp-caption-text\"><center><span style=\"color: #000000; font-family: arial, helvetica, sans-serif;\">Khoai m\u00f4n \u0111\u00f4ng l\u1ea1nh ch\u1ebb 1\/4 HungHau Foods<\/span><center><\/center><\/center><\/figcaption><\/figure>\n<\/div>\n<div><center><br \/>\n<center><\/center><\/center><\/p>\n<figure id=\"attachment_22478\" aria-describedby=\"caption-attachment-22478\" style=\"width: 1000px\" class=\"wp-caption aligncenter\"><img loading=\"lazy\" decoding=\"async\" class=\"wp-image-22478 size-full\" src=\"https:\/\/hfoods.vn\/wp-content\/uploads\/2025\/04\/HHF_Hang-Dong_Khoai-mon-cu-1.jpg\" alt=\"Khoai m\u00f4n nguye\u00b7 c\u1ee7 \u0111\u00f4ng l\u1ea1nh HungHau Foods\" width=\"1000\" height=\"1000\" srcset=\"https:\/\/hfoods.vn\/wp-content\/uploads\/2025\/04\/HHF_Hang-Dong_Khoai-mon-cu-1.jpg 1000w, https:\/\/hfoods.vn\/wp-content\/uploads\/2025\/04\/HHF_Hang-Dong_Khoai-mon-cu-1-768x768.jpg 768w, https:\/\/hfoods.vn\/wp-content\/uploads\/2025\/04\/HHF_Hang-Dong_Khoai-mon-cu-1-45x45.jpg 45w, https:\/\/hfoods.vn\/wp-content\/uploads\/2025\/04\/HHF_Hang-Dong_Khoai-mon-cu-1-100x100.jpg 100w\" sizes=\"auto, (max-width: 1000px) 100vw, 1000px\" \/><figcaption id=\"caption-attachment-22478\" class=\"wp-caption-text\"><center>Khoai m\u00f4n nguy\u00ean c\u1ee7 \u0111\u00f4ng l\u1ea1nh HungHau Foods<center><\/center><\/center><\/figcaption><\/figure>\n<figure id=\"attachment_22480\" aria-describedby=\"caption-attachment-22480\" style=\"width: 1000px\" class=\"wp-caption aligncenter\"><img loading=\"lazy\" decoding=\"async\" class=\"size-full wp-image-22480\" src=\"https:\/\/hfoods.vn\/wp-content\/uploads\/2025\/04\/HHF_Hang-Dong_khoai-mon-12-1-1.jpg\" alt=\"Khoai m\u00f4n n\u1eeda c\u1ee7 \u0111\u00f4ng l\u1ea1nh HungHau Foods\" width=\"1000\" height=\"1000\" srcset=\"https:\/\/hfoods.vn\/wp-content\/uploads\/2025\/04\/HHF_Hang-Dong_khoai-mon-12-1-1.jpg 1000w, https:\/\/hfoods.vn\/wp-content\/uploads\/2025\/04\/HHF_Hang-Dong_khoai-mon-12-1-1-768x768.jpg 768w, https:\/\/hfoods.vn\/wp-content\/uploads\/2025\/04\/HHF_Hang-Dong_khoai-mon-12-1-1-45x45.jpg 45w, https:\/\/hfoods.vn\/wp-content\/uploads\/2025\/04\/HHF_Hang-Dong_khoai-mon-12-1-1-100x100.jpg 100w\" sizes=\"auto, (max-width: 1000px) 100vw, 1000px\" \/><figcaption id=\"caption-attachment-22480\" class=\"wp-caption-text\"><center>Khoai m\u00f4n n\u1eeda c\u1ee7 \u0111\u00f4ng l\u1ea1nh HungHau Foods<center><\/center><\/center><\/figcaption><\/figure>\n<h2 data-start=\"107\" data-end=\"145\"><span style=\"color: #000000; font-family: arial, helvetica, sans-serif;\">TH\u00c0NH PH\u1ea6N DINH D\u01af\u1ee0NG KHOAI M\u00d4N<\/span><\/h2>\n<ul>\n<li data-start=\"147\" data-end=\"304\"><span style=\"color: #000000; font-family: arial, helvetica, sans-serif;\"><strong data-start=\"147\" data-end=\"177\">N\u0103ng l\u01b0\u1ee3ng &amp; Carbohydrate: <\/strong>Khoai m\u00f4n gi\u00e0u tinh b\u1ed9t ph\u1ee9c, cung c\u1ea5p n\u0103ng l\u01b0\u1ee3ng \u1ed5n \u0111\u1ecbnh v\u00e0 t\u1ea1o c\u1ea3m gi\u00e1c no l\u00e2u. L\u00e0 ngu\u1ed3n carb t\u1ed1t cho ch\u1ebf \u0111\u1ed9 \u0103n l\u00e0nh m\u1ea1nh.<\/span><\/li>\n<li data-start=\"306\" data-end=\"418\"><span style=\"color: #000000; font-family: arial, helvetica, sans-serif;\"><strong data-start=\"306\" data-end=\"318\">Ch\u1ea5t x\u01a1: <\/strong>H\u00e0m l\u01b0\u1ee3ng ch\u1ea5t x\u01a1 cao h\u1ed7 tr\u1ee3 ti\u00eau h\u00f3a, c\u1ea3i thi\u1ec7n ch\u1ee9c n\u0103ng \u0111\u01b0\u1eddng ru\u1ed9t v\u00e0 gi\u00fap ki\u1ec3m so\u00e1t c\u00e2n n\u1eb7ng.<\/span><\/li>\n<li data-start=\"420\" data-end=\"547\"><span style=\"color: #000000; font-family: arial, helvetica, sans-serif;\"><strong data-start=\"420\" data-end=\"432\">Vitamin: <\/strong>Ch\u1ee9a vitamin E, C v\u00e0 c\u00e1c vitamin nh\u00f3m B (B1, B6, folate), h\u1ed7 tr\u1ee3 mi\u1ec5n d\u1ecbch, t\u1ed1t cho da v\u00e0 chuy\u1ec3n h\u00f3a n\u0103ng l\u01b0\u1ee3ng.<\/span><\/li>\n<li data-start=\"549\" data-end=\"716\"><span style=\"color: #000000; font-family: arial, helvetica, sans-serif;\"><strong data-start=\"549\" data-end=\"586\">Kho\u00e1ng ch\u1ea5t &amp; Ch\u1ea5t ch\u1ed1ng oxy h\u00f3a: <\/strong>Gi\u00e0u potassium, magnesium, phosphorus v\u00e0 mangan. C\u00e1c h\u1ee3p ch\u1ea5t ch\u1ed1ng oxy h\u00f3a t\u1ef1 nhi\u00ean gi\u00fap gi\u1ea3m stress oxy h\u00f3a v\u00e0 b\u1ea3o v\u1ec7 t\u1ebf b\u00e0o.<\/span><\/li>\n<\/ul>\n<h2 data-start=\"723\" data-end=\"758\"><span style=\"color: #000000; font-family: arial, helvetica, sans-serif;\">\u1ee8NG D\u1ee4NG KHOAI M\u00d4N \u0110\u00d4NG L\u1ea0NH<\/span><\/h2>\n<ul data-start=\"760\" data-end=\"1472\">\n<li data-start=\"760\" data-end=\"924\">\n<p data-start=\"763\" data-end=\"924\"><span style=\"color: #000000; font-family: arial, helvetica, sans-serif;\"><strong data-start=\"763\" data-end=\"789\">C\u00f4ng nghi\u1ec7p th\u1ef1c ph\u1ea9m: <\/strong>Nguy\u00ean li\u1ec7u s\u1ea3n xu\u1ea5t ch\u00e8 khoai m\u00f4n, b\u00e1nh khoai m\u00f4n, s\u1eefa khoai m\u00f4n, kem, nh\u00e2n b\u00e1nh, th\u1ef1c ph\u1ea9m \u0103n li\u1ec1n v\u00e0 c\u00e1c s\u1ea3n ph\u1ea9m tr\u00e1ng mi\u1ec7ng.<\/span><\/p>\n<\/li>\n<li data-start=\"926\" data-end=\"1069\">\n<p data-start=\"929\" data-end=\"1069\"><span style=\"color: #000000; font-family: arial, helvetica, sans-serif;\"><strong data-start=\"929\" data-end=\"961\">Nh\u00e0 h\u00e0ng \u2013 Kh\u00e1ch s\u1ea1n \u2013 Caf\u00e9: <\/strong>D\u00f9ng ch\u1ebf bi\u1ebfn s\u00fap, ch\u00e8, l\u1ea9u, m\u00f3n kho, m\u00f3n x\u00e0o, topping tr\u00e0 s\u1eefa, pudding v\u00e0 nhi\u1ec1u m\u00f3n \u00c1 \u0111\u01b0\u1ee3c y\u00eau th\u00edch.<\/span><\/p>\n<\/li>\n<li data-start=\"1071\" data-end=\"1199\">\n<p data-start=\"1074\" data-end=\"1199\"><span style=\"color: #000000; font-family: arial, helvetica, sans-serif;\"><strong data-start=\"1074\" data-end=\"1096\">\u0110\u1ed3 u\u1ed1ng \u2013 Dessert: <\/strong>Ch\u1ebf bi\u1ebfn d\u1ea1ng puree, smoothie bowls, milk tea topping, kem l\u1ea1nh, panna cotta, mousse, yogurt mix.<\/span><\/p>\n<\/li>\n<li data-start=\"1310\" data-end=\"1472\">\n<p data-start=\"1313\" data-end=\"1472\"><span style=\"color: #000000; font-family: arial, helvetica, sans-serif;\"><strong data-start=\"1313\" data-end=\"1339\">OEM \u2013 Nh\u00e3n hi\u1ec7u ri\u00eang: <\/strong><\/span><span style=\"color: #000000; font-family: arial, helvetica, sans-serif;\">Cung c\u1ea5p khoai m\u00f4n IQF \u0111\u00e1p \u1ee9ng ti\u00eau chu\u1ea9n xu\u1ea5t kh\u1ea9u v\u00e0 \u0111\u00f3ng g\u00f3i ri\u00eang cho th\u01b0\u01a1ng hi\u1ec7u.<\/span><\/p>\n<\/li>\n<\/ul>\n<h3><span style=\"color: #000000; font-family: arial, helvetica, sans-serif;\">TH\u00d4NG TIN LI\u00caN H\u1ec6<\/span><\/h3>\n<p><span style=\"color: #000000; font-family: arial, helvetica, sans-serif;\">Email:\u00a0<span style=\"color: #0000ff;\"><a style=\"color: #0000ff;\" href=\"mailto:sales@hunghau.vn\">sales@hunghau.vn<\/a><\/span><\/span><br \/>\n<span style=\"color: #000000; font-family: arial, helvetica, sans-serif;\">Hotline: (+84)79 721 3333\u00a0<\/span><\/p>\n<p><span style=\"color: #000000; font-family: arial, helvetica, sans-serif;\"><span style=\"font-weight: 400;\">Email:\u00a0 <\/span><span style=\"font-weight: 400; color: #333399;\">Hana@hunghau.vn <\/span><span style=\"font-weight: 400;\"><br \/>\n<\/span><span style=\"font-weight: 400;\">Hotline: (+84)79 721 3333\u00a0<\/span><\/span><\/p>\n<p><span style=\"color: #000000; font-family: arial, helvetica, sans-serif;\">Email:\u00a0<span style=\"color: #0000ff;\"><a style=\"color: #0000ff;\" href=\"mailto:yenn@hunghau.vn\">yenn@hunghau.vn<\/a>\u00a0<\/span><\/span><br \/>\n<span style=\"color: #000000; font-family: arial, helvetica, sans-serif;\">Hotline: (+84)78 520 3333<\/span><\/p>\n<p><span style=\"font-weight: 400; color: #000000;\">LinkedIn<span style=\"color: #1755ad;\">:<\/span><\/span><span style=\"color: #1755ad;\"><a style=\"color: #1755ad;\" href=\"https:\/\/lnkd.in\/g_KkBKHf\"><span style=\"font-weight: 400;\"> https:\/\/lnkd.in\/g_KkBKHf<\/span><\/a><\/span><\/p>\n<p><span style=\"color: #000000; font-family: arial, helvetica, sans-serif;\"><b>C\u00f4ng ty C\u1ed5 ph\u1ea7n Th\u1ef1c ph\u1ea9m H\u00f9ng H\u1eadu (HungHau Foods)<\/b><\/span><\/p>\n<p><span style=\"color: #000000; font-family: arial, helvetica, sans-serif;\"><strong>\u0110\u1ecba ch\u1ec9: 642 \u00c2u C\u01a1, Ph\u01b0\u1eddng B\u1ea3y Hi\u1ec1n, Th\u00e0nh Ph\u1ed1 H\u1ed3 Ch\u00ed Minh<\/strong><\/span><\/p>\n<p><span style=\"color: #000000; font-family: arial, helvetica, sans-serif;\"><b>Nh\u00e0 xu\u1ea5t kh\u1ea9u n\u00f4ng s\u1ea3n \u2013 Nh\u00e0 cung \u1ee9ng tr\u00e1i c\u00e2y &amp; rau c\u1ee7 \u0111\u00f4ng l\u1ea1nh t\u1ea1i Vi\u1ec7t Nam.<\/b><\/span><\/p>\n<\/div>\n","protected":false},"excerpt":{"rendered":"<div>\n<table style=\"width: 381.367px;\">\n<tbody>\n<tr style=\"height: 21px;\">\n<td style=\"height: 21px; width: 128px;\"><span style=\"color: #1755ad;\"><strong>Lo\u1ea1i<\/strong><\/span><\/td>\n<td style=\"height: 21px; width: 240.367px;\"><span style=\"color: #000000;\"><span style=\"font-family: arial, helvetica, sans-serif;\">Nguy\u00ean qu\u1ea3, n\u1eeda c\u1ee7, c\u1eaft 1\/4, c\u1eaft 1\/8, chunk, <\/span>\u2026ho\u1eb7c theo y\u00eau c\u1ea7u kh\u00e1ch h\u00e0ng.<\/span><\/td>\n<\/tr>\n<tr style=\"height: 21px;\">\n<td style=\"height: 21px; width: 128px;\"><span style=\"color: #1755ad;\"><strong>M\u00f9a v\u1ee5 ch\u00ednh<\/strong><\/span><\/td>\n<td style=\"height: 21px; width: 240.367px;\"><span style=\"color: #000000;\">Th\u00e1ng 04-05-06<\/span><\/td>\n<\/tr>\n<tr style=\"height: 21px;\">\n<td style=\"height: 21px; width: 128px;\"><span style=\"color: #1755ad;\"><strong>Quy c\u00e1ch<\/strong><\/span><\/td>\n<td style=\"height: 21px; width: 240.367px;\"><span style=\"color: #000000;\">10kg\/t\u00fai ho\u1eb7c t\u00f9y theo y\u00eau c\u1ea7u kh\u00e1ch h\u00e0ng<\/span><\/td>\n<\/tr>\n<tr style=\"height: 21px;\">\n<td style=\"height: 21px; width: 128px;\"><span style=\"color: #1755ad;\"><strong>\u0110i\u1ec1u ki\u1ec7n<\/strong><\/span><\/td>\n<td style=\"height: 21px; width: 240.367px;\"><span style=\"color: #000000;\">-18 \u0111\u1ed9<\/span><\/td>\n<\/tr>\n<tr style=\"height: 21.4962px;\">\n<td style=\"height: 21.4962px; width: 128px;\"><span style=\"color: #1755ad;\"><b>C\u00f4ng su\u1ea5t<\/b><\/span><\/td>\n<td style=\"height: 21.4962px; width: 240.367px;\"><span style=\"color: #000000;\">500 t\u1ea5n h\u1eb1ng n\u0103m<\/span><\/td>\n<\/tr>\n<tr style=\"height: 21.4962px;\">\n<td style=\"height: 21.4962px; width: 128px;\"><span style=\"color: #1755ad;\"><b>Th\u1eddi h\u1ea1n s\u1eed d\u1ee5ng<\/b><\/span><\/td>\n<td style=\"height: 21.4962px; width: 240.367px;\"><span style=\"color: #000000;\">24 th\u00e1ng<\/span><\/td>\n<\/tr>\n<\/tbody>\n<\/table>\n<\/div>\n","protected":false},"featured_media":21783,"comment_status":"closed","ping_status":"closed","template":"","meta":[],"product_brand":[],"product_cat":[99],"product_tag":[],"class_list":{"0":"post-15704","1":"product","2":"type-product","3":"status-publish","4":"has-post-thumbnail","6":"product_cat-rau-cu-qua-dong-lanh","8":"first","9":"instock","10":"shipping-taxable","11":"product-type-simple"},"_links":{"self":[{"href":"https:\/\/hfoods.vn\/vi\/wp-json\/wp\/v2\/product\/15704","targetHints":{"allow":["GET"]}}],"collection":[{"href":"https:\/\/hfoods.vn\/vi\/wp-json\/wp\/v2\/product"}],"about":[{"href":"https:\/\/hfoods.vn\/vi\/wp-json\/wp\/v2\/types\/product"}],"replies":[{"embeddable":true,"href":"https:\/\/hfoods.vn\/vi\/wp-json\/wp\/v2\/comments?post=15704"}],"wp:featuredmedia":[{"embeddable":true,"href":"https:\/\/hfoods.vn\/vi\/wp-json\/wp\/v2\/media\/21783"}],"wp:attachment":[{"href":"https:\/\/hfoods.vn\/vi\/wp-json\/wp\/v2\/media?parent=15704"}],"wp:term":[{"taxonomy":"product_brand","embeddable":true,"href":"https:\/\/hfoods.vn\/vi\/wp-json\/wp\/v2\/product_brand?post=15704"},{"taxonomy":"product_cat","embeddable":true,"href":"https:\/\/hfoods.vn\/vi\/wp-json\/wp\/v2\/product_cat?post=15704"},{"taxonomy":"product_tag","embeddable":true,"href":"https:\/\/hfoods.vn\/vi\/wp-json\/wp\/v2\/product_tag?post=15704"}],"curies":[{"name":"wp","href":"https:\/\/api.w.org\/{rel}","templated":true}]}}