{"id":15739,"date":"2025-04-04T09:29:59","date_gmt":"2025-04-04T09:29:59","guid":{"rendered":"https:\/\/hfoods.vn\/?post_type=product&#038;p=15739"},"modified":"2026-04-02T18:01:48","modified_gmt":"2026-04-02T11:01:48","slug":"khoai-lang-tim-dong-lanh-2","status":"publish","type":"product","link":"https:\/\/hfoods.vn\/vi\/san-pham\/khoai-lang-tim-dong-lanh-2\/","title":{"rendered":"Khoai Lang T\u00edm \u0110\u00f4ng L\u1ea1nh"},"content":{"rendered":"<h2>KHOAI LANG T\u00cdM \u0110\u00d4NG L\u1ea0NH<\/h2>\n<p><span style=\"font-weight: 400; color: #000000; font-family: arial, helvetica, sans-serif;\">Khoai lang t\u00edm \u0111\u00f4ng l\u1ea1nh c\u1ee7a C\u00f4ng ty C\u1ed5 ph\u1ea7n Th\u1ef1c ph\u1ea9m H\u00f9ng H\u1eadu (HungHau Foods), \u0111\u01b0\u1ee3c tuy\u1ec3n ch\u1ecdn t\u1eeb nh\u1eefng c\u1ee7 khoai lang t\u00edm \u0111\u1ea1t chu\u1ea9n t\u1ea1i c\u00e1c v\u00f9ng tr\u1ed3ng thu\u1ed9c t\u1ec9nh V\u0129nh Long (Vi\u1ec7t Nam). S\u1ea3n ph\u1ea9m \u0111\u01b0\u1ee3c c\u1ea5p \u0111\u00f4ng b\u1eb1ng c\u00f4ng ngh\u1ec7 IQF hi\u1ec7n \u0111\u1ea1i, \u0111\u1ea3m b\u1ea3o gi\u1eef \u0111\u01b0\u1ee3c h\u01b0\u01a1ng v\u1ecb, m\u00e0u s\u1eafc v\u00e0 ch\u1ea5t l\u01b0\u1ee3ng t\u1ef1 nhi\u00ean.<\/span><\/p>\n<p><span style=\"font-weight: 400; color: #000000; font-family: arial, helvetica, sans-serif;\">HungHau Foods s\u1edf h\u1eefu n\u0103ng l\u1ef1c cung \u1ee9ng c\u1ee7 khoai lang l\u00ean \u0111\u1ebfn 500 t\u1ea5n th\u00e0nh ph\u1ea9m m\u1ed7i n\u0103m. S\u1ea3n ph\u1ea9m &amp; nh\u00e0 m\u00e1y ch\u1ebf bi\u1ebfn c\u1ee7a HungHau Foods \u0111\u1ea1t c\u00e1c ch\u1ee9ng nh\u1eadn, ti\u00eau chu\u1ea9n qu\u1ed1c t\u1ebf, bao g\u1ed3m g\u1ed3m: BRCGS, HACCP, ISO 22000, FDA, KV, HALAL v\u00e0 SMETA.<\/span><\/p>\n<h2><span style=\"color: #000000; font-family: arial, helvetica, sans-serif;\">\u0110\u1eb6C \u0110I\u1ec2M N\u1ed4I B\u1eacT:<\/span><\/h2>\n<ul>\n<li><span style=\"color: #000000; font-family: arial, helvetica, sans-serif;\">Tr\u1ecdng l\u01b0\u1ee3ng: T\u00f9y k\u00edch c\u1ee1 c\u1ee7, th\u01b0\u1eddng t\u1eeb 200\u2013500g\/c\u1ee7.<\/span><\/li>\n<li><span style=\"color: #000000; font-family: arial, helvetica, sans-serif;\">V\u1ecf c\u1ee7: M\u00e0u n\u00e2u t\u00edm, b\u1ec1 m\u1eb7t nh\u1eb5n, l\u1edbp v\u1ecf m\u1ecfng.<\/span><\/li>\n<li><span style=\"color: #000000; font-family: arial, helvetica, sans-serif;\">Th\u1ecbt c\u1ee7: M\u00e0u t\u00edm\u00a0 \u0111\u1eb7c tr\u01b0ng, k\u1ebft c\u1ea5u m\u1ec1m, \u1ebbo, b\u00f9i, \u00edt x\u01a1. Gi\u1eef m\u00e0u \u0111\u1eb9p t\u1ef1 nhi\u00ean sau khi h\u1ea5p, n\u1ea5u ho\u1eb7c ch\u1ebf bi\u1ebfn.<\/span><\/li>\n<li><span style=\"color: #000000; font-family: arial, helvetica, sans-serif;\">H\u01b0\u01a1ng v\u1ecb: Ng\u1ecdt d\u1ecbu, th\u01a1m nh\u1eb9, b\u00f9i b\u00e9o \u0111\u1eb7c tr\u01b0ng c\u1ee7a khoai lang t\u00edm.<\/span><\/li>\n<li><span style=\"color: #000000; font-family: arial, helvetica, sans-serif;\">C\u00f4ng ngh\u1ec7 c\u1ea5p \u0111\u00f4ng: X\u1eed l\u00fd b\u1eb1ng c\u00f4ng ngh\u1ec7 IQF (Individual Quick Freezing) \u0111\u1ec3 c\u1ea5p \u0111\u00f4ng nhanh t\u1eebng c\u00e1 th\u1ec3, gi\u00fap gi\u1eef nguy\u00ean m\u00e0u s\u1eafc, d\u01b0\u1ee1ng ch\u1ea5t v\u00e0 c\u1ea5u tr\u00fac khoai.<\/span><\/li>\n<li><span style=\"color: #000000; font-family: arial, helvetica, sans-serif;\">D\u1ea1ng cung c\u1ea5p: C\u1eaft dices, c\u1eaft kh\u00fac, c\u1eaft ng\u1eabu nhi\u00ean, puree\u2026\u00a0<\/span><\/li>\n<\/ul>\n<h2><span style=\"color: #000000; font-family: arial, helvetica, sans-serif;\">TH\u00d4NG TIN K\u1ef8 THU\u1eacT:<\/span><\/h2>\n<table>\n<tbody>\n<tr style=\"height: 21px;\">\n<td style=\"height: 21px;\"><span style=\"font-weight: 400; color: #000000; font-family: arial, helvetica, sans-serif;\">Lo\u1ea1i h\u00e0ng (Style)<\/span><\/td>\n<td style=\"height: 21px;\"><span style=\"font-weight: 400; color: #000000; font-family: arial, helvetica, sans-serif;\">\u0110\u00f4ng L\u1ea1nh<\/span><\/td>\n<\/tr>\n<tr style=\"height: 21px;\">\n<td style=\"height: 21px;\"><span style=\"font-weight: 400; color: #000000; font-family: arial, helvetica, sans-serif;\">M\u00e0u s\u1eafc (Color)<\/span><\/td>\n<td style=\"height: 21px;\"><span style=\"font-weight: 400; color: #000000; font-family: arial, helvetica, sans-serif;\">T\u00edm<\/span><\/td>\n<\/tr>\n<tr style=\"height: 21px;\">\n<td style=\"height: 21px;\"><span style=\"font-weight: 400; color: #000000; font-family: arial, helvetica, sans-serif;\">K\u00edch th\u01b0\u1edbc (size)<\/span><\/td>\n<td style=\"height: 21px;\"><span style=\"font-family: arial, helvetica, sans-serif;\">C\u1eaft dices, c\u1eaft kh\u00fac, c\u1eaft ng\u1eabu nhi\u00ean, puree\u2026\u00a0<\/span><\/td>\n<\/tr>\n<tr style=\"height: 21px;\">\n<td style=\"height: 21px;\"><span style=\"font-weight: 400; color: #000000; font-family: arial, helvetica, sans-serif;\">Qu\u00e1 tr\u00ecnh \u0111\u00f4ng l\u1ea1nh (Freezing Process):<\/span><\/td>\n<td style=\"height: 21px;\"><span style=\"font-weight: 400; color: #000000; font-family: arial, helvetica, sans-serif;\">S\u1eed d\u1ee5ng c\u00f4ng ngh\u1ec7 c\u1ea5p \u0111\u00f4ng nhanh IQF (Individual Quick Freezing) \u2013 c\u1ea5p \u0111\u00f4ng t\u1eebng c\u00e1 th\u1ec3.<\/span><\/td>\n<\/tr>\n<tr style=\"height: 21px;\">\n<td style=\"height: 21px;\"><span style=\"font-weight: 400; color: #000000; font-family: arial, helvetica, sans-serif;\">Tr\u1ecdng l\u01b0\u1ee3ng PA (Weight\/PA)<\/span><\/td>\n<td style=\"height: 21px;\"><span style=\"font-weight: 400; color: #000000; font-family: arial, helvetica, sans-serif;\">T\u00f9y theo y\u00eau c\u1ea7u kh\u00e1ch h\u00e0ng<\/span><\/td>\n<\/tr>\n<tr style=\"height: 21px;\">\n<td style=\"height: 21px;\"><span style=\"font-weight: 400; color: #000000; font-family: arial, helvetica, sans-serif;\">Tr\u1ecdng l\u01b0\u1ee3ng\/ctn (Weight\/ctn):<\/span><\/td>\n<td style=\"height: 21px;\"><span style=\"font-weight: 400; color: #000000; font-family: arial, helvetica, sans-serif;\">T\u00f9y theo y\u00eau c\u1ea7u kh\u00e1ch h\u00e0ng<\/span><\/td>\n<\/tr>\n<tr style=\"height: 20.8177px;\">\n<td style=\"height: 20.8177px;\"><span style=\"font-weight: 400; color: #000000; font-family: arial, helvetica, sans-serif;\">Nhi\u1ec7t \u0111\u1ed9 l\u01b0u tr\u1eef (Storage):<\/span><\/td>\n<td style=\"height: 20.8177px;\"><span style=\"font-weight: 400; color: #000000; font-family: arial, helvetica, sans-serif;\">-18\u2103<\/span><\/td>\n<\/tr>\n<tr style=\"height: 21px;\">\n<td style=\"height: 21px;\"><span style=\"font-weight: 400; color: #000000; font-family: arial, helvetica, sans-serif;\">Ngu\u1ed3n g\u1ed1c (origin):\u00a0<\/span><\/td>\n<td style=\"height: 21px;\"><span style=\"font-weight: 400; color: #000000; font-family: arial, helvetica, sans-serif;\">Vi\u1ec7t Nam<\/span><\/td>\n<\/tr>\n<tr style=\"height: 21px;\">\n<td style=\"height: 21px;\"><span style=\"font-weight: 400; color: #000000; font-family: arial, helvetica, sans-serif;\">Ph\u01b0\u01a1ng th\u1ee9c v\u1eadn chuy\u1ec3n (Method of delivery)<\/span><\/td>\n<td style=\"height: 21px;\"><span style=\"font-weight: 400; color: #000000; font-family: arial, helvetica, sans-serif;\">\u0110\u01b0\u1eddng bi\u1ec3n ho\u1eb7c \u0111\u01b0\u1eddng h\u00e0ng kh\u00f4ng.\u00a0<\/span><\/td>\n<\/tr>\n<tr style=\"height: 21px;\">\n<td style=\"height: 21px;\"><span style=\"font-weight: 400; color: #000000; font-family: arial, helvetica, sans-serif;\">\u0110\u00f3ng g\u00f3i (packaging)<\/span><\/td>\n<td style=\"height: 21px;\"><span style=\"font-weight: 400; color: #000000; font-family: arial, helvetica, sans-serif;\">10kg \/ 1 th\u00f9ng ho\u1eb7c t\u00f9y theo y\u00eau c\u1ea7u kh\u00e1ch h\u00e0ng<\/span><\/td>\n<\/tr>\n<tr style=\"height: 21px;\">\n<td style=\"height: 21px;\"><span style=\"font-weight: 400; color: #000000; font-family: arial, helvetica, sans-serif;\">Theo m\u00f9a (season)<\/span><\/td>\n<td style=\"height: 21px;\"><span style=\"font-family: arial, helvetica, sans-serif;\"><span style=\"color: #000000;\">T\u1eeb th\u00e1ng 2 t\u1edbi th\u00e1ng 6<\/span><\/span><\/td>\n<\/tr>\n<tr style=\"height: 21px;\">\n<td style=\"height: 21px;\"><span style=\"font-weight: 400; color: #000000; font-family: arial, helvetica, sans-serif;\">H\u1ea1n s\u1eed d\u1ee5ng (Shelf life)<\/span><\/td>\n<td style=\"height: 21px;\"><span style=\"font-weight: 400; color: #000000; font-family: arial, helvetica, sans-serif;\">\u00a024 th\u00e1ng<\/span><\/td>\n<\/tr>\n<\/tbody>\n<\/table>\n<h2><span style=\"font-family: arial, helvetica, sans-serif;\">H\u00ccNH \u1ea2NH S\u1ea2N PH\u1ea8M<\/span><\/h2>\n<figure id=\"attachment_22340\" aria-describedby=\"caption-attachment-22340\" style=\"width: 1000px\" class=\"wp-caption aligncenter\"><img loading=\"lazy\" decoding=\"async\" class=\"size-full wp-image-22340\" src=\"https:\/\/hfoods.vn\/wp-content\/uploads\/2025\/04\/HHF_Hang-Dong_kl-tim-dice-15.jpg\" alt=\"Khoai lang t\u00edm \u0111\u00f4ng l\u1ea1nh c\u1eaft dices\" width=\"1000\" height=\"1000\" srcset=\"https:\/\/hfoods.vn\/wp-content\/uploads\/2025\/04\/HHF_Hang-Dong_kl-tim-dice-15.jpg 1000w, https:\/\/hfoods.vn\/wp-content\/uploads\/2025\/04\/HHF_Hang-Dong_kl-tim-dice-15-768x768.jpg 768w, https:\/\/hfoods.vn\/wp-content\/uploads\/2025\/04\/HHF_Hang-Dong_kl-tim-dice-15-45x45.jpg 45w, https:\/\/hfoods.vn\/wp-content\/uploads\/2025\/04\/HHF_Hang-Dong_kl-tim-dice-15-100x100.jpg 100w\" sizes=\"auto, (max-width: 1000px) 100vw, 1000px\" \/><figcaption id=\"caption-attachment-22340\" class=\"wp-caption-text\"><center><span style=\"font-family: arial, helvetica, sans-serif;\">Khoai lang t\u00edm \u0111\u00f4ng l\u1ea1nh c\u1eaft dices<\/span><center><\/center><\/center><\/figcaption><\/figure>\n<figure id=\"attachment_22342\" aria-describedby=\"caption-attachment-22342\" style=\"width: 1000px\" class=\"wp-caption aligncenter\"><img loading=\"lazy\" decoding=\"async\" class=\"size-full wp-image-22342\" src=\"https:\/\/hfoods.vn\/wp-content\/uploads\/2025\/04\/HHF_Hang-Dong_Khoai-lang-tim-3.jpg\" alt=\"Khoai lang t\u00edm \u0111\u00f4ng l\u1ea1nh c\u1eaft random\" width=\"1000\" height=\"1000\" srcset=\"https:\/\/hfoods.vn\/wp-content\/uploads\/2025\/04\/HHF_Hang-Dong_Khoai-lang-tim-3.jpg 1000w, https:\/\/hfoods.vn\/wp-content\/uploads\/2025\/04\/HHF_Hang-Dong_Khoai-lang-tim-3-768x768.jpg 768w, https:\/\/hfoods.vn\/wp-content\/uploads\/2025\/04\/HHF_Hang-Dong_Khoai-lang-tim-3-45x45.jpg 45w, https:\/\/hfoods.vn\/wp-content\/uploads\/2025\/04\/HHF_Hang-Dong_Khoai-lang-tim-3-100x100.jpg 100w\" sizes=\"auto, (max-width: 1000px) 100vw, 1000px\" \/><figcaption id=\"caption-attachment-22342\" class=\"wp-caption-text\"><center><span style=\"font-family: arial, helvetica, sans-serif;\">Khoai lang t\u00edm \u0111\u00f4ng l\u1ea1nh c\u1eaft random<\/span><center><\/center><\/center><\/figcaption><\/figure>\n<figure id=\"attachment_22344\" aria-describedby=\"caption-attachment-22344\" style=\"width: 1000px\" class=\"wp-caption aligncenter\"><img loading=\"lazy\" decoding=\"async\" class=\"size-full wp-image-22344\" src=\"https:\/\/hfoods.vn\/wp-content\/uploads\/2025\/04\/HHF_Hang-Dong_kl-tim-lat-1.jpg\" alt=\"Khoai lang t\u00edm c\u1eaft l\u00e1t\" width=\"1000\" height=\"1000\" srcset=\"https:\/\/hfoods.vn\/wp-content\/uploads\/2025\/04\/HHF_Hang-Dong_kl-tim-lat-1.jpg 1000w, https:\/\/hfoods.vn\/wp-content\/uploads\/2025\/04\/HHF_Hang-Dong_kl-tim-lat-1-768x768.jpg 768w, https:\/\/hfoods.vn\/wp-content\/uploads\/2025\/04\/HHF_Hang-Dong_kl-tim-lat-1-45x45.jpg 45w, https:\/\/hfoods.vn\/wp-content\/uploads\/2025\/04\/HHF_Hang-Dong_kl-tim-lat-1-100x100.jpg 100w\" sizes=\"auto, (max-width: 1000px) 100vw, 1000px\" \/><figcaption id=\"caption-attachment-22344\" class=\"wp-caption-text\"><center><span style=\"font-family: arial, helvetica, sans-serif;\">Khoai lang t\u00edm \u0111\u00f4ng l\u1ea1nh c\u1eaft l\u00e1t<\/span><center><\/center><\/center><\/figcaption><\/figure>\n<h2 data-start=\"146\" data-end=\"174\"><span style=\"font-family: arial, helvetica, sans-serif;\">TH\u00c0NH PH\u1ea6N DINH D\u01af\u1ee0NG<\/span><\/h2>\n<ul>\n<li data-start=\"321\" data-end=\"455\"><span style=\"color: #000000; font-family: arial, helvetica, sans-serif;\"><strong data-start=\"321\" data-end=\"333\">Ch\u1ea5t x\u01a1: <\/strong>H\u00e0m l\u01b0\u1ee3ng ch\u1ea5t x\u01a1 cao h\u1ed7 tr\u1ee3 ti\u00eau h\u00f3a, gi\u00fap t\u1ea1o c\u1ea3m gi\u00e1c no l\u00e2u, ph\u00f9 h\u1ee3p cho ch\u1ebf \u0111\u1ed9 \u0103n l\u00e0nh m\u1ea1nh v\u00e0 ki\u1ec3m so\u00e1t c\u00e2n n\u1eb7ng.<\/span><\/li>\n<li data-start=\"457\" data-end=\"588\"><span style=\"color: #000000; font-family: arial, helvetica, sans-serif;\"><strong data-start=\"457\" data-end=\"469\">Vitamin: <\/strong>Gi\u00e0u carotenoids, C v\u00e0 nh\u00f3m B \u2013 gi\u00fap t\u0103ng c\u01b0\u1eddng mi\u1ec5n d\u1ecbch, c\u1ea3i thi\u1ec7n s\u1ee9c kh\u1ecfe da, m\u1eaft v\u00e0 h\u1ed7 tr\u1ee3 chuy\u1ec3n h\u00f3a n\u0103ng l\u01b0\u1ee3ng.<\/span><\/li>\n<li data-start=\"590\" data-end=\"704\"><span style=\"color: #000000; font-family: arial, helvetica, sans-serif;\"><strong data-start=\"590\" data-end=\"606\">Kho\u00e1ng ch\u1ea5t: <\/strong>Ch\u1ee9a kali, mangan, s\u1eaft v\u00e0 magie, gi\u00fap duy tr\u00ec ho\u1ea1t \u0111\u1ed9ng c\u01a1 b\u1eafp, tu\u1ea7n ho\u00e0n v\u00e0 s\u1ee9c kh\u1ecfe t\u1ed5ng th\u1ec3.<\/span><\/li>\n<li data-start=\"706\" data-end=\"875\"><span style=\"color: #000000; font-family: arial, helvetica, sans-serif;\"><strong data-start=\"706\" data-end=\"744\">Ch\u1ea5t ch\u1ed1ng oxy h\u00f3a (Anthocyanins): <\/strong>Khoai lang t\u00edm gi\u00e0u anthocyanins \u2013 h\u1ee3p ch\u1ea5t t\u1ea1o m\u00e0u t\u00edm t\u1ef1 nhi\u00ean, c\u00f3 t\u00e1c d\u1ee5ng ch\u1ed1ng oxy ho\u00e1 m\u1ea1nh, h\u1ed7 tr\u1ee3 tim m\u1ea1ch v\u00e0 ch\u1ed1ng vi\u00eam.<\/span><\/li>\n<\/ul>\n<h2 data-start=\"882\" data-end=\"922\"><span style=\"font-family: arial, helvetica, sans-serif;\">\u1ee8NG D\u1ee4NG KHOAI LANG T\u00cdM \u0110\u00d4NG L\u1ea0NH<\/span><\/h2>\n<ul>\n<li><span style=\"font-family: arial, helvetica, sans-serif;\"><span style=\"color: #000000;\"><strong data-start=\"924\" data-end=\"945\">\u00a0Ng\u00e0nh \u0111\u1ed3 u\u1ed1ng: <\/strong><\/span><span style=\"color: #000000;\">D\u00f9ng l\u00e0m nguy\u00ean li\u1ec7u cho s\u1eefa khoai lang t\u00edm, topping v\u00e0 c\u00e1c m\u00f3n pha ch\u1ebf hi\u1ec7n \u0111\u1ea1i.<\/span><\/span><\/li>\n<li><span style=\"font-family: arial, helvetica, sans-serif;\"><span style=\"color: #000000;\"><strong data-start=\"1062\" data-end=\"1088\">Th\u1ef1c ph\u1ea9m ch\u1ebf bi\u1ebfn: <\/strong><\/span><span style=\"color: #000000;\">\u1ee8ng d\u1ee5ng trong s\u1ea3n xu\u1ea5t kem \u2013 gelato, b\u00e1nh mochi, b\u00e1nh m\u00ec, b\u00e1nh ng\u1ecdt, nh\u00e2n b\u00e1nh, ch\u00e8, pudding, ch\u00e1o dinh d\u01b0\u1ee1ng, \u2026<\/span><\/span><\/li>\n<li><span style=\"font-family: arial, helvetica, sans-serif;\"><span style=\"color: #000000;\"><strong data-start=\"1217\" data-end=\"1252\">\u00a0Kh\u00e1ch s\u1ea1n \u2013 Nh\u00e0 h\u00e0ng \u2013 Caf\u00e9: <\/strong><\/span><span style=\"color: #000000;\">Ph\u1ee5c v\u1ee5 ch\u1ebf bi\u1ebfn m\u00f3n \u0103n (khoai h\u1ea5p, khoai chi\u00ean, salad), m\u00f3n tr\u00e1ng mi\u1ec7ng, \u0111\u1ed3 u\u1ed1ng m\u00e0u t\u00edm t\u1ef1 nhi\u00ean, \u0111\u1ea3m b\u1ea3o \u0111\u1ed3ng nh\u1ea5t v\u1ec1 m\u00e0u s\u1eafc &amp; ch\u1ea5t l\u01b0\u1ee3ng.<\/span><\/span><\/li>\n<li><span style=\"font-family: arial, helvetica, sans-serif;\"><span style=\"color: #000000;\"><strong data-start=\"1399\" data-end=\"1428\">OEM \u2013 Nh\u00e3n hi\u1ec7u ri\u00eang: <\/strong><\/span><span style=\"color: #000000;\">Cung c\u1ea5p c\u00e1c d\u1ea1ng IQF cho doanh nghi\u1ec7p l\u00e0m nh\u00e3n hi\u1ec7u ri\u00eang,\u00a0 \u0111\u00e1p \u1ee9ng y\u00eau c\u1ea7u v\u1ec1 ti\u00eau chu\u1ea9n, \u0111\u00f3ng g\u00f3i v\u00e0 xu\u1ea5t kh\u1ea9u<\/span><\/span><\/li>\n<\/ul>\n<h3><span style=\"color: #000000; font-family: arial, helvetica, sans-serif;\">TH\u00d4NG TIN LI\u00caN H\u1ec6:<\/span><\/h3>\n<p><span style=\"color: #000000; font-family: arial, helvetica, sans-serif;\">Email:\u00a0<span style=\"color: #1755ad;\"><a style=\"color: #1755ad;\" href=\"mailto:sales@hunghau.vn\">sales@hunghau.vn<\/a><\/span><\/span><br \/>\n<span style=\"color: #000000; font-family: arial, helvetica, sans-serif;\">Hotline: (+84)79 721 3333\u00a0<\/span><\/p>\n<p><span style=\"color: #000000; font-family: arial, helvetica, sans-serif;\"><span style=\"font-weight: 400;\">Email:\u00a0 <\/span><span style=\"font-weight: 400; color: #333399;\">Hana@hunghau.vn <\/span><span style=\"font-weight: 400;\"><br \/>\n<\/span><span style=\"font-weight: 400;\">Hotline: (+84)79 721 3333\u00a0<\/span><\/span><\/p>\n<p><span style=\"color: #000000; font-family: arial, helvetica, sans-serif;\">Email:\u00a0<span style=\"color: #1755ad;\"><a style=\"color: #1755ad;\" href=\"mailto:yenn@hunghau.vn\">yenn@hunghau.vn<\/a>\u00a0<\/span><\/span><br \/>\n<span style=\"color: #000000; font-family: arial, helvetica, sans-serif;\">Hotline: (+84)78 520 3333<\/span><\/p>\n<p><span style=\"font-weight: 400; color: #000000;\">LinkedIn<span style=\"color: #1755ad;\">:<\/span><\/span><span style=\"color: #1755ad;\"><a style=\"color: #1755ad;\" href=\"https:\/\/lnkd.in\/g_KkBKHf\"><span style=\"font-weight: 400;\"> https:\/\/lnkd.in\/g_KkBKHf<\/span><\/a><\/span><\/p>\n<p><span style=\"color: #000000; font-family: arial, helvetica, sans-serif;\"><b>C\u00f4ng ty C\u1ed5 ph\u1ea7n Th\u1ef1c ph\u1ea9m H\u00f9ng H\u1eadu (HungHau Foods)<\/b><\/span><\/p>\n<p><span style=\"font-family: arial, helvetica, sans-serif;\"><strong><span style=\"color: #000000;\">\u0110\u1ecba ch\u1ec9: 642 \u00c2u C\u01a1, Ph\u01b0\u1eddng B\u1ea3y Hi\u1ec1n, Th\u00e0nh Ph\u1ed1 H\u1ed3 Ch\u00ed Minh<\/span><\/strong><\/span><\/p>\n<p><span style=\"color: #000000; font-family: arial, helvetica, sans-serif;\"><b>Nh\u00e0 xu\u1ea5t kh\u1ea9u n\u00f4ng s\u1ea3n &#8211; Nh\u00e0 cung \u1ee9ng tr\u00e1i c\u00e2y &amp; rau c\u1ee7 \u0111\u00f4ng l\u1ea1nh t\u1ea1i Vi\u1ec7t Nam.<\/b><\/span><\/p>\n","protected":false},"excerpt":{"rendered":"<div>\n<table>\n<tbody>\n<tr>\n<td><span style=\"color: #1755ad;\"><strong>Lo\u1ea1i<\/strong><\/span><\/td>\n<td><span style=\"color: #000000;\">15-25mm, c\u1eaft dices, c\u1eaft kh\u00fac, c\u1eaft l\u00e1t,\u00a0 c\u1eaft random \u2026ho\u1eb7c theo y\u00eau c\u1ea7u kh\u00e1ch h\u00e0ng.<\/span><\/td>\n<\/tr>\n<tr>\n<td><span style=\"color: #1755ad;\"><strong>M\u00f9a v\u1ee5 ch\u00ednh<\/strong><\/span><\/td>\n<td><span style=\"color: #000000;\">Th\u00e1ng 2-3-4-5-6<\/span><\/td>\n<\/tr>\n<tr>\n<td><span style=\"color: #1755ad;\"><strong>Quy c\u00e1ch<\/strong><\/span><\/td>\n<td><span style=\"color: #000000;\">10kg\/t\u00fai ho\u1eb7c t\u00f9y theo y\u00eau c\u1ea7u kh\u00e1ch h\u00e0ng\u00a0<\/span><\/td>\n<\/tr>\n<tr>\n<td><span style=\"color: #1755ad;\"><strong>\u0110i\u1ec1u ki\u1ec7n<\/strong><\/span><\/td>\n<td><span style=\"color: #000000;\">-18 \u0111\u1ed9<\/span><\/td>\n<\/tr>\n<tr>\n<td><span style=\"color: #1755ad;\"><b>C\u00f4ng su\u1ea5t<\/b><\/span><\/td>\n<td><span style=\"color: #000000;\">500 t\u1ea5n h\u1eb1ng n\u0103m<\/span><\/td>\n<\/tr>\n<tr>\n<td><span style=\"color: #1755ad;\"><b>Th\u1eddi h\u1ea1n s\u1eed d\u1ee5ng<\/b><\/span><\/td>\n<td><span style=\"color: #000000;\">24 th\u00e1ng<\/span><\/td>\n<\/tr>\n<\/tbody>\n<\/table>\n<\/div>\n","protected":false},"featured_media":21795,"comment_status":"closed","ping_status":"closed","template":"","meta":[],"product_brand":[],"product_cat":[99],"product_tag":[],"class_list":{"0":"post-15739","1":"product","2":"type-product","3":"status-publish","4":"has-post-thumbnail","6":"product_cat-rau-cu-qua-dong-lanh","8":"first","9":"instock","10":"shipping-taxable","11":"product-type-simple"},"_links":{"self":[{"href":"https:\/\/hfoods.vn\/vi\/wp-json\/wp\/v2\/product\/15739","targetHints":{"allow":["GET"]}}],"collection":[{"href":"https:\/\/hfoods.vn\/vi\/wp-json\/wp\/v2\/product"}],"about":[{"href":"https:\/\/hfoods.vn\/vi\/wp-json\/wp\/v2\/types\/product"}],"replies":[{"embeddable":true,"href":"https:\/\/hfoods.vn\/vi\/wp-json\/wp\/v2\/comments?post=15739"}],"wp:featuredmedia":[{"embeddable":true,"href":"https:\/\/hfoods.vn\/vi\/wp-json\/wp\/v2\/media\/21795"}],"wp:attachment":[{"href":"https:\/\/hfoods.vn\/vi\/wp-json\/wp\/v2\/media?parent=15739"}],"wp:term":[{"taxonomy":"product_brand","embeddable":true,"href":"https:\/\/hfoods.vn\/vi\/wp-json\/wp\/v2\/product_brand?post=15739"},{"taxonomy":"product_cat","embeddable":true,"href":"https:\/\/hfoods.vn\/vi\/wp-json\/wp\/v2\/product_cat?post=15739"},{"taxonomy":"product_tag","embeddable":true,"href":"https:\/\/hfoods.vn\/vi\/wp-json\/wp\/v2\/product_tag?post=15739"}],"curies":[{"name":"wp","href":"https:\/\/api.w.org\/{rel}","templated":true}]}}