{"id":15798,"date":"2025-04-08T06:59:30","date_gmt":"2025-04-08T06:59:30","guid":{"rendered":"https:\/\/hfoods.vn\/?post_type=product&#038;p=15798"},"modified":"2026-04-01T16:58:56","modified_gmt":"2026-04-01T09:58:56","slug":"dua-hau-dong-lanh","status":"publish","type":"product","link":"https:\/\/hfoods.vn\/vi\/san-pham\/dua-hau-dong-lanh\/","title":{"rendered":"D\u01b0a H\u1ea5u \u0110\u00f4ng L\u1ea1nh"},"content":{"rendered":"<h2><span style=\"color: #000000;\">D\u01afA H\u1ea4U \u0110\u00d4NG L\u1ea0NH\u00a0<\/span><\/h2>\n<p><span style=\"font-weight: 400; color: #000000; font-family: arial, helvetica, sans-serif;\">D\u01b0a h\u1ea5u \u0111\u00f4ng l\u1ea1nh c\u1ee7a C\u00f4ng ty C\u1ed5 ph\u1ea7n Th\u1ef1c ph\u1ea9m H\u00f9ng H\u1eadu (HungHau Foods), \u0111\u01b0\u1ee3c tuy\u1ec3n ch\u1ecdn t\u1eeb nh\u1eefng tr\u00e1i d\u01b0a h\u1ea5u \u0111\u1ea1t chu\u1ea9n t\u1ea1i c\u00e1c v\u00f9ng tr\u1ed3ng thu\u1ed9c \u0110\u1ed3ng B\u1eb1ng S\u00f4ng C\u1eedu Long (Vi\u1ec7t Nam). S\u1ea3n ph\u1ea9m \u0111\u01b0\u1ee3c c\u1ea5p \u0111\u00f4ng b\u1eb1ng c\u00f4ng ngh\u1ec7 IQF hi\u1ec7n \u0111\u1ea1i, \u0111\u1ea3m b\u1ea3o gi\u1eef \u0111\u01b0\u1ee3c h\u01b0\u01a1ng v\u1ecb, m\u00e0u s\u1eafc v\u00e0 ch\u1ea5t l\u01b0\u1ee3ng t\u1ef1 nhi\u00ean.<\/span><\/p>\n<p><span style=\"font-weight: 400; color: #000000; font-family: arial, helvetica, sans-serif;\">HungHau Foods s\u1edf h\u1eefu n\u0103ng l\u1ef1c cung \u1ee9ng d\u01b0a h\u1ea5u l\u00ean \u0111\u1ebfn 1000 t\u1ea5n th\u00e0nh ph\u1ea9m m\u1ed7i n\u0103m. S\u1ea3n ph\u1ea9m &amp; nh\u00e0 m\u00e1y ch\u1ebf bi\u1ebfn c\u1ee7a HungHau Foods \u0111\u1ea1t c\u00e1c ch\u1ee9ng nh\u1eadn, ti\u00eau chu\u1ea9n qu\u1ed1c t\u1ebf, bao g\u1ed3m g\u1ed3m: BRCGS, HACCP, ISO 22000, FDA, KV, HALAL v\u00e0 SMETA.<\/span><\/p>\n<h2><span style=\"color: #000000;\">\u0110\u1eb6C \u0110I\u1ec2M N\u1ed4I B\u1eacT\u00a0<\/span><\/h2>\n<ul>\n<li><span style=\"font-weight: 400; color: #000000;\">Tr\u1ecdng l\u01b0\u1ee3ng: T\u1eeb 2.5kg \u20135kg\/tr\u00e1i<\/span><\/li>\n<li><span style=\"font-weight: 400; color: #000000;\">V\u1ecf qu\u1ea3: M\u00e0u xanh \u0111\u1eadm\u00a0<\/span><\/li>\n<li><span style=\"font-weight: 400; color: #000000;\">Th\u1ecbt qu\u1ea3: M\u00e0u \u0111\u1ecf<\/span><\/li>\n<li><span style=\"font-weight: 400; color: #000000;\">H\u01b0\u01a1ng v\u1ecb: V\u1ecb ng\u1ecdt m\u00e1t t\u1ef1 nhi\u00ean, th\u01a1m nh\u1eb9<\/span><\/li>\n<li aria-level=\"1\"><span style=\"color: #000000;\"><span style=\"font-weight: 400;\">C\u00f4ng ngh\u1ec7 c\u1ea5p \u0111\u00f4ng: <\/span><span style=\"font-weight: 400;\">\u0110\u01b0\u1ee3c x\u1eed l\u00fd theo c\u00f4ng ngh\u1ec7 IQF (Individual Quick Freezing) c\u1ea5p \u0111\u00f4ng nhanh t\u1eebng c\u00e1 th\u1ec3 s\u1ea3n ph\u1ea9m.<\/span><\/span><\/li>\n<li aria-level=\"1\"><span style=\"color: #000000;\">D\u1ea1ng cung c\u1ea5p:<span style=\"font-weight: 400;\"> c\u1eaft dices, c\u1eaft que,\u00a0 puree\u2026<\/span><\/span><\/li>\n<\/ul>\n<h2><span style=\"color: #000000;\">TH\u00d4NG TIN K\u1ef8 THU\u1eacT:<\/span><\/h2>\n<table>\n<tbody>\n<tr style=\"height: 21.3047px;\">\n<td style=\"height: 21.3047px;\"><span style=\"font-weight: 400; color: #000000;\">Lo\u1ea1i h\u00e0ng (Style)<\/span><\/td>\n<td style=\"height: 21.3047px;\"><span style=\"font-weight: 400; color: #000000;\">\u0110\u00f4ng L\u1ea1nh<\/span><\/td>\n<\/tr>\n<tr style=\"height: 21px;\">\n<td style=\"height: 21px;\"><span style=\"font-weight: 400; color: #000000;\">M\u00e0u s\u1eafc (Color)<\/span><\/td>\n<td style=\"height: 21px;\"><span style=\"font-weight: 400; color: #000000;\">\u0110\u1ecf<\/span><\/td>\n<\/tr>\n<tr style=\"height: 21px;\">\n<td style=\"height: 21px;\"><span style=\"font-weight: 400; color: #000000;\">K\u00edch th\u01b0\u1edbc (size)<\/span><\/td>\n<td style=\"height: 21px;\"><span style=\"font-weight: 400; color: #000000;\">c\u1eaft dices, puree, c\u1eaft que<\/span><\/td>\n<\/tr>\n<tr style=\"height: 21px;\">\n<td style=\"height: 21px;\"><span style=\"font-weight: 400; color: #000000;\">Qu\u00e1 tr\u00ecnh \u0111\u00f4ng l\u1ea1nh (Freezing Process):<\/span><\/td>\n<td style=\"height: 21px;\"><span style=\"font-weight: 400; color: #000000;\">S\u1eed d\u1ee5ng c\u00f4ng ngh\u1ec7 c\u1ea5p \u0111\u00f4ng nhanh IQF (Individual Quick Freezing) \u2013 c\u1ea5p \u0111\u00f4ng t\u1eebng c\u00e1 th\u1ec3.<\/span><\/td>\n<\/tr>\n<tr style=\"height: 21px;\">\n<td style=\"height: 21px;\"><span style=\"font-weight: 400; color: #000000;\">Tr\u1ecdng l\u01b0\u1ee3ng PA (Weight\/PA)<\/span><\/td>\n<td style=\"height: 21px;\"><span style=\"font-weight: 400; color: #000000;\">T\u00f9y theo y\u00eau c\u1ea7u kh\u00e1ch h\u00e0ng<\/span><\/td>\n<\/tr>\n<tr style=\"height: 21px;\">\n<td style=\"height: 21px;\"><span style=\"font-weight: 400; color: #000000;\">Tr\u1ecdng l\u01b0\u1ee3ng\/ctn (Weight\/ctn):<\/span><\/td>\n<td style=\"height: 21px;\"><span style=\"font-weight: 400; color: #000000;\">T\u00f9y theo y\u00eau c\u1ea7u kh\u00e1ch h\u00e0ng<\/span><\/td>\n<\/tr>\n<tr style=\"height: 21px;\">\n<td style=\"height: 21px;\"><span style=\"font-weight: 400; color: #000000;\">Nhi\u1ec7t \u0111\u1ed9 l\u01b0u tr\u1eef (Storage):<\/span><\/td>\n<td style=\"height: 21px;\"><span style=\"font-weight: 400; color: #000000;\">-18\u2103<\/span><\/td>\n<\/tr>\n<tr style=\"height: 21px;\">\n<td style=\"height: 21px;\"><span style=\"font-weight: 400; color: #000000;\">Ngu\u1ed3n g\u1ed1c (origin):\u00a0<\/span><\/td>\n<td style=\"height: 21px;\"><span style=\"font-weight: 400; color: #000000;\">Vi\u1ec7t Nam<\/span><\/td>\n<\/tr>\n<tr style=\"height: 21px;\">\n<td style=\"height: 21px;\"><span style=\"font-weight: 400; color: #000000;\">Ph\u01b0\u01a1ng th\u1ee9c v\u1eadn chuy\u1ec3n (Method of delivery)<\/span><\/td>\n<td style=\"height: 21px;\"><span style=\"font-weight: 400; color: #000000;\">\u0110\u01b0\u1eddng bi\u1ec3n ho\u1eb7c \u0111\u01b0\u1eddng h\u00e0ng kh\u00f4ng.\u00a0<\/span><\/td>\n<\/tr>\n<tr style=\"height: 21px;\">\n<td style=\"height: 21px;\"><span style=\"font-weight: 400; color: #000000;\">\u0110\u00f3ng g\u00f3i (packaging)<\/span><\/td>\n<td style=\"height: 21px;\"><span style=\"font-weight: 400; color: #000000;\">10kg \/ 1 t\u00fai ho\u1eb7c t\u00f9y theo y\u00eau c\u1ea7u kh\u00e1ch h\u00e0ng<\/span><\/td>\n<\/tr>\n<tr style=\"height: 21px;\">\n<td style=\"height: 21px;\"><span style=\"font-weight: 400; color: #000000;\">Theo m\u00f9a (season)<\/span><\/td>\n<td style=\"height: 21px;\"><span style=\"color: #000000;\">\u00a0Th\u00e1ng 12- th\u00e1ng 3<\/span><\/td>\n<\/tr>\n<tr style=\"height: 21px;\">\n<td style=\"height: 21px;\"><span style=\"font-weight: 400; color: #000000;\">H\u1ea1n s\u1eed d\u1ee5ng (Shelf life)<\/span><\/td>\n<td style=\"height: 21px;\"><span style=\"font-weight: 400; color: #000000;\">\u00a024 th\u00e1ng<\/span><\/td>\n<\/tr>\n<\/tbody>\n<\/table>\n<h2><span style=\"color: #000000;\">H\u00ccNH \u1ea2NH S\u1ea2N PH\u1ea8M<\/span><\/h2>\n<figure id=\"attachment_22337\" aria-describedby=\"caption-attachment-22337\" style=\"width: 1000px\" class=\"wp-caption aligncenter\"><img loading=\"lazy\" decoding=\"async\" class=\"size-full wp-image-22337\" src=\"https:\/\/hfoods.vn\/wp-content\/uploads\/2025\/04\/HHF_Hang-Dong_dua-hau-3.jpg\" alt=\"D\u01b0a h\u1ea5u \u0111\u00f4ng l\u1ea1nh c\u1eaft dices\" width=\"1000\" height=\"1000\" srcset=\"https:\/\/hfoods.vn\/wp-content\/uploads\/2025\/04\/HHF_Hang-Dong_dua-hau-3.jpg 1000w, https:\/\/hfoods.vn\/wp-content\/uploads\/2025\/04\/HHF_Hang-Dong_dua-hau-3-768x768.jpg 768w, https:\/\/hfoods.vn\/wp-content\/uploads\/2025\/04\/HHF_Hang-Dong_dua-hau-3-45x45.jpg 45w, https:\/\/hfoods.vn\/wp-content\/uploads\/2025\/04\/HHF_Hang-Dong_dua-hau-3-100x100.jpg 100w\" sizes=\"auto, (max-width: 1000px) 100vw, 1000px\" \/><figcaption id=\"caption-attachment-22337\" class=\"wp-caption-text\"><center>D\u01b0a h\u1ea5u \u0111\u00f4ng l\u1ea1nh c\u1eaft dices HungHau Foods<center><\/center><\/center><\/figcaption><\/figure>\n<figure id=\"attachment_22487\" aria-describedby=\"caption-attachment-22487\" style=\"width: 800px\" class=\"wp-caption aligncenter\"><img loading=\"lazy\" decoding=\"async\" class=\"size-full wp-image-22487\" src=\"https:\/\/hfoods.vn\/wp-content\/uploads\/2025\/04\/HungHau-Foods_Artboard-1-copy-2-3.jpg\" alt=\"D\u01b0a h\u1ea5u c\u1eaft que h\u00ecnh tam gi\u00e1c \u0111ong l\u1ea1nh Hunghau Foods\" width=\"800\" height=\"800\" srcset=\"https:\/\/hfoods.vn\/wp-content\/uploads\/2025\/04\/HungHau-Foods_Artboard-1-copy-2-3.jpg 800w, https:\/\/hfoods.vn\/wp-content\/uploads\/2025\/04\/HungHau-Foods_Artboard-1-copy-2-3-768x768.jpg 768w, https:\/\/hfoods.vn\/wp-content\/uploads\/2025\/04\/HungHau-Foods_Artboard-1-copy-2-3-45x45.jpg 45w, https:\/\/hfoods.vn\/wp-content\/uploads\/2025\/04\/HungHau-Foods_Artboard-1-copy-2-3-100x100.jpg 100w\" sizes=\"auto, (max-width: 800px) 100vw, 800px\" \/><figcaption id=\"caption-attachment-22487\" class=\"wp-caption-text\"><center>D\u01b0a h\u1ea5u c\u1eaft que h\u00ecnh tam gi\u00e1c \u0111ong l\u1ea1nh Hunghau Foods<center><\/center><\/center><\/figcaption><\/figure>\n<figure id=\"attachment_22489\" aria-describedby=\"caption-attachment-22489\" style=\"width: 1700px\" class=\"wp-caption aligncenter\"><img loading=\"lazy\" decoding=\"async\" class=\"size-full wp-image-22489\" src=\"https:\/\/hfoods.vn\/wp-content\/uploads\/2025\/04\/HungHau-Foods_Artboard-1-copy-5-1.jpg\" alt=\"D\u01b0a h\u1ea5u c\u1eaft que h\u00ecnh tr\u1ee5 \u0111ong l\u1ea1nh Hunghau Foods\" width=\"1700\" height=\"1700\" srcset=\"https:\/\/hfoods.vn\/wp-content\/uploads\/2025\/04\/HungHau-Foods_Artboard-1-copy-5-1.jpg 1700w, https:\/\/hfoods.vn\/wp-content\/uploads\/2025\/04\/HungHau-Foods_Artboard-1-copy-5-1-768x768.jpg 768w, https:\/\/hfoods.vn\/wp-content\/uploads\/2025\/04\/HungHau-Foods_Artboard-1-copy-5-1-1536x1536.jpg 1536w, https:\/\/hfoods.vn\/wp-content\/uploads\/2025\/04\/HungHau-Foods_Artboard-1-copy-5-1-45x45.jpg 45w, https:\/\/hfoods.vn\/wp-content\/uploads\/2025\/04\/HungHau-Foods_Artboard-1-copy-5-1-100x100.jpg 100w\" sizes=\"auto, (max-width: 1700px) 100vw, 1700px\" \/><figcaption id=\"caption-attachment-22489\" class=\"wp-caption-text\"><center>D\u01b0a h\u1ea5u c\u1eaft que h\u00ecnh tr\u1ee5 \u0111ong l\u1ea1nh Hunghau Foods<center><\/center><\/center><\/figcaption><\/figure>\n<h2 data-start=\"137\" data-end=\"183\">TH\u00c0NH PH\u1ea6N DINH D\u01af\u1ee0NG D\u01afA H\u1ea4U \u0110\u00d4NG L\u1ea0NH<\/h2>\n<ul>\n<li data-start=\"185\" data-end=\"377\"><span style=\"color: #000000;\"><strong data-start=\"185\" data-end=\"215\">N\u0103ng l\u01b0\u1ee3ng &amp; Carbohydrate: <\/strong>D\u01b0a h\u1ea5u ch\u1ee9a l\u01b0\u1ee3ng \u0111\u01b0\u1eddng t\u1ef1 nhi\u00ean v\u1eeba ph\u1ea3i (fructose, glucose), mang l\u1ea1i n\u0103ng l\u01b0\u1ee3ng nhanh nh\u01b0ng nh\u1eb9, ph\u00f9 h\u1ee3p cho c\u00e1c s\u1ea3n ph\u1ea9m \u0111\u1ed3 u\u1ed1ng v\u00e0 tr\u00e1ng mi\u1ec7ng l\u00e0nh m\u1ea1nh.<\/span><\/li>\n<li data-start=\"379\" data-end=\"528\"><span style=\"color: #000000;\"><strong data-start=\"379\" data-end=\"398\">N\u01b0\u1edbc &amp; Ch\u1ea5t x\u01a1: <\/strong>H\u00e0m l\u01b0\u1ee3ng n\u01b0\u1edbc cao gi\u00fap b\u1ed5 sung hydration t\u1ef1 nhi\u00ean, trong khi ch\u1ea5t x\u01a1 h\u1ed7 tr\u1ee3 ti\u00eau h\u00f3a v\u00e0 t\u1ea1o c\u1ea3m gi\u00e1c t\u01b0\u01a1i m\u00e1t khi th\u01b0\u1edfng th\u1ee9c.<\/span><\/li>\n<li data-start=\"530\" data-end=\"672\"><span style=\"color: #000000;\"><strong data-start=\"530\" data-end=\"542\">Vitamin: <\/strong>Gi\u00e0u carotenoids, vitamin C v\u00e0 m\u1ed9t s\u1ed1 vitamin nh\u00f3m B, gi\u00fap t\u0103ng c\u01b0\u1eddng h\u1ec7 mi\u1ec5n d\u1ecbch, h\u1ed7 tr\u1ee3 th\u1ecb l\u1ef1c v\u00e0 g\u00f3p ph\u1ea7n c\u1ea3i thi\u1ec7n s\u1ee9c kh\u1ecfe l\u00e0n da.<\/span><\/li>\n<li data-start=\"674\" data-end=\"852\"><span style=\"color: #000000;\"><strong data-start=\"674\" data-end=\"711\">Kho\u00e1ng ch\u1ea5t &amp; Ch\u1ea5t ch\u1ed1ng oxy h\u00f3a: <\/strong>Ch\u1ee9a kali, magie v\u00e0 \u0111\u1eb7c bi\u1ec7t l\u00e0 lycopene \u2013 m\u1ed9t ch\u1ea5t ch\u1ed1ng oxy h\u00f3a m\u1ea1nh gi\u00fap b\u1ea3o v\u1ec7 t\u1ebf b\u00e0o, h\u1ed7 tr\u1ee3 tim m\u1ea1ch v\u00e0 gi\u1ea3m t\u00e1c \u0111\u1ed9ng c\u1ee7a g\u1ed1c t\u1ef1 do.<\/span><\/li>\n<\/ul>\n<h2 data-start=\"859\" data-end=\"892\"><span style=\"color: #000000;\">\u1ee8NG D\u1ee4NG D\u01afA H\u1ea4U \u0110\u00d4NG L\u1ea0NH<\/span><\/h2>\n<ul>\n<li data-start=\"897\" data-end=\"1059\"><span style=\"color: #000000;\"><strong data-start=\"897\" data-end=\"915\">Ng\u00e0nh \u0111\u1ed3 u\u1ed1ng: <\/strong>D\u01b0a h\u1ea5u \u0111\u00f4ng l\u1ea1nh d\u00f9ng cho n\u01b0\u1edbc \u00e9p, sinh t\u1ed1, smoothies, tr\u00e0 tr\u00e1i c\u00e2y, \u0111\u1ed3 u\u1ed1ng mixology, gi\u00fap gi\u1eef m\u00e0u \u0111\u1ecf t\u1ef1 nhi\u00ean v\u00e0 v\u1ecb ng\u1ecdt m\u00e1t \u0111\u1eb7c tr\u01b0ng.<\/span><\/li>\n<li data-start=\"1064\" data-end=\"1246\"><span style=\"color: #000000;\"><strong data-start=\"1064\" data-end=\"1087\">Th\u1ef1c ph\u1ea9m ch\u1ebf bi\u1ebfn: <\/strong>D\u00f9ng trong s\u1ea3n xu\u1ea5t kem, sorbet, \u0111\u00e1 b\u00e0o, th\u1ea1ch, m\u1ee9t l\u1ea1nh, nh\u00e2n b\u00e1nh, n\u01b0\u1edbc s\u1ed1t tr\u00e1i c\u00e2y v\u00e0 c\u00e1c s\u1ea3n ph\u1ea9m tr\u00e1ng mi\u1ec7ng t\u1eeb d\u01b0a h\u1ea5u cho d\u00e2y chuy\u1ec1n c\u00f4ng nghi\u1ec7p.<\/span><\/li>\n<li data-start=\"1251\" data-end=\"1426\"><span style=\"color: #000000;\"><strong data-start=\"1251\" data-end=\"1292\">Kh\u00e1ch s\u1ea1n \u2013 Nh\u00e0 h\u00e0ng \u2013 Caf\u00e9 (HORECA): <\/strong>D\u01b0a h\u1ea5u IQF ho\u1eb7c puree ph\u00f9 h\u1ee3p ch\u1ebf bi\u1ebfn m\u00f3n tr\u00e1ng mi\u1ec7ng, topping, salad tr\u00e1i c\u00e2y, smoothie bowls ho\u1eb7c d\u00f9ng theo th\u1ef1c \u0111\u01a1n m\u00f9a h\u00e8.<\/span><\/li>\n<li data-start=\"1431\" data-end=\"1660\"><span style=\"color: #000000;\"><strong data-start=\"1431\" data-end=\"1457\">OEM \u2013 Nh\u00e3n hi\u1ec7u ri\u00eang: <\/strong>Cung c\u1ea5p c\u00e1c d\u1ea1ng c\u1ea5p \u0111\u00f4ng IQF ( c\u1eaft kh\u1ed1i, c\u1eaft que, puree&#8230;) cho doanh nghi\u1ec7p ph\u00e1t tri\u1ec3n s\u1ea3n ph\u1ea9m mang th\u01b0\u01a1ng hi\u1ec7u ri\u00eang (OEM\/Private Label), \u0111\u1ea3m b\u1ea3o ch\u1ea5t l\u01b0\u1ee3ng v\u00e0 ti\u00eau chu\u1ea9n xu\u1ea5t kh\u1ea9u.<\/span><\/li>\n<\/ul>\n<h3><span style=\"color: #000000; font-family: arial, helvetica, sans-serif;\">TH\u00d4NG TIN LI\u00caN H\u1ec6:<\/span><\/h3>\n<p><span style=\"color: #000000; font-family: arial, helvetica, sans-serif;\">Email:\u00a0<span style=\"color: #1755ad;\"><a style=\"color: #1755ad;\" href=\"mailto:sales@hunghau.vn\">sales@hunghau.vn<\/a><\/span><\/span><br \/>\n<span style=\"color: #000000; font-family: arial, helvetica, sans-serif;\">Hotline: (+84)79 721 3333\u00a0<\/span><\/p>\n<p><span style=\"color: #000000; font-family: arial, helvetica, sans-serif;\">Email:\u00a0 <span style=\"color: #1755ad;\"><a style=\"color: #1755ad;\" href=\"mailto:Anna@hunghau.vn\">Hana@hunghau.vn<\/a>\u00a0<\/span><\/span><br \/>\n<span style=\"color: #000000; font-family: arial, helvetica, sans-serif;\">Hotline: (+84)79 721 3333\u00a0<\/span><\/p>\n<p><span style=\"color: #000000; font-family: arial, helvetica, sans-serif;\">Email:\u00a0<span style=\"color: #1755ad;\"><a style=\"color: #1755ad;\" href=\"mailto:yenn@hunghau.vn\">yenn@hunghau.vn<\/a>\u00a0<\/span><\/span><br \/>\n<span style=\"color: #000000; font-family: arial, helvetica, sans-serif;\">Hotline: (+84)78 520 3333<\/span><\/p>\n<p><span style=\"font-weight: 400; color: #000000;\">LinkedIn<span style=\"color: #1755ad;\">:<\/span><\/span><span style=\"color: #1755ad;\"><a style=\"color: #1755ad;\" href=\"https:\/\/lnkd.in\/g_KkBKHf\"><span style=\"font-weight: 400;\"> https:\/\/lnkd.in\/g_KkBKHf<\/span><\/a><\/span><\/p>\n<p><span style=\"color: #000000; font-family: arial, helvetica, sans-serif;\"><b>C\u00f4ng ty C\u1ed5 ph\u1ea7n Th\u1ef1c ph\u1ea9m H\u00f9ng H\u1eadu (HungHau Foods)<\/b><\/span><\/p>\n<p><span style=\"font-family: arial, helvetica, sans-serif;\"><strong><span style=\"color: #000000;\">\u0110\u1ecba ch\u1ec9: 642 \u00c2u C\u01a1, Ph\u01b0\u1eddng B\u1ea3y Hi\u1ec1n, Th\u00e0nh Ph\u1ed1 H\u1ed3 Ch\u00ed Minh<\/span><\/strong><\/span><\/p>\n<p><span style=\"color: #000000; font-family: arial, helvetica, sans-serif;\"><b>Nh\u00e0 xu\u1ea5t kh\u1ea9u n\u00f4ng s\u1ea3n &#8211; Nh\u00e0 cung \u1ee9ng tr\u00e1i c\u00e2y &amp; rau c\u1ee7 \u0111\u00f4ng l\u1ea1nh t\u1ea1i Vi\u1ec7t Nam.<\/b><\/span><\/p>\n","protected":false},"excerpt":{"rendered":"<div>\n<table style=\"width: 406.401px;\">\n<tbody>\n<tr style=\"height: 21px;\">\n<td style=\"height: 21px; width: 128px;\"><span style=\"color: #1755ad;\"><strong>Lo\u1ea1i<\/strong><\/span><\/td>\n<td style=\"height: 21px; width: 265.401px;\"><span style=\"color: #000000;\">D\u01b0a h\u1ea5u c\u1eaft dices,c\u1eaft que\u2026ho\u1eb7c theo y\u00eau c\u1ea7u kh\u00e1ch h\u00e0ng.<\/span><\/td>\n<\/tr>\n<tr style=\"height: 21px;\">\n<td style=\"height: 21px; width: 128px;\"><span style=\"color: #1755ad;\"><strong>M\u00f9a v\u1ee5 ch\u00ednh<\/strong><\/span><\/td>\n<td style=\"height: 21px; width: 265.401px;\"><span style=\"color: #000000;\">Th\u00e1ng 12-01-02-03<\/span><\/td>\n<\/tr>\n<tr style=\"height: 21px;\">\n<td style=\"height: 21px; width: 128px;\"><span style=\"color: #1755ad;\"><strong>Quy c\u00e1ch<\/strong><\/span><\/td>\n<td style=\"height: 21px; width: 265.401px;\"><span style=\"color: #000000;\">10kg\/t\u00fai ho\u1eb7c theo y\u00eau c\u1ea7u kh\u00e1ch h\u00e0ng.<\/span><\/td>\n<\/tr>\n<tr style=\"height: 21px;\">\n<td style=\"height: 21px; width: 128px;\"><span style=\"color: #1755ad;\"><strong>\u0110i\u1ec1u ki\u1ec7n<\/strong><\/span><\/td>\n<td style=\"height: 21px; width: 265.401px;\"><span style=\"color: #000000;\">-18 \u0111\u1ed9<\/span><\/td>\n<\/tr>\n<tr style=\"height: 21.4962px;\">\n<td style=\"height: 21.4962px; width: 128px;\"><span style=\"color: #1755ad;\"><b>C\u00f4ng su\u1ea5t<\/b><\/span><\/td>\n<td style=\"height: 21.4962px; width: 265.401px;\"><span style=\"color: #000000;\">1000 t\u1ea5n h\u1eb1ng n\u0103m<\/span><\/td>\n<\/tr>\n<tr style=\"height: 21.4962px;\">\n<td style=\"height: 21.4962px; width: 128px;\"><span style=\"color: #1755ad;\"><b>Th\u1eddi h\u1ea1n s\u1eed d\u1ee5ng<\/b><\/span><\/td>\n<td style=\"height: 21.4962px; width: 265.401px;\"><span style=\"color: #000000;\">24 th\u00e1ng<\/span><\/td>\n<\/tr>\n<\/tbody>\n<\/table>\n<\/div>\n","protected":false},"featured_media":21701,"comment_status":"closed","ping_status":"closed","template":"","meta":[],"product_brand":[],"product_cat":[99],"product_tag":[],"class_list":{"0":"post-15798","1":"product","2":"type-product","3":"status-publish","4":"has-post-thumbnail","6":"product_cat-rau-cu-qua-dong-lanh","8":"first","9":"instock","10":"shipping-taxable","11":"product-type-simple"},"_links":{"self":[{"href":"https:\/\/hfoods.vn\/vi\/wp-json\/wp\/v2\/product\/15798","targetHints":{"allow":["GET"]}}],"collection":[{"href":"https:\/\/hfoods.vn\/vi\/wp-json\/wp\/v2\/product"}],"about":[{"href":"https:\/\/hfoods.vn\/vi\/wp-json\/wp\/v2\/types\/product"}],"replies":[{"embeddable":true,"href":"https:\/\/hfoods.vn\/vi\/wp-json\/wp\/v2\/comments?post=15798"}],"wp:featuredmedia":[{"embeddable":true,"href":"https:\/\/hfoods.vn\/vi\/wp-json\/wp\/v2\/media\/21701"}],"wp:attachment":[{"href":"https:\/\/hfoods.vn\/vi\/wp-json\/wp\/v2\/media?parent=15798"}],"wp:term":[{"taxonomy":"product_brand","embeddable":true,"href":"https:\/\/hfoods.vn\/vi\/wp-json\/wp\/v2\/product_brand?post=15798"},{"taxonomy":"product_cat","embeddable":true,"href":"https:\/\/hfoods.vn\/vi\/wp-json\/wp\/v2\/product_cat?post=15798"},{"taxonomy":"product_tag","embeddable":true,"href":"https:\/\/hfoods.vn\/vi\/wp-json\/wp\/v2\/product_tag?post=15798"}],"curies":[{"name":"wp","href":"https:\/\/api.w.org\/{rel}","templated":true}]}}