{"id":16265,"date":"2025-08-10T04:09:15","date_gmt":"2025-08-09T21:09:15","guid":{"rendered":"https:\/\/hfoods.vn\/vi\/?post_type=product&#038;p=16265"},"modified":"2026-04-09T10:47:35","modified_gmt":"2026-04-09T03:47:35","slug":"nui-dau-nanh-3","status":"publish","type":"product","link":"https:\/\/hfoods.vn\/vi\/san-pham\/nui-dau-nanh-3\/","title":{"rendered":"Nui \u0110\u1eadu N\u00e0nh Happy Noodles"},"content":{"rendered":"<h2 style=\"text-align: justify;\"><span style=\"color: #000000;\">M\u00d4 T\u1ea2 S\u1ea2N PH\u1ea8M <\/span><\/h2>\n<p style=\"text-align: justify;\"><span style=\"color: #000000;\">Nui \u0110\u1eadu N\u00e0nh Happy Noodles 400gr \u0111\u01b0\u1ee3c l\u00e0m t\u1eeb nguy\u00ean li\u1ec7u cao c\u1ea5p nh\u01b0 b\u1ed9t g\u1ea1o, b\u1ed9t n\u0103ng v\u00e0 b\u1ed9t \u0111\u1eadu n\u00e0nh, mang \u0111\u1ebfn h\u00ecnh d\u1ea1ng \u1ed1ng ng\u1eafn, m\u00e0u v\u00e0ng b\u1eaft m\u1eaft. S\u1ea3n ph\u1ea9m ph\u00f9 h\u1ee3p \u0111\u1ec3 ch\u1ebf bi\u1ebfn \u0111a d\u1ea1ng c\u00e1c m\u00f3n \u0103n kh\u00e1c nhau.<\/span><\/p>\n<p style=\"text-align: justify;\"><span style=\"color: #000000;\">Nui \u0111\u1eadu n\u00e0nh kh\u00f4ng ch\u1ec9 l\u00e0 l\u1ef1a ch\u1ecdn ti\u1ec7n l\u1ee3i, d\u1ec5 b\u1ea3o qu\u1ea3n v\u00e0 ch\u1ebf bi\u1ebfn nhanh ch\u00f3ng m\u00e0 c\u00f2n cung c\u1ea5p ngu\u1ed3n n\u0103ng l\u01b0\u1ee3ng d\u1ed3i d\u00e0o, gi\u00fap duy tr\u00ec s\u1ee9c b\u1ec1n cho m\u1ed9t ng\u00e0y d\u00e0i ho\u1ea1t \u0111\u1ed9ng. V\u1edbi th\u00e0nh ph\u1ea7n gi\u00e0u ch\u1ea5t x\u01a1, s\u1ea3n ph\u1ea9m h\u1ed7 tr\u1ee3 c\u1ea3i thi\u1ec7n h\u1ec7 ti\u00eau h\u00f3a, ki\u1ec3m so\u00e1t c\u00e2n n\u1eb7ng hi\u1ec7u qu\u1ea3 v\u00e0 mang l\u1ea1i c\u1ea3m gi\u00e1c no l\u00e2u. \u0110\u1eb7c bi\u1ec7t, \u0111\u1eadu n\u00e0nh c\u00f2n ch\u1ee9a nhi\u1ec1u vitamin v\u00e0 kho\u00e1ng ch\u1ea5t thi\u1ebft y\u1ebfu nh\u01b0 vitamin B, s\u1eaft v\u00e0 canxi, gi\u00fap t\u0103ng c\u01b0\u1eddng s\u1ee9c kh\u1ecfe tim m\u1ea1ch, h\u1ed7 tr\u1ee3 x\u01b0\u01a1ng kh\u1edbp ch\u1eafc kh\u1ecfe.<\/span><\/p>\n<h2 style=\"text-align: justify;\"><span style=\"color: #000000;\">TH\u00c0NH PH\u1ea6N <\/span><\/h2>\n<table>\n<tbody>\n<tr>\n<td width=\"135\"><strong><span style=\"color: #000000;\">Th\u00f4ng tin<\/span><\/strong><\/td>\n<td width=\"645\"><strong><span style=\"color: #000000;\">N\u1ed9i dung<\/span><\/strong><\/td>\n<\/tr>\n<tr>\n<td width=\"135\"><span style=\"color: #000000;\">Th\u00e0nh ph\u1ea7n<\/span><\/td>\n<td width=\"645\"><span style=\"color: #000000;\">B\u1ed9t g\u1ea1o 70%, b\u1ed9t khoai m\u00ec 19%, b\u1ed9t \u0111\u1eadu n\u00e0nh 9%, mu\u1ed1i, ch\u1ea5t b\u1ea3o qu\u1ea3n (E202), ch\u1ea5t \u1ed5n \u0111\u1ecbnh (E451(i)).<\/span><\/td>\n<\/tr>\n<tr>\n<td width=\"135\"><span style=\"color: #000000;\">\u0110\u1eb7c \u0111i\u1ec3m s\u1ee3i nui<\/span><\/td>\n<td width=\"645\"><span style=\"color: #000000;\">D\u1ea1ng \u1ed1ng, \u0111\u1ea7u c\u1eaft b\u1eb1ng, kh\u00f4ng n\u1ee9t, g\u00e3y.<\/span><\/p>\n<p>&nbsp;<\/td>\n<\/tr>\n<tr>\n<td width=\"135\"><span style=\"color: #000000;\">\u0110\u1ed9 d\u00e0i \u1ed1ng<\/span><\/td>\n<td width=\"645\"><span style=\"color: #000000;\">3.5cm \u00b1 0.5cm<\/span><\/td>\n<\/tr>\n<tr>\n<td width=\"135\"><span style=\"color: #000000;\">\u0110\u01b0\u1eddng k\u00ednh<\/span><\/td>\n<td width=\"645\"><span style=\"color: #000000;\">6.5mm \u00b1 0.2mm<\/span><\/td>\n<\/tr>\n<tr>\n<td width=\"135\"><span style=\"color: #000000;\">\u0110\u1ed9 d\u00e0y<\/span><\/td>\n<td width=\"645\"><span style=\"color: #000000;\">1.5 \u00b1 0.5mm<\/span><\/td>\n<\/tr>\n<tr>\n<td width=\"135\"><span style=\"color: #000000;\">M\u00e0u s\u1eafc<\/span><\/td>\n<td width=\"645\"><span style=\"color: #000000;\">M\u00e0u v\u00e0ng nh\u1ea1t t\u1ef1 nhi\u00ean c\u1ee7a \u0111\u1eadu n\u00e0nh<\/span><\/td>\n<\/tr>\n<\/tbody>\n<\/table>\n<h2 style=\"text-align: justify;\"><span style=\"color: #000000;\">L\u1ee2I \u00cdCH S\u1eec D\u1ee4NG<\/span><\/h2>\n<p style=\"text-align: justify;\"><span style=\"color: #000000;\">Nui \u0110\u1eadu N\u00e0nh Happy Noodles cung c\u1ea5p ngu\u1ed3n n\u0103ng l\u01b0\u1ee3ng c\u1ea7n thi\u1ebft cho c\u01a1 th\u1ec3 th\u00f4ng qua carbohydrate, ch\u1ea5t \u0111\u1ea1m, ch\u1ea5t b\u00e9o v\u00e0 c\u00e1c d\u01b0\u1ee1ng ch\u1ea5t quan tr\u1ecdng kh\u00e1c. Trung b\u00ecnh, m\u1ed7i 100g nui \u0111\u1eadu n\u00e0nh cung c\u1ea5p kho\u1ea3ng 365,2 kcal, ph\u00f9 h\u1ee3p v\u1edbi nhu c\u1ea7u n\u0103ng l\u01b0\u1ee3ng trong b\u1eefa \u0103n h\u1eb1ng ng\u00e0y.<\/span><\/p>\n<p style=\"text-align: justify;\"><span style=\"color: #000000;\">Nh\u1edd th\u00e0nh ph\u1ea7n \u0111\u1eadu n\u00e0nh t\u1ef1 nhi\u00ean, s\u1ea3n ph\u1ea9m l\u00e0 ngu\u1ed3n b\u1ed5 sung protein th\u1ef1c v\u1eadt ch\u1ea5t l\u01b0\u1ee3ng cao, g\u00f3p ph\u1ea7n h\u1ed7 tr\u1ee3 ch\u1ebf \u0111\u1ed9 dinh d\u01b0\u1ee1ng c\u00e2n \u0111\u1ed1i v\u00e0 t\u1ed1t cho s\u1ee9c kh\u1ecfe tim m\u1ea1ch. B\u00ean c\u1ea1nh \u0111\u00f3, h\u00e0m l\u01b0\u1ee3ng ch\u1ea5t x\u01a1 t\u1ef1 nhi\u00ean trong \u0111\u1eadu n\u00e0nh gi\u00fap h\u1ed7 tr\u1ee3 h\u1ec7 ti\u00eau h\u00f3a, \u0111\u1ed3ng th\u1eddi cung c\u1ea5p c\u00e1c vitamin v\u00e0 kho\u00e1ng ch\u1ea5t thi\u1ebft y\u1ebfu cho c\u01a1 th\u1ec3.<\/span><\/p>\n<p style=\"text-align: justify;\"><span style=\"color: #000000;\">V\u1edbi ngu\u1ed3n dinh d\u01b0\u1ee1ng t\u1eeb th\u1ef1c v\u1eadt, Nui \u0110\u1eadu N\u00e0nh Happy Noodles ph\u00f9 h\u1ee3p v\u1edbi \u0111a d\u1ea1ng ch\u1ebf \u0111\u1ed9 \u0103n u\u1ed1ng, t\u1eeb \u0103n chay, \u0103n m\u1eb7n \u0111\u1ebfn c\u00e1c th\u1ef1c \u0111\u01a1n h\u01b0\u1edbng \u0111\u1ebfn s\u1ee9c kh\u1ecfe, l\u00e0 l\u1ef1a ch\u1ecdn ti\u1ec7n l\u1ee3i cho c\u1ea3 gia \u0111\u00ecnh.<\/span><\/p>\n<h2 style=\"text-align: justify;\"><span style=\"color: #000000;\">H\u01af\u1edaNG D\u1eaaN S\u1eec D\u1ee4NG V\u00c0 B\u1ea2O QU\u1ea2N<\/span><\/h2>\n<p style=\"text-align: justify;\"><span style=\"color: #000000;\">Cho Nui \u0110\u1eadu N\u00e0nh Happy Noodles v\u00e0o n\u01b0\u1edbc s\u00f4i theo t\u1ef7 l\u1ec7 kho\u1ea3ng 100g nui cho 1 l\u00edt n\u01b0\u1edbc, th\u00eam m\u1ed9t \u00edt mu\u1ed1i \u0111\u1ec3 t\u0103ng h\u01b0\u01a1ng v\u1ecb. N\u1ea5u trong kho\u1ea3ng 20 ph\u00fat, th\u1ec9nh tho\u1ea3ng khu\u1ea5y nh\u1eb9 v\u00e0 ki\u1ec3m tra \u0111\u1ed9 ch\u00edn c\u1ee7a nui, tr\u00e1nh n\u1ea5u qu\u00e1 m\u1ec1m. Sau khi nui ch\u00edn, v\u1edbt ra v\u00e0 x\u1ea3 nhanh qua n\u01b0\u1edbc l\u1ea1nh \u0111\u1ec3 gi\u1eef \u0111\u1ed9 dai, \u0111\u1ec3 r\u00e1o n\u01b0\u1edbc r\u1ed3i tr\u1ed9n v\u1edbi m\u1ed9t l\u01b0\u1ee3ng nh\u1ecf d\u1ea7u \u0103n th\u1ef1c v\u1eadt nh\u1eb1m h\u1ea1n ch\u1ebf d\u00ednh s\u1ee3i.<\/span><\/p>\n<p style=\"text-align: justify;\"><span style=\"color: #000000;\">Nui \u0110\u1eadu N\u00e0nh Happy Noodles c\u00f3 th\u1ec3 \u0111\u01b0\u1ee3c ch\u1ebf bi\u1ebfn th\u00e0nh nhi\u1ec1u m\u00f3n \u0103n kh\u00e1c nhau nh\u01b0 nui n\u01b0\u1edbc, nui x\u00e0o, nui tr\u1ed9n ho\u1eb7c k\u1ebft h\u1ee3p c\u00f9ng rau c\u1ee7, th\u1ecbt, h\u1ea3i s\u1ea3n t\u00f9y kh\u1ea9u v\u1ecb.<\/span><\/p>\n<p style=\"text-align: justify;\"><span style=\"color: #000000;\">B\u1ea3o qu\u1ea3n s\u1ea3n ph\u1ea9m \u1edf n\u01a1i kh\u00f4 r\u00e1o, tho\u00e1ng m\u00e1t, tr\u00e1nh \u00e1nh n\u1eafng tr\u1ef1c ti\u1ebfp. Kh\u00f4ng s\u1eed d\u1ee5ng cho ng\u01b0\u1eddi d\u1ecb \u1ee9ng v\u1edbi th\u00e0nh ph\u1ea7n c\u1ee7a s\u1ea3n ph\u1ea9m.<\/span><\/p>\n<h2 style=\"text-align: justify;\"><span style=\"color: #000000;\">XU\u1ea4T X\u1ee8<\/span><\/h2>\n<p style=\"text-align: justify;\"><span style=\"color: #000000;\">Happy Noodles Happy Noodles l\u00e0 s\u1ea3n ph\u1ea9m c\u1ee7a C\u00f4ng ty C\u1ed5 ph\u1ea7n Th\u1ef1c ph\u1ea9m H\u00f9ng H\u1eadu (HungHau Foods). S\u1ea3n ph\u1ea9m \u0111\u01b0\u1ee3c s\u1ea3n xu\u1ea5t t\u1ea1i C\u00f4ng ty TNHH Nha M\u00e2n \u2013 nh\u00e0 m\u00e1y th\u1ef1c ph\u1ea9m hi\u1ec7n \u0111\u1ea1i v\u1edbi h\u1ec7 th\u1ed1ng qu\u1ea3n l\u00fd ch\u1ea5t l\u01b0\u1ee3ng v\u00e0 an to\u00e0n th\u1ef1c ph\u1ea9m nghi\u00eam ng\u1eb7t, \u0111\u00e1p \u1ee9ng y\u00eau c\u1ea7u s\u1ea3n xu\u1ea5t trong n\u01b0\u1edbc v\u00e0 xu\u1ea5t kh\u1ea9u. Nh\u00e0 m\u00e1y Nha M\u00e2n t\u1ef1 h\u00e0o s\u1edf h\u1eefu s\u1ea3n ph\u1ea9m \u0111\u1ea1t danh hi\u1ec7u Th\u01b0\u01a1ng hi\u1ec7u Qu\u1ed1c gia nhi\u1ec1u n\u0103m li\u00ean ti\u1ebfp.<\/span><\/p>\n<p style=\"text-align: justify;\"><span style=\"color: #000000;\">\u0110\u01b0\u1ee3c bi\u1ebft, HungHau Foods l\u00e0 doanh nghi\u1ec7p uy t\u00edn trong l\u0129nh v\u1ef1c s\u1ea3n xu\u1ea5t v\u00e0 ch\u1ebf bi\u1ebfn th\u1ef1c ph\u1ea9m t\u1ea1i Vi\u1ec7t Nam, h\u01b0\u1edbng \u0111\u1ebfn ti\u00eau chu\u1ea9n ch\u1ea5t l\u01b0\u1ee3ng cao v\u00e0 ph\u00e1t tri\u1ec3n b\u1ec1n v\u1eefng. HungHau Foods \u0111\u01b0\u1ee3c ghi nh\u1eadn danh hi\u1ec7u Doanh nghi\u1ec7p Xanh TP.HCM 2025, kh\u1eb3ng \u0111\u1ecbnh cam k\u1ebft v\u1ec1 ch\u1ea5t l\u01b0\u1ee3ng v\u00e0 tr\u00e1ch nhi\u1ec7m m\u00f4i tr\u01b0\u1eddng.<\/span><\/p>\n<ul style=\"text-align: justify;\">\n<li><span style=\"color: #000000;\">\u0110\u1ecba ch\u1ec9 nh\u00e0 m\u00e1y: Khu C, Khu C\u00f4ng nghi\u1ec7p Sa \u0110\u00e9c, ph\u01b0\u1eddng T\u00e2n Quy \u0110\u00f4ng, Th\u00e0nh ph\u1ed1 Sa \u0110\u00e9c, t\u1ec9nh \u0110\u1ed3ng Th\u00e1p, Vi\u1ec7t Nam.<\/span><\/li>\n<li><span style=\"color: #000000;\">Website: <a style=\"color: #000000;\" href=\"https:\/\/hfoods.vn\/vi\/\">https:\/\/hfoods.vn\/vi\/<\/a><\/span><\/li>\n<\/ul>\n<p><span style=\"color: #000000;\">Th\u00f4ng tin mua h\u00e0ng tr\u00ean k\u00eanh TM\u0110T:<\/span><br \/>\n<span style=\"color: #000000;\">Shopee:<\/span> <a href=\"https:\/\/bit.ly\/4tjpHNH\">https:\/\/byvn.net\/hCDi<\/a><\/p>\n","protected":false},"excerpt":{"rendered":"<table>\n<tbody>\n<tr>\n<td width=\"211\"><span style=\"color: #1755ad;\"><strong>Lo\u1ea1i<\/strong><\/span><\/td>\n<td width=\"314\"><span style=\"color: #000000;\">Nui \u0110\u1eadu N\u00e0nh Happy Noodles<\/span><\/td>\n<\/tr>\n<tr>\n<td width=\"211\"><span style=\"color: #1755ad;\"><strong>Tr\u1ecdng l\u01b0\u1ee3ng<\/strong><\/span><\/td>\n<td width=\"314\"><span style=\"color: #000000;\">400gr<\/span><\/td>\n<\/tr>\n<tr>\n<td width=\"211\"><span style=\"color: #1755ad;\"><strong>Th\u00e0nh ph\u1ea7n<\/strong><\/span><\/td>\n<td width=\"314\"><span style=\"color: #000000;\">B\u1ed9t g\u1ea1o 70%, b\u1ed9t khoai m\u00ec 19%, b\u1ed9t \u0111\u1eadu n\u00e0nh 9%, mu\u1ed1i, ch\u1ea5t b\u1ea3o qu\u1ea3n (E202), ch\u1ea5t \u1ed5n \u0111\u1ecbnh (E451(i)).<\/span><\/td>\n<\/tr>\n<tr>\n<td width=\"211\"><span style=\"color: #1755ad;\"><strong>D\u1ea1ng<\/strong><\/span><\/td>\n<td width=\"314\"><span style=\"color: #000000;\">D\u1ea1ng \u1ed1ng, \u0111\u1ea7u c\u1eaft b\u1eb1ng, kh\u00f4ng n\u1ee9t, g\u00e3y.<\/span><\/td>\n<\/tr>\n<tr>\n<td width=\"211\"><span style=\"color: #1755ad;\"><strong>Xu\u1ea5t x\u1ee9 <\/strong><\/span><\/td>\n<td width=\"314\"><span style=\"color: #000000;\">Vi\u1ec7t Nam<\/span><\/td>\n<\/tr>\n<\/tbody>\n<\/table>\n","protected":false},"featured_media":16262,"comment_status":"closed","ping_status":"closed","template":"","meta":[],"product_brand":[],"product_cat":[183,42],"product_tag":[],"class_list":{"0":"post-16265","1":"product","2":"type-product","3":"status-publish","4":"has-post-thumbnail","6":"product_cat-mi-nui","7":"product_cat-san-pham-khac","9":"first","10":"instock","11":"shipping-taxable","12":"product-type-simple"},"_links":{"self":[{"href":"https:\/\/hfoods.vn\/vi\/wp-json\/wp\/v2\/product\/16265","targetHints":{"allow":["GET"]}}],"collection":[{"href":"https:\/\/hfoods.vn\/vi\/wp-json\/wp\/v2\/product"}],"about":[{"href":"https:\/\/hfoods.vn\/vi\/wp-json\/wp\/v2\/types\/product"}],"replies":[{"embeddable":true,"href":"https:\/\/hfoods.vn\/vi\/wp-json\/wp\/v2\/comments?post=16265"}],"wp:featuredmedia":[{"embeddable":true,"href":"https:\/\/hfoods.vn\/vi\/wp-json\/wp\/v2\/media\/16262"}],"wp:attachment":[{"href":"https:\/\/hfoods.vn\/vi\/wp-json\/wp\/v2\/media?parent=16265"}],"wp:term":[{"taxonomy":"product_brand","embeddable":true,"href":"https:\/\/hfoods.vn\/vi\/wp-json\/wp\/v2\/product_brand?post=16265"},{"taxonomy":"product_cat","embeddable":true,"href":"https:\/\/hfoods.vn\/vi\/wp-json\/wp\/v2\/product_cat?post=16265"},{"taxonomy":"product_tag","embeddable":true,"href":"https:\/\/hfoods.vn\/vi\/wp-json\/wp\/v2\/product_tag?post=16265"}],"curies":[{"name":"wp","href":"https:\/\/api.w.org\/{rel}","templated":true}]}}