{"id":19304,"date":"2025-03-06T17:20:15","date_gmt":"2025-03-06T10:20:15","guid":{"rendered":"https:\/\/hfoods.vn\/?post_type=product&#038;p=19304"},"modified":"2026-04-02T17:57:27","modified_gmt":"2026-04-02T10:57:27","slug":"dau-bap-dong-lanh-2","status":"publish","type":"product","link":"https:\/\/hfoods.vn\/vi\/san-pham\/dau-bap-dong-lanh-2\/","title":{"rendered":"\u0110\u1eadu B\u1eafp \u0110\u00f4ng L\u1ea1nh"},"content":{"rendered":"<h2><span style=\"color: #000000; font-family: arial, helvetica, sans-serif;\">\u0110\u1eacU B\u1eaeP \u0110\u00d4NG L\u1ea0NH<\/span><\/h2>\n<p><span style=\"font-weight: 400; color: #000000; font-family: arial, helvetica, sans-serif;\">\u0110\u1eadu b\u1eafp \u0111\u00f4ng l\u1ea1nh c\u1ee7a C\u00f4ng ty C\u1ed5 ph\u1ea7n Th\u1ef1c ph\u1ea9m H\u00f9ng H\u1eadu (HungHau Foods), \u0111\u01b0\u1ee3c tuy\u1ec3n ch\u1ecdn t\u1eeb nh\u1eefng tr\u00e1i \u0111\u1eadu b\u1eafp \u0111\u1ea1t chu\u1ea9n t\u1ea1i c\u00e1c v\u00f9ng tr\u1ed3ng thu\u1ed9c \u0110\u1ed3ng B\u1eb1ng S\u00f4ng C\u1eedu Long (Vi\u1ec7t Nam). S\u1ea3n ph\u1ea9m \u0111\u01b0\u1ee3c c\u1ea5p \u0111\u00f4ng b\u1eb1ng c\u00f4ng ngh\u1ec7 IQF hi\u1ec7n \u0111\u1ea1i, \u0111\u1ea3m b\u1ea3o gi\u1eef \u0111\u01b0\u1ee3c h\u01b0\u01a1ng v\u1ecb, m\u00e0u s\u1eafc v\u00e0 ch\u1ea5t l\u01b0\u1ee3ng t\u1ef1 nhi\u00ean.<\/span><\/p>\n<p><span style=\"font-weight: 400; color: #000000; font-family: arial, helvetica, sans-serif;\">HungHau Foods s\u1edf h\u1eefu n\u0103ng l\u1ef1c cung \u1ee9ng \u0111\u1eadu b\u1eafp l\u00ean \u0111\u1ebfn 500 t\u1ea5n th\u00e0nh ph\u1ea9m m\u1ed7i n\u0103m. S\u1ea3n ph\u1ea9m &amp; nh\u00e0 m\u00e1y ch\u1ebf bi\u1ebfn c\u1ee7a HungHau Foods \u0111\u1ea1t c\u00e1c ch\u1ee9ng nh\u1eadn, ti\u00eau chu\u1ea9n qu\u1ed1c t\u1ebf, bao\u00a0 g\u1ed3m: BRCGS, HACCP, ISO 22000, FDA, KV, HALAL v\u00e0 SMETA.<\/span><\/p>\n<h2><span style=\"color: #000000; font-family: arial, helvetica, sans-serif;\">\u0110\u1eb6C \u0110I\u1ec2M N\u1ed4I B\u1eacT<\/span><\/h2>\n<ul>\n<li style=\"font-weight: 400;\" aria-level=\"1\"><span style=\"font-weight: 400; color: #000000; font-family: arial, helvetica, sans-serif;\"><strong>H\u00ecnh d\u00e1ng:<\/strong> \u0110\u1eadu b\u1eafp c\u00f3 h\u00ecnh d\u00e1ng d\u00e0i, thu\u00f4n, d\u1ea1ng nang, v\u1ecf ngo\u00e0i m\u00e0u xanh l\u1ee5c t\u01b0\u01a1i, b\u00ean trong ch\u1ee9a nhi\u1ec1u h\u1ea1t nh\u1ecf,.<\/span><\/li>\n<li style=\"font-weight: 400;\" aria-level=\"1\"><span style=\"font-weight: 400; color: #000000; font-family: arial, helvetica, sans-serif;\"><strong>H\u01b0\u01a1ng v\u1ecb:<\/strong> V\u1ecb ng\u1ecdt thanh.<\/span><\/li>\n<li style=\"font-weight: 400;\" aria-level=\"1\"><span style=\"font-weight: 400; color: #000000; font-family: arial, helvetica, sans-serif;\"><strong>C\u00f4ng ngh\u1ec7 c\u1ea5p \u0111\u00f4ng:<\/strong> S\u1ea3n xu\u1ea5t theo c\u00f4ng ngh\u1ec7 IQF \u2013 c\u1ea5p \u0111\u00f4ng nhanh t\u1eebng c\u00e1 th\u1ec3\u00a0<\/span><\/li>\n<li style=\"font-weight: 400;\" aria-level=\"1\"><span style=\"font-weight: 400; color: #000000; font-family: arial, helvetica, sans-serif;\"><strong>D\u1ea1ng cung c\u1ea5p:<\/strong> Nguy\u00ean tr\u00e1i, c\u1eaft kh\u00fac\u2026<\/span><\/li>\n<\/ul>\n<h2><span style=\"color: #000000; font-family: arial, helvetica, sans-serif;\">TH\u00d4NG TIN K\u1ef8 THU\u1eacT<\/span><\/h2>\n<table>\n<tbody>\n<tr>\n<td><span style=\"font-weight: 400; color: #000000; font-family: arial, helvetica, sans-serif;\">Lo\u1ea1i h\u00e0ng (Style)<\/span><\/td>\n<td><span style=\"font-weight: 400; color: #000000; font-family: arial, helvetica, sans-serif;\">\u0110\u00f4ng L\u1ea1nh<\/span><\/td>\n<\/tr>\n<tr>\n<td><span style=\"font-weight: 400; color: #000000; font-family: arial, helvetica, sans-serif;\">M\u00e0u s\u1eafc (Color)<\/span><\/td>\n<td><span style=\"font-weight: 400; color: #000000; font-family: arial, helvetica, sans-serif;\">Xanh l\u1ee5c<\/span><\/td>\n<\/tr>\n<tr>\n<td><span style=\"font-weight: 400; color: #000000; font-family: arial, helvetica, sans-serif;\">K\u00edch th\u01b0\u1edbc (size)<\/span><\/td>\n<td><span style=\"font-weight: 400; color: #000000; font-family: arial, helvetica, sans-serif;\">Nguy\u00ean tr\u00e1i, c\u1eaft kh\u00fac<\/span><\/td>\n<\/tr>\n<tr>\n<td><span style=\"font-weight: 400; color: #000000; font-family: arial, helvetica, sans-serif;\">Qu\u00e1 tr\u00ecnh \u0111\u00f4ng l\u1ea1nh (Freezing Process):<\/span><\/td>\n<td><span style=\"font-weight: 400; color: #000000; font-family: arial, helvetica, sans-serif;\">S\u1eed d\u1ee5ng c\u00f4ng ngh\u1ec7 c\u1ea5p \u0111\u00f4ng nhanh IQF (Individual Quick Freezing) \u2013 c\u1ea5p \u0111\u00f4ng t\u1eebng c\u00e1 th\u1ec3.<\/span><\/td>\n<\/tr>\n<tr>\n<td><span style=\"font-weight: 400; color: #000000; font-family: arial, helvetica, sans-serif;\">Tr\u1ecdng l\u01b0\u1ee3ng PA (Weight\/PA)<\/span><\/td>\n<td><span style=\"font-weight: 400; color: #000000; font-family: arial, helvetica, sans-serif;\">T\u00f9y theo y\u00eau c\u1ea7u kh\u00e1ch h\u00e0ng<\/span><\/td>\n<\/tr>\n<tr>\n<td><span style=\"font-weight: 400; color: #000000; font-family: arial, helvetica, sans-serif;\">Tr\u1ecdng l\u01b0\u1ee3ng\/ctn (Weight\/ctn):<\/span><\/td>\n<td><span style=\"font-weight: 400; color: #000000; font-family: arial, helvetica, sans-serif;\">T\u00f9y theo y\u00eau c\u1ea7u kh\u00e1ch h\u00e0ng<\/span><\/td>\n<\/tr>\n<tr>\n<td><span style=\"font-weight: 400; color: #000000; font-family: arial, helvetica, sans-serif;\">Nhi\u1ec7t \u0111\u1ed9 l\u01b0u tr\u1eef (Storage):<\/span><\/td>\n<td><span style=\"font-weight: 400; color: #000000; font-family: arial, helvetica, sans-serif;\">-18\u2103<\/span><\/td>\n<\/tr>\n<tr>\n<td><span style=\"font-weight: 400; color: #000000; font-family: arial, helvetica, sans-serif;\">Ngu\u1ed3n g\u1ed1c (origin):\u00a0<\/span><\/td>\n<td><span style=\"font-weight: 400; color: #000000; font-family: arial, helvetica, sans-serif;\">Vi\u1ec7t Nam<\/span><\/td>\n<\/tr>\n<tr>\n<td><span style=\"font-weight: 400; color: #000000; font-family: arial, helvetica, sans-serif;\">Ph\u01b0\u01a1ng th\u1ee9c v\u1eadn chuy\u1ec3n (Method of delivery)<\/span><\/td>\n<td><span style=\"font-weight: 400; color: #000000; font-family: arial, helvetica, sans-serif;\">\u0110\u01b0\u1eddng bi\u1ec3n ho\u1eb7c \u0111\u01b0\u1eddng h\u00e0ng kh\u00f4ng.\u00a0<\/span><\/td>\n<\/tr>\n<tr>\n<td><span style=\"font-weight: 400; color: #000000; font-family: arial, helvetica, sans-serif;\">\u0110\u00f3ng g\u00f3i (packaging)<\/span><\/td>\n<td><span style=\"font-weight: 400; color: #000000; font-family: arial, helvetica, sans-serif;\">10kg \/ 1 t\u00fai ho\u1eb7c t\u00f9y theo y\u00eau c\u1ea7u kh\u00e1ch h\u00e0ng<\/span><\/td>\n<\/tr>\n<tr>\n<td><span style=\"font-weight: 400; color: #000000; font-family: arial, helvetica, sans-serif;\">Theo m\u00f9a (season)<\/span><\/td>\n<td><span style=\"font-weight: 400; color: #000000; font-family: arial, helvetica, sans-serif;\">T\u1eeb th\u00e1ng 11 &#8211; th\u00e1ng 6<\/span><\/td>\n<\/tr>\n<tr>\n<td><span style=\"font-weight: 400; color: #000000; font-family: arial, helvetica, sans-serif;\">H\u1ea1n s\u1eed d\u1ee5ng (Shelf life)<\/span><\/td>\n<td><span style=\"font-weight: 400; color: #000000; font-family: arial, helvetica, sans-serif;\"> 24 th\u00e1ng<\/span><\/td>\n<\/tr>\n<\/tbody>\n<\/table>\n<div><\/div>\n<h2><span style=\"color: #000000; font-family: arial, helvetica, sans-serif;\">H\u00ccNH \u1ea2NH S\u1ea2N PH\u1ea8M<\/span><\/h2>\n<figure id=\"attachment_19313\" aria-describedby=\"caption-attachment-19313\" style=\"width: 2000px\" class=\"wp-caption alignnone\"><img loading=\"lazy\" decoding=\"async\" class=\"size-full wp-image-19313\" src=\"https:\/\/hfoods.vn\/wp-content\/uploads\/2025\/08\/HHF_Hang-Dong_dau-bap-dice-3-1-1-1.jpg\" alt=\"\u0110\u1eadu b\u1eafp c\u1eaft kh\u00fac \u0111\u00f4ng l\u1ea1nh \" width=\"2000\" height=\"2000\" \/><figcaption id=\"caption-attachment-19313\" class=\"wp-caption-text\"><center><span style=\"color: #000000; font-family: arial, helvetica, sans-serif;\">\u0110\u1eadu b\u1eafp c\u1eaft kh\u00fac \u0111\u00f4ng l\u1ea1nh HungHau Foods<\/span><center><\/center><\/center><\/figcaption><\/figure>\n<div class=\"table-wrapper\">\n<figure id=\"attachment_22476\" aria-describedby=\"caption-attachment-22476\" style=\"width: 1000px\" class=\"wp-caption aligncenter\"><img loading=\"lazy\" decoding=\"async\" class=\"size-full wp-image-22476\" src=\"https:\/\/hfoods.vn\/wp-content\/uploads\/2025\/03\/HHF_Hang-Dong_dau-bap.jpg\" alt=\"\u0110\u1eadu b\u1eafp nguy\u00ean tr\u00e1i \u0111\u00f4ng l\u1ea1nh HungHau Foods\" width=\"1000\" height=\"1000\" srcset=\"https:\/\/hfoods.vn\/wp-content\/uploads\/2025\/03\/HHF_Hang-Dong_dau-bap.jpg 1000w, https:\/\/hfoods.vn\/wp-content\/uploads\/2025\/03\/HHF_Hang-Dong_dau-bap-768x768.jpg 768w, https:\/\/hfoods.vn\/wp-content\/uploads\/2025\/03\/HHF_Hang-Dong_dau-bap-45x45.jpg 45w, https:\/\/hfoods.vn\/wp-content\/uploads\/2025\/03\/HHF_Hang-Dong_dau-bap-100x100.jpg 100w\" sizes=\"auto, (max-width: 1000px) 100vw, 1000px\" \/><figcaption id=\"caption-attachment-22476\" class=\"wp-caption-text\"><center><span style=\"color: #000000; font-family: arial, helvetica, sans-serif;\">\u0110\u1eadu b\u1eafp nguy\u00ean tr\u00e1i \u0111\u00f4ng l\u1ea1nh HungHau Foods<\/span><center><\/center><\/center><\/figcaption><\/figure>\n<\/div>\n<h2><span style=\"color: #000000; font-family: arial, helvetica, sans-serif;\">TH\u00d4NG TIN LI\u00caN H\u1ec6:<\/span><\/h2>\n<p><span style=\"color: #000000; font-family: arial, helvetica, sans-serif;\"><span style=\"font-weight: 400;\">Email: <\/span><span style=\"font-weight: 400; color: #333399;\">sales@hunghau.vn<\/span><span style=\"font-weight: 400;\"><br \/>\n<\/span><span style=\"font-weight: 400;\">Hotline: (+84)79 721 3333\u00a0<\/span><\/span><\/p>\n<p><span style=\"color: #000000; font-family: arial, helvetica, sans-serif;\"><span style=\"font-weight: 400;\">Email:\u00a0 <\/span><span style=\"font-weight: 400; color: #333399;\">Hanna@hunghau.vn <\/span><span style=\"font-weight: 400;\"><br \/>\n<\/span><span style=\"font-weight: 400;\">Hotline: (+84)79 721 3333\u00a0<\/span><\/span><\/p>\n<p><span style=\"color: #000000; font-family: arial, helvetica, sans-serif;\"><span style=\"font-weight: 400;\">Email: <\/span><span style=\"font-weight: 400; color: #333399;\">yenn@hunghau.vn <\/span><span style=\"font-weight: 400;\"><br \/>\n<\/span><span style=\"font-weight: 400;\">Hotline: (+84)78 520 3333<\/span><\/span><\/p>\n<p><span style=\"font-weight: 400; color: #000000;\">LinkedIn<span style=\"color: #1755ad;\">:<\/span><\/span><span style=\"color: #1755ad;\"><a style=\"color: #1755ad;\" href=\"https:\/\/lnkd.in\/g_KkBKHf\"><span style=\"font-weight: 400;\"> https:\/\/lnkd.in\/g_KkBKHf<\/span><\/a><\/span><\/p>\n<h2><span style=\"color: #000000; font-family: arial, helvetica, sans-serif;\">TH\u00c0NH PH\u1ea6N DINH D\u01af\u1ee0NG\u00a0<\/span><\/h2>\n<ul>\n<li style=\"font-weight: 400;\" aria-level=\"1\"><span style=\"font-weight: 400; color: #000000; font-family: arial, helvetica, sans-serif;\"><strong>N\u0103ng l\u01b0\u1ee3ng:<\/strong> Kho\u1ea3ng 30\u201335 kcal, ph\u00f9 h\u1ee3p cho ch\u1ebf \u0111\u1ed9 \u0103n l\u00e0nh m\u1ea1nh v\u00e0 ki\u1ec3m so\u00e1t c\u00e2n n\u1eb7ng.<\/span><\/li>\n<li style=\"font-weight: 400;\" aria-level=\"1\"><span style=\"font-weight: 400; color: #000000; font-family: arial, helvetica, sans-serif;\"><strong>Carbohydrate &amp; ch\u1ea5t x\u01a1:<\/strong> H\u1ed7 tr\u1ee3 ti\u00eau h\u00f3a, gi\u00fap \u1ed5n \u0111\u1ecbnh \u0111\u01b0\u1eddng huy\u1ebft v\u00e0 t\u1ea1o c\u1ea3m gi\u00e1c no.<\/span><\/li>\n<li style=\"font-weight: 400;\" aria-level=\"1\"><span style=\"font-weight: 400; color: #000000; font-family: arial, helvetica, sans-serif;\"><strong>Vitamin:<\/strong> Gi\u00e0u vitamin C, vitamin K, vitamin A v\u00e0 folate (B9), h\u1ed7 tr\u1ee3 mi\u1ec5n d\u1ecbch, \u0111\u00f4ng m\u00e1u, th\u1ecb l\u1ef1c v\u00e0 s\u1ee9c kh\u1ecfe t\u1ebf b\u00e0o.<\/span><\/li>\n<li style=\"font-weight: 400;\" aria-level=\"1\"><span style=\"font-weight: 400; color: #000000; font-family: arial, helvetica, sans-serif;\"><strong>Kho\u00e1ng ch\u1ea5t:<\/strong> Cung c\u1ea5p kali, magie, canxi, s\u1eaft, gi\u00fap h\u1ed7 tr\u1ee3 tim m\u1ea1ch, x\u01b0\u01a1ng kh\u1edbp v\u00e0 h\u1ec7 th\u1ea7n kinh.<\/span><\/li>\n<\/ul>\n<h2><span style=\"color: #000000; font-family: arial, helvetica, sans-serif;\">\u1ee8NG D\u1ee4NG\u00a0<\/span><\/h2>\n<ul>\n<li style=\"font-weight: 400;\" aria-level=\"1\"><span style=\"font-weight: 400; color: #000000; font-family: arial, helvetica, sans-serif;\"><strong>Ch\u1ebf bi\u1ebfn th\u1ef1c ph\u1ea9m:<\/strong> D\u00f9ng trong c\u00e1c m\u00f3n x\u00e0o, lu\u1ed9c, n\u1ea5u canh, h\u1ea5p, chi\u00ean, gi\u00fap t\u1ea1o \u0111\u1ed9 s\u00e1nh t\u1ef1 nhi\u00ean v\u00e0 b\u1ed5 sung ch\u1ea5t x\u01a1 cho m\u00f3n \u0103n.<\/span><\/li>\n<li style=\"font-weight: 400;\" aria-level=\"1\"><span style=\"font-weight: 400; color: #000000; font-family: arial, helvetica, sans-serif;\"><strong>Th\u1ef1c ph\u1ea9m ch\u1ebf bi\u1ebfn s\u1eb5n:<\/strong> \u1ee8ng d\u1ee5ng trong rau \u0111\u00f4ng l\u1ea1nh, m\u00f3n \u0103n ti\u1ec7n l\u1ee3i, s\u00fap, l\u1ea9u, \u0111\u1ea3m b\u1ea3o dinh d\u01b0\u1ee1ng v\u00e0 d\u1ec5 s\u1eed d\u1ee5ng.<\/span><\/li>\n<li style=\"font-weight: 400;\" aria-level=\"1\"><span style=\"font-weight: 400; color: #000000; font-family: arial, helvetica, sans-serif;\"><strong>Ng\u00e0nh nh\u00e0 h\u00e0ng &#8211; kh\u00e1ch s\u1ea1n:<\/strong> Ph\u00f9 h\u1ee3p cho nh\u00e0 h\u00e0ng, kh\u00e1ch s\u1ea1n, b\u1ebfp c\u00f4ng nghi\u1ec7p, gi\u00fap ti\u1ebft ki\u1ec7m th\u1eddi gian s\u01a1 ch\u1ebf v\u00e0 \u0111\u1ea3m b\u1ea3o ch\u1ea5t l\u01b0\u1ee3ng \u0111\u1ed3ng \u0111\u1ec1u.<\/span><\/li>\n<\/ul>\n<h3><span style=\"color: #000000; font-family: arial, helvetica, sans-serif;\">TH\u00d4NG TIN LI\u00caN H\u1ec6<\/span><\/h3>\n<p><span style=\"color: #000000; font-family: arial, helvetica, sans-serif;\"><span style=\"font-weight: 400;\">Email: <\/span><span style=\"font-weight: 400; color: #333399;\">sales@hunghau.vn<\/span><span style=\"font-weight: 400;\"><br \/>\n<\/span><span style=\"font-weight: 400;\">Hotline: (+84)79 721 3333\u00a0<\/span><\/span><\/p>\n<p><span style=\"color: #000000; font-family: arial, helvetica, sans-serif;\"><span style=\"font-weight: 400;\">Email: <\/span><span style=\"font-weight: 400; color: #333399;\">\u00a0Anna@hunghau.vn <\/span><span style=\"font-weight: 400;\"><br \/>\n<\/span><span style=\"font-weight: 400;\">Hotline: (+84)96 740 0333<\/span><\/span><\/p>\n<p><span style=\"color: #000000; font-family: arial, helvetica, sans-serif;\"><span style=\"font-weight: 400;\">Email: <\/span><span style=\"font-weight: 400; color: #333399;\">yenn@hunghau.vn <\/span><span style=\"font-weight: 400;\"><br \/>\n<\/span><span style=\"font-weight: 400;\">Hotline: (+84)78 520 3333<\/span><\/span><\/p>\n<p><span style=\"font-weight: 400; color: #000000;\">LinkedIn<span style=\"color: #1755ad;\">:<\/span><\/span><span style=\"color: #1755ad;\"><a style=\"color: #1755ad;\" href=\"https:\/\/lnkd.in\/g_KkBKHf\"><span style=\"font-weight: 400;\"> https:\/\/lnkd.in\/g_KkBKHf<\/span><\/a><\/span><\/p>\n<p><span style=\"color: #000000; font-family: arial, helvetica, sans-serif;\"><strong>C\u00f4ng ty C\u1ed5 ph\u1ea7n Th\u1ef1c ph\u1ea9m H\u00f9ng H\u1eadu (HungHau Foods)<\/strong><\/span><\/p>\n<p><span style=\"color: #000000; font-family: arial, helvetica, sans-serif;\"><strong>\u0110\u1ecba ch\u1ec9: 642 \u00c2u C\u01a1, Ph\u01b0\u1eddng B\u1ea3y Hi\u1ec1n, Th\u00e0nh Ph\u1ed1 H\u1ed3 Ch\u00ed Minh<\/strong><\/span><\/p>\n<p><span style=\"color: #000000; font-family: arial, helvetica, sans-serif;\"><strong>Nh\u00e0 xu\u1ea5t kh\u1ea9u n\u00f4ng s\u1ea3n \u2013 Nh\u00e0 cung \u1ee9ng tr\u00e1i c\u00e2y &amp; rau c\u1ee7 \u0111\u00f4ng l\u1ea1nh t\u1ea1i Vi\u1ec7t Nam.<\/strong><\/span><\/p>\n<p>&nbsp;<\/p>\n","protected":false},"excerpt":{"rendered":"<table style=\"width: 417.786px;\">\n<tbody>\n<tr>\n<td style=\"width: 123px;\"><span style=\"color: #1755ad;\"><strong>Lo\u1ea1i<\/strong><\/span><\/td>\n<td style=\"width: 280.786px;\"><span style=\"color: #000000;\">nguy\u00ean qu\u1ea3, c\u1eaft kh\u00fac\u2026ho\u1eb7c theo y\u00eau c\u1ea7u kh\u00e1ch h\u00e0ng.<\/span><\/td>\n<\/tr>\n<tr>\n<td style=\"width: 123px;\"><span style=\"color: #1755ad;\"><strong>M\u00f9a v\u1ee5 ch\u00ednh<\/strong><\/span><\/td>\n<td style=\"width: 280.786px;\"><span style=\"color: #000000;\">Th\u00e1ng 11-12-1-2-3-4-5-6<\/span><\/td>\n<\/tr>\n<tr>\n<td style=\"width: 123px;\"><span style=\"color: #1755ad;\"><strong>Quy c\u00e1ch<\/strong><\/span><\/td>\n<td style=\"width: 280.786px;\"><span style=\"color: #000000;\">10kg\/t\u00fai ho\u1eb7c theo y\u00eau c\u1ea7u kh\u00e1ch h\u00e0ng<\/span><\/td>\n<\/tr>\n<tr>\n<td style=\"width: 123px;\"><span style=\"color: #1755ad;\"><strong>\u0110i\u1ec1u ki\u1ec7n<\/strong><\/span><\/td>\n<td style=\"width: 280.786px;\"><span style=\"color: #000000;\">-18 \u0111\u1ed9<\/span><\/td>\n<\/tr>\n<tr>\n<td style=\"width: 123px;\"><span style=\"color: #1755ad;\"><b>C\u00f4ng su\u1ea5t<\/b><\/span><\/td>\n<td style=\"width: 280.786px;\"><span style=\"color: #000000;\">500 t\u1ea5n 1 n\u0103m<\/span><\/td>\n<\/tr>\n<tr>\n<td style=\"width: 123px;\"><span style=\"color: #1755ad;\"><b>Th\u1eddi h\u1ea1n s\u1eed d\u1ee5ng<\/b><\/span><\/td>\n<td style=\"width: 280.786px;\"><span style=\"color: #000000;\">24 th\u00e1ng<\/span><\/td>\n<\/tr>\n<\/tbody>\n<\/table>\n","protected":false},"featured_media":19313,"comment_status":"closed","ping_status":"closed","template":"","meta":[],"product_brand":[],"product_cat":[99],"product_tag":[],"class_list":{"0":"post-19304","1":"product","2":"type-product","3":"status-publish","4":"has-post-thumbnail","6":"product_cat-rau-cu-qua-dong-lanh","8":"first","9":"instock","10":"shipping-taxable","11":"product-type-simple"},"_links":{"self":[{"href":"https:\/\/hfoods.vn\/vi\/wp-json\/wp\/v2\/product\/19304","targetHints":{"allow":["GET"]}}],"collection":[{"href":"https:\/\/hfoods.vn\/vi\/wp-json\/wp\/v2\/product"}],"about":[{"href":"https:\/\/hfoods.vn\/vi\/wp-json\/wp\/v2\/types\/product"}],"replies":[{"embeddable":true,"href":"https:\/\/hfoods.vn\/vi\/wp-json\/wp\/v2\/comments?post=19304"}],"wp:featuredmedia":[{"embeddable":true,"href":"https:\/\/hfoods.vn\/vi\/wp-json\/wp\/v2\/media\/19313"}],"wp:attachment":[{"href":"https:\/\/hfoods.vn\/vi\/wp-json\/wp\/v2\/media?parent=19304"}],"wp:term":[{"taxonomy":"product_brand","embeddable":true,"href":"https:\/\/hfoods.vn\/vi\/wp-json\/wp\/v2\/product_brand?post=19304"},{"taxonomy":"product_cat","embeddable":true,"href":"https:\/\/hfoods.vn\/vi\/wp-json\/wp\/v2\/product_cat?post=19304"},{"taxonomy":"product_tag","embeddable":true,"href":"https:\/\/hfoods.vn\/vi\/wp-json\/wp\/v2\/product_tag?post=19304"}],"curies":[{"name":"wp","href":"https:\/\/api.w.org\/{rel}","templated":true}]}}