{"id":19315,"date":"2025-03-07T18:17:56","date_gmt":"2025-03-07T11:17:56","guid":{"rendered":"https:\/\/hfoods.vn\/?post_type=product&#038;p=19315"},"modified":"2025-10-31T19:20:09","modified_gmt":"2025-10-31T12:20:09","slug":"sa-dong-lanh","status":"publish","type":"product","link":"https:\/\/hfoods.vn\/vi\/san-pham\/sa-dong-lanh\/","title":{"rendered":"S\u1ea3 \u0110\u00f4ng L\u1ea1nh"},"content":{"rendered":"<p><span style=\"color: #000000;\"><strong data-start=\"137\" data-end=\"171\">S\u1ea3 \u0111\u00f4ng l\u1ea1nh c\u1ee7a HungHau Foods<\/strong> \u0111\u01b0\u1ee3c s\u1ea3n xu\u1ea5t t\u1eeb ngu\u1ed3n nguy\u00ean li\u1ec7u s\u1ea3 t\u01b0\u01a1i s\u1ea1ch, thu ho\u1ea1ch t\u1eeb c\u00e1c v\u00f9ng tr\u1ed3ng \u0111\u1ea1t chu\u1ea9n trong n\u01b0\u1edbc v\u1edbi kh\u1ea3 n\u0103ng truy xu\u1ea5t ngu\u1ed3n g\u1ed1c r\u00f5 r\u00e0ng v\u00e0 \u0111\u1ea7y \u0111\u1ee7 gi\u1ea5y ch\u1ee9ng nh\u1eadn xu\u1ea5t x\u1ee9. Nh\u1edd \u1ee9ng d\u1ee5ng c\u00f4ng ngh\u1ec7 c\u1ea5p \u0111\u00f4ng nhanh IQF ti\u00ean ti\u1ebfn, s\u1ea3n ph\u1ea9m gi\u1eef tr\u1ecdn h\u01b0\u01a1ng th\u01a1m, m\u00e0u s\u1eafc t\u1ef1 nhi\u00ean v\u00e0 gi\u00e1 tr\u1ecb dinh d\u01b0\u1ee1ng v\u1ed1n c\u00f3. HungHau Foods cam k\u1ebft kh\u00f4ng s\u1eed d\u1ee5ng h\u00f3a ch\u1ea5t hay ph\u1ee5 gia trong su\u1ed1t qu\u00e1 tr\u00ecnh ch\u1ebf bi\u1ebfn, \u0111\u1ea3m b\u1ea3o an to\u00e0n v\u1ec7 sinh th\u1ef1c ph\u1ea9m theo ti\u00eau chu\u1ea9n qu\u1ed1c t\u1ebf. Hi\u1ec7n nay, s\u1ea3 \u0111\u00f4ng l\u1ea1nh c\u1ee7a c\u00f4ng ty \u0111\u00e3 c\u00f3 m\u1eb7t t\u1ea1i nhi\u1ec1u th\u1ecb tr\u01b0\u1eddng kh\u00f3 t\u00ednh nh\u01b0 Nh\u1eadt B\u1ea3n, H\u00e0n Qu\u1ed1c, \u00dac v\u00e0 ch\u00e2u \u00c2u, v\u00e0 ng\u00e0y c\u00e0ng \u0111\u01b0\u1ee3c ng\u01b0\u1eddi ti\u00eau d\u00f9ng tin t\u01b0\u1edfng l\u1ef1a ch\u1ecdn.<\/span><\/p>\n<figure id=\"attachment_19316\" aria-describedby=\"caption-attachment-19316\" style=\"width: 2000px\" class=\"wp-caption alignnone\"><img loading=\"lazy\" decoding=\"async\" class=\"size-full wp-image-19316\" src=\"https:\/\/hfoods.vn\/wp-content\/uploads\/2025\/08\/HHF_Hang-Dong_1-sa-cay-1.jpg\" alt=\"S\u1ea3 c\u00e2y \u0111\u00f4ng l\u1ea1nh \" width=\"2000\" height=\"2000\" \/><figcaption id=\"caption-attachment-19316\" class=\"wp-caption-text\"><center><span style=\"color: #000000;\">S\u1ea3 c\u00e2y \u0111\u00f4ng l\u1ea1nh<\/span><center><\/center><\/center><\/figcaption><\/figure>\n<p><span style=\"color: #000000;\">S\u1ea3 l\u00e0 m\u1ed9t lo\u1ea1i th\u1ef1c ph\u1ea9m gi\u00e0u gi\u00e1 tr\u1ecb dinh d\u01b0\u1ee1ng, \u0111\u1eb7c bi\u1ec7t n\u1ed5i b\u1eadt v\u1edbi h\u00e0m l\u01b0\u1ee3ng tinh d\u1ea7u t\u1ef1 nhi\u00ean c\u00f3 \u0111\u1eb7c t\u00ednh kh\u00e1ng khu\u1ea9n v\u00e0 ch\u1ed1ng vi\u00eam cao, h\u1ed7 tr\u1ee3 h\u1ec7 ti\u00eau h\u00f3a v\u00e0 t\u0103ng c\u01b0\u1eddng \u0111\u1ec1 kh\u00e1ng. Ngo\u00e0i ra, s\u1ea3 c\u00f2n ch\u1ee9a ch\u1ea5t ch\u1ed1ng oxy h\u00f3a, c\u00e1c lo\u1ea1i vitamin nh\u01b0 vitamin A, C v\u00e0 kho\u00e1ng ch\u1ea5t nh\u01b0 kali, magie \u2013 \u0111\u00f3ng vai tr\u00f2 quan tr\u1ecdng trong vi\u1ec7c thanh l\u1ecdc c\u01a1 th\u1ec3, h\u1ed7 tr\u1ee3 tu\u1ea7n ho\u00e0n m\u00e1u v\u00e0 c\u1ea3i thi\u1ec7n ch\u1ee9c n\u0103ng th\u1ea7n kinh. Tuy kh\u00f4ng gi\u00e0u protein, nh\u01b0ng s\u1ea3 l\u00e0 m\u1ed9t nguy\u00ean li\u1ec7u th\u1ef1c v\u1eadt l\u00e0nh m\u1ea1nh, g\u00f3p ph\u1ea7n l\u00e0m phong ph\u00fa kh\u1ea9u ph\u1ea7n \u0103n h\u00e0ng ng\u00e0y v\u00e0 \u0111\u01b0\u1ee3c \u1ee9ng d\u1ee5ng r\u1ed9ng r\u00e3i trong \u1ea9m th\u1ef1c l\u1eabn y h\u1ecdc c\u1ed5 truy\u1ec1n.<\/span><\/p>\n<figure id=\"attachment_19318\" aria-describedby=\"caption-attachment-19318\" style=\"width: 2000px\" class=\"wp-caption alignnone\"><img loading=\"lazy\" decoding=\"async\" class=\"size-full wp-image-19318\" src=\"https:\/\/hfoods.vn\/wp-content\/uploads\/2025\/08\/HHF_Hang-Dong_2-sa-khuc-1.jpg\" alt=\"S\u1ea3 \u0111\u00f4ng l\u1ea1nh c\u1eaft kh\u00fac \" width=\"2000\" height=\"2000\" srcset=\"https:\/\/hfoods.vn\/wp-content\/uploads\/2025\/08\/HHF_Hang-Dong_2-sa-khuc-1.jpg 2000w, https:\/\/hfoods.vn\/wp-content\/uploads\/2025\/08\/HHF_Hang-Dong_2-sa-khuc-1-768x768.jpg 768w, https:\/\/hfoods.vn\/wp-content\/uploads\/2025\/08\/HHF_Hang-Dong_2-sa-khuc-1-1536x1536.jpg 1536w, https:\/\/hfoods.vn\/wp-content\/uploads\/2025\/08\/HHF_Hang-Dong_2-sa-khuc-1-45x45.jpg 45w, https:\/\/hfoods.vn\/wp-content\/uploads\/2025\/08\/HHF_Hang-Dong_2-sa-khuc-1-100x100.jpg 100w\" sizes=\"auto, (max-width: 2000px) 100vw, 2000px\" \/><figcaption id=\"caption-attachment-19318\" class=\"wp-caption-text\"><center><span style=\"color: #000000;\">S\u1ea3 \u0111\u00f4ng l\u1ea1nh c\u1eaft kh\u00fac<\/span><center><\/center><\/center><\/figcaption><\/figure>\n<figure id=\"attachment_19320\" aria-describedby=\"caption-attachment-19320\" style=\"width: 2000px\" class=\"wp-caption alignnone\"><img loading=\"lazy\" decoding=\"async\" class=\"wp-image-19320 size-full\" src=\"https:\/\/hfoods.vn\/wp-content\/uploads\/2025\/08\/HHF_Hang-Dong_3-sa-lat-1.jpg\" alt=\"S\u1ea3 \u0111\u00f4ng l\u1ea1nh c\u1eaft l\u00e1t\" width=\"2000\" height=\"2000\" \/><figcaption id=\"caption-attachment-19320\" class=\"wp-caption-text\"><center><span style=\"color: #000000;\">S\u1ea3 \u0111\u00f4ng l\u1ea1nh c\u1eaft l\u00e1t<\/span><center><\/center><\/center><\/figcaption><\/figure>\n<figure id=\"attachment_19322\" aria-describedby=\"caption-attachment-19322\" style=\"width: 2000px\" class=\"wp-caption alignnone\"><img loading=\"lazy\" decoding=\"async\" class=\"wp-image-19322 size-full\" src=\"https:\/\/hfoods.vn\/wp-content\/uploads\/2025\/08\/HHF_Hang-Dong_4-sa-bam-1.jpg\" alt=\"S\u1ea3 \u0111\u00f4ng l\u1ea1nh b\u0103m\" width=\"2000\" height=\"2000\" srcset=\"https:\/\/hfoods.vn\/wp-content\/uploads\/2025\/08\/HHF_Hang-Dong_4-sa-bam-1.jpg 2000w, https:\/\/hfoods.vn\/wp-content\/uploads\/2025\/08\/HHF_Hang-Dong_4-sa-bam-1-768x768.jpg 768w, https:\/\/hfoods.vn\/wp-content\/uploads\/2025\/08\/HHF_Hang-Dong_4-sa-bam-1-1536x1536.jpg 1536w, https:\/\/hfoods.vn\/wp-content\/uploads\/2025\/08\/HHF_Hang-Dong_4-sa-bam-1-45x45.jpg 45w, https:\/\/hfoods.vn\/wp-content\/uploads\/2025\/08\/HHF_Hang-Dong_4-sa-bam-1-100x100.jpg 100w\" sizes=\"auto, (max-width: 2000px) 100vw, 2000px\" \/><figcaption id=\"caption-attachment-19322\" class=\"wp-caption-text\"><center><span style=\"color: #000000;\">S\u1ea3 \u0111\u00f4ng l\u1ea1nh b\u0103m<\/span><center><\/center><\/center><\/figcaption><\/figure>\n<h2><span style=\"color: #000000;\">Th\u00e0nh ph\u1ea7n dinh d\u01b0\u1ee1ng c\u1ee7a s\u1ea3 \u0111\u00f4ng l\u1ea1nh<\/span><\/h2>\n<p><span style=\"color: #000000;\">S\u1ea3 \u0111\u00f4ng l\u1ea1nh kh\u00f4ng ch\u1ec9 ti\u1ec7n l\u1ee3i trong ch\u1ebf bi\u1ebfn m\u00e0 c\u00f2n gi\u1eef l\u1ea1i g\u1ea7n nh\u01b0 tr\u1ecdn v\u1eb9n th\u00e0nh ph\u1ea7n dinh d\u01b0\u1ee1ng v\u1ed1n c\u00f3 c\u1ee7a s\u1ea3 t\u01b0\u01a1i. Trong s\u1ea3 ch\u1ee9a nhi\u1ec1u h\u1ee3p ch\u1ea5t c\u00f3 l\u1ee3i nh\u01b0 citral \u2013 mang l\u1ea1i h\u01b0\u01a1ng th\u01a1m \u0111\u1eb7c tr\u01b0ng v\u00e0 kh\u1ea3 n\u0103ng kh\u00e1ng khu\u1ea9n t\u1ef1 nhi\u00ean. Ngo\u00e0i ra, s\u1ea3 c\u00f2n gi\u00e0u vitamin A, vitamin C, vitamin B1 (thiamin), B2 (riboflavin) v\u00e0 c\u00e1c kho\u00e1ng ch\u1ea5t nh\u01b0 s\u1eaft, kali, canxi, magi\u00ea. Nh\u1edd v\u00e0o qu\u00e1 tr\u00ecnh c\u1ea5p \u0111\u00f4ng nhanh sau thu ho\u1ea1ch, s\u1ea3 \u0111\u00f4ng l\u1ea1nh v\u1eabn b\u1ea3o to\u00e0n \u0111\u01b0\u1ee3c h\u01b0\u01a1ng v\u1ecb, m\u00e0u s\u1eafc v\u00e0 d\u01b0\u1ee1ng ch\u1ea5t, h\u1ed7 tr\u1ee3 ti\u00eau h\u00f3a, t\u0103ng c\u01b0\u1eddng mi\u1ec5n d\u1ecbch v\u00e0 gi\u00fap thanh l\u1ecdc c\u01a1 th\u1ec3 khi s\u1eed d\u1ee5ng th\u01b0\u1eddng xuy\u00ean trong c\u00e1c m\u00f3n \u0103n ho\u1eb7c pha tr\u00e0.<\/span><\/p>\n<h2><span style=\"color: #000000;\">L\u1ee3i \u00edch s\u1ee9c kh\u1ecfe t\u1eeb s\u1ea3<\/span><\/h2>\n<p><span style=\"color: #000000;\">S\u1ea3 kh\u00f4ng ch\u1ec9 l\u00e0 m\u1ed9t lo\u1ea1i gia v\u1ecb quen thu\u1ed9c trong \u1ea9m th\u1ef1c m\u00e0 c\u00f2n mang l\u1ea1i nhi\u1ec1u l\u1ee3i \u00edch cho s\u1ee9c kh\u1ecfe. Nh\u1edd ch\u1ee9a c\u00e1c h\u1ee3p ch\u1ea5t ch\u1ed1ng oxy h\u00f3a nh\u01b0 citral v\u00e0 geraniol, s\u1ea3 gi\u00fap kh\u00e1ng khu\u1ea9n, ch\u1ed1ng vi\u00eam v\u00e0 h\u1ed7 tr\u1ee3 ti\u00eau h\u00f3a. U\u1ed1ng n\u01b0\u1edbc s\u1ea3 ho\u1eb7c s\u1eed d\u1ee5ng s\u1ea3 trong ch\u1ebf bi\u1ebfn m\u00f3n \u0103n c\u00f3 th\u1ec3 gi\u00fap l\u00e0m d\u1ecbu d\u1ea1 d\u00e0y, gi\u1ea3m \u0111\u1ea7y h\u01a1i v\u00e0 h\u1ed7 tr\u1ee3 gi\u1ea3i \u0111\u1ed9c c\u01a1 th\u1ec3. Ngo\u00e0i ra, tinh d\u1ea7u s\u1ea3 c\u00f2n \u0111\u01b0\u1ee3c d\u00f9ng trong li\u1ec7u ph\u00e1p m\u00f9i h\u01b0\u01a1ng \u0111\u1ec3 gi\u1ea3m c\u0103ng th\u1eb3ng, c\u1ea3i thi\u1ec7n gi\u1ea5c ng\u1ee7 v\u00e0 t\u0103ng c\u01b0\u1eddng h\u1ec7 mi\u1ec5n d\u1ecbch.<\/span><\/p>\n<h3><span style=\"color: #000000;\">TH\u00d4NG TIN S\u1ea2N PH\u1ea8M<\/span><\/h3>\n<div class=\"table-wrapper\">\n<table>\n<tbody>\n<tr>\n<td><span style=\"color: #000000;\">Lo\u1ea1i h\u00e0ng (Style)<\/span><\/td>\n<td><span style=\"color: #000000;\">\u0110\u00f4ng L\u1ea1nh<\/span><\/td>\n<\/tr>\n<tr>\n<td><span style=\"color: #000000;\">M\u00e0u s\u1eafc (Color)<\/span><\/td>\n<td><span style=\"color: #000000;\">Tr\u1eafng xanh<\/span><\/td>\n<\/tr>\n<tr>\n<td><span style=\"color: #000000;\">K\u00edch th\u01b0\u1edbc (size)<\/span><\/td>\n<td><span style=\"color: #000000;\">T\u00f9y theo y\u00eau c\u1ea7u kh\u00e1ch h\u00e0ng<\/span><\/td>\n<\/tr>\n<tr>\n<td><span style=\"color: #000000;\">Qu\u00e1 tr\u00ecnh \u0111\u00f4ng l\u1ea1nh (Freezing Process):<\/span><\/td>\n<td><span style=\"color: #000000;\">\u0110\u00f4ng l\u1ea1nh<\/span><\/td>\n<\/tr>\n<tr>\n<td><span style=\"color: #000000;\">Tr\u1ecdng l\u01b0\u1ee3ng PA (Weight\/PA)<\/span><\/td>\n<td><span style=\"color: #000000;\">T\u00f9y theo y\u00eau c\u1ea7u kh\u00e1ch h\u00e0ng<\/span><\/td>\n<\/tr>\n<tr>\n<td><span style=\"color: #000000;\">Tr\u1ecdng l\u01b0\u1ee3ng\/ctn (Weight\/ctn):<\/span><\/td>\n<td><span style=\"color: #000000;\">T\u00f9y theo y\u00eau c\u1ea7u kh\u00e1ch h\u00e0ng<\/span><\/td>\n<\/tr>\n<tr>\n<td><span style=\"color: #000000;\">Nhi\u1ec7t \u0111\u1ed9 l\u01b0u tr\u1eef (Storage):<\/span><\/td>\n<td><span style=\"color: #000000;\">-18 \u0111\u1ed9 C<\/span><\/td>\n<\/tr>\n<tr>\n<td><span style=\"color: #000000;\">Ngu\u1ed3n g\u1ed1c (origin):<\/span><\/td>\n<td><span style=\"color: #000000;\">Viet Nam<\/span><\/td>\n<\/tr>\n<tr>\n<td><span style=\"color: #000000;\">Ph\u01b0\u01a1ng th\u1ee9c v\u1eadn chuy\u1ec3n (Method of delivery)<\/span><\/td>\n<td><span style=\"color: #000000;\">\u00a0\u0110\u01b0\u1eddng bi\u1ec3n ho\u1eb7c \u0111\u01b0\u1eddng t\u00e0u<\/span><\/td>\n<\/tr>\n<tr>\n<td><span style=\"color: #000000;\">\u0110\u00f3ng g\u00f3i (packaging)<\/span><\/td>\n<td><span style=\"color: #000000;\">Theo y\u00eau c\u1ea7u kh\u00e1ch h\u00e0ng<\/span><\/td>\n<\/tr>\n<tr>\n<td><span style=\"color: #000000;\">Theo m\u00f9a (season)<\/span><\/td>\n<td><span style=\"color: #000000;\">10-11-12-1-2-3-4-5-6<\/span><\/td>\n<\/tr>\n<\/tbody>\n<\/table>\n<\/div>\n","protected":false},"excerpt":{"rendered":"<table style=\"width: 403.776px;\">\n<tbody>\n<tr>\n<td style=\"width: 123px;\"><span style=\"color: #1755ad;\"><strong>Lo\u1ea1i<\/strong><\/span><\/td>\n<td style=\"width: 266.776px;\"><span style=\"color: #000000;\">nguy\u00ean qu\u1ea3, c\u1eaft kh\u00fac, c\u1eaft l\u00e1t, b\u0103m\u2026ho\u1eb7c theo y\u00eau c\u1ea7u kh\u00e1ch h\u00e0ng.<\/span><\/td>\n<\/tr>\n<tr>\n<td style=\"width: 123px;\"><span style=\"color: #1755ad;\"><strong>M\u00f9a v\u1ee5 ch\u00ednh<\/strong><\/span><\/td>\n<td style=\"width: 266.776px;\"><span style=\"color: #000000;\">Th\u00e1ng 11-12-1-2-3-4-5-6<\/span><\/td>\n<\/tr>\n<tr>\n<td style=\"width: 123px;\"><span style=\"color: #1755ad;\"><strong>Quy c\u00e1ch<\/strong><\/span><\/td>\n<td style=\"width: 266.776px;\"><span style=\"color: #000000;\">10kg 1 t\u00fai ho\u1eb7c t\u00f9y theo y\u00eau c\u1ea7u kh\u00e1ch h\u00e0ng<\/span><\/td>\n<\/tr>\n<tr>\n<td style=\"width: 123px;\"><span style=\"color: #1755ad;\"><strong>\u0110i\u1ec1u ki\u1ec7n<\/strong><\/span><\/td>\n<td style=\"width: 266.776px;\"><span style=\"color: #000000;\">-18 \u0111\u1ed9<\/span><\/td>\n<\/tr>\n<tr>\n<td style=\"width: 123px;\"><span style=\"color: #1755ad;\"><b>C\u00f4ng su\u1ea5t<\/b><\/span><\/td>\n<td style=\"width: 266.776px;\"><span style=\"color: #000000;\">500 t\u1ea5n 1 n\u0103m<\/span><\/td>\n<\/tr>\n<tr>\n<td style=\"width: 123px;\"><span style=\"color: #1755ad;\"><b>Th\u1eddi h\u1ea1n s\u1eed d\u1ee5ng<\/b><\/span><\/td>\n<td style=\"width: 266.776px;\"><span style=\"color: #000000;\">24 th\u00e1ng<\/span><\/td>\n<\/tr>\n<\/tbody>\n<\/table>\n","protected":false},"featured_media":19320,"comment_status":"closed","ping_status":"closed","template":"","meta":[],"product_brand":[],"product_cat":[16],"product_tag":[],"class_list":{"0":"post-19315","1":"product","2":"type-product","3":"status-publish","4":"has-post-thumbnail","6":"product_cat-uncategorized","8":"first","9":"instock","10":"shipping-taxable","11":"product-type-simple"},"_links":{"self":[{"href":"https:\/\/hfoods.vn\/vi\/wp-json\/wp\/v2\/product\/19315","targetHints":{"allow":["GET"]}}],"collection":[{"href":"https:\/\/hfoods.vn\/vi\/wp-json\/wp\/v2\/product"}],"about":[{"href":"https:\/\/hfoods.vn\/vi\/wp-json\/wp\/v2\/types\/product"}],"replies":[{"embeddable":true,"href":"https:\/\/hfoods.vn\/vi\/wp-json\/wp\/v2\/comments?post=19315"}],"wp:featuredmedia":[{"embeddable":true,"href":"https:\/\/hfoods.vn\/vi\/wp-json\/wp\/v2\/media\/19320"}],"wp:attachment":[{"href":"https:\/\/hfoods.vn\/vi\/wp-json\/wp\/v2\/media?parent=19315"}],"wp:term":[{"taxonomy":"product_brand","embeddable":true,"href":"https:\/\/hfoods.vn\/vi\/wp-json\/wp\/v2\/product_brand?post=19315"},{"taxonomy":"product_cat","embeddable":true,"href":"https:\/\/hfoods.vn\/vi\/wp-json\/wp\/v2\/product_cat?post=19315"},{"taxonomy":"product_tag","embeddable":true,"href":"https:\/\/hfoods.vn\/vi\/wp-json\/wp\/v2\/product_tag?post=19315"}],"curies":[{"name":"wp","href":"https:\/\/api.w.org\/{rel}","templated":true}]}}