{"id":19330,"date":"2025-08-07T18:29:19","date_gmt":"2025-08-07T11:29:19","guid":{"rendered":"https:\/\/hfoods.vn\/?post_type=product&#038;p=19330"},"modified":"2026-04-02T17:25:53","modified_gmt":"2026-04-02T10:25:53","slug":"puree-sau-rieng-dong-lanh","status":"publish","type":"product","link":"https:\/\/hfoods.vn\/vi\/san-pham\/puree-sau-rieng-dong-lanh\/","title":{"rendered":"Puree S\u1ea7u Ri\u00eang \u0110\u00f4ng L\u1ea1nh"},"content":{"rendered":"<h2><span style=\"color: #003300;\">PUREE S\u1ea6U RI\u00caNG \u0110\u00d4NG L\u1ea0NH\u00a0<\/span><\/h2>\n<p><span style=\"font-weight: 400; color: #003300;\">Puree s\u1ea7u ri\u00eang \u0111\u00f4ng l\u1ea1nh c\u1ee7a C\u00f4ng ty C\u1ed5 ph\u1ea7n Th\u1ef1c ph\u1ea9m H\u00f9ng H\u1eadu (HungHau Foods), \u0111\u01b0\u1ee3c tuy\u1ec3n ch\u1ecdn t\u1eeb nh\u1eefng tr\u00e1i s\u1ea7u ri\u00eang \u0111\u1ea1t chu\u1ea9n t\u1ea1i c\u00e1c v\u00f9ng tr\u1ed3ng thu\u1ed9c t\u1ec9nh \u0110\u1ed3ng B\u1eb1ng S\u00f4ng C\u1eedu Long v\u00e0 T\u00e2y Nguy\u00ean (Vi\u1ec7t Nam). S\u1ea3n ph\u1ea9m \u0111\u01b0\u1ee3c c\u1ea5p \u0111\u00f4ng b\u1eb1ng c\u00f4ng ngh\u1ec7 IQF hi\u1ec7n \u0111\u1ea1i, \u0111\u1ea3m b\u1ea3o gi\u1eef \u0111\u01b0\u1ee3c h\u01b0\u01a1ng v\u1ecb, m\u00e0u s\u1eafc v\u00e0 ch\u1ea5t l\u01b0\u1ee3ng t\u1ef1 nhi\u00ean.\u00a0<\/span><\/p>\n<p><span style=\"font-weight: 400; color: #003300;\">HungHau Foods s\u1edf h\u1eefu n\u0103ng l\u1ef1c cung \u1ee9ng c\u00e1c s\u1ea3n ph\u1ea9m t\u1eeb s\u1ea7u ri\u00eang \u0111\u00f4ng l\u1ea1nh l\u00ean \u0111\u1ebfn 4.000 t\u1ea5n th\u00e0nh ph\u1ea9m m\u1ed7i n\u0103m. S\u1ea3n ph\u1ea9m &amp; nh\u00e0 m\u00e1y ch\u1ebf bi\u1ebfn c\u1ee7a HungHau Foods \u0111\u1ea1t c\u00e1c ch\u1ee9ng nh\u1eadn, ti\u00eau chu\u1ea9n qu\u1ed1c t\u1ebf, bao g\u1ed3m g\u1ed3m: GACC, BRCGS, HACCP, ISO 22000, FDA, KV, HALAL v\u00e0 SMETA.<\/span><\/p>\n<h2><span style=\"color: #003300;\">\u0110\u1eb6C \u0110I\u1ec2M N\u1ed4I B\u1eacT<\/span><\/h2>\n<ul>\n<li style=\"font-weight: 400;\" aria-level=\"1\"><span style=\"font-weight: 400; color: #003300;\">M\u00f9i v\u1ecb: Gi\u1eef nguy\u00ean \u0111\u01b0\u1ee3c h\u01b0\u01a1ng v\u1ecb s\u1ea7u ri\u00eang t\u1ef1 nhi\u00ean, v\u1ecb ng\u1ecdt b\u00f9i, b\u00e9o, h\u1eadu v\u1ecb k\u00e9o d\u00e0i, m\u00f9i th\u01a1m n\u1ed3ng n\u00e0n.<\/span><\/li>\n<li style=\"font-weight: 400;\" aria-level=\"1\"><span style=\"font-weight: 400; color: #003300;\">M\u00e0u s\u1eafc: M\u00e0u v\u00e0ng t\u1eeb s\u1ea7u ri\u00eang t\u1ef1 nhi\u00ean<\/span><\/li>\n<li style=\"font-weight: 400;\" aria-level=\"1\"><span style=\"font-weight: 400; color: #003300;\">C\u00f4ng ngh\u1ec7 c\u1ea5p \u0111\u00f4ng: \u0110\u01b0\u1ee3c x\u1eed l\u00fd theo c\u00f4ng ngh\u1ec7 IQF (Individual Quick Freezing) c\u1ea5p \u0111\u00f4ng nhanh gi\u00fap gi\u1eef tr\u1ecdn h\u01b0\u01a1ng v\u1ecb, m\u00e0u s\u1eafc v\u00e0 k\u1ebft c\u1ea5u s\u00e1nh m\u1ecbn t\u1ef1 nhi\u00ean, kh\u00f4ng l\u1eabn t\u1ea1p ch\u1ea5t hay ch\u1ea5t b\u1ea3o qu\u1ea3n.<\/span><\/li>\n<li style=\"font-weight: 400;\" aria-level=\"1\"><span style=\"font-weight: 400; color: #003300;\">B\u1ea3o qu\u1ea3n: D\u1ec5 b\u1ea3o qu\u1ea3n v\u00e0 r\u00e3 \u0111\u00f4ng nhanh<\/span><\/li>\n<li style=\"font-weight: 400;\" aria-level=\"1\"><span style=\"font-weight: 400; color: #003300;\">D\u1ea1ng cung c\u1ea5p: puree s\u1ea7u ri\u00eang \u0111\u00f4ng l\u1ea1nh<\/span><\/li>\n<\/ul>\n<h2><span style=\"color: #003300;\">TH\u00d4NG TIN K\u1ef8 THU\u1eacT<\/span><\/h2>\n<table>\n<tbody>\n<tr>\n<td><span style=\"font-weight: 400; color: #003300;\">Lo\u1ea1i h\u00e0ng (Style)<\/span><\/td>\n<td><span style=\"font-weight: 400; color: #003300;\">Puree S\u1ea7u ri\u00eang \u0111\u00f4ng l\u1ea1nh\u00a0<\/span><\/td>\n<\/tr>\n<tr>\n<td><span style=\"font-weight: 400; color: #003300;\">Ph\u00e2n lo\u1ea1i<\/span><\/td>\n<td><span style=\"font-weight: 400; color: #003300;\">\u00a0S\u1ea7u ri\u00eang Ri 6 ho\u1eb7c s\u1ea7u ri\u00eang Monthong (t\u00f9y theo y\u00eau c\u1ea7u kh\u00e1ch h\u00e0ng)<\/span><\/td>\n<\/tr>\n<tr>\n<td><span style=\"font-weight: 400; color: #003300;\">M\u00e0u s\u1eafc (Color)<\/span><\/td>\n<td><span style=\"font-weight: 400; color: #003300;\">V\u00e0ng<\/span><\/td>\n<\/tr>\n<tr>\n<td><span style=\"font-weight: 400; color: #003300;\">Qu\u00e1 tr\u00ecnh \u0111\u00f4ng l\u1ea1nh (Freezing Process):<\/span><\/td>\n<td><span style=\"font-weight: 400; color: #003300;\">S\u1eed d\u1ee5ng c\u00f4ng ngh\u1ec7 c\u1ea5p \u0111\u00f4ng nhanh IQF (Individual Quick Freezing) \u2013 c\u1ea5p \u0111\u00f4ng t\u1eebng c\u00e1 th\u1ec3.<\/span><\/td>\n<\/tr>\n<tr>\n<td><span style=\"font-weight: 400; color: #003300;\">Tr\u1ecdng l\u01b0\u1ee3ng PA (Weight\/PA)<\/span><\/td>\n<td><span style=\"font-weight: 400; color: #003300;\">T\u00f9y theo y\u00eau c\u1ea7u kh\u00e1ch h\u00e0ng<\/span><\/td>\n<\/tr>\n<tr>\n<td><span style=\"font-weight: 400; color: #003300;\">Tr\u1ecdng l\u01b0\u1ee3ng\/ctn (Weight\/ctn):<\/span><\/td>\n<td><span style=\"font-weight: 400; color: #003300;\">T\u00f9y theo y\u00eau c\u1ea7u kh\u00e1ch h\u00e0ng<\/span><\/td>\n<\/tr>\n<tr>\n<td><span style=\"font-weight: 400; color: #003300;\">Nhi\u1ec7t \u0111\u1ed9 l\u01b0u tr\u1eef (Storage):<\/span><\/td>\n<td><span style=\"font-weight: 400; color: #003300;\">-18\u2103<\/span><\/td>\n<\/tr>\n<tr>\n<td><span style=\"font-weight: 400; color: #003300;\">Ngu\u1ed3n g\u1ed1c (origin):\u00a0<\/span><\/td>\n<td><span style=\"font-weight: 400; color: #003300;\">Vi\u1ec7t Nam<\/span><\/td>\n<\/tr>\n<tr>\n<td><span style=\"font-weight: 400; color: #003300;\">Ph\u01b0\u01a1ng th\u1ee9c v\u1eadn chuy\u1ec3n (Method of delivery)<\/span><\/td>\n<td><span style=\"font-weight: 400; color: #003300;\">\u0110\u01b0\u1eddng bi\u1ec3n ho\u1eb7c \u0111\u01b0\u1eddng h\u00e0ng kh\u00f4ng.\u00a0<\/span><\/td>\n<\/tr>\n<tr>\n<td><span style=\"font-weight: 400; color: #003300;\">\u0110\u00f3ng g\u00f3i (packaging)<\/span><\/td>\n<td><span style=\"font-weight: 400; color: #003300;\">T\u00fai PE\/PA\u00a0 ho\u1eb7c bao b\u00ec theo y\u00eau c\u1ea7u (th\u01b0\u1eddng 1kg, 5kg, 10kg\u2026)<\/span><\/td>\n<\/tr>\n<tr>\n<td><span style=\"font-weight: 400; color: #003300;\">Theo m\u00f9a (season)<\/span><\/td>\n<td><span style=\"font-weight: 400; color: #003300;\">Quanh n\u0103m<\/span><\/td>\n<\/tr>\n<tr>\n<td><span style=\"font-weight: 400; color: #003300;\">H\u1ea1n s\u1eed d\u1ee5ng (Shelf life)<\/span><\/td>\n<td><span style=\"font-weight: 400; color: #003300;\">24 th\u00e1ng<\/span><\/td>\n<\/tr>\n<\/tbody>\n<\/table>\n<div><\/div>\n<h2><span style=\"color: #003300;\">TH\u00d4NG TIN LI\u00caN H\u1ec6\u00a0<\/span><\/h2>\n<div>\n<p><span style=\"color: #000000; font-family: arial, helvetica, sans-serif;\">Email:\u00a0<span style=\"color: #1755ad;\"><a style=\"color: #1755ad;\" href=\"mailto:sales@hunghau.vn\">sales@hunghau.vn<\/a><\/span><\/span><br \/>\n<span style=\"color: #000000; font-family: arial, helvetica, sans-serif;\">Hotline: (+84)79 721 3333\u00a0<\/span><\/p>\n<p><span style=\"color: #000000;\">Email: <span style=\"color: #1755ad;\">Hana@hunghau.vn<\/span><br \/>\nHotline: (+84)79 721 3333<\/span><\/p>\n<p><span style=\"color: #000000; font-family: arial, helvetica, sans-serif;\">Email:\u00a0<span style=\"color: #1755ad;\"><a style=\"color: #1755ad;\" href=\"mailto:yenn@hunghau.vn\">yenn@hunghau.vn<\/a>\u00a0<\/span><\/span><br \/>\n<span style=\"color: #000000; font-family: arial, helvetica, sans-serif;\">Hotline: (+84)78 520 3333<\/span><\/p>\n<\/div>\n<h2><span style=\"color: #003300;\">H\u00ccNH \u1ea2NH S\u1ea2N PH\u1ea8M<\/span><\/h2>\n<figure id=\"attachment_19331\" aria-describedby=\"caption-attachment-19331\" style=\"width: 1000px\" class=\"wp-caption alignnone\"><img loading=\"lazy\" decoding=\"async\" class=\"size-full wp-image-19331\" src=\"https:\/\/hfoods.vn\/wp-content\/uploads\/2025\/08\/Hung-Hau-Foods_Puree_Durian.jpg\" alt=\"Puree s\u1ea7u ri\u00eang\" width=\"1000\" height=\"1000\" \/><figcaption id=\"caption-attachment-19331\" class=\"wp-caption-text\"><center><span style=\"color: #003300;\">Puree s\u1ea7u ri\u00eang \u0111\u00f4ng l\u1ea1nh HungHau Foods<\/span><center><\/center><\/center><\/figcaption><\/figure>\n<h3><span style=\"color: #003300;\">TH\u00c0NH PH\u1ea6N DINH D\u01af\u1ee0NG\u00a0<\/span><\/h3>\n<ul>\n<li><span style=\"color: #003300;\"><b>N\u0103ng l\u01b0\u1ee3ng:<\/b><span style=\"font-weight: 400;\"> S\u1ea7u ri\u00eang c\u00f3 h\u00e0m l\u01b0\u1ee3ng calo cao, gi\u00fap b\u1ed5 sung n\u0103ng l\u01b0\u1ee3ng nhanh cho c\u01a1 th\u1ec3, ph\u00f9 h\u1ee3p v\u1edbi ng\u01b0\u1eddi v\u1eadn \u0111\u1ed9ng nhi\u1ec1u ho\u1eb7c c\u1ea7n n\u1ea1p n\u0103ng l\u01b0\u1ee3ng t\u1ee9c th\u00ec.<\/span><\/span><\/li>\n<li><span style=\"color: #003300;\"><b>Carbohydrate:<\/b><span style=\"font-weight: 400;\"> Ch\u1ee9a c\u00e1c lo\u1ea1i \u0111\u01b0\u1eddng t\u1ef1 nhi\u00ean nh\u01b0 fructose, glucose v\u00e0 sucrose, d\u1ec5 h\u1ea5p th\u1ee5 v\u00e0 l\u00e0 ngu\u1ed3n n\u0103ng l\u01b0\u1ee3ng ch\u00ednh cho n\u00e3o b\u1ed9 v\u00e0 c\u01a1 b\u1eafp.<\/span><\/span><\/li>\n<li><span style=\"color: #003300;\"><b>Ch\u1ea5t x\u01a1:<\/b><span style=\"font-weight: 400;\"> H\u00e0m l\u01b0\u1ee3ng ch\u1ea5t x\u01a1 d\u1ed3i d\u00e0o h\u1ed7 tr\u1ee3 h\u1ec7 ti\u00eau h\u00f3a kh\u1ecfe m\u1ea1nh, h\u1ea1n ch\u1ebf t\u00e1o b\u00f3n, t\u1ea1o c\u1ea3m gi\u00e1c no l\u00e2u v\u00e0 g\u00f3p ph\u1ea7n ki\u1ec3m so\u00e1t c\u00e2n n\u1eb7ng.<\/span><\/span><\/li>\n<li><span style=\"color: #003300;\"><b>Vitamin C:<\/b><span style=\"font-weight: 400;\"> L\u00e0 ch\u1ea5t ch\u1ed1ng oxy h\u00f3a m\u1ea1nh, gi\u00fap t\u0103ng c\u01b0\u1eddng mi\u1ec5n d\u1ecbch, b\u1ea3o v\u1ec7 c\u01a1 th\u1ec3 kh\u1ecfi g\u1ed1c t\u1ef1 do v\u00e0 h\u1ed7 tr\u1ee3 s\u1ea3n xu\u1ea5t collagen cho l\u00e0n da kh\u1ecfe m\u1ea1nh..<\/span><\/span><\/li>\n<\/ul>\n<h3><span style=\"color: #003300;\">\u1ee8NG D\u1ee4NG\u00a0<\/span><\/h3>\n<ul>\n<li><span style=\"font-weight: 400; color: #003300;\"><strong>Nguy\u00ean li\u1ec7u s\u1ea3n xu\u1ea5t c\u00f4ng nghi\u1ec7p:<\/strong> D\u00f9ng cho d\u00e2y chuy\u1ec1n s\u1ea3n xu\u1ea5t kem, b\u00e1nh k\u1eb9o, m\u1ee9t, \u0111\u1ed3 u\u1ed1ng pha ch\u1ebf h\u01b0\u01a1ng s\u1ea7u ri\u00eang.<\/span><\/li>\n<li><span style=\"font-weight: 400; color: #003300;\"><strong>Nguy\u00ean li\u1ec7u ch\u1ebf bi\u1ebfn F&amp;B:<\/strong> Ph\u00f9 h\u1ee3p cho nh\u00e0 h\u00e0ng, qu\u00e1n c\u00e0 ph\u00ea, th\u01b0\u01a1ng hi\u1ec7u tr\u00e0 s\u1eefa, qu\u00e1n sinh t\u1ed1 d\u00f9ng \u0111\u1ec3 l\u00e0m ch\u00e8, \u0111\u00e1 xay, sinh t\u1ed1, topping ho\u1eb7c s\u1ed1t s\u1ea7u ri\u00eang.<\/span><\/li>\n<li><span style=\"font-weight: 400; color: #003300;\"><strong>Nh\u00e2n b\u00e1nh &amp; tr\u00e1ng mi\u1ec7ng:<\/strong> S\u1eed d\u1ee5ng trong s\u1ea3n xu\u1ea5t b\u00e1nh p\u00eda, crepe, tiramisu, mochi, pudding, flan, su kem v\u00e0 c\u00e1c d\u00f2ng b\u00e1nh l\u1ea1nh.<\/span><\/li>\n<li><span style=\"font-weight: 400; color: #003300;\"><strong>Xu\u1ea5t kh\u1ea9u &amp; OEM:<\/strong> V\u1edbi quy c\u00e1ch \u0111\u00f3ng g\u00f3i linh ho\u1ea1t v\u00e0 \u0111\u1ea1t chu\u1ea9n GACC (Trung Qu\u1ed1c), FDA (Hoa K\u1ef3), HALAL, Kosher\u2026, s\u1ea7u ri\u00eang \u0111\u00f4ng l\u1ea1nh l\u00e0 l\u1ef1a ch\u1ecdn l\u00fd t\u01b0\u1edfng \u0111\u1ec3 chinh ph\u1ee5c c\u00e1c th\u1ecb tr\u01b0\u1eddng kh\u00f3 t\u00ednh.<\/span><\/li>\n<\/ul>\n<h3><span style=\"color: #000000; font-family: arial, helvetica, sans-serif;\">TH\u00d4NG TIN LI\u00caN H\u1ec6:<\/span><\/h3>\n<p><span style=\"color: #000000; font-family: arial, helvetica, sans-serif;\">Email:\u00a0<span style=\"color: #1755ad;\"><a style=\"color: #1755ad;\" href=\"mailto:sales@hunghau.vn\">sales@hunghau.vn<\/a><\/span><\/span><br \/>\n<span style=\"color: #000000; font-family: arial, helvetica, sans-serif;\">Hotline: (+84)79 721 3333\u00a0<\/span><\/p>\n<p><span style=\"color: #000000;\">Email: <span style=\"color: #1755ad;\">Hana@hunghau.vn<\/span><br \/>\nHotline: (+84)79 721 3333<\/span><\/p>\n<p><span style=\"color: #000000; font-family: arial, helvetica, sans-serif;\">Email:\u00a0<span style=\"color: #1755ad;\"><a style=\"color: #1755ad;\" href=\"mailto:yenn@hunghau.vn\">yenn@hunghau.vn<\/a>\u00a0<\/span><\/span><br \/>\n<span style=\"color: #000000; font-family: arial, helvetica, sans-serif;\">Hotline: (+84)78 520 3333<\/span><\/p>\n<p><span style=\"color: #000000; font-family: arial, helvetica, sans-serif;\"><b>C\u00f4ng ty C\u1ed5 ph\u1ea7n Th\u1ef1c ph\u1ea9m H\u00f9ng H\u1eadu (HungHau Foods)<\/b><\/span><\/p>\n<p><span style=\"font-family: arial, helvetica, sans-serif;\"><strong><span style=\"color: #000000;\">\u0110\u1ecba ch\u1ec9: 642 \u00c2u C\u01a1, Ph\u01b0\u1eddng B\u1ea3y Hi\u1ec1n, Th\u00e0nh Ph\u1ed1 H\u1ed3 Ch\u00ed Minh<\/span><\/strong><\/span><\/p>\n<p><span style=\"color: #000000; font-family: arial, helvetica, sans-serif;\"><b>Nh\u00e0 xu\u1ea5t kh\u1ea9u n\u00f4ng s\u1ea3n &#8211; Nh\u00e0 cung \u1ee9ng tr\u00e1i c\u00e2y &amp; rau c\u1ee7 \u0111\u00f4ng l\u1ea1nh t\u1ea1i Vi\u1ec7t Nam.<\/b><\/span><\/p>\n","protected":false},"excerpt":{"rendered":"<table>\n<tbody>\n<tr>\n<td><span style=\"color: #1755ad;\"><strong>Th\u00f4ng tin<\/strong><\/span><\/td>\n<td><span style=\"color: #000000;\">Puree S\u1ea7u ri\u00eang<\/span><\/td>\n<\/tr>\n<tr>\n<td><span style=\"color: #1755ad;\"><strong>Lo\u1ea1i<\/strong><\/span><\/td>\n<td><span style=\"color: #000000;\">T\u00fai or theo y\u00eau c\u1ea7u kh\u00e1ch h\u00e0ng<\/span><\/td>\n<\/tr>\n<tr>\n<td><span style=\"color: #1755ad;\"><strong>M\u00f9a v\u1ee5<\/strong><\/span><\/td>\n<td><span style=\"color: #000000;\">Quanh n\u0103m<\/span><\/td>\n<\/tr>\n<tr>\n<td><span style=\"color: #1755ad;\"><strong>Quy c\u00e1ch \u0111\u00f3ng g\u00f3i<\/strong><\/span><\/td>\n<td><span style=\"color: #000000;\">10kg\/bag ho\u1eb7c theo y\u00eau c\u1ea7u kh\u00e1ch<\/span><\/td>\n<\/tr>\n<tr>\n<td><span style=\"color: #1755ad;\"><strong>\u0110i\u1ec1u ki\u1ec7n b\u1ea3o qu\u1ea3n<\/strong><\/span><\/td>\n<td><span style=\"color: #000000;\">S\u1ea3n ph\u1ea9m \u0111\u01b0\u1ee3c l\u01b0u tr\u1eef trong kho -18\u00b0C<\/span><\/td>\n<\/tr>\n<tr>\n<td><span style=\"color: #1755ad;\"><strong>Th\u1eddi h\u1ea1n s\u1eed d\u1ee5ng<\/strong><\/span><\/td>\n<td><span style=\"color: #000000;\">24 th\u00e1ng k\u1ec3 t\u1eeb ng\u00e0y s\u1ea3n xu\u1ea5t\u00a0<\/span><\/td>\n<\/tr>\n<\/tbody>\n<\/table>\n","protected":false},"featured_media":19331,"comment_status":"closed","ping_status":"closed","template":"","meta":[],"product_brand":[],"product_cat":[42,100],"product_tag":[],"class_list":{"0":"post-19330","1":"product","2":"type-product","3":"status-publish","4":"has-post-thumbnail","6":"product_cat-san-pham-khac","7":"product_cat-san-pham-xay-nhuyen","9":"first","10":"instock","11":"shipping-taxable","12":"product-type-simple"},"_links":{"self":[{"href":"https:\/\/hfoods.vn\/vi\/wp-json\/wp\/v2\/product\/19330","targetHints":{"allow":["GET"]}}],"collection":[{"href":"https:\/\/hfoods.vn\/vi\/wp-json\/wp\/v2\/product"}],"about":[{"href":"https:\/\/hfoods.vn\/vi\/wp-json\/wp\/v2\/types\/product"}],"replies":[{"embeddable":true,"href":"https:\/\/hfoods.vn\/vi\/wp-json\/wp\/v2\/comments?post=19330"}],"wp:featuredmedia":[{"embeddable":true,"href":"https:\/\/hfoods.vn\/vi\/wp-json\/wp\/v2\/media\/19331"}],"wp:attachment":[{"href":"https:\/\/hfoods.vn\/vi\/wp-json\/wp\/v2\/media?parent=19330"}],"wp:term":[{"taxonomy":"product_brand","embeddable":true,"href":"https:\/\/hfoods.vn\/vi\/wp-json\/wp\/v2\/product_brand?post=19330"},{"taxonomy":"product_cat","embeddable":true,"href":"https:\/\/hfoods.vn\/vi\/wp-json\/wp\/v2\/product_cat?post=19330"},{"taxonomy":"product_tag","embeddable":true,"href":"https:\/\/hfoods.vn\/vi\/wp-json\/wp\/v2\/product_tag?post=19330"}],"curies":[{"name":"wp","href":"https:\/\/api.w.org\/{rel}","templated":true}]}}