{"id":19339,"date":"2025-08-07T18:54:07","date_gmt":"2025-08-07T11:54:07","guid":{"rendered":"https:\/\/hfoods.vn\/?post_type=product&#038;p=19339"},"modified":"2026-04-02T16:44:45","modified_gmt":"2026-04-02T09:44:45","slug":"puree-thanh-long-trang","status":"publish","type":"product","link":"https:\/\/hfoods.vn\/vi\/san-pham\/puree-thanh-long-trang\/","title":{"rendered":"Puree Thanh Long Tr\u1eafng"},"content":{"rendered":"<h2><span style=\"color: #003300;\">PUREE THANH LONG RU\u1ed8T TR\u1eaeNG \u0110\u00d4NG L\u1ea0NH<\/span><\/h2>\n<p><span style=\"font-weight: 400; color: #003300; font-family: arial, helvetica, sans-serif;\">Puree thanh long ru\u1ed9t tr\u1eafng \u0111\u00f4ng l\u1ea1nh c\u1ee7a C\u00f4ng ty C\u1ed5 ph\u1ea7n Th\u1ef1c ph\u1ea9m H\u00f9ng H\u1eadu (HungHau Foods), \u0111\u01b0\u1ee3c tuy\u1ec3n ch\u1ecdn t\u1eeb nh\u1eefng tr\u00e1i thanh long \u0111\u1ea1t chu\u1ea9n t\u1ea1i c\u00e1c v\u00f9ng tr\u1ed3ng thu\u1ed9c t\u1ec9nh Long An v\u00e0 L\u00e2m \u0110\u1ed3ng (Vi\u1ec7t Nam). S\u1ea3n ph\u1ea9m \u0111\u01b0\u1ee3c c\u1ea5p \u0111\u00f4ng b\u1eb1ng c\u00f4ng ngh\u1ec7 IQF hi\u1ec7n \u0111\u1ea1i, \u0111\u1ea3m b\u1ea3o gi\u1eef \u0111\u01b0\u1ee3c h\u01b0\u01a1ng v\u1ecb, m\u00e0u s\u1eafc v\u00e0 ch\u1ea5t l\u01b0\u1ee3ng t\u1ef1 nhi\u00ean.\u00a0<\/span><\/p>\n<p><span style=\"font-weight: 400; color: #003300; font-family: arial, helvetica, sans-serif;\">HungHau Foods s\u1edf h\u1eefu n\u0103ng l\u1ef1c cung \u1ee9ng c\u00e1c s\u1ea3n ph\u1ea9m t\u1eeb thanh long \u0111\u00f4ng l\u1ea1nh l\u00ean \u0111\u1ebfn 2.000 t\u1ea5n th\u00e0nh ph\u1ea9m m\u1ed7i n\u0103m. S\u1ea3n ph\u1ea9m &amp; nh\u00e0 m\u00e1y ch\u1ebf bi\u1ebfn c\u1ee7a HungHau Foods \u0111\u1ea1t c\u00e1c ch\u1ee9ng nh\u1eadn, ti\u00eau chu\u1ea9n qu\u1ed1c t\u1ebf, bao g\u1ed3m g\u1ed3m: BRCGS, HACCP, ISO 22000, FDA, KV, HALAL v\u00e0 SMETA.<\/span><\/p>\n<p><span style=\"color: #003300;\"><b>\u0110\u1eb6C \u0110I\u1ec2M N\u1ed4I B\u1eacT\u00a0<\/b><\/span><\/p>\n<ul>\n<li style=\"font-weight: 400;\" aria-level=\"1\"><span style=\"font-weight: 400; color: #003300;\">M\u00f9i v\u1ecb: Gi\u1eef nguy\u00ean \u0111\u01b0\u1ee3c h\u01b0\u01a1ng v\u1ecb thanh long tr\u1eafng t\u1ef1 nhi\u00ean.<\/span><\/li>\n<li style=\"font-weight: 400;\" aria-level=\"1\"><span style=\"font-weight: 400; color: #003300;\">M\u00e0u s\u1eafc: M\u00e0u tr\u1eafng t\u1eeb thanh long ru\u1ed9t tr\u1eafng v\u00e0 m\u00e0u c\u1ee7a h\u1ea1t thanh long \u0111en<\/span><\/li>\n<li style=\"font-weight: 400;\" aria-level=\"1\"><span style=\"font-weight: 400; color: #003300;\">C\u00f4ng ngh\u1ec7 c\u1ea5p \u0111\u00f4ng: \u0110\u01b0\u1ee3c x\u1eed l\u00fd theo c\u00f4ng ngh\u1ec7 IQF (Individual Quick Freezing) c\u1ea5p \u0111\u00f4ng nhanh gi\u00fap gi\u1eef tr\u1ecdn h\u01b0\u01a1ng v\u1ecb, m\u00e0u s\u1eafc v\u00e0 k\u1ebft c\u1ea5u s\u00e1nh m\u1ecbn t\u1ef1 nhi\u00ean, kh\u00f4ng l\u1eabn t\u1ea1p ch\u1ea5t hay ch\u1ea5t b\u1ea3o qu\u1ea3n.<\/span><\/li>\n<li style=\"font-weight: 400;\" aria-level=\"1\"><span style=\"font-weight: 400; color: #003300;\">B\u1ea3o qu\u1ea3n: D\u1ec5 b\u1ea3o qu\u1ea3n v\u00e0 r\u00e3 \u0111\u00f4ng nhanh<\/span><\/li>\n<li style=\"font-weight: 400;\" aria-level=\"1\"><span style=\"font-weight: 400; color: #003300;\">D\u1ea1ng cung c\u1ea5p: puree thanh long ru\u1ed9t tr\u1eafng \u0111\u00f4ng l\u1ea1nh<\/span><\/li>\n<\/ul>\n<h2><span style=\"color: #003300;\">TH\u00d4NG TIN K\u1ef8 THU\u1eacT<\/span><\/h2>\n<table>\n<tbody>\n<tr>\n<td><span style=\"font-weight: 400; color: #003300;\">Lo\u1ea1i h\u00e0ng (Style)<\/span><\/td>\n<td><span style=\"font-weight: 400; color: #003300;\">Puree thanh long ru\u1ed9t tr\u1eafng \u0111\u00f4ng l\u1ea1nh<\/span><\/td>\n<\/tr>\n<tr>\n<td><span style=\"font-weight: 400; color: #003300;\">M\u00e0u s\u1eafc (Color)<\/span><\/td>\n<td><span style=\"font-weight: 400; color: #003300;\">Tr\u1eafng &#8211; ch\u1ea5m \u0111en<\/span><\/td>\n<\/tr>\n<tr>\n<td><span style=\"font-weight: 400; color: #003300;\">Ph\u00e2n lo\u1ea1i<\/span><\/td>\n<td><span style=\"font-weight: 400; color: #003300;\">Puree thanh long ru\u1ed9t tr\u1eafng c\u00f3 h\u1ea1t v\u00e0 kh\u00f4ng h\u1ea1t<\/span><\/td>\n<\/tr>\n<tr>\n<td><span style=\"font-weight: 400; color: #003300;\">Qu\u00e1 tr\u00ecnh \u0111\u00f4ng l\u1ea1nh (Freezing Process):<\/span><\/td>\n<td><span style=\"font-weight: 400; color: #003300;\">S\u1eed d\u1ee5ng c\u00f4ng ngh\u1ec7 c\u1ea5p \u0111\u00f4ng nhanh IQF (Individual Quick Freezing) \u2013 c\u1ea5p \u0111\u00f4ng t\u1eebng c\u00e1 th\u1ec3.<\/span><\/td>\n<\/tr>\n<tr>\n<td><span style=\"font-weight: 400; color: #003300;\">Tr\u1ecdng l\u01b0\u1ee3ng PA (Weight\/PA)<\/span><\/td>\n<td><span style=\"font-weight: 400; color: #003300;\">T\u00f9y theo y\u00eau c\u1ea7u kh\u00e1ch h\u00e0ng<\/span><\/td>\n<\/tr>\n<tr>\n<td><span style=\"font-weight: 400; color: #003300;\">Tr\u1ecdng l\u01b0\u1ee3ng\/ctn (Weight\/ctn):<\/span><\/td>\n<td><span style=\"font-weight: 400; color: #003300;\">T\u00f9y theo y\u00eau c\u1ea7u kh\u00e1ch h\u00e0ng<\/span><\/td>\n<\/tr>\n<tr>\n<td><span style=\"font-weight: 400; color: #003300;\">Nhi\u1ec7t \u0111\u1ed9 l\u01b0u tr\u1eef (Storage):<\/span><\/td>\n<td><span style=\"font-weight: 400; color: #003300;\">-18\u2103<\/span><\/td>\n<\/tr>\n<tr>\n<td><span style=\"font-weight: 400; color: #003300;\">Ngu\u1ed3n g\u1ed1c (origin):\u00a0<\/span><\/td>\n<td><span style=\"font-weight: 400; color: #003300;\">Vi\u1ec7t Nam<\/span><\/td>\n<\/tr>\n<tr>\n<td><span style=\"font-weight: 400; color: #003300;\">Ph\u01b0\u01a1ng th\u1ee9c v\u1eadn chuy\u1ec3n (Method of delivery)<\/span><\/td>\n<td><span style=\"font-weight: 400; color: #003300;\">\u0110\u01b0\u1eddng bi\u1ec3n ho\u1eb7c \u0111\u01b0\u1eddng h\u00e0ng kh\u00f4ng.\u00a0<\/span><\/td>\n<\/tr>\n<tr>\n<td><span style=\"font-weight: 400; color: #003300;\">\u0110\u00f3ng g\u00f3i (packaging)<\/span><\/td>\n<td><span style=\"font-weight: 400; color: #003300;\">T\u00fai PE\/PA ho\u1eb7c bao b\u00ec theo y\u00eau c\u1ea7u (th\u01b0\u1eddng 1kg, 5kg, 10kg\u2026)<\/span><\/td>\n<\/tr>\n<tr>\n<td><span style=\"font-weight: 400; color: #003300;\">Theo m\u00f9a (season)<\/span><\/p>\n<p><span style=\"font-weight: 400; color: #003300;\">H\u1ea1n s\u1eed d\u1ee5ng (Shelf life)<\/span><\/td>\n<td><span style=\"font-weight: 400; color: #003300;\">T\u1eeb th\u00e1ng 6 \u0111\u1ebfn th\u00e1ng 11<\/span><\/p>\n<p><span style=\"font-weight: 400; color: #003300;\">24 th\u00e1ng\u00a0<\/span><\/td>\n<\/tr>\n<\/tbody>\n<\/table>\n<h3>TH\u00d4NG TIN LI\u00caN H\u1ec6<\/h3>\n<p><span style=\"color: #000000; font-family: arial, helvetica, sans-serif;\">Email:\u00a0<span style=\"color: #1755ad;\"><a style=\"color: #1755ad;\" href=\"mailto:sales@hunghau.vn\">sales@hunghau.vn<\/a><\/span><\/span><br \/>\n<span style=\"color: #000000; font-family: arial, helvetica, sans-serif;\">Hotline: (+84)79 721 3333\u00a0<\/span><\/p>\n<p><span style=\"color: #000000; font-family: arial, helvetica, sans-serif;\">Email:\u00a0\u00a0<span style=\"color: #1755ad;\"><a style=\"color: #1755ad;\" href=\"mailto:Anna@hunghau.vn\">hana@hunghau.vn<\/a>\u00a0<\/span><\/span><br \/>\n<span style=\"color: #000000; font-family: arial, helvetica, sans-serif;\">Hotline: (+84)79 721 3333\u00a0<\/span><\/p>\n<p><span style=\"color: #000000; font-family: arial, helvetica, sans-serif;\">Email:\u00a0<span style=\"color: #1755ad;\"><a style=\"color: #1755ad;\" href=\"mailto:yenn@hunghau.vn\">yenn@hunghau.vn<\/a>\u00a0<\/span><\/span><br \/>\n<span style=\"color: #000000; font-family: arial, helvetica, sans-serif;\">Hotline: (+84)78 520 3333<\/span><\/p>\n<h2>H\u00ccNH \u1ea2NH S\u1ea2N PH\u1ea8M<\/h2>\n<figure id=\"attachment_22518\" aria-describedby=\"caption-attachment-22518\" style=\"width: 1000px\" class=\"wp-caption aligncenter\"><img loading=\"lazy\" decoding=\"async\" class=\"size-full wp-image-22518\" src=\"https:\/\/hfoods.vn\/wp-content\/uploads\/2025\/08\/Hung-Hau-Foods_Puree_Thanh-long-trang.jpg\" alt=\"Puree thanh long ru\u1ed9t tr\u1eafng HungHau Foods\" width=\"1000\" height=\"1000\" srcset=\"https:\/\/hfoods.vn\/wp-content\/uploads\/2025\/08\/Hung-Hau-Foods_Puree_Thanh-long-trang.jpg 1000w, https:\/\/hfoods.vn\/wp-content\/uploads\/2025\/08\/Hung-Hau-Foods_Puree_Thanh-long-trang-768x768.jpg 768w, https:\/\/hfoods.vn\/wp-content\/uploads\/2025\/08\/Hung-Hau-Foods_Puree_Thanh-long-trang-45x45.jpg 45w, https:\/\/hfoods.vn\/wp-content\/uploads\/2025\/08\/Hung-Hau-Foods_Puree_Thanh-long-trang-100x100.jpg 100w\" sizes=\"auto, (max-width: 1000px) 100vw, 1000px\" \/><figcaption id=\"caption-attachment-22518\" class=\"wp-caption-text\"><center>Puree thanh long ru\u1ed9t tr\u1eafng c\u00f3 h\u1ea1t HungHau Foods<center><\/center><\/center><\/figcaption><\/figure>\n<figure id=\"attachment_22520\" aria-describedby=\"caption-attachment-22520\" style=\"width: 1000px\" class=\"wp-caption aligncenter\"><img loading=\"lazy\" decoding=\"async\" class=\"size-full wp-image-22520\" src=\"https:\/\/hfoods.vn\/wp-content\/uploads\/2025\/08\/Hung-Hau-Foods_Puree_Thanh-long-trang-KO-hat.jpg\" alt=\"&lt;Center&gt; Puree thanh long ru\u1ed9t tr\u1eafng kh\u00f4ng h\u1ea1t &lt;Center&gt;\" width=\"1000\" height=\"1000\" srcset=\"https:\/\/hfoods.vn\/wp-content\/uploads\/2025\/08\/Hung-Hau-Foods_Puree_Thanh-long-trang-KO-hat.jpg 1000w, https:\/\/hfoods.vn\/wp-content\/uploads\/2025\/08\/Hung-Hau-Foods_Puree_Thanh-long-trang-KO-hat-768x768.jpg 768w, https:\/\/hfoods.vn\/wp-content\/uploads\/2025\/08\/Hung-Hau-Foods_Puree_Thanh-long-trang-KO-hat-45x45.jpg 45w, https:\/\/hfoods.vn\/wp-content\/uploads\/2025\/08\/Hung-Hau-Foods_Puree_Thanh-long-trang-KO-hat-100x100.jpg 100w\" sizes=\"auto, (max-width: 1000px) 100vw, 1000px\" \/><figcaption id=\"caption-attachment-22520\" class=\"wp-caption-text\"><center>Puree thanh long ru\u1ed9t tr\u1eafng kh\u00f4ng h\u1ea1t HungHau Foods<center><\/center><\/center><\/figcaption><\/figure>\n<h3><span style=\"color: #003300;\">TH\u00c0NH PH\u1ea6N DINH D\u01af\u1ee0NG<\/span><\/h3>\n<ul>\n<li><span style=\"color: #003300;\"><b>N\u0103ng l\u01b0\u1ee3ng &amp; Carbohydrate<\/b><span style=\"font-weight: 400;\">: Puree thanh long ru\u1ed9t tr\u1eafng ch\u1ee9a l\u01b0\u1ee3ng calo th\u1ea5p nh\u01b0ng gi\u00e0u carbohydrate t\u1ef1 nhi\u00ean, gi\u00fap cung c\u1ea5p n\u0103ng l\u01b0\u1ee3ng nh\u1eb9 nh\u00e0ng m\u00e0 kh\u00f4ng g\u00e2y t\u0103ng c\u00e2n.<\/span><\/span><\/li>\n<li><span style=\"color: #003300;\"><b>Ch\u1ea5t x\u01a1<\/b><span style=\"font-weight: 400;\">: H\u00e0m l\u01b0\u1ee3ng ch\u1ea5t x\u01a1 h\u00f2a tan d\u1ed3i d\u00e0o h\u1ed7 tr\u1ee3 h\u1ec7 ti\u00eau h\u00f3a, gi\u00fap nhu\u1eadn tr\u00e0ng, \u1ed5n \u0111\u1ecbnh \u0111\u01b0\u1eddng huy\u1ebft v\u00e0 t\u1ea1o c\u1ea3m gi\u00e1c no l\u00e2u.<\/span><\/span><\/li>\n<li><span style=\"color: #003300;\"><b>Vitamin C &amp; Vitamin nh\u00f3m B<\/b><span style=\"font-weight: 400;\">: Cung c\u1ea5p l\u01b0\u1ee3ng vitamin C t\u1ef1 nhi\u00ean gi\u00fap t\u0103ng c\u01b0\u1eddng mi\u1ec5n d\u1ecbch, ch\u1ed1ng oxy h\u00f3a v\u00e0 h\u1ed7 tr\u1ee3 s\u1ee9c kh\u1ecfe da; c\u00f9ng c\u00e1c vitamin B (B1, B2, B3) gi\u00fap chuy\u1ec3n h\u00f3a n\u0103ng l\u01b0\u1ee3ng hi\u1ec7u qu\u1ea3.<\/span><\/span><\/li>\n<li><span style=\"color: #003300;\"><b>Kho\u00e1ng ch\u1ea5t (S\u1eaft, Canxi, Magie)<\/b><span style=\"font-weight: 400;\">: Ch\u1ee9a c\u00e1c kho\u00e1ng ch\u1ea5t thi\u1ebft y\u1ebfu gi\u00fap h\u1ed7 tr\u1ee3 x\u01b0\u01a1ng kh\u1edbp, tu\u1ea7n ho\u00e0n m\u00e1u, gi\u1ea3m m\u1ec7t m\u1ecfi v\u00e0 duy tr\u00ec ho\u1ea1t \u0111\u1ed9ng c\u01a1 b\u1eafp \u1ed5n \u0111\u1ecbnh.<\/span><\/span><\/li>\n<\/ul>\n<h3><span style=\"color: #003300;\">\u1ee8NG D\u1ee4NG\u00a0<\/span><\/h3>\n<ul>\n<li><span style=\"font-weight: 400; color: #003300;\"><strong>Nguy\u00ean li\u1ec7u s\u1ea3n xu\u1ea5t c\u00f4ng nghi\u1ec7p:<\/strong> L\u00e0 nguy\u00ean li\u1ec7u \u0111\u1ec3 s\u1ea3n xu\u1ea5t kem, sorbet, th\u1ea1ch, m\u1ee9t, nh\u00e2n b\u00e1nh, topping v\u00e0 c\u00e1c d\u00f2ng tr\u00e1ng mi\u1ec7ng l\u1ea1nh. S\u1ea3n ph\u1ea9m ph\u00f9 h\u1ee3p cho d\u00e2y chuy\u1ec1n s\u1ea3n xu\u1ea5t l\u1edbn v\u00e0 y\u00eau c\u1ea7u ki\u1ec3m so\u00e1t ch\u1ea5t l\u01b0\u1ee3ng ch\u1eb7t ch\u1ebd.<\/span><\/li>\n<li><span style=\"font-weight: 400; color: #003300;\"><strong>Nguy\u00ean li\u1ec7u ch\u1ebf bi\u1ebfn F&amp;B:<\/strong> Puree thanh long ru\u1ed9t tr\u1eafng \u0111\u00f4ng l\u1ea1nh \u0111\u01b0\u1ee3c s\u1eed d\u1ee5ng l\u00e0m nguy\u00ean li\u1ec7u cho c\u00e1c nh\u00e0 m\u00e1y s\u1ea3n xu\u1ea5t n\u01b0\u1edbc \u00e9p, smoothie, yogurt u\u1ed1ng, n\u01b0\u1edbc gi\u1ea3i kh\u00e1t ph\u1ed1i tr\u1ed9n\u2026 nh\u1edd m\u00e0u s\u1eafc t\u1ef1 nhi\u00ean, v\u1ecb thanh nh\u1eb9 v\u00e0 \u0111\u1ed9 \u1ed5n \u0111\u1ecbnh cao trong ch\u1ebf bi\u1ebfn.<\/span><\/li>\n<li><span style=\"font-weight: 400; color: #003300;\"><strong>Nh\u00e2n b\u00e1nh &amp; tr\u00e1ng mi\u1ec7ng<\/strong>: Th\u00edch h\u1ee3p l\u00e0m nh\u00e2n b\u00e1nh, topping, th\u1ea1ch, pudding v\u00e0 c\u00e1c s\u1ea3n ph\u1ea9m bakery.<\/span><\/li>\n<li><span style=\"font-weight: 400; color: #003300;\"><strong>Xu\u1ea5t kh\u1ea9u &amp; OEM:<\/strong> \u0110\u00f3ng g\u00f3i theo nhi\u1ec1u quy c\u00e1ch (1kg, 5kg, 10kg, 200kg\u2026) thu\u1eadn ti\u1ec7n cho c\u00e1c nh\u00e0 m\u00e1y ch\u1ebf bi\u1ebfn, \u0111\u1ea3m b\u1ea3o ti\u00eau chu\u1ea9n qu\u1ed1c t\u1ebf cho th\u1ecb tr\u01b0\u1eddng xu\u1ea5t kh\u1ea9u.<\/span><\/li>\n<\/ul>\n<h3>TH\u00d4NG TIN LI\u00caN H\u1ec6<\/h3>\n<p><span style=\"color: #000000; font-family: arial, helvetica, sans-serif;\">Email:\u00a0<span style=\"color: #1755ad;\"><a style=\"color: #1755ad;\" href=\"mailto:sales@hunghau.vn\">sales@hunghau.vn<\/a><\/span><\/span><br \/>\n<span style=\"color: #000000; font-family: arial, helvetica, sans-serif;\">Hotline: (+84)79 721 3333\u00a0<\/span><\/p>\n<p><span style=\"color: #000000; font-family: arial, helvetica, sans-serif;\">Email:\u00a0\u00a0<span style=\"color: #1755ad;\"><a style=\"color: #1755ad;\" href=\"mailto:Anna@hunghau.vn\">hana@hunghau.vn<\/a>\u00a0<\/span><\/span><br \/>\n<span style=\"color: #000000; font-family: arial, helvetica, sans-serif;\">Hotline: (+84)79 721 3333\u00a0<\/span><\/p>\n<p><span style=\"color: #000000; font-family: arial, helvetica, sans-serif;\">Email:\u00a0<span style=\"color: #1755ad;\"><a style=\"color: #1755ad;\" href=\"mailto:yenn@hunghau.vn\">yenn@hunghau.vn<\/a>\u00a0<\/span><\/span><br \/>\n<span style=\"color: #000000; font-family: arial, helvetica, sans-serif;\">Hotline: (+84)78 520 3333<\/span><\/p>\n<p><span style=\"color: #000000; font-family: arial, helvetica, sans-serif;\"><b>C\u00f4ng ty C\u1ed5 ph\u1ea7n Th\u1ef1c ph\u1ea9m H\u00f9ng H\u1eadu (HungHau Foods)<\/b><\/span><\/p>\n<p><span style=\"font-family: arial, helvetica, sans-serif;\"><strong><span style=\"color: #000000;\">\u0110\u1ecba ch\u1ec9: 642 \u00c2u C\u01a1, Ph\u01b0\u1eddng B\u1ea3y Hi\u1ec1n, Th\u00e0nh Ph\u1ed1 H\u1ed3 Ch\u00ed Minh<\/span><\/strong><\/span><\/p>\n<p><span style=\"color: #000000; font-family: arial, helvetica, sans-serif;\"><b>Nh\u00e0 xu\u1ea5t kh\u1ea9u n\u00f4ng s\u1ea3n &#8211; Nh\u00e0 cung \u1ee9ng tr\u00e1i c\u00e2y &amp; rau c\u1ee7 \u0111\u00f4ng l\u1ea1nh t\u1ea1i Vi\u1ec7t Nam.<\/b><\/span><\/p>\n","protected":false},"excerpt":{"rendered":"<table>\n<tbody>\n<tr>\n<td><span style=\"color: #1755ad;\"><strong>Th\u00f4ng tin<\/strong><\/span><\/td>\n<td><span style=\"color: #000000;\">Puree Thanh Long Tr\u1eafng<\/span><\/td>\n<\/tr>\n<tr>\n<td><span style=\"color: #1755ad;\"><strong>Lo\u1ea1i<\/strong><\/span><\/td>\n<td><span style=\"color: #000000;\">Puree thanh long ru\u1ed9t tr\u1eafng c\u00f3 h\u1ea1t v\u00e0 kh\u00f4ng h\u1ea1t<\/span><\/td>\n<\/tr>\n<tr>\n<td><span style=\"color: #1755ad;\"><strong>M\u00f9a v\u1ee5<\/strong><\/span><\/td>\n<td><span style=\"color: #000000;\">Th\u00e1ng 6 -7-8-9-10-11<\/span><\/td>\n<\/tr>\n<tr>\n<td><span style=\"color: #1755ad;\"><strong>Quy c\u00e1ch \u0111\u00f3ng g\u00f3i<\/strong><\/span><\/td>\n<td><span style=\"color: #000000;\">10kg\/t\u00fai ho\u1eb7c theo y\u00eau c\u1ea7u kh\u00e1ch<\/span><\/td>\n<\/tr>\n<tr>\n<td><span style=\"color: #1755ad;\"><strong>\u0110i\u1ec1u ki\u1ec7n b\u1ea3o qu\u1ea3n<\/strong><\/span><\/td>\n<td><span style=\"color: #000000;\">S\u1ea3n ph\u1ea9m \u0111\u01b0\u1ee3c l\u01b0u tr\u1eef trong kho -18\u00b0C<\/span><\/td>\n<\/tr>\n<tr>\n<td><span style=\"color: #1755ad;\"><strong>Th\u1eddi h\u1ea1n s\u1eed d\u1ee5ng<\/strong><\/span><\/td>\n<td><span style=\"color: #000000;\">24 th\u00e1ng k\u1ec3 t\u1eeb ng\u00e0y s\u1ea3n xu\u1ea5t\u00a0<\/span><\/td>\n<\/tr>\n<\/tbody>\n<\/table>\n","protected":false},"featured_media":19340,"comment_status":"closed","ping_status":"closed","template":"","meta":[],"product_brand":[],"product_cat":[100],"product_tag":[],"class_list":{"0":"post-19339","1":"product","2":"type-product","3":"status-publish","4":"has-post-thumbnail","6":"product_cat-san-pham-xay-nhuyen","8":"first","9":"instock","10":"shipping-taxable","11":"product-type-simple"},"_links":{"self":[{"href":"https:\/\/hfoods.vn\/vi\/wp-json\/wp\/v2\/product\/19339","targetHints":{"allow":["GET"]}}],"collection":[{"href":"https:\/\/hfoods.vn\/vi\/wp-json\/wp\/v2\/product"}],"about":[{"href":"https:\/\/hfoods.vn\/vi\/wp-json\/wp\/v2\/types\/product"}],"replies":[{"embeddable":true,"href":"https:\/\/hfoods.vn\/vi\/wp-json\/wp\/v2\/comments?post=19339"}],"wp:featuredmedia":[{"embeddable":true,"href":"https:\/\/hfoods.vn\/vi\/wp-json\/wp\/v2\/media\/19340"}],"wp:attachment":[{"href":"https:\/\/hfoods.vn\/vi\/wp-json\/wp\/v2\/media?parent=19339"}],"wp:term":[{"taxonomy":"product_brand","embeddable":true,"href":"https:\/\/hfoods.vn\/vi\/wp-json\/wp\/v2\/product_brand?post=19339"},{"taxonomy":"product_cat","embeddable":true,"href":"https:\/\/hfoods.vn\/vi\/wp-json\/wp\/v2\/product_cat?post=19339"},{"taxonomy":"product_tag","embeddable":true,"href":"https:\/\/hfoods.vn\/vi\/wp-json\/wp\/v2\/product_tag?post=19339"}],"curies":[{"name":"wp","href":"https:\/\/api.w.org\/{rel}","templated":true}]}}