{"id":19345,"date":"2025-08-07T19:16:25","date_gmt":"2025-08-07T12:16:25","guid":{"rendered":"https:\/\/hfoods.vn\/?post_type=product&#038;p=19345"},"modified":"2025-08-07T19:16:25","modified_gmt":"2025-08-07T12:16:25","slug":"puree-dua-hau-dong-lanh","status":"publish","type":"product","link":"https:\/\/hfoods.vn\/vi\/san-pham\/puree-dua-hau-dong-lanh\/","title":{"rendered":"Puree D\u01b0a H\u1ea5u \u0110\u00f4ng L\u1ea1nh"},"content":{"rendered":"<h3 data-start=\"109\" data-end=\"148\"><span style=\"color: #000000;\">TH\u00d4NG TIN B\u01a0 PUREE \u0110\u00d4NG L\u1ea0NH<\/span><\/h3>\n<p data-start=\"150\" data-end=\"636\"><span style=\"color: #000000;\"><strong data-start=\"150\" data-end=\"167\">T\u00ean s\u1ea3n ph\u1ea9m:<\/strong> B\u01a1 puree \u0111\u00f4ng l\u1ea1nh (Frozen Avocado Puree)<\/span><br data-start=\"209\" data-end=\"212\" \/><span style=\"color: #000000;\"><strong data-start=\"212\" data-end=\"227\">Th\u00e0nh ph\u1ea7n:<\/strong> 100% b\u01a1 t\u01b0\u01a1i ch\u00edn t\u1ef1 nhi\u00ean, \u0111\u01b0\u1ee3c xay nhuy\u1ec5n v\u00e0 c\u1ea5p \u0111\u00f4ng nhanh (IQF)<\/span><br data-start=\"295\" data-end=\"298\" \/><span style=\"color: #000000;\"><strong data-start=\"298\" data-end=\"310\">M\u00e0u s\u1eafc:<\/strong> Xanh nh\u1ea1t \u0111\u1ebfn xanh \u0111\u1eadm, t\u1ef1 nhi\u00ean t\u1eeb qu\u1ea3 b\u01a1<\/span><br data-start=\"353\" data-end=\"356\" data-is-only-node=\"\" \/><span style=\"color: #000000;\"><strong data-start=\"356\" data-end=\"369\">H\u01b0\u01a1ng v\u1ecb:<\/strong> Th\u01a1m b\u00e9o \u0111\u1eb7c tr\u01b0ng<\/span><br data-start=\"418\" data-end=\"421\" \/><span style=\"color: #000000;\"><strong data-start=\"421\" data-end=\"443\">Quy c\u00e1ch \u0111\u00f3ng g\u00f3i:<\/strong> T\u00fai 1kg, 2kg, ho\u1eb7c theo y\u00eau c\u1ea7u kh\u00e1ch h\u00e0ng<\/span><br data-start=\"486\" data-end=\"489\" \/><span style=\"color: #000000;\"><strong data-start=\"489\" data-end=\"502\">B\u1ea3o qu\u1ea3n:<\/strong> -18\u00b0C ho\u1eb7c th\u1ea5p h\u01a1n<\/span><br data-start=\"522\" data-end=\"525\" \/><span style=\"color: #000000;\"><strong data-start=\"525\" data-end=\"546\">Th\u1eddi h\u1ea1n s\u1eed d\u1ee5ng:<\/strong> 18\u201324 th\u00e1ng k\u1ec3 t\u1eeb ng\u00e0y s\u1ea3n xu\u1ea5t (n\u1ebfu gi\u1eef \u0111\u00fang \u0111i\u1ec1u ki\u1ec7n b\u1ea3o qu\u1ea3n)<\/span><br data-start=\"612\" data-end=\"615\" \/><span style=\"color: #000000;\"><strong data-start=\"615\" data-end=\"627\">Xu\u1ea5t x\u1ee9:<\/strong> Vi\u1ec7t Nam<\/span><\/p>\n<p data-start=\"0\" data-end=\"44\"><span style=\"color: #000000;\"><strong data-start=\"0\" data-end=\"44\">\u0110\u1eb7c \u0111i\u1ec3m n\u1ed5i b\u1eadt c\u1ee7a b\u01a1 puree \u0111\u00f4ng l\u1ea1nh:<\/strong><\/span><\/p>\n<ul data-start=\"46\" data-end=\"735\" data-is-last-node=\"\" data-is-only-node=\"\">\n<li data-start=\"46\" data-end=\"163\">\n<p data-start=\"48\" data-end=\"163\"><span style=\"color: #000000;\"><strong data-start=\"48\" data-end=\"77\">Gi\u1eef tr\u1ecdn v\u1ecb b\u00e9o t\u1ef1 nhi\u00ean:<\/strong> B\u01a1 puree \u0111\u00f4ng l\u1ea1nh gi\u1eef nguy\u00ean h\u01b0\u01a1ng v\u1ecb b\u00e9o ng\u1eady, th\u01a1m m\u00e1t \u0111\u1eb7c tr\u01b0ng c\u1ee7a tr\u00e1i b\u01a1 t\u01b0\u01a1i.<\/span><\/p>\n<\/li>\n<li data-start=\"164\" data-end=\"262\">\n<p data-start=\"166\" data-end=\"262\"><span style=\"color: #000000;\"><strong data-start=\"166\" data-end=\"186\">M\u00e0u s\u1eafc \u0111\u1eb9p m\u1eaft:<\/strong> M\u00e0u xanh t\u01b0\u01a1i s\u00e1ng, kh\u00f4ng b\u1ecb ng\u1ea3 n\u00e2u nh\u1edd quy tr\u00ecnh c\u1ea5p \u0111\u00f4ng nhanh hi\u1ec7n \u0111\u1ea1i.<\/span><\/p>\n<\/li>\n<li data-start=\"263\" data-end=\"388\">\n<p data-start=\"265\" data-end=\"388\"><span style=\"color: #000000;\"><strong data-start=\"265\" data-end=\"286\">K\u1ebft c\u1ea5u m\u1ecbn s\u00e1nh:<\/strong> \u0110\u01b0\u1ee3c xay nhuy\u1ec5n m\u1ecbn, kh\u00f4ng l\u1ee3n c\u1ee3n, d\u1ec5 d\u00e0ng \u1ee9ng d\u1ee5ng trong pha ch\u1ebf, l\u00e0m b\u00e1nh, kem v\u00e0 m\u00f3n tr\u00e1ng mi\u1ec7ng.<\/span><\/p>\n<\/li>\n<li data-start=\"389\" data-end=\"522\">\n<p data-start=\"391\" data-end=\"522\"><span style=\"color: #000000;\"><strong data-start=\"391\" data-end=\"415\">Kh\u00f4ng ch\u1ea5t b\u1ea3o qu\u1ea3n:<\/strong> S\u1ea3n ph\u1ea9m \u0111\u01b0\u1ee3c c\u1ea5p \u0111\u00f4ng s\u00e2u ngay sau khi ch\u1ebf bi\u1ebfn, gi\u00fap b\u1ea3o qu\u1ea3n t\u1ef1 nhi\u00ean m\u00e0 v\u1eabn \u0111\u1ea3m b\u1ea3o an to\u00e0n th\u1ef1c ph\u1ea9m.<\/span><\/p>\n<\/li>\n<li data-start=\"523\" data-end=\"631\">\n<p data-start=\"525\" data-end=\"631\"><span style=\"color: #000000;\"><strong data-start=\"525\" data-end=\"551\">Ti\u1ec7n l\u1ee3i \u2013 d\u1ec5 s\u1eed d\u1ee5ng:<\/strong> \u0110\u00f3ng g\u00f3i linh ho\u1ea1t, d\u1ec5 b\u1ea3o qu\u1ea3n v\u00e0 r\u00e3 \u0111\u00f4ng nhanh, ti\u1ebft ki\u1ec7m th\u1eddi gian ch\u1ebf bi\u1ebfn.<\/span><\/p>\n<\/li>\n<li data-start=\"632\" data-end=\"735\" data-is-last-node=\"\">\n<p data-start=\"634\" data-end=\"735\" data-is-last-node=\"\"><span style=\"color: #000000;\"><strong data-start=\"634\" data-end=\"656\">Quanh n\u0103m \u1ed5n \u0111\u1ecbnh:<\/strong> Kh\u00f4ng lo m\u1ea5t m\u00f9a, lu\u00f4n c\u00f3 ngu\u1ed3n cung \u0111\u1ec1u \u0111\u1eb7n cho nh\u00e0 m\u00e1y ho\u1eb7c qu\u00e1n kinh doanh.<\/span><\/p>\n<\/li>\n<\/ul>\n<h2><span style=\"color: #000000;\">\u0110\u1eb7c \u0111i\u1ec3m n\u1ed5i b\u1eadt c\u1ee7a b\u01a1 \u0111\u00f4ng l\u1ea1nh\u00a0<\/span><\/h2>\n<p data-start=\"163\" data-end=\"355\"><span style=\"color: #000000;\"><strong data-start=\"166\" data-end=\"199\">1. Gi\u1eef tr\u1ecdn h\u01b0\u01a1ng v\u1ecb t\u1ef1 nhi\u00ean<\/strong><\/span><br data-start=\"199\" data-end=\"202\" \/><span style=\"color: #000000;\">Puree b\u01a1 \u0111\u00f4ng l\u1ea1nh \u0111\u01b0\u1ee3c ch\u1ebf bi\u1ebfn t\u1eeb nh\u1eefng tr\u00e1i b\u01a1 ch\u00edn \u0111\u1ec1u, \u0111\u1ea3m b\u1ea3o \u0111\u1ed9 b\u00e9o ng\u1eady v\u00e0 h\u01b0\u01a1ng th\u01a1m t\u1ef1 nhi\u00ean \u0111\u1eb7c tr\u01b0ng, g\u1ea7n nh\u01b0 kh\u00f4ng kh\u00e1c bi\u1ec7t so v\u1edbi b\u01a1 t\u01b0\u01a1i.<\/span><\/p>\n<p data-start=\"357\" data-end=\"573\"><span style=\"color: #000000;\"><strong data-start=\"360\" data-end=\"386\">2. B\u1ea3o to\u00e0n d\u01b0\u1ee1ng ch\u1ea5t<\/strong><\/span><br data-start=\"386\" data-end=\"389\" \/><span style=\"color: #000000;\">Nh\u1edd quy tr\u00ecnh c\u1ea5p \u0111\u00f4ng nhanh (IQF ho\u1eb7c t\u01b0\u01a1ng \u0111\u01b0\u01a1ng), s\u1ea3n ph\u1ea9m gi\u1eef l\u1ea1i t\u1ed1i \u0111a c\u00e1c vitamin (nh\u01b0 vitamin E, B5, K) v\u00e0 kho\u00e1ng ch\u1ea5t, gi\u00fap h\u1ed7 tr\u1ee3 tim m\u1ea1ch, l\u00e0m \u0111\u1eb9p da v\u00e0 t\u0103ng c\u01b0\u1eddng s\u1ee9c kh\u1ecfe.<\/span><\/p>\n<p data-start=\"575\" data-end=\"757\"><span style=\"color: #000000;\"><strong data-start=\"578\" data-end=\"615\">3. Ti\u1ec7n l\u1ee3i \u2013 ti\u1ebft ki\u1ec7m th\u1eddi gian<\/strong><\/span><br data-start=\"615\" data-end=\"618\" \/><span style=\"color: #000000;\">Kh\u00f4ng c\u1ea7n g\u1ecdt, t\u00e1ch h\u1ea1t hay xay nhuy\u1ec5n. Ch\u1ec9 c\u1ea7n r\u00e3 \u0111\u00f4ng l\u00e0 c\u00f3 th\u1ec3 s\u1eed d\u1ee5ng ngay cho m\u00f3n sinh t\u1ed1, kem, b\u00e1nh, n\u01b0\u1edbc \u00e9p hay c\u00e1c m\u00f3n tr\u00e1ng mi\u1ec7ng.<\/span><\/p>\n<p data-start=\"759\" data-end=\"947\"><span style=\"color: #000000;\"><strong data-start=\"762\" data-end=\"797\">4. An to\u00e0n &amp; \u1ed5n \u0111\u1ecbnh ch\u1ea5t l\u01b0\u1ee3ng<\/strong><\/span><br data-start=\"797\" data-end=\"800\" \/><span style=\"color: #000000;\">\u0110\u01b0\u1ee3c s\u1ea3n xu\u1ea5t trong m\u00f4i tr\u01b0\u1eddng kh\u00e9p k\u00edn, ki\u1ec3m so\u00e1t v\u1ec7 sinh nghi\u00eam ng\u1eb7t, puree b\u01a1 \u0111\u00f4ng l\u1ea1nh kh\u00f4ng d\u00f9ng ch\u1ea5t b\u1ea3o qu\u1ea3n v\u00e0 lu\u00f4n \u0111\u1ed3ng \u0111\u1ec1u v\u1ec1 ch\u1ea5t l\u01b0\u1ee3ng.<\/span><\/p>\n<p data-start=\"949\" data-end=\"1120\"><span style=\"color: #000000;\">\u00a0<strong data-start=\"952\" data-end=\"988\">5. D\u1ec5 d\u00e0ng b\u1ea3o qu\u1ea3n &amp; v\u1eadn chuy\u1ec3n<\/strong><\/span><br data-start=\"988\" data-end=\"991\" \/><span style=\"color: #000000;\">S\u1ea3n ph\u1ea9m \u0111\u01b0\u1ee3c \u0111\u00f3ng g\u00f3i chuy\u00ean d\u1ee5ng, b\u1ea3o qu\u1ea3n \u1edf nhi\u1ec7t \u0111\u1ed9 \u0111\u00f4ng (-18\u00b0C), gi\u00fap k\u00e9o d\u00e0i th\u1eddi gian s\u1eed d\u1ee5ng m\u00e0 v\u1eabn \u0111\u1ea3m b\u1ea3o \u0111\u1ed9 t\u01b0\u01a1i ngon.<\/span><\/p>\n<h3 data-start=\"0\" data-end=\"258\"><span style=\"color: #000000;\">GI\u00c1 TR\u1eca DINH D\u01af\u1ee0NG C\u1ee6A PUREE B\u01a0 \u0110\u00d4NG L\u1ea0NH\u00a0<\/span><\/h3>\n<p data-start=\"0\" data-end=\"258\"><span style=\"color: #000000;\">Puree b\u01a1 \u0111\u00f4ng l\u1ea1nh kh\u00f4ng ch\u1ec9 ti\u1ec7n l\u1ee3i m\u00e0 c\u00f2n gi\u1eef l\u1ea1i g\u1ea7n nh\u01b0 tr\u1ecdn v\u1eb9n <strong data-start=\"123\" data-end=\"162\">gi\u00e1 tr\u1ecb dinh d\u01b0\u1ee1ng c\u1ee7a tr\u00e1i b\u01a1 t\u01b0\u01a1i<\/strong> \u2013 m\u1ed9t lo\u1ea1i tr\u00e1i c\u00e2y \u0111\u01b0\u1ee3c m\u1ec7nh danh l\u00e0 \u201csi\u00eau th\u1ef1c ph\u1ea9m\u201d nh\u1edd th\u00e0nh ph\u1ea7n gi\u00e0u d\u01b0\u1ee1ng ch\u1ea5t t\u1ef1 nhi\u00ean.<\/span><\/p>\n<h3 data-start=\"260\" data-end=\"303\"><span style=\"color: #000000;\">1. Gi\u00e0u ch\u1ea5t b\u00e9o t\u1ed1t cho tim m\u1ea1ch<\/span><\/h3>\n<p data-start=\"260\" data-end=\"303\"><span style=\"color: #000000;\">Puree b\u01a1 ch\u1ee9a nhi\u1ec1u axit b\u00e9o kh\u00f4ng b\u00e3o h\u00f2a \u0111\u01a1n (nh\u01b0 axit oleic), gi\u00fap gi\u1ea3m cholesterol x\u1ea5u (LDL) v\u00e0 t\u0103ng cholesterol t\u1ed1t (HDL), h\u1ed7 tr\u1ee3 s\u1ee9c kh\u1ecfe tim m\u1ea1ch.<\/span><\/p>\n<h3 data-start=\"461\" data-end=\"495\"><span style=\"color: #000000;\">2. Ngu\u1ed3n ch\u1ea5t x\u01a1 d\u1ed3i d\u00e0o<\/span><\/h3>\n<ul data-start=\"496\" data-end=\"617\">\n<li data-start=\"496\" data-end=\"570\">\n<p data-start=\"498\" data-end=\"570\"><span style=\"color: #000000;\">Gi\u00fap c\u1ea3i thi\u1ec7n h\u1ec7 ti\u00eau h\u00f3a, t\u0103ng c\u1ea3m gi\u00e1c no v\u00e0 ki\u1ec3m so\u00e1t \u0111\u01b0\u1eddng huy\u1ebft.<\/span><\/p>\n<\/li>\n<li data-start=\"571\" data-end=\"617\">\n<p data-start=\"573\" data-end=\"617\"><span style=\"color: #000000;\">Trung b\u00ecnh 100g b\u01a1 ch\u1ee9a kho\u1ea3ng 6\u20137g ch\u1ea5t x\u01a1.<\/span><\/p>\n<\/li>\n<\/ul>\n<h3 data-start=\"619\" data-end=\"663\"><span style=\"color: #000000;\">3. Vitamin &amp; kho\u00e1ng ch\u1ea5t phong ph\u00fa<\/span><\/h3>\n<ul data-start=\"664\" data-end=\"965\">\n<li data-start=\"664\" data-end=\"712\">\n<p data-start=\"666\" data-end=\"712\"><span style=\"color: #000000;\"><strong data-start=\"666\" data-end=\"679\">Vitamin E<\/strong>: ch\u1ed1ng oxy h\u00f3a, b\u1ea3o v\u1ec7 t\u1ebf b\u00e0o.<\/span><\/p>\n<\/li>\n<li data-start=\"713\" data-end=\"773\">\n<p data-start=\"715\" data-end=\"773\"><span style=\"color: #000000;\"><strong data-start=\"715\" data-end=\"728\">Vitamin C<\/strong>: t\u0103ng c\u01b0\u1eddng mi\u1ec5n d\u1ecbch, h\u1ed7 tr\u1ee3 h\u1ea5p thu s\u1eaft.<\/span><\/p>\n<\/li>\n<li data-start=\"774\" data-end=\"858\">\n<p data-start=\"776\" data-end=\"858\"><span style=\"color: #000000;\"><strong data-start=\"776\" data-end=\"797\">Vitamin K, B5, B6<\/strong>: gi\u00fap \u0111\u00f4ng m\u00e1u, duy tr\u00ec n\u0103ng l\u01b0\u1ee3ng v\u00e0 th\u1ea7n kinh kh\u1ecfe m\u1ea1nh.<\/span><\/p>\n<\/li>\n<li data-start=\"859\" data-end=\"911\">\n<p data-start=\"861\" data-end=\"911\"><span style=\"color: #000000;\"><strong data-start=\"861\" data-end=\"871\">Folate<\/strong>: r\u1ea5t quan tr\u1ecdng v\u1edbi ph\u1ee5 n\u1eef mang thai.<\/span><\/p>\n<\/li>\n<li data-start=\"912\" data-end=\"965\">\n<p data-start=\"914\" data-end=\"965\"><span style=\"color: #000000;\"><strong data-start=\"914\" data-end=\"922\">Kali<\/strong>: cao h\u01a1n c\u1ea3 chu\u1ed1i, gi\u00fap \u0111i\u1ec1u h\u00f2a huy\u1ebft \u00e1p.<\/span><\/p>\n<\/li>\n<\/ul>\n<h3 data-start=\"967\" data-end=\"998\"><span style=\"color: #000000;\">4. Ch\u1ea5t ch\u1ed1ng oxy h\u00f3a<\/span><\/h3>\n<ul data-start=\"999\" data-end=\"1088\">\n<li data-start=\"999\" data-end=\"1088\">\n<p data-start=\"1001\" data-end=\"1088\"><span style=\"color: #000000;\">B\u01a1 ch\u1ee9a lutein v\u00e0 zeaxanthin \u2013 h\u1ed7 tr\u1ee3 s\u1ee9c kh\u1ecfe m\u1eaft, ch\u1ed1ng l\u1ea1i t\u00e1c h\u1ea1i t\u1eeb \u00e1nh s\u00e1ng xanh.<\/span><\/p>\n<\/li>\n<\/ul>\n<h3 data-start=\"1090\" data-end=\"1159\"><span style=\"color: #000000;\">5. Th\u00e0nh ph\u1ea7n t\u1ef1 nhi\u00ean<\/span><\/h3>\n<ul data-start=\"1160\" data-end=\"1292\">\n<li data-start=\"1160\" data-end=\"1292\">\n<p data-start=\"1162\" data-end=\"1292\"><span style=\"color: #000000;\">Puree b\u01a1 \u0111\u00f4ng l\u1ea1nh th\u01b0\u1eddng \u0111\u01b0\u1ee3c s\u1ea3n xu\u1ea5t t\u1eeb 100% b\u01a1 ch\u00edn, c\u1ea5p \u0111\u00f4ng ngay sau khi nghi\u1ec1n \u0111\u1ec3 gi\u1eef nguy\u00ean m\u00e0u s\u1eafc, m\u00f9i v\u1ecb v\u00e0 dinh d\u01b0\u1ee1ng.<\/span><\/p>\n<\/li>\n<\/ul>\n","protected":false},"excerpt":{"rendered":"<table style=\"width: 402px;\">\n<tbody>\n<tr>\n<td style=\"width: 136.81px;\"><span style=\"color: #1755ad;\"><strong>Th\u00f4ng tin<\/strong><\/span><\/td>\n<td style=\"width: 251.19px;\"><span style=\"color: #000000;\">Puree S\u1ea7u ri\u00eang<\/span><\/td>\n<\/tr>\n<tr>\n<td style=\"width: 136.81px;\"><span style=\"color: #1755ad;\"><strong>Lo\u1ea1i<\/strong><\/span><\/td>\n<td style=\"width: 251.19px;\"><span style=\"color: #000000;\">T\u00fai or theo y\u00eau c\u1ea7u kh\u00e1ch h\u00e0ng<\/span><\/td>\n<\/tr>\n<tr>\n<td style=\"width: 136.81px;\"><span style=\"color: #1755ad;\"><strong>M\u00f9a v\u1ee5<\/strong><\/span><\/td>\n<td style=\"width: 251.19px;\"><span style=\"color: #000000;\">Quanh n\u0103m<\/span><\/td>\n<\/tr>\n<tr>\n<td style=\"width: 136.81px;\"><span style=\"color: #1755ad;\"><strong>Quy c\u00e1ch \u0111\u00f3ng g\u00f3i<\/strong><\/span><\/td>\n<td style=\"width: 251.19px;\"><span style=\"color: #000000;\">10kg\/bag ho\u1eb7c theo y\u00eau c\u1ea7u kh\u00e1ch<\/span><\/td>\n<\/tr>\n<tr>\n<td style=\"width: 136.81px;\"><span style=\"color: #1755ad;\"><strong>\u0110i\u1ec1u ki\u1ec7n b\u1ea3o qu\u1ea3n<\/strong><\/span><\/td>\n<td style=\"width: 251.19px;\"><span style=\"color: #000000;\">S\u1ea3n ph\u1ea9m \u0111\u01b0\u1ee3c l\u01b0u tr\u1eef trong kho -18\u00b0C<\/span><\/td>\n<\/tr>\n<tr>\n<td style=\"width: 136.81px;\"><span style=\"color: #1755ad;\"><strong>Th\u1eddi h\u1ea1n s\u1eed d\u1ee5ng<\/strong><\/span><\/td>\n<td style=\"width: 251.19px;\"><span style=\"color: #000000;\">24 th\u00e1ng k\u1ec3 t\u1eeb ng\u00e0y s\u1ea3n xu\u1ea5t\u00a0<\/span><\/td>\n<\/tr>\n<\/tbody>\n<\/table>\n","protected":false},"featured_media":19346,"comment_status":"closed","ping_status":"closed","template":"","meta":[],"product_brand":[],"product_cat":[16],"product_tag":[],"class_list":{"0":"post-19345","1":"product","2":"type-product","3":"status-publish","4":"has-post-thumbnail","6":"product_cat-uncategorized","8":"first","9":"instock","10":"shipping-taxable","11":"product-type-simple"},"_links":{"self":[{"href":"https:\/\/hfoods.vn\/vi\/wp-json\/wp\/v2\/product\/19345","targetHints":{"allow":["GET"]}}],"collection":[{"href":"https:\/\/hfoods.vn\/vi\/wp-json\/wp\/v2\/product"}],"about":[{"href":"https:\/\/hfoods.vn\/vi\/wp-json\/wp\/v2\/types\/product"}],"replies":[{"embeddable":true,"href":"https:\/\/hfoods.vn\/vi\/wp-json\/wp\/v2\/comments?post=19345"}],"wp:featuredmedia":[{"embeddable":true,"href":"https:\/\/hfoods.vn\/vi\/wp-json\/wp\/v2\/media\/19346"}],"wp:attachment":[{"href":"https:\/\/hfoods.vn\/vi\/wp-json\/wp\/v2\/media?parent=19345"}],"wp:term":[{"taxonomy":"product_brand","embeddable":true,"href":"https:\/\/hfoods.vn\/vi\/wp-json\/wp\/v2\/product_brand?post=19345"},{"taxonomy":"product_cat","embeddable":true,"href":"https:\/\/hfoods.vn\/vi\/wp-json\/wp\/v2\/product_cat?post=19345"},{"taxonomy":"product_tag","embeddable":true,"href":"https:\/\/hfoods.vn\/vi\/wp-json\/wp\/v2\/product_tag?post=19345"}],"curies":[{"name":"wp","href":"https:\/\/api.w.org\/{rel}","templated":true}]}}