{"id":19459,"date":"2025-08-13T13:49:56","date_gmt":"2025-08-13T06:49:56","guid":{"rendered":"https:\/\/hfoods.vn\/?post_type=product&#038;p=19459"},"modified":"2026-04-02T17:53:51","modified_gmt":"2026-04-02T10:53:51","slug":"nuoc-ep-xoai-vien-dong-lanh","status":"publish","type":"product","link":"https:\/\/hfoods.vn\/vi\/san-pham\/nuoc-ep-xoai-vien-dong-lanh\/","title":{"rendered":"N\u01b0\u1edbc \u00c9p Xo\u00e0i Vi\u00ean \u0110\u00f4ng L\u1ea1nh"},"content":{"rendered":"<h2><span style=\"color: #000000;\">N\u01af\u1edaC \u00c9P XO\u00c0I VI\u00caN \u0110\u00d4NG L\u1ea0NH<\/span><\/h2>\n<p><span style=\"font-weight: 400; color: #000000;\">N\u01b0\u1edbc \u00e9p xo\u00e0i vi\u00ean \u0111\u00f4ng l\u1ea1nh c\u1ee7a C\u00f4ng ty C\u1ed5 ph\u1ea7n Th\u1ef1c ph\u1ea9m H\u00f9ng H\u1eadu (HungHau Foods), \u0111\u01b0\u1ee3c tuy\u1ec3n ch\u1ecdn t\u1eeb nh\u1eefng tr\u00e1i xo\u00e0i \u0111\u1ea1t chu\u1ea9n t\u1ea1i c\u00e1c v\u00f9ng tr\u1ed3ng thu\u1ed9c \u0110\u1ed3ng Th\u00e1p v\u00e0 An Giang (Vi\u1ec7t Nam). S\u1ea3n ph\u1ea9m \u0111\u01b0\u1ee3c c\u1ea5p \u0111\u00f4ng b\u1eb1ng c\u00f4ng ngh\u1ec7 IQF hi\u1ec7n \u0111\u1ea1i, \u0111\u1ea3m b\u1ea3o gi\u1eef \u0111\u01b0\u1ee3c h\u01b0\u01a1ng v\u1ecb, m\u00e0u s\u1eafc v\u00e0 ch\u1ea5t l\u01b0\u1ee3ng t\u1ef1 nhi\u00ean.\u00a0<\/span><\/p>\n<p><span style=\"font-weight: 400; color: #000000;\">HungHau Foods s\u1edf h\u1eefu n\u0103ng l\u1ef1c cung \u1ee9ng c\u00e1c s\u1ea3n ph\u1ea9m t\u1eeb xo\u00e0i\u00a0 l\u00ean \u0111\u1ebfn 10.000 t\u1ea5n th\u00e0nh ph\u1ea9m m\u1ed7i n\u0103m. S\u1ea3n ph\u1ea9m &amp; nh\u00e0 m\u00e1y ch\u1ebf bi\u1ebfn c\u1ee7a HungHau Foods \u0111\u1ea1t c\u00e1c ch\u1ee9ng nh\u1eadn, ti\u00eau chu\u1ea9n qu\u1ed1c t\u1ebf, bao g\u1ed3m g\u1ed3m: BRCGS, HACCP, ISO 22000, FDA, KV, HALAL v\u00e0 SMETA.<\/span><\/p>\n<h2><span style=\"color: #000000;\">\u0110\u1eb6C \u0110I\u1ec2M N\u1ed4I B\u1eacT<\/span><\/h2>\n<ul>\n<li style=\"font-weight: 400;\" aria-level=\"1\"><span style=\"font-weight: 400; color: #000000;\">M\u00f9i v\u1ecb: Gi\u1eef nguy\u00ean \u0111\u01b0\u1ee3c h\u01b0\u01a1ng v\u1ecb xo\u00e0i t\u1ef1 nhi\u00ean<\/span><\/li>\n<li style=\"font-weight: 400;\" aria-level=\"1\"><span style=\"font-weight: 400; color: #000000;\">M\u00e0u s\u1eafc: v\u00e0ng<\/span><\/li>\n<li style=\"font-weight: 400;\" aria-level=\"1\"><span style=\"font-weight: 400; color: #000000;\">C\u00f4ng ngh\u1ec7 c\u1ea5p \u0111\u00f4ng: \u0110\u01b0\u1ee3c x\u1eed l\u00fd theo c\u00f4ng ngh\u1ec7 IQF (Individual Quick Freezing) c\u1ea5p \u0111\u00f4ng nhanh gi\u00fap gi\u1eef tr\u1ecdn h\u01b0\u01a1ng v\u1ecb, m\u00e0u s\u1eafc v\u00e0 k\u1ebft c\u1ea5u s\u00e1nh m\u1ecbn t\u1ef1 nhi\u00ean, kh\u00f4ng l\u1eabn t\u1ea1p ch\u1ea5t hay ch\u1ea5t b\u1ea3o qu\u1ea3n.<\/span><\/li>\n<li style=\"font-weight: 400;\" aria-level=\"1\"><span style=\"font-weight: 400; color: #000000;\">B\u1ea3o qu\u1ea3n: D\u1ec5 b\u1ea3o qu\u1ea3n v\u00e0 r\u00e3 \u0111\u00f4ng nhanh<\/span><\/li>\n<li style=\"font-weight: 400;\" aria-level=\"1\"><span style=\"font-weight: 400; color: #000000;\">D\u1ea1ng cung c\u1ea5p: kh\u1ed1i vi\u00ean<\/span><\/li>\n<\/ul>\n<p><span style=\"color: #000000;\"><b>TH\u00d4NG TIN K\u1ef8 THU\u1eacT<\/b><\/span><\/p>\n<table>\n<tbody>\n<tr>\n<td><span style=\"font-weight: 400; color: #000000;\">Lo\u1ea1i h\u00e0ng (Style)<\/span><\/td>\n<td><span style=\"font-weight: 400; color: #000000;\">N\u01b0\u1edbc \u00e9p xo\u00e0i vi\u00ean \u0111\u00f4ng l\u1ea1nh\u00a0<\/span><\/td>\n<\/tr>\n<tr>\n<td><span style=\"font-weight: 400; color: #000000;\">Ph\u00e2n lo\u1ea1i<\/span><\/td>\n<td><span style=\"font-weight: 400; color: #000000;\">\u00a0Xo\u00e0i C\u00e1t Chu v\u00e0 Xo\u00e0i keo<\/span><\/td>\n<\/tr>\n<tr>\n<td><span style=\"font-weight: 400; color: #000000;\">M\u00e0u s\u1eafc (Color)<\/span><\/td>\n<td><span style=\"font-weight: 400; color: #000000;\">V\u00e0ng\u00a0<\/span><\/td>\n<\/tr>\n<tr>\n<td><span style=\"font-weight: 400; color: #000000;\">Qu\u00e1 tr\u00ecnh \u0111\u00f4ng l\u1ea1nh (Freezing Process):<\/span><\/td>\n<td><span style=\"font-weight: 400; color: #000000;\">S\u1eed d\u1ee5ng c\u00f4ng ngh\u1ec7 c\u1ea5p \u0111\u00f4ng nhanh IQF (Individual Quick Freezing) \u2013 c\u1ea5p \u0111\u00f4ng t\u1eebng c\u00e1 th\u1ec3.<\/span><\/td>\n<\/tr>\n<tr>\n<td><span style=\"font-weight: 400; color: #000000;\">Tr\u1ecdng l\u01b0\u1ee3ng PA (Weight\/PA)<\/span><\/td>\n<td><span style=\"font-weight: 400; color: #000000;\">T\u00f9y theo y\u00eau c\u1ea7u kh\u00e1ch h\u00e0ng<\/span><\/td>\n<\/tr>\n<tr>\n<td><span style=\"font-weight: 400; color: #000000;\">Tr\u1ecdng l\u01b0\u1ee3ng\/ctn (Weight\/ctn):<\/span><\/td>\n<td><span style=\"font-weight: 400; color: #000000;\">T\u00f9y theo y\u00eau c\u1ea7u kh\u00e1ch h\u00e0ng<\/span><\/td>\n<\/tr>\n<tr>\n<td><span style=\"font-weight: 400; color: #000000;\">Nhi\u1ec7t \u0111\u1ed9 l\u01b0u tr\u1eef (Storage):<\/span><\/td>\n<td><span style=\"font-weight: 400; color: #000000;\">-18\u2103<\/span><\/td>\n<\/tr>\n<tr>\n<td><span style=\"font-weight: 400; color: #000000;\">Ngu\u1ed3n g\u1ed1c (origin):\u00a0<\/span><\/td>\n<td><span style=\"font-weight: 400; color: #000000;\">Vi\u1ec7t Nam<\/span><\/td>\n<\/tr>\n<tr>\n<td><span style=\"font-weight: 400; color: #000000;\">Ph\u01b0\u01a1ng th\u1ee9c v\u1eadn chuy\u1ec3n (Method of delivery)<\/span><\/td>\n<td><span style=\"font-weight: 400; color: #000000;\">\u0110\u01b0\u1eddng bi\u1ec3n ho\u1eb7c \u0111\u01b0\u1eddng h\u00e0ng kh\u00f4ng.\u00a0<\/span><\/td>\n<\/tr>\n<tr>\n<td><span style=\"font-weight: 400; color: #000000;\">\u0110\u00f3ng g\u00f3i (packaging)<\/span><\/td>\n<td><span style=\"font-weight: 400; color: #000000;\">Chai, block, t\u00fai\u00a0 1-2-5kg,\u2026 ho\u1eb7c theo y\u00eau c\u1ea7u kh\u00e1ch ho\u00e0ng<\/span><\/td>\n<\/tr>\n<tr>\n<td><span style=\"font-weight: 400; color: #000000;\">Theo m\u00f9a (season)<\/span><\/td>\n<td><span style=\"font-weight: 400; color: #000000;\">Th\u00e1ng 2 th\u00e1ng 6 v\u00e0 th\u00e1ng 10 -12<\/span><\/td>\n<\/tr>\n<tr>\n<td><span style=\"font-weight: 400; color: #000000;\">H\u1ea1n s\u1eed d\u1ee5ng (Shelf life)<\/span><\/td>\n<td><span style=\"font-weight: 400; color: #000000;\">24 th\u00e1ng<\/span><\/td>\n<\/tr>\n<\/tbody>\n<\/table>\n<h3>TH\u00d4NG TIN LI\u00caN H\u1ec6<\/h3>\n<p><span style=\"color: #000000; font-family: arial, helvetica, sans-serif;\">Email:\u00a0<span style=\"color: #1755ad;\"><a style=\"color: #1755ad;\" href=\"mailto:sales@hunghau.vn\">sales@hunghau.vn<\/a><\/span><\/span><br \/>\n<span style=\"color: #000000; font-family: arial, helvetica, sans-serif;\">Hotline: (+84)79 721 3333\u00a0<\/span><\/p>\n<p><span style=\"color: #000000; font-family: arial, helvetica, sans-serif;\">Email:\u00a0\u00a0<span style=\"color: #1755ad;\"><a style=\"color: #1755ad;\" href=\"mailto:Anna@hunghau.vn\">Hana@hunghau.vn<\/a>\u00a0<\/span><\/span><br \/>\n<span style=\"color: #000000; font-family: arial, helvetica, sans-serif;\">Hotline: (+84)79 721 3333<\/span><\/p>\n<p><span style=\"color: #000000; font-family: arial, helvetica, sans-serif;\">Email:\u00a0<span style=\"color: #1755ad;\"><a style=\"color: #1755ad;\" href=\"mailto:yenn@hunghau.vn\">yenn@hunghau.vn<\/a>\u00a0<\/span><\/span><br \/>\n<span style=\"color: #000000; font-family: arial, helvetica, sans-serif;\">Hotline: (+84)78 520 3333<\/span><\/p>\n<p>H\u00ccNH \u1ea2NH S\u1ea2N PH\u1ea8M<\/p>\n<figure id=\"attachment_22527\" aria-describedby=\"caption-attachment-22527\" style=\"width: 1000px\" class=\"wp-caption aligncenter\"><img loading=\"lazy\" decoding=\"async\" class=\"size-full wp-image-22527\" src=\"https:\/\/hfoods.vn\/wp-content\/uploads\/2025\/08\/HHF_Hang-Dong_Xoai-vien.jpg\" alt=\"N\u01b0\u1edbc \u00e9p xo\u00e0i vi\u00ean \u0111\u00f4ng l\u1ea1nh HungHau Foods\" width=\"1000\" height=\"1000\" srcset=\"https:\/\/hfoods.vn\/wp-content\/uploads\/2025\/08\/HHF_Hang-Dong_Xoai-vien.jpg 1000w, https:\/\/hfoods.vn\/wp-content\/uploads\/2025\/08\/HHF_Hang-Dong_Xoai-vien-768x768.jpg 768w, https:\/\/hfoods.vn\/wp-content\/uploads\/2025\/08\/HHF_Hang-Dong_Xoai-vien-45x45.jpg 45w, https:\/\/hfoods.vn\/wp-content\/uploads\/2025\/08\/HHF_Hang-Dong_Xoai-vien-100x100.jpg 100w\" sizes=\"auto, (max-width: 1000px) 100vw, 1000px\" \/><figcaption id=\"caption-attachment-22527\" class=\"wp-caption-text\"><center>N\u01b0\u1edbc \u00e9p xo\u00e0i vi\u00ean \u0111\u00f4ng l\u1ea1nh HungHau Foods<center><\/center><\/center><\/figcaption><\/figure>\n<h3><span style=\"color: #000000;\">TH\u00c0NH PH\u1ea6N DINH D\u01af\u1ee0NG\u00a0<\/span><\/h3>\n<ol>\n<li><span style=\"color: #000000;\"><b> Vitamin C: <\/b>N\u01b0\u1edbc \u00e9p x<span style=\"font-weight: 400;\">o\u00e0i\u00a0 l\u00e0 m\u1ed9t ngu\u1ed3n cung c\u1ea5p vitamin C d\u1ed3i d\u00e0o, gi\u00fap t\u0103ng c\u01b0\u1eddng h\u1ec7 mi\u1ec5n d\u1ecbch v\u00e0 c\u1ea3i thi\u1ec7n s\u1ee9c \u0111\u1ec1 kh\u00e1ng cho c\u01a1 th\u1ec3. Vitamin C c\u00f2n h\u1ed7 tr\u1ee3 s\u1ef1 s\u1ea3n xu\u1ea5t collagen, t\u1ed1t cho l\u00e0n da v\u00e0 x\u01b0\u01a1ng kh\u1edbp.<\/span><\/span><\/li>\n<li><span style=\"color: #000000;\"><strong> Carotenoids<\/strong>: Ch\u1ee9a m\u1ed9t l\u01b0\u1ee3ng carotenoids \u0111\u00e1ng k\u1ec3,\u00a0 gi\u00fap duy tr\u00ec s\u1ee9c kh\u1ecfe m\u1eaft, l\u00e0n da v\u00e0 h\u1ed7 tr\u1ee3 h\u1ec7 th\u1ed1ng mi\u1ec5n d\u1ecbch, \u0111\u1eb7c bi\u1ec7t c\u00f3 l\u1ee3i cho tr\u1ebb nh\u1ecf v\u00e0 ng\u01b0\u1eddi cao tu\u1ed5i.<\/span><\/li>\n<li><span style=\"color: #000000;\"><strong> Ch\u1ea5t X\u01a1:<\/strong> Ch\u1ea5t x\u01a1 trong xo\u00e0i gi\u00fap h\u1ed7 tr\u1ee3 h\u1ec7 ti\u00eau h\u00f3a, duy tr\u00ec c\u1ea3m gi\u00e1c no l\u00e2u v\u00e0 ki\u1ec3m so\u00e1t m\u1ee9c cholesterol trong m\u00e1u, t\u1eeb \u0111\u00f3 gi\u00fap ph\u00f2ng ng\u1eeba b\u1ec7nh tim m\u1ea1ch.<\/span><\/li>\n<li><span style=\"color: #000000;\"><strong>\u00a0Kali:<\/strong> N\u01b0\u1edbc \u00e9p xo\u00e0i \u00a0ch\u1ee9a kali, m\u1ed9t kho\u00e1ng ch\u1ea5t quan tr\u1ecdng gi\u00fap ki\u1ec3m so\u00e1t huy\u1ebft \u00e1p v\u00e0 c\u1ea3i thi\u1ec7n s\u1ee9c kh\u1ecfe tim m\u1ea1ch. Kali c\u0169ng gi\u00fap duy tr\u00ec s\u1ef1 c\u00e2n b\u1eb1ng n\u01b0\u1edbc trong c\u01a1 th\u1ec3.<\/span><\/li>\n<\/ol>\n<h3><span style=\"color: #000000;\">\u1ee8NG D\u1ee4NG<\/span><\/h3>\n<ul>\n<li data-start=\"48\" data-end=\"174\">\n<p data-start=\"50\" data-end=\"174\"><span style=\"color: #000000;\"><strong>Nguy\u00ean li\u1ec7u cho nh\u00e0 m\u00e1y \u0111\u1ed3 u\u1ed1ng<\/strong>: s\u1ea3n xu\u1ea5t n\u01b0\u1edbc \u00e9p, smoothie, nectar, \u0111\u1ed3 u\u1ed1ng pha ch\u1ebf \u0111\u00f3ng chai v\u1edbi ch\u1ea5t l\u01b0\u1ee3ng \u1ed5n \u0111\u1ecbnh.<\/span><\/p>\n<\/li>\n<li data-start=\"175\" data-end=\"290\">\n<p data-start=\"177\" data-end=\"290\"><span style=\"color: #000000;\"><strong>\u1ee8ng d\u1ee5ng trong ng\u00e0nh kem &amp; tr\u00e1ng mi\u1ec7ng c\u00f4ng nghi\u1ec7p<\/strong>: kem, sorbet, yogurt \u0111\u00f4ng l\u1ea1nh, pudding, th\u1ea1ch tr\u00e1i c\u00e2y.<\/span><\/p>\n<\/li>\n<li data-start=\"291\" data-end=\"419\">\n<p data-start=\"293\" data-end=\"419\"><span style=\"color: #000000;\"><strong>S\u1eed d\u1ee5ng cho ng\u00e0nh b\u00e1nh &amp; th\u1ef1c ph\u1ea9m ch\u1ebf bi\u1ebfn:<\/strong> l\u00e0m nh\u00e2n b\u00e1nh, s\u1ed1t xo\u00e0i, mousse, cheesecake v\u00e0 c\u00e1c s\u1ea3n ph\u1ea9m bakery cao c\u1ea5p.<\/span><\/p>\n<\/li>\n<li data-start=\"420\" data-end=\"537\" data-is-last-node=\"\">\n<p data-start=\"422\" data-end=\"537\" data-is-last-node=\"\"><span style=\"color: #000000;\"><strong>Ph\u00f9 h\u1ee3p v\u1edbi HORECA &amp; chu\u1ed7i F&amp;B:<\/strong> t\u1ed1i \u01b0u b\u1ea3o qu\u1ea3n, d\u1ec5 \u0111\u1ecbnh l\u01b0\u1ee3ng, \u0111\u1ea3m b\u1ea3o \u0111\u1ed3ng nh\u1ea5t h\u01b0\u01a1ng v\u1ecb v\u00e0 hi\u1ec7u qu\u1ea3 chi ph\u00ed.<\/span><\/p>\n<\/li>\n<\/ul>\n<h3><span style=\"color: #000000; font-family: arial, helvetica, sans-serif;\">TH\u00d4NG TIN LI\u00caN H\u1ec6:<\/span><\/h3>\n<p><span style=\"color: #000000; font-family: arial, helvetica, sans-serif;\">Email:\u00a0<span style=\"color: #1755ad;\"><a style=\"color: #1755ad;\" href=\"mailto:sales@hunghau.vn\">sales@hunghau.vn<\/a><\/span><\/span><br \/>\n<span style=\"color: #000000; font-family: arial, helvetica, sans-serif;\">Hotline: (+84)79 721 3333\u00a0<\/span><\/p>\n<p><span style=\"color: #000000; font-family: arial, helvetica, sans-serif;\">Email:\u00a0\u00a0<span style=\"color: #1755ad;\"><a style=\"color: #1755ad;\" href=\"mailto:Anna@hunghau.vn\">Anna@hunghau.vn<\/a>\u00a0<\/span><\/span><br \/>\n<span style=\"color: #000000; font-family: arial, helvetica, sans-serif;\">Hotline: (+84)96 740 0333<\/span><\/p>\n<p><span style=\"color: #000000; font-family: arial, helvetica, sans-serif;\">Email:\u00a0<span style=\"color: #1755ad;\"><a style=\"color: #1755ad;\" href=\"mailto:yenn@hunghau.vn\">yenn@hunghau.vn<\/a>\u00a0<\/span><\/span><br \/>\n<span style=\"color: #000000; font-family: arial, helvetica, sans-serif;\">Hotline: (+84)78 520 3333<\/span><\/p>\n<p><span style=\"color: #000000; font-family: arial, helvetica, sans-serif;\"><b>C\u00f4ng ty C\u1ed5 ph\u1ea7n Th\u1ef1c ph\u1ea9m H\u00f9ng H\u1eadu (HungHau Foods)<\/b><\/span><\/p>\n<p><span style=\"font-family: arial, helvetica, sans-serif;\"><strong><span style=\"color: #000000;\">\u0110\u1ecba ch\u1ec9: 642 \u00c2u C\u01a1, Ph\u01b0\u1eddng B\u1ea3y Hi\u1ec1n, Th\u00e0nh Ph\u1ed1 H\u1ed3 Ch\u00ed Minh<\/span><\/strong><\/span><\/p>\n<p><span style=\"color: #000000; font-family: arial, helvetica, sans-serif;\"><b>Nh\u00e0 xu\u1ea5t kh\u1ea9u n\u00f4ng s\u1ea3n &#8211; Nh\u00e0 cung \u1ee9ng tr\u00e1i c\u00e2y &amp; rau c\u1ee7 \u0111\u00f4ng l\u1ea1nh t\u1ea1i Vi\u1ec7t Nam.<\/b><\/span><\/p>\n","protected":false},"excerpt":{"rendered":"<table>\n<tbody>\n<tr>\n<td><span style=\"color: #1755ad;\"><strong>Th\u00f4ng tin<\/strong><\/span><\/td>\n<td><span style=\"color: #000000;\">N\u01b0\u1edbc \u00e9p xo\u00e0i vi\u00ean \u0111\u00f4ng l\u1ea1nh<\/span><\/td>\n<\/tr>\n<tr>\n<td><span style=\"color: #1755ad;\"><strong>Lo\u1ea1i<\/strong><\/span><\/td>\n<td><span style=\"color: #000000;\">Block, chai, t\u00fai ho\u1eb7c\u00a0 theo y\u00eau c\u1ea7u kh\u00e1ch h\u00e0ng<\/span><\/td>\n<\/tr>\n<tr>\n<td><span style=\"color: #1755ad;\"><strong>Quy c\u00e1ch \u0111\u00f3ng g\u00f3i<\/strong><\/span><\/td>\n<td><span style=\"color: #000000;\">10kg\/t\u00fai ho\u1eb7c theo y\u00eau c\u1ea7u kh\u00e1ch<\/span><\/td>\n<\/tr>\n<tr>\n<td><span style=\"color: #1755ad;\"><strong>\u0110i\u1ec1u ki\u1ec7n b\u1ea3o qu\u1ea3n<\/strong><\/span><\/td>\n<td><span style=\"color: #000000;\">S\u1ea3n ph\u1ea9m \u0111\u01b0\u1ee3c l\u01b0u tr\u1eef trong kho -18\u00b0C<\/span><\/td>\n<\/tr>\n<tr>\n<td><span style=\"color: #1755ad;\"><strong>Th\u1eddi h\u1ea1n s\u1eed d\u1ee5ng<\/strong><\/span><\/td>\n<td><span style=\"color: #000000;\">24 th\u00e1ng k\u1ec3 t\u1eeb ng\u00e0y s\u1ea3n xu\u1ea5t\u00a0<\/span><\/td>\n<\/tr>\n<\/tbody>\n<\/table>\n","protected":false},"featured_media":19460,"comment_status":"closed","ping_status":"closed","template":"","meta":[],"product_brand":[],"product_cat":[100],"product_tag":[],"class_list":{"0":"post-19459","1":"product","2":"type-product","3":"status-publish","4":"has-post-thumbnail","6":"product_cat-san-pham-xay-nhuyen","8":"first","9":"instock","10":"shipping-taxable","11":"product-type-simple"},"_links":{"self":[{"href":"https:\/\/hfoods.vn\/vi\/wp-json\/wp\/v2\/product\/19459","targetHints":{"allow":["GET"]}}],"collection":[{"href":"https:\/\/hfoods.vn\/vi\/wp-json\/wp\/v2\/product"}],"about":[{"href":"https:\/\/hfoods.vn\/vi\/wp-json\/wp\/v2\/types\/product"}],"replies":[{"embeddable":true,"href":"https:\/\/hfoods.vn\/vi\/wp-json\/wp\/v2\/comments?post=19459"}],"wp:featuredmedia":[{"embeddable":true,"href":"https:\/\/hfoods.vn\/vi\/wp-json\/wp\/v2\/media\/19460"}],"wp:attachment":[{"href":"https:\/\/hfoods.vn\/vi\/wp-json\/wp\/v2\/media?parent=19459"}],"wp:term":[{"taxonomy":"product_brand","embeddable":true,"href":"https:\/\/hfoods.vn\/vi\/wp-json\/wp\/v2\/product_brand?post=19459"},{"taxonomy":"product_cat","embeddable":true,"href":"https:\/\/hfoods.vn\/vi\/wp-json\/wp\/v2\/product_cat?post=19459"},{"taxonomy":"product_tag","embeddable":true,"href":"https:\/\/hfoods.vn\/vi\/wp-json\/wp\/v2\/product_tag?post=19459"}],"curies":[{"name":"wp","href":"https:\/\/api.w.org\/{rel}","templated":true}]}}