{"id":19490,"date":"2025-08-13T15:55:12","date_gmt":"2025-08-13T08:55:12","guid":{"rendered":"https:\/\/hfoods.vn\/?post_type=product&#038;p=19490"},"modified":"2026-04-02T15:31:29","modified_gmt":"2026-04-02T08:31:29","slug":"puree-khoai-lang-vang-dong-lanh","status":"publish","type":"product","link":"https:\/\/hfoods.vn\/vi\/san-pham\/puree-khoai-lang-vang-dong-lanh\/","title":{"rendered":"Puree Khoai Lang V\u00e0ng \u0110\u00f4ng L\u1ea1nh"},"content":{"rendered":"<h2><span style=\"color: #000000;\">PUREE KHOAI LANG V\u00c0NG \u0110\u00d4NG L\u1ea0NH<span style=\"font-weight: 400;\">\u00a0<\/span><\/span><\/h2>\n<p><span style=\"font-weight: 400; color: #000000;\">Puree khoai lang v\u00e0ng \u0111\u00f4ng l\u1ea1nh c\u1ee7a C\u00f4ng ty C\u1ed5 ph\u1ea7n Th\u1ef1c ph\u1ea9m H\u00f9ng H\u1eadu (HungHau Foods), \u0111\u01b0\u1ee3c tuy\u1ec3n ch\u1ecdn t\u1eeb nh\u1eefng c\u1ee7 khoai lang v\u00e0ng \u0111\u1ea1t chu\u1ea9n t\u1ea1i c\u00e1c v\u00f9ng tr\u1ed3ng thu\u1ed9c t\u1ec9nh \u0110\u1eafk L\u1eafk &amp; L\u00e2m \u0110\u1ed3ng (Vi\u1ec7t Nam). S\u1ea3n ph\u1ea9m \u0111\u01b0\u1ee3c c\u1ea5p \u0111\u00f4ng b\u1eb1ng c\u00f4ng ngh\u1ec7 IQF hi\u1ec7n \u0111\u1ea1i, \u0111\u1ea3m b\u1ea3o gi\u1eef \u0111\u01b0\u1ee3c h\u01b0\u01a1ng v\u1ecb, m\u00e0u s\u1eafc v\u00e0 ch\u1ea5t l\u01b0\u1ee3ng t\u1ef1 nhi\u00ean.<\/span><\/p>\n<p><span style=\"font-weight: 400; color: #000000;\">HungHau Foods s\u1edf h\u1eefu n\u0103ng l\u1ef1c cung \u1ee9ng c\u00e1c s\u1ea3n ph\u1ea9m t\u1eeb khoai lang v\u00e0ng \u0111\u00f4ng l\u1ea1nh l\u00ean \u0111\u1ebfn 500 t\u1ea5n th\u00e0nh ph\u1ea9m m\u1ed7i n\u0103m. S\u1ea3n ph\u1ea9m &amp; nh\u00e0 m\u00e1y ch\u1ebf bi\u1ebfn c\u1ee7a HungHau Foods \u0111\u1ea1t c\u00e1c ch\u1ee9ng nh\u1eadn, ti\u00eau chu\u1ea9n qu\u1ed1c t\u1ebf, bao\u00a0 g\u1ed3m: BRCGS, HACCP, ISO 22000, FDA, KV, HALAL v\u00e0 SMETA.<\/span><\/p>\n<h2><span style=\"color: #000000;\">\u0110\u1eb6C \u0110I\u1ec2M N\u1ed4I B\u1eacT\u00a0<\/span><\/h2>\n<ul>\n<li style=\"font-weight: 400;\" aria-level=\"1\"><span style=\"font-weight: 400; color: #000000;\">M\u00f9i v\u1ecb: Gi\u1eef nguy\u00ean \u0111\u01b0\u1ee3c h\u01b0\u01a1ng v\u1ecb khoai lang v\u00e0ng.\u00a0<\/span><\/li>\n<li style=\"font-weight: 400;\" aria-level=\"1\"><span style=\"font-weight: 400; color: #000000;\">M\u00e0u s\u1eafc: M\u00e0u v\u00e0ng t\u1eeb khoai lang v\u00e0ng t\u1ef1 nhi\u00ean<\/span><\/li>\n<li style=\"font-weight: 400;\" aria-level=\"1\"><span style=\"font-weight: 400; color: #000000;\">C\u00f4ng ngh\u1ec7 c\u1ea5p \u0111\u00f4ng: \u0110\u01b0\u1ee3c x\u1eed l\u00fd theo c\u00f4ng ngh\u1ec7 IQF (Individual Quick Freezing) c\u1ea5p \u0111\u00f4ng nhanh gi\u00fap gi\u1eef tr\u1ecdn h\u01b0\u01a1ng v\u1ecb, m\u00e0u s\u1eafc v\u00e0 k\u1ebft c\u1ea5u s\u00e1nh m\u1ecbn t\u1ef1 nhi\u00ean, kh\u00f4ng l\u1eabn t\u1ea1p ch\u1ea5t hay ch\u1ea5t b\u1ea3o qu\u1ea3n.<\/span><\/li>\n<li style=\"font-weight: 400;\" aria-level=\"1\"><span style=\"font-weight: 400; color: #000000;\">B\u1ea3o qu\u1ea3n: D\u1ec5 b\u1ea3o qu\u1ea3n v\u00e0 r\u00e3 \u0111\u00f4ng nhanh<\/span><\/li>\n<li style=\"font-weight: 400;\" aria-level=\"1\"><span style=\"font-weight: 400; color: #000000;\">D\u1ea1ng cung c\u1ea5p: puree khoai lang v\u00e0ng \u0111\u00f4ng l\u1ea1nh<\/span><\/li>\n<\/ul>\n<h2><span style=\"color: #000000;\">TH\u00d4NG TIN K\u1ef8 THU\u1eacT<\/span><\/h2>\n<table>\n<tbody>\n<tr>\n<td><span style=\"font-weight: 400; color: #000000;\">Lo\u1ea1i h\u00e0ng (Style)<\/span><\/td>\n<td><span style=\"font-weight: 400; color: #000000;\">Puree khoai lang v\u00e0ng \u0111\u00f4ng l\u1ea1nh<\/span><\/td>\n<\/tr>\n<tr>\n<td><span style=\"font-weight: 400; color: #000000;\">M\u00e0u s\u1eafc (Color)<\/span><\/td>\n<td><span style=\"font-weight: 400; color: #000000;\">V\u00e0ng nh\u1ea1t<\/span><\/td>\n<\/tr>\n<tr>\n<td><span style=\"font-weight: 400; color: #000000;\">Qu\u00e1 tr\u00ecnh \u0111\u00f4ng l\u1ea1nh (Freezing Process):<\/span><\/td>\n<td><span style=\"font-weight: 400; color: #000000;\">S\u1eed d\u1ee5ng c\u00f4ng ngh\u1ec7 c\u1ea5p \u0111\u00f4ng nhanh IQF (Individual Quick Freezing) \u2013 c\u1ea5p \u0111\u00f4ng t\u1eebng c\u00e1 th\u1ec3.<\/span><\/td>\n<\/tr>\n<tr>\n<td><span style=\"font-weight: 400; color: #000000;\">Tr\u1ecdng l\u01b0\u1ee3ng PA (Weight\/PA)<\/span><\/td>\n<td><span style=\"font-weight: 400; color: #000000;\">T\u00f9y theo y\u00eau c\u1ea7u kh\u00e1ch h\u00e0ng<\/span><\/td>\n<\/tr>\n<tr>\n<td><span style=\"font-weight: 400; color: #000000;\">Tr\u1ecdng l\u01b0\u1ee3ng\/ctn (Weight\/ctn):<\/span><\/td>\n<td><span style=\"font-weight: 400; color: #000000;\">T\u00f9y theo y\u00eau c\u1ea7u kh\u00e1ch h\u00e0ng<\/span><\/td>\n<\/tr>\n<tr>\n<td><span style=\"font-weight: 400; color: #000000;\">Nhi\u1ec7t \u0111\u1ed9 l\u01b0u tr\u1eef (Storage):<\/span><\/td>\n<td><span style=\"font-weight: 400; color: #000000;\">-18\u2103<\/span><\/td>\n<\/tr>\n<tr>\n<td><span style=\"font-weight: 400; color: #000000;\">Ngu\u1ed3n g\u1ed1c (origin):\u00a0<\/span><\/td>\n<td><span style=\"font-weight: 400; color: #000000;\">Vi\u1ec7t Nam<\/span><\/td>\n<\/tr>\n<tr>\n<td><span style=\"font-weight: 400; color: #000000;\">Ph\u01b0\u01a1ng th\u1ee9c v\u1eadn chuy\u1ec3n (Method of delivery)<\/span><\/td>\n<td><span style=\"font-weight: 400; color: #000000;\">\u0110\u01b0\u1eddng bi\u1ec3n ho\u1eb7c \u0111\u01b0\u1eddng h\u00e0ng kh\u00f4ng.\u00a0<\/span><\/td>\n<\/tr>\n<tr>\n<td><span style=\"font-weight: 400; color: #000000;\">\u0110\u00f3ng g\u00f3i (packaging)<\/span><\/td>\n<td><span style=\"font-weight: 400; color: #000000;\">T\u00fai PE\/PA\u00a0 ho\u1eb7c bao b\u00ec theo y\u00eau c\u1ea7u (th\u01b0\u1eddng 1kg, 5kg, 10kg\u2026)<\/span><\/td>\n<\/tr>\n<tr>\n<td><span style=\"font-weight: 400; color: #000000;\">Theo m\u00f9a (season)<\/span><\/p>\n<p><span style=\"font-weight: 400; color: #000000;\">H\u1ea1n s\u1eed d\u1ee5ng (Shelf life)<\/span><\/td>\n<td><span style=\"font-weight: 400; color: #000000;\">T\u1eeb th\u00e1ng 2 \u0111\u1ebfn th\u00e1ng 5<\/span><\/p>\n<p><span style=\"font-weight: 400; color: #000000;\">24 th\u00e1ng\u00a0<\/span><\/td>\n<\/tr>\n<\/tbody>\n<\/table>\n<h3><span style=\"color: #000000; font-family: arial, helvetica, sans-serif;\">TH\u00d4NG TIN LI\u00caN H\u1ec6:<\/span><\/h3>\n<p><span style=\"color: #000000; font-family: arial, helvetica, sans-serif;\">Email:\u00a0<span style=\"color: #1755ad;\"><a style=\"color: #1755ad;\" href=\"mailto:sales@hunghau.vn\">sales@hunghau.vn<\/a><\/span><\/span><br \/>\n<span style=\"color: #000000; font-family: arial, helvetica, sans-serif;\">Hotline: (+84)79 721 3333\u00a0<\/span><\/p>\n<p><span style=\"color: #000000; font-family: arial, helvetica, sans-serif;\">Email:\u00a0\u00a0<span style=\"color: #1755ad;\"><a style=\"color: #1755ad;\" href=\"mailto:Anna@hunghau.vn\">Hana@hunghau.vn<\/a>\u00a0<\/span><\/span><br \/>\n<span style=\"color: #000000; font-family: arial, helvetica, sans-serif;\">Hotline: (+84)79 721 3333\u00a0<\/span><\/p>\n<p><span style=\"color: #000000; font-family: arial, helvetica, sans-serif;\">Email:\u00a0<span style=\"color: #1755ad;\"><a style=\"color: #1755ad;\" href=\"mailto:yenn@hunghau.vn\">yenn@hunghau.vn<\/a>\u00a0<\/span><\/span><br \/>\n<span style=\"color: #000000; font-family: arial, helvetica, sans-serif;\">Hotline: (+84)78 520 3333<\/span><\/p>\n<p><span style=\"font-weight: 400; color: #000000;\">LinkedIn<span style=\"color: #1755ad;\">:<\/span><\/span><span style=\"color: #1755ad;\"><a style=\"color: #1755ad;\" href=\"https:\/\/lnkd.in\/g_KkBKHf\"><span style=\"font-weight: 400;\"> https:\/\/lnkd.in\/g_KkBKHf<\/span><\/a><\/span><\/p>\n<figure id=\"attachment_19491\" aria-describedby=\"caption-attachment-19491\" style=\"width: 2000px\" class=\"wp-caption alignnone\"><img loading=\"lazy\" decoding=\"async\" class=\"size-full wp-image-19491\" src=\"https:\/\/hfoods.vn\/wp-content\/uploads\/2025\/08\/Hung-Hau-Foods_Puree_Khoai-vang-1-1.jpg\" alt=\"Puree khoai lang v\u00e0ng \u0111\u00f4ng l\u1ea1nh \" width=\"2000\" height=\"2000\" \/><figcaption id=\"caption-attachment-19491\" class=\"wp-caption-text\"><center><span style=\"color: #000000;\">Puree khoai lang v\u00e0ng \u0111\u00f4ng l\u1ea1nh HungHau Foods<\/span><center><\/center><\/center><\/figcaption><\/figure>\n<h3><span style=\"color: #000000;\">TH\u00c0NH PH\u1ea6N DINH D\u01af\u1ee0NG<\/span><\/h3>\n<ul>\n<li><span style=\"font-weight: 400; color: #000000;\">Ch\u1ea5t x\u01a1: H\u00e0m l\u01b0\u1ee3ng ch\u1ea5t x\u01a1 cao h\u1ed7 tr\u1ee3 ti\u00eau h\u00f3a, gi\u00fap t\u1ea1o c\u1ea3m gi\u00e1c no l\u00e2u, ph\u00f9 h\u1ee3p cho ch\u1ebf \u0111\u1ed9 \u0103n l\u00e0nh m\u1ea1nh v\u00e0 ki\u1ec3m so\u00e1t c\u00e2n n\u1eb7ng.<\/span><\/li>\n<li><span style=\"font-weight: 400; color: #000000;\">Vitamin: Gi\u00e0u carotenoids,\u00a0 vitamin C v\u00e0 nh\u00f3m B gi\u00fap t\u0103ng c\u01b0\u1eddng mi\u1ec5n d\u1ecbch, c\u1ea3i thi\u1ec7n s\u1ee9c kh\u1ecfe da, m\u1eaft v\u00e0 h\u1ed7 tr\u1ee3 chuy\u1ec3n h\u00f3a n\u0103ng l\u01b0\u1ee3ng.<\/span><\/li>\n<li><span style=\"font-weight: 400; color: #000000;\">Kho\u00e1ng ch\u1ea5t: Ch\u1ee9a kali, mangan, s\u1eaft v\u00e0 magie, gi\u00fap duy tr\u00ec ho\u1ea1t \u0111\u1ed9ng c\u01a1 b\u1eafp, tu\u1ea7n ho\u00e0n v\u00e0 s\u1ee9c kh\u1ecfe t\u1ed5ng th\u1ec3.<\/span><\/li>\n<li><span style=\"font-weight: 400; color: #000000;\">Ch\u1ea5t ch\u1ed1ng oxy h\u00f3a (Anthocyanins): Khoai lang v\u00e0ng gi\u00e0u anthocyanins &#8211; h\u1ee3p ch\u1ea5t t\u1ea1o m\u00e0u v\u00e0ng t\u1ef1 nhi\u00ean, c\u00f3 t\u00e1c d\u1ee5ng ch\u1ed1ng oxy ho\u00e1 m\u1ea1nh, h\u1ed7 tr\u1ee3 tim m\u1ea1ch v\u00e0 ch\u1ed1ng vi\u00eam.<\/span><\/li>\n<\/ul>\n<h3><span style=\"color: #000000;\">\u1ee8NG D\u1ee4NG<\/span><\/h3>\n<ul>\n<li><span style=\"font-weight: 400; color: #000000;\">Nguy\u00ean li\u1ec7u s\u1ea3n xu\u1ea5t c\u00f4ng nghi\u1ec7p: Nguy\u00ean li\u1ec7u s\u1ea3n xu\u1ea5t b\u00e1nh, ch\u00e8, s\u00fap, ch\u00e1o dinh d\u01b0\u1ee1ng. D\u00f9ng cho nh\u00e0 m\u00e1y ch\u1ebf bi\u1ebfn th\u1ef1c ph\u1ea9m, nh\u00e0 h\u00e0ng, kh\u00e1ch s\u1ea1n ho\u1eb7c qu\u00e1n c\u00e0 ph\u00ea.<\/span><\/li>\n<li><span style=\"font-weight: 400; color: #000000;\">Nh\u00e2n b\u00e1nh &amp; tr\u00e1ng mi\u1ec7ng: L\u00e0m nh\u00e2n b\u00e1nh , b\u00e1nh m\u00ec, b\u00e1nh ng\u1ecdt cao c\u1ea5p.<\/span><\/li>\n<li><span style=\"font-weight: 400; color: #000000;\">Xu\u1ea5t kh\u1ea9u &amp; OEM: \u0110\u00f3ng g\u00f3i theo nhi\u1ec1u quy c\u00e1ch (1kg, 5kg, 10kg, 200kg\u2026) thu\u1eadn ti\u1ec7n cho c\u00e1c nh\u00e0 m\u00e1y ch\u1ebf bi\u1ebfn, \u0111\u1ea3m b\u1ea3o ti\u00eau chu\u1ea9n qu\u1ed1c t\u1ebf cho th\u1ecb tr\u01b0\u1eddng xu\u1ea5t kh\u1ea9u<\/span><\/li>\n<\/ul>\n<h3><span style=\"color: #000000; font-family: arial, helvetica, sans-serif;\">TH\u00d4NG TIN LI\u00caN H\u1ec6:<\/span><\/h3>\n<p><span style=\"color: #000000; font-family: arial, helvetica, sans-serif;\">Email:\u00a0<span style=\"color: #1755ad;\"><a style=\"color: #1755ad;\" href=\"mailto:sales@hunghau.vn\">sales@hunghau.vn<\/a><\/span><\/span><br \/>\n<span style=\"color: #000000; font-family: arial, helvetica, sans-serif;\">Hotline: (+84)79 721 3333\u00a0<\/span><\/p>\n<p><span style=\"color: #000000; font-family: arial, helvetica, sans-serif;\">Email:\u00a0\u00a0<span style=\"color: #1755ad;\"><a style=\"color: #1755ad;\" href=\"mailto:Anna@hunghau.vn\">Hana@hunghau.vn<\/a>\u00a0<\/span><\/span><br \/>\n<span style=\"color: #000000; font-family: arial, helvetica, sans-serif;\">Hotline: (+84)79 721 3333\u00a0<\/span><\/p>\n<p><span style=\"color: #000000; font-family: arial, helvetica, sans-serif;\">Email:\u00a0<span style=\"color: #1755ad;\"><a style=\"color: #1755ad;\" href=\"mailto:yenn@hunghau.vn\">yenn@hunghau.vn<\/a>\u00a0<\/span><\/span><br \/>\n<span style=\"color: #000000; font-family: arial, helvetica, sans-serif;\">Hotline: (+84)78 520 3333<\/span><\/p>\n<p><span style=\"font-weight: 400; color: #000000;\">LinkedIn<span style=\"color: #1755ad;\">:<\/span><\/span><span style=\"color: #1755ad;\"><a style=\"color: #1755ad;\" href=\"https:\/\/lnkd.in\/g_KkBKHf\"><span style=\"font-weight: 400;\"> https:\/\/lnkd.in\/g_KkBKHf<\/span><\/a><\/span><\/p>\n<p><span style=\"color: #000000; font-family: arial, helvetica, sans-serif;\"><b>C\u00f4ng ty C\u1ed5 ph\u1ea7n Th\u1ef1c ph\u1ea9m H\u00f9ng H\u1eadu (HungHau Foods)<\/b><\/span><\/p>\n<p><span style=\"font-family: arial, helvetica, sans-serif;\"><strong><span style=\"color: #000000;\">\u0110\u1ecba ch\u1ec9: 642 \u00c2u C\u01a1, Ph\u01b0\u1eddng B\u1ea3y Hi\u1ec1n, Th\u00e0nh Ph\u1ed1 H\u1ed3 Ch\u00ed Minh<\/span><\/strong><\/span><\/p>\n<p><span style=\"color: #000000; font-family: arial, helvetica, sans-serif;\"><b>Nh\u00e0 xu\u1ea5t kh\u1ea9u n\u00f4ng s\u1ea3n &#8211; Nh\u00e0 cung \u1ee9ng tr\u00e1i c\u00e2y &amp; rau c\u1ee7 \u0111\u00f4ng l\u1ea1nh t\u1ea1i Vi\u1ec7t Nam.<\/b><\/span><\/p>\n","protected":false},"excerpt":{"rendered":"<table>\n<tbody>\n<tr>\n<td><span style=\"color: #1755ad;\"><strong>Th\u00f4ng tin<\/strong><\/span><\/td>\n<td><span style=\"color: #000000;\">Puree khoai lang v\u00e0ng<\/span><\/td>\n<\/tr>\n<tr>\n<td><span style=\"color: #1755ad;\"><strong>M\u00f9a v\u1ee5<\/strong><\/span><\/td>\n<td><span style=\"color: #000000;\">Th\u00e1ng 2 \u2013 3 \u2013 4 \u2013 5\u00a0<\/span><\/td>\n<\/tr>\n<tr>\n<td><span style=\"color: #1755ad;\"><strong>Quy c\u00e1ch \u0111\u00f3ng g\u00f3i<\/strong><\/span><\/td>\n<td><span style=\"color: #000000;\">10kg\/t\u00fai ho\u1eb7c theo y\u00eau c\u1ea7u kh\u00e1ch<\/span><\/td>\n<\/tr>\n<tr>\n<td><span style=\"color: #1755ad;\"><strong>\u0110i\u1ec1u ki\u1ec7n b\u1ea3o qu\u1ea3n<\/strong><\/span><\/td>\n<td><span style=\"color: #000000;\">S\u1ea3n ph\u1ea9m \u0111\u01b0\u1ee3c l\u01b0u tr\u1eef trong kho -18\u00b0C<\/span><\/td>\n<\/tr>\n<tr>\n<td><span style=\"color: #1755ad;\"><strong>Th\u1eddi h\u1ea1n s\u1eed d\u1ee5ng<\/strong><\/span><\/td>\n<td><span style=\"color: #000000;\">24 th\u00e1ng k\u1ec3 t\u1eeb ng\u00e0y s\u1ea3n xu\u1ea5t\u00a0<\/span><\/td>\n<\/tr>\n<\/tbody>\n<\/table>\n","protected":false},"featured_media":19491,"comment_status":"closed","ping_status":"closed","template":"","meta":[],"product_brand":[],"product_cat":[100],"product_tag":[],"class_list":{"0":"post-19490","1":"product","2":"type-product","3":"status-publish","4":"has-post-thumbnail","6":"product_cat-san-pham-xay-nhuyen","8":"first","9":"instock","10":"shipping-taxable","11":"product-type-simple"},"_links":{"self":[{"href":"https:\/\/hfoods.vn\/vi\/wp-json\/wp\/v2\/product\/19490","targetHints":{"allow":["GET"]}}],"collection":[{"href":"https:\/\/hfoods.vn\/vi\/wp-json\/wp\/v2\/product"}],"about":[{"href":"https:\/\/hfoods.vn\/vi\/wp-json\/wp\/v2\/types\/product"}],"replies":[{"embeddable":true,"href":"https:\/\/hfoods.vn\/vi\/wp-json\/wp\/v2\/comments?post=19490"}],"wp:featuredmedia":[{"embeddable":true,"href":"https:\/\/hfoods.vn\/vi\/wp-json\/wp\/v2\/media\/19491"}],"wp:attachment":[{"href":"https:\/\/hfoods.vn\/vi\/wp-json\/wp\/v2\/media?parent=19490"}],"wp:term":[{"taxonomy":"product_brand","embeddable":true,"href":"https:\/\/hfoods.vn\/vi\/wp-json\/wp\/v2\/product_brand?post=19490"},{"taxonomy":"product_cat","embeddable":true,"href":"https:\/\/hfoods.vn\/vi\/wp-json\/wp\/v2\/product_cat?post=19490"},{"taxonomy":"product_tag","embeddable":true,"href":"https:\/\/hfoods.vn\/vi\/wp-json\/wp\/v2\/product_tag?post=19490"}],"curies":[{"name":"wp","href":"https:\/\/api.w.org\/{rel}","templated":true}]}}