{"id":19509,"date":"2025-08-14T09:09:15","date_gmt":"2025-08-14T02:09:15","guid":{"rendered":"https:\/\/hfoods.vn\/vi\/?post_type=product&#038;p=19509"},"modified":"2026-04-14T16:46:19","modified_gmt":"2026-04-14T09:46:19","slug":"nuoc-dua-comoon","status":"publish","type":"product","link":"https:\/\/hfoods.vn\/vi\/san-pham\/nuoc-dua-comoon\/","title":{"rendered":"N\u01b0\u1edbc D\u1eeba \u0110\u00f3ng Chai Comoon"},"content":{"rendered":"<h2 data-start=\"227\" data-end=\"448\"><span style=\"color: #000000;\">M\u00d4 T\u1ea2 S\u1ea2N PH\u1ea8M<\/span><\/h2>\n<p data-start=\"0\" data-end=\"498\"><span style=\"color: #000000;\">N\u01b0\u1edbc d\u1eeba COMOON \u0111\u00f3ng chai l\u00e0 s\u1ea3n ph\u1ea9m c\u1ee7a C\u00f4ng ty C\u1ed5 ph\u1ea7n Th\u1ef1c ph\u1ea9m H\u00f9ng H\u1eadu (HungHau Foods), \u0111\u01b0\u1ee3c s\u1ea3n xu\u1ea5t t\u1eeb ngu\u1ed3n nguy\u00ean li\u1ec7u tuy\u1ec3n ch\u1ecdn t\u1ea1i v\u00f9ng d\u1eeba B\u1ebfn Tre (nay thu\u1ed9c V\u0129nh Long)\u00a0 trung t\u00e2m d\u1eeba tr\u1ecdng \u0111i\u1ec3m c\u1ee7a \u0110\u1ed3ng b\u1eb1ng s\u00f4ng C\u1eedu Long, n\u1ed5i ti\u1ebfng v\u1edbi ch\u1ea5t l\u01b0\u1ee3ng d\u1eeba \u1ed5n \u0111\u1ecbnh v\u00e0 h\u01b0\u01a1ng v\u1ecb \u0111\u1eb7c tr\u01b0ng.\u00a0<\/span><\/p>\n<p data-start=\"500\" data-end=\"829\" data-is-last-node=\"\" data-is-only-node=\"\"><span style=\"color: #000000;\">N\u01b0\u1edbc d\u1eeba COMOON \u0111\u00f3ng chai ph\u00e1t tri\u1ec3n nh\u1eb1m \u0111\u00e1p \u1ee9ng \u0111a d\u1ea1ng nhu c\u1ea7u c\u1ee7a th\u1ecb tr\u01b0\u1eddng, ph\u00f9 h\u1ee3p cho c\u00e1c k\u00eanh ph\u00e2n ph\u1ed1i, b\u00e1n l\u1ebb v\u00e0 xu\u1ea5t kh\u1ea9u. V\u1edbi quy tr\u00ecnh s\u1ea3n xu\u1ea5t \u0111\u1ea1t chu\u1ea9n v\u00e0 ch\u1ea5t l\u01b0\u1ee3ng \u1ed5n \u0111\u1ecbnh, s\u1ea3n ph\u1ea9m \u0111\u00e1p \u1ee9ng linh ho\u1ea1t c\u00e1c y\u00eau c\u1ea7u v\u1ec1 quy c\u00e1ch, ch\u1ea5t l\u01b0\u1ee3ng v\u00e0 nhu c\u1ea7u s\u1eed d\u1ee5ng c\u1ee7a kh\u00e1ch h\u00e0ng, \u0111\u1ed1i t\u00e1c trong v\u00e0 ngo\u00e0i n\u01b0\u1edbc.<\/span><\/p>\n<h2><span style=\"color: #000000;\">\u0110\u1eb6C \u0110I\u1ec2M N\u1ed4I B\u1eacT<\/span><\/h2>\n<p data-start=\"639\" data-end=\"754\"><span style=\"color: #000000;\">H\u01b0\u01a1ng v\u1ecb: V\u1ecb nh\u1eb9, d\u1ec5 u\u1ed1ng, ph\u00f9 h\u1ee3p cho m\u1ecdi \u0111\u1ed9 tu\u1ed5i, \u0111\u1eb7c bi\u1ec7t l\u00e0 tr\u1ebb nh\u1ecf v\u00e0 ng\u01b0\u1eddi cao tu\u1ed5i.<\/span><\/p>\n<p data-start=\"757\" data-end=\"890\"><span style=\"color: #000000;\">Th\u1ec3 t\u00edch: Chai PP ( 500ml &amp; 1000ml)<\/span><\/p>\n<p data-start=\"757\" data-end=\"890\"><span style=\"color: #000000;\">H\u00e0m l\u01b0\u1ee3ng calo th\u1ea5p: Ch\u1ec9 t\u1eeb 18\u201326 calo\/100ml, t\u01b0\u01a1ng \u0111\u01b0\u01a1ng 90\u2013130 calo\/chai, th\u00edch h\u1ee3p cho ng\u01b0\u1eddi \u0103n ki\u00eang, ng\u01b0\u1eddi c\u1ea7n ki\u1ec3m so\u00e1t n\u0103ng l\u01b0\u1ee3ng n\u1ea1p v\u00e0o.<\/span><\/p>\n<p data-start=\"1053\" data-end=\"1188\"><span style=\"color: #000000;\">Gi\u00e0u kho\u00e1ng ch\u1ea5t nh\u01b0\u00a0Natri (35\u201355mg), Carbohydrate t\u1ef1 nhi\u00ean (4.5\u20136.5g), Ch\u1ea5t \u0111\u1ea1m (&lt;0.5g), c\u00f9ng l\u01b0\u1ee3ng nh\u1ecf protein v\u00e0 ch\u1ea5t b\u00e9o l\u00e0nh m\u1ea1nh (&lt;0.5g).<\/span><\/p>\n<h2 data-start=\"1053\" data-end=\"1188\"><span style=\"color: #000000;\">TH\u00d4NG TIN K\u1ef8 THU\u1eacT<\/span><\/h2>\n<table style=\"font-weight: 300;\">\n<tbody>\n<tr>\n<td><span style=\"color: #000000;\"><strong style=\"font-weight: 600;\">Ti\u00eau ch\u00ed<\/strong><\/span><\/td>\n<td><span style=\"color: #000000;\"><strong style=\"font-weight: 600;\">Th\u00f4ng tin<\/strong><\/span><\/td>\n<\/tr>\n<tr>\n<td><span style=\"color: #000000;\">T\u00ean s\u1ea3n ph\u1ea9m<\/span><\/td>\n<td><span style=\"color: #000000;\">N\u01b0\u1edbc d\u1eeba \u0111\u00f3ng chai<\/span><\/td>\n<\/tr>\n<tr>\n<td><span style=\"color: #000000;\">Dung t\u00edch<\/span><\/td>\n<td><span style=\"color: #000000;\">500ml v\u00e0 1000ml<\/span><\/td>\n<\/tr>\n<tr>\n<td><span style=\"color: #000000;\">Lo\u1ea1i h\u00e0ng<\/span><\/td>\n<td><span style=\"color: #000000;\">\u0110\u1ed3 u\u1ed1ng kh\u00f4ng c\u1ed3n<\/span><\/td>\n<\/tr>\n<tr>\n<td><span style=\"color: #000000;\">M\u00e0u s\u1eafc<\/span><\/td>\n<td><span style=\"color: #000000;\">Trong su\u1ed1t<\/span><\/td>\n<\/tr>\n<tr>\n<td><span style=\"color: #000000;\">Th\u00e0nh ph\u1ea7n<\/span><\/td>\n<td><span style=\"color: #000000;\">99,8% n\u01b0\u1edbc d\u1eeba t\u01b0\u01a1i v\u00e0 0.2% \u0111\u01b0\u1eddng m\u00eda <\/span><\/td>\n<\/tr>\n<tr>\n<td><span style=\"color: #000000;\">H\u01b0\u01a1ng v\u1ecb<\/span><\/td>\n<td><span style=\"color: #000000;\">Ng\u1ecdt thanh t\u1ef1 nhi\u00ean<\/span><\/td>\n<\/tr>\n<tr>\n<td><span style=\"color: #000000;\">Nhi\u1ec7t \u0111\u1ed9 l\u01b0u tr\u1eef<\/span><\/td>\n<td><span style=\"color: #000000;\">B\u1ea3o qu\u1ea3n \u1edf nhi\u1ec7t \u0111\u1ed9 th\u01b0\u1eddng<\/span><\/td>\n<\/tr>\n<tr>\n<td><span style=\"color: #000000;\">Quy c\u00e1ch \u0111\u00f3ng g\u00f3i<\/span><\/td>\n<td><span style=\"color: #000000;\">T\u00f9y ch\u1ec9nh theo y\u00eau c\u1ea7u kh\u00e1ch h\u00e0ng<\/span><\/td>\n<\/tr>\n<tr>\n<td><span style=\"color: #000000;\">Ngu\u1ed3n g\u1ed1c<\/span><\/td>\n<td><span style=\"color: #000000;\">Vi\u1ec7t Nam<\/span><\/td>\n<\/tr>\n<tr>\n<td><span style=\"color: #000000;\">Ph\u01b0\u01a1ng th\u1ee9c v\u1eadn chuy\u1ec3n<\/span><\/td>\n<td><span style=\"color: #000000;\">\u0110\u01b0\u1eddng bi\u1ec3n ho\u1eb7c \u0111\u01b0\u1eddng h\u00e0ng kh\u00f4ng<\/span><\/td>\n<\/tr>\n<tr>\n<td><span style=\"color: #000000;\">\u0110i\u1ec1u ki\u1ec7n b\u1ea3o qu\u1ea3n<\/span><\/td>\n<td><span style=\"color: #000000;\">B\u1ea3o qu\u1ea3n n\u01a1i kh\u00f4 r\u00e1o, tho\u00e1ng m\u00e1t, tr\u00e1nh \u00e1nh n\u1eafng tr\u1ef1c ti\u1ebfp<\/span><\/td>\n<\/tr>\n<tr>\n<td><span style=\"color: #000000;\">H\u1ea1n s\u1eed d\u1ee5ng<\/span><\/td>\n<td><span style=\"color: #000000;\">18\u00a0th\u00e1ng k\u1ec3 t\u1eeb ng\u00e0y s\u1ea3n xu\u1ea5t<\/span><\/td>\n<\/tr>\n<\/tbody>\n<\/table>\n<h2><span style=\"color: #000000;\">H\u00ccNH \u1ea2NH S\u1ea2N PH\u1ea8M<\/span><\/h2>\n<figure id=\"attachment_25053\" aria-describedby=\"caption-attachment-25053\" style=\"width: 2048px\" class=\"wp-caption aligncenter\"><img loading=\"lazy\" decoding=\"async\" class=\"size-full wp-image-25053\" src=\"https:\/\/hfoods.vn\/wp-content\/uploads\/2025\/08\/3-2.png\" alt=\"N\u01b0\u1edbc d\u1eeba t\u01b0\u01a1i Comoon \u0111\u00f3ng chai 500ml \" width=\"2048\" height=\"2044\" \/><figcaption id=\"caption-attachment-25053\" class=\"wp-caption-text\"><center>N\u01b0\u1edbc d\u1eeba t\u01b0\u01a1i Comoon \u0111\u00f3ng chai 500ml<center><\/center><\/center><\/figcaption><\/figure>\n<figure id=\"attachment_25055\" aria-describedby=\"caption-attachment-25055\" style=\"width: 2048px\" class=\"wp-caption aligncenter\"><img loading=\"lazy\" decoding=\"async\" class=\"size-full wp-image-25055\" src=\"https:\/\/hfoods.vn\/wp-content\/uploads\/2025\/08\/1.png\" alt=\"N\u01b0\u1edbc d\u1eeba t\u01b0\u01a1i \u0111\u00f3ng chai PP 1000ml \" width=\"2048\" height=\"2044\" \/><figcaption id=\"caption-attachment-25055\" class=\"wp-caption-text\"><center>N\u01b0\u1edbc d\u1eeba t\u01b0\u01a1i \u0111\u00f3ng chai PP 1000ml<center><\/center><\/center><\/figcaption><\/figure>\n<h2 style=\"text-align: left;\" data-start=\"1449\" data-end=\"1495\"><span style=\"color: #000000;\">L\u1ee2I \u00cdCH KHI S\u1eec D\u1ee4NG N\u01af\u1edaC D\u1eeaA COMOON<\/span><\/h2>\n<p data-start=\"1829\" data-end=\"2063\"><span style=\"color: #000000;\">COMOON kh\u00f4ng ch\u1ec9 l\u00e0 m\u1ed9t lo\u1ea1i n\u01b0\u1edbc gi\u1ea3i kh\u00e1t \u2013 m\u00e0 l\u00e0 m\u1ed9t l\u1ef1a ch\u1ecdn s\u1ed1ng l\u00e0nh m\u1ea1nh v\u00e0 c\u00e2n b\u1eb1ng. S\u1ea3n ph\u1ea9m ph\u00f9 h\u1ee3p v\u1edbi xu h\u01b0\u1edbng s\u1ed1ng xanh, ti\u1ec7n l\u1ee3i, an to\u00e0n \u2013 v\u00e0 \u0111\u1eb7c bi\u1ec7t l\u00e0 mang l\u1ea1i c\u1ea3m gi\u00e1c \u201cthanh m\u00e1t \u2013 t\u01b0\u01a1i m\u1edbi\u201d trong t\u1eebng ng\u1ee5m nh\u1ecf.<\/span><\/p>\n<ul data-start=\"1496\" data-end=\"1790\">\n<li data-start=\"1496\" data-end=\"1595\">\n<p data-start=\"1498\" data-end=\"1595\"><span style=\"color: #000000;\">B\u00f9 n\u01b0\u1edbc t\u1ef1 nhi\u00ean ph\u00f9 h\u1ee3p sau v\u1eadn \u0111\u1ed9ng, gi\u1edd ra ch\u01a1i ho\u1eb7c trong nh\u1eefng ng\u00e0y n\u1eafng n\u00f3ng, m\u1ec7t m\u1ecfi.<\/span><\/p>\n<\/li>\n<li data-start=\"1596\" data-end=\"1707\">\n<p data-start=\"1598\" data-end=\"1707\"><span style=\"color: #000000;\">Thay th\u1ebf n\u01b0\u1edbc ng\u1ecdt c\u00f3 gas, gi\u1ea3i ph\u00e1p l\u00e0nh m\u1ea1nh cho kh\u00e1ch h\u00e0ng thay \u0111\u1ed5i &#8220;kh\u1ea9u v\u1ecb&#8221; th\u01b0\u1eddng ng\u00e0y.<\/span><\/p>\n<\/li>\n<li data-start=\"1708\" data-end=\"1790\">\n<p data-start=\"1710\" data-end=\"1790\"><span style=\"color: #000000;\">H\u1ed7 tr\u1ee3 ti\u00eau h\u00f3a, gi\u1ea3m m\u1ec7t m\u1ecfi nh\u1eb9 nh\u1edd ch\u1ee9a ch\u1ea5t \u0111i\u1ec7n gi\u1ea3i v\u00e0 kali t\u1ef1 nhi\u00ean.<\/span><\/p>\n<\/li>\n<\/ul>\n<h2><span style=\"color: #000000;\">H\u01af\u1edaNG D\u1eaaN S\u1eec D\u1ee4NG V\u00c0 B\u1ea2O QU\u1ea2N N\u01af\u1edaC D\u1eeaA COMOON<\/span><\/h2>\n<p><span style=\"color: #000000;\">N\u00ean l\u1eafc \u0111\u1ec1u tr\u01b0\u1edbc khi u\u1ed1ng, ngon h\u01a1n khi u\u1ed1ng l\u1ea1nh. B\u1ea3o qu\u1ea3n n\u01a1i kh\u00f4 r\u00e1o, tho\u00e1ng m\u00e1t, tr\u00e1nh \u00e1nh n\u1eafng tr\u1ef1c ti\u1ebfp. Sau khi m\u1edf n\u1eafp, b\u1ea3o qu\u1ea3n l\u1ea1nh v\u00e0 s\u1eed d\u1ee5ng trong th\u1eddi gian ng\u1eafn.<\/span><\/p>\n<h2><span style=\"color: #000000;\">XU\u1ea4T X\u1ee8<\/span><\/h2>\n<p><span style=\"color: #000000;\">N\u01b0\u1edbc d\u1eeba t\u01b0\u01a1i COMOON \u0111\u01b0\u1ee3c s\u1ea3n xu\u1ea5t t\u1ea1i Vi\u1ec7t Nam b\u1edfi C\u00f4ng ty TNHH COMOON, \u0111\u01a1n v\u1ecb th\u00e0nh vi\u00ean tr\u1ef1c thu\u1ed9c C\u00f4ng ty C\u1ed5 ph\u1ea7n Th\u1ef1c ph\u1ea9m H\u00f9ng H\u1eadu (HungHau Foods)<\/span><\/p>\n<ul>\n<li><span style=\"color: #000000;\">\u0110\u1ecba ch\u1ec9 c\u00f4ng ty TNHH COMOON: 727 \u0110\u01b0\u1eddng 3\/2 Ph\u01b0\u1eddng Di\u00ean H\u1ed3ng, TP.HCM<\/span><\/li>\n<li><span style=\"color: #000000;\">Website: <a style=\"color: #000000;\" href=\"https:\/\/comoon.vn\/\">COMOON<\/a><\/span><\/li>\n<\/ul>\n<h3><span style=\"color: #000000;\">TH\u00d4NG TIN LI\u00caN H\u1ec6<\/span><\/h3>\n<p><span style=\"color: #000000;\">Email:\u00a0<span style=\"color: #000080;\"><a style=\"color: #000080;\" href=\"mailto:sales@hunghau.vn\">sales@hunghau.vn<\/a><\/span><\/span><br \/>\n<span style=\"color: #000000;\">Hotline: (+84)79 721 3333\u00a0<\/span><\/p>\n<p><span style=\"color: #000000;\">Email:\u00a0\u00a0<span style=\"color: #000080;\"><a style=\"color: #000080;\" href=\"mailto:Anna@hunghau.vn\">hana@hunghau.vn<\/a><\/span><\/span><br \/>\n<span style=\"color: #000000;\">Hotline: (+84)79 721 3333\u00a0<\/span><\/p>\n<p><span style=\"color: #000000;\">Email:<span style=\"color: #000080;\">\u00a0<a style=\"color: #000080;\" href=\"mailto:yenn@hunghau.vn\">yenn@hunghau.vn<\/a><\/span><\/span><br \/>\n<span style=\"color: #000000;\">Hotline: (+84)78 520 3333<\/span><\/p>\n<p data-start=\"379\" data-end=\"462\" data-is-last-node=\"\" data-is-only-node=\"\"><span class=\"text\" style=\"color: #000000;\">Th\u00f4ng tin mua h\u00e0ng tr\u00ean k\u00eanh TM\u0110T:<\/span><\/p>\n<p data-start=\"379\" data-end=\"462\" data-is-last-node=\"\" data-is-only-node=\"\"><span style=\"color: #000000;\"><span class=\"text\"> Shopee: <span style=\"color: #000080;\">https:\/\/shopee.vn\/comoon_official_store?entryPoint=ShopBySearch&amp;searchKeyword=comoon<\/span><\/span><\/span><\/p>\n<p data-start=\"379\" data-end=\"462\" data-is-last-node=\"\" data-is-only-node=\"\"><span style=\"color: #000000;\"><span class=\"text\">MyU: <span style=\"color: #000080;\">https:\/\/myu.vn\/shop\/chi-tiet\/nuoc-dua-comoon-2378<\/span><\/span><\/span><\/p>\n","protected":false},"excerpt":{"rendered":"<table style=\"width: 341.465px;\">\n<tbody>\n<tr style=\"height: 21.7639px;\">\n<td style=\"height: 21.7639px; width: 92px;\"><span style=\"color: #1755ad;\"><strong>Lo\u1ea1i<\/strong><\/span><\/td>\n<td style=\"height: 21.7639px; width: 235.465px;\"><span style=\"color: #000000;\">N\u01b0\u1edbc d\u1eeba t\u01b0\u01a1i<\/span><\/td>\n<\/tr>\n<tr style=\"height: 21px;\">\n<td style=\"height: 21px; width: 92px;\"><span style=\"color: #1755ad;\"><strong>\u0110\u00f3ng g\u00f3i<\/strong><\/span><\/td>\n<td style=\"height: 21px; width: 235.465px;\"><span style=\"color: #000000;\">Chai PP ( <span data-teams=\"true\">500ml &amp; 1000ml)<\/span><\/span><\/td>\n<\/tr>\n<tr style=\"height: 21px;\">\n<td style=\"height: 21px; width: 92px;\"><span style=\"color: #1755ad;\"><strong>H\u1ea1n s\u1eed d\u1ee5ng<\/strong><\/span><\/td>\n<td style=\"height: 21px; width: 235.465px;\"><span style=\"color: #000000;\">\u00a018 th\u00e1ng\u00a0<\/span><\/td>\n<\/tr>\n<tr style=\"height: 21px;\">\n<td style=\"height: 21px; width: 92px;\"><span style=\"color: #1755ad;\"><strong>Ngu\u1ed3n g\u1ed1c<\/strong><\/span><\/td>\n<td style=\"height: 21px; width: 235.465px;\"><span style=\"color: #000000;\">Vietnam<\/span><\/td>\n<\/tr>\n<\/tbody>\n<\/table>\n","protected":false},"featured_media":25053,"comment_status":"closed","ping_status":"closed","template":"","meta":[],"product_brand":[],"product_cat":[42,179],"product_tag":[],"class_list":{"0":"post-19509","1":"product","2":"type-product","3":"status-publish","4":"has-post-thumbnail","6":"product_cat-san-pham-khac","7":"product_cat-san-pham-tu-dua-dong-lanh","9":"first","10":"instock","11":"shipping-taxable","12":"product-type-simple"},"_links":{"self":[{"href":"https:\/\/hfoods.vn\/vi\/wp-json\/wp\/v2\/product\/19509","targetHints":{"allow":["GET"]}}],"collection":[{"href":"https:\/\/hfoods.vn\/vi\/wp-json\/wp\/v2\/product"}],"about":[{"href":"https:\/\/hfoods.vn\/vi\/wp-json\/wp\/v2\/types\/product"}],"replies":[{"embeddable":true,"href":"https:\/\/hfoods.vn\/vi\/wp-json\/wp\/v2\/comments?post=19509"}],"wp:featuredmedia":[{"embeddable":true,"href":"https:\/\/hfoods.vn\/vi\/wp-json\/wp\/v2\/media\/25053"}],"wp:attachment":[{"href":"https:\/\/hfoods.vn\/vi\/wp-json\/wp\/v2\/media?parent=19509"}],"wp:term":[{"taxonomy":"product_brand","embeddable":true,"href":"https:\/\/hfoods.vn\/vi\/wp-json\/wp\/v2\/product_brand?post=19509"},{"taxonomy":"product_cat","embeddable":true,"href":"https:\/\/hfoods.vn\/vi\/wp-json\/wp\/v2\/product_cat?post=19509"},{"taxonomy":"product_tag","embeddable":true,"href":"https:\/\/hfoods.vn\/vi\/wp-json\/wp\/v2\/product_tag?post=19509"}],"curies":[{"name":"wp","href":"https:\/\/api.w.org\/{rel}","templated":true}]}}