{"id":20521,"date":"2025-10-09T09:16:58","date_gmt":"2025-10-09T02:16:58","guid":{"rendered":"https:\/\/hfoods.vn\/?post_type=product&#038;p=20521"},"modified":"2026-03-09T08:13:50","modified_gmt":"2026-03-09T01:13:50","slug":"kem-sau-rieng-2","status":"publish","type":"product","link":"https:\/\/hfoods.vn\/vi\/san-pham\/kem-sau-rieng-2\/","title":{"rendered":"Kem S\u1ea7u Ri\u00eang"},"content":{"rendered":"<h2 data-start=\"169\" data-end=\"257\"><span style=\"color: #000000;\">KEM S\u1ea6U RI\u00caNG \u2013 H\u01af\u01a0NG V\u1eca NHI\u1ec6T \u0110\u1edaI CHU\u1ea8N V\u1eca VI\u1ec6T, CHU\u1ea8N CH\u1ea4T L\u01af\u1ee2NG XU\u1ea4T KH\u1ea8U<\/span><\/h2>\n<p data-start=\"259\" data-end=\"495\"><span style=\"color: #000000;\">T\u1eeb nh\u1eefng tr\u00e1i s\u1ea7u ri\u00eang ch\u00edn t\u1ef1 nhi\u00ean t\u1ea1i c\u00e1c v\u00f9ng nguy\u00ean li\u1ec7u \u0111\u1ea1t chu\u1ea9n c\u1ee7a Vi\u1ec7t Nam, d\u00f2ng kem s\u1ea7u ri\u00eang xu\u1ea5t kh\u1ea9u \u0111\u01b0\u1ee3c t\u1ea1o n\u00ean v\u1edbi m\u1ee5c ti\u00eau mang h\u01b0\u01a1ng v\u1ecb \u0111\u1eb7c tr\u01b0ng c\u1ee7a tr\u00e1i c\u00e2y nhi\u1ec7t \u0111\u1edbi \u0111\u1ebfn v\u1edbi ng\u01b0\u1eddi ti\u00eau d\u00f9ng to\u00e0n c\u1ea7u.<\/span><\/p>\n<p data-start=\"497\" data-end=\"793\"><span style=\"color: #000000;\">V\u1edbi c\u00f4ng ngh\u1ec7 s\u1ea3n xu\u1ea5t v\u00e0 c\u1ea5p \u0111\u00f4ng hi\u1ec7n \u0111\u1ea1i, kem s\u1ea7u ri\u00eang gi\u1eef tr\u1ecdn \u0111\u1ed9 b\u00e9o, v\u1ecb ng\u1ecdt thanh v\u00e0 h\u01b0\u01a1ng th\u01a1m \u0111\u1eadm \u0111\u00e0 \u0111\u1eb7c tr\u01b0ng c\u1ee7a s\u1ea7u ri\u00eang t\u01b0\u01a1i. K\u1ebft c\u1ea5u kem m\u1ecbn, tan nhanh n\u01a1i \u0111\u1ea7u l\u01b0\u1ee1i, mang \u0111\u1ebfn tr\u1ea3i nghi\u1ec7m v\u1eeba t\u01b0\u01a1i m\u1edbi v\u1eeba chu\u1ea9n v\u1ecb t\u1ef1 nhi\u00ean \u2013 kh\u00f4ng ph\u1ea9m m\u00e0u, kh\u00f4ng h\u01b0\u01a1ng li\u1ec7u t\u1ed5ng h\u1ee3p.<\/span><\/p>\n<h3 data-start=\"800\" data-end=\"858\"><span style=\"color: #000000;\">\u0110\u1ea0T CHU\u1ea8N QU\u1ed0C T\u1ebe \u2013 S\u1eb4N S\u00c0NG CHO M\u1eccI TH\u1eca TR\u01af\u1edcNG<\/span><\/h3>\n<p data-start=\"859\" data-end=\"899\"><span style=\"color: #000000;\">Nh\u00e0 m\u00e1y s\u1ea3n xu\u1ea5t kem \u0111\u1ea1t c\u00e1c ti\u00eau chu\u1ea9n:<\/span><\/p>\n<ul data-start=\"900\" data-end=\"1092\">\n<li data-start=\"900\" data-end=\"960\">\n<p data-start=\"902\" data-end=\"960\"><span style=\"color: #000000;\">HACCP, ISO 22000, FDA, Halal<\/span><\/p>\n<\/li>\n<li data-start=\"961\" data-end=\"1092\">\n<p data-start=\"963\" data-end=\"1092\"><span style=\"color: #000000;\">Quy tr\u00ecnh kh\u00e9p k\u00edn t\u1eeb nguy\u00ean li\u1ec7u \u2013 ch\u1ebf bi\u1ebfn \u2013 \u0111\u00f3ng g\u00f3i \u2013 b\u1ea3o qu\u1ea3n l\u1ea1nh, \u0111\u1ea3m b\u1ea3o ch\u1ea5t l\u01b0\u1ee3ng \u0111\u1ed3ng nh\u1ea5t cho t\u1eebng l\u00f4 h\u00e0ng.<\/span><\/p>\n<\/li>\n<\/ul>\n<h3 data-start=\"1099\" data-end=\"1152\"><span style=\"color: #000000;\">\u0110I\u1ec2M KH\u00c1C BI\u1ec6T C\u1ee6A KEM S\u1ea6U RI\u00caNG XU\u1ea4T KH\u1ea8U<\/span><\/h3>\n<ul data-start=\"1153\" data-end=\"1502\">\n<li data-start=\"1153\" data-end=\"1238\">\n<p data-start=\"1155\" data-end=\"1238\"><span style=\"color: #000000;\">Ngu\u1ed3n nguy\u00ean li\u1ec7u s\u1ea7u ri\u00eang Monthong (Th\u00e1i) v\u00e0 Ri6 (Vi\u1ec7t Nam) tuy\u1ec3n ch\u1ecdn.<\/span><\/p>\n<\/li>\n<li data-start=\"1239\" data-end=\"1315\">\n<p data-start=\"1241\" data-end=\"1315\"><span style=\"color: #000000;\">H\u00e0m l\u01b0\u1ee3ng s\u1ea7u ri\u00eang t\u1ef1 nhi\u00ean cao, v\u1ecb kem \u0111\u1eadm \u0111\u00e0, kh\u00f4ng b\u1ecb pha lo\u00e3ng.<\/span><\/p>\n<\/li>\n<li data-start=\"1316\" data-end=\"1408\">\n<p data-start=\"1318\" data-end=\"1408\"><span style=\"color: #000000;\">\u0110\u00f3ng g\u00f3i \u0111a d\u1ea1ng quy c\u00e1ch: ly, h\u1ed9p, thanh ho\u1eb7c bulk 5L ph\u1ee5c v\u1ee5 nh\u00e0 h\u00e0ng &amp; chu\u1ed7i F&amp;B.<\/span><\/p>\n<\/li>\n<li data-start=\"1409\" data-end=\"1502\">\n<p data-start=\"1411\" data-end=\"1502\"><span style=\"color: #000000;\">B\u1ea3o qu\u1ea3n -18\u00b0C, th\u1eddi h\u1ea1n s\u1eed d\u1ee5ng d\u00e0i, thu\u1eadn ti\u1ec7n cho v\u1eadn chuy\u1ec3n v\u00e0 ph\u00e2n ph\u1ed1i qu\u1ed1c t\u1ebf.<\/span><\/p>\n<\/li>\n<\/ul>\n<h3 data-start=\"1509\" data-end=\"1537\"><span style=\"color: #000000;\">\u1ee8NG D\u1ee4NG R\u1ed8NG R\u00c3I<\/span><\/h3>\n<p data-start=\"1538\" data-end=\"1574\"><span style=\"color: #000000;\">Kem s\u1ea7u ri\u00eang xu\u1ea5t kh\u1ea9u ph\u00f9 h\u1ee3p cho:<\/span><\/p>\n<ul data-start=\"1575\" data-end=\"1747\">\n<li data-start=\"1575\" data-end=\"1654\">\n<p data-start=\"1577\" data-end=\"1654\"><span style=\"color: #000000;\">H\u1ec7 th\u1ed1ng si\u00eau th\u1ecb, chu\u1ed7i c\u1eeda h\u00e0ng ti\u1ec7n l\u1ee3i, nh\u00e0 h\u00e0ng, kh\u00e1ch s\u1ea1n qu\u1ed1c t\u1ebf<\/span><\/p>\n<\/li>\n<li data-start=\"1655\" data-end=\"1747\">\n<p data-start=\"1657\" data-end=\"1747\"><span style=\"color: #000000;\">C\u00e1c d\u00f2ng dessert menu, topping cho c\u00e0 ph\u00ea, tr\u00e0 s\u1eefa ho\u1eb7c s\u1ea3n ph\u1ea9m tr\u00e1ng mi\u1ec7ng cao c\u1ea5p<\/span><\/p>\n<\/li>\n<\/ul>\n<p data-start=\"1781\" data-end=\"2050\"><span style=\"color: #000000;\">HungHau Foods t\u1ef1 h\u00e0o l\u00e0 doanh nghi\u1ec7p Vi\u1ec7t Nam ti\u00ean phong trong ch\u1ebf bi\u1ebfn n\u00f4ng s\u1ea3n v\u00e0 s\u1ea3n ph\u1ea9m t\u1eeb tr\u00e1i c\u00e2y xu\u1ea5t kh\u1ea9u.<\/span><br data-start=\"1896\" data-end=\"1899\" \/><span style=\"color: #000000;\">Ch\u00fang t\u00f4i s\u1eb5n s\u00e0ng \u0111\u1ed3ng h\u00e0nh c\u00f9ng c\u00e1c \u0111\u1ed1i t\u00e1c nh\u1eadp kh\u1ea9u, nh\u00e0 ph\u00e2n ph\u1ed1i v\u00e0 chu\u1ed7i F&amp;B to\u00e0n c\u1ea7u, mang h\u01b0\u01a1ng v\u1ecb nhi\u1ec7t \u0111\u1edbi Vi\u1ec7t Nam \u0111\u1ebfn kh\u1eafp n\u0103m ch\u00e2u.<\/span><\/p>\n<figure id=\"attachment_20523\" aria-describedby=\"caption-attachment-20523\" style=\"width: 1083px\" class=\"wp-caption aligncenter\"><img loading=\"lazy\" decoding=\"async\" class=\" wp-image-20523\" src=\"https:\/\/hfoods.vn\/wp-content\/uploads\/2025\/10\/HungHau-Foods_Thanh-long-do-copy-1.jpg\" alt=\"Kem s\u1ea7u ri\u00eang \" width=\"1083\" height=\"1083\" \/><figcaption id=\"caption-attachment-20523\" class=\"wp-caption-text\"><center><span style=\"color: #000000;\">Kem s\u1ea7u ri\u00eang<\/span><center><\/center><\/center><\/figcaption><\/figure>\n","protected":false},"excerpt":{"rendered":"<table style=\"font-size: 14.4px; height: 86px; width: 377.828px;\">\n<tbody>\n<tr>\n<td style=\"width: 84px;\"><strong><span style=\"color: #1755ad;\">Ph\u00e2n lo\u1ea1i<\/span><\/strong><\/td>\n<td style=\"width: 275.828px;\"><span style=\"color: #000000;\">\u00a0S\u1ea7u ri\u00eang<\/span><\/td>\n<\/tr>\n<tr>\n<td style=\"width: 84px;\"><strong><span style=\"color: #1755ad;\">\u0110\u00f3ng g\u00f3i<\/span><\/strong><\/td>\n<td style=\"width: 275.828px;\"><span style=\"color: #000000;\">1 que\/t\u00fai, 5-10 t\u00fai \/t\u00fai l\u1edbn<\/span><\/td>\n<\/tr>\n<tr>\n<td style=\"width: 84px;\"><strong><span style=\"color: #1755ad;\">Xu\u1ea5t x\u1ee9<\/span><\/strong><\/td>\n<td style=\"width: 275.828px;\"><span style=\"color: #000000;\">Vi\u1ec7t Nam<\/span><\/td>\n<\/tr>\n<\/tbody>\n<\/table>\n","protected":false},"featured_media":20523,"comment_status":"closed","ping_status":"closed","template":"","meta":[],"product_brand":[],"product_cat":[101],"product_tag":[],"class_list":{"0":"post-20521","1":"product","2":"type-product","3":"status-publish","4":"has-post-thumbnail","6":"product_cat-kem","8":"first","9":"instock","10":"shipping-taxable","11":"product-type-simple"},"_links":{"self":[{"href":"https:\/\/hfoods.vn\/vi\/wp-json\/wp\/v2\/product\/20521","targetHints":{"allow":["GET"]}}],"collection":[{"href":"https:\/\/hfoods.vn\/vi\/wp-json\/wp\/v2\/product"}],"about":[{"href":"https:\/\/hfoods.vn\/vi\/wp-json\/wp\/v2\/types\/product"}],"replies":[{"embeddable":true,"href":"https:\/\/hfoods.vn\/vi\/wp-json\/wp\/v2\/comments?post=20521"}],"wp:featuredmedia":[{"embeddable":true,"href":"https:\/\/hfoods.vn\/vi\/wp-json\/wp\/v2\/media\/20523"}],"wp:attachment":[{"href":"https:\/\/hfoods.vn\/vi\/wp-json\/wp\/v2\/media?parent=20521"}],"wp:term":[{"taxonomy":"product_brand","embeddable":true,"href":"https:\/\/hfoods.vn\/vi\/wp-json\/wp\/v2\/product_brand?post=20521"},{"taxonomy":"product_cat","embeddable":true,"href":"https:\/\/hfoods.vn\/vi\/wp-json\/wp\/v2\/product_cat?post=20521"},{"taxonomy":"product_tag","embeddable":true,"href":"https:\/\/hfoods.vn\/vi\/wp-json\/wp\/v2\/product_tag?post=20521"}],"curies":[{"name":"wp","href":"https:\/\/api.w.org\/{rel}","templated":true}]}}