{"id":20632,"date":"2025-10-10T15:26:29","date_gmt":"2025-10-10T08:26:29","guid":{"rendered":"https:\/\/hfoods.vn\/vi\/?post_type=product&#038;p=20632"},"modified":"2025-12-10T09:10:57","modified_gmt":"2025-12-10T02:10:57","slug":"kem-xoai-2","status":"publish","type":"product","link":"https:\/\/hfoods.vn\/vi\/san-pham\/kem-xoai-2\/","title":{"rendered":"Kem Xo\u00e0i"},"content":{"rendered":"<h2 data-start=\"194\" data-end=\"261\"><span style=\"color: #000000;\">KEM XO\u00c0I\u00a0<\/span><\/h2>\n<p data-start=\"263\" data-end=\"522\"><span style=\"color: #000000;\">T\u1eeb nh\u1eefng tr\u00e1i xo\u00e0i ch\u00edn m\u1ecdng, t\u01b0\u01a1i ngon \u0111\u01b0\u1ee3c thu ho\u1ea1ch t\u1ea1i v\u00f9ng nguy\u00ean li\u1ec7u chu\u1ea9n xu\u1ea5t kh\u1ea9u c\u1ee7a Vi\u1ec7t Nam, d\u00f2ng kem xo\u00e0i xu\u1ea5t kh\u1ea9u ra \u0111\u1eddi mang theo tr\u1ecdn v\u1eb9n v\u1ecb ng\u1ecdt thanh, h\u01b0\u01a1ng th\u01a1m t\u1ef1 nhi\u00ean v\u00e0 m\u00e0u s\u1eafc t\u01b0\u01a1i s\u00e1ng \u0111\u1eb7c tr\u01b0ng c\u1ee7a tr\u00e1i c\u00e2y nhi\u1ec7t \u0111\u1edbi.<\/span><\/p>\n<p data-start=\"524\" data-end=\"861\"><span style=\"color: #000000;\">Nh\u1edd quy tr\u00ecnh s\u1ea3n xu\u1ea5t hi\u1ec7n \u0111\u1ea1i v\u00e0 c\u00f4ng ngh\u1ec7 c\u1ea5p \u0111\u00f4ng nhanh, kem xo\u00e0i gi\u1eef \u0111\u01b0\u1ee3c v\u1ecb t\u01b0\u01a1i m\u00e1t, k\u1ebft c\u1ea5u m\u1ecbn m\u01b0\u1ee3t v\u00e0 m\u00e0u v\u00e0ng \u00f3ng t\u1ef1 nhi\u00ean m\u00e0 kh\u00f4ng c\u1ea7n d\u00f9ng ph\u1ea9m m\u00e0u hay h\u01b0\u01a1ng li\u1ec7u t\u1ed5ng h\u1ee3p. M\u1ed7i mu\u1ed7ng kem l\u00e0 s\u1ef1 h\u00f2a quy\u1ec7n tinh t\u1ebf gi\u1eefa v\u1ecb xo\u00e0i ch\u00edn \u0111\u1eb7c tr\u01b0ng v\u00e0 \u0111\u1ed9 b\u00e9o nh\u1eb9 t\u1eeb s\u1eefa, t\u1ea1o n\u00ean tr\u1ea3i nghi\u1ec7m v\u1eeba thanh nh\u1eb9 v\u1eeba s\u1ea3ng kho\u00e1i.<\/span><\/p>\n<h3 data-start=\"868\" data-end=\"926\"><span style=\"color: #000000;\">\u0110\u1ea0T CHU\u1ea8N QU\u1ed0C T\u1ebe \u2013 S\u1eb4N S\u00c0NG XU\u1ea4T KH\u1ea8U TO\u00c0N C\u1ea6U<\/span><\/h3>\n<p data-start=\"927\" data-end=\"963\"><span style=\"color: #000000;\">Nh\u00e0 m\u00e1y s\u1ea3n xu\u1ea5t \u0111\u1ea1t c\u00e1c ch\u1ee9ng nh\u1eadn:<\/span><\/p>\n<ul data-start=\"964\" data-end=\"1151\">\n<li data-start=\"964\" data-end=\"1020\">\n<p data-start=\"966\" data-end=\"1020\"><span style=\"color: #000000;\">HACCP, ISO 22000, FDA, Halal<\/span><\/p>\n<\/li>\n<li data-start=\"1021\" data-end=\"1151\">\n<p data-start=\"1023\" data-end=\"1151\"><span style=\"color: #000000;\">Quy tr\u00ecnh kh\u00e9p k\u00edn t\u1eeb ngu\u1ed3n nguy\u00ean li\u1ec7u \u2013 ch\u1ebf bi\u1ebfn \u2013 \u0111\u00f3ng g\u00f3i \u2013 b\u1ea3o qu\u1ea3n, \u0111\u1ea3m b\u1ea3o ch\u1ea5t l\u01b0\u1ee3ng \u1ed5n \u0111\u1ecbnh cho t\u1eebng l\u00f4 h\u00e0ng.<\/span><\/p>\n<\/li>\n<\/ul>\n<h3 data-start=\"1158\" data-end=\"1199\"><span style=\"color: #000000;\">\u01afU \u0110I\u1ec2M C\u1ee6A KEM XO\u00c0I XU\u1ea4T KH\u1ea8U<\/span><\/h3>\n<ul data-start=\"1200\" data-end=\"1490\">\n<li data-start=\"1200\" data-end=\"1275\">\n<p data-start=\"1202\" data-end=\"1275\"><span style=\"color: #000000;\">S\u1eed d\u1ee5ng xo\u00e0i C\u00e1t Chu \/ Keo \/ T\u01b0\u1ee3ng ch\u00edn t\u1ef1 nhi\u00ean, \u0111\u01b0\u1ee3c l\u1ef1a ch\u1ecdn k\u1ef9.<\/span><\/p>\n<\/li>\n<li data-start=\"1276\" data-end=\"1336\">\n<p data-start=\"1278\" data-end=\"1336\"><span style=\"color: #000000;\">H\u00e0m l\u01b0\u1ee3ng xo\u00e0i th\u1eadt cao, gi\u1eef tr\u1ecdn h\u01b0\u01a1ng v\u1ecb t\u1ef1 nhi\u00ean.<\/span><\/p>\n<\/li>\n<li data-start=\"1337\" data-end=\"1429\">\n<p data-start=\"1339\" data-end=\"1429\"><span style=\"color: #000000;\">\u0110\u00f3ng g\u00f3i \u0111a d\u1ea1ng: t\u00fai\u00a0 l\u1edbn, thanh kem, ho\u1eb7c bulk 5L cho nh\u00e0 h\u00e0ng \u2013 chu\u1ed7i F&amp;B.<\/span><\/p>\n<\/li>\n<li data-start=\"1430\" data-end=\"1490\">\n<p data-start=\"1432\" data-end=\"1490\"><span style=\"color: #000000;\">B\u1ea3o qu\u1ea3n \u1edf -18\u00b0C, thu\u1eadn ti\u1ec7n cho xu\u1ea5t kh\u1ea9u d\u00e0i ng\u00e0y.<\/span><\/p>\n<\/li>\n<\/ul>\n<h3 data-start=\"1497\" data-end=\"1534\"><span style=\"color: #000000;\">PH\u00d9 H\u1ee2P V\u1edaI NHI\u1ec0U \u1ee8NG D\u1ee4NG<\/span><\/h3>\n<ul data-start=\"1535\" data-end=\"1714\">\n<li data-start=\"1535\" data-end=\"1623\">\n<p data-start=\"1537\" data-end=\"1623\"><span style=\"color: #000000;\">Ph\u1ee5c v\u1ee5 tr\u1ef1c ti\u1ebfp trong si\u00eau th\u1ecb, nh\u00e0 h\u00e0ng, kh\u00e1ch s\u1ea1n, chu\u1ed7i c\u00e0 ph\u00ea, dessert bar<\/span><\/p>\n<\/li>\n<li data-start=\"1624\" data-end=\"1714\">\n<p data-start=\"1626\" data-end=\"1714\"><span style=\"color: #000000;\">L\u00e0m nguy\u00ean li\u1ec7u dessert, topping cho tr\u00e0 s\u1eefa, sinh t\u1ed1 ho\u1eb7c m\u00f3n tr\u00e1ng mi\u1ec7ng cao c\u1ea5p<\/span><\/p>\n<\/li>\n<\/ul>\n<p data-start=\"1748\" data-end=\"1997\"><span style=\"color: #000000;\">HungHau Foods t\u1ef1 h\u00e0o mang v\u1ecb xo\u00e0i Vi\u1ec7t Nam \u0111\u1ebfn v\u1edbi ng\u01b0\u1eddi ti\u00eau d\u00f9ng to\u00e0n c\u1ea7u qua d\u00f2ng kem xo\u00e0i xu\u1ea5t kh\u1ea9u \u0111\u1ea1t chu\u1ea9n qu\u1ed1c t\u1ebf.<\/span><br data-start=\"1878\" data-end=\"1881\" \/><span style=\"color: #000000;\">Ch\u00fang t\u00f4i s\u1eb5n s\u00e0ng h\u1ee3p t\u00e1c v\u1edbi nh\u00e0 nh\u1eadp kh\u1ea9u, chu\u1ed7i F&amp;B v\u00e0 \u0111\u1ed1i t\u00e1c ph\u00e2n ph\u1ed1i t\u1ea1i c\u00e1c th\u1ecb tr\u01b0\u1eddng tr\u00ean th\u1ebf gi\u1edbi.<\/span><\/p>\n","protected":false},"excerpt":{"rendered":"<table style=\"font-size: 14.4px; height: 86px; width: 377.828px;\">\n<tbody>\n<tr>\n<td style=\"width: 84px;\"><strong><span style=\"color: #1755ad;\">Ph\u00e2n lo\u1ea1i<\/span><\/strong><\/td>\n<td style=\"width: 275.828px;\"><span style=\"color: #000000;\">\u00a0Xo\u00e0i<\/span><\/td>\n<\/tr>\n<tr>\n<td style=\"width: 84px;\"><strong><span style=\"color: #1755ad;\">\u0110\u00f3ng g\u00f3i<\/span><\/strong><\/td>\n<td style=\"width: 275.828px;\"><span style=\"color: #000000;\">1 que\/t\u00fai, 5-10 t\u00fai \/t\u00fai l\u1edbn<\/span><\/td>\n<\/tr>\n<tr>\n<td style=\"width: 84px;\"><strong><span style=\"color: #1755ad;\">Xu\u1ea5t x\u1ee9<\/span><\/strong><\/td>\n<td style=\"width: 275.828px;\"><span style=\"color: #000000;\">Vietnam<\/span><\/td>\n<\/tr>\n<\/tbody>\n<\/table>\n","protected":false},"featured_media":20633,"comment_status":"closed","ping_status":"closed","template":"","meta":[],"product_brand":[],"product_cat":[101],"product_tag":[],"class_list":{"0":"post-20632","1":"product","2":"type-product","3":"status-publish","4":"has-post-thumbnail","6":"product_cat-kem","8":"first","9":"instock","10":"shipping-taxable","11":"product-type-simple"},"_links":{"self":[{"href":"https:\/\/hfoods.vn\/vi\/wp-json\/wp\/v2\/product\/20632","targetHints":{"allow":["GET"]}}],"collection":[{"href":"https:\/\/hfoods.vn\/vi\/wp-json\/wp\/v2\/product"}],"about":[{"href":"https:\/\/hfoods.vn\/vi\/wp-json\/wp\/v2\/types\/product"}],"replies":[{"embeddable":true,"href":"https:\/\/hfoods.vn\/vi\/wp-json\/wp\/v2\/comments?post=20632"}],"wp:featuredmedia":[{"embeddable":true,"href":"https:\/\/hfoods.vn\/vi\/wp-json\/wp\/v2\/media\/20633"}],"wp:attachment":[{"href":"https:\/\/hfoods.vn\/vi\/wp-json\/wp\/v2\/media?parent=20632"}],"wp:term":[{"taxonomy":"product_brand","embeddable":true,"href":"https:\/\/hfoods.vn\/vi\/wp-json\/wp\/v2\/product_brand?post=20632"},{"taxonomy":"product_cat","embeddable":true,"href":"https:\/\/hfoods.vn\/vi\/wp-json\/wp\/v2\/product_cat?post=20632"},{"taxonomy":"product_tag","embeddable":true,"href":"https:\/\/hfoods.vn\/vi\/wp-json\/wp\/v2\/product_tag?post=20632"}],"curies":[{"name":"wp","href":"https:\/\/api.w.org\/{rel}","templated":true}]}}