{"id":20635,"date":"2025-10-10T15:41:05","date_gmt":"2025-10-10T08:41:05","guid":{"rendered":"https:\/\/hfoods.vn\/?post_type=product&#038;p=20635"},"modified":"2025-10-10T15:41:06","modified_gmt":"2025-10-10T08:41:06","slug":"kem-dua-luoi-2","status":"publish","type":"product","link":"https:\/\/hfoods.vn\/vi\/san-pham\/kem-dua-luoi-2\/","title":{"rendered":"Kem D\u01b0a L\u01b0\u1edbi"},"content":{"rendered":"<h2 data-start=\"175\" data-end=\"251\"><span style=\"color: #000000;\">KEM D\u01afA L\u01af\u1edaI\u00a0<\/span><\/h2>\n<p data-start=\"253\" data-end=\"483\"><span style=\"color: #000000;\">L\u1ea5y c\u1ea3m h\u1ee9ng t\u1eeb nh\u1eefng tr\u00e1i d\u01b0a l\u01b0\u1edbi ch\u00edn m\u1ecdng t\u1ea1i c\u00e1c n\u00f4ng tr\u1ea1i Vi\u1ec7t Nam, d\u00f2ng kem d\u01b0a l\u01b0\u1edbi xu\u1ea5t kh\u1ea9u ra \u0111\u1eddi mang \u0111\u1ebfn v\u1ecb ng\u1ecdt thanh, m\u00e1t d\u1ecbu v\u00e0 h\u01b0\u01a1ng th\u01a1m t\u1ef1 nhi\u00ean \u0111\u1eb7c tr\u01b0ng c\u1ee7a lo\u1ea1i tr\u00e1i c\u00e2y \u0111\u01b0\u1ee3c \u01b0a chu\u1ed9ng to\u00e0n c\u1ea7u.<\/span><\/p>\n<p data-start=\"485\" data-end=\"786\"><span style=\"color: #000000;\">Nh\u1edd c\u00f4ng ngh\u1ec7 s\u1ea3n xu\u1ea5t hi\u1ec7n \u0111\u1ea1i v\u00e0 quy tr\u00ecnh c\u1ea5p \u0111\u00f4ng nhanh (IQF), kem d\u01b0a l\u01b0\u1edbi gi\u1eef tr\u1ecdn h\u01b0\u01a1ng v\u1ecb t\u01b0\u01a1i m\u1edbi, m\u00e0u s\u1eafc t\u1ef1 nhi\u00ean v\u00e0 \u0111\u1ed9 m\u1ecbn ho\u00e0n h\u1ea3o. V\u1ecb b\u00e9o nh\u1eb9 quy\u1ec7n c\u00f9ng h\u01b0\u01a1ng melon ng\u1ecdt thanh t\u1ea1o n\u00ean tr\u1ea3i nghi\u1ec7m m\u00e1t l\u1ea1nh, s\u1ea3ng kho\u00e1i v\u00e0 \u0111\u1ea7y tinh t\u1ebf \u2013 m\u1ed9t l\u1ef1a ch\u1ecdn l\u00fd t\u01b0\u1edfng cho m\u1ecdi l\u1ee9a tu\u1ed5i.<\/span><\/p>\n<h3 data-start=\"793\" data-end=\"842\"><span style=\"color: #000000;\">\u0110\u1ea0T CHU\u1ea8N QU\u1ed0C T\u1ebe \u2013 S\u1eb4N S\u00c0NG XU\u1ea4T KH\u1ea8U<\/span><\/h3>\n<ul data-start=\"843\" data-end=\"1101\">\n<li data-start=\"843\" data-end=\"918\">\n<p data-start=\"845\" data-end=\"918\"><span style=\"color: #000000;\">Nh\u00e0 m\u00e1y \u0111\u1ea1t chu\u1ea9n HACCP, ISO 22000, FDA, Halal, EU Export Standard.<\/span><\/p>\n<\/li>\n<li data-start=\"919\" data-end=\"1029\">\n<p data-start=\"921\" data-end=\"1029\"><span style=\"color: #000000;\">Quy tr\u00ecnh kh\u00e9p k\u00edn t\u1eeb nguy\u00ean li\u1ec7u \u2013 ch\u1ebf bi\u1ebfn \u2013 \u0111\u00f3ng g\u00f3i \u2013 b\u1ea3o qu\u1ea3n l\u1ea1nh, \u0111\u1ea3m b\u1ea3o ch\u1ea5t l\u01b0\u1ee3ng \u0111\u1ed3ng nh\u1ea5t.<\/span><\/p>\n<\/li>\n<li data-start=\"1030\" data-end=\"1101\">\n<p data-start=\"1032\" data-end=\"1101\"><span style=\"color: #000000;\">B\u1ea3o qu\u1ea3n \u1edf -18\u00b0C, ph\u00f9 h\u1ee3p cho v\u1eadn chuy\u1ec3n v\u00e0 ph\u00e2n ph\u1ed1i to\u00e0n c\u1ea7u.<\/span><\/p>\n<\/li>\n<\/ul>\n<h3 data-start=\"1108\" data-end=\"1143\"><span style=\"color: #000000;\">\u01afU \u0110I\u1ec2M C\u1ee6A KEM D\u01afA L\u01af\u1edaI<\/span><\/h3>\n<ul data-start=\"1144\" data-end=\"1464\">\n<li data-start=\"1144\" data-end=\"1210\">\n<p data-start=\"1146\" data-end=\"1210\"><span style=\"color: #000000;\">S\u1eed d\u1ee5ng d\u01b0a l\u01b0\u1edbi t\u01b0\u01a1i t\u1ef1 nhi\u00ean, kh\u00f4ng h\u01b0\u01a1ng li\u1ec7u t\u1ed5ng h\u1ee3p.<\/span><\/p>\n<\/li>\n<li data-start=\"1211\" data-end=\"1288\">\n<p data-start=\"1213\" data-end=\"1288\"><span style=\"color: #000000;\">H\u00e0m l\u01b0\u1ee3ng tr\u00e1i c\u00e2y th\u1eadt cao, v\u1ecb thanh m\u00e1t, \u00edt ng\u1ecdt, t\u1ed1t cho s\u1ee9c kh\u1ecfe.<\/span><\/p>\n<\/li>\n<li data-start=\"1289\" data-end=\"1381\">\n<p data-start=\"1291\" data-end=\"1381\"><span style=\"color: #000000;\">\u0110a d\u1ea1ng quy c\u00e1ch: ly nh\u1ecf, h\u1ed9p l\u1edbn, thanh kem, ho\u1eb7c bulk 5L cho nh\u00e0 h\u00e0ng \u2013 chu\u1ed7i F&amp;B.<\/span><\/p>\n<\/li>\n<li data-start=\"1382\" data-end=\"1464\">\n<p data-start=\"1384\" data-end=\"1464\"><span style=\"color: #000000;\">Ph\u00f9 h\u1ee3p cho dessert bar, buffet l\u1ea1nh, kh\u00e1ch s\u1ea1n, si\u00eau th\u1ecb v\u00e0 chu\u1ed7i c\u00e0 ph\u00ea.<\/span><\/p>\n<\/li>\n<\/ul>\n<p data-start=\"1517\" data-end=\"1702\"><span style=\"color: #000000;\">Kem d\u01b0a l\u01b0\u1edbi kh\u00f4ng ch\u1ec9 l\u00e0 m\u00f3n \u0103n v\u1eb7t y\u00eau th\u00edch m\u00e0 c\u00f2n l\u00e0 ngu\u1ed3n c\u1ea3m h\u1ee9ng cho c\u00e1c m\u00f3n tr\u00e1ng mi\u1ec7ng s\u00e1ng t\u1ea1o \u2013 t\u1eeb ly kem t\u01b0\u01a1i m\u00e1t \u0111\u1ebfn sinh t\u1ed1, parfait hay topping cho tr\u00e0 s\u1eefa, c\u00e0 ph\u00ea.<\/span><\/p>\n","protected":false},"excerpt":{"rendered":"<table>\n<tbody>\n<tr style=\"height: 21px;\">\n<td style=\"height: 21px;\"><span style=\"color: #1755ad;\"><strong>Ph\u00e2n lo\u1ea1i<\/strong><\/span><\/td>\n<td style=\"height: 21px;\"><span style=\"color: #000000;\">\u00a0D\u01b0a l\u01b0\u1edbi\u00a0<\/span><\/td>\n<\/tr>\n<tr style=\"height: 21.2188px;\">\n<td style=\"height: 21.2188px;\"><span style=\"color: #1755ad;\"><strong>\u0110\u00f3ng g\u1ed1i<\/strong><\/span><\/td>\n<td style=\"height: 21.2188px;\"><span style=\"color: #000000;\">1 que\/t\u00fai, 5-10 t\u00fai \/t\u00fai l\u1edbn<\/span><\/td>\n<\/tr>\n<tr style=\"height: 21px;\">\n<td style=\"height: 21px;\"><span style=\"color: #1755ad;\"><strong>Xu\u1ea5t x\u1ee9<\/strong><\/span><\/td>\n<td style=\"height: 21px;\"><span style=\"color: #000000;\">Vi\u1ec7t Nam<\/span><\/td>\n<\/tr>\n<\/tbody>\n<\/table>\n","protected":false},"featured_media":20636,"comment_status":"closed","ping_status":"closed","template":"","meta":[],"product_brand":[],"product_cat":[101],"product_tag":[],"class_list":{"0":"post-20635","1":"product","2":"type-product","3":"status-publish","4":"has-post-thumbnail","6":"product_cat-kem","8":"first","9":"instock","10":"shipping-taxable","11":"product-type-simple"},"_links":{"self":[{"href":"https:\/\/hfoods.vn\/vi\/wp-json\/wp\/v2\/product\/20635","targetHints":{"allow":["GET"]}}],"collection":[{"href":"https:\/\/hfoods.vn\/vi\/wp-json\/wp\/v2\/product"}],"about":[{"href":"https:\/\/hfoods.vn\/vi\/wp-json\/wp\/v2\/types\/product"}],"replies":[{"embeddable":true,"href":"https:\/\/hfoods.vn\/vi\/wp-json\/wp\/v2\/comments?post=20635"}],"wp:featuredmedia":[{"embeddable":true,"href":"https:\/\/hfoods.vn\/vi\/wp-json\/wp\/v2\/media\/20636"}],"wp:attachment":[{"href":"https:\/\/hfoods.vn\/vi\/wp-json\/wp\/v2\/media?parent=20635"}],"wp:term":[{"taxonomy":"product_brand","embeddable":true,"href":"https:\/\/hfoods.vn\/vi\/wp-json\/wp\/v2\/product_brand?post=20635"},{"taxonomy":"product_cat","embeddable":true,"href":"https:\/\/hfoods.vn\/vi\/wp-json\/wp\/v2\/product_cat?post=20635"},{"taxonomy":"product_tag","embeddable":true,"href":"https:\/\/hfoods.vn\/vi\/wp-json\/wp\/v2\/product_tag?post=20635"}],"curies":[{"name":"wp","href":"https:\/\/api.w.org\/{rel}","templated":true}]}}