{"id":20921,"date":"2025-10-16T11:21:46","date_gmt":"2025-10-16T04:21:46","guid":{"rendered":"https:\/\/hfoods.vn\/?post_type=product&#038;p=20921"},"modified":"2025-10-16T11:21:46","modified_gmt":"2025-10-16T04:21:46","slug":"khom-dua-thom-tuoi","status":"publish","type":"product","link":"https:\/\/hfoods.vn\/vi\/san-pham\/khom-dua-thom-tuoi\/","title":{"rendered":"Kh\u00f3m\/D\u1ee9a\/ Th\u01a1m T\u01b0\u01a1i"},"content":{"rendered":"<h2 data-start=\"151\" data-end=\"221\"><span style=\"color: #000000;\">D\u1ee9a t\u01b0\u01a1i (Kh\u00f3m)\u00a0<\/span><\/h2>\n<p data-start=\"223\" data-end=\"409\"><span style=\"color: #000000;\">D\u1ee9a (hay c\u00f2n g\u1ecdi l\u00e0 kh\u00f3m, th\u01a1m, huy\u1ec1n n\u01b0\u01a1ng) \u2013 c\u00f3 t\u00ean khoa h\u1ecdc <em data-start=\"286\" data-end=\"302\">Ananas comosus<\/em> \u2013 l\u00e0 lo\u1ea1i tr\u00e1i c\u00e2y \u0111\u1eb7c tr\u01b0ng c\u1ee7a v\u00f9ng nhi\u1ec7t \u0111\u1edbi, mang h\u01b0\u01a1ng v\u1ecb ng\u1ecdt d\u1ecbu, chua nh\u1eb9 v\u00e0 m\u00f9i th\u01a1m \u0111\u1eb7c tr\u01b0ng.<\/span><\/p>\n<p data-start=\"411\" data-end=\"731\"><span style=\"color: #000000;\">Ngu\u1ed3n g\u1ed1c t\u1eeb Nam M\u1ef9, ng\u00e0y nay d\u1ee9a \u0111\u01b0\u1ee3c tr\u1ed3ng r\u1ed9ng r\u00e3i t\u1ea1i nhi\u1ec1u qu\u1ed1c gia c\u00f3 kh\u00ed h\u1eadu n\u00f3ng \u1ea9m nh\u01b0 Vi\u1ec7t Nam, Th\u00e1i Lan, Philippines, Malaysia v\u00e0 Brazil. \u1ede Vi\u1ec7t Nam, d\u1ee9a \u0111\u01b0\u1ee3c canh t\u00e1c quanh n\u0103m, t\u1eadp trung t\u1ea1i c\u00e1c t\u1ec9nh Ti\u1ec1n Giang, Long An, Ki\u00ean Giang, Thanh H\u00f3a, Ngh\u1ec7 An&#8230;, \u0111em \u0111\u1ebfn ngu\u1ed3n cung \u1ed5n \u0111\u1ecbnh v\u00e0 ch\u1ea5t l\u01b0\u1ee3ng cao.<\/span><\/p>\n<h3 data-start=\"738\" data-end=\"784\"><span style=\"color: #000000;\">C\u00e1c gi\u1ed1ng d\u1ee9a ph\u1ed5 bi\u1ebfn t\u1ea1i Vi\u1ec7t Nam<\/span><\/h3>\n<ul data-start=\"785\" data-end=\"1106\">\n<li data-start=\"785\" data-end=\"926\">\n<p data-start=\"787\" data-end=\"926\"><span style=\"color: #000000;\"><strong data-start=\"787\" data-end=\"820\">D\u1ee9a Queen (Ho\u00e0ng h\u1eadu \/ Kh\u00f3m):<\/strong><\/span><br data-start=\"820\" data-end=\"823\" \/><span style=\"color: #000000;\">Tr\u00e1i nh\u1ecf (500\u2013900g), th\u01a1m \u0111\u1eadm, th\u1ecbt v\u00e0ng t\u01b0\u01a1i, gi\u00f2n v\u00e0 r\u1ea5t ng\u1ecdt. M\u00e9p l\u00e1 c\u00f3 gai nh\u1ecdn \u2013 d\u1ec5 nh\u1eadn bi\u1ebft.<\/span><\/p>\n<\/li>\n<li data-start=\"927\" data-end=\"1106\">\n<p data-start=\"929\" data-end=\"1106\"><span style=\"color: #000000;\"><strong data-start=\"929\" data-end=\"964\">D\u1ee9a MD2:<\/strong><\/span><br data-start=\"964\" data-end=\"967\" \/><span style=\"color: #000000;\">Tr\u00e1i l\u1edbn (1,5\u20132kg), \u00edt ho\u1eb7c kh\u00f4ng c\u00f3 gai, th\u1ecbt m\u1ec1m, v\u1ecb ng\u1ecdt thanh v\u00e0 nhi\u1ec1u n\u01b0\u1edbc \u2013 r\u1ea5t \u0111\u01b0\u1ee3c \u01b0a chu\u1ed9ng cho xu\u1ea5t kh\u1ea9u v\u00e0 ch\u1ebf bi\u1ebfn n\u01b0\u1edbc \u00e9p.<\/span><\/p>\n<\/li>\n<\/ul>\n<h3 data-start=\"1113\" data-end=\"1155\"><span style=\"color: #000000;\">Gi\u00e1 tr\u1ecb dinh d\u01b0\u1ee1ng c\u1ee7a d\u1ee9a t\u01b0\u01a1i<\/span><\/h3>\n<p data-start=\"1156\" data-end=\"1223\"><span style=\"color: #000000;\">D\u1ee9a kh\u00f4ng ch\u1ec9 ngon mi\u1ec7ng m\u00e0 c\u00f2n gi\u00e0u d\u01b0\u1ee1ng ch\u1ea5t t\u1ed1t cho s\u1ee9c kh\u1ecfe:<\/span><\/p>\n<ul data-start=\"1224\" data-end=\"1535\">\n<li data-start=\"1224\" data-end=\"1284\">\n<p data-start=\"1226\" data-end=\"1284\"><span style=\"color: #000000;\"><strong data-start=\"1226\" data-end=\"1244\">Vitamin C cao:<\/strong> T\u0103ng s\u1ee9c \u0111\u1ec1 kh\u00e1ng, gi\u00fap da s\u00e1ng kh\u1ecfe.<\/span><\/p>\n<\/li>\n<li data-start=\"1285\" data-end=\"1369\">\n<p data-start=\"1287\" data-end=\"1369\"><span style=\"color: #000000;\"><strong data-start=\"1287\" data-end=\"1311\">Mangan &amp; Vitamin B6:<\/strong> H\u1ed7 tr\u1ee3 trao \u0111\u1ed5i ch\u1ea5t v\u00e0 cung c\u1ea5p n\u0103ng l\u01b0\u1ee3ng cho c\u01a1 th\u1ec3.<\/span><\/p>\n<\/li>\n<li data-start=\"1370\" data-end=\"1436\">\n<p data-start=\"1372\" data-end=\"1436\"><span style=\"color: #000000;\"><strong data-start=\"1372\" data-end=\"1393\">Ch\u1ea5t x\u01a1 t\u1ef1 nhi\u00ean:<\/strong> T\u1ed1t cho ti\u00eau h\u00f3a, gi\u00fap thanh l\u1ecdc c\u01a1 th\u1ec3.<\/span><\/p>\n<\/li>\n<li data-start=\"1437\" data-end=\"1535\">\n<p data-start=\"1439\" data-end=\"1535\"><span style=\"color: #000000;\"><strong data-start=\"1439\" data-end=\"1471\">Bromelain \u2013 enzyme t\u1ef1 nhi\u00ean:<\/strong> Gi\u00fap gi\u1ea3m vi\u00eam, h\u1ed7 tr\u1ee3 ti\u00eau h\u00f3a v\u00e0 c\u1ea3i thi\u1ec7n h\u1ea5p thu protein.<\/span><\/p>\n<\/li>\n<\/ul>\n<h3 data-start=\"1542\" data-end=\"1569\"><span style=\"color: #000000;\">C\u00e1ch th\u01b0\u1edfng th\u1ee9c<\/span><\/h3>\n<ul data-start=\"1570\" data-end=\"1759\">\n<li data-start=\"1570\" data-end=\"1629\">\n<p data-start=\"1572\" data-end=\"1629\"><span style=\"color: #000000;\">\u0102n t\u01b0\u01a1i tr\u1ef1c ti\u1ebfp, l\u00e0m sinh t\u1ed1, n\u01b0\u1edbc \u00e9p ho\u1eb7c mix salad.<\/span><\/p>\n<\/li>\n<li data-start=\"1630\" data-end=\"1759\">\n<p data-start=\"1632\" data-end=\"1759\"><span style=\"color: #000000;\">D\u00f9ng trong m\u00f3n \u0103n m\u1eb7n nh\u01b0 th\u1ecbt kho kh\u00f3m, canh chua, pizza Hawaii ho\u1eb7c l\u00e0m m\u1ee9t \u2013 s\u1ea5y d\u1ebbo \u2013 \u0111\u00f4ng l\u1ea1nh IQF \u0111\u1ec1u r\u1ea5t ngon.<\/span><\/p>\n<\/li>\n<\/ul>\n<p data-start=\"1817\" data-end=\"2087\"><span style=\"color: #000000;\">V\u1edbi v\u1ecb chua ng\u1ecdt h\u00e0i h\u00f2a v\u00e0 h\u01b0\u01a1ng th\u01a1m t\u1ef1 nhi\u00ean, d\u1ee9a t\u01b0\u01a1i Vi\u1ec7t Nam l\u00e0 l\u1ef1a ch\u1ecdn l\u00fd t\u01b0\u1edfng \u0111\u1ec3 b\u1ed5 sung vitamin v\u00e0 n\u0103ng l\u01b0\u1ee3ng m\u1ed7i ng\u00e0y.<\/span><\/p>\n","protected":false},"excerpt":{"rendered":"<table>\n<tbody>\n<tr>\n<td><span style=\"color: #1755ad;\"><strong>Lo\u1ea1i<\/strong><\/span><\/td>\n<td><span style=\"color: #000000;\">Kh\u00f3m MD2, Kh\u00f3m Queen<\/span><\/td>\n<\/tr>\n<tr>\n<td><span style=\"color: #1755ad;\"><strong>M\u00f9a v\u1ee5\u00a0<\/strong><\/span><\/td>\n<td><span style=\"color: #000000;\">Th\u00e1ng 3-4-5-6-7<\/span><\/td>\n<\/tr>\n<tr>\n<td><span style=\"color: #1755ad;\"><strong>Xu\u1ea5t x\u1ee9<\/strong><\/span><\/td>\n<td><span style=\"color: #000000;\">Vi\u1ec7t Nam<\/span><\/td>\n<\/tr>\n<\/tbody>\n<\/table>\n","protected":false},"featured_media":20922,"comment_status":"closed","ping_status":"closed","template":"","meta":[],"product_brand":[],"product_cat":[59],"product_tag":[],"class_list":{"0":"post-20921","1":"product","2":"type-product","3":"status-publish","4":"has-post-thumbnail","6":"product_cat-rau-cu-qua-tuoi","8":"first","9":"instock","10":"shipping-taxable","11":"product-type-simple"},"_links":{"self":[{"href":"https:\/\/hfoods.vn\/vi\/wp-json\/wp\/v2\/product\/20921","targetHints":{"allow":["GET"]}}],"collection":[{"href":"https:\/\/hfoods.vn\/vi\/wp-json\/wp\/v2\/product"}],"about":[{"href":"https:\/\/hfoods.vn\/vi\/wp-json\/wp\/v2\/types\/product"}],"replies":[{"embeddable":true,"href":"https:\/\/hfoods.vn\/vi\/wp-json\/wp\/v2\/comments?post=20921"}],"wp:featuredmedia":[{"embeddable":true,"href":"https:\/\/hfoods.vn\/vi\/wp-json\/wp\/v2\/media\/20922"}],"wp:attachment":[{"href":"https:\/\/hfoods.vn\/vi\/wp-json\/wp\/v2\/media?parent=20921"}],"wp:term":[{"taxonomy":"product_brand","embeddable":true,"href":"https:\/\/hfoods.vn\/vi\/wp-json\/wp\/v2\/product_brand?post=20921"},{"taxonomy":"product_cat","embeddable":true,"href":"https:\/\/hfoods.vn\/vi\/wp-json\/wp\/v2\/product_cat?post=20921"},{"taxonomy":"product_tag","embeddable":true,"href":"https:\/\/hfoods.vn\/vi\/wp-json\/wp\/v2\/product_tag?post=20921"}],"curies":[{"name":"wp","href":"https:\/\/api.w.org\/{rel}","templated":true}]}}