{"id":20924,"date":"2025-10-16T11:25:48","date_gmt":"2025-10-16T04:25:48","guid":{"rendered":"https:\/\/hfoods.vn\/?post_type=product&#038;p=20924"},"modified":"2025-10-23T17:25:49","modified_gmt":"2025-10-23T10:25:49","slug":"xoai-tuoi","status":"publish","type":"product","link":"https:\/\/hfoods.vn\/vi\/san-pham\/xoai-tuoi\/","title":{"rendered":"Xo\u00e0i T\u01b0\u01a1i"},"content":{"rendered":"<h2 data-start=\"152\" data-end=\"229\"><span style=\"color: #000000;\">Xo\u00e0i T\u01b0\u01a1i Vi\u1ec7t Nam \u2013 Ng\u1ecdt Thanh, Gi\u00e0u Dinh D\u01b0\u1ee1ng, Chu\u1ea9n Xu\u1ea5t Kh\u1ea9u<\/span><\/h2>\n<p data-start=\"231\" data-end=\"491\"><span style=\"color: #000000;\">T\u1eeb nh\u1eefng v\u00f9ng nguy\u00ean li\u1ec7u n\u1ed5i ti\u1ebfng c\u1ee7a \u0110\u1ed3ng Th\u00e1p v\u00e0 Ti\u1ec1n Giang, xo\u00e0i t\u01b0\u01a1i Vi\u1ec7t Nam mang \u0111\u1ebfn h\u01b0\u01a1ng v\u1ecb nhi\u1ec7t \u0111\u1edbi \u0111\u1eb7c tr\u01b0ng \u2013 th\u01a1m ng\u1ecdt, m\u1ecdng n\u01b0\u1edbc v\u00e0 \u0111\u1eadm \u0111\u00e0 v\u1ecb t\u1ef1 nhi\u00ean. HungHau Foods t\u1ef1 h\u00e0o cung c\u1ea5p hai gi\u1ed1ng xo\u00e0i cao c\u1ea5p \u0111\u01b0\u1ee3c \u01b0a chu\u1ed9ng nh\u1ea5t hi\u1ec7n nay:<\/span><\/p>\n<h3 data-start=\"493\" data-end=\"518\"><span style=\"color: #000000;\">Xo\u00e0i C\u00e1t Chu<\/span><\/h3>\n<ul data-start=\"519\" data-end=\"707\">\n<li data-start=\"519\" data-end=\"569\">\n<p data-start=\"521\" data-end=\"569\"><span style=\"color: #000000;\">V\u1ecf v\u00e0ng t\u01b0\u01a1i, th\u1ecbt v\u00e0ng \u0111\u1eadm, m\u1ecbn v\u00e0 r\u1ea5t \u00edt x\u01a1.<\/span><\/p>\n<\/li>\n<li data-start=\"570\" data-end=\"641\">\n<p data-start=\"572\" data-end=\"641\"><span style=\"color: #000000;\">V\u1ecb ng\u1ecdt thanh xen l\u1eabn ch\u00fat chua nh\u1eb9 \u0111\u1eb7c tr\u01b0ng, h\u01b0\u01a1ng th\u01a1m t\u1ef1 nhi\u00ean.<\/span><\/p>\n<\/li>\n<li data-start=\"642\" data-end=\"707\">\n<p data-start=\"644\" data-end=\"707\"><span style=\"color: #000000;\">Th\u00edch h\u1ee3p \u0111\u1ec3 \u0103n t\u01b0\u01a1i, l\u00e0m sinh t\u1ed1, s\u1ea5y d\u1ebbo ho\u1eb7c c\u1ea5p \u0111\u00f4ng IQF.<\/span><\/p>\n<\/li>\n<\/ul>\n<h3 data-start=\"709\" data-end=\"738\"><span style=\"color: #000000;\">Xo\u00e0i C\u00e1t H\u00f2a L\u1ed9c<\/span><\/h3>\n<ul data-start=\"739\" data-end=\"944\">\n<li data-start=\"739\" data-end=\"819\">\n<p data-start=\"741\" data-end=\"819\"><span style=\"color: #000000;\">\u0110\u01b0\u1ee3c m\u1ec7nh danh l\u00e0 \u201cn\u1eef ho\u00e0ng xo\u00e0i Vi\u1ec7t\u201d nh\u1edd v\u1ecb ng\u1ecdt \u0111\u1eadm, th\u01a1m n\u1ee9c v\u00e0 b\u00e9o nh\u1eb9.<\/span><\/p>\n<\/li>\n<li data-start=\"820\" data-end=\"868\">\n<p data-start=\"822\" data-end=\"868\"><span style=\"color: #000000;\">C\u01a1m v\u00e0ng \u00f3ng, m\u1ecbn m\u00e0ng, h\u1ea7u nh\u01b0 kh\u00f4ng c\u00f3 x\u01a1.<\/span><\/p>\n<\/li>\n<li data-start=\"869\" data-end=\"944\">\n<p data-start=\"871\" data-end=\"944\"><span style=\"color: #000000;\">L\u00e0 l\u1ef1a ch\u1ecdn l\u00fd t\u01b0\u1edfng cho xu\u1ea5t kh\u1ea9u, bi\u1ebfu t\u1eb7ng ho\u1eb7c th\u01b0\u1edfng th\u1ee9c cao c\u1ea5p.<\/span><\/p>\n<\/li>\n<\/ul>\n<h3 data-start=\"951\" data-end=\"996\"><span style=\"color: #000000;\">Gi\u00e1 tr\u1ecb dinh d\u01b0\u1ee1ng c\u1ee7a xo\u00e0i t\u01b0\u01a1i<\/span><\/h3>\n<p data-start=\"997\" data-end=\"1082\"><span style=\"color: #000000;\">Xo\u00e0i kh\u00f4ng ch\u1ec9 ngon mi\u1ec7ng m\u00e0 c\u00f2n l\u00e0 ngu\u1ed3n dinh d\u01b0\u1ee1ng t\u1ef1 nhi\u00ean r\u1ea5t t\u1ed1t cho s\u1ee9c kh\u1ecfe:<\/span><\/p>\n<ul data-start=\"1084\" data-end=\"1455\">\n<li data-start=\"1084\" data-end=\"1143\">\n<p data-start=\"1086\" data-end=\"1143\"><span style=\"color: #000000;\">Vitamin C: T\u0103ng c\u01b0\u1eddng \u0111\u1ec1 kh\u00e1ng, h\u1ed7 tr\u1ee3 h\u1ea5p thu s\u1eaft.<\/span><\/p>\n<\/li>\n<li data-start=\"1144\" data-end=\"1205\">\n<p data-start=\"1146\" data-end=\"1205\"><span style=\"color: #000000;\">Vitamin A &amp; Beta-carotene: Gi\u00fap s\u00e1ng m\u1eaft, l\u00e0m \u0111\u1eb9p da.<\/span><\/p>\n<\/li>\n<li data-start=\"1206\" data-end=\"1259\">\n<p data-start=\"1208\" data-end=\"1259\"><span style=\"color: #000000;\">Ch\u1ea5t x\u01a1: H\u1ed7 tr\u1ee3 ti\u00eau h\u00f3a, t\u1ed1t cho \u0111\u01b0\u1eddng ru\u1ed9t.<\/span><\/p>\n<\/li>\n<li data-start=\"1260\" data-end=\"1358\">\n<p data-start=\"1262\" data-end=\"1358\"><span style=\"color: #000000;\">Ch\u1ea5t ch\u1ed1ng oxy h\u00f3a (polyphenol, mangiferin): Gi\u00fap gi\u1ea3m vi\u00eam, t\u0103ng c\u01b0\u1eddng s\u1ee9c kh\u1ecfe tim m\u1ea1ch.<\/span><\/p>\n<\/li>\n<li data-start=\"1359\" data-end=\"1455\">\n<p data-start=\"1361\" data-end=\"1455\"><span style=\"color: #000000;\">Kho\u00e1ng ch\u1ea5t thi\u1ebft y\u1ebfu (kali, magie): Gi\u00fap c\u00e2n b\u1eb1ng \u0111i\u1ec7n gi\u1ea3i v\u00e0 h\u1ed7 tr\u1ee3 ho\u1ea1t \u0111\u1ed9ng c\u01a1 b\u1eafp.<\/span><\/p>\n<\/li>\n<\/ul>\n<h3 data-start=\"1462\" data-end=\"1529\"><span style=\"color: #000000;\">Xo\u00e0i t\u01b0\u01a1i\u00a0<\/span><\/h3>\n<p data-start=\"1530\" data-end=\"1707\"><span style=\"color: #000000;\">V\u1edbi h\u01b0\u01a1ng v\u1ecb ng\u1ecdt ng\u00e0o v\u00e0 ngu\u1ed3n dinh d\u01b0\u1ee1ng d\u1ed3i d\u00e0o, xo\u00e0i C\u00e1t Chu v\u00e0 C\u00e1t H\u00f2a L\u1ed9c t\u01b0\u01a1i l\u00e0 l\u1ef1a ch\u1ecdn ho\u00e0n h\u1ea3o \u0111\u1ec3 th\u01b0\u1edfng th\u1ee9c h\u00e0ng ng\u00e0y, l\u00e0m qu\u00e0 t\u1eb7ng hay xu\u1ea5t kh\u1ea9u ra th\u1ebf gi\u1edbi.<\/span><\/p>\n","protected":false},"excerpt":{"rendered":"<table>\n<tbody>\n<tr>\n<td><span style=\"color: #1755ad;\"><strong>Lo\u1ea1i<\/strong><\/span><\/td>\n<td>Xo\u00e0i c\u00e1t chu ho\u1eb7c Xo\u00e0i c\u00e1t h\u00f2a l\u1ed9c<\/td>\n<\/tr>\n<tr>\n<td><span style=\"color: #1755ad;\"><strong>M\u00f9a v\u1ee5\u00a0<\/strong><\/span><\/td>\n<td>Th\u00e1ng 2-3-4-5-6-7 v\u00e0 11 -12<\/td>\n<\/tr>\n<tr>\n<td><span style=\"color: #1755ad;\"><strong>Xu\u1ea5t x\u1ee9<\/strong><\/span><\/td>\n<td>Vi\u1ec7t Nam<\/td>\n<\/tr>\n<\/tbody>\n<\/table>\n","protected":false},"featured_media":20925,"comment_status":"closed","ping_status":"closed","template":"","meta":[],"product_brand":[],"product_cat":[59],"product_tag":[],"class_list":{"0":"post-20924","1":"product","2":"type-product","3":"status-publish","4":"has-post-thumbnail","6":"product_cat-rau-cu-qua-tuoi","8":"first","9":"instock","10":"shipping-taxable","11":"product-type-simple"},"_links":{"self":[{"href":"https:\/\/hfoods.vn\/vi\/wp-json\/wp\/v2\/product\/20924","targetHints":{"allow":["GET"]}}],"collection":[{"href":"https:\/\/hfoods.vn\/vi\/wp-json\/wp\/v2\/product"}],"about":[{"href":"https:\/\/hfoods.vn\/vi\/wp-json\/wp\/v2\/types\/product"}],"replies":[{"embeddable":true,"href":"https:\/\/hfoods.vn\/vi\/wp-json\/wp\/v2\/comments?post=20924"}],"wp:featuredmedia":[{"embeddable":true,"href":"https:\/\/hfoods.vn\/vi\/wp-json\/wp\/v2\/media\/20925"}],"wp:attachment":[{"href":"https:\/\/hfoods.vn\/vi\/wp-json\/wp\/v2\/media?parent=20924"}],"wp:term":[{"taxonomy":"product_brand","embeddable":true,"href":"https:\/\/hfoods.vn\/vi\/wp-json\/wp\/v2\/product_brand?post=20924"},{"taxonomy":"product_cat","embeddable":true,"href":"https:\/\/hfoods.vn\/vi\/wp-json\/wp\/v2\/product_cat?post=20924"},{"taxonomy":"product_tag","embeddable":true,"href":"https:\/\/hfoods.vn\/vi\/wp-json\/wp\/v2\/product_tag?post=20924"}],"curies":[{"name":"wp","href":"https:\/\/api.w.org\/{rel}","templated":true}]}}