{"id":20927,"date":"2025-10-16T11:36:56","date_gmt":"2025-10-16T04:36:56","guid":{"rendered":"https:\/\/hfoods.vn\/?post_type=product&#038;p=20927"},"modified":"2025-10-16T11:36:56","modified_gmt":"2025-10-16T04:36:56","slug":"khoai-lang-vang-tuoi","status":"publish","type":"product","link":"https:\/\/hfoods.vn\/vi\/san-pham\/khoai-lang-vang-tuoi\/","title":{"rendered":"Khoai Lang V\u00e0ng T\u01b0\u01a1i"},"content":{"rendered":"<h2 data-start=\"186\" data-end=\"273\"><span style=\"color: #000000;\">KHOAI LANG V\u00c0NG VI\u1ec6T NAM<\/span><\/h2>\n<p data-start=\"275\" data-end=\"457\"><span style=\"color: #000000;\">Khoai lang v\u00e0ng \u2013 lo\u1ea1i n\u00f4ng s\u1ea3n quen thu\u1ed9c trong \u1ea9m th\u1ef1c Vi\u1ec7t Nam \u2013 kh\u00f4ng ch\u1ec9 h\u1ea5p d\u1eabn b\u1edfi v\u1ecb ng\u1ecdt b\u00f9i t\u1ef1 nhi\u00ean, m\u00e0 c\u00f2n b\u1edfi h\u00e0m l\u01b0\u1ee3ng dinh d\u01b0\u1ee1ng cao v\u00e0 n\u0103ng l\u01b0\u1ee3ng l\u00e0nh m\u1ea1nh.<\/span><\/p>\n<h3 data-start=\"459\" data-end=\"492\"><span style=\"color: #000000;\">V\u00f9ng tr\u1ed3ng v\u00e0 m\u00f9a v\u1ee5<\/span><\/h3>\n<p data-start=\"493\" data-end=\"671\"><span style=\"color: #000000;\">Khoai lang v\u00e0ng \u0111\u01b0\u1ee3c tr\u1ed3ng ch\u1ee7 y\u1ebfu t\u1ea1i c\u00e1c t\u1ec9nh \u0110\u1eafk L\u1eafk v\u00e0 L\u00e2m \u0110\u1ed3ng, n\u01a1i c\u00f3 kh\u00ed h\u1eadu cao nguy\u00ean m\u00e1t m\u1ebb, \u0111\u1ea5t \u0111\u1ecf bazan m\u00e0u m\u1ee1 gi\u00fap c\u1ee7 ph\u00e1t tri\u1ec3n to, ch\u1eafc v\u00e0 ng\u1ecdt t\u1ef1 nhi\u00ean.<\/span><\/p>\n<ul data-start=\"672\" data-end=\"802\">\n<li data-start=\"672\" data-end=\"802\">\n<p data-start=\"674\" data-end=\"802\"><span style=\"color: #000000;\">M\u00f9a v\u1ee5 ch\u00ednh: t\u1eeb th\u00e1ng 2 \u0111\u1ebfn th\u00e1ng 5 h\u00e0ng n\u0103m, cho s\u1ea3n l\u01b0\u1ee3ng \u1ed5n \u0111\u1ecbnh, ch\u1ea5t l\u01b0\u1ee3ng c\u1ee7 \u0111\u1ed3ng \u0111\u1ec1u, v\u1ecf m\u1ecbn v\u00e0 ru\u1ed9t v\u00e0ng \u00f3ng.<\/span><\/p>\n<\/li>\n<\/ul>\n<h3 data-start=\"809\" data-end=\"838\"><span style=\"color: #000000;\">\u0110\u1eb7c \u0111i\u1ec3m n\u1ed5i b\u1eadt<\/span><\/h3>\n<ul data-start=\"839\" data-end=\"1046\">\n<li data-start=\"839\" data-end=\"890\">\n<p data-start=\"841\" data-end=\"890\"><span style=\"color: #000000;\">V\u1ecf c\u1ee7 m\u00e0u v\u00e0ng n\u00e2u, ru\u1ed9t v\u00e0ng \u0111\u1eadm, d\u1ebbo v\u00e0 ng\u1ecdt.<\/span><\/p>\n<\/li>\n<li data-start=\"891\" data-end=\"945\">\n<p data-start=\"893\" data-end=\"945\"><span style=\"color: #000000;\">Khi n\u1ea5u ch\u00edn c\u00f3 m\u00f9i th\u01a1m d\u1ecbu, v\u1ecb b\u00f9i b\u00e9o t\u1ef1 nhi\u00ean.<\/span><\/p>\n<\/li>\n<li data-start=\"946\" data-end=\"1046\">\n<p data-start=\"948\" data-end=\"1046\"><span style=\"color: #000000;\">D\u1ec5 ch\u1ebf bi\u1ebfn: lu\u1ed9c, n\u01b0\u1edbng, chi\u00ean, l\u00e0m b\u00e1nh, ho\u1eb7c ch\u1ebf bi\u1ebfn xu\u1ea5t kh\u1ea9u (s\u1ea5y, \u0111\u00f4ng l\u1ea1nh IQF, puree\u2026).<\/span><\/p>\n<\/li>\n<\/ul>\n<h3 data-start=\"1053\" data-end=\"1104\"><span style=\"color: #000000;\">Gi\u00e1 tr\u1ecb dinh d\u01b0\u1ee1ng c\u1ee7a khoai lang v\u00e0ng<\/span><\/h3>\n<p data-start=\"1105\" data-end=\"1165\"><span style=\"color: #000000;\">Khoai lang v\u00e0ng l\u00e0 th\u1ef1c ph\u1ea9m b\u1ed5 d\u01b0\u1ee1ng v\u00e0 t\u1ed1t cho s\u1ee9c kh\u1ecfe:<\/span><\/p>\n<ul data-start=\"1166\" data-end=\"1505\">\n<li data-start=\"1166\" data-end=\"1233\">\n<p data-start=\"1168\" data-end=\"1233\"><span style=\"color: #000000;\">Gi\u00e0u beta-carotene (ti\u1ec1n vitamin A): gi\u00fap s\u00e1ng m\u1eaft, \u0111\u1eb9p da.<\/span><\/p>\n<\/li>\n<li data-start=\"1234\" data-end=\"1300\">\n<p data-start=\"1236\" data-end=\"1300\"><span style=\"color: #000000;\">Ch\u1ee9a nhi\u1ec1u ch\u1ea5t x\u01a1: h\u1ed7 tr\u1ee3 ti\u00eau h\u00f3a, gi\u00fap c\u1ea3m gi\u00e1c no l\u00e2u.<\/span><\/p>\n<\/li>\n<li data-start=\"1301\" data-end=\"1420\">\n<p data-start=\"1303\" data-end=\"1420\"><span style=\"color: #000000;\">Cung c\u1ea5p vitamin C, B6, kali v\u00e0 mangan: gi\u00fap t\u0103ng c\u01b0\u1eddng mi\u1ec5n d\u1ecbch, gi\u1ea3m stress v\u00e0 h\u1ed7 tr\u1ee3 chuy\u1ec3n h\u00f3a n\u0103ng l\u01b0\u1ee3ng.<\/span><\/p>\n<\/li>\n<li data-start=\"1421\" data-end=\"1505\">\n<p data-start=\"1423\" data-end=\"1505\"><span style=\"color: #000000;\">\u00cdt ch\u1ea5t b\u00e9o, kh\u00f4ng cholesterol: ph\u00f9 h\u1ee3p cho ch\u1ebf \u0111\u1ed9 \u0103n l\u00e0nh m\u1ea1nh v\u00e0 gi\u1ea3m c\u00e2n.<\/span><\/p>\n<\/li>\n<\/ul>\n<p data-start=\"1574\" data-end=\"1753\"><span style=\"color: #000000;\">T\u1eeb v\u00f9ng \u0111\u1ea5t \u0110\u1eafk L\u1eafk v\u00e0 L\u00e2m \u0110\u1ed3ng, khoai lang v\u00e0ng Vi\u1ec7t Nam mang \u0111\u1ebfn h\u01b0\u01a1ng v\u1ecb ng\u1ecdt ng\u00e0o, d\u1ebbo th\u01a1m \u0111\u1eb7c tr\u01b0ng \u2013 l\u00e0 l\u1ef1a ch\u1ecdn ho\u00e0n h\u1ea3o cho th\u1ef1c ph\u1ea9m t\u01b0\u01a1i, ch\u1ebf bi\u1ebfn ho\u1eb7c xu\u1ea5t kh\u1ea9u.<\/span><\/p>\n","protected":false},"excerpt":{"rendered":"<table>\n<tbody>\n<tr>\n<td><span style=\"color: #1755ad;\"><strong>Lo\u1ea1i<\/strong><\/span><\/td>\n<td><span style=\"color: #000000;\">Khoai lang v\u00e0ng t\u01b0\u01a1i<\/span><\/td>\n<\/tr>\n<tr>\n<td><span style=\"color: #1755ad;\"><strong>M\u00f9a v\u1ee5\u00a0<\/strong><\/span><\/td>\n<td><span style=\"color: #000000;\">Th\u00e1ng 2-3-4-5-<\/span><\/td>\n<\/tr>\n<tr>\n<td><span style=\"color: #1755ad;\"><strong>Xu\u1ea5t x\u1ee9<\/strong><\/span><\/td>\n<td><span style=\"color: #000000;\">Vi\u1ec7t Nam<\/span><\/td>\n<\/tr>\n<\/tbody>\n<\/table>\n","protected":false},"featured_media":20928,"comment_status":"closed","ping_status":"closed","template":"","meta":[],"product_brand":[],"product_cat":[59],"product_tag":[],"class_list":{"0":"post-20927","1":"product","2":"type-product","3":"status-publish","4":"has-post-thumbnail","6":"product_cat-rau-cu-qua-tuoi","8":"first","9":"instock","10":"shipping-taxable","11":"product-type-simple"},"_links":{"self":[{"href":"https:\/\/hfoods.vn\/vi\/wp-json\/wp\/v2\/product\/20927","targetHints":{"allow":["GET"]}}],"collection":[{"href":"https:\/\/hfoods.vn\/vi\/wp-json\/wp\/v2\/product"}],"about":[{"href":"https:\/\/hfoods.vn\/vi\/wp-json\/wp\/v2\/types\/product"}],"replies":[{"embeddable":true,"href":"https:\/\/hfoods.vn\/vi\/wp-json\/wp\/v2\/comments?post=20927"}],"wp:featuredmedia":[{"embeddable":true,"href":"https:\/\/hfoods.vn\/vi\/wp-json\/wp\/v2\/media\/20928"}],"wp:attachment":[{"href":"https:\/\/hfoods.vn\/vi\/wp-json\/wp\/v2\/media?parent=20927"}],"wp:term":[{"taxonomy":"product_brand","embeddable":true,"href":"https:\/\/hfoods.vn\/vi\/wp-json\/wp\/v2\/product_brand?post=20927"},{"taxonomy":"product_cat","embeddable":true,"href":"https:\/\/hfoods.vn\/vi\/wp-json\/wp\/v2\/product_cat?post=20927"},{"taxonomy":"product_tag","embeddable":true,"href":"https:\/\/hfoods.vn\/vi\/wp-json\/wp\/v2\/product_tag?post=20927"}],"curies":[{"name":"wp","href":"https:\/\/api.w.org\/{rel}","templated":true}]}}