{"id":20930,"date":"2025-10-16T11:40:45","date_gmt":"2025-10-16T04:40:45","guid":{"rendered":"https:\/\/hfoods.vn\/?post_type=product&#038;p=20930"},"modified":"2025-10-23T17:34:13","modified_gmt":"2025-10-23T10:34:13","slug":"thanh-long-ruot-do-tuoi","status":"publish","type":"product","link":"https:\/\/hfoods.vn\/vi\/san-pham\/thanh-long-ruot-do-tuoi\/","title":{"rendered":"Thanh Long Ru\u1ed9t \u0110\u1ecf T\u01b0\u01a1i"},"content":{"rendered":"<h3 data-start=\"252\" data-end=\"324\"><span style=\"color: #000000;\">Thanh long ru\u1ed9t \u0111\u1ecf Vi\u1ec7t Nam \u2013 S\u1eafc \u0111\u1ecf t\u1ef1 nhi\u00ean, v\u1ecb ng\u1ecdt thanh m\u00e1t<\/span><\/h3>\n<h3 data-start=\"326\" data-end=\"360\"><span style=\"color: #000000;\">Ngu\u1ed3n g\u1ed1c v\u00e0 v\u00f9ng tr\u1ed3ng<\/span><\/h3>\n<p data-start=\"361\" data-end=\"886\"><span style=\"color: #000000;\">\u0110\u01b0\u1ee3c thu ho\u1ea1ch t\u1eeb c\u00e1c v\u00f9ng nguy\u00ean li\u1ec7u \u0111\u1ea1t chu\u1ea9n canh t\u00e1c n\u00f4ng d\u00e2n t\u1ea1i B\u00ecnh Thu\u1eadn v\u00e0 Long An, hai \u0111\u1ecba ph\u01b0\u01a1ng n\u1ed5i ti\u1ebfng v\u1edbi th\u1ed5 nh\u01b0\u1ee1ng m\u00e0u m\u1ee1 v\u00e0 kh\u00ed h\u1eadu kh\u00f4 n\u00f3ng \u0111\u1eb7c tr\u01b0ng, thanh long ru\u1ed9t \u0111\u1ecf Vi\u1ec7t Nam ph\u00e1t tri\u1ec3n cho m\u00e0u \u0111\u1ecf t\u01b0\u01a1i b\u1eaft m\u1eaft, v\u1ecf s\u00e1ng b\u00f3ng v\u00e0 v\u1ecb ng\u1ecdt thanh t\u1ef1 nhi\u00ean.<\/span><br data-start=\"648\" data-end=\"651\" \/><span style=\"color: #000000;\">HungHau Foods li\u00ean k\u1ebft tr\u1ef1c ti\u1ebfp v\u1edbi n\u00f4ng d\u00e2n t\u1ea1i v\u00f9ng tr\u1ed3ng, h\u01b0\u1edbng d\u1eabn canh t\u00e1c an to\u00e0n, ghi ch\u00e9p nh\u1eadt k\u00fd v\u00e0 ki\u1ec3m so\u00e1t ch\u1eb7t ch\u1ebd t\u1eeb kh\u00e2u ch\u1ecdn gi\u1ed1ng, ch\u0103m s\u00f3c \u0111\u1ebfn thu ho\u1ea1ch \u2014 \u0111\u1ea3m b\u1ea3o s\u1ea3n ph\u1ea9m \u0111\u1ea1t chu\u1ea9n ch\u1ea5t l\u01b0\u1ee3ng xu\u1ea5t kh\u1ea9u cao nh\u1ea5t.<\/span><\/p>\n<h3 data-start=\"888\" data-end=\"940\"><span style=\"color: #000000;\">Gi\u00e1 tr\u1ecb dinh d\u01b0\u1ee1ng c\u1ee7a thanh long ru\u1ed9t \u0111\u1ecf<\/span><\/h3>\n<p data-start=\"941\" data-end=\"1077\"><span style=\"color: #000000;\">Thanh long ru\u1ed9t \u0111\u1ecf l\u00e0 ngu\u1ed3n th\u1ef1c ph\u1ea9m gi\u00e0u vitamin C, ch\u1ea5t x\u01a1 v\u00e0 ch\u1ea5t ch\u1ed1ng oxy h\u00f3a t\u1ef1 nhi\u00ean, mang \u0111\u1ebfn nhi\u1ec1u l\u1ee3i \u00edch cho s\u1ee9c kh\u1ecfe:<\/span><\/p>\n<ul data-start=\"1078\" data-end=\"1432\">\n<li data-start=\"1078\" data-end=\"1160\">\n<p data-start=\"1080\" data-end=\"1160\"><span style=\"color: #000000;\">T\u0103ng c\u01b0\u1eddng h\u1ec7 mi\u1ec5n d\u1ecbch v\u00e0 h\u1ed7 tr\u1ee3 h\u1ea5p thu s\u1eaft nh\u1edd h\u00e0m l\u01b0\u1ee3ng vitamin C cao.<\/span><\/p>\n<\/li>\n<li data-start=\"1161\" data-end=\"1247\">\n<p data-start=\"1163\" data-end=\"1247\"><span style=\"color: #000000;\">C\u1ea3i thi\u1ec7n ti\u00eau h\u00f3a v\u00e0 h\u1ed7 tr\u1ee3 ki\u1ec3m so\u00e1t c\u00e2n n\u1eb7ng nh\u1edd h\u00e0m l\u01b0\u1ee3ng ch\u1ea5t x\u01a1 d\u1ed3i d\u00e0o.<\/span><\/p>\n<\/li>\n<li data-start=\"1248\" data-end=\"1337\">\n<p data-start=\"1250\" data-end=\"1337\"><span style=\"color: #000000;\">Gi\u00fap l\u00e0n da s\u00e1ng kh\u1ecfe nh\u1edd c\u00e1c ch\u1ea5t ch\u1ed1ng oxy h\u00f3a gi\u00fap l\u00e0m ch\u1eadm qu\u00e1 tr\u00ecnh l\u00e3o h\u00f3a.<\/span><\/p>\n<\/li>\n<li data-start=\"1338\" data-end=\"1432\">\n<p data-start=\"1340\" data-end=\"1432\"><span style=\"color: #000000;\">Cung c\u1ea5p n\u0103ng l\u01b0\u1ee3ng t\u1ef1 nhi\u00ean, \u00edt calo, ph\u00f9 h\u1ee3p v\u1edbi ch\u1ebf \u0111\u1ed9 \u0103n l\u00e0nh m\u1ea1nh v\u00e0 ng\u01b0\u1eddi \u0103n chay.<\/span><\/p>\n<\/li>\n<\/ul>\n<h3 data-start=\"1434\" data-end=\"1474\"><span style=\"color: #000000;\">Chu\u1ea9n ch\u1ea5t l\u01b0\u1ee3ng v\u00e0 xu\u1ea5t kh\u1ea9u<\/span><\/h3>\n<p data-start=\"1475\" data-end=\"1903\"><span style=\"color: #000000;\">Thanh long ru\u1ed9t \u0111\u1ecf c\u1ee7a HungHau Foods \u0111\u01b0\u1ee3c thu ho\u1ea1ch \u0111\u00fang \u0111\u1ed9 ch\u00edn, s\u01a1 ch\u1ebf v\u00e0 c\u1ea5p \u0111\u00f4ng nhanh b\u1eb1ng c\u00f4ng ngh\u1ec7 IQF hi\u1ec7n \u0111\u1ea1i, gi\u00fap gi\u1eef nguy\u00ean m\u00e0u s\u1eafc, h\u01b0\u01a1ng v\u1ecb v\u00e0 gi\u00e1 tr\u1ecb dinh d\u01b0\u1ee1ng t\u1ef1 nhi\u00ean.<\/span><br data-start=\"1672\" data-end=\"1675\" \/><span style=\"color: #000000;\">To\u00e0n b\u1ed9 quy tr\u00ecnh s\u1ea3n xu\u1ea5t \u0111\u1ea1t c\u00e1c ti\u00eau chu\u1ea9n qu\u1ed1c t\u1ebf nh\u01b0 BRCGS, HACCP, ISO 22000, FDA, Halal, Kosher, \u0111\u1ea3m b\u1ea3o s\u1ea3n ph\u1ea9m an to\u00e0n v\u00e0 \u0111\u1ee7 \u0111i\u1ec1u ki\u1ec7n xu\u1ea5t kh\u1ea9u sang c\u00e1c th\u1ecb tr\u01b0\u1eddng cao c\u1ea5p nh\u01b0 M\u1ef9, Nh\u1eadt B\u1ea3n, H\u00e0n Qu\u1ed1c v\u00e0 ch\u00e2u \u00c2u.<\/span><\/p>\n<h3 data-start=\"1905\" data-end=\"1936\"><span style=\"color: #000000;\">M\u00f9a v\u1ee5 v\u00e0 ngu\u1ed3n cung<\/span><\/h3>\n<p data-start=\"1937\" data-end=\"2121\"><span style=\"color: #000000;\">M\u00f9a v\u1ee5 thu ho\u1ea1ch k\u00e9o d\u00e0i t\u1eeb th\u00e1ng 6 \u0111\u1ebfn th\u00e1ng 10 h\u1eb1ng n\u0103m, \u0111\u1ea3m b\u1ea3o ngu\u1ed3n cung \u1ed5n \u0111\u1ecbnh, ch\u1ea5t l\u01b0\u1ee3ng \u0111\u1ed3ng nh\u1ea5t v\u00e0 s\u1ea3n l\u01b0\u1ee3ng l\u1edbn \u0111\u00e1p \u1ee9ng c\u00e1c \u0111\u01a1n h\u00e0ng d\u00e0i h\u1ea1n c\u1ee7a \u0111\u1ed1i t\u00e1c qu\u1ed1c t\u1ebf. <\/span><span style=\"color: #000000;\">Thanh long ru\u1ed9t \u0111\u1ecf kh\u00f4ng ch\u1ec9 l\u00e0 tr\u00e1i c\u00e2y tr\u00e1ng mi\u1ec7ng th\u01a1m ngon, m\u00e0 c\u00f2n l\u00e0 l\u1ef1a ch\u1ecdn tuy\u1ec7t v\u1eddi cho c\u00e1c d\u00f2ng s\u1ea3n ph\u1ea9m ch\u1ebf bi\u1ebfn, n\u01b0\u1edbc \u00e9p, sinh t\u1ed1 v\u00e0 topping l\u1ea1nh.<\/span><br data-start=\"2330\" data-end=\"2333\" \/><span style=\"color: #000000;\">H\u00e3y \u0111\u1ec3 HungHau Foods mang \u0111\u1ebfn cho b\u1ea1n s\u1eafc \u0111\u1ecf t\u1ef1 nhi\u00ean v\u00e0 h\u01b0\u01a1ng v\u1ecb thanh m\u00e1t c\u1ee7a n\u00f4ng s\u1ea3n Vi\u1ec7t Nam \u2013 t\u01b0\u01a1i ngon, b\u1ed5 d\u01b0\u1ee1ng v\u00e0 b\u1ec1n v\u1eefng.<\/span><\/p>\n","protected":false},"excerpt":{"rendered":"<table>\n<tbody>\n<tr>\n<td><span style=\"color: #1755ad;\"><strong>Lo\u1ea1i<\/strong><\/span><\/td>\n<td>Thanh long \u0111\u1ecf<\/td>\n<\/tr>\n<tr>\n<td><span style=\"color: #1755ad;\"><strong>M\u00f9a v\u1ee5\u00a0<\/strong><\/span><\/td>\n<td>Th\u00e1ng 6-7-8-9-10<\/td>\n<\/tr>\n<tr>\n<td><span style=\"color: #1755ad;\"><strong>Xu\u1ea5t x\u1ee9<\/strong><\/span><\/td>\n<td>Vi\u1ec7t Nam<\/td>\n<\/tr>\n<\/tbody>\n<\/table>\n","protected":false},"featured_media":20931,"comment_status":"closed","ping_status":"closed","template":"","meta":[],"product_brand":[],"product_cat":[59],"product_tag":[],"class_list":{"0":"post-20930","1":"product","2":"type-product","3":"status-publish","4":"has-post-thumbnail","6":"product_cat-rau-cu-qua-tuoi","8":"first","9":"instock","10":"shipping-taxable","11":"product-type-simple"},"_links":{"self":[{"href":"https:\/\/hfoods.vn\/vi\/wp-json\/wp\/v2\/product\/20930","targetHints":{"allow":["GET"]}}],"collection":[{"href":"https:\/\/hfoods.vn\/vi\/wp-json\/wp\/v2\/product"}],"about":[{"href":"https:\/\/hfoods.vn\/vi\/wp-json\/wp\/v2\/types\/product"}],"replies":[{"embeddable":true,"href":"https:\/\/hfoods.vn\/vi\/wp-json\/wp\/v2\/comments?post=20930"}],"wp:featuredmedia":[{"embeddable":true,"href":"https:\/\/hfoods.vn\/vi\/wp-json\/wp\/v2\/media\/20931"}],"wp:attachment":[{"href":"https:\/\/hfoods.vn\/vi\/wp-json\/wp\/v2\/media?parent=20930"}],"wp:term":[{"taxonomy":"product_brand","embeddable":true,"href":"https:\/\/hfoods.vn\/vi\/wp-json\/wp\/v2\/product_brand?post=20930"},{"taxonomy":"product_cat","embeddable":true,"href":"https:\/\/hfoods.vn\/vi\/wp-json\/wp\/v2\/product_cat?post=20930"},{"taxonomy":"product_tag","embeddable":true,"href":"https:\/\/hfoods.vn\/vi\/wp-json\/wp\/v2\/product_tag?post=20930"}],"curies":[{"name":"wp","href":"https:\/\/api.w.org\/{rel}","templated":true}]}}