{"id":20933,"date":"2025-10-16T11:47:47","date_gmt":"2025-10-16T04:47:47","guid":{"rendered":"https:\/\/hfoods.vn\/?post_type=product&#038;p=20933"},"modified":"2025-10-23T17:24:05","modified_gmt":"2025-10-23T10:24:05","slug":"dua-tuoi","status":"publish","type":"product","link":"https:\/\/hfoods.vn\/vi\/san-pham\/dua-tuoi\/","title":{"rendered":"D\u1eeba T\u01b0\u01a1i"},"content":{"rendered":"<h2 data-start=\"172\" data-end=\"242\"><span style=\"color: #000000;\">D\u1eeaA T\u01af\u01a0I \u2013 TH\u1ee8C U\u1ed0NG T\u1eea THI\u00caN NHI\u00caN GI\u00c0U DINH D\u01af\u1ee0NG C\u1ee6A VI\u1ec6T NAM<\/span><\/h2>\n<p data-start=\"244\" data-end=\"491\"><span style=\"color: #000000;\">T\u1eeb nh\u1eefng v\u01b0\u1eddn d\u1eeba xanh b\u1ea1t ng\u00e0n c\u1ee7a B\u1ebfn Tre \u2013 th\u1ee7 ph\u1ee7 d\u1eeba Vi\u1ec7t Nam, nh\u1eefng tr\u00e1i d\u1eeba t\u01b0\u01a1i \u0111\u01b0\u1ee3c HungHau Foods thu ho\u1ea1ch, ch\u1ecdn l\u1ecdc v\u00e0 ph\u00e2n lo\u1ea1i k\u1ef9 l\u01b0\u1ee1ng, mang \u0111\u1ebfn cho ng\u01b0\u1eddi ti\u00eau d\u00f9ng s\u1ea3n ph\u1ea9m t\u1ef1 nhi\u00ean, tinh khi\u1ebft v\u00e0 gi\u00e0u d\u01b0\u1ee1ng ch\u1ea5t nh\u1ea5t.<\/span><\/p>\n<h3 data-start=\"493\" data-end=\"521\"><span style=\"color: #000000;\">Ngu\u1ed3n g\u1ed1c v\u00e0 \u0111\u1eb7c \u0111i\u1ec3m<\/span><\/h3>\n<p data-start=\"523\" data-end=\"758\"><span style=\"color: #000000;\">D\u1eeba t\u01b0\u01a1i Vi\u1ec7t Nam \u0111\u01b0\u1ee3c tr\u1ed3ng ch\u1ee7 y\u1ebfu \u1edf \u0110\u1ed3ng b\u1eb1ng s\u00f4ng C\u1eedu Long v\u00e0 mi\u1ec1n Trung, n\u01a1i c\u00f3 kh\u00ed h\u1eadu nhi\u1ec7t \u0111\u1edbi \u00f4n h\u00f2a v\u00e0 \u0111\u1ea5t ph\u00f9 sa m\u00e0u m\u1ee1 \u2013 \u0111i\u1ec1u ki\u1ec7n l\u00fd t\u01b0\u1edfng \u0111\u1ec3 t\u1ea1o n\u00ean nh\u1eefng tr\u00e1i d\u1eeba ng\u1ecdt m\u00e1t, nhi\u1ec1u n\u01b0\u1edbc, c\u00f9i d\u00e0y v\u00e0 th\u01a1m t\u1ef1 nhi\u00ean.<\/span><\/p>\n<p data-start=\"760\" data-end=\"928\"><span style=\"color: #000000;\">M\u1ed7i tr\u00e1i d\u1eeba \u0111\u01b0\u1ee3c thu ho\u1ea1ch \u0111\u00fang \u0111\u1ed9 ch\u00edn, b\u1ea3o qu\u1ea3n b\u1eb1ng ph\u01b0\u01a1ng ph\u00e1p t\u1ef1 nhi\u00ean, \u0111\u1ea3m b\u1ea3o gi\u1eef nguy\u00ean h\u01b0\u01a1ng v\u1ecb t\u01b0\u01a1i ngon v\u00e0 ch\u1ea5t l\u01b0\u1ee3ng dinh d\u01b0\u1ee1ng khi \u0111\u1ebfn tay ng\u01b0\u1eddi d\u00f9ng.<\/span><\/p>\n<h3 data-start=\"760\" data-end=\"928\"><span style=\"color: #000000;\">\u00a0Gi\u00e1 tr\u1ecb dinh d\u01b0\u1ee1ng c\u1ee7a d\u1eeba t\u01b0\u01a1i<\/span><\/h3>\n<p data-start=\"970\" data-end=\"1076\"><span style=\"color: #000000;\">D\u1eeba t\u01b0\u01a1i kh\u00f4ng ch\u1ec9 l\u00e0 th\u1ee9c u\u1ed1ng gi\u1ea3i kh\u00e1t m\u00e0 c\u00f2n l\u00e0 ngu\u1ed3n b\u1ed5 sung n\u0103ng l\u01b0\u1ee3ng v\u00e0 kho\u00e1ng ch\u1ea5t qu\u00fd gi\u00e1:<\/span><\/p>\n<ul data-start=\"1077\" data-end=\"1525\">\n<li data-start=\"1077\" data-end=\"1192\">\n<p data-start=\"1079\" data-end=\"1192\"><span style=\"color: #000000;\">Gi\u00e0u kali, magi\u00ea, canxi v\u00e0 vitamin C \u2013 gi\u00fap c\u00e2n b\u1eb1ng \u0111i\u1ec7n gi\u1ea3i, h\u1ed7 tr\u1ee3 tim m\u1ea1ch v\u00e0 t\u0103ng c\u01b0\u1eddng s\u1ee9c \u0111\u1ec1 kh\u00e1ng.<\/span><\/p>\n<\/li>\n<li data-start=\"1193\" data-end=\"1312\">\n<p data-start=\"1195\" data-end=\"1312\"><span style=\"color: #000000;\">Ch\u1ee9a c\u00e1c axit b\u00e9o t\u1ed1t (MCTs) \u2013 h\u1ed7 tr\u1ee3 chuy\u1ec3n h\u00f3a n\u0103ng l\u01b0\u1ee3ng nhanh, gi\u1ea3m m\u1ec7t m\u1ecfi v\u00e0 c\u1ea3i thi\u1ec7n s\u1ee9c kh\u1ecfe t\u1ed5ng th\u1ec3.<\/span><\/p>\n<\/li>\n<li data-start=\"1313\" data-end=\"1423\">\n<p data-start=\"1315\" data-end=\"1423\"><span style=\"color: #000000;\">C\u01a1m d\u1eeba non l\u00e0 ngu\u1ed3n cung c\u1ea5p t\u1ef1 nhi\u00ean c\u1ee7a ch\u1ea5t x\u01a1, gi\u00fap ti\u00eau h\u00f3a t\u1ed1t h\u01a1n v\u00e0 duy tr\u00ec v\u00f3c d\u00e1ng c\u00e2n \u0111\u1ed1i.<\/span><\/p>\n<\/li>\n<li data-start=\"1424\" data-end=\"1525\">\n<p data-start=\"1426\" data-end=\"1525\"><span style=\"color: #000000;\">Ch\u1ea5t ch\u1ed1ng oxy h\u00f3a t\u1ef1 nhi\u00ean gi\u00fap l\u00e0m ch\u1eadm qu\u00e1 tr\u00ecnh l\u00e3o h\u00f3a v\u00e0 b\u1ea3o v\u1ec7 t\u1ebf b\u00e0o kh\u1ecfi t\u1ed5n th\u01b0\u01a1ng.<\/span><\/p>\n<\/li>\n<\/ul>\n<h3 data-start=\"1527\" data-end=\"1562\"><span style=\"color: #000000;\">\u00a0S\u1ea3n ph\u1ea9m \u0111\u1ea1t chu\u1ea9n xu\u1ea5t kh\u1ea9u<\/span><\/h3>\n<p data-start=\"1564\" data-end=\"1810\"><span style=\"color: #000000;\">D\u1eeba t\u01b0\u01a1i c\u1ee7a HungHau Foods \u00a0theo ti\u00eau chu\u1ea9n qu\u1ed1c t\u1ebf, \u0111\u00e1p \u1ee9ng c\u00e1c ch\u1ee9ng nh\u1eadn BRCGS, HACCP, ISO 22000 v\u00e0 FDA, \u0111\u1ea3m b\u1ea3o an to\u00e0n v\u1ec7 sinh th\u1ef1c ph\u1ea9m v\u00e0 ch\u1ea5t l\u01b0\u1ee3ng \u0111\u1ed3ng nh\u1ea5t khi xu\u1ea5t kh\u1ea9u ra th\u1ecb tr\u01b0\u1eddng to\u00e0n c\u1ea7u.<\/span><\/p>\n<p data-start=\"1881\" data-end=\"2042\"><span style=\"color: #000000;\">M\u1ed9t ly n\u01b0\u1edbc d\u1eeba m\u00e1t l\u1ea1nh kh\u00f4ng ch\u1ec9 gi\u00fap gi\u1ea3i nhi\u1ec7t t\u1ee9c th\u00ec m\u00e0 c\u00f2n mang \u0111\u1ebfn c\u1ea3m gi\u00e1c th\u01b0 gi\u00e3n, thanh l\u1ecdc c\u01a1 th\u1ec3 v\u00e0 n\u1ea1p l\u1ea1i n\u0103ng l\u01b0\u1ee3ng sau ng\u00e0y d\u00e0i l\u00e0m vi\u1ec7c.<\/span><\/p>\n","protected":false},"excerpt":{"rendered":"<table style=\"width: 328px;\">\n<tbody>\n<tr>\n<td style=\"width: 70px;\"><strong><span style=\"color: #1755ad;\">Lo\u1ea1i<\/span><\/strong><\/td>\n<td style=\"width: 242px;\">D\u1eeba t\u01b0\u01a1i<\/td>\n<\/tr>\n<tr>\n<td style=\"width: 70px;\"><strong><span style=\"color: #1755ad;\">M\u00f9a v\u1ee5\u00a0<\/span><\/strong><\/td>\n<td style=\"width: 242px;\">Quanh n\u0103m<\/td>\n<\/tr>\n<tr>\n<td style=\"width: 70px;\"><strong><span style=\"color: #1755ad;\">Xu\u1ea5t x\u1ee9<\/span><\/strong><\/td>\n<td style=\"width: 242px;\">Vi\u1ec7t Nam<\/td>\n<\/tr>\n<\/tbody>\n<\/table>\n","protected":false},"featured_media":20934,"comment_status":"closed","ping_status":"closed","template":"","meta":[],"product_brand":[],"product_cat":[59],"product_tag":[],"class_list":{"0":"post-20933","1":"product","2":"type-product","3":"status-publish","4":"has-post-thumbnail","6":"product_cat-rau-cu-qua-tuoi","8":"first","9":"instock","10":"shipping-taxable","11":"product-type-simple"},"_links":{"self":[{"href":"https:\/\/hfoods.vn\/vi\/wp-json\/wp\/v2\/product\/20933","targetHints":{"allow":["GET"]}}],"collection":[{"href":"https:\/\/hfoods.vn\/vi\/wp-json\/wp\/v2\/product"}],"about":[{"href":"https:\/\/hfoods.vn\/vi\/wp-json\/wp\/v2\/types\/product"}],"replies":[{"embeddable":true,"href":"https:\/\/hfoods.vn\/vi\/wp-json\/wp\/v2\/comments?post=20933"}],"wp:featuredmedia":[{"embeddable":true,"href":"https:\/\/hfoods.vn\/vi\/wp-json\/wp\/v2\/media\/20934"}],"wp:attachment":[{"href":"https:\/\/hfoods.vn\/vi\/wp-json\/wp\/v2\/media?parent=20933"}],"wp:term":[{"taxonomy":"product_brand","embeddable":true,"href":"https:\/\/hfoods.vn\/vi\/wp-json\/wp\/v2\/product_brand?post=20933"},{"taxonomy":"product_cat","embeddable":true,"href":"https:\/\/hfoods.vn\/vi\/wp-json\/wp\/v2\/product_cat?post=20933"},{"taxonomy":"product_tag","embeddable":true,"href":"https:\/\/hfoods.vn\/vi\/wp-json\/wp\/v2\/product_tag?post=20933"}],"curies":[{"name":"wp","href":"https:\/\/api.w.org\/{rel}","templated":true}]}}