{"id":20936,"date":"2025-10-16T11:50:46","date_gmt":"2025-10-16T04:50:46","guid":{"rendered":"https:\/\/hfoods.vn\/?post_type=product&#038;p=20936"},"modified":"2025-10-23T17:23:20","modified_gmt":"2025-10-23T10:23:20","slug":"chuoi-tuoi","status":"publish","type":"product","link":"https:\/\/hfoods.vn\/vi\/san-pham\/chuoi-tuoi\/","title":{"rendered":"Chu\u1ed1i T\u01b0\u01a1i"},"content":{"rendered":"<h2 data-start=\"164\" data-end=\"230\"><span style=\"color: #000000;\">CHU\u1ed0I VI\u1ec6T NAM \u2013 NGU\u1ed2N N\u0102NG L\u01af\u1ee2NG T\u1ef0 NHI\u00caN GI\u00c0U DINH D\u01af\u1ee0NG<\/span><\/h2>\n<p data-start=\"232\" data-end=\"508\"><span style=\"color: #000000;\">Chu\u1ed1i l\u00e0 m\u1ed9t trong nh\u1eefng lo\u1ea1i tr\u00e1i c\u00e2y nhi\u1ec7t \u0111\u1edbi quen thu\u1ed9c v\u00e0 \u0111\u01b0\u1ee3c \u01b0a chu\u1ed9ng nh\u1ea5t t\u1ea1i Vi\u1ec7t Nam. V\u1edbi h\u01b0\u01a1ng v\u1ecb ng\u1ecdt d\u1ecbu, d\u1ec5 \u0103n v\u00e0 gi\u00e1 tr\u1ecb dinh d\u01b0\u1ee1ng cao, chu\u1ed1i Vi\u1ec7t Nam kh\u00f4ng ch\u1ec9 l\u00e0 m\u00f3n tr\u00e1ng mi\u1ec7ng th\u01a1m ngon m\u00e0 c\u00f2n l\u00e0 ngu\u1ed3n n\u0103ng l\u01b0\u1ee3ng t\u1ef1 nhi\u00ean tuy\u1ec7t v\u1eddi cho s\u1ee9c kh\u1ecfe.<\/span><\/p>\n<h3 data-start=\"510\" data-end=\"542\"><span style=\"color: #000000;\">\u00a0Ngu\u1ed3n g\u1ed1c v\u00e0 v\u00f9ng tr\u1ed3ng<\/span><\/h3>\n<p data-start=\"544\" data-end=\"798\"><span style=\"color: #000000;\">Chu\u1ed1i \u0111\u01b0\u1ee3c tr\u1ed3ng r\u1ed9ng kh\u1eafp \u1edf Vi\u1ec7t Nam, \u0111\u1eb7c bi\u1ec7t t\u1ea1i c\u00e1c t\u1ec9nh \u0110\u1ed3ng b\u1eb1ng s\u00f4ng C\u1eedu Long, \u0110\u1ed3ng Nai, L\u00e2m \u0110\u1ed3ng v\u00e0 T\u00e2y Nguy\u00ean, n\u01a1i c\u00f3 kh\u00ed h\u1eadu \u1ea5m \u00e1p, \u0111\u1ea5t ph\u00f9 sa m\u00e0u m\u1ee1\u00a0 \u0111i\u1ec1u ki\u1ec7n l\u00fd t\u01b0\u1edfng gi\u00fap chu\u1ed1i ph\u00e1t tri\u1ec3n \u0111\u1ec1u, qu\u1ea3 to, v\u1ecb ng\u1ecdt thanh v\u00e0 th\u01a1m \u0111\u1eb7c tr\u01b0ng.<\/span><\/p>\n<h3 data-start=\"1103\" data-end=\"1140\"><span style=\"color: #000000;\">\u00a0Gi\u00e1 tr\u1ecb dinh d\u01b0\u1ee1ng c\u1ee7a chu\u1ed1i<\/span><\/h3>\n<p data-start=\"1142\" data-end=\"1221\"><span style=\"color: #000000;\">Chu\u1ed1i ch\u1ee9a nhi\u1ec1u d\u01b0\u1ee1ng ch\u1ea5t thi\u1ebft y\u1ebfu, mang l\u1ea1i l\u1ee3i \u00edch to\u00e0n di\u1ec7n cho c\u01a1 th\u1ec3:<\/span><\/p>\n<ul data-start=\"1222\" data-end=\"1608\">\n<li data-start=\"1222\" data-end=\"1318\">\n<p data-start=\"1224\" data-end=\"1318\"><span style=\"color: #000000;\">Gi\u00e0u kali, magi\u00ea v\u00e0 vitamin B6 \u2013 gi\u00fap \u1ed5n \u0111\u1ecbnh huy\u1ebft \u00e1p, h\u1ed7 tr\u1ee3 tim m\u1ea1ch v\u00e0 gi\u1ea3m m\u1ec7t m\u1ecfi.<\/span><\/p>\n<\/li>\n<li data-start=\"1319\" data-end=\"1410\">\n<p data-start=\"1321\" data-end=\"1410\"><span style=\"color: #000000;\">Ch\u1ee9a vitamin C v\u00e0 ch\u1ea5t ch\u1ed1ng oxy h\u00f3a \u2013 t\u0103ng c\u01b0\u1eddng mi\u1ec5n d\u1ecbch, gi\u00fap l\u00e0n da kh\u1ecfe m\u1ea1nh.<\/span><\/p>\n<\/li>\n<li data-start=\"1411\" data-end=\"1527\">\n<p data-start=\"1413\" data-end=\"1527\"><span style=\"color: #000000;\">Cung c\u1ea5p n\u0103ng l\u01b0\u1ee3ng t\u1ef1 nhi\u00ean t\u1eeb carbohydrate d\u1ec5 ti\u00eau h\u00f3a, l\u00fd t\u01b0\u1edfng cho ng\u01b0\u1eddi ch\u01a1i th\u1ec3 thao v\u00e0 l\u00e0m vi\u1ec7c n\u1eb7ng.<\/span><\/p>\n<\/li>\n<li data-start=\"1528\" data-end=\"1608\">\n<p data-start=\"1530\" data-end=\"1608\"><span style=\"color: #000000;\">Gi\u00e0u ch\u1ea5t x\u01a1 t\u1ef1 nhi\u00ean \u2013 h\u1ed7 tr\u1ee3 h\u1ec7 ti\u00eau h\u00f3a kh\u1ecfe m\u1ea1nh, ng\u0103n ng\u1eeba t\u00e1o b\u00f3n.<\/span><\/p>\n<\/li>\n<\/ul>\n<h3 data-start=\"1610\" data-end=\"1648\"><span style=\"color: #000000;\">\u00a0Chu\u1ea9n ch\u1ea5t l\u01b0\u1ee3ng v\u00e0 xu\u1ea5t kh\u1ea9u<\/span><\/h3>\n<p data-start=\"1650\" data-end=\"1915\"><span style=\"color: #000000;\">Chu\u1ed1i t\u01b0\u01a1i Vi\u1ec7t Nam \u0111\u01b0\u1ee3c HungHau Foods thu ho\u1ea1ch, s\u01a1 ch\u1ebf v\u00e0 \u0111\u00f3ng g\u00f3i theo ti\u00eau chu\u1ea9n qu\u1ed1c t\u1ebf BRCGS, HACCP, ISO 22000 v\u00e0 FDA, \u0111\u1ea3m b\u1ea3o \u0111\u1ed9 ch\u00edn t\u1ef1 nhi\u00ean, kh\u00f4ng h\u00f3a ch\u1ea5t, gi\u1eef nguy\u00ean h\u01b0\u01a1ng v\u1ecb v\u00e0 gi\u00e1 tr\u1ecb dinh d\u01b0\u1ee1ng khi \u0111\u1ebfn tay ng\u01b0\u1eddi ti\u00eau d\u00f9ng trong n\u01b0\u1edbc v\u00e0 qu\u1ed1c t\u1ebf.<\/span><\/p>\n<h3 data-start=\"1917\" data-end=\"1961\"><span style=\"color: #000000;\">T\u1eadn h\u01b0\u1edfng v\u1ecb ng\u1ecdt t\u1ef1 nhi\u00ean m\u1ed7i ng\u00e0y<\/span><\/h3>\n<p data-start=\"1963\" data-end=\"2111\"><span style=\"color: #000000;\">M\u1ed9t qu\u1ea3 chu\u1ed1i m\u1ed7i s\u00e1ng kh\u00f4ng ch\u1ec9 gi\u00fap b\u1ed5 sung n\u0103ng l\u01b0\u1ee3ng, l\u00e0m \u0111\u1eb9p da, t\u1ed1t cho tim m\u1ea1ch, m\u00e0 c\u00f2n l\u00e0 l\u1ef1a ch\u1ecdn l\u00e0nh m\u1ea1nh thay th\u1ebf \u0111\u1ed3 \u0103n nhanh.<\/span><\/p>\n","protected":false},"excerpt":{"rendered":"<table style=\"width: 271px;\">\n<tbody>\n<tr>\n<td style=\"width: 92px;\"><span style=\"color: #1755ad;\"><strong>Lo\u1ea1i<\/strong><\/span><\/td>\n<td style=\"width: 163px;\"><span style=\"color: #000000;\">Chu\u1ed1i gi\u00e0 t\u01b0\u01a1i<\/span><\/td>\n<\/tr>\n<tr>\n<td style=\"width: 92px;\"><span style=\"color: #1755ad;\"><strong>M\u00f9a v\u1ee5\u00a0<\/strong><\/span><\/td>\n<td style=\"width: 163px;\"><span style=\"color: #000000;\">Th\u00e1ng 9-10-11-12-1-2-3<\/span><\/td>\n<\/tr>\n<tr>\n<td style=\"width: 92px;\"><span style=\"color: #1755ad;\"><strong>Xu\u1ea5t x\u1ee9<\/strong><\/span><\/td>\n<td style=\"width: 163px;\"><span style=\"color: #000000;\">Vi\u1ec7t Nam<\/span><\/td>\n<\/tr>\n<\/tbody>\n<\/table>\n","protected":false},"featured_media":20937,"comment_status":"closed","ping_status":"closed","template":"","meta":[],"product_brand":[],"product_cat":[59],"product_tag":[],"class_list":{"0":"post-20936","1":"product","2":"type-product","3":"status-publish","4":"has-post-thumbnail","6":"product_cat-rau-cu-qua-tuoi","8":"first","9":"instock","10":"shipping-taxable","11":"product-type-simple"},"_links":{"self":[{"href":"https:\/\/hfoods.vn\/vi\/wp-json\/wp\/v2\/product\/20936","targetHints":{"allow":["GET"]}}],"collection":[{"href":"https:\/\/hfoods.vn\/vi\/wp-json\/wp\/v2\/product"}],"about":[{"href":"https:\/\/hfoods.vn\/vi\/wp-json\/wp\/v2\/types\/product"}],"replies":[{"embeddable":true,"href":"https:\/\/hfoods.vn\/vi\/wp-json\/wp\/v2\/comments?post=20936"}],"wp:featuredmedia":[{"embeddable":true,"href":"https:\/\/hfoods.vn\/vi\/wp-json\/wp\/v2\/media\/20937"}],"wp:attachment":[{"href":"https:\/\/hfoods.vn\/vi\/wp-json\/wp\/v2\/media?parent=20936"}],"wp:term":[{"taxonomy":"product_brand","embeddable":true,"href":"https:\/\/hfoods.vn\/vi\/wp-json\/wp\/v2\/product_brand?post=20936"},{"taxonomy":"product_cat","embeddable":true,"href":"https:\/\/hfoods.vn\/vi\/wp-json\/wp\/v2\/product_cat?post=20936"},{"taxonomy":"product_tag","embeddable":true,"href":"https:\/\/hfoods.vn\/vi\/wp-json\/wp\/v2\/product_tag?post=20936"}],"curies":[{"name":"wp","href":"https:\/\/api.w.org\/{rel}","templated":true}]}}