{"id":21355,"date":"2025-04-28T14:29:32","date_gmt":"2025-04-28T07:29:32","guid":{"rendered":"https:\/\/hfoods.vn\/vi\/?post_type=product&#038;p=21355"},"modified":"2026-04-01T16:33:02","modified_gmt":"2026-04-01T09:33:02","slug":"chanh-day-dong-lanh-4","status":"publish","type":"product","link":"https:\/\/hfoods.vn\/vi\/san-pham\/chanh-day-dong-lanh-4\/","title":{"rendered":"Chanh D\u00e2y \u0110\u00f4ng L\u1ea1nh"},"content":{"rendered":"<h2>CHANH D\u00c2Y \u0110\u00d4NG L\u1ea0NH<\/h2>\n<p><span style=\"font-weight: 400; color: #000000; font-family: arial, helvetica, sans-serif;\">Chanh d\u00e2y \u0111\u00f4ng l\u1ea1nh c\u1ee7a C\u00f4ng ty C\u1ed5 ph\u1ea7n Th\u1ef1c ph\u1ea9m H\u00f9ng H\u1eadu (HungHau Foods), \u0111\u01b0\u1ee3c tuy\u1ec3n ch\u1ecdn t\u1eeb nh\u1eefng tr\u00e1i chanh d\u00e2y \u0111\u1ea1t chu\u1ea9n t\u1ea1i c\u00e1c v\u00f9ng tr\u1ed3ng thu\u1ed9c t\u1ec9nh Dak Lak v\u00e0 L\u00e2m \u0110\u1ed3ng (Vi\u1ec7t Nam). S\u1ea3n ph\u1ea9m \u0111\u01b0\u1ee3c c\u1ea5p \u0111\u00f4ng b\u1eb1ng c\u00f4ng ngh\u1ec7 IQF hi\u1ec7n \u0111\u1ea1i, \u0111\u1ea3m b\u1ea3o gi\u1eef \u0111\u01b0\u1ee3c h\u01b0\u01a1ng v\u1ecb, m\u00e0u s\u1eafc v\u00e0 ch\u1ea5t l\u01b0\u1ee3ng t\u1ef1 nhi\u00ean.<\/span><\/p>\n<p><span style=\"font-weight: 400; color: #000000; font-family: arial, helvetica, sans-serif;\">HungHau Foods s\u1edf h\u1eefu n\u0103ng l\u1ef1c cung \u1ee9ng chanh d\u00e2y \u0111\u00f4ng l\u1ea1nh\u00a0 l\u00ean \u0111\u1ebfn 2.000 t\u1ea5n th\u00e0nh ph\u1ea9m m\u1ed7i n\u0103m. S\u1ea3n ph\u1ea9m &amp; nh\u00e0 m\u00e1y ch\u1ebf bi\u1ebfn c\u1ee7a HungHau Foods \u0111\u1ea1t c\u00e1c ch\u1ee9ng nh\u1eadn, ti\u00eau chu\u1ea9n qu\u1ed1c t\u1ebf, bao g\u1ed3m g\u1ed3m: BRCGS, HACCP, ISO 22000, FDA, KV, HALAL v\u00e0 SMETA.<\/span><\/p>\n<h2><span style=\"color: #000000; font-family: arial, helvetica, sans-serif;\">\u0110\u1eb6C \u0110I\u1ec2M N\u1ed4I B\u1eacT\u00a0<\/span><\/h2>\n<ul>\n<li><span style=\"color: #000000; font-family: arial, helvetica, sans-serif;\"><span style=\"font-weight: 400;\">Tr\u1ecdng l\u01b0\u1ee3ng: <\/span><span style=\"font-weight: 400;\">10 &#8211; 13 qu\u1ea3\/kg<\/span><\/span><\/li>\n<li><span style=\"color: #000000; font-family: arial, helvetica, sans-serif;\"><span style=\"font-weight: 400;\">V\u1ecf qu\u1ea3: <\/span><span style=\"font-weight: 400;\">M\u00e0u t\u00edm \u0111\u1eadm \u0111\u1eb7c tr\u01b0ng, b\u1ec1 m\u1eb7t h\u01a1i nh\u0103n khi ch\u00edn ho\u00e0n to\u00e0n.<\/span><\/span><\/li>\n<li><span style=\"color: #000000; font-family: arial, helvetica, sans-serif;\"><span style=\"font-weight: 400;\">Th\u1ecbt qu\u1ea3: <\/span><span style=\"font-weight: 400;\">Ru\u1ed9t v\u00e0ng \u0111\u1eadm, \u0111\u1ed9 s\u1ec7t cao, h\u1ea1t \u0111en gi\u00f2n v\u00e0 th\u01a1m.<\/span><\/span><\/li>\n<li><span style=\"color: #000000; font-family: arial, helvetica, sans-serif;\"><span style=\"font-weight: 400;\">H\u01b0\u01a1ng v\u1ecb: <\/span><span style=\"font-weight: 400;\">chua thanh, th\u01a1m.\u00a0<\/span><\/span><\/li>\n<li><span style=\"font-weight: 400; color: #000000; font-family: arial, helvetica, sans-serif;\">C\u00f4ng ngh\u1ec7 c\u1ea5p \u0111\u00f4ng: \u0110\u01b0\u1ee3c x\u1eed l\u00fd theo c\u00f4ng ngh\u1ec7 IQF (Individual Quick Freezing) c\u1ea5p \u0111\u00f4ng nhanh t\u1eebng c\u00e1 th\u1ec3 s\u1ea3n ph\u1ea9m.<\/span><\/li>\n<li><span style=\"color: #000000; font-family: arial, helvetica, sans-serif;\">D\u1ea1ng cung c\u1ea5p:<span style=\"font-weight: 400;\">\u00a0 nguy\u00ean qu\u1ea3, n\u1eeda qu\u1ea3 , puree c\u00f3 h\u1ea1t v\u00e0 kh\u00f4ng h\u1ea1t\u2026<\/span><\/span><\/li>\n<\/ul>\n<h2><span style=\"color: #000000; font-family: arial, helvetica, sans-serif;\">TH\u00d4NG TIN K\u1ef8 THU\u1eacT:<\/span><\/h2>\n<table>\n<tbody>\n<tr>\n<td><span style=\"font-weight: 400; color: #000000; font-family: arial, helvetica, sans-serif;\">Lo\u1ea1i h\u00e0ng (Style)<\/span><\/td>\n<td><span style=\"font-weight: 400; color: #000000; font-family: arial, helvetica, sans-serif;\">\u0110\u00f4ng L\u1ea1nh<\/span><\/td>\n<\/tr>\n<tr>\n<td><span style=\"font-weight: 400; color: #000000; font-family: arial, helvetica, sans-serif;\">M\u00e0u s\u1eafc (Color)<\/span><\/td>\n<td><span style=\"font-weight: 400; color: #000000; font-family: arial, helvetica, sans-serif;\">V\u00e0ng<\/span><\/td>\n<\/tr>\n<tr>\n<td><span style=\"font-weight: 400; color: #000000; font-family: arial, helvetica, sans-serif;\">K\u00edch th\u01b0\u1edbc (size)<\/span><\/td>\n<td><span style=\"font-weight: 400; color: #000000; font-family: arial, helvetica, sans-serif;\">nguy\u00ean qu\u1ea3,\u00a0 n\u1eeda qu\u1ea3, puree c\u00f3 h\u1ea1t v\u00e0 kh\u00f4ng h\u1ea1t\u2026<\/span><\/td>\n<\/tr>\n<tr>\n<td><span style=\"font-weight: 400; color: #000000; font-family: arial, helvetica, sans-serif;\">Qu\u00e1 tr\u00ecnh \u0111\u00f4ng l\u1ea1nh (Freezing Process):<\/span><\/td>\n<td><span style=\"font-weight: 400; color: #000000; font-family: arial, helvetica, sans-serif;\">S\u1eed d\u1ee5ng c\u00f4ng ngh\u1ec7 c\u1ea5p \u0111\u00f4ng nhanh IQF (Individual Quick Freezing) \u2013 c\u1ea5p \u0111\u00f4ng t\u1eebng c\u00e1 th\u1ec3.<\/span><\/td>\n<\/tr>\n<tr>\n<td><span style=\"font-weight: 400; color: #000000; font-family: arial, helvetica, sans-serif;\">Tr\u1ecdng l\u01b0\u1ee3ng PA (Weight\/PA)<\/span><\/td>\n<td><span style=\"font-weight: 400; color: #000000; font-family: arial, helvetica, sans-serif;\">T\u00f9y theo y\u00eau c\u1ea7u kh\u00e1ch h\u00e0ng<\/span><\/td>\n<\/tr>\n<tr>\n<td><span style=\"font-weight: 400; color: #000000; font-family: arial, helvetica, sans-serif;\">Tr\u1ecdng l\u01b0\u1ee3ng\/ctn (Weight\/ctn):<\/span><\/td>\n<td><span style=\"font-weight: 400; color: #000000; font-family: arial, helvetica, sans-serif;\">T\u00f9y theo y\u00eau c\u1ea7u kh\u00e1ch h\u00e0ng<\/span><\/td>\n<\/tr>\n<tr>\n<td><span style=\"font-weight: 400; color: #000000; font-family: arial, helvetica, sans-serif;\">Nhi\u1ec7t \u0111\u1ed9 l\u01b0u tr\u1eef (Storage):<\/span><\/td>\n<td><span style=\"font-weight: 400; color: #000000; font-family: arial, helvetica, sans-serif;\">-18\u2103<\/span><\/td>\n<\/tr>\n<tr>\n<td><span style=\"font-weight: 400; color: #000000; font-family: arial, helvetica, sans-serif;\">Ngu\u1ed3n g\u1ed1c (origin):\u00a0<\/span><\/td>\n<td><span style=\"font-weight: 400; color: #000000; font-family: arial, helvetica, sans-serif;\">Vi\u1ec7t Nam<\/span><\/td>\n<\/tr>\n<tr>\n<td><span style=\"font-weight: 400; color: #000000; font-family: arial, helvetica, sans-serif;\">Ph\u01b0\u01a1ng th\u1ee9c v\u1eadn chuy\u1ec3n (Method of delivery)<\/span><\/td>\n<td><span style=\"font-weight: 400; color: #000000; font-family: arial, helvetica, sans-serif;\">\u0110\u01b0\u1eddng bi\u1ec3n ho\u1eb7c \u0111\u01b0\u1eddng h\u00e0ng kh\u00f4ng.\u00a0<\/span><\/td>\n<\/tr>\n<tr>\n<td><span style=\"font-weight: 400; color: #000000; font-family: arial, helvetica, sans-serif;\">\u0110\u00f3ng g\u00f3i (packaging)<\/span><\/td>\n<td><span style=\"font-weight: 400; color: #000000; font-family: arial, helvetica, sans-serif;\">10kg \/ 1 t\u00fai ho\u1eb7c t\u00f9y theo y\u00eau c\u1ea7u kh\u00e1ch h\u00e0ng<\/span><\/td>\n<\/tr>\n<tr>\n<td><span style=\"font-weight: 400; color: #000000; font-family: arial, helvetica, sans-serif;\">Theo m\u00f9a (season)<\/span><\/td>\n<td><span style=\"font-weight: 400; color: #000000; font-family: arial, helvetica, sans-serif;\">T\u1eeb th\u00e1ng 3 \u0111\u1ebfn th\u00e1ng 8<\/span><\/td>\n<\/tr>\n<tr>\n<td><span style=\"font-weight: 400; color: #000000; font-family: arial, helvetica, sans-serif;\">H\u1ea1n s\u1eed d\u1ee5ng (Shelf life)<\/span><\/td>\n<td><span style=\"font-weight: 400; color: #000000; font-family: arial, helvetica, sans-serif;\">\u00a024 th\u00e1ng<\/span><\/td>\n<\/tr>\n<\/tbody>\n<\/table>\n<h2>H\u00ccNH \u1ea2NH S\u1ea2N PH\u1ea8M<\/h2>\n<figure id=\"attachment_16742\" aria-describedby=\"caption-attachment-16742\" style=\"width: 1600px\" class=\"wp-caption alignnone\"><img loading=\"lazy\" decoding=\"async\" class=\"wp-image-16742 size-full\" src=\"https:\/\/hfoods.vn\/wp-content\/uploads\/2025\/05\/HHF_Hang-Dong_chanh-day-cat-doi-1.jpg\" alt=\"Chanh d\u00e2y \u0111\u00f4ng l\u1ea1nh\" width=\"1600\" height=\"1600\" \/><figcaption id=\"caption-attachment-16742\" class=\"wp-caption-text\"><center>Chanh d\u00e2y c\u1eaft 1 n\u1eeda \u0111\u00f4ng l\u1ea1nh HungHau Foods<center><\/center><\/center><\/figcaption><\/figure>\n<figure id=\"attachment_22314\" aria-describedby=\"caption-attachment-22314\" style=\"width: 1000px\" class=\"wp-caption aligncenter\"><img loading=\"lazy\" decoding=\"async\" class=\"size-full wp-image-22314\" src=\"https:\/\/hfoods.vn\/wp-content\/uploads\/2025\/04\/HHF_Hang-Dong_chanh-day-nguyen-qua.jpg\" alt=\"Chanh d\u00e2y nguy\u00ean qu\u1ea3 \u0111\u00f4ng l\u1ea1nh \" width=\"1000\" height=\"1000\" srcset=\"https:\/\/hfoods.vn\/wp-content\/uploads\/2025\/04\/HHF_Hang-Dong_chanh-day-nguyen-qua.jpg 1000w, https:\/\/hfoods.vn\/wp-content\/uploads\/2025\/04\/HHF_Hang-Dong_chanh-day-nguyen-qua-768x768.jpg 768w, https:\/\/hfoods.vn\/wp-content\/uploads\/2025\/04\/HHF_Hang-Dong_chanh-day-nguyen-qua-45x45.jpg 45w, https:\/\/hfoods.vn\/wp-content\/uploads\/2025\/04\/HHF_Hang-Dong_chanh-day-nguyen-qua-100x100.jpg 100w\" sizes=\"auto, (max-width: 1000px) 100vw, 1000px\" \/><figcaption id=\"caption-attachment-22314\" class=\"wp-caption-text\"><center>Chanh d\u00e2y nguy\u00ean qu\u1ea3 \u0111\u00f4ng l\u1ea1nh HungHau Foods<center><\/center><\/center><\/figcaption><\/figure>\n<h3><span style=\"color: #000000; font-family: arial, helvetica, sans-serif;\">TH\u00c0NH PH\u1ea6N DINH D\u01af\u1ee0NG\u00a0<\/span><\/h3>\n<ul>\n<li><span style=\"color: #000000; font-family: arial, helvetica, sans-serif;\"><b>Gi\u00e0u vitamin C: <\/b><span style=\"font-weight: 400;\">Chanh d\u00e2y t\u00edm l\u00e0 ngu\u1ed3n vitamin C t\u1ef1 nhi\u00ean gi\u00fap t\u0103ng c\u01b0\u1eddng h\u1ec7 mi\u1ec5n d\u1ecbch, h\u1ed7 tr\u1ee3 ch\u1ed1ng vi\u00eam v\u00e0 g\u00f3p ph\u1ea7n c\u1ea3i thi\u1ec7n s\u1ee9c kh\u1ecfe da.<\/span><\/span><\/li>\n<li><span style=\"color: #000000; font-family: arial, helvetica, sans-serif;\"><b>Cung c\u1ea5p carotenoids: <\/b><span style=\"font-weight: 400;\">S\u1ea3n ph\u1ea9m ch\u1ee9a l\u01b0\u1ee3ng carotenoids\u00a0 \u0111\u00e1ng k\u1ec3, c\u1ea7n thi\u1ebft cho th\u1ecb l\u1ef1c, l\u00e0n da kh\u1ecfe m\u1ea1nh v\u00e0 ho\u1ea1t \u0111\u1ed9ng c\u1ee7a h\u1ec7 mi\u1ec5n d\u1ecbch.<\/span><\/span><\/li>\n<li><span style=\"color: #000000; font-family: arial, helvetica, sans-serif;\"><b>Kho\u00e1ng ch\u1ea5t thi\u1ebft y\u1ebfu: <\/b><span style=\"font-weight: 400;\">Chanh d\u00e2y t\u00edm gi\u00e0u kali, magie, s\u1eaft v\u00e0 canxi, h\u1ed7 tr\u1ee3 s\u1ee9c kh\u1ecfe tim m\u1ea1ch, t\u0103ng c\u01b0\u1eddng x\u01b0\u01a1ng kh\u1edbp v\u00e0 duy tr\u00ec c\u00e2n b\u1eb1ng \u0111i\u1ec7n gi\u1ea3i.<\/span><\/span><\/li>\n<li><span style=\"color: #000000; font-family: arial, helvetica, sans-serif;\"><b>Ch\u1ea5t ch\u1ed1ng oxy h\u00f3a t\u1ef1 nhi\u00ean: <\/b><span style=\"font-weight: 400;\">Nh\u00f3m polyphenol trong chanh d\u00e2y t\u00edm gi\u00fap ch\u1ed1ng l\u1ea1i c\u00e1c g\u1ed1c t\u1ef1 do, b\u1ea3o v\u1ec7 t\u1ebf b\u00e0o v\u00e0 h\u1ed7 tr\u1ee3 l\u00e0m ch\u1eadm qu\u00e1 tr\u00ecnh l\u00e3o ho\u00e1.<\/span><\/span><\/li>\n<\/ul>\n<h3><span style=\"color: #000000; font-family: arial, helvetica, sans-serif;\">\u1ee8NG D\u1ee4NG CHANH D\u00c2Y \u0110\u00d4NG L\u1ea0NH\u00a0<\/span><\/h3>\n<ul>\n<li><span style=\"color: #000000; font-family: arial, helvetica, sans-serif;\"><b> Nguy\u00ean li\u1ec7u cho ng\u00e0nh \u0111\u1ed3 u\u1ed1ng: <\/b><span style=\"font-weight: 400;\">Chanh d\u00e2y \u0111\u00f4ng l\u1ea1nh\/puree \u0111\u01b0\u1ee3c d\u00f9ng trong c\u00e1c nh\u00e0 m\u00e1y s\u1ea3n xu\u1ea5t n\u01b0\u1edbc \u00e9p, sinh t\u1ed1, syrup, yogurt u\u1ed1ng v\u00e0 \u0111\u1ed3 u\u1ed1ng pha ch\u1ebf gi\u00fap chu\u1ea9n ho\u00e1 m\u00e0u s\u1eafc, h\u01b0\u01a1ng v\u1ecb v\u00e0 gi\u1ea3m chi ph\u00ed s\u01a1 ch\u1ebf.<\/span><\/span><\/li>\n<li><span style=\"color: #000000; font-family: arial, helvetica, sans-serif;\"><b> S\u1ea3n xu\u1ea5t th\u1ef1c ph\u1ea9m ch\u1ebf bi\u1ebfn: <\/b><span style=\"font-weight: 400;\">Doanh nghi\u1ec7p s\u1eed d\u1ee5ng chanh d\u00e2y \u0111\u1ec3 s\u1ea3n xu\u1ea5t kem, sorbet, th\u1ea1ch, m\u1ee9t, nh\u00e2n b\u00e1nh, n\u01b0\u1edbc s\u1ed1t tr\u00e1ng mi\u1ec7ng v\u00e0 c\u00e1c s\u1ea3n ph\u1ea9m \u0111\u00f3ng g\u00f3i c\u00f4ng nghi\u1ec7p v\u1edbi s\u1ea3n l\u01b0\u1ee3ng l\u1edbn.<\/span><\/span><\/li>\n<li><span style=\"color: #000000; font-family: arial, helvetica, sans-serif;\"><b> Kh\u00e1ch s\u1ea1n, Nh\u00e0 h\u00e0ng, Caf\u00e9: <\/b><span style=\"font-weight: 400;\">C\u00e1c chu\u1ed7i F&amp;B d\u00f9ng chanh d\u00e2y \u0111\u00f4ng l\u1ea1nh l\u00e0m nguy\u00ean li\u1ec7u pha ch\u1ebf, s\u1ed1t trang tr\u00ed, topping tr\u00e1ng mi\u1ec7ng, cocktail\/mocktail v\u00e0 c\u00e1c m\u00f3n \u0111\u1eb7c tr\u01b0ng t\u1eeb tr\u00e1i c\u00e2y.<\/span><\/span><\/li>\n<li><span style=\"color: #000000; font-family: arial, helvetica, sans-serif;\"><b> OEM \u2013 S\u1ea3n xu\u1ea5t nh\u00e3n hi\u1ec7u ri\u00eang: <\/b><span style=\"font-weight: 400;\">Cung c\u1ea5p chanh d\u00e2y d\u1ea1ng IQF\u00a0 cho doanh nghi\u1ec7p l\u00e0m nh\u00e3n hi\u1ec7u ri\u00eang, \u0111\u00e1p \u1ee9ng y\u00eau c\u1ea7u v\u1ec1 quy c\u00e1ch bao b\u00ec, ti\u00eau chu\u1ea9n ch\u1ea5t l\u01b0\u1ee3ng v\u00e0 th\u1ecb tr\u01b0\u1eddng xu\u1ea5t kh\u1ea9u.<\/span><\/span><\/li>\n<\/ul>\n<h3><span style=\"color: #000000; font-family: arial, helvetica, sans-serif;\">TH\u00d4NG TIN LI\u00caN H\u1ec6:<\/span><\/h3>\n<p><span style=\"color: #000000; font-family: arial, helvetica, sans-serif;\">Email:\u00a0<span style=\"color: #1755ad;\"><a style=\"color: #1755ad;\" href=\"mailto:sales@hunghau.vn\">sales@hunghau.vn<\/a><\/span><\/span><br \/>\n<span style=\"color: #000000; font-family: arial, helvetica, sans-serif;\">Hotline: (+84)79 721 3333\u00a0<\/span><\/p>\n<p><span style=\"color: #000000; font-family: arial, helvetica, sans-serif;\">Email:\u00a0 <span style=\"color: #1755ad;\"><a style=\"color: #1755ad;\" href=\"mailto:Anna@hunghau.vn\">Hana@hunghau.vn<\/a>\u00a0<\/span><\/span><br \/>\n<span style=\"color: #000000; font-family: arial, helvetica, sans-serif;\">Hotline: (+84)79 721 3333<\/span><\/p>\n<p><span style=\"color: #000000; font-family: arial, helvetica, sans-serif;\">Email:\u00a0<span style=\"color: #1755ad;\"><a style=\"color: #1755ad;\" href=\"mailto:yenn@hunghau.vn\">yenn@hunghau.vn<\/a>\u00a0<\/span><\/span><br \/>\n<span style=\"color: #000000; font-family: arial, helvetica, sans-serif;\">Hotline: (+84)78 520 3333<\/span><\/p>\n<p><span style=\"font-weight: 400; color: #000000;\">LinkedIn<span style=\"color: #1755ad;\">:<\/span><\/span><span style=\"color: #1755ad;\"><a style=\"color: #1755ad;\" href=\"https:\/\/lnkd.in\/g_KkBKHf\"><span style=\"font-weight: 400;\"> https:\/\/lnkd.in\/g_KkBKHf<\/span><\/a><\/span><\/p>\n<p><span style=\"color: #000000; font-family: arial, helvetica, sans-serif;\"><b>C\u00f4ng ty C\u1ed5 ph\u1ea7n Th\u1ef1c ph\u1ea9m H\u00f9ng H\u1eadu (HungHau Foods)<\/b><\/span><\/p>\n<p><span style=\"font-family: arial, helvetica, sans-serif;\"><strong><span style=\"color: #000000;\">\u0110\u1ecba ch\u1ec9: 642 \u00c2u C\u01a1, Ph\u01b0\u1eddng B\u1ea3y Hi\u1ec1n, Th\u00e0nh Ph\u1ed1 H\u1ed3 Ch\u00ed Minh<\/span><\/strong><\/span><\/p>\n<p><span style=\"color: #000000; font-family: arial, helvetica, sans-serif;\"><b>Nh\u00e0 xu\u1ea5t kh\u1ea9u n\u00f4ng s\u1ea3n &#8211; Nh\u00e0 cung \u1ee9ng tr\u00e1i c\u00e2y &amp; rau c\u1ee7 \u0111\u00f4ng l\u1ea1nh t\u1ea1i Vi\u1ec7t Nam.<\/b><\/span><\/p>\n","protected":false},"excerpt":{"rendered":"<table style=\"width: 372.454px;\">\n<tbody>\n<tr style=\"height: 43px;\">\n<td style=\"width: 122px; height: 43px;\"><span style=\"color: #1755ad;\"><strong>Lo\u1ea1i<\/strong><\/span><\/td>\n<td style=\"width: 236.454px; height: 43px;\"><span style=\"color: #000000;\">Nguy\u00ean tr\u00e1i, n\u1eeda tr\u00e1i, puree, \u2026ho\u1eb7c theo y\u00eau c\u1ea7u kh\u00e1ch h\u00e0ng.<\/span><\/td>\n<\/tr>\n<tr style=\"height: 21.8281px;\">\n<td style=\"width: 122px; height: 21.8281px;\"><span style=\"color: #1755ad;\"><strong>M\u00f9a v\u1ee5 ch\u00ednh<\/strong><\/span><\/td>\n<td style=\"width: 236.454px; height: 21.8281px;\"><span style=\"color: #000000;\">Th\u00e1ng 3-4-5-6-7-8<\/span><\/td>\n<\/tr>\n<tr style=\"height: 43px;\">\n<td style=\"width: 122px; height: 43px;\"><span style=\"color: #1755ad;\"><strong>Quy c\u00e1ch<\/strong><\/span><\/td>\n<td style=\"width: 236.454px; height: 43px;\"><span style=\"color: #000000;\">10kg\/t\u00fai ho\u1eb7c theo y\u00eau c\u1ea7u kh\u00e1ch h\u00e0ng<\/span><\/td>\n<\/tr>\n<tr style=\"height: 21px;\">\n<td style=\"width: 122px; height: 21px;\"><span style=\"color: #1755ad;\"><strong>\u0110i\u1ec1u ki\u1ec7n<\/strong><\/span><\/td>\n<td style=\"width: 236.454px; height: 21px;\"><span style=\"color: #000000;\">-18 \u0111\u1ed9<\/span><\/td>\n<\/tr>\n<tr style=\"height: 21px;\">\n<td style=\"width: 122px; height: 21px;\"><span style=\"color: #1755ad;\"><b>C\u00f4ng su\u1ea5t<\/b><\/span><\/td>\n<td style=\"width: 236.454px; height: 21px;\"><span style=\"color: #000000;\">2,000 t\u1ea5n 1 n\u0103m<\/span><\/td>\n<\/tr>\n<tr style=\"height: 43px;\">\n<td style=\"width: 122px; height: 43px;\"><span style=\"color: #1755ad;\"><b>Th\u1eddi h\u1ea1n s\u1eed d\u1ee5ng<\/b><\/span><\/td>\n<td style=\"width: 236.454px; height: 43px;\"><span style=\"color: #000000;\">24 th\u00e1ng<\/span><\/td>\n<\/tr>\n<\/tbody>\n<\/table>\n","protected":false},"featured_media":21352,"comment_status":"closed","ping_status":"closed","template":"","meta":[],"product_brand":[],"product_cat":[99],"product_tag":[],"class_list":{"0":"post-21355","1":"product","2":"type-product","3":"status-publish","4":"has-post-thumbnail","6":"product_cat-rau-cu-qua-dong-lanh","8":"first","9":"instock","10":"shipping-taxable","11":"product-type-simple"},"_links":{"self":[{"href":"https:\/\/hfoods.vn\/vi\/wp-json\/wp\/v2\/product\/21355","targetHints":{"allow":["GET"]}}],"collection":[{"href":"https:\/\/hfoods.vn\/vi\/wp-json\/wp\/v2\/product"}],"about":[{"href":"https:\/\/hfoods.vn\/vi\/wp-json\/wp\/v2\/types\/product"}],"replies":[{"embeddable":true,"href":"https:\/\/hfoods.vn\/vi\/wp-json\/wp\/v2\/comments?post=21355"}],"wp:featuredmedia":[{"embeddable":true,"href":"https:\/\/hfoods.vn\/vi\/wp-json\/wp\/v2\/media\/21352"}],"wp:attachment":[{"href":"https:\/\/hfoods.vn\/vi\/wp-json\/wp\/v2\/media?parent=21355"}],"wp:term":[{"taxonomy":"product_brand","embeddable":true,"href":"https:\/\/hfoods.vn\/vi\/wp-json\/wp\/v2\/product_brand?post=21355"},{"taxonomy":"product_cat","embeddable":true,"href":"https:\/\/hfoods.vn\/vi\/wp-json\/wp\/v2\/product_cat?post=21355"},{"taxonomy":"product_tag","embeddable":true,"href":"https:\/\/hfoods.vn\/vi\/wp-json\/wp\/v2\/product_tag?post=21355"}],"curies":[{"name":"wp","href":"https:\/\/api.w.org\/{rel}","templated":true}]}}