{"id":22409,"date":"2025-04-14T19:08:44","date_gmt":"2025-04-14T12:08:44","guid":{"rendered":"https:\/\/hfoods.vn\/?post_type=product&#038;p=22409"},"modified":"2026-04-01T17:37:58","modified_gmt":"2026-04-01T10:37:58","slug":"bo-dong-lanh-2","status":"publish","type":"product","link":"https:\/\/hfoods.vn\/vi\/san-pham\/bo-dong-lanh-2\/","title":{"rendered":"B\u01a1 \u0110\u00f4ng L\u1ea1nh"},"content":{"rendered":"<h2><span style=\"color: #000000; font-family: arial, helvetica, sans-serif;\">B\u01a0 \u0110\u00d4NG L\u1ea0NH\u00a0<\/span><\/h2>\n<p><span style=\"color: #000000; font-family: arial, helvetica, sans-serif;\"><span style=\"font-weight: 400;\">B\u01a1 \u0111\u00f4ng l\u1ea1nh<\/span><span style=\"font-weight: 400;\"> c\u1ee7a C\u00f4ng ty C\u1ed5 ph\u1ea7n Th\u1ef1c ph\u1ea9m H\u00f9ng H\u1eadu (HungHau Foods), \u0111\u01b0\u1ee3c tuy\u1ec3n ch\u1ecdn t\u1eeb nh\u1eefng tr\u00e1i b\u01a1 \u0111\u1ea1t chu\u1ea9n t\u1ea1i c\u00e1c v\u00f9ng tr\u1ed3ng thu\u1ed9c t\u1ec9nh L\u00e2m \u0110\u1ed3ng v\u00e0 Dak Lak (Vi\u1ec7t Nam). S\u1ea3n ph\u1ea9m \u0111\u01b0\u1ee3c c\u1ea5p \u0111\u00f4ng b\u1eb1ng c\u00f4ng ngh\u1ec7 IQF hi\u1ec7n \u0111\u1ea1i, \u0111\u1ea3m b\u1ea3o gi\u1eef \u0111\u01b0\u1ee3c h\u01b0\u01a1ng v\u1ecb, m\u00e0u s\u1eafc v\u00e0 ch\u1ea5t l\u01b0\u1ee3ng t\u1ef1 nhi\u00ean.\u00a0<\/span><\/span><\/p>\n<p><span style=\"font-weight: 400; color: #000000; font-family: arial, helvetica, sans-serif;\">HungHau Foods s\u1edf h\u1eefu n\u0103ng l\u1ef1c cung \u1ee9ng b\u01a1 \u0111\u00f4ng l\u1ea1nh l\u00ean \u0111\u1ebfn 500 t\u1ea5n th\u00e0nh ph\u1ea9m m\u1ed7i n\u0103m. S\u1ea3n ph\u1ea9m &amp; nh\u00e0 m\u00e1y ch\u1ebf bi\u1ebfn c\u1ee7a HungHau Foods \u0111\u1ea1t c\u00e1c ch\u1ee9ng nh\u1eadn, ti\u00eau chu\u1ea9n qu\u1ed1c t\u1ebf, bao g\u1ed3m g\u1ed3m: BRCGS, HACCP, ISO 22000, FDA, KV, HALAL v\u00e0 SMETA.\u00a0<\/span><\/p>\n<h2><span style=\"color: #000000; font-family: arial, helvetica, sans-serif;\">\u0110\u1eb6C \u0110I\u1ec2M N\u1ed4I B\u1eacT:<\/span><\/h2>\n<ul>\n<li><span style=\"color: #000000; font-family: arial, helvetica, sans-serif;\"><b>V\u1ecf<\/b><span style=\"font-weight: 400;\">:\u00a0 xanh khi non, chuy\u1ec3n sang xanh \u0111\u1eadm ho\u1eb7c h\u01a1i t\u00edm khi ch\u00edn.<\/span><\/span><\/li>\n<li><span style=\"color: #000000; font-family: arial, helvetica, sans-serif;\"><b>M\u00e0u s\u1eafc:<\/b><span style=\"font-weight: 400;\"> V\u00e0ng xanh.\u00a0<\/span><\/span><\/li>\n<li><span style=\"color: #000000; font-family: arial, helvetica, sans-serif;\"><b>Th\u1ecbt qu\u1ea3:<\/b><span style=\"font-weight: 400;\"> m\u00e0u v\u00e0ng nh\u1ea1t \u0111\u1ebfn xanh v\u00e0ng, m\u1ec1m.\u00a0<\/span><\/span><\/li>\n<li><span style=\"color: #000000; font-family: arial, helvetica, sans-serif;\"><b>H\u01b0\u01a1ng v\u1ecb:<\/b><span style=\"font-weight: 400;\"> V\u1ecb b\u00e9o ng\u1eady t\u1ef1 nhi\u00ean, th\u01a1m nh\u1eb9<\/span><\/span><\/li>\n<li><span style=\"color: #000000; font-family: arial, helvetica, sans-serif;\"><b>C\u00f4ng ngh\u1ec7 c\u1ea5p \u0111\u00f4ng:<\/b><span style=\"font-weight: 400;\"> \u0110\u01b0\u1ee3c x\u1eed l\u00fd theo c\u00f4ng ngh\u1ec7 IQF (Individual Quick Freezing) c\u1ea5p \u0111\u00f4ng nhanh t\u1eebng c\u00e1 th\u1ec3 s\u1ea3n ph\u1ea9m.<\/span><\/span><\/li>\n<li><span style=\"color: #000000; font-family: arial, helvetica, sans-serif;\"><b>D\u1ea1ng cung c\u1ea5p: <\/b>c\u1eaft dices<b>,<\/b><span style=\"font-weight: 400;\">\u00a0c\u1eaft l\u00e1t, c\u1eaft n\u1eeda qu\u1ea3, puree\u2026<\/span><\/span><\/li>\n<\/ul>\n<h2><span style=\"color: #000000; font-family: arial, helvetica, sans-serif;\">TH\u00d4NG TIN K\u1ef8 THU\u1eacT:<\/span><\/h2>\n<table>\n<tbody>\n<tr>\n<td><span style=\"font-weight: 400; color: #000000; font-family: arial, helvetica, sans-serif;\">Lo\u1ea1i<\/span><\/td>\n<td><span style=\"font-weight: 400; color: #000000; font-family: arial, helvetica, sans-serif;\">B\u01a1 Booth v\u00e0 b\u01a1 034<\/span><\/td>\n<\/tr>\n<tr>\n<td><span style=\"font-weight: 400; color: #000000; font-family: arial, helvetica, sans-serif;\">Lo\u1ea1i h\u00e0ng (Style)<\/span><\/td>\n<td><span style=\"font-weight: 400; color: #000000; font-family: arial, helvetica, sans-serif;\">\u0110\u00f4ng L\u1ea1nh<\/span><\/td>\n<\/tr>\n<tr>\n<td><span style=\"font-weight: 400; color: #000000; font-family: arial, helvetica, sans-serif;\">M\u00e0u s\u1eafc (Color)<\/span><\/td>\n<td><span style=\"font-weight: 400; color: #000000; font-family: arial, helvetica, sans-serif;\">V\u00e0ng\/xanh<\/span><\/td>\n<\/tr>\n<tr>\n<td><span style=\"font-weight: 400; color: #000000; font-family: arial, helvetica, sans-serif;\">K\u00edch th\u01b0\u1edbc (size)<\/span><\/td>\n<td><span style=\"font-weight: 400; color: #000000; font-family: arial, helvetica, sans-serif;\">C\u1eaft dice, c\u1eaft 1 n\u1eeda, c\u1eaft l\u00e1t, puree\u2026<\/span><\/td>\n<\/tr>\n<tr>\n<td><span style=\"font-weight: 400; color: #000000; font-family: arial, helvetica, sans-serif;\">Qu\u00e1 tr\u00ecnh \u0111\u00f4ng l\u1ea1nh (Freezing Process):<\/span><\/td>\n<td><span style=\"font-weight: 400; color: #000000; font-family: arial, helvetica, sans-serif;\">S\u1eed d\u1ee5ng c\u00f4ng ngh\u1ec7 c\u1ea5p \u0111\u00f4ng nhanh IQF (Individual Quick Freezing) \u2013 c\u1ea5p \u0111\u00f4ng t\u1eebng c\u00e1 th\u1ec3.<\/span><\/td>\n<\/tr>\n<tr>\n<td><span style=\"font-weight: 400; color: #000000; font-family: arial, helvetica, sans-serif;\">Tr\u1ecdng l\u01b0\u1ee3ng PA (Weight\/PA)<\/span><\/td>\n<td><span style=\"font-weight: 400; color: #000000; font-family: arial, helvetica, sans-serif;\">T\u00f9y theo y\u00eau c\u1ea7u kh\u00e1ch h\u00e0ng<\/span><\/td>\n<\/tr>\n<tr>\n<td><span style=\"font-weight: 400; color: #000000; font-family: arial, helvetica, sans-serif;\">Tr\u1ecdng l\u01b0\u1ee3ng\/ctn (Weight\/ctn):<\/span><\/td>\n<td><span style=\"font-weight: 400; color: #000000; font-family: arial, helvetica, sans-serif;\">T\u00f9y theo y\u00eau c\u1ea7u kh\u00e1ch h\u00e0ng<\/span><\/td>\n<\/tr>\n<tr>\n<td><span style=\"font-weight: 400; color: #000000; font-family: arial, helvetica, sans-serif;\">Nhi\u1ec7t \u0111\u1ed9 l\u01b0u tr\u1eef (Storage):<\/span><\/td>\n<td><span style=\"font-weight: 400; color: #000000; font-family: arial, helvetica, sans-serif;\">-18\u2103<\/span><\/td>\n<\/tr>\n<tr>\n<td><span style=\"font-weight: 400; color: #000000; font-family: arial, helvetica, sans-serif;\">Ngu\u1ed3n g\u1ed1c (origin):\u00a0<\/span><\/td>\n<td><span style=\"font-weight: 400; color: #000000; font-family: arial, helvetica, sans-serif;\">Vi\u1ec7t Nam<\/span><\/td>\n<\/tr>\n<tr>\n<td><span style=\"font-weight: 400; color: #000000; font-family: arial, helvetica, sans-serif;\">Ph\u01b0\u01a1ng th\u1ee9c v\u1eadn chuy\u1ec3n (Method of delivery)<\/span><\/td>\n<td><span style=\"font-weight: 400; color: #000000; font-family: arial, helvetica, sans-serif;\">\u0110\u01b0\u1eddng bi\u1ec3n ho\u1eb7c \u0111\u01b0\u1eddng h\u00e0ng kh\u00f4ng.\u00a0<\/span><\/td>\n<\/tr>\n<tr>\n<td><span style=\"font-weight: 400; color: #000000; font-family: arial, helvetica, sans-serif;\">\u0110\u00f3ng g\u00f3i (packaging)<\/span><\/td>\n<td><span style=\"font-weight: 400; color: #000000; font-family: arial, helvetica, sans-serif;\">10kg \/ 1 t\u00fai ho\u1eb7c t\u00f9y theo y\u00eau c\u1ea7u kh\u00e1ch h\u00e0ng<\/span><\/td>\n<\/tr>\n<tr>\n<td><span style=\"font-weight: 400; color: #000000; font-family: arial, helvetica, sans-serif;\">Theo m\u00f9a (season)<\/span><\/td>\n<td><span style=\"font-weight: 400; color: #000000; font-family: arial, helvetica, sans-serif;\">T\u1eeb th\u00e1ng 6 \u0111\u1ebfn th\u00e1ng 10<\/span><\/td>\n<\/tr>\n<tr>\n<td><span style=\"font-weight: 400; color: #000000; font-family: arial, helvetica, sans-serif;\">H\u1ea1n s\u1eed d\u1ee5ng (Shelf life)<\/span><\/td>\n<td><span style=\"font-weight: 400; color: #000000; font-family: arial, helvetica, sans-serif;\">\u00a024 th\u00e1ng<\/span><\/td>\n<\/tr>\n<\/tbody>\n<\/table>\n<h2><span style=\"color: #000000;\">H\u00ccNH \u1ea2NH S\u1ea2N PH\u1ea8M<\/span><\/h2>\n<figure id=\"attachment_22410\" aria-describedby=\"caption-attachment-22410\" style=\"width: 1000px\" class=\"wp-caption aligncenter\"><img loading=\"lazy\" decoding=\"async\" class=\"size-full wp-image-22410\" src=\"https:\/\/hfoods.vn\/wp-content\/uploads\/2025\/12\/HHF_Hang-Dong_Bo-dice-2.jpg\" alt=\"Bo c\u0103t dice \u0111\u00f4ng l\u1ea1nh HungHau Foods\" width=\"1000\" height=\"1000\" \/><figcaption id=\"caption-attachment-22410\" class=\"wp-caption-text\"><center>B\u01a1 \u0111\u00f4ng l\u1ea1nh c\u1eaft dice HungHau Foods<br \/><center><\/center><\/center><\/figcaption><\/figure>\n<p>&nbsp;<\/p>\n<figure id=\"attachment_22412\" aria-describedby=\"caption-attachment-22412\" style=\"width: 1000px\" class=\"wp-caption aligncenter\"><img loading=\"lazy\" decoding=\"async\" class=\"size-full wp-image-22412\" src=\"https:\/\/hfoods.vn\/wp-content\/uploads\/2025\/12\/HHF_Hang-Dong_Bo.jpg\" alt=\"B\u01a1 c\u1eaft n\u1eeda qu\u1ea3 HungHau Foods\" width=\"1000\" height=\"1000\" srcset=\"https:\/\/hfoods.vn\/wp-content\/uploads\/2025\/12\/HHF_Hang-Dong_Bo.jpg 1000w, https:\/\/hfoods.vn\/wp-content\/uploads\/2025\/12\/HHF_Hang-Dong_Bo-768x768.jpg 768w, https:\/\/hfoods.vn\/wp-content\/uploads\/2025\/12\/HHF_Hang-Dong_Bo-45x45.jpg 45w, https:\/\/hfoods.vn\/wp-content\/uploads\/2025\/12\/HHF_Hang-Dong_Bo-100x100.jpg 100w\" sizes=\"auto, (max-width: 1000px) 100vw, 1000px\" \/><figcaption id=\"caption-attachment-22412\" class=\"wp-caption-text\"><center>B\u01a1 \u0111\u00f4ng l\u1ea1nh n\u1eeda tr\u00e1i HungHau Foods<br \/><center><\/center><\/center><\/figcaption><\/figure>\n<h3><span style=\"color: #000000; font-family: arial, helvetica, sans-serif;\">TH\u00c0NH PH\u1ea6N DINH D\u01af\u1ee0NG<\/span><\/h3>\n<ul>\n<li><span style=\"color: #000000; font-family: arial, helvetica, sans-serif;\"><b>N\u0103ng l\u01b0\u1ee3ng &amp; Ch\u1ea5t b\u00e9o:<\/b><span style=\"font-weight: 400;\"> B\u01a1 gi\u00e0u n\u0103ng l\u01b0\u1ee3ng (160 kcal\/100\u202fg) v\u00e0 ch\u1ea5t b\u00e9o kh\u00f4ng b\u00e3o h\u00f2a \u0111\u01a1n, t\u1ed1t cho tim m\u1ea1ch, h\u1ed7 tr\u1ee3 h\u1ea5p thu vitamin tan trong d\u1ea7u.<\/span><\/span><\/li>\n<li><span style=\"color: #000000; font-family: arial, helvetica, sans-serif;\"><b>Ch\u1ea5t x\u01a1:<\/b><span style=\"font-weight: 400;\"> Kho\u1ea3ng 6,7\u202fg\/100\u202fg, gi\u00fap ti\u00eau h\u00f3a kh\u1ecfe m\u1ea1nh, t\u1ea1o c\u1ea3m gi\u00e1c no l\u00e2u v\u00e0 h\u1ed7 tr\u1ee3 ki\u1ec3m so\u00e1t c\u00e2n n\u1eb7ng.<\/span><\/span><\/li>\n<li><span style=\"color: #000000; font-family: arial, helvetica, sans-serif;\"><b>Vitamin:<\/b><span style=\"font-weight: 400;\"> Ch\u1ee9a vitamin C, E, K v\u00e0 nh\u00f3m B, t\u0103ng c\u01b0\u1eddng mi\u1ec5n d\u1ecbch, ch\u1ed1ng oxy h\u00f3a v\u00e0 h\u1ed7 tr\u1ee3 trao \u0111\u1ed5i ch\u1ea5t.<\/span><\/span><\/li>\n<li><span style=\"color: #000000; font-family: arial, helvetica, sans-serif;\"><b>Kho\u00e1ng ch\u1ea5t:<\/b><span style=\"font-weight: 400;\"> Cung c\u1ea5p kali, magie, mangan v\u00e0 \u0111\u1ed3ng, gi\u00fap duy tr\u00ec ch\u1ee9c n\u0103ng tim m\u1ea1ch, th\u1ea7n kinh v\u00e0 c\u01a1 b\u1eafp.<\/span><\/span><\/li>\n<\/ul>\n<h3><span style=\"color: #000000; font-family: arial, helvetica, sans-serif;\">\u1ee8NG D\u1ee4NG B\u01a0 \u0110\u00d4NG L\u1ea0NH\u00a0<\/span><\/h3>\n<ul>\n<li><span style=\"color: #000000; font-family: arial, helvetica, sans-serif;\"><b> Ng\u00e0nh \u0111\u1ed3 u\u1ed1ng:<\/b><span style=\"font-weight: 400;\"> B\u01a1 \u0111\u00f4ng l\u1ea1nh d\u00f9ng l\u00e0m nguy\u00ean li\u1ec7u cho sinh t\u1ed1, milkshake v\u00e0 c\u00e1c lo\u1ea1i \u0111\u1ed3 u\u1ed1ng pha ch\u1ebf, gi\u1eef h\u01b0\u01a1ng v\u1ecb t\u1ef1 nhi\u00ean, \u0111\u1ed9 m\u1ecbn v\u00e0 b\u00e9o ng\u1eady \u1ed5n \u0111\u1ecbnh.<\/span><\/span><\/li>\n<li><span style=\"color: #000000; font-family: arial, helvetica, sans-serif;\"><b> Th\u1ef1c ph\u1ea9m ch\u1ebf bi\u1ebfn:<\/b><span style=\"font-weight: 400;\"> S\u1eed d\u1ee5ng trong s\u1ea3n xu\u1ea5t kem, mousse, b\u00e1nh ng\u1ecdt, pudding, tart, nh\u00e2n b\u00e1nh, salad, ho\u1eb7c c\u00e1c m\u00f3n tr\u00e1ng mi\u1ec7ng l\u1ea1nh, ph\u00f9 h\u1ee3p d\u00e2y chuy\u1ec1n c\u00f4ng nghi\u1ec7p v\u00e0 s\u1ea3n l\u01b0\u1ee3ng l\u1edbn.<\/span><\/span><\/li>\n<li><span style=\"color: #000000; font-family: arial, helvetica, sans-serif;\"><b> Kh\u00e1ch s\u1ea1n \u2013 Nh\u00e0 h\u00e0ng \u2013 Caf\u00e9:<\/b><span style=\"font-weight: 400;\"> B\u01a1 \u0111\u00f4ng l\u1ea1nh\/puree ph\u1ee5c v\u1ee5 ch\u1ebf bi\u1ebfn m\u00f3n tr\u00e1ng mi\u1ec7ng, smoothie bowls, trang tr\u00ed m\u00f3n \u0103n v\u00e0 c\u00e1c m\u00f3n \u0111\u1eb7c s\u1ea3n theo m\u00f9a.<\/span><\/span><\/li>\n<li><span style=\"color: #000000; font-family: arial, helvetica, sans-serif;\"><b> OEM \u2013 Nh\u00e3n hi\u1ec7u ri\u00eang:<\/b><span style=\"font-weight: 400;\"> Cung c\u1ea5p c\u00e1c d\u1ea1ng IQF cho doanh nghi\u1ec7p s\u1ea3n xu\u1ea5t nh\u00e3n hi\u1ec7u ri\u00eang (OEM\/Private Label), \u0111\u00e1p \u1ee9ng c\u00e1c y\u00eau c\u1ea7u v\u1ec1 ch\u1ea5t l\u01b0\u1ee3ng, \u0111\u00f3ng g\u00f3i v\u00e0 ti\u00eau chu\u1ea9n xu\u1ea5t kh\u1ea9u.<\/span><\/span><\/li>\n<\/ul>\n<h3><span style=\"color: #000000; font-family: arial, helvetica, sans-serif;\">TH\u00d4NG TIN LI\u00caN H\u1ec6:<\/span><\/h3>\n<p><span style=\"color: #000000;\">Email:<\/span>\u00a0<a href=\"mailto:sales@hunghau.vn\">sales@hunghau.vn<\/a><br \/>\n<span style=\"color: #000000;\">Hotline: (+84)79 721 3333\u00a0<\/span><\/p>\n<p><span style=\"color: #000000;\">Email:<\/span>\u00a0\u00a0<a href=\"mailto:Anna@hunghau.vn\">hana@hunghau.vn<\/a><br \/>\n<span style=\"color: #000000;\">Hotline: (+84)79 721 3333\u00a0<\/span><\/p>\n<p><span style=\"color: #000000;\">Email:<\/span>\u00a0<a href=\"mailto:yenn@hunghau.vn\">yenn@hunghau.vn<\/a><br \/>\n<span style=\"color: #000000;\">Hotline: (+84)78 520 3333<\/span><\/p>\n<p><span style=\"color: #000000;\"><span style=\"font-weight: 400;\">LinkedIn:<\/span><span style=\"color: #333399;\"><a style=\"color: #333399;\" href=\"https:\/\/lnkd.in\/g_KkBKHf\"><span style=\"font-weight: 400;\"> https:\/\/lnkd.in\/g_KkBKHf<\/span><\/a><\/span><\/span><\/p>\n<p><span style=\"color: #000000; font-family: arial, helvetica, sans-serif;\"><b>C\u00f4ng ty C\u1ed5 ph\u1ea7n Th\u1ef1c ph\u1ea9m H\u00f9ng H\u1eadu (HungHau Foods)<\/b><\/span><\/p>\n<p><span style=\"font-family: arial, helvetica, sans-serif;\"><strong><span style=\"color: #000000;\">\u0110\u1ecba ch\u1ec9: 642 \u00c2u C\u01a1, Ph\u01b0\u1eddng B\u1ea3y Hi\u1ec1n, Th\u00e0nh Ph\u1ed1 H\u1ed3 Ch\u00ed Minh<\/span><\/strong><\/span><\/p>\n<p><span style=\"color: #000000; font-family: arial, helvetica, sans-serif;\"><b>Nh\u00e0 xu\u1ea5t kh\u1ea9u n\u00f4ng s\u1ea3n &#8211; Nh\u00e0 cung \u1ee9ng tr\u00e1i c\u00e2y &amp; rau c\u1ee7 \u0111\u00f4ng l\u1ea1nh t\u1ea1i Vi\u1ec7t Nam.<\/b><\/span><\/p>\n","protected":false},"excerpt":{"rendered":"<table>\n<tbody>\n<tr>\n<td><span style=\"color: #1755ad;\"><strong>Lo\u1ea1i<\/strong><\/span><\/td>\n<td><span style=\"color: #000000;\">C\u1eaft dice, n\u1eeda qu\u1ea3, c\u1eaft l\u00e1t, puree \u2026ho\u1eb7c theo y\u00eau c\u1ea7u kh\u00e1ch h\u00e0ng.<\/span><\/td>\n<\/tr>\n<tr>\n<td><span style=\"color: #1755ad;\"><strong>M\u00f9a v\u1ee5 ch\u00ednh<\/strong><\/span><\/td>\n<td><span style=\"color: #000000;\">Th\u00e1ng 06-07-08-09-10\u00a0<\/span><\/td>\n<\/tr>\n<tr>\n<td><span style=\"color: #1755ad;\"><strong>Quy c\u00e1ch<\/strong><\/span><\/td>\n<td><span style=\"color: #000000;\">10kg\/t\u00fai ho\u1eb7c t\u00f9y theo y\u00eau c\u1ea7u kh\u00e1ch h\u00e0ng<\/span><\/td>\n<\/tr>\n<tr>\n<td><span style=\"color: #1755ad;\"><strong>\u0110i\u1ec1u ki\u1ec7n<\/strong><\/span><\/td>\n<td><span style=\"color: #000000;\">-18 \u0111\u1ed9<\/span><\/td>\n<\/tr>\n<tr>\n<td><span style=\"color: #1755ad;\"><b>C\u00f4ng su\u1ea5t<\/b><\/span><\/td>\n<td><span style=\"color: #000000;\">500 t\u1ea5n h\u00e0ng n\u0103m<\/span><\/td>\n<\/tr>\n<tr>\n<td><span style=\"color: #1755ad;\"><b>Th\u1eddi h\u1ea1n s\u1eed d\u1ee5ng<\/b><\/span><\/td>\n<td><span style=\"color: #000000;\">24 th\u00e1ng<\/span><\/td>\n<\/tr>\n<\/tbody>\n<\/table>\n","protected":false},"featured_media":22410,"comment_status":"closed","ping_status":"closed","template":"","meta":[],"product_brand":[],"product_cat":[99],"product_tag":[],"class_list":{"0":"post-22409","1":"product","2":"type-product","3":"status-publish","4":"has-post-thumbnail","6":"product_cat-rau-cu-qua-dong-lanh","8":"first","9":"instock","10":"shipping-taxable","11":"product-type-simple"},"_links":{"self":[{"href":"https:\/\/hfoods.vn\/vi\/wp-json\/wp\/v2\/product\/22409","targetHints":{"allow":["GET"]}}],"collection":[{"href":"https:\/\/hfoods.vn\/vi\/wp-json\/wp\/v2\/product"}],"about":[{"href":"https:\/\/hfoods.vn\/vi\/wp-json\/wp\/v2\/types\/product"}],"replies":[{"embeddable":true,"href":"https:\/\/hfoods.vn\/vi\/wp-json\/wp\/v2\/comments?post=22409"}],"wp:featuredmedia":[{"embeddable":true,"href":"https:\/\/hfoods.vn\/vi\/wp-json\/wp\/v2\/media\/22410"}],"wp:attachment":[{"href":"https:\/\/hfoods.vn\/vi\/wp-json\/wp\/v2\/media?parent=22409"}],"wp:term":[{"taxonomy":"product_brand","embeddable":true,"href":"https:\/\/hfoods.vn\/vi\/wp-json\/wp\/v2\/product_brand?post=22409"},{"taxonomy":"product_cat","embeddable":true,"href":"https:\/\/hfoods.vn\/vi\/wp-json\/wp\/v2\/product_cat?post=22409"},{"taxonomy":"product_tag","embeddable":true,"href":"https:\/\/hfoods.vn\/vi\/wp-json\/wp\/v2\/product_tag?post=22409"}],"curies":[{"name":"wp","href":"https:\/\/api.w.org\/{rel}","templated":true}]}}